{"id":5991,"date":"2025-01-13T13:29:17","date_gmt":"2025-01-13T13:29:17","guid":{"rendered":"https:\/\/aivlisoft.com\/?post_type=product&#038;p=5991"},"modified":"2025-01-14T10:22:43","modified_gmt":"2025-01-14T10:22:43","slug":"d-link-das-b-3ysbd-cat-a-plata-9x5x4-horas-3a","status":"publish","type":"product","link":"https:\/\/aivlisoft.net\/shop\/producto\/d-link-das-b-3ysbd-cat-a-plata-9x5x4-horas-3a\/","title":{"rendered":"D-Link DAS-B-3YSBD Cat A Plata 9x5x4 Horas 3A"},"content":{"rendered":"<p>D-Link Assist es un servicio t&eacute;cnico de respuesta r&aacute;pida las 24 horas al d&iacute;a, que reemplaza el equipo averiado de forma r&aacute;pida y efectiva. Maximiza la disponibilidad y le da la confianza de disponer de un equipo de sustituci&oacute;n al instante con s&oacute;lo realizar una llamada telef&oacute;nica.<\/p>\n<p>D-Link Assist Silver, respuesta r&aacute;pida en el mismo d&iacute;a<\/p>\n<p>D-Link Assist Silver est&aacute; dise&ntilde;ado para entornos de alta disponibilidad que requieren una r&aacute;pida respuesta durante el horario laboral. Proporciona respuesta en cuatro horas de lunes a viernes de 8am a 5pm, excluyendo fines de semana y festivos<\/p>\n<p>Este nivel de servicio tiene validez de 3 a&ntilde;os, respuesta en el mismo d&iacute;a laboral en cuatro horas, excluyendo festivos y fines de semana.<\/p>\n","protected":false},"excerpt":{"rendered":"<p>D-Link Assist es un servicio t&eacute;cnico de respuesta r&aacute;pida las 24 horas al d&iacute;a, que reemplaza el equipo averiado de forma r&aacute;pida y efectiva. Maximiza la disponibilidad y le da la confianza de disponer de un equipo de sustituci&oacute;n al instante con s&oacute;lo realizar una llamada telef&oacute;nica. D-Link Assist Silver, respuesta r&aacute;pida en el mismo&hellip;&nbsp;<a href=\"https:\/\/aivlisoft.net\/shop\/producto\/d-link-das-b-3ysbd-cat-a-plata-9x5x4-horas-3a\/\" rel=\"bookmark\"><span class=\"screen-reader-text\">D-Link DAS-B-3YSBD Cat A Plata 9x5x4 Horas 3A<\/span><\/a><\/p>\n","protected":false},"featured_media":5992,"template":"","meta":{"neve_meta_sidebar":"","neve_meta_container":"","neve_meta_enable_content_width":"","neve_meta_content_width":0,"neve_meta_title_alignment":"","neve_meta_author_avatar":"","neve_post_elements_order":"","neve_meta_disable_header":"","neve_meta_disable_footer":"","neve_meta_disable_title":""},"product_brand":[],"product_cat":[8704],"product_tag":[1895],"class_list":{"0":"post-5991","1":"product","2":"type-product","3":"status-publish","4":"has-post-thumbnail","6":"product_cat-asistencia-y-soporte-redes","7":"product_tag-das-b-3ysbd","9":"first","10":"instock","11":"taxable","12":"shipping-taxable","13":"purchasable","14":"product-type-simple"},"yoast_head":"<!-- This site is optimized with the Yoast SEO plugin v26.0 - https:\/\/yoast.com\/wordpress\/plugins\/seo\/ -->\n<title>D-Link DAS-B-3YSBD Cat A Plata 9x5x4 Horas 3A - Aivlisoft Inform\u00e1tica<\/title>\n<meta name=\"robots\" content=\"index, follow, max-snippet:-1, max-image-preview:large, max-video-preview:-1\" \/>\n<link rel=\"canonical\" href=\"https:\/\/aivlisoft.net\/shop\/producto\/d-link-das-b-3ysbd-cat-a-plata-9x5x4-horas-3a\/\" \/>\n<meta property=\"og:locale\" content=\"es_ES\" \/>\n<meta property=\"og:type\" content=\"article\" \/>\n<meta property=\"og:title\" content=\"D-Link DAS-B-3YSBD Cat A Plata 9x5x4 Horas 3A - Aivlisoft Inform\u00e1tica\" \/>\n<meta property=\"og:description\" content=\"D-Link Assist es un servicio t&eacute;cnico de respuesta r&aacute;pida las 24 horas al d&iacute;a, que reemplaza el equipo averiado de forma r&aacute;pida y efectiva. Maximiza la disponibilidad y le da la confianza de disponer de un equipo de sustituci&oacute;n al instante con s&oacute;lo realizar una llamada telef&oacute;nica. D-Link Assist Silver, respuesta r&aacute;pida en el mismo&hellip;&nbsp;D-Link DAS-B-3YSBD Cat A Plata 9x5x4 Horas 3A\" \/>\n<meta property=\"og:url\" content=\"https:\/\/aivlisoft.net\/shop\/producto\/d-link-das-b-3ysbd-cat-a-plata-9x5x4-horas-3a\/\" \/>\n<meta property=\"og:site_name\" content=\"Aivlisoft Inform\u00e1tica\" \/>\n<meta property=\"article:modified_time\" content=\"2025-01-14T10:22:43+00:00\" \/>\n<meta property=\"og:image\" content=\"https:\/\/aivlisoft.net\/shop\/wp-content\/uploads\/2025\/01\/ANEASR0010_large-1.jpg\" \/>\n\t<meta property=\"og:image:width\" content=\"400\" \/>\n\t<meta property=\"og:image:height\" content=\"400\" \/>\n\t<meta property=\"og:image:type\" content=\"image\/jpeg\" \/>\n<meta name=\"twitter:card\" content=\"summary_large_image\" \/>\n<meta name=\"twitter:label1\" content=\"Tiempo de lectura\" \/>\n\t<meta name=\"twitter:data1\" content=\"1 minuto\" \/>\n<script type=\"application\/ld+json\" class=\"yoast-schema-graph\">{\"@context\":\"https:\/\/schema.org\",\"@graph\":[{\"@type\":\"WebPage\",\"@id\":\"https:\/\/aivlisoft.net\/shop\/producto\/d-link-das-b-3ysbd-cat-a-plata-9x5x4-horas-3a\/\",\"url\":\"https:\/\/aivlisoft.net\/shop\/producto\/d-link-das-b-3ysbd-cat-a-plata-9x5x4-horas-3a\/\",\"name\":\"D-Link DAS-B-3YSBD Cat A Plata 9x5x4 Horas 3A - Aivlisoft Inform\u00e1tica\",\"isPartOf\":{\"@id\":\"https:\/\/aivlisoft.net\/shop\/#website\"},\"primaryImageOfPage\":{\"@id\":\"https:\/\/aivlisoft.net\/shop\/producto\/d-link-das-b-3ysbd-cat-a-plata-9x5x4-horas-3a\/#primaryimage\"},\"image\":{\"@id\":\"https:\/\/aivlisoft.net\/shop\/producto\/d-link-das-b-3ysbd-cat-a-plata-9x5x4-horas-3a\/#primaryimage\"},\"thumbnailUrl\":\"https:\/\/aivlisoft.net\/shop\/wp-content\/uploads\/2025\/01\/ANEASR0010_large-1.jpg\",\"datePublished\":\"2025-01-13T13:29:17+00:00\",\"dateModified\":\"2025-01-14T10:22:43+00:00\",\"breadcrumb\":{\"@id\":\"https:\/\/aivlisoft.net\/shop\/producto\/d-link-das-b-3ysbd-cat-a-plata-9x5x4-horas-3a\/#breadcrumb\"},\"inLanguage\":\"es\",\"potentialAction\":[{\"@type\":\"ReadAction\",\"target\":[\"https:\/\/aivlisoft.net\/shop\/producto\/d-link-das-b-3ysbd-cat-a-plata-9x5x4-horas-3a\/\"]}]},{\"@type\":\"ImageObject\",\"inLanguage\":\"es\",\"@id\":\"https:\/\/aivlisoft.net\/shop\/producto\/d-link-das-b-3ysbd-cat-a-plata-9x5x4-horas-3a\/#primaryimage\",\"url\":\"https:\/\/aivlisoft.net\/shop\/wp-content\/uploads\/2025\/01\/ANEASR0010_large-1.jpg\",\"contentUrl\":\"https:\/\/aivlisoft.net\/shop\/wp-content\/uploads\/2025\/01\/ANEASR0010_large-1.jpg\",\"width\":400,\"height\":400},{\"@type\":\"BreadcrumbList\",\"@id\":\"https:\/\/aivlisoft.net\/shop\/producto\/d-link-das-b-3ysbd-cat-a-plata-9x5x4-horas-3a\/#breadcrumb\",\"itemListElement\":[{\"@type\":\"ListItem\",\"position\":1,\"name\":\"Portada\",\"item\":\"https:\/\/aivlisoft.net\/shop\/\"},{\"@type\":\"ListItem\",\"position\":2,\"name\":\"Tienda\",\"item\":\"https:\/\/aivlisoft.net\/shop\/tienda\/\"},{\"@type\":\"ListItem\",\"position\":3,\"name\":\"D-Link DAS-B-3YSBD Cat A Plata 9x5x4 Horas 3A\"}]},{\"@type\":\"WebSite\",\"@id\":\"https:\/\/aivlisoft.net\/shop\/#website\",\"url\":\"https:\/\/aivlisoft.net\/shop\/\",\"name\":\"Aivlisoft Inform\u00e1tica\",\"description\":\"En Aivlisoft Inform\u00e1tica ofrecemos soluciones tecnol\u00f3gicas para empresas: venta de ordenadores, consumibles, perif\u00e9ricos y m\u00e1s. Calidad, atenci\u00f3n personalizada y los mejores precios para tu negocio.\",\"publisher\":{\"@id\":\"https:\/\/aivlisoft.net\/shop\/#organization\"},\"potentialAction\":[{\"@type\":\"SearchAction\",\"target\":{\"@type\":\"EntryPoint\",\"urlTemplate\":\"https:\/\/aivlisoft.net\/shop\/?s={search_term_string}\"},\"query-input\":{\"@type\":\"PropertyValueSpecification\",\"valueRequired\":true,\"valueName\":\"search_term_string\"}}],\"inLanguage\":\"es\"},{\"@type\":\"Organization\",\"@id\":\"https:\/\/aivlisoft.net\/shop\/#organization\",\"name\":\"Aivlisoft Inform\u00e1tica\",\"url\":\"https:\/\/aivlisoft.net\/shop\/\",\"logo\":{\"@type\":\"ImageObject\",\"inLanguage\":\"es\",\"@id\":\"https:\/\/aivlisoft.net\/shop\/#\/schema\/logo\/image\/\",\"url\":\"https:\/\/aivlisoft.net\/shop\/wp-content\/uploads\/2024\/12\/removal.ai_5b848c54-0cdf-4140-95c5-c5536bb7573b-logodef.png\",\"contentUrl\":\"https:\/\/aivlisoft.net\/shop\/wp-content\/uploads\/2024\/12\/removal.ai_5b848c54-0cdf-4140-95c5-c5536bb7573b-logodef.png\",\"width\":484,\"height\":182,\"caption\":\"Aivlisoft Inform\u00e1tica\"},\"image\":{\"@id\":\"https:\/\/aivlisoft.net\/shop\/#\/schema\/logo\/image\/\"}}]}<\/script>\n<!-- \/ Yoast SEO plugin. -->","yoast_head_json":{"title":"D-Link DAS-B-3YSBD Cat A Plata 9x5x4 Horas 3A - Aivlisoft Inform\u00e1tica","robots":{"index":"index","follow":"follow","max-snippet":"max-snippet:-1","max-image-preview":"max-image-preview:large","max-video-preview":"max-video-preview:-1"},"canonical":"https:\/\/aivlisoft.net\/shop\/producto\/d-link-das-b-3ysbd-cat-a-plata-9x5x4-horas-3a\/","og_locale":"es_ES","og_type":"article","og_title":"D-Link DAS-B-3YSBD Cat A Plata 9x5x4 Horas 3A - Aivlisoft Inform\u00e1tica","og_description":"D-Link Assist es un servicio t&eacute;cnico de respuesta r&aacute;pida las 24 horas al d&iacute;a, que reemplaza el equipo averiado de forma r&aacute;pida y efectiva. Maximiza la disponibilidad y le da la confianza de disponer de un equipo de sustituci&oacute;n al instante con s&oacute;lo realizar una llamada telef&oacute;nica. D-Link Assist Silver, respuesta r&aacute;pida en el mismo&hellip;&nbsp;D-Link DAS-B-3YSBD Cat A Plata 9x5x4 Horas 3A","og_url":"https:\/\/aivlisoft.net\/shop\/producto\/d-link-das-b-3ysbd-cat-a-plata-9x5x4-horas-3a\/","og_site_name":"Aivlisoft Inform\u00e1tica","article_modified_time":"2025-01-14T10:22:43+00:00","og_image":[{"width":400,"height":400,"url":"https:\/\/aivlisoft.net\/shop\/wp-content\/uploads\/2025\/01\/ANEASR0010_large-1.jpg","type":"image\/jpeg"}],"twitter_card":"summary_large_image","twitter_misc":{"Tiempo de lectura":"1 minuto"},"schema":{"@context":"https:\/\/schema.org","@graph":[{"@type":"WebPage","@id":"https:\/\/aivlisoft.net\/shop\/producto\/d-link-das-b-3ysbd-cat-a-plata-9x5x4-horas-3a\/","url":"https:\/\/aivlisoft.net\/shop\/producto\/d-link-das-b-3ysbd-cat-a-plata-9x5x4-horas-3a\/","name":"D-Link DAS-B-3YSBD Cat A Plata 9x5x4 Horas 3A - Aivlisoft Inform\u00e1tica","isPartOf":{"@id":"https:\/\/aivlisoft.net\/shop\/#website"},"primaryImageOfPage":{"@id":"https:\/\/aivlisoft.net\/shop\/producto\/d-link-das-b-3ysbd-cat-a-plata-9x5x4-horas-3a\/#primaryimage"},"image":{"@id":"https:\/\/aivlisoft.net\/shop\/producto\/d-link-das-b-3ysbd-cat-a-plata-9x5x4-horas-3a\/#primaryimage"},"thumbnailUrl":"https:\/\/aivlisoft.net\/shop\/wp-content\/uploads\/2025\/01\/ANEASR0010_large-1.jpg","datePublished":"2025-01-13T13:29:17+00:00","dateModified":"2025-01-14T10:22:43+00:00","breadcrumb":{"@id":"https:\/\/aivlisoft.net\/shop\/producto\/d-link-das-b-3ysbd-cat-a-plata-9x5x4-horas-3a\/#breadcrumb"},"inLanguage":"es","potentialAction":[{"@type":"ReadAction","target":["https:\/\/aivlisoft.net\/shop\/producto\/d-link-das-b-3ysbd-cat-a-plata-9x5x4-horas-3a\/"]}]},{"@type":"ImageObject","inLanguage":"es","@id":"https:\/\/aivlisoft.net\/shop\/producto\/d-link-das-b-3ysbd-cat-a-plata-9x5x4-horas-3a\/#primaryimage","url":"https:\/\/aivlisoft.net\/shop\/wp-content\/uploads\/2025\/01\/ANEASR0010_large-1.jpg","contentUrl":"https:\/\/aivlisoft.net\/shop\/wp-content\/uploads\/2025\/01\/ANEASR0010_large-1.jpg","width":400,"height":400},{"@type":"BreadcrumbList","@id":"https:\/\/aivlisoft.net\/shop\/producto\/d-link-das-b-3ysbd-cat-a-plata-9x5x4-horas-3a\/#breadcrumb","itemListElement":[{"@type":"ListItem","position":1,"name":"Portada","item":"https:\/\/aivlisoft.net\/shop\/"},{"@type":"ListItem","position":2,"name":"Tienda","item":"https:\/\/aivlisoft.net\/shop\/tienda\/"},{"@type":"ListItem","position":3,"name":"D-Link DAS-B-3YSBD Cat A Plata 9x5x4 Horas 3A"}]},{"@type":"WebSite","@id":"https:\/\/aivlisoft.net\/shop\/#website","url":"https:\/\/aivlisoft.net\/shop\/","name":"Aivlisoft Inform\u00e1tica","description":"En Aivlisoft Inform\u00e1tica ofrecemos soluciones tecnol\u00f3gicas para empresas: venta de ordenadores, consumibles, perif\u00e9ricos y m\u00e1s. Calidad, atenci\u00f3n personalizada y los mejores precios para tu negocio.","publisher":{"@id":"https:\/\/aivlisoft.net\/shop\/#organization"},"potentialAction":[{"@type":"SearchAction","target":{"@type":"EntryPoint","urlTemplate":"https:\/\/aivlisoft.net\/shop\/?s={search_term_string}"},"query-input":{"@type":"PropertyValueSpecification","valueRequired":true,"valueName":"search_term_string"}}],"inLanguage":"es"},{"@type":"Organization","@id":"https:\/\/aivlisoft.net\/shop\/#organization","name":"Aivlisoft Inform\u00e1tica","url":"https:\/\/aivlisoft.net\/shop\/","logo":{"@type":"ImageObject","inLanguage":"es","@id":"https:\/\/aivlisoft.net\/shop\/#\/schema\/logo\/image\/","url":"https:\/\/aivlisoft.net\/shop\/wp-content\/uploads\/2024\/12\/removal.ai_5b848c54-0cdf-4140-95c5-c5536bb7573b-logodef.png","contentUrl":"https:\/\/aivlisoft.net\/shop\/wp-content\/uploads\/2024\/12\/removal.ai_5b848c54-0cdf-4140-95c5-c5536bb7573b-logodef.png","width":484,"height":182,"caption":"Aivlisoft Inform\u00e1tica"},"image":{"@id":"https:\/\/aivlisoft.net\/shop\/#\/schema\/logo\/image\/"}}]}},"_links":{"self":[{"href":"https:\/\/aivlisoft.net\/shop\/wp-json\/wp\/v2\/product\/5991","targetHints":{"allow":["GET"]}}],"collection":[{"href":"https:\/\/aivlisoft.net\/shop\/wp-json\/wp\/v2\/product"}],"about":[{"href":"https:\/\/aivlisoft.net\/shop\/wp-json\/wp\/v2\/types\/product"}],"wp:featuredmedia":[{"embeddable":true,"href":"https:\/\/aivlisoft.net\/shop\/wp-json\/wp\/v2\/media\/5992"}],"wp:attachment":[{"href":"https:\/\/aivlisoft.net\/shop\/wp-json\/wp\/v2\/media?parent=5991"}],"wp:term":[{"taxonomy":"product_brand","embeddable":true,"href":"https:\/\/aivlisoft.net\/shop\/wp-json\/wp\/v2\/product_brand?post=5991"},{"taxonomy":"product_cat","embeddable":true,"href":"https:\/\/aivlisoft.net\/shop\/wp-json\/wp\/v2\/product_cat?post=5991"},{"taxonomy":"product_tag","embeddable":true,"href":"https:\/\/aivlisoft.net\/shop\/wp-json\/wp\/v2\/product_tag?post=5991"}],"curies":[{"name":"wp","href":"https:\/\/api.w.org\/{rel}","templated":true}]}}