{"id":5975,"date":"2025-01-13T13:29:09","date_gmt":"2025-01-13T13:29:09","guid":{"rendered":"https:\/\/aivlisoft.com\/?post_type=product&#038;p=5975"},"modified":"2025-01-14T10:22:35","modified_gmt":"2025-01-14T10:22:35","slug":"d-link-psm-12v-55-b-adaptador-12v-3a-psu","status":"publish","type":"product","link":"https:\/\/aivlisoft.net\/shop\/producto\/d-link-psm-12v-55-b-adaptador-12v-3a-psu\/","title":{"rendered":"D-Link PSM-12V-55-B Adaptador 12V 3A PSU"},"content":{"rendered":"<p><\/p>\n<table>\n<tbody>\n<tr>\n<td><strong>Marca<\/strong><\/td>\n<td>D-link<\/td>\n<\/tr>\n<tr>\n<td><strong>Modelo<\/strong><\/td>\n<td><strong>PSM-12V-55-B<\/strong><\/td>\n<\/tr>\n<tr>\n<td><strong>Caracteristicas<\/strong><\/td>\n<td>&#8211; 12V 3A PSU Accessory Black (Interchangeable Euro\/ UK plug)<br \/>&#8211; MPS Wall Mount Removable Type<br \/>&#8211; AC in 100V~240V (ES Level VI)<br \/>&#8211; DC output 12V\/3A<br \/>&#8211; DC cable length:1.1M UL2468 <br \/>&#8211; DC plug: 5.5&#215;2.1&#215;9.5mm&nbsp; (I-type)<br \/><strong>Valido para<\/strong><br \/>&#8211; DCS-6513<br \/>&#8211; DCS-6314<br \/>&#8211; DCS-6210<br \/>&#8211; DCS-7413<br \/>&#8211; DCS-7513<br \/>&#8211; DCS-7010L<br \/>&#8211; DCS-4701E<br \/>&#8211; DCS-4602EV<br \/>&#8211; DCS-4802E<br \/>&#8211; DCS-4603<br \/>&#8211; DCS-6010L<br \/>&#8211; DCS-6113<br \/>&#8211; DCS-3716<br \/>&#8211; DCS-6315<\/td>\n<\/tr>\n<tr>\n<td><strong>Fecha de revisi&ntilde;on<\/strong><\/td>\n<td>11-12-2017 por MSB<\/td>\n<\/tr>\n<\/tbody>\n<\/table>\n","protected":false},"excerpt":{"rendered":"<p>Marca D-link Modelo PSM-12V-55-B Caracteristicas &#8211; 12V 3A PSU Accessory Black (Interchangeable Euro\/ UK plug)&#8211; MPS Wall Mount Removable Type&#8211; AC in 100V~240V (ES Level VI)&#8211; DC output 12V\/3A&#8211; DC cable length:1.1M UL2468 &#8211; DC plug: 5.5&#215;2.1&#215;9.5mm&nbsp; (I-type)Valido para&#8211; DCS-6513&#8211; DCS-6314&#8211; DCS-6210&#8211; DCS-7413&#8211; DCS-7513&#8211; DCS-7010L&#8211; DCS-4701E&#8211; DCS-4602EV&#8211; DCS-4802E&#8211; DCS-4603&#8211; DCS-6010L&#8211; DCS-6113&#8211; DCS-3716&#8211; DCS-6315 Fecha de&hellip;&nbsp;<a href=\"https:\/\/aivlisoft.net\/shop\/producto\/d-link-psm-12v-55-b-adaptador-12v-3a-psu\/\" rel=\"bookmark\"><span class=\"screen-reader-text\">D-Link PSM-12V-55-B Adaptador 12V 3A PSU<\/span><\/a><\/p>\n","protected":false},"featured_media":5976,"template":"","meta":{"neve_meta_sidebar":"","neve_meta_container":"","neve_meta_enable_content_width":"","neve_meta_content_width":0,"neve_meta_title_alignment":"","neve_meta_author_avatar":"","neve_post_elements_order":"","neve_meta_disable_header":"","neve_meta_disable_footer":"","neve_meta_disable_title":""},"product_brand":[],"product_cat":[8703],"product_tag":[1886],"class_list":{"0":"post-5975","1":"product","2":"type-product","3":"status-publish","4":"has-post-thumbnail","6":"product_cat-cajas-y-f-a","7":"product_tag-psm-12v-55-b","9":"first","10":"instock","11":"taxable","12":"shipping-taxable","13":"purchasable","14":"product-type-simple"},"yoast_head":"<!-- This site is optimized with the Yoast SEO plugin v26.0 - https:\/\/yoast.com\/wordpress\/plugins\/seo\/ -->\n<title>D-Link PSM-12V-55-B Adaptador 12V 3A PSU - Aivlisoft Inform\u00e1tica<\/title>\n<meta name=\"robots\" content=\"index, follow, max-snippet:-1, max-image-preview:large, max-video-preview:-1\" \/>\n<link rel=\"canonical\" href=\"https:\/\/aivlisoft.net\/shop\/producto\/d-link-psm-12v-55-b-adaptador-12v-3a-psu\/\" \/>\n<meta property=\"og:locale\" content=\"es_ES\" \/>\n<meta property=\"og:type\" content=\"article\" \/>\n<meta property=\"og:title\" content=\"D-Link PSM-12V-55-B Adaptador 12V 3A PSU - Aivlisoft Inform\u00e1tica\" \/>\n<meta property=\"og:description\" content=\"Marca D-link Modelo PSM-12V-55-B Caracteristicas &#8211; 12V 3A PSU Accessory Black (Interchangeable Euro\/ UK plug)&#8211; MPS Wall Mount Removable Type&#8211; AC in 100V~240V (ES Level VI)&#8211; DC output 12V\/3A&#8211; DC cable length:1.1M UL2468 &#8211; DC plug: 5.5&#215;2.1&#215;9.5mm&nbsp; (I-type)Valido para&#8211; DCS-6513&#8211; DCS-6314&#8211; DCS-6210&#8211; DCS-7413&#8211; DCS-7513&#8211; DCS-7010L&#8211; DCS-4701E&#8211; DCS-4602EV&#8211; DCS-4802E&#8211; DCS-4603&#8211; DCS-6010L&#8211; DCS-6113&#8211; DCS-3716&#8211; DCS-6315 Fecha de&hellip;&nbsp;D-Link PSM-12V-55-B Adaptador 12V 3A PSU\" \/>\n<meta property=\"og:url\" content=\"https:\/\/aivlisoft.net\/shop\/producto\/d-link-psm-12v-55-b-adaptador-12v-3a-psu\/\" \/>\n<meta property=\"og:site_name\" content=\"Aivlisoft Inform\u00e1tica\" \/>\n<meta property=\"article:modified_time\" content=\"2025-01-14T10:22:35+00:00\" \/>\n<meta property=\"og:image\" content=\"https:\/\/aivlisoft.net\/shop\/wp-content\/uploads\/2025\/01\/ANEARC0018_800-1.jpg\" \/>\n\t<meta property=\"og:image:width\" content=\"800\" \/>\n\t<meta property=\"og:image:height\" content=\"800\" \/>\n\t<meta property=\"og:image:type\" content=\"image\/jpeg\" \/>\n<meta name=\"twitter:card\" content=\"summary_large_image\" \/>\n<script type=\"application\/ld+json\" class=\"yoast-schema-graph\">{\"@context\":\"https:\/\/schema.org\",\"@graph\":[{\"@type\":\"WebPage\",\"@id\":\"https:\/\/aivlisoft.net\/shop\/producto\/d-link-psm-12v-55-b-adaptador-12v-3a-psu\/\",\"url\":\"https:\/\/aivlisoft.net\/shop\/producto\/d-link-psm-12v-55-b-adaptador-12v-3a-psu\/\",\"name\":\"D-Link PSM-12V-55-B Adaptador 12V 3A PSU - Aivlisoft Inform\u00e1tica\",\"isPartOf\":{\"@id\":\"https:\/\/aivlisoft.net\/shop\/#website\"},\"primaryImageOfPage\":{\"@id\":\"https:\/\/aivlisoft.net\/shop\/producto\/d-link-psm-12v-55-b-adaptador-12v-3a-psu\/#primaryimage\"},\"image\":{\"@id\":\"https:\/\/aivlisoft.net\/shop\/producto\/d-link-psm-12v-55-b-adaptador-12v-3a-psu\/#primaryimage\"},\"thumbnailUrl\":\"https:\/\/aivlisoft.net\/shop\/wp-content\/uploads\/2025\/01\/ANEARC0018_800-1.jpg\",\"datePublished\":\"2025-01-13T13:29:09+00:00\",\"dateModified\":\"2025-01-14T10:22:35+00:00\",\"breadcrumb\":{\"@id\":\"https:\/\/aivlisoft.net\/shop\/producto\/d-link-psm-12v-55-b-adaptador-12v-3a-psu\/#breadcrumb\"},\"inLanguage\":\"es\",\"potentialAction\":[{\"@type\":\"ReadAction\",\"target\":[\"https:\/\/aivlisoft.net\/shop\/producto\/d-link-psm-12v-55-b-adaptador-12v-3a-psu\/\"]}]},{\"@type\":\"ImageObject\",\"inLanguage\":\"es\",\"@id\":\"https:\/\/aivlisoft.net\/shop\/producto\/d-link-psm-12v-55-b-adaptador-12v-3a-psu\/#primaryimage\",\"url\":\"https:\/\/aivlisoft.net\/shop\/wp-content\/uploads\/2025\/01\/ANEARC0018_800-1.jpg\",\"contentUrl\":\"https:\/\/aivlisoft.net\/shop\/wp-content\/uploads\/2025\/01\/ANEARC0018_800-1.jpg\",\"width\":800,\"height\":800},{\"@type\":\"BreadcrumbList\",\"@id\":\"https:\/\/aivlisoft.net\/shop\/producto\/d-link-psm-12v-55-b-adaptador-12v-3a-psu\/#breadcrumb\",\"itemListElement\":[{\"@type\":\"ListItem\",\"position\":1,\"name\":\"Portada\",\"item\":\"https:\/\/aivlisoft.net\/shop\/\"},{\"@type\":\"ListItem\",\"position\":2,\"name\":\"Tienda\",\"item\":\"https:\/\/aivlisoft.net\/shop\/tienda\/\"},{\"@type\":\"ListItem\",\"position\":3,\"name\":\"D-Link PSM-12V-55-B Adaptador 12V 3A PSU\"}]},{\"@type\":\"WebSite\",\"@id\":\"https:\/\/aivlisoft.net\/shop\/#website\",\"url\":\"https:\/\/aivlisoft.net\/shop\/\",\"name\":\"Aivlisoft Inform\u00e1tica\",\"description\":\"En Aivlisoft Inform\u00e1tica ofrecemos soluciones tecnol\u00f3gicas para empresas: venta de ordenadores, consumibles, perif\u00e9ricos y m\u00e1s. Calidad, atenci\u00f3n personalizada y los mejores precios para tu negocio.\",\"publisher\":{\"@id\":\"https:\/\/aivlisoft.net\/shop\/#organization\"},\"potentialAction\":[{\"@type\":\"SearchAction\",\"target\":{\"@type\":\"EntryPoint\",\"urlTemplate\":\"https:\/\/aivlisoft.net\/shop\/?s={search_term_string}\"},\"query-input\":{\"@type\":\"PropertyValueSpecification\",\"valueRequired\":true,\"valueName\":\"search_term_string\"}}],\"inLanguage\":\"es\"},{\"@type\":\"Organization\",\"@id\":\"https:\/\/aivlisoft.net\/shop\/#organization\",\"name\":\"Aivlisoft Inform\u00e1tica\",\"url\":\"https:\/\/aivlisoft.net\/shop\/\",\"logo\":{\"@type\":\"ImageObject\",\"inLanguage\":\"es\",\"@id\":\"https:\/\/aivlisoft.net\/shop\/#\/schema\/logo\/image\/\",\"url\":\"https:\/\/aivlisoft.net\/shop\/wp-content\/uploads\/2024\/12\/removal.ai_5b848c54-0cdf-4140-95c5-c5536bb7573b-logodef.png\",\"contentUrl\":\"https:\/\/aivlisoft.net\/shop\/wp-content\/uploads\/2024\/12\/removal.ai_5b848c54-0cdf-4140-95c5-c5536bb7573b-logodef.png\",\"width\":484,\"height\":182,\"caption\":\"Aivlisoft Inform\u00e1tica\"},\"image\":{\"@id\":\"https:\/\/aivlisoft.net\/shop\/#\/schema\/logo\/image\/\"}}]}<\/script>\n<!-- \/ Yoast SEO plugin. -->","yoast_head_json":{"title":"D-Link PSM-12V-55-B Adaptador 12V 3A PSU - Aivlisoft Inform\u00e1tica","robots":{"index":"index","follow":"follow","max-snippet":"max-snippet:-1","max-image-preview":"max-image-preview:large","max-video-preview":"max-video-preview:-1"},"canonical":"https:\/\/aivlisoft.net\/shop\/producto\/d-link-psm-12v-55-b-adaptador-12v-3a-psu\/","og_locale":"es_ES","og_type":"article","og_title":"D-Link PSM-12V-55-B Adaptador 12V 3A PSU - Aivlisoft Inform\u00e1tica","og_description":"Marca D-link Modelo PSM-12V-55-B Caracteristicas &#8211; 12V 3A PSU Accessory Black (Interchangeable Euro\/ UK plug)&#8211; MPS Wall Mount Removable Type&#8211; AC in 100V~240V (ES Level VI)&#8211; DC output 12V\/3A&#8211; DC cable length:1.1M UL2468 &#8211; DC plug: 5.5&#215;2.1&#215;9.5mm&nbsp; (I-type)Valido para&#8211; DCS-6513&#8211; DCS-6314&#8211; DCS-6210&#8211; DCS-7413&#8211; DCS-7513&#8211; DCS-7010L&#8211; DCS-4701E&#8211; DCS-4602EV&#8211; DCS-4802E&#8211; DCS-4603&#8211; DCS-6010L&#8211; DCS-6113&#8211; DCS-3716&#8211; DCS-6315 Fecha de&hellip;&nbsp;D-Link PSM-12V-55-B Adaptador 12V 3A PSU","og_url":"https:\/\/aivlisoft.net\/shop\/producto\/d-link-psm-12v-55-b-adaptador-12v-3a-psu\/","og_site_name":"Aivlisoft Inform\u00e1tica","article_modified_time":"2025-01-14T10:22:35+00:00","og_image":[{"width":800,"height":800,"url":"https:\/\/aivlisoft.net\/shop\/wp-content\/uploads\/2025\/01\/ANEARC0018_800-1.jpg","type":"image\/jpeg"}],"twitter_card":"summary_large_image","schema":{"@context":"https:\/\/schema.org","@graph":[{"@type":"WebPage","@id":"https:\/\/aivlisoft.net\/shop\/producto\/d-link-psm-12v-55-b-adaptador-12v-3a-psu\/","url":"https:\/\/aivlisoft.net\/shop\/producto\/d-link-psm-12v-55-b-adaptador-12v-3a-psu\/","name":"D-Link PSM-12V-55-B Adaptador 12V 3A PSU - Aivlisoft Inform\u00e1tica","isPartOf":{"@id":"https:\/\/aivlisoft.net\/shop\/#website"},"primaryImageOfPage":{"@id":"https:\/\/aivlisoft.net\/shop\/producto\/d-link-psm-12v-55-b-adaptador-12v-3a-psu\/#primaryimage"},"image":{"@id":"https:\/\/aivlisoft.net\/shop\/producto\/d-link-psm-12v-55-b-adaptador-12v-3a-psu\/#primaryimage"},"thumbnailUrl":"https:\/\/aivlisoft.net\/shop\/wp-content\/uploads\/2025\/01\/ANEARC0018_800-1.jpg","datePublished":"2025-01-13T13:29:09+00:00","dateModified":"2025-01-14T10:22:35+00:00","breadcrumb":{"@id":"https:\/\/aivlisoft.net\/shop\/producto\/d-link-psm-12v-55-b-adaptador-12v-3a-psu\/#breadcrumb"},"inLanguage":"es","potentialAction":[{"@type":"ReadAction","target":["https:\/\/aivlisoft.net\/shop\/producto\/d-link-psm-12v-55-b-adaptador-12v-3a-psu\/"]}]},{"@type":"ImageObject","inLanguage":"es","@id":"https:\/\/aivlisoft.net\/shop\/producto\/d-link-psm-12v-55-b-adaptador-12v-3a-psu\/#primaryimage","url":"https:\/\/aivlisoft.net\/shop\/wp-content\/uploads\/2025\/01\/ANEARC0018_800-1.jpg","contentUrl":"https:\/\/aivlisoft.net\/shop\/wp-content\/uploads\/2025\/01\/ANEARC0018_800-1.jpg","width":800,"height":800},{"@type":"BreadcrumbList","@id":"https:\/\/aivlisoft.net\/shop\/producto\/d-link-psm-12v-55-b-adaptador-12v-3a-psu\/#breadcrumb","itemListElement":[{"@type":"ListItem","position":1,"name":"Portada","item":"https:\/\/aivlisoft.net\/shop\/"},{"@type":"ListItem","position":2,"name":"Tienda","item":"https:\/\/aivlisoft.net\/shop\/tienda\/"},{"@type":"ListItem","position":3,"name":"D-Link PSM-12V-55-B Adaptador 12V 3A PSU"}]},{"@type":"WebSite","@id":"https:\/\/aivlisoft.net\/shop\/#website","url":"https:\/\/aivlisoft.net\/shop\/","name":"Aivlisoft Inform\u00e1tica","description":"En Aivlisoft Inform\u00e1tica ofrecemos soluciones tecnol\u00f3gicas para empresas: venta de ordenadores, consumibles, perif\u00e9ricos y m\u00e1s. Calidad, atenci\u00f3n personalizada y los mejores precios para tu negocio.","publisher":{"@id":"https:\/\/aivlisoft.net\/shop\/#organization"},"potentialAction":[{"@type":"SearchAction","target":{"@type":"EntryPoint","urlTemplate":"https:\/\/aivlisoft.net\/shop\/?s={search_term_string}"},"query-input":{"@type":"PropertyValueSpecification","valueRequired":true,"valueName":"search_term_string"}}],"inLanguage":"es"},{"@type":"Organization","@id":"https:\/\/aivlisoft.net\/shop\/#organization","name":"Aivlisoft Inform\u00e1tica","url":"https:\/\/aivlisoft.net\/shop\/","logo":{"@type":"ImageObject","inLanguage":"es","@id":"https:\/\/aivlisoft.net\/shop\/#\/schema\/logo\/image\/","url":"https:\/\/aivlisoft.net\/shop\/wp-content\/uploads\/2024\/12\/removal.ai_5b848c54-0cdf-4140-95c5-c5536bb7573b-logodef.png","contentUrl":"https:\/\/aivlisoft.net\/shop\/wp-content\/uploads\/2024\/12\/removal.ai_5b848c54-0cdf-4140-95c5-c5536bb7573b-logodef.png","width":484,"height":182,"caption":"Aivlisoft Inform\u00e1tica"},"image":{"@id":"https:\/\/aivlisoft.net\/shop\/#\/schema\/logo\/image\/"}}]}},"_links":{"self":[{"href":"https:\/\/aivlisoft.net\/shop\/wp-json\/wp\/v2\/product\/5975","targetHints":{"allow":["GET"]}}],"collection":[{"href":"https:\/\/aivlisoft.net\/shop\/wp-json\/wp\/v2\/product"}],"about":[{"href":"https:\/\/aivlisoft.net\/shop\/wp-json\/wp\/v2\/types\/product"}],"wp:featuredmedia":[{"embeddable":true,"href":"https:\/\/aivlisoft.net\/shop\/wp-json\/wp\/v2\/media\/5976"}],"wp:attachment":[{"href":"https:\/\/aivlisoft.net\/shop\/wp-json\/wp\/v2\/media?parent=5975"}],"wp:term":[{"taxonomy":"product_brand","embeddable":true,"href":"https:\/\/aivlisoft.net\/shop\/wp-json\/wp\/v2\/product_brand?post=5975"},{"taxonomy":"product_cat","embeddable":true,"href":"https:\/\/aivlisoft.net\/shop\/wp-json\/wp\/v2\/product_cat?post=5975"},{"taxonomy":"product_tag","embeddable":true,"href":"https:\/\/aivlisoft.net\/shop\/wp-json\/wp\/v2\/product_tag?post=5975"}],"curies":[{"name":"wp","href":"https:\/\/api.w.org\/{rel}","templated":true}]}}