{"id":5954,"date":"2025-01-13T13:28:58","date_gmt":"2025-01-13T13:28:58","guid":{"rendered":"https:\/\/aivlisoft.com\/?post_type=product&#038;p=5954"},"modified":"2025-01-14T10:22:26","modified_gmt":"2025-01-14T10:22:26","slug":"delock-cable-rj11-macho-a-rj11-hembra-con-tapa","status":"publish","type":"product","link":"https:\/\/aivlisoft.net\/shop\/producto\/delock-cable-rj11-macho-a-rj11-hembra-con-tapa\/","title":{"rendered":"Delock Cable RJ11 macho a RJ11 hembra con tapa"},"content":{"rendered":"<p><\/p>\n<table class=\"tabla_caracteristicas\" width=\"100%\">\n<tr>\n<td valign=\"top\" width=\"35%\"><b>Marca<\/b><\/td>\n<td valign=\"top\" width=\"65%\">DELOCK<\/td>\n<\/tr>\n<tr>\n<td valign=\"top\" width=\"35%\"><b>Modelo<\/b><\/td>\n<td valign=\"top\" width=\"65%\"><strong>88009<\/strong><\/td>\n<\/tr>\n<tr>\n<td valign=\"top\" width=\"35%\"><strong>Conectores<\/strong><\/td>\n<td valign=\"top\" width=\"65%\">\n<div>&#8211; 1 x RJ12 macho<br \/>\t\t\t&#8211; 1 x RJ12 hembra<br \/>\t\t\t&#8211; Conexi&oacute;n 1:1<\/div>\n<\/td>\n<\/tr>\n<tr>\n<td valign=\"top\" width=\"35%\"><b>Caracter&iacute;sticas<\/b><\/td>\n<td valign=\"top\" width=\"65%\">\n<div>&#8211; Valor normalizado del cable: 26 AWG<br \/>\t\t\t&#8211; Cable plano<br \/>\t\t\t&#8211; Material: PVC<br \/>\t\t\t&#8211; Requisitos del sistema: Un puerto RJ12 disponible<br \/>\t\t\t<strong>Dimensiones<\/strong><br \/>\t\t\t&#8211; 6,8 x 2,4 mm<br \/>\t\t\t&#8211; Longitud del cable: aprox. 20 cm<br \/>\t\t\t<strong>Contenido<\/strong><br \/>\t\t\t&#8211; Cable RJ12<\/div>\n<\/td>\n<\/tr>\n<tr>\n<td valign=\"top\" width=\"35%\"><b>Fecha de revisi&oacute;n<\/b><\/td>\n<td valign=\"top\" width=\"65%\">19-11-2024 por RTY<\/td>\n<\/tr>\n<\/table>\n","protected":false},"excerpt":{"rendered":"<p>Marca DELOCK Modelo 88009 Conectores &#8211; 1 x RJ12 macho &#8211; 1 x RJ12 hembra &#8211; Conexi&oacute;n 1:1 Caracter&iacute;sticas &#8211; Valor normalizado del cable: 26 AWG &#8211; Cable plano &#8211; Material: PVC &#8211; Requisitos del sistema: Un puerto RJ12 disponible Dimensiones &#8211; 6,8 x 2,4 mm &#8211; Longitud del cable: aprox. 20 cm Contenido &#8211;&hellip;&nbsp;<a href=\"https:\/\/aivlisoft.net\/shop\/producto\/delock-cable-rj11-macho-a-rj11-hembra-con-tapa\/\" rel=\"bookmark\"><span class=\"screen-reader-text\">Delock Cable RJ11 macho a RJ11 hembra con tapa<\/span><\/a><\/p>\n","protected":false},"featured_media":5955,"template":"","meta":{"neve_meta_sidebar":"","neve_meta_container":"","neve_meta_enable_content_width":"","neve_meta_content_width":0,"neve_meta_title_alignment":"","neve_meta_author_avatar":"","neve_post_elements_order":"","neve_meta_disable_header":"","neve_meta_disable_footer":"","neve_meta_disable_title":""},"product_brand":[],"product_cat":[8702],"product_tag":[1876],"class_list":{"0":"post-5954","1":"product","2":"type-product","3":"status-publish","4":"has-post-thumbnail","6":"product_cat-herramientasconectores-redes","7":"product_tag-1876","9":"first","10":"instock","11":"taxable","12":"shipping-taxable","13":"purchasable","14":"product-type-simple"},"yoast_head":"<!-- This site is optimized with the Yoast SEO plugin v26.0 - https:\/\/yoast.com\/wordpress\/plugins\/seo\/ -->\n<title>Delock Cable RJ11 macho a RJ11 hembra con tapa - Aivlisoft Inform\u00e1tica<\/title>\n<meta name=\"robots\" content=\"index, follow, max-snippet:-1, max-image-preview:large, max-video-preview:-1\" \/>\n<link rel=\"canonical\" href=\"https:\/\/aivlisoft.net\/shop\/producto\/delock-cable-rj11-macho-a-rj11-hembra-con-tapa\/\" \/>\n<meta property=\"og:locale\" content=\"es_ES\" \/>\n<meta property=\"og:type\" content=\"article\" \/>\n<meta property=\"og:title\" content=\"Delock Cable RJ11 macho a RJ11 hembra con tapa - Aivlisoft Inform\u00e1tica\" \/>\n<meta property=\"og:description\" content=\"Marca DELOCK Modelo 88009 Conectores &#8211; 1 x RJ12 macho &#8211; 1 x RJ12 hembra &#8211; Conexi&oacute;n 1:1 Caracter&iacute;sticas &#8211; Valor normalizado del cable: 26 AWG &#8211; Cable plano &#8211; Material: PVC &#8211; Requisitos del sistema: Un puerto RJ12 disponible Dimensiones &#8211; 6,8 x 2,4 mm &#8211; Longitud del cable: aprox. 20 cm Contenido &#8211;&hellip;&nbsp;Delock Cable RJ11 macho a RJ11 hembra con tapa\" \/>\n<meta property=\"og:url\" content=\"https:\/\/aivlisoft.net\/shop\/producto\/delock-cable-rj11-macho-a-rj11-hembra-con-tapa\/\" \/>\n<meta property=\"og:site_name\" content=\"Aivlisoft Inform\u00e1tica\" \/>\n<meta property=\"article:modified_time\" content=\"2025-01-14T10:22:26+00:00\" \/>\n<meta property=\"og:image\" content=\"https:\/\/aivlisoft.net\/shop\/wp-content\/uploads\/2025\/01\/ANEAHE0941_800-1.jpg\" \/>\n\t<meta property=\"og:image:width\" content=\"800\" \/>\n\t<meta property=\"og:image:height\" content=\"800\" \/>\n\t<meta property=\"og:image:type\" content=\"image\/jpeg\" \/>\n<meta name=\"twitter:card\" content=\"summary_large_image\" \/>\n<script type=\"application\/ld+json\" class=\"yoast-schema-graph\">{\"@context\":\"https:\/\/schema.org\",\"@graph\":[{\"@type\":\"WebPage\",\"@id\":\"https:\/\/aivlisoft.net\/shop\/producto\/delock-cable-rj11-macho-a-rj11-hembra-con-tapa\/\",\"url\":\"https:\/\/aivlisoft.net\/shop\/producto\/delock-cable-rj11-macho-a-rj11-hembra-con-tapa\/\",\"name\":\"Delock Cable RJ11 macho a RJ11 hembra con tapa - Aivlisoft Inform\u00e1tica\",\"isPartOf\":{\"@id\":\"https:\/\/aivlisoft.net\/shop\/#website\"},\"primaryImageOfPage\":{\"@id\":\"https:\/\/aivlisoft.net\/shop\/producto\/delock-cable-rj11-macho-a-rj11-hembra-con-tapa\/#primaryimage\"},\"image\":{\"@id\":\"https:\/\/aivlisoft.net\/shop\/producto\/delock-cable-rj11-macho-a-rj11-hembra-con-tapa\/#primaryimage\"},\"thumbnailUrl\":\"https:\/\/aivlisoft.net\/shop\/wp-content\/uploads\/2025\/01\/ANEAHE0941_800-1.jpg\",\"datePublished\":\"2025-01-13T13:28:58+00:00\",\"dateModified\":\"2025-01-14T10:22:26+00:00\",\"breadcrumb\":{\"@id\":\"https:\/\/aivlisoft.net\/shop\/producto\/delock-cable-rj11-macho-a-rj11-hembra-con-tapa\/#breadcrumb\"},\"inLanguage\":\"es\",\"potentialAction\":[{\"@type\":\"ReadAction\",\"target\":[\"https:\/\/aivlisoft.net\/shop\/producto\/delock-cable-rj11-macho-a-rj11-hembra-con-tapa\/\"]}]},{\"@type\":\"ImageObject\",\"inLanguage\":\"es\",\"@id\":\"https:\/\/aivlisoft.net\/shop\/producto\/delock-cable-rj11-macho-a-rj11-hembra-con-tapa\/#primaryimage\",\"url\":\"https:\/\/aivlisoft.net\/shop\/wp-content\/uploads\/2025\/01\/ANEAHE0941_800-1.jpg\",\"contentUrl\":\"https:\/\/aivlisoft.net\/shop\/wp-content\/uploads\/2025\/01\/ANEAHE0941_800-1.jpg\",\"width\":800,\"height\":800},{\"@type\":\"BreadcrumbList\",\"@id\":\"https:\/\/aivlisoft.net\/shop\/producto\/delock-cable-rj11-macho-a-rj11-hembra-con-tapa\/#breadcrumb\",\"itemListElement\":[{\"@type\":\"ListItem\",\"position\":1,\"name\":\"Portada\",\"item\":\"https:\/\/aivlisoft.net\/shop\/\"},{\"@type\":\"ListItem\",\"position\":2,\"name\":\"Tienda\",\"item\":\"https:\/\/aivlisoft.net\/shop\/tienda\/\"},{\"@type\":\"ListItem\",\"position\":3,\"name\":\"Delock Cable RJ11 macho a RJ11 hembra con tapa\"}]},{\"@type\":\"WebSite\",\"@id\":\"https:\/\/aivlisoft.net\/shop\/#website\",\"url\":\"https:\/\/aivlisoft.net\/shop\/\",\"name\":\"Aivlisoft Inform\u00e1tica\",\"description\":\"En Aivlisoft Inform\u00e1tica ofrecemos soluciones tecnol\u00f3gicas para empresas: venta de ordenadores, consumibles, perif\u00e9ricos y m\u00e1s. Calidad, atenci\u00f3n personalizada y los mejores precios para tu negocio.\",\"publisher\":{\"@id\":\"https:\/\/aivlisoft.net\/shop\/#organization\"},\"potentialAction\":[{\"@type\":\"SearchAction\",\"target\":{\"@type\":\"EntryPoint\",\"urlTemplate\":\"https:\/\/aivlisoft.net\/shop\/?s={search_term_string}\"},\"query-input\":{\"@type\":\"PropertyValueSpecification\",\"valueRequired\":true,\"valueName\":\"search_term_string\"}}],\"inLanguage\":\"es\"},{\"@type\":\"Organization\",\"@id\":\"https:\/\/aivlisoft.net\/shop\/#organization\",\"name\":\"Aivlisoft Inform\u00e1tica\",\"url\":\"https:\/\/aivlisoft.net\/shop\/\",\"logo\":{\"@type\":\"ImageObject\",\"inLanguage\":\"es\",\"@id\":\"https:\/\/aivlisoft.net\/shop\/#\/schema\/logo\/image\/\",\"url\":\"https:\/\/aivlisoft.net\/shop\/wp-content\/uploads\/2024\/12\/removal.ai_5b848c54-0cdf-4140-95c5-c5536bb7573b-logodef.png\",\"contentUrl\":\"https:\/\/aivlisoft.net\/shop\/wp-content\/uploads\/2024\/12\/removal.ai_5b848c54-0cdf-4140-95c5-c5536bb7573b-logodef.png\",\"width\":484,\"height\":182,\"caption\":\"Aivlisoft Inform\u00e1tica\"},\"image\":{\"@id\":\"https:\/\/aivlisoft.net\/shop\/#\/schema\/logo\/image\/\"}}]}<\/script>\n<!-- \/ Yoast SEO plugin. -->","yoast_head_json":{"title":"Delock Cable RJ11 macho a RJ11 hembra con tapa - Aivlisoft Inform\u00e1tica","robots":{"index":"index","follow":"follow","max-snippet":"max-snippet:-1","max-image-preview":"max-image-preview:large","max-video-preview":"max-video-preview:-1"},"canonical":"https:\/\/aivlisoft.net\/shop\/producto\/delock-cable-rj11-macho-a-rj11-hembra-con-tapa\/","og_locale":"es_ES","og_type":"article","og_title":"Delock Cable RJ11 macho a RJ11 hembra con tapa - Aivlisoft Inform\u00e1tica","og_description":"Marca DELOCK Modelo 88009 Conectores &#8211; 1 x RJ12 macho &#8211; 1 x RJ12 hembra &#8211; Conexi&oacute;n 1:1 Caracter&iacute;sticas &#8211; Valor normalizado del cable: 26 AWG &#8211; Cable plano &#8211; Material: PVC &#8211; Requisitos del sistema: Un puerto RJ12 disponible Dimensiones &#8211; 6,8 x 2,4 mm &#8211; Longitud del cable: aprox. 20 cm Contenido &#8211;&hellip;&nbsp;Delock Cable RJ11 macho a RJ11 hembra con tapa","og_url":"https:\/\/aivlisoft.net\/shop\/producto\/delock-cable-rj11-macho-a-rj11-hembra-con-tapa\/","og_site_name":"Aivlisoft Inform\u00e1tica","article_modified_time":"2025-01-14T10:22:26+00:00","og_image":[{"width":800,"height":800,"url":"https:\/\/aivlisoft.net\/shop\/wp-content\/uploads\/2025\/01\/ANEAHE0941_800-1.jpg","type":"image\/jpeg"}],"twitter_card":"summary_large_image","schema":{"@context":"https:\/\/schema.org","@graph":[{"@type":"WebPage","@id":"https:\/\/aivlisoft.net\/shop\/producto\/delock-cable-rj11-macho-a-rj11-hembra-con-tapa\/","url":"https:\/\/aivlisoft.net\/shop\/producto\/delock-cable-rj11-macho-a-rj11-hembra-con-tapa\/","name":"Delock Cable RJ11 macho a RJ11 hembra con tapa - Aivlisoft Inform\u00e1tica","isPartOf":{"@id":"https:\/\/aivlisoft.net\/shop\/#website"},"primaryImageOfPage":{"@id":"https:\/\/aivlisoft.net\/shop\/producto\/delock-cable-rj11-macho-a-rj11-hembra-con-tapa\/#primaryimage"},"image":{"@id":"https:\/\/aivlisoft.net\/shop\/producto\/delock-cable-rj11-macho-a-rj11-hembra-con-tapa\/#primaryimage"},"thumbnailUrl":"https:\/\/aivlisoft.net\/shop\/wp-content\/uploads\/2025\/01\/ANEAHE0941_800-1.jpg","datePublished":"2025-01-13T13:28:58+00:00","dateModified":"2025-01-14T10:22:26+00:00","breadcrumb":{"@id":"https:\/\/aivlisoft.net\/shop\/producto\/delock-cable-rj11-macho-a-rj11-hembra-con-tapa\/#breadcrumb"},"inLanguage":"es","potentialAction":[{"@type":"ReadAction","target":["https:\/\/aivlisoft.net\/shop\/producto\/delock-cable-rj11-macho-a-rj11-hembra-con-tapa\/"]}]},{"@type":"ImageObject","inLanguage":"es","@id":"https:\/\/aivlisoft.net\/shop\/producto\/delock-cable-rj11-macho-a-rj11-hembra-con-tapa\/#primaryimage","url":"https:\/\/aivlisoft.net\/shop\/wp-content\/uploads\/2025\/01\/ANEAHE0941_800-1.jpg","contentUrl":"https:\/\/aivlisoft.net\/shop\/wp-content\/uploads\/2025\/01\/ANEAHE0941_800-1.jpg","width":800,"height":800},{"@type":"BreadcrumbList","@id":"https:\/\/aivlisoft.net\/shop\/producto\/delock-cable-rj11-macho-a-rj11-hembra-con-tapa\/#breadcrumb","itemListElement":[{"@type":"ListItem","position":1,"name":"Portada","item":"https:\/\/aivlisoft.net\/shop\/"},{"@type":"ListItem","position":2,"name":"Tienda","item":"https:\/\/aivlisoft.net\/shop\/tienda\/"},{"@type":"ListItem","position":3,"name":"Delock Cable RJ11 macho a RJ11 hembra con tapa"}]},{"@type":"WebSite","@id":"https:\/\/aivlisoft.net\/shop\/#website","url":"https:\/\/aivlisoft.net\/shop\/","name":"Aivlisoft Inform\u00e1tica","description":"En Aivlisoft Inform\u00e1tica ofrecemos soluciones tecnol\u00f3gicas para empresas: venta de ordenadores, consumibles, perif\u00e9ricos y m\u00e1s. Calidad, atenci\u00f3n personalizada y los mejores precios para tu negocio.","publisher":{"@id":"https:\/\/aivlisoft.net\/shop\/#organization"},"potentialAction":[{"@type":"SearchAction","target":{"@type":"EntryPoint","urlTemplate":"https:\/\/aivlisoft.net\/shop\/?s={search_term_string}"},"query-input":{"@type":"PropertyValueSpecification","valueRequired":true,"valueName":"search_term_string"}}],"inLanguage":"es"},{"@type":"Organization","@id":"https:\/\/aivlisoft.net\/shop\/#organization","name":"Aivlisoft Inform\u00e1tica","url":"https:\/\/aivlisoft.net\/shop\/","logo":{"@type":"ImageObject","inLanguage":"es","@id":"https:\/\/aivlisoft.net\/shop\/#\/schema\/logo\/image\/","url":"https:\/\/aivlisoft.net\/shop\/wp-content\/uploads\/2024\/12\/removal.ai_5b848c54-0cdf-4140-95c5-c5536bb7573b-logodef.png","contentUrl":"https:\/\/aivlisoft.net\/shop\/wp-content\/uploads\/2024\/12\/removal.ai_5b848c54-0cdf-4140-95c5-c5536bb7573b-logodef.png","width":484,"height":182,"caption":"Aivlisoft Inform\u00e1tica"},"image":{"@id":"https:\/\/aivlisoft.net\/shop\/#\/schema\/logo\/image\/"}}]}},"_links":{"self":[{"href":"https:\/\/aivlisoft.net\/shop\/wp-json\/wp\/v2\/product\/5954","targetHints":{"allow":["GET"]}}],"collection":[{"href":"https:\/\/aivlisoft.net\/shop\/wp-json\/wp\/v2\/product"}],"about":[{"href":"https:\/\/aivlisoft.net\/shop\/wp-json\/wp\/v2\/types\/product"}],"wp:featuredmedia":[{"embeddable":true,"href":"https:\/\/aivlisoft.net\/shop\/wp-json\/wp\/v2\/media\/5955"}],"wp:attachment":[{"href":"https:\/\/aivlisoft.net\/shop\/wp-json\/wp\/v2\/media?parent=5954"}],"wp:term":[{"taxonomy":"product_brand","embeddable":true,"href":"https:\/\/aivlisoft.net\/shop\/wp-json\/wp\/v2\/product_brand?post=5954"},{"taxonomy":"product_cat","embeddable":true,"href":"https:\/\/aivlisoft.net\/shop\/wp-json\/wp\/v2\/product_cat?post=5954"},{"taxonomy":"product_tag","embeddable":true,"href":"https:\/\/aivlisoft.net\/shop\/wp-json\/wp\/v2\/product_tag?post=5954"}],"curies":[{"name":"wp","href":"https:\/\/api.w.org\/{rel}","templated":true}]}}