{"id":5646,"date":"2025-01-13T13:27:09","date_gmt":"2025-01-13T13:27:09","guid":{"rendered":"https:\/\/aivlisoft.com\/?post_type=product&#038;p=5646"},"modified":"2025-01-14T10:20:44","modified_gmt":"2025-01-14T10:20:44","slug":"ewent-regleta-11-tomas-con-carga-2x-usb-y-2x-usb-c","status":"publish","type":"product","link":"https:\/\/aivlisoft.net\/shop\/producto\/ewent-regleta-11-tomas-con-carga-2x-usb-y-2x-usb-c\/","title":{"rendered":"EWENT REGLETA 11 TOMAS CON CARGA 2X USB Y 2X USB-C"},"content":{"rendered":"<p>Con la regleta de enchufes de torre EW3862 es posible conectar 11 dispositivos el&eacute;ctricos y 4 dispositivos USB simult&aacute;neamente. Los puertos USB tienen una capacidad total de 2.4A y tienen protecci&oacute;n contra sobrecarga y sobretensi&oacute;n. El Power Tower Block se puede colocar en el escritorio y 4 Los pies de goma antideslizantes aseguran que la regleta permanezca en su lugar. Puede habilitar o deshabilitar todas las tomas de corriente y puertos USB simult&aacute;neamente con el interruptor de encendido \/ apagado.<\/p>\n<p>11 tomas de corriente y 4 puertos USB<br \/>La toma de corriente de torre EW3821 tiene 11 tomas de corriente para conectar 11 dispositivos el&eacute;ctricos \/ electr&oacute;nicos. Los 2 puertos USB tipo A normales (5V \/ 4.5A) y sobre todo 2 puertos USB tipo C (5V \/ 3A) son adecuados para cargar las tabletas \/ smartphones y dispositivos electr&oacute;nicos m&aacute;s modernos y actualizados. Los 2 puertos USB tipo A son adecuados para cargar tel&eacute;fonos inteligentes y tabletas con una carga m&aacute;xima por puerto de 2,4 A a la vez, mientras que el 2 puertos USB tipo C de &uacute;ltima generaci&oacute;n admite carga r&aacute;pida (PD Quick Charge 3.0).<\/p>\n<p>Habilite o deshabilite todas las tomas de corriente y puertos USB con 1 interruptor de encendido \/ apagado.<br \/>Utilice el interruptor para habilitar o deshabilitar toda la toma de corriente al mismo tiempo. Esta es una excelente caracter&iacute;stica para ahorrar en la factura de la luz y por razones de seguridad. Se evita el uso de energ&iacute;a de reserva. Es m&aacute;s seguro deshabilitar todos los dispositivos el&eacute;ctricos al mismo tiempo que tener todos los dispositivos habilitados en todo momento.<\/p>\n<p>Dise&ntilde;o que ahorra espacio, ideal para escritorio<br \/>El EW3862 presenta un dise&ntilde;o de torre c&uacute;bica que ahorra espacio y ocupa solo un espacio limitado en el escritorio. Todas las tomas de corriente y puertos USB son f&aacute;cilmente accesibles. Est&aacute; equipado con un cable de 2,0 m de longitud. Adem&aacute;s, el enchufe Schuko 16A est&aacute; equipado con un &aacute;ngulo de 90 &deg; que lo hace ideal para ser insertado en enchufes de pared presentes en espacios reducidos y reducidos.<\/p>\n<p>Dispositivo seguro<br \/>Los puertos USB y las tomas de corriente est&aacute;n equipados con protecci&oacute;n contra sobrecargas y sobretensiones.<\/p>\n<p>&nbsp;<\/p>\n<table class=\"tabla_caracteristicas\" width=\"100%\">\n<tr>\n<td><strong>Marca<\/strong><\/td>\n<td>Ewent<\/td>\n<\/tr>\n<tr>\n<td><strong>Modelo<\/strong><\/td>\n<td><strong>EW3862<\/strong><\/td>\n<\/tr>\n<tr>\n<td><strong>Caracter&iacute;sticas<\/strong><\/td>\n<td>&#8211; Enchufes: 11 x 16A CA Schuko<br \/>\t\t\t&#8211; Salida CC total: 17,5W<br \/>\t\t\t&#8211; Protecci&oacute;n: Sobrecarga y Sobretensiones<br \/>\t\t\t&#8211; Encender \/ apagar<br \/>\t\t\t&#8211; Montaje en escritorio: 4 pies de goma antideslizantes<br \/>\t\t\t&#8211; Montaje en pared: 2 orificios para montaje en pared<br \/>\t\t\t&#8211; Entrada: CA 110-230V 50-60Hz<br \/>\t\t\t&#8211; 2 USB tipo C (5V=3,5A):<br \/>\t\t\t&nbsp; Potencia m&aacute;xima: 17,5W<br \/>\t\t\t&nbsp; Amperio m&aacute;ximo por puerto: 2,4A<br \/>\t\t\t&#8211; 2 USB tipo A (5V=3.5A):<br \/>\t\t\t&nbsp; Potencia m&aacute;xima: 17.5W<br \/>\t\t\t&nbsp; Amperio m&aacute;ximo por puerto: 2,4A<br \/>\t\t\t&#8211; Cable: H05VV-F 3G 1,0 mm&sup2; 2,0 m<br \/>\t\t\t&#8211; Enchufe: 16A Schuko<br \/>\t\t\t&#8211; Voltaje m&aacute;ximo: 230V\/3600W<br \/>\t\t\t&#8211; Dimensiones: 109 x 109 x 221 mm<br \/>\t\t\t&#8211; Peso: 765 g<\/td>\n<\/tr>\n<tr>\n<td><strong>Fecha de revisi&oacute;n<\/strong><\/td>\n<td>22-02-2023 por RTY<\/td>\n<\/tr>\n<\/table>\n","protected":false},"excerpt":{"rendered":"<p>Con la regleta de enchufes de torre EW3862 es posible conectar 11 dispositivos el&eacute;ctricos y 4 dispositivos USB simult&aacute;neamente. Los puertos USB tienen una capacidad total de 2.4A y tienen protecci&oacute;n contra sobrecarga y sobretensi&oacute;n. El Power Tower Block se puede colocar en el escritorio y 4 Los pies de goma antideslizantes aseguran que la&hellip;&nbsp;<a href=\"https:\/\/aivlisoft.net\/shop\/producto\/ewent-regleta-11-tomas-con-carga-2x-usb-y-2x-usb-c\/\" rel=\"bookmark\"><span class=\"screen-reader-text\">EWENT REGLETA 11 TOMAS CON CARGA 2X USB Y 2X USB-C<\/span><\/a><\/p>\n","protected":false},"featured_media":5647,"template":"","meta":{"neve_meta_sidebar":"","neve_meta_container":"","neve_meta_enable_content_width":"","neve_meta_content_width":0,"neve_meta_title_alignment":"","neve_meta_author_avatar":"","neve_post_elements_order":"","neve_meta_disable_header":"","neve_meta_disable_footer":"","neve_meta_disable_title":""},"product_brand":[],"product_cat":[8702],"product_tag":[1797],"class_list":{"0":"post-5646","1":"product","2":"type-product","3":"status-publish","4":"has-post-thumbnail","6":"product_cat-herramientasconectores-redes","7":"product_tag-ew3862","9":"first","10":"instock","11":"taxable","12":"shipping-taxable","13":"purchasable","14":"product-type-simple"},"yoast_head":"<!-- This site is optimized with the Yoast SEO plugin v26.0 - https:\/\/yoast.com\/wordpress\/plugins\/seo\/ -->\n<title>EWENT REGLETA 11 TOMAS CON CARGA 2X USB Y 2X USB-C - Aivlisoft Inform\u00e1tica<\/title>\n<meta name=\"robots\" content=\"index, follow, max-snippet:-1, max-image-preview:large, max-video-preview:-1\" \/>\n<link rel=\"canonical\" href=\"https:\/\/aivlisoft.net\/shop\/producto\/ewent-regleta-11-tomas-con-carga-2x-usb-y-2x-usb-c\/\" \/>\n<meta property=\"og:locale\" content=\"es_ES\" \/>\n<meta property=\"og:type\" content=\"article\" \/>\n<meta property=\"og:title\" content=\"EWENT REGLETA 11 TOMAS CON CARGA 2X USB Y 2X USB-C - Aivlisoft Inform\u00e1tica\" \/>\n<meta property=\"og:description\" content=\"Con la regleta de enchufes de torre EW3862 es posible conectar 11 dispositivos el&eacute;ctricos y 4 dispositivos USB simult&aacute;neamente. Los puertos USB tienen una capacidad total de 2.4A y tienen protecci&oacute;n contra sobrecarga y sobretensi&oacute;n. El Power Tower Block se puede colocar en el escritorio y 4 Los pies de goma antideslizantes aseguran que la&hellip;&nbsp;EWENT REGLETA 11 TOMAS CON CARGA 2X USB Y 2X USB-C\" \/>\n<meta property=\"og:url\" content=\"https:\/\/aivlisoft.net\/shop\/producto\/ewent-regleta-11-tomas-con-carga-2x-usb-y-2x-usb-c\/\" \/>\n<meta property=\"og:site_name\" content=\"Aivlisoft Inform\u00e1tica\" \/>\n<meta property=\"article:modified_time\" content=\"2025-01-14T10:20:44+00:00\" \/>\n<meta property=\"og:image\" content=\"https:\/\/aivlisoft.net\/shop\/wp-content\/uploads\/2025\/01\/ANEAHE0847_800-1.jpg\" \/>\n\t<meta property=\"og:image:width\" content=\"800\" \/>\n\t<meta property=\"og:image:height\" content=\"800\" \/>\n\t<meta property=\"og:image:type\" content=\"image\/jpeg\" \/>\n<meta name=\"twitter:card\" content=\"summary_large_image\" \/>\n<meta name=\"twitter:label1\" content=\"Tiempo de lectura\" \/>\n\t<meta name=\"twitter:data1\" content=\"3 minutos\" \/>\n<script type=\"application\/ld+json\" class=\"yoast-schema-graph\">{\"@context\":\"https:\/\/schema.org\",\"@graph\":[{\"@type\":\"WebPage\",\"@id\":\"https:\/\/aivlisoft.net\/shop\/producto\/ewent-regleta-11-tomas-con-carga-2x-usb-y-2x-usb-c\/\",\"url\":\"https:\/\/aivlisoft.net\/shop\/producto\/ewent-regleta-11-tomas-con-carga-2x-usb-y-2x-usb-c\/\",\"name\":\"EWENT REGLETA 11 TOMAS CON CARGA 2X USB Y 2X USB-C - Aivlisoft Inform\u00e1tica\",\"isPartOf\":{\"@id\":\"https:\/\/aivlisoft.net\/shop\/#website\"},\"primaryImageOfPage\":{\"@id\":\"https:\/\/aivlisoft.net\/shop\/producto\/ewent-regleta-11-tomas-con-carga-2x-usb-y-2x-usb-c\/#primaryimage\"},\"image\":{\"@id\":\"https:\/\/aivlisoft.net\/shop\/producto\/ewent-regleta-11-tomas-con-carga-2x-usb-y-2x-usb-c\/#primaryimage\"},\"thumbnailUrl\":\"https:\/\/aivlisoft.net\/shop\/wp-content\/uploads\/2025\/01\/ANEAHE0847_800-1.jpg\",\"datePublished\":\"2025-01-13T13:27:09+00:00\",\"dateModified\":\"2025-01-14T10:20:44+00:00\",\"breadcrumb\":{\"@id\":\"https:\/\/aivlisoft.net\/shop\/producto\/ewent-regleta-11-tomas-con-carga-2x-usb-y-2x-usb-c\/#breadcrumb\"},\"inLanguage\":\"es\",\"potentialAction\":[{\"@type\":\"ReadAction\",\"target\":[\"https:\/\/aivlisoft.net\/shop\/producto\/ewent-regleta-11-tomas-con-carga-2x-usb-y-2x-usb-c\/\"]}]},{\"@type\":\"ImageObject\",\"inLanguage\":\"es\",\"@id\":\"https:\/\/aivlisoft.net\/shop\/producto\/ewent-regleta-11-tomas-con-carga-2x-usb-y-2x-usb-c\/#primaryimage\",\"url\":\"https:\/\/aivlisoft.net\/shop\/wp-content\/uploads\/2025\/01\/ANEAHE0847_800-1.jpg\",\"contentUrl\":\"https:\/\/aivlisoft.net\/shop\/wp-content\/uploads\/2025\/01\/ANEAHE0847_800-1.jpg\",\"width\":800,\"height\":800},{\"@type\":\"BreadcrumbList\",\"@id\":\"https:\/\/aivlisoft.net\/shop\/producto\/ewent-regleta-11-tomas-con-carga-2x-usb-y-2x-usb-c\/#breadcrumb\",\"itemListElement\":[{\"@type\":\"ListItem\",\"position\":1,\"name\":\"Portada\",\"item\":\"https:\/\/aivlisoft.net\/shop\/\"},{\"@type\":\"ListItem\",\"position\":2,\"name\":\"Tienda\",\"item\":\"https:\/\/aivlisoft.net\/shop\/tienda\/\"},{\"@type\":\"ListItem\",\"position\":3,\"name\":\"EWENT REGLETA 11 TOMAS CON CARGA 2X USB Y 2X USB-C\"}]},{\"@type\":\"WebSite\",\"@id\":\"https:\/\/aivlisoft.net\/shop\/#website\",\"url\":\"https:\/\/aivlisoft.net\/shop\/\",\"name\":\"Aivlisoft Inform\u00e1tica\",\"description\":\"En Aivlisoft Inform\u00e1tica ofrecemos soluciones tecnol\u00f3gicas para empresas: venta de ordenadores, consumibles, perif\u00e9ricos y m\u00e1s. Calidad, atenci\u00f3n personalizada y los mejores precios para tu negocio.\",\"publisher\":{\"@id\":\"https:\/\/aivlisoft.net\/shop\/#organization\"},\"potentialAction\":[{\"@type\":\"SearchAction\",\"target\":{\"@type\":\"EntryPoint\",\"urlTemplate\":\"https:\/\/aivlisoft.net\/shop\/?s={search_term_string}\"},\"query-input\":{\"@type\":\"PropertyValueSpecification\",\"valueRequired\":true,\"valueName\":\"search_term_string\"}}],\"inLanguage\":\"es\"},{\"@type\":\"Organization\",\"@id\":\"https:\/\/aivlisoft.net\/shop\/#organization\",\"name\":\"Aivlisoft Inform\u00e1tica\",\"url\":\"https:\/\/aivlisoft.net\/shop\/\",\"logo\":{\"@type\":\"ImageObject\",\"inLanguage\":\"es\",\"@id\":\"https:\/\/aivlisoft.net\/shop\/#\/schema\/logo\/image\/\",\"url\":\"https:\/\/aivlisoft.net\/shop\/wp-content\/uploads\/2024\/12\/removal.ai_5b848c54-0cdf-4140-95c5-c5536bb7573b-logodef.png\",\"contentUrl\":\"https:\/\/aivlisoft.net\/shop\/wp-content\/uploads\/2024\/12\/removal.ai_5b848c54-0cdf-4140-95c5-c5536bb7573b-logodef.png\",\"width\":484,\"height\":182,\"caption\":\"Aivlisoft Inform\u00e1tica\"},\"image\":{\"@id\":\"https:\/\/aivlisoft.net\/shop\/#\/schema\/logo\/image\/\"}}]}<\/script>\n<!-- \/ Yoast SEO plugin. -->","yoast_head_json":{"title":"EWENT REGLETA 11 TOMAS CON CARGA 2X USB Y 2X USB-C - Aivlisoft Inform\u00e1tica","robots":{"index":"index","follow":"follow","max-snippet":"max-snippet:-1","max-image-preview":"max-image-preview:large","max-video-preview":"max-video-preview:-1"},"canonical":"https:\/\/aivlisoft.net\/shop\/producto\/ewent-regleta-11-tomas-con-carga-2x-usb-y-2x-usb-c\/","og_locale":"es_ES","og_type":"article","og_title":"EWENT REGLETA 11 TOMAS CON CARGA 2X USB Y 2X USB-C - Aivlisoft Inform\u00e1tica","og_description":"Con la regleta de enchufes de torre EW3862 es posible conectar 11 dispositivos el&eacute;ctricos y 4 dispositivos USB simult&aacute;neamente. Los puertos USB tienen una capacidad total de 2.4A y tienen protecci&oacute;n contra sobrecarga y sobretensi&oacute;n. El Power Tower Block se puede colocar en el escritorio y 4 Los pies de goma antideslizantes aseguran que la&hellip;&nbsp;EWENT REGLETA 11 TOMAS CON CARGA 2X USB Y 2X USB-C","og_url":"https:\/\/aivlisoft.net\/shop\/producto\/ewent-regleta-11-tomas-con-carga-2x-usb-y-2x-usb-c\/","og_site_name":"Aivlisoft Inform\u00e1tica","article_modified_time":"2025-01-14T10:20:44+00:00","og_image":[{"width":800,"height":800,"url":"https:\/\/aivlisoft.net\/shop\/wp-content\/uploads\/2025\/01\/ANEAHE0847_800-1.jpg","type":"image\/jpeg"}],"twitter_card":"summary_large_image","twitter_misc":{"Tiempo de lectura":"3 minutos"},"schema":{"@context":"https:\/\/schema.org","@graph":[{"@type":"WebPage","@id":"https:\/\/aivlisoft.net\/shop\/producto\/ewent-regleta-11-tomas-con-carga-2x-usb-y-2x-usb-c\/","url":"https:\/\/aivlisoft.net\/shop\/producto\/ewent-regleta-11-tomas-con-carga-2x-usb-y-2x-usb-c\/","name":"EWENT REGLETA 11 TOMAS CON CARGA 2X USB Y 2X USB-C - Aivlisoft Inform\u00e1tica","isPartOf":{"@id":"https:\/\/aivlisoft.net\/shop\/#website"},"primaryImageOfPage":{"@id":"https:\/\/aivlisoft.net\/shop\/producto\/ewent-regleta-11-tomas-con-carga-2x-usb-y-2x-usb-c\/#primaryimage"},"image":{"@id":"https:\/\/aivlisoft.net\/shop\/producto\/ewent-regleta-11-tomas-con-carga-2x-usb-y-2x-usb-c\/#primaryimage"},"thumbnailUrl":"https:\/\/aivlisoft.net\/shop\/wp-content\/uploads\/2025\/01\/ANEAHE0847_800-1.jpg","datePublished":"2025-01-13T13:27:09+00:00","dateModified":"2025-01-14T10:20:44+00:00","breadcrumb":{"@id":"https:\/\/aivlisoft.net\/shop\/producto\/ewent-regleta-11-tomas-con-carga-2x-usb-y-2x-usb-c\/#breadcrumb"},"inLanguage":"es","potentialAction":[{"@type":"ReadAction","target":["https:\/\/aivlisoft.net\/shop\/producto\/ewent-regleta-11-tomas-con-carga-2x-usb-y-2x-usb-c\/"]}]},{"@type":"ImageObject","inLanguage":"es","@id":"https:\/\/aivlisoft.net\/shop\/producto\/ewent-regleta-11-tomas-con-carga-2x-usb-y-2x-usb-c\/#primaryimage","url":"https:\/\/aivlisoft.net\/shop\/wp-content\/uploads\/2025\/01\/ANEAHE0847_800-1.jpg","contentUrl":"https:\/\/aivlisoft.net\/shop\/wp-content\/uploads\/2025\/01\/ANEAHE0847_800-1.jpg","width":800,"height":800},{"@type":"BreadcrumbList","@id":"https:\/\/aivlisoft.net\/shop\/producto\/ewent-regleta-11-tomas-con-carga-2x-usb-y-2x-usb-c\/#breadcrumb","itemListElement":[{"@type":"ListItem","position":1,"name":"Portada","item":"https:\/\/aivlisoft.net\/shop\/"},{"@type":"ListItem","position":2,"name":"Tienda","item":"https:\/\/aivlisoft.net\/shop\/tienda\/"},{"@type":"ListItem","position":3,"name":"EWENT REGLETA 11 TOMAS CON CARGA 2X USB Y 2X USB-C"}]},{"@type":"WebSite","@id":"https:\/\/aivlisoft.net\/shop\/#website","url":"https:\/\/aivlisoft.net\/shop\/","name":"Aivlisoft Inform\u00e1tica","description":"En Aivlisoft Inform\u00e1tica ofrecemos soluciones tecnol\u00f3gicas para empresas: venta de ordenadores, consumibles, perif\u00e9ricos y m\u00e1s. Calidad, atenci\u00f3n personalizada y los mejores precios para tu negocio.","publisher":{"@id":"https:\/\/aivlisoft.net\/shop\/#organization"},"potentialAction":[{"@type":"SearchAction","target":{"@type":"EntryPoint","urlTemplate":"https:\/\/aivlisoft.net\/shop\/?s={search_term_string}"},"query-input":{"@type":"PropertyValueSpecification","valueRequired":true,"valueName":"search_term_string"}}],"inLanguage":"es"},{"@type":"Organization","@id":"https:\/\/aivlisoft.net\/shop\/#organization","name":"Aivlisoft Inform\u00e1tica","url":"https:\/\/aivlisoft.net\/shop\/","logo":{"@type":"ImageObject","inLanguage":"es","@id":"https:\/\/aivlisoft.net\/shop\/#\/schema\/logo\/image\/","url":"https:\/\/aivlisoft.net\/shop\/wp-content\/uploads\/2024\/12\/removal.ai_5b848c54-0cdf-4140-95c5-c5536bb7573b-logodef.png","contentUrl":"https:\/\/aivlisoft.net\/shop\/wp-content\/uploads\/2024\/12\/removal.ai_5b848c54-0cdf-4140-95c5-c5536bb7573b-logodef.png","width":484,"height":182,"caption":"Aivlisoft Inform\u00e1tica"},"image":{"@id":"https:\/\/aivlisoft.net\/shop\/#\/schema\/logo\/image\/"}}]}},"_links":{"self":[{"href":"https:\/\/aivlisoft.net\/shop\/wp-json\/wp\/v2\/product\/5646","targetHints":{"allow":["GET"]}}],"collection":[{"href":"https:\/\/aivlisoft.net\/shop\/wp-json\/wp\/v2\/product"}],"about":[{"href":"https:\/\/aivlisoft.net\/shop\/wp-json\/wp\/v2\/types\/product"}],"wp:featuredmedia":[{"embeddable":true,"href":"https:\/\/aivlisoft.net\/shop\/wp-json\/wp\/v2\/media\/5647"}],"wp:attachment":[{"href":"https:\/\/aivlisoft.net\/shop\/wp-json\/wp\/v2\/media?parent=5646"}],"wp:term":[{"taxonomy":"product_brand","embeddable":true,"href":"https:\/\/aivlisoft.net\/shop\/wp-json\/wp\/v2\/product_brand?post=5646"},{"taxonomy":"product_cat","embeddable":true,"href":"https:\/\/aivlisoft.net\/shop\/wp-json\/wp\/v2\/product_cat?post=5646"},{"taxonomy":"product_tag","embeddable":true,"href":"https:\/\/aivlisoft.net\/shop\/wp-json\/wp\/v2\/product_tag?post=5646"}],"curies":[{"name":"wp","href":"https:\/\/api.w.org\/{rel}","templated":true}]}}