{"id":5519,"date":"2025-01-13T13:26:25","date_gmt":"2025-01-13T13:26:25","guid":{"rendered":"https:\/\/aivlisoft.com\/?post_type=product&#038;p=5519"},"modified":"2025-01-14T10:20:03","modified_gmt":"2025-01-14T10:20:03","slug":"approx-switch-hdmi-4k-30hz-3p-4k","status":"publish","type":"product","link":"https:\/\/aivlisoft.net\/shop\/producto\/approx-switch-hdmi-4k-30hz-3p-4k\/","title":{"rendered":"Approx Switch Hdmi 4K\/30HZ 3P 4K"},"content":{"rendered":"<p>El <strong>appC29V3<\/strong> es un switch HDMI de tres puertos HDMI de entrada y uno de salida, el cual conectado a su TV le permite seleccionar entre tres dispositivos HDMI, ocupando un solo puerto HDMI en su TV, es ideal para aquellos TV que tienen pocos puertos HDMI de entrada y necesitan conectar varios dispositivos a la vez.<\/p>\n<p>Soporta una calidad m&aacute;xima de imagen de 4K\/30Hz, incorpora un bot&oacute;n de selecci&oacute;n de fuente de entrada manual y no requiere de alimentaci&oacute;n externa.<\/p>\n<table class=\"tabla_caracteristicas\" width=\"100%\">\n<tr>\n<td valign=\"top\"><strong>Marca<\/strong><\/td>\n<td>approx!<\/td>\n<\/tr>\n<tr>\n<td valign=\"top\"><strong>Modelo<\/strong><\/td>\n<td><strong>APPC29V3<\/strong><\/td>\n<\/tr>\n<tr>\n<td valign=\"top\"><strong>Caracter&iacute;sticas<\/strong><\/td>\n<td>&#8211; Soporta 3 entradas HDMI<br \/>\t\t\t&#8211; Compatible con HDMI 1.4<br \/>\t\t\t&#8211; Selecci&oacute;n de fuente mediante bot&oacute;n manual o por control remoto<br \/>\t\t\t&#8211; Resoluci&oacute;n hasta 4K \/ 30Hz<br \/>\t\t\t&#8211; Profundidad de color de 36 bits, ancho de banda de hasta 3Gbps<br \/>\t\t\t&#8211; Detecci&oacute;n autom&aacute;tica de fuentes<br \/>\t\t\t&#8211; Protecci&oacute;n ESD 8KV<br \/>\t\t\t&#8211; Admite alimentaci&oacute;n adicional por puerto Micro USB si fuese necesario.<\/td>\n<\/tr>\n<tr>\n<td valign=\"top\"><strong>Fecha de revisi&oacute;n<\/strong><\/td>\n<td>08-03-2022 por MPM<\/td>\n<\/tr>\n<\/table>\n","protected":false},"excerpt":{"rendered":"<p>El appC29V3 es un switch HDMI de tres puertos HDMI de entrada y uno de salida, el cual conectado a su TV le permite seleccionar entre tres dispositivos HDMI, ocupando un solo puerto HDMI en su TV, es ideal para aquellos TV que tienen pocos puertos HDMI de entrada y necesitan conectar varios dispositivos a&hellip;&nbsp;<a href=\"https:\/\/aivlisoft.net\/shop\/producto\/approx-switch-hdmi-4k-30hz-3p-4k\/\" rel=\"bookmark\"><span class=\"screen-reader-text\">Approx Switch Hdmi 4K\/30HZ 3P 4K<\/span><\/a><\/p>\n","protected":false},"featured_media":5520,"template":"","meta":{"neve_meta_sidebar":"","neve_meta_container":"","neve_meta_enable_content_width":"","neve_meta_content_width":0,"neve_meta_title_alignment":"","neve_meta_author_avatar":"","neve_post_elements_order":"","neve_meta_disable_header":"","neve_meta_disable_footer":"","neve_meta_disable_title":""},"product_brand":[],"product_cat":[8702],"product_tag":[1762],"class_list":{"0":"post-5519","1":"product","2":"type-product","3":"status-publish","4":"has-post-thumbnail","6":"product_cat-herramientasconectores-redes","7":"product_tag-appc29v3","9":"first","10":"instock","11":"taxable","12":"shipping-taxable","13":"purchasable","14":"product-type-simple"},"yoast_head":"<!-- This site is optimized with the Yoast SEO plugin v26.0 - https:\/\/yoast.com\/wordpress\/plugins\/seo\/ -->\n<title>Approx Switch Hdmi 4K\/30HZ 3P 4K - Aivlisoft Inform\u00e1tica<\/title>\n<meta name=\"robots\" content=\"index, follow, max-snippet:-1, max-image-preview:large, max-video-preview:-1\" \/>\n<link rel=\"canonical\" href=\"https:\/\/aivlisoft.net\/shop\/producto\/approx-switch-hdmi-4k-30hz-3p-4k\/\" \/>\n<meta property=\"og:locale\" content=\"es_ES\" \/>\n<meta property=\"og:type\" content=\"article\" \/>\n<meta property=\"og:title\" content=\"Approx Switch Hdmi 4K\/30HZ 3P 4K - Aivlisoft Inform\u00e1tica\" \/>\n<meta property=\"og:description\" content=\"El appC29V3 es un switch HDMI de tres puertos HDMI de entrada y uno de salida, el cual conectado a su TV le permite seleccionar entre tres dispositivos HDMI, ocupando un solo puerto HDMI en su TV, es ideal para aquellos TV que tienen pocos puertos HDMI de entrada y necesitan conectar varios dispositivos a&hellip;&nbsp;Approx Switch Hdmi 4K\/30HZ 3P 4K\" \/>\n<meta property=\"og:url\" content=\"https:\/\/aivlisoft.net\/shop\/producto\/approx-switch-hdmi-4k-30hz-3p-4k\/\" \/>\n<meta property=\"og:site_name\" content=\"Aivlisoft Inform\u00e1tica\" \/>\n<meta property=\"article:modified_time\" content=\"2025-01-14T10:20:03+00:00\" \/>\n<meta property=\"og:image\" content=\"https:\/\/aivlisoft.net\/shop\/wp-content\/uploads\/2025\/01\/ANEAHE0800_800-1.jpg\" \/>\n\t<meta property=\"og:image:width\" content=\"800\" \/>\n\t<meta property=\"og:image:height\" content=\"800\" \/>\n\t<meta property=\"og:image:type\" content=\"image\/jpeg\" \/>\n<meta name=\"twitter:card\" content=\"summary_large_image\" \/>\n<meta name=\"twitter:label1\" content=\"Tiempo de lectura\" \/>\n\t<meta name=\"twitter:data1\" content=\"1 minuto\" \/>\n<script type=\"application\/ld+json\" class=\"yoast-schema-graph\">{\"@context\":\"https:\/\/schema.org\",\"@graph\":[{\"@type\":\"WebPage\",\"@id\":\"https:\/\/aivlisoft.net\/shop\/producto\/approx-switch-hdmi-4k-30hz-3p-4k\/\",\"url\":\"https:\/\/aivlisoft.net\/shop\/producto\/approx-switch-hdmi-4k-30hz-3p-4k\/\",\"name\":\"Approx Switch Hdmi 4K\/30HZ 3P 4K - Aivlisoft Inform\u00e1tica\",\"isPartOf\":{\"@id\":\"https:\/\/aivlisoft.net\/shop\/#website\"},\"primaryImageOfPage\":{\"@id\":\"https:\/\/aivlisoft.net\/shop\/producto\/approx-switch-hdmi-4k-30hz-3p-4k\/#primaryimage\"},\"image\":{\"@id\":\"https:\/\/aivlisoft.net\/shop\/producto\/approx-switch-hdmi-4k-30hz-3p-4k\/#primaryimage\"},\"thumbnailUrl\":\"https:\/\/aivlisoft.net\/shop\/wp-content\/uploads\/2025\/01\/ANEAHE0800_800-1.jpg\",\"datePublished\":\"2025-01-13T13:26:25+00:00\",\"dateModified\":\"2025-01-14T10:20:03+00:00\",\"breadcrumb\":{\"@id\":\"https:\/\/aivlisoft.net\/shop\/producto\/approx-switch-hdmi-4k-30hz-3p-4k\/#breadcrumb\"},\"inLanguage\":\"es\",\"potentialAction\":[{\"@type\":\"ReadAction\",\"target\":[\"https:\/\/aivlisoft.net\/shop\/producto\/approx-switch-hdmi-4k-30hz-3p-4k\/\"]}]},{\"@type\":\"ImageObject\",\"inLanguage\":\"es\",\"@id\":\"https:\/\/aivlisoft.net\/shop\/producto\/approx-switch-hdmi-4k-30hz-3p-4k\/#primaryimage\",\"url\":\"https:\/\/aivlisoft.net\/shop\/wp-content\/uploads\/2025\/01\/ANEAHE0800_800-1.jpg\",\"contentUrl\":\"https:\/\/aivlisoft.net\/shop\/wp-content\/uploads\/2025\/01\/ANEAHE0800_800-1.jpg\",\"width\":800,\"height\":800},{\"@type\":\"BreadcrumbList\",\"@id\":\"https:\/\/aivlisoft.net\/shop\/producto\/approx-switch-hdmi-4k-30hz-3p-4k\/#breadcrumb\",\"itemListElement\":[{\"@type\":\"ListItem\",\"position\":1,\"name\":\"Portada\",\"item\":\"https:\/\/aivlisoft.net\/shop\/\"},{\"@type\":\"ListItem\",\"position\":2,\"name\":\"Tienda\",\"item\":\"https:\/\/aivlisoft.net\/shop\/tienda\/\"},{\"@type\":\"ListItem\",\"position\":3,\"name\":\"Approx Switch Hdmi 4K\/30HZ 3P 4K\"}]},{\"@type\":\"WebSite\",\"@id\":\"https:\/\/aivlisoft.net\/shop\/#website\",\"url\":\"https:\/\/aivlisoft.net\/shop\/\",\"name\":\"Aivlisoft Inform\u00e1tica\",\"description\":\"En Aivlisoft Inform\u00e1tica ofrecemos soluciones tecnol\u00f3gicas para empresas: venta de ordenadores, consumibles, perif\u00e9ricos y m\u00e1s. Calidad, atenci\u00f3n personalizada y los mejores precios para tu negocio.\",\"publisher\":{\"@id\":\"https:\/\/aivlisoft.net\/shop\/#organization\"},\"potentialAction\":[{\"@type\":\"SearchAction\",\"target\":{\"@type\":\"EntryPoint\",\"urlTemplate\":\"https:\/\/aivlisoft.net\/shop\/?s={search_term_string}\"},\"query-input\":{\"@type\":\"PropertyValueSpecification\",\"valueRequired\":true,\"valueName\":\"search_term_string\"}}],\"inLanguage\":\"es\"},{\"@type\":\"Organization\",\"@id\":\"https:\/\/aivlisoft.net\/shop\/#organization\",\"name\":\"Aivlisoft Inform\u00e1tica\",\"url\":\"https:\/\/aivlisoft.net\/shop\/\",\"logo\":{\"@type\":\"ImageObject\",\"inLanguage\":\"es\",\"@id\":\"https:\/\/aivlisoft.net\/shop\/#\/schema\/logo\/image\/\",\"url\":\"https:\/\/aivlisoft.net\/shop\/wp-content\/uploads\/2024\/12\/removal.ai_5b848c54-0cdf-4140-95c5-c5536bb7573b-logodef.png\",\"contentUrl\":\"https:\/\/aivlisoft.net\/shop\/wp-content\/uploads\/2024\/12\/removal.ai_5b848c54-0cdf-4140-95c5-c5536bb7573b-logodef.png\",\"width\":484,\"height\":182,\"caption\":\"Aivlisoft Inform\u00e1tica\"},\"image\":{\"@id\":\"https:\/\/aivlisoft.net\/shop\/#\/schema\/logo\/image\/\"}}]}<\/script>\n<!-- \/ Yoast SEO plugin. -->","yoast_head_json":{"title":"Approx Switch Hdmi 4K\/30HZ 3P 4K - Aivlisoft Inform\u00e1tica","robots":{"index":"index","follow":"follow","max-snippet":"max-snippet:-1","max-image-preview":"max-image-preview:large","max-video-preview":"max-video-preview:-1"},"canonical":"https:\/\/aivlisoft.net\/shop\/producto\/approx-switch-hdmi-4k-30hz-3p-4k\/","og_locale":"es_ES","og_type":"article","og_title":"Approx Switch Hdmi 4K\/30HZ 3P 4K - Aivlisoft Inform\u00e1tica","og_description":"El appC29V3 es un switch HDMI de tres puertos HDMI de entrada y uno de salida, el cual conectado a su TV le permite seleccionar entre tres dispositivos HDMI, ocupando un solo puerto HDMI en su TV, es ideal para aquellos TV que tienen pocos puertos HDMI de entrada y necesitan conectar varios dispositivos a&hellip;&nbsp;Approx Switch Hdmi 4K\/30HZ 3P 4K","og_url":"https:\/\/aivlisoft.net\/shop\/producto\/approx-switch-hdmi-4k-30hz-3p-4k\/","og_site_name":"Aivlisoft Inform\u00e1tica","article_modified_time":"2025-01-14T10:20:03+00:00","og_image":[{"width":800,"height":800,"url":"https:\/\/aivlisoft.net\/shop\/wp-content\/uploads\/2025\/01\/ANEAHE0800_800-1.jpg","type":"image\/jpeg"}],"twitter_card":"summary_large_image","twitter_misc":{"Tiempo de lectura":"1 minuto"},"schema":{"@context":"https:\/\/schema.org","@graph":[{"@type":"WebPage","@id":"https:\/\/aivlisoft.net\/shop\/producto\/approx-switch-hdmi-4k-30hz-3p-4k\/","url":"https:\/\/aivlisoft.net\/shop\/producto\/approx-switch-hdmi-4k-30hz-3p-4k\/","name":"Approx Switch Hdmi 4K\/30HZ 3P 4K - Aivlisoft Inform\u00e1tica","isPartOf":{"@id":"https:\/\/aivlisoft.net\/shop\/#website"},"primaryImageOfPage":{"@id":"https:\/\/aivlisoft.net\/shop\/producto\/approx-switch-hdmi-4k-30hz-3p-4k\/#primaryimage"},"image":{"@id":"https:\/\/aivlisoft.net\/shop\/producto\/approx-switch-hdmi-4k-30hz-3p-4k\/#primaryimage"},"thumbnailUrl":"https:\/\/aivlisoft.net\/shop\/wp-content\/uploads\/2025\/01\/ANEAHE0800_800-1.jpg","datePublished":"2025-01-13T13:26:25+00:00","dateModified":"2025-01-14T10:20:03+00:00","breadcrumb":{"@id":"https:\/\/aivlisoft.net\/shop\/producto\/approx-switch-hdmi-4k-30hz-3p-4k\/#breadcrumb"},"inLanguage":"es","potentialAction":[{"@type":"ReadAction","target":["https:\/\/aivlisoft.net\/shop\/producto\/approx-switch-hdmi-4k-30hz-3p-4k\/"]}]},{"@type":"ImageObject","inLanguage":"es","@id":"https:\/\/aivlisoft.net\/shop\/producto\/approx-switch-hdmi-4k-30hz-3p-4k\/#primaryimage","url":"https:\/\/aivlisoft.net\/shop\/wp-content\/uploads\/2025\/01\/ANEAHE0800_800-1.jpg","contentUrl":"https:\/\/aivlisoft.net\/shop\/wp-content\/uploads\/2025\/01\/ANEAHE0800_800-1.jpg","width":800,"height":800},{"@type":"BreadcrumbList","@id":"https:\/\/aivlisoft.net\/shop\/producto\/approx-switch-hdmi-4k-30hz-3p-4k\/#breadcrumb","itemListElement":[{"@type":"ListItem","position":1,"name":"Portada","item":"https:\/\/aivlisoft.net\/shop\/"},{"@type":"ListItem","position":2,"name":"Tienda","item":"https:\/\/aivlisoft.net\/shop\/tienda\/"},{"@type":"ListItem","position":3,"name":"Approx Switch Hdmi 4K\/30HZ 3P 4K"}]},{"@type":"WebSite","@id":"https:\/\/aivlisoft.net\/shop\/#website","url":"https:\/\/aivlisoft.net\/shop\/","name":"Aivlisoft Inform\u00e1tica","description":"En Aivlisoft Inform\u00e1tica ofrecemos soluciones tecnol\u00f3gicas para empresas: venta de ordenadores, consumibles, perif\u00e9ricos y m\u00e1s. Calidad, atenci\u00f3n personalizada y los mejores precios para tu negocio.","publisher":{"@id":"https:\/\/aivlisoft.net\/shop\/#organization"},"potentialAction":[{"@type":"SearchAction","target":{"@type":"EntryPoint","urlTemplate":"https:\/\/aivlisoft.net\/shop\/?s={search_term_string}"},"query-input":{"@type":"PropertyValueSpecification","valueRequired":true,"valueName":"search_term_string"}}],"inLanguage":"es"},{"@type":"Organization","@id":"https:\/\/aivlisoft.net\/shop\/#organization","name":"Aivlisoft Inform\u00e1tica","url":"https:\/\/aivlisoft.net\/shop\/","logo":{"@type":"ImageObject","inLanguage":"es","@id":"https:\/\/aivlisoft.net\/shop\/#\/schema\/logo\/image\/","url":"https:\/\/aivlisoft.net\/shop\/wp-content\/uploads\/2024\/12\/removal.ai_5b848c54-0cdf-4140-95c5-c5536bb7573b-logodef.png","contentUrl":"https:\/\/aivlisoft.net\/shop\/wp-content\/uploads\/2024\/12\/removal.ai_5b848c54-0cdf-4140-95c5-c5536bb7573b-logodef.png","width":484,"height":182,"caption":"Aivlisoft Inform\u00e1tica"},"image":{"@id":"https:\/\/aivlisoft.net\/shop\/#\/schema\/logo\/image\/"}}]}},"_links":{"self":[{"href":"https:\/\/aivlisoft.net\/shop\/wp-json\/wp\/v2\/product\/5519","targetHints":{"allow":["GET"]}}],"collection":[{"href":"https:\/\/aivlisoft.net\/shop\/wp-json\/wp\/v2\/product"}],"about":[{"href":"https:\/\/aivlisoft.net\/shop\/wp-json\/wp\/v2\/types\/product"}],"wp:featuredmedia":[{"embeddable":true,"href":"https:\/\/aivlisoft.net\/shop\/wp-json\/wp\/v2\/media\/5520"}],"wp:attachment":[{"href":"https:\/\/aivlisoft.net\/shop\/wp-json\/wp\/v2\/media?parent=5519"}],"wp:term":[{"taxonomy":"product_brand","embeddable":true,"href":"https:\/\/aivlisoft.net\/shop\/wp-json\/wp\/v2\/product_brand?post=5519"},{"taxonomy":"product_cat","embeddable":true,"href":"https:\/\/aivlisoft.net\/shop\/wp-json\/wp\/v2\/product_cat?post=5519"},{"taxonomy":"product_tag","embeddable":true,"href":"https:\/\/aivlisoft.net\/shop\/wp-json\/wp\/v2\/product_tag?post=5519"}],"curies":[{"name":"wp","href":"https:\/\/api.w.org\/{rel}","templated":true}]}}