{"id":5133,"date":"2025-01-13T13:24:24","date_gmt":"2025-01-13T13:24:24","guid":{"rendered":"https:\/\/aivlisoft.com\/?post_type=product&#038;p=5133"},"modified":"2025-01-14T10:17:52","modified_gmt":"2025-01-14T10:17:52","slug":"nanocable-conversor-usb-3-0-c-ethernet-gigabit","status":"publish","type":"product","link":"https:\/\/aivlisoft.net\/shop\/producto\/nanocable-conversor-usb-3-0-c-ethernet-gigabit\/","title":{"rendered":"Nanocable Conversor USB 3.0 C Ethernet Gigabit"},"content":{"rendered":"<p><\/p>\n<table>\n<tbody>\n<tr>\n<td><strong>Marca<\/strong><\/td>\n<td>NANOCABLE<\/td>\n<\/tr>\n<tr>\n<td><strong>Modelo<\/strong><\/td>\n<td><strong>10.03.0402<\/strong><\/td>\n<\/tr>\n<tr>\n<td><strong>Caracteristicas<\/strong><\/td>\n<td>&#8211; La soluci&oacute;n m&aacute;s r&aacute;pida de USB-C a Gigabit ethernet que garantiza gran velocidad de transferencia con USB-C macho en un extremo y RJ45 hembra en el otro.<br \/>&#8211; Conectar y listo en Windows (8\/8.1\/10), Windows server 2008, Mac OS X (10.6-10.11), Linux OS etc.<br \/>&#8211; Compatible con IEEE 802.3, 802.3u and 802.3ab<br \/>&#8211; Chipset: RTL8153<br \/>&#8211; Velocidad de transferencia de datos: 10, 100, 1000 Mbit\/s<br \/>&#8211; El dispositivo se alimenta directamente del puerto USB sin necesidad de fuente alimentaci&oacute;n externa.<br \/>&#8211; Soporta detecci&oacute;n de crossover y correcci&oacute;n autom&aacute;tica.<br \/>&#8211; Longitud: 10 CM + 20 CM<br \/>&#8211; Color: Negro<br \/>&#8211; Normativas: RoHS<br \/>&#8211; Test de funcionamiento: 100% testado<br \/>Contenido del paquete:<br \/>&#8211; 1 x Conversor USB-C A ETHERNET GIGABIT 10\/100\/1000 Mbps. 15 CM<\/td>\n<\/tr>\n<tr>\n<td><strong>Fecha de revisi&oacute;n<\/strong><\/td>\n<td>24-04-2018 por AVN<\/td>\n<\/tr>\n<\/tbody>\n<\/table>\n","protected":false},"excerpt":{"rendered":"<p>Marca NANOCABLE Modelo 10.03.0402 Caracteristicas &#8211; La soluci&oacute;n m&aacute;s r&aacute;pida de USB-C a Gigabit ethernet que garantiza gran velocidad de transferencia con USB-C macho en un extremo y RJ45 hembra en el otro.&#8211; Conectar y listo en Windows (8\/8.1\/10), Windows server 2008, Mac OS X (10.6-10.11), Linux OS etc.&#8211; Compatible con IEEE 802.3, 802.3u and&hellip;&nbsp;<a href=\"https:\/\/aivlisoft.net\/shop\/producto\/nanocable-conversor-usb-3-0-c-ethernet-gigabit\/\" rel=\"bookmark\"><span class=\"screen-reader-text\">Nanocable Conversor USB 3.0 C Ethernet Gigabit<\/span><\/a><\/p>\n","protected":false},"featured_media":5134,"template":"","meta":{"neve_meta_sidebar":"","neve_meta_container":"","neve_meta_enable_content_width":"","neve_meta_content_width":0,"neve_meta_title_alignment":"","neve_meta_author_avatar":"","neve_post_elements_order":"","neve_meta_disable_header":"","neve_meta_disable_footer":"","neve_meta_disable_title":""},"product_brand":[],"product_cat":[8702],"product_tag":[1642],"class_list":{"0":"post-5133","1":"product","2":"type-product","3":"status-publish","4":"has-post-thumbnail","6":"product_cat-herramientasconectores-redes","7":"product_tag-10-03-0402","9":"first","10":"instock","11":"taxable","12":"shipping-taxable","13":"purchasable","14":"product-type-simple"},"yoast_head":"<!-- This site is optimized with the Yoast SEO plugin v26.0 - https:\/\/yoast.com\/wordpress\/plugins\/seo\/ -->\n<title>Nanocable Conversor USB 3.0 C Ethernet Gigabit - Aivlisoft Inform\u00e1tica<\/title>\n<meta name=\"robots\" content=\"index, follow, max-snippet:-1, max-image-preview:large, max-video-preview:-1\" \/>\n<link rel=\"canonical\" href=\"https:\/\/aivlisoft.net\/shop\/producto\/nanocable-conversor-usb-3-0-c-ethernet-gigabit\/\" \/>\n<meta property=\"og:locale\" content=\"es_ES\" \/>\n<meta property=\"og:type\" content=\"article\" \/>\n<meta property=\"og:title\" content=\"Nanocable Conversor USB 3.0 C Ethernet Gigabit - Aivlisoft Inform\u00e1tica\" \/>\n<meta property=\"og:description\" content=\"Marca NANOCABLE Modelo 10.03.0402 Caracteristicas &#8211; La soluci&oacute;n m&aacute;s r&aacute;pida de USB-C a Gigabit ethernet que garantiza gran velocidad de transferencia con USB-C macho en un extremo y RJ45 hembra en el otro.&#8211; Conectar y listo en Windows (8\/8.1\/10), Windows server 2008, Mac OS X (10.6-10.11), Linux OS etc.&#8211; Compatible con IEEE 802.3, 802.3u and&hellip;&nbsp;Nanocable Conversor USB 3.0 C Ethernet Gigabit\" \/>\n<meta property=\"og:url\" content=\"https:\/\/aivlisoft.net\/shop\/producto\/nanocable-conversor-usb-3-0-c-ethernet-gigabit\/\" \/>\n<meta property=\"og:site_name\" content=\"Aivlisoft Inform\u00e1tica\" \/>\n<meta property=\"article:modified_time\" content=\"2025-01-14T10:17:52+00:00\" \/>\n<meta property=\"og:image\" content=\"https:\/\/aivlisoft.net\/shop\/wp-content\/uploads\/2025\/01\/ANEAHE0439_800-1.jpg\" \/>\n\t<meta property=\"og:image:width\" content=\"800\" \/>\n\t<meta property=\"og:image:height\" content=\"800\" \/>\n\t<meta property=\"og:image:type\" content=\"image\/jpeg\" \/>\n<meta name=\"twitter:card\" content=\"summary_large_image\" \/>\n<meta name=\"twitter:label1\" content=\"Tiempo de lectura\" \/>\n\t<meta name=\"twitter:data1\" content=\"1 minuto\" \/>\n<script type=\"application\/ld+json\" class=\"yoast-schema-graph\">{\"@context\":\"https:\/\/schema.org\",\"@graph\":[{\"@type\":\"WebPage\",\"@id\":\"https:\/\/aivlisoft.net\/shop\/producto\/nanocable-conversor-usb-3-0-c-ethernet-gigabit\/\",\"url\":\"https:\/\/aivlisoft.net\/shop\/producto\/nanocable-conversor-usb-3-0-c-ethernet-gigabit\/\",\"name\":\"Nanocable Conversor USB 3.0 C Ethernet Gigabit - Aivlisoft Inform\u00e1tica\",\"isPartOf\":{\"@id\":\"https:\/\/aivlisoft.net\/shop\/#website\"},\"primaryImageOfPage\":{\"@id\":\"https:\/\/aivlisoft.net\/shop\/producto\/nanocable-conversor-usb-3-0-c-ethernet-gigabit\/#primaryimage\"},\"image\":{\"@id\":\"https:\/\/aivlisoft.net\/shop\/producto\/nanocable-conversor-usb-3-0-c-ethernet-gigabit\/#primaryimage\"},\"thumbnailUrl\":\"https:\/\/aivlisoft.net\/shop\/wp-content\/uploads\/2025\/01\/ANEAHE0439_800-1.jpg\",\"datePublished\":\"2025-01-13T13:24:24+00:00\",\"dateModified\":\"2025-01-14T10:17:52+00:00\",\"breadcrumb\":{\"@id\":\"https:\/\/aivlisoft.net\/shop\/producto\/nanocable-conversor-usb-3-0-c-ethernet-gigabit\/#breadcrumb\"},\"inLanguage\":\"es\",\"potentialAction\":[{\"@type\":\"ReadAction\",\"target\":[\"https:\/\/aivlisoft.net\/shop\/producto\/nanocable-conversor-usb-3-0-c-ethernet-gigabit\/\"]}]},{\"@type\":\"ImageObject\",\"inLanguage\":\"es\",\"@id\":\"https:\/\/aivlisoft.net\/shop\/producto\/nanocable-conversor-usb-3-0-c-ethernet-gigabit\/#primaryimage\",\"url\":\"https:\/\/aivlisoft.net\/shop\/wp-content\/uploads\/2025\/01\/ANEAHE0439_800-1.jpg\",\"contentUrl\":\"https:\/\/aivlisoft.net\/shop\/wp-content\/uploads\/2025\/01\/ANEAHE0439_800-1.jpg\",\"width\":800,\"height\":800},{\"@type\":\"BreadcrumbList\",\"@id\":\"https:\/\/aivlisoft.net\/shop\/producto\/nanocable-conversor-usb-3-0-c-ethernet-gigabit\/#breadcrumb\",\"itemListElement\":[{\"@type\":\"ListItem\",\"position\":1,\"name\":\"Portada\",\"item\":\"https:\/\/aivlisoft.net\/shop\/\"},{\"@type\":\"ListItem\",\"position\":2,\"name\":\"Tienda\",\"item\":\"https:\/\/aivlisoft.net\/shop\/tienda\/\"},{\"@type\":\"ListItem\",\"position\":3,\"name\":\"Nanocable Conversor USB 3.0 C Ethernet Gigabit\"}]},{\"@type\":\"WebSite\",\"@id\":\"https:\/\/aivlisoft.net\/shop\/#website\",\"url\":\"https:\/\/aivlisoft.net\/shop\/\",\"name\":\"Aivlisoft Inform\u00e1tica\",\"description\":\"En Aivlisoft Inform\u00e1tica ofrecemos soluciones tecnol\u00f3gicas para empresas: venta de ordenadores, consumibles, perif\u00e9ricos y m\u00e1s. Calidad, atenci\u00f3n personalizada y los mejores precios para tu negocio.\",\"publisher\":{\"@id\":\"https:\/\/aivlisoft.net\/shop\/#organization\"},\"potentialAction\":[{\"@type\":\"SearchAction\",\"target\":{\"@type\":\"EntryPoint\",\"urlTemplate\":\"https:\/\/aivlisoft.net\/shop\/?s={search_term_string}\"},\"query-input\":{\"@type\":\"PropertyValueSpecification\",\"valueRequired\":true,\"valueName\":\"search_term_string\"}}],\"inLanguage\":\"es\"},{\"@type\":\"Organization\",\"@id\":\"https:\/\/aivlisoft.net\/shop\/#organization\",\"name\":\"Aivlisoft Inform\u00e1tica\",\"url\":\"https:\/\/aivlisoft.net\/shop\/\",\"logo\":{\"@type\":\"ImageObject\",\"inLanguage\":\"es\",\"@id\":\"https:\/\/aivlisoft.net\/shop\/#\/schema\/logo\/image\/\",\"url\":\"https:\/\/aivlisoft.net\/shop\/wp-content\/uploads\/2024\/12\/removal.ai_5b848c54-0cdf-4140-95c5-c5536bb7573b-logodef.png\",\"contentUrl\":\"https:\/\/aivlisoft.net\/shop\/wp-content\/uploads\/2024\/12\/removal.ai_5b848c54-0cdf-4140-95c5-c5536bb7573b-logodef.png\",\"width\":484,\"height\":182,\"caption\":\"Aivlisoft Inform\u00e1tica\"},\"image\":{\"@id\":\"https:\/\/aivlisoft.net\/shop\/#\/schema\/logo\/image\/\"}}]}<\/script>\n<!-- \/ Yoast SEO plugin. -->","yoast_head_json":{"title":"Nanocable Conversor USB 3.0 C Ethernet Gigabit - Aivlisoft Inform\u00e1tica","robots":{"index":"index","follow":"follow","max-snippet":"max-snippet:-1","max-image-preview":"max-image-preview:large","max-video-preview":"max-video-preview:-1"},"canonical":"https:\/\/aivlisoft.net\/shop\/producto\/nanocable-conversor-usb-3-0-c-ethernet-gigabit\/","og_locale":"es_ES","og_type":"article","og_title":"Nanocable Conversor USB 3.0 C Ethernet Gigabit - Aivlisoft Inform\u00e1tica","og_description":"Marca NANOCABLE Modelo 10.03.0402 Caracteristicas &#8211; La soluci&oacute;n m&aacute;s r&aacute;pida de USB-C a Gigabit ethernet que garantiza gran velocidad de transferencia con USB-C macho en un extremo y RJ45 hembra en el otro.&#8211; Conectar y listo en Windows (8\/8.1\/10), Windows server 2008, Mac OS X (10.6-10.11), Linux OS etc.&#8211; Compatible con IEEE 802.3, 802.3u and&hellip;&nbsp;Nanocable Conversor USB 3.0 C Ethernet Gigabit","og_url":"https:\/\/aivlisoft.net\/shop\/producto\/nanocable-conversor-usb-3-0-c-ethernet-gigabit\/","og_site_name":"Aivlisoft Inform\u00e1tica","article_modified_time":"2025-01-14T10:17:52+00:00","og_image":[{"width":800,"height":800,"url":"https:\/\/aivlisoft.net\/shop\/wp-content\/uploads\/2025\/01\/ANEAHE0439_800-1.jpg","type":"image\/jpeg"}],"twitter_card":"summary_large_image","twitter_misc":{"Tiempo de lectura":"1 minuto"},"schema":{"@context":"https:\/\/schema.org","@graph":[{"@type":"WebPage","@id":"https:\/\/aivlisoft.net\/shop\/producto\/nanocable-conversor-usb-3-0-c-ethernet-gigabit\/","url":"https:\/\/aivlisoft.net\/shop\/producto\/nanocable-conversor-usb-3-0-c-ethernet-gigabit\/","name":"Nanocable Conversor USB 3.0 C Ethernet Gigabit - Aivlisoft Inform\u00e1tica","isPartOf":{"@id":"https:\/\/aivlisoft.net\/shop\/#website"},"primaryImageOfPage":{"@id":"https:\/\/aivlisoft.net\/shop\/producto\/nanocable-conversor-usb-3-0-c-ethernet-gigabit\/#primaryimage"},"image":{"@id":"https:\/\/aivlisoft.net\/shop\/producto\/nanocable-conversor-usb-3-0-c-ethernet-gigabit\/#primaryimage"},"thumbnailUrl":"https:\/\/aivlisoft.net\/shop\/wp-content\/uploads\/2025\/01\/ANEAHE0439_800-1.jpg","datePublished":"2025-01-13T13:24:24+00:00","dateModified":"2025-01-14T10:17:52+00:00","breadcrumb":{"@id":"https:\/\/aivlisoft.net\/shop\/producto\/nanocable-conversor-usb-3-0-c-ethernet-gigabit\/#breadcrumb"},"inLanguage":"es","potentialAction":[{"@type":"ReadAction","target":["https:\/\/aivlisoft.net\/shop\/producto\/nanocable-conversor-usb-3-0-c-ethernet-gigabit\/"]}]},{"@type":"ImageObject","inLanguage":"es","@id":"https:\/\/aivlisoft.net\/shop\/producto\/nanocable-conversor-usb-3-0-c-ethernet-gigabit\/#primaryimage","url":"https:\/\/aivlisoft.net\/shop\/wp-content\/uploads\/2025\/01\/ANEAHE0439_800-1.jpg","contentUrl":"https:\/\/aivlisoft.net\/shop\/wp-content\/uploads\/2025\/01\/ANEAHE0439_800-1.jpg","width":800,"height":800},{"@type":"BreadcrumbList","@id":"https:\/\/aivlisoft.net\/shop\/producto\/nanocable-conversor-usb-3-0-c-ethernet-gigabit\/#breadcrumb","itemListElement":[{"@type":"ListItem","position":1,"name":"Portada","item":"https:\/\/aivlisoft.net\/shop\/"},{"@type":"ListItem","position":2,"name":"Tienda","item":"https:\/\/aivlisoft.net\/shop\/tienda\/"},{"@type":"ListItem","position":3,"name":"Nanocable Conversor USB 3.0 C Ethernet Gigabit"}]},{"@type":"WebSite","@id":"https:\/\/aivlisoft.net\/shop\/#website","url":"https:\/\/aivlisoft.net\/shop\/","name":"Aivlisoft Inform\u00e1tica","description":"En Aivlisoft Inform\u00e1tica ofrecemos soluciones tecnol\u00f3gicas para empresas: venta de ordenadores, consumibles, perif\u00e9ricos y m\u00e1s. Calidad, atenci\u00f3n personalizada y los mejores precios para tu negocio.","publisher":{"@id":"https:\/\/aivlisoft.net\/shop\/#organization"},"potentialAction":[{"@type":"SearchAction","target":{"@type":"EntryPoint","urlTemplate":"https:\/\/aivlisoft.net\/shop\/?s={search_term_string}"},"query-input":{"@type":"PropertyValueSpecification","valueRequired":true,"valueName":"search_term_string"}}],"inLanguage":"es"},{"@type":"Organization","@id":"https:\/\/aivlisoft.net\/shop\/#organization","name":"Aivlisoft Inform\u00e1tica","url":"https:\/\/aivlisoft.net\/shop\/","logo":{"@type":"ImageObject","inLanguage":"es","@id":"https:\/\/aivlisoft.net\/shop\/#\/schema\/logo\/image\/","url":"https:\/\/aivlisoft.net\/shop\/wp-content\/uploads\/2024\/12\/removal.ai_5b848c54-0cdf-4140-95c5-c5536bb7573b-logodef.png","contentUrl":"https:\/\/aivlisoft.net\/shop\/wp-content\/uploads\/2024\/12\/removal.ai_5b848c54-0cdf-4140-95c5-c5536bb7573b-logodef.png","width":484,"height":182,"caption":"Aivlisoft Inform\u00e1tica"},"image":{"@id":"https:\/\/aivlisoft.net\/shop\/#\/schema\/logo\/image\/"}}]}},"_links":{"self":[{"href":"https:\/\/aivlisoft.net\/shop\/wp-json\/wp\/v2\/product\/5133","targetHints":{"allow":["GET"]}}],"collection":[{"href":"https:\/\/aivlisoft.net\/shop\/wp-json\/wp\/v2\/product"}],"about":[{"href":"https:\/\/aivlisoft.net\/shop\/wp-json\/wp\/v2\/types\/product"}],"wp:featuredmedia":[{"embeddable":true,"href":"https:\/\/aivlisoft.net\/shop\/wp-json\/wp\/v2\/media\/5134"}],"wp:attachment":[{"href":"https:\/\/aivlisoft.net\/shop\/wp-json\/wp\/v2\/media?parent=5133"}],"wp:term":[{"taxonomy":"product_brand","embeddable":true,"href":"https:\/\/aivlisoft.net\/shop\/wp-json\/wp\/v2\/product_brand?post=5133"},{"taxonomy":"product_cat","embeddable":true,"href":"https:\/\/aivlisoft.net\/shop\/wp-json\/wp\/v2\/product_cat?post=5133"},{"taxonomy":"product_tag","embeddable":true,"href":"https:\/\/aivlisoft.net\/shop\/wp-json\/wp\/v2\/product_tag?post=5133"}],"curies":[{"name":"wp","href":"https:\/\/api.w.org\/{rel}","templated":true}]}}