{"id":4973,"date":"2025-01-13T13:23:20","date_gmt":"2025-01-13T13:23:20","guid":{"rendered":"https:\/\/aivlisoft.com\/?post_type=product&#038;p=4973"},"modified":"2025-01-14T10:16:35","modified_gmt":"2025-01-14T10:16:35","slug":"monolyth-armario-mural-10-6u-3306-310x260x340","status":"publish","type":"product","link":"https:\/\/aivlisoft.net\/shop\/producto\/monolyth-armario-mural-10-6u-3306-310x260x340\/","title":{"rendered":"Monolyth Armario Mural 10&#8243; 6U 3306 310X260x340"},"content":{"rendered":"<p><\/p>\n<table class=\"tabla_caracteristicas\" width=\"100%\">\n<tr>\n<td valign=\"top\"><strong>Marca<\/strong><\/td>\n<td>Monolyth<\/td>\n<\/tr>\n<tr>\n<td valign=\"top\"><strong>Modelo<\/strong><\/td>\n<td><strong>PR-M3306M<\/strong><\/td>\n<\/tr>\n<tr>\n<td valign=\"top\"><strong>Caracter&iacute;stica<\/strong><\/td>\n<td>&#8211; Altura<strong>: 6U <\/strong> (1U = 4.45cm)<br \/>\t\t\t<strong>&#8211; <\/strong>Est&aacute;ndar:<strong> 10&#8243;<\/strong><br \/>\t\t\t&#8211; Tratamientos superficiales: Desengrasado, fosfatado, decapado (Pickling), recubrimiento en polvo (Power Coating)<br \/>\t\t\t&#8211; Grado de protecci&oacute;n: IP20<br \/>\t\t\t&#8211; Instalaci&oacute;n y mantenimiento sencillos<br \/>\t\t\t&#8211; Puerta delantera de cristal templado, con apertura de seguridad y llave<br \/>\t\t\t&#8211; Entradas de cableado en techo, trasera y suelo<br \/>\t\t\t&#8211; Rejillas laterales y soporte para ventilador de 12cm en el techo<br \/>\t\t\t&#8211; Acero laminado en fr&iacute;ode alta calidad (SPCC)<br \/>\t\t\t&#8211; Puerta delantera de cristal<br \/>\t\t\t&#8211; Est&aacute;ndares industriales:<br \/>\t\t\t&nbsp; ANSI\/EIA RS-310-D, IEC297-2, DIN41491: Part 1<br \/>\t\t\t&nbsp; DIN41491: Part 7, ETSI STANDARD<br \/>\t\t\t<strong>Dimensiones<\/strong><br \/>\t\t\t&#8211; 310 x 260 x 340 mm<br \/>\t\t\t<strong>Contiene<\/strong><br \/>\t\t\t&#8211; Torniller&iacute;a&nbsp;<br \/>\t\t\t&#8211; Juego de llaves para cerraduras<\/td>\n<\/tr>\n<tr>\n<td valign=\"top\"><strong>Fecha de revisi&oacute;n<\/strong><\/td>\n<td>29-08-2024 por RTY<\/td>\n<\/tr>\n<\/table>\n","protected":false},"excerpt":{"rendered":"<p>Marca Monolyth Modelo PR-M3306M Caracter&iacute;stica &#8211; Altura: 6U (1U = 4.45cm) &#8211; Est&aacute;ndar: 10&#8243; &#8211; Tratamientos superficiales: Desengrasado, fosfatado, decapado (Pickling), recubrimiento en polvo (Power Coating) &#8211; Grado de protecci&oacute;n: IP20 &#8211; Instalaci&oacute;n y mantenimiento sencillos &#8211; Puerta delantera de cristal templado, con apertura de seguridad y llave &#8211; Entradas de cableado en techo, trasera&hellip;&nbsp;<a href=\"https:\/\/aivlisoft.net\/shop\/producto\/monolyth-armario-mural-10-6u-3306-310x260x340\/\" rel=\"bookmark\"><span class=\"screen-reader-text\">Monolyth Armario Mural 10&#8243; 6U 3306 310X260x340<\/span><\/a><\/p>\n","protected":false},"featured_media":4974,"template":"","meta":{"neve_meta_sidebar":"","neve_meta_container":"","neve_meta_enable_content_width":"","neve_meta_content_width":0,"neve_meta_title_alignment":"","neve_meta_author_avatar":"","neve_post_elements_order":"","neve_meta_disable_header":"","neve_meta_disable_footer":"","neve_meta_disable_title":""},"product_brand":[],"product_cat":[8701],"product_tag":[1575],"class_list":{"0":"post-4973","1":"product","2":"type-product","3":"status-publish","4":"has-post-thumbnail","6":"product_cat-armarios-rack-y-accesorios","7":"product_tag-pr-m3306m","9":"first","10":"instock","11":"taxable","12":"shipping-taxable","13":"purchasable","14":"product-type-simple"},"yoast_head":"<!-- This site is optimized with the Yoast SEO plugin v26.0 - https:\/\/yoast.com\/wordpress\/plugins\/seo\/ -->\n<title>Monolyth Armario Mural 10&quot; 6U 3306 310X260x340 - Aivlisoft Inform\u00e1tica<\/title>\n<meta name=\"robots\" content=\"index, follow, max-snippet:-1, max-image-preview:large, max-video-preview:-1\" \/>\n<link rel=\"canonical\" href=\"https:\/\/aivlisoft.net\/shop\/producto\/monolyth-armario-mural-10-6u-3306-310x260x340\/\" \/>\n<meta property=\"og:locale\" content=\"es_ES\" \/>\n<meta property=\"og:type\" content=\"article\" \/>\n<meta property=\"og:title\" content=\"Monolyth Armario Mural 10&quot; 6U 3306 310X260x340 - Aivlisoft Inform\u00e1tica\" \/>\n<meta property=\"og:description\" content=\"Marca Monolyth Modelo PR-M3306M Caracter&iacute;stica &#8211; Altura: 6U (1U = 4.45cm) &#8211; Est&aacute;ndar: 10&#8243; &#8211; Tratamientos superficiales: Desengrasado, fosfatado, decapado (Pickling), recubrimiento en polvo (Power Coating) &#8211; Grado de protecci&oacute;n: IP20 &#8211; Instalaci&oacute;n y mantenimiento sencillos &#8211; Puerta delantera de cristal templado, con apertura de seguridad y llave &#8211; Entradas de cableado en techo, trasera&hellip;&nbsp;Monolyth Armario Mural 10&#8243; 6U 3306 310X260x340\" \/>\n<meta property=\"og:url\" content=\"https:\/\/aivlisoft.net\/shop\/producto\/monolyth-armario-mural-10-6u-3306-310x260x340\/\" \/>\n<meta property=\"og:site_name\" content=\"Aivlisoft Inform\u00e1tica\" \/>\n<meta property=\"article:modified_time\" content=\"2025-01-14T10:16:35+00:00\" \/>\n<meta property=\"og:image\" content=\"https:\/\/aivlisoft.net\/shop\/wp-content\/uploads\/2025\/01\/ANEAAA0447_800-1.jpg\" \/>\n\t<meta property=\"og:image:width\" content=\"800\" \/>\n\t<meta property=\"og:image:height\" content=\"800\" \/>\n\t<meta property=\"og:image:type\" content=\"image\/jpeg\" \/>\n<meta name=\"twitter:card\" content=\"summary_large_image\" \/>\n<meta name=\"twitter:label1\" content=\"Tiempo de lectura\" \/>\n\t<meta name=\"twitter:data1\" content=\"1 minuto\" \/>\n<script type=\"application\/ld+json\" class=\"yoast-schema-graph\">{\"@context\":\"https:\/\/schema.org\",\"@graph\":[{\"@type\":\"WebPage\",\"@id\":\"https:\/\/aivlisoft.net\/shop\/producto\/monolyth-armario-mural-10-6u-3306-310x260x340\/\",\"url\":\"https:\/\/aivlisoft.net\/shop\/producto\/monolyth-armario-mural-10-6u-3306-310x260x340\/\",\"name\":\"Monolyth Armario Mural 10\\\" 6U 3306 310X260x340 - Aivlisoft Inform\u00e1tica\",\"isPartOf\":{\"@id\":\"https:\/\/aivlisoft.net\/shop\/#website\"},\"primaryImageOfPage\":{\"@id\":\"https:\/\/aivlisoft.net\/shop\/producto\/monolyth-armario-mural-10-6u-3306-310x260x340\/#primaryimage\"},\"image\":{\"@id\":\"https:\/\/aivlisoft.net\/shop\/producto\/monolyth-armario-mural-10-6u-3306-310x260x340\/#primaryimage\"},\"thumbnailUrl\":\"https:\/\/aivlisoft.net\/shop\/wp-content\/uploads\/2025\/01\/ANEAAA0447_800-1.jpg\",\"datePublished\":\"2025-01-13T13:23:20+00:00\",\"dateModified\":\"2025-01-14T10:16:35+00:00\",\"breadcrumb\":{\"@id\":\"https:\/\/aivlisoft.net\/shop\/producto\/monolyth-armario-mural-10-6u-3306-310x260x340\/#breadcrumb\"},\"inLanguage\":\"es\",\"potentialAction\":[{\"@type\":\"ReadAction\",\"target\":[\"https:\/\/aivlisoft.net\/shop\/producto\/monolyth-armario-mural-10-6u-3306-310x260x340\/\"]}]},{\"@type\":\"ImageObject\",\"inLanguage\":\"es\",\"@id\":\"https:\/\/aivlisoft.net\/shop\/producto\/monolyth-armario-mural-10-6u-3306-310x260x340\/#primaryimage\",\"url\":\"https:\/\/aivlisoft.net\/shop\/wp-content\/uploads\/2025\/01\/ANEAAA0447_800-1.jpg\",\"contentUrl\":\"https:\/\/aivlisoft.net\/shop\/wp-content\/uploads\/2025\/01\/ANEAAA0447_800-1.jpg\",\"width\":800,\"height\":800},{\"@type\":\"BreadcrumbList\",\"@id\":\"https:\/\/aivlisoft.net\/shop\/producto\/monolyth-armario-mural-10-6u-3306-310x260x340\/#breadcrumb\",\"itemListElement\":[{\"@type\":\"ListItem\",\"position\":1,\"name\":\"Portada\",\"item\":\"https:\/\/aivlisoft.net\/shop\/\"},{\"@type\":\"ListItem\",\"position\":2,\"name\":\"Tienda\",\"item\":\"https:\/\/aivlisoft.net\/shop\/tienda\/\"},{\"@type\":\"ListItem\",\"position\":3,\"name\":\"Monolyth Armario Mural 10&#8243; 6U 3306 310X260x340\"}]},{\"@type\":\"WebSite\",\"@id\":\"https:\/\/aivlisoft.net\/shop\/#website\",\"url\":\"https:\/\/aivlisoft.net\/shop\/\",\"name\":\"Aivlisoft Inform\u00e1tica\",\"description\":\"En Aivlisoft Inform\u00e1tica ofrecemos soluciones tecnol\u00f3gicas para empresas: venta de ordenadores, consumibles, perif\u00e9ricos y m\u00e1s. Calidad, atenci\u00f3n personalizada y los mejores precios para tu negocio.\",\"publisher\":{\"@id\":\"https:\/\/aivlisoft.net\/shop\/#organization\"},\"potentialAction\":[{\"@type\":\"SearchAction\",\"target\":{\"@type\":\"EntryPoint\",\"urlTemplate\":\"https:\/\/aivlisoft.net\/shop\/?s={search_term_string}\"},\"query-input\":{\"@type\":\"PropertyValueSpecification\",\"valueRequired\":true,\"valueName\":\"search_term_string\"}}],\"inLanguage\":\"es\"},{\"@type\":\"Organization\",\"@id\":\"https:\/\/aivlisoft.net\/shop\/#organization\",\"name\":\"Aivlisoft Inform\u00e1tica\",\"url\":\"https:\/\/aivlisoft.net\/shop\/\",\"logo\":{\"@type\":\"ImageObject\",\"inLanguage\":\"es\",\"@id\":\"https:\/\/aivlisoft.net\/shop\/#\/schema\/logo\/image\/\",\"url\":\"https:\/\/aivlisoft.net\/shop\/wp-content\/uploads\/2024\/12\/removal.ai_5b848c54-0cdf-4140-95c5-c5536bb7573b-logodef.png\",\"contentUrl\":\"https:\/\/aivlisoft.net\/shop\/wp-content\/uploads\/2024\/12\/removal.ai_5b848c54-0cdf-4140-95c5-c5536bb7573b-logodef.png\",\"width\":484,\"height\":182,\"caption\":\"Aivlisoft Inform\u00e1tica\"},\"image\":{\"@id\":\"https:\/\/aivlisoft.net\/shop\/#\/schema\/logo\/image\/\"}}]}<\/script>\n<!-- \/ Yoast SEO plugin. -->","yoast_head_json":{"title":"Monolyth Armario Mural 10\" 6U 3306 310X260x340 - Aivlisoft Inform\u00e1tica","robots":{"index":"index","follow":"follow","max-snippet":"max-snippet:-1","max-image-preview":"max-image-preview:large","max-video-preview":"max-video-preview:-1"},"canonical":"https:\/\/aivlisoft.net\/shop\/producto\/monolyth-armario-mural-10-6u-3306-310x260x340\/","og_locale":"es_ES","og_type":"article","og_title":"Monolyth Armario Mural 10\" 6U 3306 310X260x340 - Aivlisoft Inform\u00e1tica","og_description":"Marca Monolyth Modelo PR-M3306M Caracter&iacute;stica &#8211; Altura: 6U (1U = 4.45cm) &#8211; Est&aacute;ndar: 10&#8243; &#8211; Tratamientos superficiales: Desengrasado, fosfatado, decapado (Pickling), recubrimiento en polvo (Power Coating) &#8211; Grado de protecci&oacute;n: IP20 &#8211; Instalaci&oacute;n y mantenimiento sencillos &#8211; Puerta delantera de cristal templado, con apertura de seguridad y llave &#8211; Entradas de cableado en techo, trasera&hellip;&nbsp;Monolyth Armario Mural 10&#8243; 6U 3306 310X260x340","og_url":"https:\/\/aivlisoft.net\/shop\/producto\/monolyth-armario-mural-10-6u-3306-310x260x340\/","og_site_name":"Aivlisoft Inform\u00e1tica","article_modified_time":"2025-01-14T10:16:35+00:00","og_image":[{"width":800,"height":800,"url":"https:\/\/aivlisoft.net\/shop\/wp-content\/uploads\/2025\/01\/ANEAAA0447_800-1.jpg","type":"image\/jpeg"}],"twitter_card":"summary_large_image","twitter_misc":{"Tiempo de lectura":"1 minuto"},"schema":{"@context":"https:\/\/schema.org","@graph":[{"@type":"WebPage","@id":"https:\/\/aivlisoft.net\/shop\/producto\/monolyth-armario-mural-10-6u-3306-310x260x340\/","url":"https:\/\/aivlisoft.net\/shop\/producto\/monolyth-armario-mural-10-6u-3306-310x260x340\/","name":"Monolyth Armario Mural 10\" 6U 3306 310X260x340 - Aivlisoft Inform\u00e1tica","isPartOf":{"@id":"https:\/\/aivlisoft.net\/shop\/#website"},"primaryImageOfPage":{"@id":"https:\/\/aivlisoft.net\/shop\/producto\/monolyth-armario-mural-10-6u-3306-310x260x340\/#primaryimage"},"image":{"@id":"https:\/\/aivlisoft.net\/shop\/producto\/monolyth-armario-mural-10-6u-3306-310x260x340\/#primaryimage"},"thumbnailUrl":"https:\/\/aivlisoft.net\/shop\/wp-content\/uploads\/2025\/01\/ANEAAA0447_800-1.jpg","datePublished":"2025-01-13T13:23:20+00:00","dateModified":"2025-01-14T10:16:35+00:00","breadcrumb":{"@id":"https:\/\/aivlisoft.net\/shop\/producto\/monolyth-armario-mural-10-6u-3306-310x260x340\/#breadcrumb"},"inLanguage":"es","potentialAction":[{"@type":"ReadAction","target":["https:\/\/aivlisoft.net\/shop\/producto\/monolyth-armario-mural-10-6u-3306-310x260x340\/"]}]},{"@type":"ImageObject","inLanguage":"es","@id":"https:\/\/aivlisoft.net\/shop\/producto\/monolyth-armario-mural-10-6u-3306-310x260x340\/#primaryimage","url":"https:\/\/aivlisoft.net\/shop\/wp-content\/uploads\/2025\/01\/ANEAAA0447_800-1.jpg","contentUrl":"https:\/\/aivlisoft.net\/shop\/wp-content\/uploads\/2025\/01\/ANEAAA0447_800-1.jpg","width":800,"height":800},{"@type":"BreadcrumbList","@id":"https:\/\/aivlisoft.net\/shop\/producto\/monolyth-armario-mural-10-6u-3306-310x260x340\/#breadcrumb","itemListElement":[{"@type":"ListItem","position":1,"name":"Portada","item":"https:\/\/aivlisoft.net\/shop\/"},{"@type":"ListItem","position":2,"name":"Tienda","item":"https:\/\/aivlisoft.net\/shop\/tienda\/"},{"@type":"ListItem","position":3,"name":"Monolyth Armario Mural 10&#8243; 6U 3306 310X260x340"}]},{"@type":"WebSite","@id":"https:\/\/aivlisoft.net\/shop\/#website","url":"https:\/\/aivlisoft.net\/shop\/","name":"Aivlisoft Inform\u00e1tica","description":"En Aivlisoft Inform\u00e1tica ofrecemos soluciones tecnol\u00f3gicas para empresas: venta de ordenadores, consumibles, perif\u00e9ricos y m\u00e1s. Calidad, atenci\u00f3n personalizada y los mejores precios para tu negocio.","publisher":{"@id":"https:\/\/aivlisoft.net\/shop\/#organization"},"potentialAction":[{"@type":"SearchAction","target":{"@type":"EntryPoint","urlTemplate":"https:\/\/aivlisoft.net\/shop\/?s={search_term_string}"},"query-input":{"@type":"PropertyValueSpecification","valueRequired":true,"valueName":"search_term_string"}}],"inLanguage":"es"},{"@type":"Organization","@id":"https:\/\/aivlisoft.net\/shop\/#organization","name":"Aivlisoft Inform\u00e1tica","url":"https:\/\/aivlisoft.net\/shop\/","logo":{"@type":"ImageObject","inLanguage":"es","@id":"https:\/\/aivlisoft.net\/shop\/#\/schema\/logo\/image\/","url":"https:\/\/aivlisoft.net\/shop\/wp-content\/uploads\/2024\/12\/removal.ai_5b848c54-0cdf-4140-95c5-c5536bb7573b-logodef.png","contentUrl":"https:\/\/aivlisoft.net\/shop\/wp-content\/uploads\/2024\/12\/removal.ai_5b848c54-0cdf-4140-95c5-c5536bb7573b-logodef.png","width":484,"height":182,"caption":"Aivlisoft Inform\u00e1tica"},"image":{"@id":"https:\/\/aivlisoft.net\/shop\/#\/schema\/logo\/image\/"}}]}},"_links":{"self":[{"href":"https:\/\/aivlisoft.net\/shop\/wp-json\/wp\/v2\/product\/4973","targetHints":{"allow":["GET"]}}],"collection":[{"href":"https:\/\/aivlisoft.net\/shop\/wp-json\/wp\/v2\/product"}],"about":[{"href":"https:\/\/aivlisoft.net\/shop\/wp-json\/wp\/v2\/types\/product"}],"wp:featuredmedia":[{"embeddable":true,"href":"https:\/\/aivlisoft.net\/shop\/wp-json\/wp\/v2\/media\/4974"}],"wp:attachment":[{"href":"https:\/\/aivlisoft.net\/shop\/wp-json\/wp\/v2\/media?parent=4973"}],"wp:term":[{"taxonomy":"product_brand","embeddable":true,"href":"https:\/\/aivlisoft.net\/shop\/wp-json\/wp\/v2\/product_brand?post=4973"},{"taxonomy":"product_cat","embeddable":true,"href":"https:\/\/aivlisoft.net\/shop\/wp-json\/wp\/v2\/product_cat?post=4973"},{"taxonomy":"product_tag","embeddable":true,"href":"https:\/\/aivlisoft.net\/shop\/wp-json\/wp\/v2\/product_tag?post=4973"}],"curies":[{"name":"wp","href":"https:\/\/api.w.org\/{rel}","templated":true}]}}