{"id":4967,"date":"2025-01-13T13:23:18","date_gmt":"2025-01-13T13:23:18","guid":{"rendered":"https:\/\/aivlisoft.com\/?post_type=product&#038;p=4967"},"modified":"2025-01-14T10:16:34","modified_gmt":"2025-01-14T10:16:34","slug":"monolyth-bandeja-techo-4-ventiladores-armario-1000","status":"publish","type":"product","link":"https:\/\/aivlisoft.net\/shop\/producto\/monolyth-bandeja-techo-4-ventiladores-armario-1000\/","title":{"rendered":"Monolyth Bandeja Techo 4 Ventiladores Armario 1000"},"content":{"rendered":"<p>Bandeja de 4 ventiladores tipo AC Axial Fan, con fijaci&oacute;n de techo, ayuda a mantener el flujo de aire del interior del armario al exterior, para evitar sobrecalentamiento de los sistemas o equipos que alberguen.<\/p>\n<table class=\"tabla_caracteristicas\" width=\"100%\">\n<tr>\n<td valign=\"top\"><strong>Marca<\/strong><\/td>\n<td>Monolyth<\/td>\n<\/tr>\n<tr>\n<td valign=\"top\"><strong>Modelo<\/strong><\/td>\n<td><strong>3041500<\/strong><\/td>\n<\/tr>\n<tr>\n<td valign=\"top\"><strong>Caracter&iacute;sticas<\/strong><\/td>\n<td>&#8211; Bandeja de 4 ventiladores<br \/>\t\t\t&#8211; Tipo de fijaci&oacute;n en techo<br \/>\t\t\t&#8211; V&aacute;lido para suelo fondo 1000 mm<br \/>\t\t\t&#8211; Tipo: AC Axial Fan<br \/>\t\t\t&#8211; Voltaje: 220-240 VAC<br \/>\t\t\t&#8211; Tensi&oacute;n de arranque: 180 VAC<br \/>\t\t\t&#8211; Tensi&oacute;n en uso: 220 VAC<br \/>\t\t\t&#8211; Intensidad: 0.10 ~ 0.14 A<br \/>\t\t\t&#8211; Frecuencia: 50Hz<br \/>\t\t\t&#8211; Velocidad de giro: 2600 ~ 3000 rpm<br \/>\t\t\t&#8211; Caudal del aire: 75 ~ 97 CFM (0.354 ~ 0.425 m3\/min)<br \/>\t\t\t&#8211; Presi&oacute;n est&aacute;tica: 6.3 ~ 7.3mm H2O<br \/>\t\t\t&#8211; Input power: 22 \/ 30.8W<br \/>\t\t\t&#8211; Nivel sonoro 44.0 \/46.0 dB(A)<br \/>\t\t\t&#8211; Sentido de giro: Contrario a las agujas del reloj<br \/>\t\t\t&#8211; Protecci&oacute;n del motor: De impedancia<br \/>\t\t\t&#8211; Temperatura de uso: -20&ordm;C~ 80&ordm;C<br \/>\t\t\t&#8211; Humedad de uso: 20% ~ 80%<br \/>\t\t\t&#8211; Rodamiento: De l&aacute;minas<br \/>\t\t\t&#8211; Vida &uacute;til a 25&ordm;C: 30000~50000h<br \/>\t\t\t<strong>Dimensiones y peso<\/strong><br \/>\t\t\t&#8211; 420 x 50 x 750 mm<br \/>\t\t\t&#8211; 550 gr<\/td>\n<\/tr>\n<tr>\n<td valign=\"top\"><strong>Fecha de revisi&oacute;n<\/strong><\/td>\n<td>19-08-2024 por RTY<\/td>\n<\/tr>\n<\/table>\n","protected":false},"excerpt":{"rendered":"<p>Bandeja de 4 ventiladores tipo AC Axial Fan, con fijaci&oacute;n de techo, ayuda a mantener el flujo de aire del interior del armario al exterior, para evitar sobrecalentamiento de los sistemas o equipos que alberguen. Marca Monolyth Modelo 3041500 Caracter&iacute;sticas &#8211; Bandeja de 4 ventiladores &#8211; Tipo de fijaci&oacute;n en techo &#8211; V&aacute;lido para suelo&hellip;&nbsp;<a href=\"https:\/\/aivlisoft.net\/shop\/producto\/monolyth-bandeja-techo-4-ventiladores-armario-1000\/\" rel=\"bookmark\"><span class=\"screen-reader-text\">Monolyth Bandeja Techo 4 Ventiladores Armario 1000<\/span><\/a><\/p>\n","protected":false},"featured_media":4968,"template":"","meta":{"neve_meta_sidebar":"","neve_meta_container":"","neve_meta_enable_content_width":"","neve_meta_content_width":0,"neve_meta_title_alignment":"","neve_meta_author_avatar":"","neve_post_elements_order":"","neve_meta_disable_header":"","neve_meta_disable_footer":"","neve_meta_disable_title":""},"product_brand":[],"product_cat":[8701],"product_tag":[1573],"class_list":{"0":"post-4967","1":"product","2":"type-product","3":"status-publish","4":"has-post-thumbnail","6":"product_cat-armarios-rack-y-accesorios","7":"product_tag-1573","9":"first","10":"instock","11":"taxable","12":"shipping-taxable","13":"purchasable","14":"product-type-simple"},"yoast_head":"<!-- This site is optimized with the Yoast SEO plugin v26.0 - https:\/\/yoast.com\/wordpress\/plugins\/seo\/ -->\n<title>Monolyth Bandeja Techo 4 Ventiladores Armario 1000 - Aivlisoft Inform\u00e1tica<\/title>\n<meta name=\"robots\" content=\"index, follow, max-snippet:-1, max-image-preview:large, max-video-preview:-1\" \/>\n<link rel=\"canonical\" href=\"https:\/\/aivlisoft.net\/shop\/producto\/monolyth-bandeja-techo-4-ventiladores-armario-1000\/\" \/>\n<meta property=\"og:locale\" content=\"es_ES\" \/>\n<meta property=\"og:type\" content=\"article\" \/>\n<meta property=\"og:title\" content=\"Monolyth Bandeja Techo 4 Ventiladores Armario 1000 - Aivlisoft Inform\u00e1tica\" \/>\n<meta property=\"og:description\" content=\"Bandeja de 4 ventiladores tipo AC Axial Fan, con fijaci&oacute;n de techo, ayuda a mantener el flujo de aire del interior del armario al exterior, para evitar sobrecalentamiento de los sistemas o equipos que alberguen. Marca Monolyth Modelo 3041500 Caracter&iacute;sticas &#8211; Bandeja de 4 ventiladores &#8211; Tipo de fijaci&oacute;n en techo &#8211; V&aacute;lido para suelo&hellip;&nbsp;Monolyth Bandeja Techo 4 Ventiladores Armario 1000\" \/>\n<meta property=\"og:url\" content=\"https:\/\/aivlisoft.net\/shop\/producto\/monolyth-bandeja-techo-4-ventiladores-armario-1000\/\" \/>\n<meta property=\"og:site_name\" content=\"Aivlisoft Inform\u00e1tica\" \/>\n<meta property=\"article:modified_time\" content=\"2025-01-14T10:16:34+00:00\" \/>\n<meta property=\"og:image\" content=\"https:\/\/aivlisoft.net\/shop\/wp-content\/uploads\/2025\/01\/ANEAAA0445_800-1.jpg\" \/>\n\t<meta property=\"og:image:width\" content=\"800\" \/>\n\t<meta property=\"og:image:height\" content=\"800\" \/>\n\t<meta property=\"og:image:type\" content=\"image\/jpeg\" \/>\n<meta name=\"twitter:card\" content=\"summary_large_image\" \/>\n<meta name=\"twitter:label1\" content=\"Tiempo de lectura\" \/>\n\t<meta name=\"twitter:data1\" content=\"1 minuto\" \/>\n<script type=\"application\/ld+json\" class=\"yoast-schema-graph\">{\"@context\":\"https:\/\/schema.org\",\"@graph\":[{\"@type\":\"WebPage\",\"@id\":\"https:\/\/aivlisoft.net\/shop\/producto\/monolyth-bandeja-techo-4-ventiladores-armario-1000\/\",\"url\":\"https:\/\/aivlisoft.net\/shop\/producto\/monolyth-bandeja-techo-4-ventiladores-armario-1000\/\",\"name\":\"Monolyth Bandeja Techo 4 Ventiladores Armario 1000 - Aivlisoft Inform\u00e1tica\",\"isPartOf\":{\"@id\":\"https:\/\/aivlisoft.net\/shop\/#website\"},\"primaryImageOfPage\":{\"@id\":\"https:\/\/aivlisoft.net\/shop\/producto\/monolyth-bandeja-techo-4-ventiladores-armario-1000\/#primaryimage\"},\"image\":{\"@id\":\"https:\/\/aivlisoft.net\/shop\/producto\/monolyth-bandeja-techo-4-ventiladores-armario-1000\/#primaryimage\"},\"thumbnailUrl\":\"https:\/\/aivlisoft.net\/shop\/wp-content\/uploads\/2025\/01\/ANEAAA0445_800-1.jpg\",\"datePublished\":\"2025-01-13T13:23:18+00:00\",\"dateModified\":\"2025-01-14T10:16:34+00:00\",\"breadcrumb\":{\"@id\":\"https:\/\/aivlisoft.net\/shop\/producto\/monolyth-bandeja-techo-4-ventiladores-armario-1000\/#breadcrumb\"},\"inLanguage\":\"es\",\"potentialAction\":[{\"@type\":\"ReadAction\",\"target\":[\"https:\/\/aivlisoft.net\/shop\/producto\/monolyth-bandeja-techo-4-ventiladores-armario-1000\/\"]}]},{\"@type\":\"ImageObject\",\"inLanguage\":\"es\",\"@id\":\"https:\/\/aivlisoft.net\/shop\/producto\/monolyth-bandeja-techo-4-ventiladores-armario-1000\/#primaryimage\",\"url\":\"https:\/\/aivlisoft.net\/shop\/wp-content\/uploads\/2025\/01\/ANEAAA0445_800-1.jpg\",\"contentUrl\":\"https:\/\/aivlisoft.net\/shop\/wp-content\/uploads\/2025\/01\/ANEAAA0445_800-1.jpg\",\"width\":800,\"height\":800},{\"@type\":\"BreadcrumbList\",\"@id\":\"https:\/\/aivlisoft.net\/shop\/producto\/monolyth-bandeja-techo-4-ventiladores-armario-1000\/#breadcrumb\",\"itemListElement\":[{\"@type\":\"ListItem\",\"position\":1,\"name\":\"Portada\",\"item\":\"https:\/\/aivlisoft.net\/shop\/\"},{\"@type\":\"ListItem\",\"position\":2,\"name\":\"Tienda\",\"item\":\"https:\/\/aivlisoft.net\/shop\/tienda\/\"},{\"@type\":\"ListItem\",\"position\":3,\"name\":\"Monolyth Bandeja Techo 4 Ventiladores Armario 1000\"}]},{\"@type\":\"WebSite\",\"@id\":\"https:\/\/aivlisoft.net\/shop\/#website\",\"url\":\"https:\/\/aivlisoft.net\/shop\/\",\"name\":\"Aivlisoft Inform\u00e1tica\",\"description\":\"En Aivlisoft Inform\u00e1tica ofrecemos soluciones tecnol\u00f3gicas para empresas: venta de ordenadores, consumibles, perif\u00e9ricos y m\u00e1s. Calidad, atenci\u00f3n personalizada y los mejores precios para tu negocio.\",\"publisher\":{\"@id\":\"https:\/\/aivlisoft.net\/shop\/#organization\"},\"potentialAction\":[{\"@type\":\"SearchAction\",\"target\":{\"@type\":\"EntryPoint\",\"urlTemplate\":\"https:\/\/aivlisoft.net\/shop\/?s={search_term_string}\"},\"query-input\":{\"@type\":\"PropertyValueSpecification\",\"valueRequired\":true,\"valueName\":\"search_term_string\"}}],\"inLanguage\":\"es\"},{\"@type\":\"Organization\",\"@id\":\"https:\/\/aivlisoft.net\/shop\/#organization\",\"name\":\"Aivlisoft Inform\u00e1tica\",\"url\":\"https:\/\/aivlisoft.net\/shop\/\",\"logo\":{\"@type\":\"ImageObject\",\"inLanguage\":\"es\",\"@id\":\"https:\/\/aivlisoft.net\/shop\/#\/schema\/logo\/image\/\",\"url\":\"https:\/\/aivlisoft.net\/shop\/wp-content\/uploads\/2024\/12\/removal.ai_5b848c54-0cdf-4140-95c5-c5536bb7573b-logodef.png\",\"contentUrl\":\"https:\/\/aivlisoft.net\/shop\/wp-content\/uploads\/2024\/12\/removal.ai_5b848c54-0cdf-4140-95c5-c5536bb7573b-logodef.png\",\"width\":484,\"height\":182,\"caption\":\"Aivlisoft Inform\u00e1tica\"},\"image\":{\"@id\":\"https:\/\/aivlisoft.net\/shop\/#\/schema\/logo\/image\/\"}}]}<\/script>\n<!-- \/ Yoast SEO plugin. -->","yoast_head_json":{"title":"Monolyth Bandeja Techo 4 Ventiladores Armario 1000 - Aivlisoft Inform\u00e1tica","robots":{"index":"index","follow":"follow","max-snippet":"max-snippet:-1","max-image-preview":"max-image-preview:large","max-video-preview":"max-video-preview:-1"},"canonical":"https:\/\/aivlisoft.net\/shop\/producto\/monolyth-bandeja-techo-4-ventiladores-armario-1000\/","og_locale":"es_ES","og_type":"article","og_title":"Monolyth Bandeja Techo 4 Ventiladores Armario 1000 - Aivlisoft Inform\u00e1tica","og_description":"Bandeja de 4 ventiladores tipo AC Axial Fan, con fijaci&oacute;n de techo, ayuda a mantener el flujo de aire del interior del armario al exterior, para evitar sobrecalentamiento de los sistemas o equipos que alberguen. Marca Monolyth Modelo 3041500 Caracter&iacute;sticas &#8211; Bandeja de 4 ventiladores &#8211; Tipo de fijaci&oacute;n en techo &#8211; V&aacute;lido para suelo&hellip;&nbsp;Monolyth Bandeja Techo 4 Ventiladores Armario 1000","og_url":"https:\/\/aivlisoft.net\/shop\/producto\/monolyth-bandeja-techo-4-ventiladores-armario-1000\/","og_site_name":"Aivlisoft Inform\u00e1tica","article_modified_time":"2025-01-14T10:16:34+00:00","og_image":[{"width":800,"height":800,"url":"https:\/\/aivlisoft.net\/shop\/wp-content\/uploads\/2025\/01\/ANEAAA0445_800-1.jpg","type":"image\/jpeg"}],"twitter_card":"summary_large_image","twitter_misc":{"Tiempo de lectura":"1 minuto"},"schema":{"@context":"https:\/\/schema.org","@graph":[{"@type":"WebPage","@id":"https:\/\/aivlisoft.net\/shop\/producto\/monolyth-bandeja-techo-4-ventiladores-armario-1000\/","url":"https:\/\/aivlisoft.net\/shop\/producto\/monolyth-bandeja-techo-4-ventiladores-armario-1000\/","name":"Monolyth Bandeja Techo 4 Ventiladores Armario 1000 - Aivlisoft Inform\u00e1tica","isPartOf":{"@id":"https:\/\/aivlisoft.net\/shop\/#website"},"primaryImageOfPage":{"@id":"https:\/\/aivlisoft.net\/shop\/producto\/monolyth-bandeja-techo-4-ventiladores-armario-1000\/#primaryimage"},"image":{"@id":"https:\/\/aivlisoft.net\/shop\/producto\/monolyth-bandeja-techo-4-ventiladores-armario-1000\/#primaryimage"},"thumbnailUrl":"https:\/\/aivlisoft.net\/shop\/wp-content\/uploads\/2025\/01\/ANEAAA0445_800-1.jpg","datePublished":"2025-01-13T13:23:18+00:00","dateModified":"2025-01-14T10:16:34+00:00","breadcrumb":{"@id":"https:\/\/aivlisoft.net\/shop\/producto\/monolyth-bandeja-techo-4-ventiladores-armario-1000\/#breadcrumb"},"inLanguage":"es","potentialAction":[{"@type":"ReadAction","target":["https:\/\/aivlisoft.net\/shop\/producto\/monolyth-bandeja-techo-4-ventiladores-armario-1000\/"]}]},{"@type":"ImageObject","inLanguage":"es","@id":"https:\/\/aivlisoft.net\/shop\/producto\/monolyth-bandeja-techo-4-ventiladores-armario-1000\/#primaryimage","url":"https:\/\/aivlisoft.net\/shop\/wp-content\/uploads\/2025\/01\/ANEAAA0445_800-1.jpg","contentUrl":"https:\/\/aivlisoft.net\/shop\/wp-content\/uploads\/2025\/01\/ANEAAA0445_800-1.jpg","width":800,"height":800},{"@type":"BreadcrumbList","@id":"https:\/\/aivlisoft.net\/shop\/producto\/monolyth-bandeja-techo-4-ventiladores-armario-1000\/#breadcrumb","itemListElement":[{"@type":"ListItem","position":1,"name":"Portada","item":"https:\/\/aivlisoft.net\/shop\/"},{"@type":"ListItem","position":2,"name":"Tienda","item":"https:\/\/aivlisoft.net\/shop\/tienda\/"},{"@type":"ListItem","position":3,"name":"Monolyth Bandeja Techo 4 Ventiladores Armario 1000"}]},{"@type":"WebSite","@id":"https:\/\/aivlisoft.net\/shop\/#website","url":"https:\/\/aivlisoft.net\/shop\/","name":"Aivlisoft Inform\u00e1tica","description":"En Aivlisoft Inform\u00e1tica ofrecemos soluciones tecnol\u00f3gicas para empresas: venta de ordenadores, consumibles, perif\u00e9ricos y m\u00e1s. Calidad, atenci\u00f3n personalizada y los mejores precios para tu negocio.","publisher":{"@id":"https:\/\/aivlisoft.net\/shop\/#organization"},"potentialAction":[{"@type":"SearchAction","target":{"@type":"EntryPoint","urlTemplate":"https:\/\/aivlisoft.net\/shop\/?s={search_term_string}"},"query-input":{"@type":"PropertyValueSpecification","valueRequired":true,"valueName":"search_term_string"}}],"inLanguage":"es"},{"@type":"Organization","@id":"https:\/\/aivlisoft.net\/shop\/#organization","name":"Aivlisoft Inform\u00e1tica","url":"https:\/\/aivlisoft.net\/shop\/","logo":{"@type":"ImageObject","inLanguage":"es","@id":"https:\/\/aivlisoft.net\/shop\/#\/schema\/logo\/image\/","url":"https:\/\/aivlisoft.net\/shop\/wp-content\/uploads\/2024\/12\/removal.ai_5b848c54-0cdf-4140-95c5-c5536bb7573b-logodef.png","contentUrl":"https:\/\/aivlisoft.net\/shop\/wp-content\/uploads\/2024\/12\/removal.ai_5b848c54-0cdf-4140-95c5-c5536bb7573b-logodef.png","width":484,"height":182,"caption":"Aivlisoft Inform\u00e1tica"},"image":{"@id":"https:\/\/aivlisoft.net\/shop\/#\/schema\/logo\/image\/"}}]}},"_links":{"self":[{"href":"https:\/\/aivlisoft.net\/shop\/wp-json\/wp\/v2\/product\/4967","targetHints":{"allow":["GET"]}}],"collection":[{"href":"https:\/\/aivlisoft.net\/shop\/wp-json\/wp\/v2\/product"}],"about":[{"href":"https:\/\/aivlisoft.net\/shop\/wp-json\/wp\/v2\/types\/product"}],"wp:featuredmedia":[{"embeddable":true,"href":"https:\/\/aivlisoft.net\/shop\/wp-json\/wp\/v2\/media\/4968"}],"wp:attachment":[{"href":"https:\/\/aivlisoft.net\/shop\/wp-json\/wp\/v2\/media?parent=4967"}],"wp:term":[{"taxonomy":"product_brand","embeddable":true,"href":"https:\/\/aivlisoft.net\/shop\/wp-json\/wp\/v2\/product_brand?post=4967"},{"taxonomy":"product_cat","embeddable":true,"href":"https:\/\/aivlisoft.net\/shop\/wp-json\/wp\/v2\/product_cat?post=4967"},{"taxonomy":"product_tag","embeddable":true,"href":"https:\/\/aivlisoft.net\/shop\/wp-json\/wp\/v2\/product_tag?post=4967"}],"curies":[{"name":"wp","href":"https:\/\/api.w.org\/{rel}","templated":true}]}}