{"id":4890,"date":"2025-01-13T13:22:48","date_gmt":"2025-01-13T13:22:48","guid":{"rendered":"https:\/\/aivlisoft.com\/?post_type=product&#038;p=4890"},"modified":"2025-01-14T10:15:57","modified_gmt":"2025-01-14T10:15:57","slug":"2lan-bandeja-191u-profundidad-710mm","status":"publish","type":"product","link":"https:\/\/aivlisoft.net\/shop\/producto\/2lan-bandeja-191u-profundidad-710mm\/","title":{"rendered":"2LAN Bandeja 19&#8243;1U Profundidad 710mm"},"content":{"rendered":"<p>Tiene 710mm de profundidad real y v&aacute;lida para ancho entre bastidores de 470mm, para instalar en armarios rack de fondo 1000mm y con ancho de perfil est&aacute;ndar de 19&quot;.<\/p>\n<p>Soporta cargas de 60kg y con ranuras en su superficie para mejorar la ventilaci&oacute;n de los equipos.<\/p>\n<table class=\"tabla_caracteristicas\" width=\"100%\">\n<tr>\n<td valign=\"top\"><strong>Marca<\/strong><\/td>\n<td>2LAN<\/td>\n<\/tr>\n<tr>\n<td valign=\"top\"><strong>Modelo<\/strong><\/td>\n<td><strong>ARABL1U100<\/strong><\/td>\n<\/tr>\n<tr>\n<td valign=\"top\"><strong>Caracter&iacute;sticas<\/strong><\/td>\n<td>&#8211; Profundidad real: 710mm.<br \/>\t\t\t&#8211; Soporta 60Kg.<br \/>\t\t\t&#8211; Fabricado en acero laminado de 2mm.<br \/>\t\t\t&#8211; Acabado en pintura color negro granulado fosf&oacute;rica antioxidante.<br \/>\t\t\t&#8211; Bandeja ranurada indicada para soportar aparatos electr&oacute;nicos que requieran una mejor ventilaci&oacute;n por la parte inferior.<br \/>\t\t\t&#8211; Compatible solo para nuestros armarios rack de suelo (2LAN), para otro modelo de armarios rack consultar compatibilidad,<br \/>\t\t\t&nbsp; ya que las medidas laterales entre bastidores no est&aacute;n estandarizadas entre fabricantes.<\/td>\n<\/tr>\n<tr>\n<td valign=\"top\"><strong>Fecha de revisi&oacute;n<\/strong><\/td>\n<td>10-06-2022 por MPM<\/td>\n<\/tr>\n<\/table>\n","protected":false},"excerpt":{"rendered":"<p>Tiene 710mm de profundidad real y v&aacute;lida para ancho entre bastidores de 470mm, para instalar en armarios rack de fondo 1000mm y con ancho de perfil est&aacute;ndar de 19&quot;. Soporta cargas de 60kg y con ranuras en su superficie para mejorar la ventilaci&oacute;n de los equipos. Marca 2LAN Modelo ARABL1U100 Caracter&iacute;sticas &#8211; Profundidad real: 710mm.&hellip;&nbsp;<a href=\"https:\/\/aivlisoft.net\/shop\/producto\/2lan-bandeja-191u-profundidad-710mm\/\" rel=\"bookmark\"><span class=\"screen-reader-text\">2LAN Bandeja 19&#8243;1U Profundidad 710mm<\/span><\/a><\/p>\n","protected":false},"featured_media":4891,"template":"","meta":{"neve_meta_sidebar":"","neve_meta_container":"","neve_meta_enable_content_width":"","neve_meta_content_width":0,"neve_meta_title_alignment":"","neve_meta_author_avatar":"","neve_post_elements_order":"","neve_meta_disable_header":"","neve_meta_disable_footer":"","neve_meta_disable_title":""},"product_brand":[],"product_cat":[8701],"product_tag":[1539],"class_list":{"0":"post-4890","1":"product","2":"type-product","3":"status-publish","4":"has-post-thumbnail","6":"product_cat-armarios-rack-y-accesorios","7":"product_tag-arabl1u100","9":"first","10":"instock","11":"taxable","12":"shipping-taxable","13":"purchasable","14":"product-type-simple"},"yoast_head":"<!-- This site is optimized with the Yoast SEO plugin v26.0 - https:\/\/yoast.com\/wordpress\/plugins\/seo\/ -->\n<title>2LAN Bandeja 19&quot;1U Profundidad 710mm - Aivlisoft Inform\u00e1tica<\/title>\n<meta name=\"robots\" content=\"index, follow, max-snippet:-1, max-image-preview:large, max-video-preview:-1\" \/>\n<link rel=\"canonical\" href=\"https:\/\/aivlisoft.net\/shop\/producto\/2lan-bandeja-191u-profundidad-710mm\/\" \/>\n<meta property=\"og:locale\" content=\"es_ES\" \/>\n<meta property=\"og:type\" content=\"article\" \/>\n<meta property=\"og:title\" content=\"2LAN Bandeja 19&quot;1U Profundidad 710mm - Aivlisoft Inform\u00e1tica\" \/>\n<meta property=\"og:description\" content=\"Tiene 710mm de profundidad real y v&aacute;lida para ancho entre bastidores de 470mm, para instalar en armarios rack de fondo 1000mm y con ancho de perfil est&aacute;ndar de 19&quot;. Soporta cargas de 60kg y con ranuras en su superficie para mejorar la ventilaci&oacute;n de los equipos. Marca 2LAN Modelo ARABL1U100 Caracter&iacute;sticas &#8211; Profundidad real: 710mm.&hellip;&nbsp;2LAN Bandeja 19&#8243;1U Profundidad 710mm\" \/>\n<meta property=\"og:url\" content=\"https:\/\/aivlisoft.net\/shop\/producto\/2lan-bandeja-191u-profundidad-710mm\/\" \/>\n<meta property=\"og:site_name\" content=\"Aivlisoft Inform\u00e1tica\" \/>\n<meta property=\"article:modified_time\" content=\"2025-01-14T10:15:57+00:00\" \/>\n<meta property=\"og:image\" content=\"https:\/\/aivlisoft.net\/shop\/wp-content\/uploads\/2025\/01\/ANEAAA0401_800-1.jpg\" \/>\n\t<meta property=\"og:image:width\" content=\"800\" \/>\n\t<meta property=\"og:image:height\" content=\"800\" \/>\n\t<meta property=\"og:image:type\" content=\"image\/jpeg\" \/>\n<meta name=\"twitter:card\" content=\"summary_large_image\" \/>\n<meta name=\"twitter:label1\" content=\"Tiempo de lectura\" \/>\n\t<meta name=\"twitter:data1\" content=\"1 minuto\" \/>\n<script type=\"application\/ld+json\" class=\"yoast-schema-graph\">{\"@context\":\"https:\/\/schema.org\",\"@graph\":[{\"@type\":\"WebPage\",\"@id\":\"https:\/\/aivlisoft.net\/shop\/producto\/2lan-bandeja-191u-profundidad-710mm\/\",\"url\":\"https:\/\/aivlisoft.net\/shop\/producto\/2lan-bandeja-191u-profundidad-710mm\/\",\"name\":\"2LAN Bandeja 19\\\"1U Profundidad 710mm - Aivlisoft Inform\u00e1tica\",\"isPartOf\":{\"@id\":\"https:\/\/aivlisoft.net\/shop\/#website\"},\"primaryImageOfPage\":{\"@id\":\"https:\/\/aivlisoft.net\/shop\/producto\/2lan-bandeja-191u-profundidad-710mm\/#primaryimage\"},\"image\":{\"@id\":\"https:\/\/aivlisoft.net\/shop\/producto\/2lan-bandeja-191u-profundidad-710mm\/#primaryimage\"},\"thumbnailUrl\":\"https:\/\/aivlisoft.net\/shop\/wp-content\/uploads\/2025\/01\/ANEAAA0401_800-1.jpg\",\"datePublished\":\"2025-01-13T13:22:48+00:00\",\"dateModified\":\"2025-01-14T10:15:57+00:00\",\"breadcrumb\":{\"@id\":\"https:\/\/aivlisoft.net\/shop\/producto\/2lan-bandeja-191u-profundidad-710mm\/#breadcrumb\"},\"inLanguage\":\"es\",\"potentialAction\":[{\"@type\":\"ReadAction\",\"target\":[\"https:\/\/aivlisoft.net\/shop\/producto\/2lan-bandeja-191u-profundidad-710mm\/\"]}]},{\"@type\":\"ImageObject\",\"inLanguage\":\"es\",\"@id\":\"https:\/\/aivlisoft.net\/shop\/producto\/2lan-bandeja-191u-profundidad-710mm\/#primaryimage\",\"url\":\"https:\/\/aivlisoft.net\/shop\/wp-content\/uploads\/2025\/01\/ANEAAA0401_800-1.jpg\",\"contentUrl\":\"https:\/\/aivlisoft.net\/shop\/wp-content\/uploads\/2025\/01\/ANEAAA0401_800-1.jpg\",\"width\":800,\"height\":800},{\"@type\":\"BreadcrumbList\",\"@id\":\"https:\/\/aivlisoft.net\/shop\/producto\/2lan-bandeja-191u-profundidad-710mm\/#breadcrumb\",\"itemListElement\":[{\"@type\":\"ListItem\",\"position\":1,\"name\":\"Portada\",\"item\":\"https:\/\/aivlisoft.net\/shop\/\"},{\"@type\":\"ListItem\",\"position\":2,\"name\":\"Tienda\",\"item\":\"https:\/\/aivlisoft.net\/shop\/tienda\/\"},{\"@type\":\"ListItem\",\"position\":3,\"name\":\"2LAN Bandeja 19&#8243;1U Profundidad 710mm\"}]},{\"@type\":\"WebSite\",\"@id\":\"https:\/\/aivlisoft.net\/shop\/#website\",\"url\":\"https:\/\/aivlisoft.net\/shop\/\",\"name\":\"Aivlisoft Inform\u00e1tica\",\"description\":\"En Aivlisoft Inform\u00e1tica ofrecemos soluciones tecnol\u00f3gicas para empresas: venta de ordenadores, consumibles, perif\u00e9ricos y m\u00e1s. Calidad, atenci\u00f3n personalizada y los mejores precios para tu negocio.\",\"publisher\":{\"@id\":\"https:\/\/aivlisoft.net\/shop\/#organization\"},\"potentialAction\":[{\"@type\":\"SearchAction\",\"target\":{\"@type\":\"EntryPoint\",\"urlTemplate\":\"https:\/\/aivlisoft.net\/shop\/?s={search_term_string}\"},\"query-input\":{\"@type\":\"PropertyValueSpecification\",\"valueRequired\":true,\"valueName\":\"search_term_string\"}}],\"inLanguage\":\"es\"},{\"@type\":\"Organization\",\"@id\":\"https:\/\/aivlisoft.net\/shop\/#organization\",\"name\":\"Aivlisoft Inform\u00e1tica\",\"url\":\"https:\/\/aivlisoft.net\/shop\/\",\"logo\":{\"@type\":\"ImageObject\",\"inLanguage\":\"es\",\"@id\":\"https:\/\/aivlisoft.net\/shop\/#\/schema\/logo\/image\/\",\"url\":\"https:\/\/aivlisoft.net\/shop\/wp-content\/uploads\/2024\/12\/removal.ai_5b848c54-0cdf-4140-95c5-c5536bb7573b-logodef.png\",\"contentUrl\":\"https:\/\/aivlisoft.net\/shop\/wp-content\/uploads\/2024\/12\/removal.ai_5b848c54-0cdf-4140-95c5-c5536bb7573b-logodef.png\",\"width\":484,\"height\":182,\"caption\":\"Aivlisoft Inform\u00e1tica\"},\"image\":{\"@id\":\"https:\/\/aivlisoft.net\/shop\/#\/schema\/logo\/image\/\"}}]}<\/script>\n<!-- \/ Yoast SEO plugin. -->","yoast_head_json":{"title":"2LAN Bandeja 19\"1U Profundidad 710mm - Aivlisoft Inform\u00e1tica","robots":{"index":"index","follow":"follow","max-snippet":"max-snippet:-1","max-image-preview":"max-image-preview:large","max-video-preview":"max-video-preview:-1"},"canonical":"https:\/\/aivlisoft.net\/shop\/producto\/2lan-bandeja-191u-profundidad-710mm\/","og_locale":"es_ES","og_type":"article","og_title":"2LAN Bandeja 19\"1U Profundidad 710mm - Aivlisoft Inform\u00e1tica","og_description":"Tiene 710mm de profundidad real y v&aacute;lida para ancho entre bastidores de 470mm, para instalar en armarios rack de fondo 1000mm y con ancho de perfil est&aacute;ndar de 19&quot;. Soporta cargas de 60kg y con ranuras en su superficie para mejorar la ventilaci&oacute;n de los equipos. Marca 2LAN Modelo ARABL1U100 Caracter&iacute;sticas &#8211; Profundidad real: 710mm.&hellip;&nbsp;2LAN Bandeja 19&#8243;1U Profundidad 710mm","og_url":"https:\/\/aivlisoft.net\/shop\/producto\/2lan-bandeja-191u-profundidad-710mm\/","og_site_name":"Aivlisoft Inform\u00e1tica","article_modified_time":"2025-01-14T10:15:57+00:00","og_image":[{"width":800,"height":800,"url":"https:\/\/aivlisoft.net\/shop\/wp-content\/uploads\/2025\/01\/ANEAAA0401_800-1.jpg","type":"image\/jpeg"}],"twitter_card":"summary_large_image","twitter_misc":{"Tiempo de lectura":"1 minuto"},"schema":{"@context":"https:\/\/schema.org","@graph":[{"@type":"WebPage","@id":"https:\/\/aivlisoft.net\/shop\/producto\/2lan-bandeja-191u-profundidad-710mm\/","url":"https:\/\/aivlisoft.net\/shop\/producto\/2lan-bandeja-191u-profundidad-710mm\/","name":"2LAN Bandeja 19\"1U Profundidad 710mm - Aivlisoft Inform\u00e1tica","isPartOf":{"@id":"https:\/\/aivlisoft.net\/shop\/#website"},"primaryImageOfPage":{"@id":"https:\/\/aivlisoft.net\/shop\/producto\/2lan-bandeja-191u-profundidad-710mm\/#primaryimage"},"image":{"@id":"https:\/\/aivlisoft.net\/shop\/producto\/2lan-bandeja-191u-profundidad-710mm\/#primaryimage"},"thumbnailUrl":"https:\/\/aivlisoft.net\/shop\/wp-content\/uploads\/2025\/01\/ANEAAA0401_800-1.jpg","datePublished":"2025-01-13T13:22:48+00:00","dateModified":"2025-01-14T10:15:57+00:00","breadcrumb":{"@id":"https:\/\/aivlisoft.net\/shop\/producto\/2lan-bandeja-191u-profundidad-710mm\/#breadcrumb"},"inLanguage":"es","potentialAction":[{"@type":"ReadAction","target":["https:\/\/aivlisoft.net\/shop\/producto\/2lan-bandeja-191u-profundidad-710mm\/"]}]},{"@type":"ImageObject","inLanguage":"es","@id":"https:\/\/aivlisoft.net\/shop\/producto\/2lan-bandeja-191u-profundidad-710mm\/#primaryimage","url":"https:\/\/aivlisoft.net\/shop\/wp-content\/uploads\/2025\/01\/ANEAAA0401_800-1.jpg","contentUrl":"https:\/\/aivlisoft.net\/shop\/wp-content\/uploads\/2025\/01\/ANEAAA0401_800-1.jpg","width":800,"height":800},{"@type":"BreadcrumbList","@id":"https:\/\/aivlisoft.net\/shop\/producto\/2lan-bandeja-191u-profundidad-710mm\/#breadcrumb","itemListElement":[{"@type":"ListItem","position":1,"name":"Portada","item":"https:\/\/aivlisoft.net\/shop\/"},{"@type":"ListItem","position":2,"name":"Tienda","item":"https:\/\/aivlisoft.net\/shop\/tienda\/"},{"@type":"ListItem","position":3,"name":"2LAN Bandeja 19&#8243;1U Profundidad 710mm"}]},{"@type":"WebSite","@id":"https:\/\/aivlisoft.net\/shop\/#website","url":"https:\/\/aivlisoft.net\/shop\/","name":"Aivlisoft Inform\u00e1tica","description":"En Aivlisoft Inform\u00e1tica ofrecemos soluciones tecnol\u00f3gicas para empresas: venta de ordenadores, consumibles, perif\u00e9ricos y m\u00e1s. Calidad, atenci\u00f3n personalizada y los mejores precios para tu negocio.","publisher":{"@id":"https:\/\/aivlisoft.net\/shop\/#organization"},"potentialAction":[{"@type":"SearchAction","target":{"@type":"EntryPoint","urlTemplate":"https:\/\/aivlisoft.net\/shop\/?s={search_term_string}"},"query-input":{"@type":"PropertyValueSpecification","valueRequired":true,"valueName":"search_term_string"}}],"inLanguage":"es"},{"@type":"Organization","@id":"https:\/\/aivlisoft.net\/shop\/#organization","name":"Aivlisoft Inform\u00e1tica","url":"https:\/\/aivlisoft.net\/shop\/","logo":{"@type":"ImageObject","inLanguage":"es","@id":"https:\/\/aivlisoft.net\/shop\/#\/schema\/logo\/image\/","url":"https:\/\/aivlisoft.net\/shop\/wp-content\/uploads\/2024\/12\/removal.ai_5b848c54-0cdf-4140-95c5-c5536bb7573b-logodef.png","contentUrl":"https:\/\/aivlisoft.net\/shop\/wp-content\/uploads\/2024\/12\/removal.ai_5b848c54-0cdf-4140-95c5-c5536bb7573b-logodef.png","width":484,"height":182,"caption":"Aivlisoft Inform\u00e1tica"},"image":{"@id":"https:\/\/aivlisoft.net\/shop\/#\/schema\/logo\/image\/"}}]}},"_links":{"self":[{"href":"https:\/\/aivlisoft.net\/shop\/wp-json\/wp\/v2\/product\/4890","targetHints":{"allow":["GET"]}}],"collection":[{"href":"https:\/\/aivlisoft.net\/shop\/wp-json\/wp\/v2\/product"}],"about":[{"href":"https:\/\/aivlisoft.net\/shop\/wp-json\/wp\/v2\/types\/product"}],"wp:featuredmedia":[{"embeddable":true,"href":"https:\/\/aivlisoft.net\/shop\/wp-json\/wp\/v2\/media\/4891"}],"wp:attachment":[{"href":"https:\/\/aivlisoft.net\/shop\/wp-json\/wp\/v2\/media?parent=4890"}],"wp:term":[{"taxonomy":"product_brand","embeddable":true,"href":"https:\/\/aivlisoft.net\/shop\/wp-json\/wp\/v2\/product_brand?post=4890"},{"taxonomy":"product_cat","embeddable":true,"href":"https:\/\/aivlisoft.net\/shop\/wp-json\/wp\/v2\/product_cat?post=4890"},{"taxonomy":"product_tag","embeddable":true,"href":"https:\/\/aivlisoft.net\/shop\/wp-json\/wp\/v2\/product_tag?post=4890"}],"curies":[{"name":"wp","href":"https:\/\/api.w.org\/{rel}","templated":true}]}}