{"id":4872,"date":"2025-01-13T13:22:42","date_gmt":"2025-01-13T13:22:42","guid":{"rendered":"https:\/\/aivlisoft.com\/?post_type=product&#038;p=4872"},"modified":"2025-01-14T10:15:49","modified_gmt":"2025-01-14T10:15:49","slug":"synology-rks-02-kit-railes-deslizantes","status":"publish","type":"product","link":"https:\/\/aivlisoft.net\/shop\/producto\/synology-rks-02-kit-railes-deslizantes\/","title":{"rendered":"Synology RKS-02 Kit Railes Deslizantes"},"content":{"rendered":"<p>Synology Rail Kit <strong>RKS-02<\/strong> permite un f&aacute;cil acceso de mantenimiento para los modelos Synology de montaje en rack.<\/p>\n<table class=\"tabla_caracteristicas k-table\" width=\"100%\">\n<tr>\n<td><strong>Marca<\/strong><\/td>\n<td>Synology<\/td>\n<\/tr>\n<tr>\n<td><strong>Modelo<\/strong><\/td>\n<td><strong>RKS-02<\/strong><\/td>\n<\/tr>\n<tr>\n<td><strong>Caracter&iacute;sticas<\/strong><\/td>\n<td><strong>Requisitos de instalaci&oacute;n<\/strong><br \/>\t\t\t&#8211; La anchura del pilar de montaje debe ser igual o superior a 450 mm<br \/>\t\t\t&#8211; La anchura del panel debe ser igual o superior a 480 mm<br \/>\t\t\t&#8211; Profundidad del montaje en rack: 610 mm a 890 mm<br \/>\t\t\t&#8211; Soporte de orificio de montaje en rack:<br \/>\t\t\t&nbsp;&nbsp;&nbsp; orificio cuadrado: al menos 9.5 mm x 9.5 mm<br \/>\t\t\t&nbsp;&nbsp;&nbsp; agujero redondo: al menos 7.1 mm<br \/>\t\t\t<strong>Compatibilidad<\/strong><br \/>\t\t\t&#8211; FS series:FS6400, FS3600, FS3400, FS3017, FS2017<br \/>\t\t\t&#8211; SA series:SA3600, SA3400, SA3200D<br \/>\t\t\t&#8211; UC series:UC3200<br \/>\t\t\t&#8211; 21 series:RS4021xs+, RS3621xs+, RS3621RPxs, RS2821RP+, RS2421RP+, RS2421+, RS1221RP+, RS1221+, FX2421<br \/>\t\t\t&#8211; 20 series:RS820RP+, RS820+<br \/>\t\t\t&#8211; 19 series:RS1619xs+, RS1219+, RS819, RXD1219sas<br \/>\t\t\t&#8211; 18 series:RS3618xs, RS2818RP+, RS2418RP+, RS2418+, RS818RP+, RS818+, RX418<br \/>\t\t\t&#8211; 17 series:RS18017xs+, RS4017xs+, RS3617xs+, RS3617RPxs, RS3617xs, RX2417sas, RX1217sas, RX1217RP, RX1217<br \/>\t\t\t&#8211; 16 series:RS18016xs+, RS2416RP+, RS2416+, RS816, RX1216sas<br \/>\t\t\t&#8211; 15 series:RS815RP+, RS815+, RS815, RC18015xs+, RXD1215sas, RX415<br \/>\t\t\t&#8211; 14 series:RS3614xs+, RS3614RPxs, RS3614xs, RS2414RP+, RS2414+, RX1214RP, RX1214<br \/>\t\t\t&#8211; 13 series:RS3413xs+, RX1213sas<br \/>\t\t\t&#8211; 12 series:RS3412RPxs, RS3412xs, RS2212RP+, RS2212+<br \/>\t\t\t&#8211; 11 series:RS3411RPxs, RS3411xs, RS2211RP+, RS2211+, RX1211RP, RX1211<br \/>\t\t\t&#8211; 10 series:RX410<\/td>\n<\/tr>\n<tr>\n<td><strong>Fecha de revisi&oacute;n<\/strong><\/td>\n<td>15-11-2021 por MSB<\/td>\n<\/tr>\n<\/table>\n","protected":false},"excerpt":{"rendered":"<p>Synology Rail Kit RKS-02 permite un f&aacute;cil acceso de mantenimiento para los modelos Synology de montaje en rack. Marca Synology Modelo RKS-02 Caracter&iacute;sticas Requisitos de instalaci&oacute;n &#8211; La anchura del pilar de montaje debe ser igual o superior a 450 mm &#8211; La anchura del panel debe ser igual o superior a 480 mm &#8211;&hellip;&nbsp;<a href=\"https:\/\/aivlisoft.net\/shop\/producto\/synology-rks-02-kit-railes-deslizantes\/\" rel=\"bookmark\"><span class=\"screen-reader-text\">Synology RKS-02 Kit Railes Deslizantes<\/span><\/a><\/p>\n","protected":false},"featured_media":4873,"template":"","meta":{"neve_meta_sidebar":"","neve_meta_container":"","neve_meta_enable_content_width":"","neve_meta_content_width":0,"neve_meta_title_alignment":"","neve_meta_author_avatar":"","neve_post_elements_order":"","neve_meta_disable_header":"","neve_meta_disable_footer":"","neve_meta_disable_title":""},"product_brand":[],"product_cat":[8701],"product_tag":[1528],"class_list":{"0":"post-4872","1":"product","2":"type-product","3":"status-publish","4":"has-post-thumbnail","6":"product_cat-armarios-rack-y-accesorios","7":"product_tag-rks-02","9":"first","10":"instock","11":"taxable","12":"shipping-taxable","13":"purchasable","14":"product-type-simple"},"yoast_head":"<!-- This site is optimized with the Yoast SEO plugin v26.0 - https:\/\/yoast.com\/wordpress\/plugins\/seo\/ -->\n<title>Synology RKS-02 Kit Railes Deslizantes - Aivlisoft Inform\u00e1tica<\/title>\n<meta name=\"robots\" content=\"index, follow, max-snippet:-1, max-image-preview:large, max-video-preview:-1\" \/>\n<link rel=\"canonical\" href=\"https:\/\/aivlisoft.net\/shop\/producto\/synology-rks-02-kit-railes-deslizantes\/\" \/>\n<meta property=\"og:locale\" content=\"es_ES\" \/>\n<meta property=\"og:type\" content=\"article\" \/>\n<meta property=\"og:title\" content=\"Synology RKS-02 Kit Railes Deslizantes - Aivlisoft Inform\u00e1tica\" \/>\n<meta property=\"og:description\" content=\"Synology Rail Kit RKS-02 permite un f&aacute;cil acceso de mantenimiento para los modelos Synology de montaje en rack. Marca Synology Modelo RKS-02 Caracter&iacute;sticas Requisitos de instalaci&oacute;n &#8211; La anchura del pilar de montaje debe ser igual o superior a 450 mm &#8211; La anchura del panel debe ser igual o superior a 480 mm &#8211;&hellip;&nbsp;Synology RKS-02 Kit Railes Deslizantes\" \/>\n<meta property=\"og:url\" content=\"https:\/\/aivlisoft.net\/shop\/producto\/synology-rks-02-kit-railes-deslizantes\/\" \/>\n<meta property=\"og:site_name\" content=\"Aivlisoft Inform\u00e1tica\" \/>\n<meta property=\"article:modified_time\" content=\"2025-01-14T10:15:49+00:00\" \/>\n<meta property=\"og:image\" content=\"https:\/\/aivlisoft.net\/shop\/wp-content\/uploads\/2025\/01\/ANEAAA0383_800-1.jpg\" \/>\n\t<meta property=\"og:image:width\" content=\"800\" \/>\n\t<meta property=\"og:image:height\" content=\"800\" \/>\n\t<meta property=\"og:image:type\" content=\"image\/jpeg\" \/>\n<meta name=\"twitter:card\" content=\"summary_large_image\" \/>\n<meta name=\"twitter:label1\" content=\"Tiempo de lectura\" \/>\n\t<meta name=\"twitter:data1\" content=\"1 minuto\" \/>\n<script type=\"application\/ld+json\" class=\"yoast-schema-graph\">{\"@context\":\"https:\/\/schema.org\",\"@graph\":[{\"@type\":\"WebPage\",\"@id\":\"https:\/\/aivlisoft.net\/shop\/producto\/synology-rks-02-kit-railes-deslizantes\/\",\"url\":\"https:\/\/aivlisoft.net\/shop\/producto\/synology-rks-02-kit-railes-deslizantes\/\",\"name\":\"Synology RKS-02 Kit Railes Deslizantes - Aivlisoft Inform\u00e1tica\",\"isPartOf\":{\"@id\":\"https:\/\/aivlisoft.net\/shop\/#website\"},\"primaryImageOfPage\":{\"@id\":\"https:\/\/aivlisoft.net\/shop\/producto\/synology-rks-02-kit-railes-deslizantes\/#primaryimage\"},\"image\":{\"@id\":\"https:\/\/aivlisoft.net\/shop\/producto\/synology-rks-02-kit-railes-deslizantes\/#primaryimage\"},\"thumbnailUrl\":\"https:\/\/aivlisoft.net\/shop\/wp-content\/uploads\/2025\/01\/ANEAAA0383_800-1.jpg\",\"datePublished\":\"2025-01-13T13:22:42+00:00\",\"dateModified\":\"2025-01-14T10:15:49+00:00\",\"breadcrumb\":{\"@id\":\"https:\/\/aivlisoft.net\/shop\/producto\/synology-rks-02-kit-railes-deslizantes\/#breadcrumb\"},\"inLanguage\":\"es\",\"potentialAction\":[{\"@type\":\"ReadAction\",\"target\":[\"https:\/\/aivlisoft.net\/shop\/producto\/synology-rks-02-kit-railes-deslizantes\/\"]}]},{\"@type\":\"ImageObject\",\"inLanguage\":\"es\",\"@id\":\"https:\/\/aivlisoft.net\/shop\/producto\/synology-rks-02-kit-railes-deslizantes\/#primaryimage\",\"url\":\"https:\/\/aivlisoft.net\/shop\/wp-content\/uploads\/2025\/01\/ANEAAA0383_800-1.jpg\",\"contentUrl\":\"https:\/\/aivlisoft.net\/shop\/wp-content\/uploads\/2025\/01\/ANEAAA0383_800-1.jpg\",\"width\":800,\"height\":800},{\"@type\":\"BreadcrumbList\",\"@id\":\"https:\/\/aivlisoft.net\/shop\/producto\/synology-rks-02-kit-railes-deslizantes\/#breadcrumb\",\"itemListElement\":[{\"@type\":\"ListItem\",\"position\":1,\"name\":\"Portada\",\"item\":\"https:\/\/aivlisoft.net\/shop\/\"},{\"@type\":\"ListItem\",\"position\":2,\"name\":\"Tienda\",\"item\":\"https:\/\/aivlisoft.net\/shop\/tienda\/\"},{\"@type\":\"ListItem\",\"position\":3,\"name\":\"Synology RKS-02 Kit Railes Deslizantes\"}]},{\"@type\":\"WebSite\",\"@id\":\"https:\/\/aivlisoft.net\/shop\/#website\",\"url\":\"https:\/\/aivlisoft.net\/shop\/\",\"name\":\"Aivlisoft Inform\u00e1tica\",\"description\":\"En Aivlisoft Inform\u00e1tica ofrecemos soluciones tecnol\u00f3gicas para empresas: venta de ordenadores, consumibles, perif\u00e9ricos y m\u00e1s. Calidad, atenci\u00f3n personalizada y los mejores precios para tu negocio.\",\"publisher\":{\"@id\":\"https:\/\/aivlisoft.net\/shop\/#organization\"},\"potentialAction\":[{\"@type\":\"SearchAction\",\"target\":{\"@type\":\"EntryPoint\",\"urlTemplate\":\"https:\/\/aivlisoft.net\/shop\/?s={search_term_string}\"},\"query-input\":{\"@type\":\"PropertyValueSpecification\",\"valueRequired\":true,\"valueName\":\"search_term_string\"}}],\"inLanguage\":\"es\"},{\"@type\":\"Organization\",\"@id\":\"https:\/\/aivlisoft.net\/shop\/#organization\",\"name\":\"Aivlisoft Inform\u00e1tica\",\"url\":\"https:\/\/aivlisoft.net\/shop\/\",\"logo\":{\"@type\":\"ImageObject\",\"inLanguage\":\"es\",\"@id\":\"https:\/\/aivlisoft.net\/shop\/#\/schema\/logo\/image\/\",\"url\":\"https:\/\/aivlisoft.net\/shop\/wp-content\/uploads\/2024\/12\/removal.ai_5b848c54-0cdf-4140-95c5-c5536bb7573b-logodef.png\",\"contentUrl\":\"https:\/\/aivlisoft.net\/shop\/wp-content\/uploads\/2024\/12\/removal.ai_5b848c54-0cdf-4140-95c5-c5536bb7573b-logodef.png\",\"width\":484,\"height\":182,\"caption\":\"Aivlisoft Inform\u00e1tica\"},\"image\":{\"@id\":\"https:\/\/aivlisoft.net\/shop\/#\/schema\/logo\/image\/\"}}]}<\/script>\n<!-- \/ Yoast SEO plugin. -->","yoast_head_json":{"title":"Synology RKS-02 Kit Railes Deslizantes - Aivlisoft Inform\u00e1tica","robots":{"index":"index","follow":"follow","max-snippet":"max-snippet:-1","max-image-preview":"max-image-preview:large","max-video-preview":"max-video-preview:-1"},"canonical":"https:\/\/aivlisoft.net\/shop\/producto\/synology-rks-02-kit-railes-deslizantes\/","og_locale":"es_ES","og_type":"article","og_title":"Synology RKS-02 Kit Railes Deslizantes - Aivlisoft Inform\u00e1tica","og_description":"Synology Rail Kit RKS-02 permite un f&aacute;cil acceso de mantenimiento para los modelos Synology de montaje en rack. Marca Synology Modelo RKS-02 Caracter&iacute;sticas Requisitos de instalaci&oacute;n &#8211; La anchura del pilar de montaje debe ser igual o superior a 450 mm &#8211; La anchura del panel debe ser igual o superior a 480 mm &#8211;&hellip;&nbsp;Synology RKS-02 Kit Railes Deslizantes","og_url":"https:\/\/aivlisoft.net\/shop\/producto\/synology-rks-02-kit-railes-deslizantes\/","og_site_name":"Aivlisoft Inform\u00e1tica","article_modified_time":"2025-01-14T10:15:49+00:00","og_image":[{"width":800,"height":800,"url":"https:\/\/aivlisoft.net\/shop\/wp-content\/uploads\/2025\/01\/ANEAAA0383_800-1.jpg","type":"image\/jpeg"}],"twitter_card":"summary_large_image","twitter_misc":{"Tiempo de lectura":"1 minuto"},"schema":{"@context":"https:\/\/schema.org","@graph":[{"@type":"WebPage","@id":"https:\/\/aivlisoft.net\/shop\/producto\/synology-rks-02-kit-railes-deslizantes\/","url":"https:\/\/aivlisoft.net\/shop\/producto\/synology-rks-02-kit-railes-deslizantes\/","name":"Synology RKS-02 Kit Railes Deslizantes - Aivlisoft Inform\u00e1tica","isPartOf":{"@id":"https:\/\/aivlisoft.net\/shop\/#website"},"primaryImageOfPage":{"@id":"https:\/\/aivlisoft.net\/shop\/producto\/synology-rks-02-kit-railes-deslizantes\/#primaryimage"},"image":{"@id":"https:\/\/aivlisoft.net\/shop\/producto\/synology-rks-02-kit-railes-deslizantes\/#primaryimage"},"thumbnailUrl":"https:\/\/aivlisoft.net\/shop\/wp-content\/uploads\/2025\/01\/ANEAAA0383_800-1.jpg","datePublished":"2025-01-13T13:22:42+00:00","dateModified":"2025-01-14T10:15:49+00:00","breadcrumb":{"@id":"https:\/\/aivlisoft.net\/shop\/producto\/synology-rks-02-kit-railes-deslizantes\/#breadcrumb"},"inLanguage":"es","potentialAction":[{"@type":"ReadAction","target":["https:\/\/aivlisoft.net\/shop\/producto\/synology-rks-02-kit-railes-deslizantes\/"]}]},{"@type":"ImageObject","inLanguage":"es","@id":"https:\/\/aivlisoft.net\/shop\/producto\/synology-rks-02-kit-railes-deslizantes\/#primaryimage","url":"https:\/\/aivlisoft.net\/shop\/wp-content\/uploads\/2025\/01\/ANEAAA0383_800-1.jpg","contentUrl":"https:\/\/aivlisoft.net\/shop\/wp-content\/uploads\/2025\/01\/ANEAAA0383_800-1.jpg","width":800,"height":800},{"@type":"BreadcrumbList","@id":"https:\/\/aivlisoft.net\/shop\/producto\/synology-rks-02-kit-railes-deslizantes\/#breadcrumb","itemListElement":[{"@type":"ListItem","position":1,"name":"Portada","item":"https:\/\/aivlisoft.net\/shop\/"},{"@type":"ListItem","position":2,"name":"Tienda","item":"https:\/\/aivlisoft.net\/shop\/tienda\/"},{"@type":"ListItem","position":3,"name":"Synology RKS-02 Kit Railes Deslizantes"}]},{"@type":"WebSite","@id":"https:\/\/aivlisoft.net\/shop\/#website","url":"https:\/\/aivlisoft.net\/shop\/","name":"Aivlisoft Inform\u00e1tica","description":"En Aivlisoft Inform\u00e1tica ofrecemos soluciones tecnol\u00f3gicas para empresas: venta de ordenadores, consumibles, perif\u00e9ricos y m\u00e1s. Calidad, atenci\u00f3n personalizada y los mejores precios para tu negocio.","publisher":{"@id":"https:\/\/aivlisoft.net\/shop\/#organization"},"potentialAction":[{"@type":"SearchAction","target":{"@type":"EntryPoint","urlTemplate":"https:\/\/aivlisoft.net\/shop\/?s={search_term_string}"},"query-input":{"@type":"PropertyValueSpecification","valueRequired":true,"valueName":"search_term_string"}}],"inLanguage":"es"},{"@type":"Organization","@id":"https:\/\/aivlisoft.net\/shop\/#organization","name":"Aivlisoft Inform\u00e1tica","url":"https:\/\/aivlisoft.net\/shop\/","logo":{"@type":"ImageObject","inLanguage":"es","@id":"https:\/\/aivlisoft.net\/shop\/#\/schema\/logo\/image\/","url":"https:\/\/aivlisoft.net\/shop\/wp-content\/uploads\/2024\/12\/removal.ai_5b848c54-0cdf-4140-95c5-c5536bb7573b-logodef.png","contentUrl":"https:\/\/aivlisoft.net\/shop\/wp-content\/uploads\/2024\/12\/removal.ai_5b848c54-0cdf-4140-95c5-c5536bb7573b-logodef.png","width":484,"height":182,"caption":"Aivlisoft Inform\u00e1tica"},"image":{"@id":"https:\/\/aivlisoft.net\/shop\/#\/schema\/logo\/image\/"}}]}},"_links":{"self":[{"href":"https:\/\/aivlisoft.net\/shop\/wp-json\/wp\/v2\/product\/4872","targetHints":{"allow":["GET"]}}],"collection":[{"href":"https:\/\/aivlisoft.net\/shop\/wp-json\/wp\/v2\/product"}],"about":[{"href":"https:\/\/aivlisoft.net\/shop\/wp-json\/wp\/v2\/types\/product"}],"wp:featuredmedia":[{"embeddable":true,"href":"https:\/\/aivlisoft.net\/shop\/wp-json\/wp\/v2\/media\/4873"}],"wp:attachment":[{"href":"https:\/\/aivlisoft.net\/shop\/wp-json\/wp\/v2\/media?parent=4872"}],"wp:term":[{"taxonomy":"product_brand","embeddable":true,"href":"https:\/\/aivlisoft.net\/shop\/wp-json\/wp\/v2\/product_brand?post=4872"},{"taxonomy":"product_cat","embeddable":true,"href":"https:\/\/aivlisoft.net\/shop\/wp-json\/wp\/v2\/product_cat?post=4872"},{"taxonomy":"product_tag","embeddable":true,"href":"https:\/\/aivlisoft.net\/shop\/wp-json\/wp\/v2\/product_tag?post=4872"}],"curies":[{"name":"wp","href":"https:\/\/api.w.org\/{rel}","templated":true}]}}