{"id":4867,"date":"2025-01-13T13:22:40","date_gmt":"2025-01-13T13:22:40","guid":{"rendered":"https:\/\/aivlisoft.com\/?post_type=product&#038;p=4867"},"modified":"2025-01-14T10:15:48","modified_gmt":"2025-01-14T10:15:48","slug":"2lan-armario-suelo-18u-19-600x1000","status":"publish","type":"product","link":"https:\/\/aivlisoft.net\/shop\/producto\/2lan-armario-suelo-18u-19-600x1000\/","title":{"rendered":"2LAN Armario Suelo 18U 19&#8243; 600X1000"},"content":{"rendered":"<p><\/p>\n<table class=\"tabla_caracteristicas\" width=\"100%\">\n<tr>\n<td valign=\"top\"><strong>Marca<\/strong><\/td>\n<td>2LAN<\/td>\n<\/tr>\n<tr>\n<td valign=\"top\"><strong>Modelo<\/strong><\/td>\n<td><strong>AR1918U600X1000<\/strong><\/td>\n<\/tr>\n<tr>\n<td valign=\"top\"><strong>Caracter&iacute;sticas<\/strong><\/td>\n<td>&#8211; Cumple con las normas ANSI\/EIA RS-310-D, DIN41491, PART1, EIC297-2, PRAT7, GB\/T3047.2-9<br \/>\t\t\t&#8211; Dise&ntilde;o especial de dimensiones precisas.<br \/>\t\t\t&#8211; Se puede seleccionar entre puerta delantera de cristal y trasera met&aacute;lica o puerta delantera micro perforada y trasera doble micro perforada.<br \/>\t\t\t&#8211; Ambas puertas con cerradura. Cerradura en paneles laterales opcional.<br \/>\t\t\t&#8211; Pies ajustables y ruedas giratorias de gran capacidad de carga, instalables a la vez.<br \/>\t\t\t&#8211; Diversas entradas de cable en la parte superior e inferior del armario con medidas ajustables.<br \/>\t\t\t&#8211; Kit de union de armarios opcional.<br \/>\t\t\t&#8211; Instalaci&oacute;n est&aacute;ndar 19&rdquo;.<br \/>\t\t\t&#8211; Paneles laterales desmontables y f&aacute;ciles de colocar.<br \/>\t\t\t&#8211; Material: SPCC acero laminado con acabado en pintura color negro fosf&oacute;ricas antioxido.<br \/>\t\t\t&#8211; Densidad del perfil de montaje de 2.0mm, &aacute;ngulo de montaje 1.5mm, otros 1.2mm.<br \/>\t\t\t&#8211; Grado de protecci&oacute;n IP20<br \/>\t\t\t&#8211; Capacidad de carga est&aacute;tica: 800kg.<br \/>\t\t\t&#8211; Capacidad: 18U<br \/>\t\t\t&#8211; Ancho: 600 mm<br \/>\t\t\t&#8211; Profundo: 800 mm<br \/>\t\t\t&#8211; Alto: 1166 mm<\/td>\n<\/tr>\n<tr>\n<td valign=\"top\"><strong>Fecha de revisi&oacute;n<\/strong><\/td>\n<td>20-06-2022 por MPM<\/td>\n<\/tr>\n<\/table>\n","protected":false},"excerpt":{"rendered":"<p>Marca 2LAN Modelo AR1918U600X1000 Caracter&iacute;sticas &#8211; Cumple con las normas ANSI\/EIA RS-310-D, DIN41491, PART1, EIC297-2, PRAT7, GB\/T3047.2-9 &#8211; Dise&ntilde;o especial de dimensiones precisas. &#8211; Se puede seleccionar entre puerta delantera de cristal y trasera met&aacute;lica o puerta delantera micro perforada y trasera doble micro perforada. &#8211; Ambas puertas con cerradura. Cerradura en paneles laterales opcional.&hellip;&nbsp;<a href=\"https:\/\/aivlisoft.net\/shop\/producto\/2lan-armario-suelo-18u-19-600x1000\/\" rel=\"bookmark\"><span class=\"screen-reader-text\">2LAN Armario Suelo 18U 19&#8243; 600X1000<\/span><\/a><\/p>\n","protected":false},"featured_media":4868,"template":"","meta":{"neve_meta_sidebar":"","neve_meta_container":"","neve_meta_enable_content_width":"","neve_meta_content_width":0,"neve_meta_title_alignment":"","neve_meta_author_avatar":"","neve_post_elements_order":"","neve_meta_disable_header":"","neve_meta_disable_footer":"","neve_meta_disable_title":""},"product_brand":[],"product_cat":[8701],"product_tag":[1526],"class_list":{"0":"post-4867","1":"product","2":"type-product","3":"status-publish","4":"has-post-thumbnail","6":"product_cat-armarios-rack-y-accesorios","7":"product_tag-ar1918u600x1000","9":"first","10":"instock","11":"taxable","12":"shipping-taxable","13":"purchasable","14":"product-type-simple"},"yoast_head":"<!-- This site is optimized with the Yoast SEO plugin v26.0 - https:\/\/yoast.com\/wordpress\/plugins\/seo\/ -->\n<title>2LAN Armario Suelo 18U 19&quot; 600X1000 - Aivlisoft Inform\u00e1tica<\/title>\n<meta name=\"robots\" content=\"index, follow, max-snippet:-1, max-image-preview:large, max-video-preview:-1\" \/>\n<link rel=\"canonical\" href=\"https:\/\/aivlisoft.net\/shop\/producto\/2lan-armario-suelo-18u-19-600x1000\/\" \/>\n<meta property=\"og:locale\" content=\"es_ES\" \/>\n<meta property=\"og:type\" content=\"article\" \/>\n<meta property=\"og:title\" content=\"2LAN Armario Suelo 18U 19&quot; 600X1000 - Aivlisoft Inform\u00e1tica\" \/>\n<meta property=\"og:description\" content=\"Marca 2LAN Modelo AR1918U600X1000 Caracter&iacute;sticas &#8211; Cumple con las normas ANSI\/EIA RS-310-D, DIN41491, PART1, EIC297-2, PRAT7, GB\/T3047.2-9 &#8211; Dise&ntilde;o especial de dimensiones precisas. &#8211; Se puede seleccionar entre puerta delantera de cristal y trasera met&aacute;lica o puerta delantera micro perforada y trasera doble micro perforada. &#8211; Ambas puertas con cerradura. Cerradura en paneles laterales opcional.&hellip;&nbsp;2LAN Armario Suelo 18U 19&#8243; 600X1000\" \/>\n<meta property=\"og:url\" content=\"https:\/\/aivlisoft.net\/shop\/producto\/2lan-armario-suelo-18u-19-600x1000\/\" \/>\n<meta property=\"og:site_name\" content=\"Aivlisoft Inform\u00e1tica\" \/>\n<meta property=\"article:modified_time\" content=\"2025-01-14T10:15:48+00:00\" \/>\n<meta property=\"og:image\" content=\"https:\/\/aivlisoft.net\/shop\/wp-content\/uploads\/2025\/01\/ANEAAA0376_800-1.jpg\" \/>\n\t<meta property=\"og:image:width\" content=\"800\" \/>\n\t<meta property=\"og:image:height\" content=\"800\" \/>\n\t<meta property=\"og:image:type\" content=\"image\/jpeg\" \/>\n<meta name=\"twitter:card\" content=\"summary_large_image\" \/>\n<meta name=\"twitter:label1\" content=\"Tiempo de lectura\" \/>\n\t<meta name=\"twitter:data1\" content=\"1 minuto\" \/>\n<script type=\"application\/ld+json\" class=\"yoast-schema-graph\">{\"@context\":\"https:\/\/schema.org\",\"@graph\":[{\"@type\":\"WebPage\",\"@id\":\"https:\/\/aivlisoft.net\/shop\/producto\/2lan-armario-suelo-18u-19-600x1000\/\",\"url\":\"https:\/\/aivlisoft.net\/shop\/producto\/2lan-armario-suelo-18u-19-600x1000\/\",\"name\":\"2LAN Armario Suelo 18U 19\\\" 600X1000 - Aivlisoft Inform\u00e1tica\",\"isPartOf\":{\"@id\":\"https:\/\/aivlisoft.net\/shop\/#website\"},\"primaryImageOfPage\":{\"@id\":\"https:\/\/aivlisoft.net\/shop\/producto\/2lan-armario-suelo-18u-19-600x1000\/#primaryimage\"},\"image\":{\"@id\":\"https:\/\/aivlisoft.net\/shop\/producto\/2lan-armario-suelo-18u-19-600x1000\/#primaryimage\"},\"thumbnailUrl\":\"https:\/\/aivlisoft.net\/shop\/wp-content\/uploads\/2025\/01\/ANEAAA0376_800-1.jpg\",\"datePublished\":\"2025-01-13T13:22:40+00:00\",\"dateModified\":\"2025-01-14T10:15:48+00:00\",\"breadcrumb\":{\"@id\":\"https:\/\/aivlisoft.net\/shop\/producto\/2lan-armario-suelo-18u-19-600x1000\/#breadcrumb\"},\"inLanguage\":\"es\",\"potentialAction\":[{\"@type\":\"ReadAction\",\"target\":[\"https:\/\/aivlisoft.net\/shop\/producto\/2lan-armario-suelo-18u-19-600x1000\/\"]}]},{\"@type\":\"ImageObject\",\"inLanguage\":\"es\",\"@id\":\"https:\/\/aivlisoft.net\/shop\/producto\/2lan-armario-suelo-18u-19-600x1000\/#primaryimage\",\"url\":\"https:\/\/aivlisoft.net\/shop\/wp-content\/uploads\/2025\/01\/ANEAAA0376_800-1.jpg\",\"contentUrl\":\"https:\/\/aivlisoft.net\/shop\/wp-content\/uploads\/2025\/01\/ANEAAA0376_800-1.jpg\",\"width\":800,\"height\":800},{\"@type\":\"BreadcrumbList\",\"@id\":\"https:\/\/aivlisoft.net\/shop\/producto\/2lan-armario-suelo-18u-19-600x1000\/#breadcrumb\",\"itemListElement\":[{\"@type\":\"ListItem\",\"position\":1,\"name\":\"Portada\",\"item\":\"https:\/\/aivlisoft.net\/shop\/\"},{\"@type\":\"ListItem\",\"position\":2,\"name\":\"Tienda\",\"item\":\"https:\/\/aivlisoft.net\/shop\/tienda\/\"},{\"@type\":\"ListItem\",\"position\":3,\"name\":\"2LAN Armario Suelo 18U 19&#8243; 600X1000\"}]},{\"@type\":\"WebSite\",\"@id\":\"https:\/\/aivlisoft.net\/shop\/#website\",\"url\":\"https:\/\/aivlisoft.net\/shop\/\",\"name\":\"Aivlisoft Inform\u00e1tica\",\"description\":\"En Aivlisoft Inform\u00e1tica ofrecemos soluciones tecnol\u00f3gicas para empresas: venta de ordenadores, consumibles, perif\u00e9ricos y m\u00e1s. Calidad, atenci\u00f3n personalizada y los mejores precios para tu negocio.\",\"publisher\":{\"@id\":\"https:\/\/aivlisoft.net\/shop\/#organization\"},\"potentialAction\":[{\"@type\":\"SearchAction\",\"target\":{\"@type\":\"EntryPoint\",\"urlTemplate\":\"https:\/\/aivlisoft.net\/shop\/?s={search_term_string}\"},\"query-input\":{\"@type\":\"PropertyValueSpecification\",\"valueRequired\":true,\"valueName\":\"search_term_string\"}}],\"inLanguage\":\"es\"},{\"@type\":\"Organization\",\"@id\":\"https:\/\/aivlisoft.net\/shop\/#organization\",\"name\":\"Aivlisoft Inform\u00e1tica\",\"url\":\"https:\/\/aivlisoft.net\/shop\/\",\"logo\":{\"@type\":\"ImageObject\",\"inLanguage\":\"es\",\"@id\":\"https:\/\/aivlisoft.net\/shop\/#\/schema\/logo\/image\/\",\"url\":\"https:\/\/aivlisoft.net\/shop\/wp-content\/uploads\/2024\/12\/removal.ai_5b848c54-0cdf-4140-95c5-c5536bb7573b-logodef.png\",\"contentUrl\":\"https:\/\/aivlisoft.net\/shop\/wp-content\/uploads\/2024\/12\/removal.ai_5b848c54-0cdf-4140-95c5-c5536bb7573b-logodef.png\",\"width\":484,\"height\":182,\"caption\":\"Aivlisoft Inform\u00e1tica\"},\"image\":{\"@id\":\"https:\/\/aivlisoft.net\/shop\/#\/schema\/logo\/image\/\"}}]}<\/script>\n<!-- \/ Yoast SEO plugin. -->","yoast_head_json":{"title":"2LAN Armario Suelo 18U 19\" 600X1000 - Aivlisoft Inform\u00e1tica","robots":{"index":"index","follow":"follow","max-snippet":"max-snippet:-1","max-image-preview":"max-image-preview:large","max-video-preview":"max-video-preview:-1"},"canonical":"https:\/\/aivlisoft.net\/shop\/producto\/2lan-armario-suelo-18u-19-600x1000\/","og_locale":"es_ES","og_type":"article","og_title":"2LAN Armario Suelo 18U 19\" 600X1000 - Aivlisoft Inform\u00e1tica","og_description":"Marca 2LAN Modelo AR1918U600X1000 Caracter&iacute;sticas &#8211; Cumple con las normas ANSI\/EIA RS-310-D, DIN41491, PART1, EIC297-2, PRAT7, GB\/T3047.2-9 &#8211; Dise&ntilde;o especial de dimensiones precisas. &#8211; Se puede seleccionar entre puerta delantera de cristal y trasera met&aacute;lica o puerta delantera micro perforada y trasera doble micro perforada. &#8211; Ambas puertas con cerradura. Cerradura en paneles laterales opcional.&hellip;&nbsp;2LAN Armario Suelo 18U 19&#8243; 600X1000","og_url":"https:\/\/aivlisoft.net\/shop\/producto\/2lan-armario-suelo-18u-19-600x1000\/","og_site_name":"Aivlisoft Inform\u00e1tica","article_modified_time":"2025-01-14T10:15:48+00:00","og_image":[{"width":800,"height":800,"url":"https:\/\/aivlisoft.net\/shop\/wp-content\/uploads\/2025\/01\/ANEAAA0376_800-1.jpg","type":"image\/jpeg"}],"twitter_card":"summary_large_image","twitter_misc":{"Tiempo de lectura":"1 minuto"},"schema":{"@context":"https:\/\/schema.org","@graph":[{"@type":"WebPage","@id":"https:\/\/aivlisoft.net\/shop\/producto\/2lan-armario-suelo-18u-19-600x1000\/","url":"https:\/\/aivlisoft.net\/shop\/producto\/2lan-armario-suelo-18u-19-600x1000\/","name":"2LAN Armario Suelo 18U 19\" 600X1000 - Aivlisoft Inform\u00e1tica","isPartOf":{"@id":"https:\/\/aivlisoft.net\/shop\/#website"},"primaryImageOfPage":{"@id":"https:\/\/aivlisoft.net\/shop\/producto\/2lan-armario-suelo-18u-19-600x1000\/#primaryimage"},"image":{"@id":"https:\/\/aivlisoft.net\/shop\/producto\/2lan-armario-suelo-18u-19-600x1000\/#primaryimage"},"thumbnailUrl":"https:\/\/aivlisoft.net\/shop\/wp-content\/uploads\/2025\/01\/ANEAAA0376_800-1.jpg","datePublished":"2025-01-13T13:22:40+00:00","dateModified":"2025-01-14T10:15:48+00:00","breadcrumb":{"@id":"https:\/\/aivlisoft.net\/shop\/producto\/2lan-armario-suelo-18u-19-600x1000\/#breadcrumb"},"inLanguage":"es","potentialAction":[{"@type":"ReadAction","target":["https:\/\/aivlisoft.net\/shop\/producto\/2lan-armario-suelo-18u-19-600x1000\/"]}]},{"@type":"ImageObject","inLanguage":"es","@id":"https:\/\/aivlisoft.net\/shop\/producto\/2lan-armario-suelo-18u-19-600x1000\/#primaryimage","url":"https:\/\/aivlisoft.net\/shop\/wp-content\/uploads\/2025\/01\/ANEAAA0376_800-1.jpg","contentUrl":"https:\/\/aivlisoft.net\/shop\/wp-content\/uploads\/2025\/01\/ANEAAA0376_800-1.jpg","width":800,"height":800},{"@type":"BreadcrumbList","@id":"https:\/\/aivlisoft.net\/shop\/producto\/2lan-armario-suelo-18u-19-600x1000\/#breadcrumb","itemListElement":[{"@type":"ListItem","position":1,"name":"Portada","item":"https:\/\/aivlisoft.net\/shop\/"},{"@type":"ListItem","position":2,"name":"Tienda","item":"https:\/\/aivlisoft.net\/shop\/tienda\/"},{"@type":"ListItem","position":3,"name":"2LAN Armario Suelo 18U 19&#8243; 600X1000"}]},{"@type":"WebSite","@id":"https:\/\/aivlisoft.net\/shop\/#website","url":"https:\/\/aivlisoft.net\/shop\/","name":"Aivlisoft Inform\u00e1tica","description":"En Aivlisoft Inform\u00e1tica ofrecemos soluciones tecnol\u00f3gicas para empresas: venta de ordenadores, consumibles, perif\u00e9ricos y m\u00e1s. Calidad, atenci\u00f3n personalizada y los mejores precios para tu negocio.","publisher":{"@id":"https:\/\/aivlisoft.net\/shop\/#organization"},"potentialAction":[{"@type":"SearchAction","target":{"@type":"EntryPoint","urlTemplate":"https:\/\/aivlisoft.net\/shop\/?s={search_term_string}"},"query-input":{"@type":"PropertyValueSpecification","valueRequired":true,"valueName":"search_term_string"}}],"inLanguage":"es"},{"@type":"Organization","@id":"https:\/\/aivlisoft.net\/shop\/#organization","name":"Aivlisoft Inform\u00e1tica","url":"https:\/\/aivlisoft.net\/shop\/","logo":{"@type":"ImageObject","inLanguage":"es","@id":"https:\/\/aivlisoft.net\/shop\/#\/schema\/logo\/image\/","url":"https:\/\/aivlisoft.net\/shop\/wp-content\/uploads\/2024\/12\/removal.ai_5b848c54-0cdf-4140-95c5-c5536bb7573b-logodef.png","contentUrl":"https:\/\/aivlisoft.net\/shop\/wp-content\/uploads\/2024\/12\/removal.ai_5b848c54-0cdf-4140-95c5-c5536bb7573b-logodef.png","width":484,"height":182,"caption":"Aivlisoft Inform\u00e1tica"},"image":{"@id":"https:\/\/aivlisoft.net\/shop\/#\/schema\/logo\/image\/"}}]}},"_links":{"self":[{"href":"https:\/\/aivlisoft.net\/shop\/wp-json\/wp\/v2\/product\/4867","targetHints":{"allow":["GET"]}}],"collection":[{"href":"https:\/\/aivlisoft.net\/shop\/wp-json\/wp\/v2\/product"}],"about":[{"href":"https:\/\/aivlisoft.net\/shop\/wp-json\/wp\/v2\/types\/product"}],"wp:featuredmedia":[{"embeddable":true,"href":"https:\/\/aivlisoft.net\/shop\/wp-json\/wp\/v2\/media\/4868"}],"wp:attachment":[{"href":"https:\/\/aivlisoft.net\/shop\/wp-json\/wp\/v2\/media?parent=4867"}],"wp:term":[{"taxonomy":"product_brand","embeddable":true,"href":"https:\/\/aivlisoft.net\/shop\/wp-json\/wp\/v2\/product_brand?post=4867"},{"taxonomy":"product_cat","embeddable":true,"href":"https:\/\/aivlisoft.net\/shop\/wp-json\/wp\/v2\/product_cat?post=4867"},{"taxonomy":"product_tag","embeddable":true,"href":"https:\/\/aivlisoft.net\/shop\/wp-json\/wp\/v2\/product_tag?post=4867"}],"curies":[{"name":"wp","href":"https:\/\/api.w.org\/{rel}","templated":true}]}}