{"id":4850,"date":"2025-01-13T13:22:33","date_gmt":"2025-01-13T13:22:33","guid":{"rendered":"https:\/\/aivlisoft.com\/?post_type=product&#038;p=4850"},"modified":"2025-01-14T10:15:41","modified_gmt":"2025-01-14T10:15:41","slug":"monolyth-bandeja-armario-1200-fija-suelo","status":"publish","type":"product","link":"https:\/\/aivlisoft.net\/shop\/producto\/monolyth-bandeja-armario-1200-fija-suelo\/","title":{"rendered":"Monolyth Bandeja Armario 1200 Fija Suelo"},"content":{"rendered":"<p>Fabricado en acero SPCC de 1.2mm de grosor de color negro y disponen de ranuras de aireaci&oacute;n para una mejor ventilaci&oacute;n<br \/>Permite obtener un mayor aprovechamiento del espacio, facilitando cualquier montaje, instalaci&oacute;n de electr&oacute;nica de Red (Switch, Router, &#8230;) , con una &oacute;ptima gesti&oacute;n del cableado, instalaci&oacute;n de equipamiento no normalizado (monitor, teclado, &#8230;).<br \/>&nbsp;<\/p>\n<p>&nbsp;<\/p>\n<table class=\"tabla_caracteristicas k-table\" width=\"100%\">\n<tr>\n<td><strong>Marca<\/strong><\/td>\n<td>Monolyth<\/td>\n<\/tr>\n<tr>\n<td><strong>Modelo<\/strong><\/td>\n<td><strong>3011600<\/strong><\/td>\n<\/tr>\n<tr>\n<td><strong>Caracter&iacute;sticas<\/strong><\/td>\n<td>&#8211; Color: negro<br \/>\t\t\t&#8211; Ancho: 19&#8243;<br \/>\t\t\t&#8211; Para armarios SH de suelo de 1200 mm de fondo.<br \/>\t\t\t&#8211; Perforada para mejorar la ventilaci&oacute;n en el interior del armario.<br \/>\t\t\t&#8211; Tama&ntilde;o de la bandeja: Ancho 465 mm | Fondo 900 mm | Alto 35 mm.<\/td>\n<\/tr>\n<tr>\n<td><strong>Fecha de revisi&oacute;n<\/strong><\/td>\n<td>08-07-2024 por A<\/td>\n<\/tr>\n<\/table>\n","protected":false},"excerpt":{"rendered":"<p>Fabricado en acero SPCC de 1.2mm de grosor de color negro y disponen de ranuras de aireaci&oacute;n para una mejor ventilaci&oacute;nPermite obtener un mayor aprovechamiento del espacio, facilitando cualquier montaje, instalaci&oacute;n de electr&oacute;nica de Red (Switch, Router, &#8230;) , con una &oacute;ptima gesti&oacute;n del cableado, instalaci&oacute;n de equipamiento no normalizado (monitor, teclado, &#8230;).&nbsp; &nbsp; Marca&hellip;&nbsp;<a href=\"https:\/\/aivlisoft.net\/shop\/producto\/monolyth-bandeja-armario-1200-fija-suelo\/\" rel=\"bookmark\"><span class=\"screen-reader-text\">Monolyth Bandeja Armario 1200 Fija Suelo<\/span><\/a><\/p>\n","protected":false},"featured_media":4851,"template":"","meta":{"neve_meta_sidebar":"","neve_meta_container":"","neve_meta_enable_content_width":"","neve_meta_content_width":0,"neve_meta_title_alignment":"","neve_meta_author_avatar":"","neve_post_elements_order":"","neve_meta_disable_header":"","neve_meta_disable_footer":"","neve_meta_disable_title":""},"product_brand":[],"product_cat":[8701],"product_tag":[1520],"class_list":{"0":"post-4850","1":"product","2":"type-product","3":"status-publish","4":"has-post-thumbnail","6":"product_cat-armarios-rack-y-accesorios","7":"product_tag-1520","9":"first","10":"instock","11":"taxable","12":"shipping-taxable","13":"purchasable","14":"product-type-simple"},"yoast_head":"<!-- This site is optimized with the Yoast SEO plugin v26.0 - https:\/\/yoast.com\/wordpress\/plugins\/seo\/ -->\n<title>Monolyth Bandeja Armario 1200 Fija Suelo - Aivlisoft Inform\u00e1tica<\/title>\n<meta name=\"robots\" content=\"index, follow, max-snippet:-1, max-image-preview:large, max-video-preview:-1\" \/>\n<link rel=\"canonical\" href=\"https:\/\/aivlisoft.net\/shop\/producto\/monolyth-bandeja-armario-1200-fija-suelo\/\" \/>\n<meta property=\"og:locale\" content=\"es_ES\" \/>\n<meta property=\"og:type\" content=\"article\" \/>\n<meta property=\"og:title\" content=\"Monolyth Bandeja Armario 1200 Fija Suelo - Aivlisoft Inform\u00e1tica\" \/>\n<meta property=\"og:description\" content=\"Fabricado en acero SPCC de 1.2mm de grosor de color negro y disponen de ranuras de aireaci&oacute;n para una mejor ventilaci&oacute;nPermite obtener un mayor aprovechamiento del espacio, facilitando cualquier montaje, instalaci&oacute;n de electr&oacute;nica de Red (Switch, Router, &#8230;) , con una &oacute;ptima gesti&oacute;n del cableado, instalaci&oacute;n de equipamiento no normalizado (monitor, teclado, &#8230;).&nbsp; &nbsp; Marca&hellip;&nbsp;Monolyth Bandeja Armario 1200 Fija Suelo\" \/>\n<meta property=\"og:url\" content=\"https:\/\/aivlisoft.net\/shop\/producto\/monolyth-bandeja-armario-1200-fija-suelo\/\" \/>\n<meta property=\"og:site_name\" content=\"Aivlisoft Inform\u00e1tica\" \/>\n<meta property=\"article:modified_time\" content=\"2025-01-14T10:15:41+00:00\" \/>\n<meta property=\"og:image\" content=\"https:\/\/aivlisoft.net\/shop\/wp-content\/uploads\/2025\/01\/ANEAAA0363_800-1.jpg\" \/>\n\t<meta property=\"og:image:width\" content=\"800\" \/>\n\t<meta property=\"og:image:height\" content=\"800\" \/>\n\t<meta property=\"og:image:type\" content=\"image\/jpeg\" \/>\n<meta name=\"twitter:card\" content=\"summary_large_image\" \/>\n<meta name=\"twitter:label1\" content=\"Tiempo de lectura\" \/>\n\t<meta name=\"twitter:data1\" content=\"1 minuto\" \/>\n<script type=\"application\/ld+json\" class=\"yoast-schema-graph\">{\"@context\":\"https:\/\/schema.org\",\"@graph\":[{\"@type\":\"WebPage\",\"@id\":\"https:\/\/aivlisoft.net\/shop\/producto\/monolyth-bandeja-armario-1200-fija-suelo\/\",\"url\":\"https:\/\/aivlisoft.net\/shop\/producto\/monolyth-bandeja-armario-1200-fija-suelo\/\",\"name\":\"Monolyth Bandeja Armario 1200 Fija Suelo - Aivlisoft Inform\u00e1tica\",\"isPartOf\":{\"@id\":\"https:\/\/aivlisoft.net\/shop\/#website\"},\"primaryImageOfPage\":{\"@id\":\"https:\/\/aivlisoft.net\/shop\/producto\/monolyth-bandeja-armario-1200-fija-suelo\/#primaryimage\"},\"image\":{\"@id\":\"https:\/\/aivlisoft.net\/shop\/producto\/monolyth-bandeja-armario-1200-fija-suelo\/#primaryimage\"},\"thumbnailUrl\":\"https:\/\/aivlisoft.net\/shop\/wp-content\/uploads\/2025\/01\/ANEAAA0363_800-1.jpg\",\"datePublished\":\"2025-01-13T13:22:33+00:00\",\"dateModified\":\"2025-01-14T10:15:41+00:00\",\"breadcrumb\":{\"@id\":\"https:\/\/aivlisoft.net\/shop\/producto\/monolyth-bandeja-armario-1200-fija-suelo\/#breadcrumb\"},\"inLanguage\":\"es\",\"potentialAction\":[{\"@type\":\"ReadAction\",\"target\":[\"https:\/\/aivlisoft.net\/shop\/producto\/monolyth-bandeja-armario-1200-fija-suelo\/\"]}]},{\"@type\":\"ImageObject\",\"inLanguage\":\"es\",\"@id\":\"https:\/\/aivlisoft.net\/shop\/producto\/monolyth-bandeja-armario-1200-fija-suelo\/#primaryimage\",\"url\":\"https:\/\/aivlisoft.net\/shop\/wp-content\/uploads\/2025\/01\/ANEAAA0363_800-1.jpg\",\"contentUrl\":\"https:\/\/aivlisoft.net\/shop\/wp-content\/uploads\/2025\/01\/ANEAAA0363_800-1.jpg\",\"width\":800,\"height\":800},{\"@type\":\"BreadcrumbList\",\"@id\":\"https:\/\/aivlisoft.net\/shop\/producto\/monolyth-bandeja-armario-1200-fija-suelo\/#breadcrumb\",\"itemListElement\":[{\"@type\":\"ListItem\",\"position\":1,\"name\":\"Portada\",\"item\":\"https:\/\/aivlisoft.net\/shop\/\"},{\"@type\":\"ListItem\",\"position\":2,\"name\":\"Tienda\",\"item\":\"https:\/\/aivlisoft.net\/shop\/tienda\/\"},{\"@type\":\"ListItem\",\"position\":3,\"name\":\"Monolyth Bandeja Armario 1200 Fija Suelo\"}]},{\"@type\":\"WebSite\",\"@id\":\"https:\/\/aivlisoft.net\/shop\/#website\",\"url\":\"https:\/\/aivlisoft.net\/shop\/\",\"name\":\"Aivlisoft Inform\u00e1tica\",\"description\":\"En Aivlisoft Inform\u00e1tica ofrecemos soluciones tecnol\u00f3gicas para empresas: venta de ordenadores, consumibles, perif\u00e9ricos y m\u00e1s. Calidad, atenci\u00f3n personalizada y los mejores precios para tu negocio.\",\"publisher\":{\"@id\":\"https:\/\/aivlisoft.net\/shop\/#organization\"},\"potentialAction\":[{\"@type\":\"SearchAction\",\"target\":{\"@type\":\"EntryPoint\",\"urlTemplate\":\"https:\/\/aivlisoft.net\/shop\/?s={search_term_string}\"},\"query-input\":{\"@type\":\"PropertyValueSpecification\",\"valueRequired\":true,\"valueName\":\"search_term_string\"}}],\"inLanguage\":\"es\"},{\"@type\":\"Organization\",\"@id\":\"https:\/\/aivlisoft.net\/shop\/#organization\",\"name\":\"Aivlisoft Inform\u00e1tica\",\"url\":\"https:\/\/aivlisoft.net\/shop\/\",\"logo\":{\"@type\":\"ImageObject\",\"inLanguage\":\"es\",\"@id\":\"https:\/\/aivlisoft.net\/shop\/#\/schema\/logo\/image\/\",\"url\":\"https:\/\/aivlisoft.net\/shop\/wp-content\/uploads\/2024\/12\/removal.ai_5b848c54-0cdf-4140-95c5-c5536bb7573b-logodef.png\",\"contentUrl\":\"https:\/\/aivlisoft.net\/shop\/wp-content\/uploads\/2024\/12\/removal.ai_5b848c54-0cdf-4140-95c5-c5536bb7573b-logodef.png\",\"width\":484,\"height\":182,\"caption\":\"Aivlisoft Inform\u00e1tica\"},\"image\":{\"@id\":\"https:\/\/aivlisoft.net\/shop\/#\/schema\/logo\/image\/\"}}]}<\/script>\n<!-- \/ Yoast SEO plugin. -->","yoast_head_json":{"title":"Monolyth Bandeja Armario 1200 Fija Suelo - Aivlisoft Inform\u00e1tica","robots":{"index":"index","follow":"follow","max-snippet":"max-snippet:-1","max-image-preview":"max-image-preview:large","max-video-preview":"max-video-preview:-1"},"canonical":"https:\/\/aivlisoft.net\/shop\/producto\/monolyth-bandeja-armario-1200-fija-suelo\/","og_locale":"es_ES","og_type":"article","og_title":"Monolyth Bandeja Armario 1200 Fija Suelo - Aivlisoft Inform\u00e1tica","og_description":"Fabricado en acero SPCC de 1.2mm de grosor de color negro y disponen de ranuras de aireaci&oacute;n para una mejor ventilaci&oacute;nPermite obtener un mayor aprovechamiento del espacio, facilitando cualquier montaje, instalaci&oacute;n de electr&oacute;nica de Red (Switch, Router, &#8230;) , con una &oacute;ptima gesti&oacute;n del cableado, instalaci&oacute;n de equipamiento no normalizado (monitor, teclado, &#8230;).&nbsp; &nbsp; Marca&hellip;&nbsp;Monolyth Bandeja Armario 1200 Fija Suelo","og_url":"https:\/\/aivlisoft.net\/shop\/producto\/monolyth-bandeja-armario-1200-fija-suelo\/","og_site_name":"Aivlisoft Inform\u00e1tica","article_modified_time":"2025-01-14T10:15:41+00:00","og_image":[{"width":800,"height":800,"url":"https:\/\/aivlisoft.net\/shop\/wp-content\/uploads\/2025\/01\/ANEAAA0363_800-1.jpg","type":"image\/jpeg"}],"twitter_card":"summary_large_image","twitter_misc":{"Tiempo de lectura":"1 minuto"},"schema":{"@context":"https:\/\/schema.org","@graph":[{"@type":"WebPage","@id":"https:\/\/aivlisoft.net\/shop\/producto\/monolyth-bandeja-armario-1200-fija-suelo\/","url":"https:\/\/aivlisoft.net\/shop\/producto\/monolyth-bandeja-armario-1200-fija-suelo\/","name":"Monolyth Bandeja Armario 1200 Fija Suelo - Aivlisoft Inform\u00e1tica","isPartOf":{"@id":"https:\/\/aivlisoft.net\/shop\/#website"},"primaryImageOfPage":{"@id":"https:\/\/aivlisoft.net\/shop\/producto\/monolyth-bandeja-armario-1200-fija-suelo\/#primaryimage"},"image":{"@id":"https:\/\/aivlisoft.net\/shop\/producto\/monolyth-bandeja-armario-1200-fija-suelo\/#primaryimage"},"thumbnailUrl":"https:\/\/aivlisoft.net\/shop\/wp-content\/uploads\/2025\/01\/ANEAAA0363_800-1.jpg","datePublished":"2025-01-13T13:22:33+00:00","dateModified":"2025-01-14T10:15:41+00:00","breadcrumb":{"@id":"https:\/\/aivlisoft.net\/shop\/producto\/monolyth-bandeja-armario-1200-fija-suelo\/#breadcrumb"},"inLanguage":"es","potentialAction":[{"@type":"ReadAction","target":["https:\/\/aivlisoft.net\/shop\/producto\/monolyth-bandeja-armario-1200-fija-suelo\/"]}]},{"@type":"ImageObject","inLanguage":"es","@id":"https:\/\/aivlisoft.net\/shop\/producto\/monolyth-bandeja-armario-1200-fija-suelo\/#primaryimage","url":"https:\/\/aivlisoft.net\/shop\/wp-content\/uploads\/2025\/01\/ANEAAA0363_800-1.jpg","contentUrl":"https:\/\/aivlisoft.net\/shop\/wp-content\/uploads\/2025\/01\/ANEAAA0363_800-1.jpg","width":800,"height":800},{"@type":"BreadcrumbList","@id":"https:\/\/aivlisoft.net\/shop\/producto\/monolyth-bandeja-armario-1200-fija-suelo\/#breadcrumb","itemListElement":[{"@type":"ListItem","position":1,"name":"Portada","item":"https:\/\/aivlisoft.net\/shop\/"},{"@type":"ListItem","position":2,"name":"Tienda","item":"https:\/\/aivlisoft.net\/shop\/tienda\/"},{"@type":"ListItem","position":3,"name":"Monolyth Bandeja Armario 1200 Fija Suelo"}]},{"@type":"WebSite","@id":"https:\/\/aivlisoft.net\/shop\/#website","url":"https:\/\/aivlisoft.net\/shop\/","name":"Aivlisoft Inform\u00e1tica","description":"En Aivlisoft Inform\u00e1tica ofrecemos soluciones tecnol\u00f3gicas para empresas: venta de ordenadores, consumibles, perif\u00e9ricos y m\u00e1s. Calidad, atenci\u00f3n personalizada y los mejores precios para tu negocio.","publisher":{"@id":"https:\/\/aivlisoft.net\/shop\/#organization"},"potentialAction":[{"@type":"SearchAction","target":{"@type":"EntryPoint","urlTemplate":"https:\/\/aivlisoft.net\/shop\/?s={search_term_string}"},"query-input":{"@type":"PropertyValueSpecification","valueRequired":true,"valueName":"search_term_string"}}],"inLanguage":"es"},{"@type":"Organization","@id":"https:\/\/aivlisoft.net\/shop\/#organization","name":"Aivlisoft Inform\u00e1tica","url":"https:\/\/aivlisoft.net\/shop\/","logo":{"@type":"ImageObject","inLanguage":"es","@id":"https:\/\/aivlisoft.net\/shop\/#\/schema\/logo\/image\/","url":"https:\/\/aivlisoft.net\/shop\/wp-content\/uploads\/2024\/12\/removal.ai_5b848c54-0cdf-4140-95c5-c5536bb7573b-logodef.png","contentUrl":"https:\/\/aivlisoft.net\/shop\/wp-content\/uploads\/2024\/12\/removal.ai_5b848c54-0cdf-4140-95c5-c5536bb7573b-logodef.png","width":484,"height":182,"caption":"Aivlisoft Inform\u00e1tica"},"image":{"@id":"https:\/\/aivlisoft.net\/shop\/#\/schema\/logo\/image\/"}}]}},"_links":{"self":[{"href":"https:\/\/aivlisoft.net\/shop\/wp-json\/wp\/v2\/product\/4850","targetHints":{"allow":["GET"]}}],"collection":[{"href":"https:\/\/aivlisoft.net\/shop\/wp-json\/wp\/v2\/product"}],"about":[{"href":"https:\/\/aivlisoft.net\/shop\/wp-json\/wp\/v2\/types\/product"}],"wp:featuredmedia":[{"embeddable":true,"href":"https:\/\/aivlisoft.net\/shop\/wp-json\/wp\/v2\/media\/4851"}],"wp:attachment":[{"href":"https:\/\/aivlisoft.net\/shop\/wp-json\/wp\/v2\/media?parent=4850"}],"wp:term":[{"taxonomy":"product_brand","embeddable":true,"href":"https:\/\/aivlisoft.net\/shop\/wp-json\/wp\/v2\/product_brand?post=4850"},{"taxonomy":"product_cat","embeddable":true,"href":"https:\/\/aivlisoft.net\/shop\/wp-json\/wp\/v2\/product_cat?post=4850"},{"taxonomy":"product_tag","embeddable":true,"href":"https:\/\/aivlisoft.net\/shop\/wp-json\/wp\/v2\/product_tag?post=4850"}],"curies":[{"name":"wp","href":"https:\/\/api.w.org\/{rel}","templated":true}]}}