{"id":4835,"date":"2025-01-13T13:22:30","date_gmt":"2025-01-13T13:22:30","guid":{"rendered":"https:\/\/aivlisoft.com\/?post_type=product&#038;p=4835"},"modified":"2025-01-14T10:15:39","modified_gmt":"2025-01-14T10:15:39","slug":"2lan-patch-panel-19-cat6a-24-puertos-utp","status":"publish","type":"product","link":"https:\/\/aivlisoft.net\/shop\/producto\/2lan-patch-panel-19-cat6a-24-puertos-utp\/","title":{"rendered":"2LAN Patch Panel 19&#8243; CAT6A 24 Puertos UTP"},"content":{"rendered":"<p><strong>Patch panel<\/strong> para ancho de perfil est&aacute;ndar de 19&quot; con 24 conectores UTP, con bandeja trasera para enrutado de los cables, para redes de voz y datos.<\/p>\n<table class=\"tabla_caracteristicas\" width=\"100%\">\n<tr>\n<td valign=\"top\"><strong>Marca<\/strong><\/td>\n<td>2LAN<\/td>\n<\/tr>\n<tr>\n<td valign=\"top\"><strong>Modelo<\/strong><\/td>\n<td><strong>ARAP19C6A24UTP<\/strong><\/td>\n<\/tr>\n<tr>\n<td valign=\"top\"><strong>Caracter&iacute;sticas<\/strong><\/td>\n<td>&#8211; Cumple los est&aacute;ndares: ANSI\/TIA\/EIA 568B.2,ISO\/IEC 11801&amp;EN50173<br \/>\t\t\t&#8211; Requiere herramienta de inserci&oacute;n 110 &amp; Krone.<br \/>\t\t\t&#8211; Bandeja para enrutamiento del cableado.<br \/>\t\t\t&#8211; Carcasa met&aacute;lica de est&aacute;ndar 19&quot; en color negro.<br \/>\t\t\t&#8211; 24 tomas RJ45 Cat.6A UTP.<\/td>\n<\/tr>\n<tr>\n<td valign=\"top\"><strong>Fecha de revisi&oacute;n<\/strong><\/td>\n<td>08-02-2021 por MPM<\/td>\n<\/tr>\n<\/table>\n","protected":false},"excerpt":{"rendered":"<p>Patch panel para ancho de perfil est&aacute;ndar de 19&quot; con 24 conectores UTP, con bandeja trasera para enrutado de los cables, para redes de voz y datos. Marca 2LAN Modelo ARAP19C6A24UTP Caracter&iacute;sticas &#8211; Cumple los est&aacute;ndares: ANSI\/TIA\/EIA 568B.2,ISO\/IEC 11801&amp;EN50173 &#8211; Requiere herramienta de inserci&oacute;n 110 &amp; Krone. &#8211; Bandeja para enrutamiento del cableado. &#8211; Carcasa&hellip;&nbsp;<a href=\"https:\/\/aivlisoft.net\/shop\/producto\/2lan-patch-panel-19-cat6a-24-puertos-utp\/\" rel=\"bookmark\"><span class=\"screen-reader-text\">2LAN Patch Panel 19&#8243; CAT6A 24 Puertos UTP<\/span><\/a><\/p>\n","protected":false},"featured_media":4836,"template":"","meta":{"neve_meta_sidebar":"","neve_meta_container":"","neve_meta_enable_content_width":"","neve_meta_content_width":0,"neve_meta_title_alignment":"","neve_meta_author_avatar":"","neve_post_elements_order":"","neve_meta_disable_header":"","neve_meta_disable_footer":"","neve_meta_disable_title":""},"product_brand":[],"product_cat":[8701],"product_tag":[1515],"class_list":{"0":"post-4835","1":"product","2":"type-product","3":"status-publish","4":"has-post-thumbnail","6":"product_cat-armarios-rack-y-accesorios","7":"product_tag-arap19c6a24utp","9":"first","10":"instock","11":"taxable","12":"shipping-taxable","13":"purchasable","14":"product-type-simple"},"yoast_head":"<!-- This site is optimized with the Yoast SEO plugin v26.0 - https:\/\/yoast.com\/wordpress\/plugins\/seo\/ -->\n<title>2LAN Patch Panel 19&quot; CAT6A 24 Puertos UTP - Aivlisoft Inform\u00e1tica<\/title>\n<meta name=\"robots\" content=\"index, follow, max-snippet:-1, max-image-preview:large, max-video-preview:-1\" \/>\n<link rel=\"canonical\" href=\"https:\/\/aivlisoft.net\/shop\/producto\/2lan-patch-panel-19-cat6a-24-puertos-utp\/\" \/>\n<meta property=\"og:locale\" content=\"es_ES\" \/>\n<meta property=\"og:type\" content=\"article\" \/>\n<meta property=\"og:title\" content=\"2LAN Patch Panel 19&quot; CAT6A 24 Puertos UTP - Aivlisoft Inform\u00e1tica\" \/>\n<meta property=\"og:description\" content=\"Patch panel para ancho de perfil est&aacute;ndar de 19&quot; con 24 conectores UTP, con bandeja trasera para enrutado de los cables, para redes de voz y datos. Marca 2LAN Modelo ARAP19C6A24UTP Caracter&iacute;sticas &#8211; Cumple los est&aacute;ndares: ANSI\/TIA\/EIA 568B.2,ISO\/IEC 11801&amp;EN50173 &#8211; Requiere herramienta de inserci&oacute;n 110 &amp; Krone. &#8211; Bandeja para enrutamiento del cableado. &#8211; Carcasa&hellip;&nbsp;2LAN Patch Panel 19&#8243; CAT6A 24 Puertos UTP\" \/>\n<meta property=\"og:url\" content=\"https:\/\/aivlisoft.net\/shop\/producto\/2lan-patch-panel-19-cat6a-24-puertos-utp\/\" \/>\n<meta property=\"og:site_name\" content=\"Aivlisoft Inform\u00e1tica\" \/>\n<meta property=\"article:modified_time\" content=\"2025-01-14T10:15:39+00:00\" \/>\n<meta property=\"og:image\" content=\"https:\/\/aivlisoft.net\/shop\/wp-content\/uploads\/2025\/01\/ANEAAA0351_800-1.jpg\" \/>\n\t<meta property=\"og:image:width\" content=\"800\" \/>\n\t<meta property=\"og:image:height\" content=\"800\" \/>\n\t<meta property=\"og:image:type\" content=\"image\/jpeg\" \/>\n<meta name=\"twitter:card\" content=\"summary_large_image\" \/>\n<script type=\"application\/ld+json\" class=\"yoast-schema-graph\">{\"@context\":\"https:\/\/schema.org\",\"@graph\":[{\"@type\":\"WebPage\",\"@id\":\"https:\/\/aivlisoft.net\/shop\/producto\/2lan-patch-panel-19-cat6a-24-puertos-utp\/\",\"url\":\"https:\/\/aivlisoft.net\/shop\/producto\/2lan-patch-panel-19-cat6a-24-puertos-utp\/\",\"name\":\"2LAN Patch Panel 19\\\" CAT6A 24 Puertos UTP - Aivlisoft Inform\u00e1tica\",\"isPartOf\":{\"@id\":\"https:\/\/aivlisoft.net\/shop\/#website\"},\"primaryImageOfPage\":{\"@id\":\"https:\/\/aivlisoft.net\/shop\/producto\/2lan-patch-panel-19-cat6a-24-puertos-utp\/#primaryimage\"},\"image\":{\"@id\":\"https:\/\/aivlisoft.net\/shop\/producto\/2lan-patch-panel-19-cat6a-24-puertos-utp\/#primaryimage\"},\"thumbnailUrl\":\"https:\/\/aivlisoft.net\/shop\/wp-content\/uploads\/2025\/01\/ANEAAA0351_800-1.jpg\",\"datePublished\":\"2025-01-13T13:22:30+00:00\",\"dateModified\":\"2025-01-14T10:15:39+00:00\",\"breadcrumb\":{\"@id\":\"https:\/\/aivlisoft.net\/shop\/producto\/2lan-patch-panel-19-cat6a-24-puertos-utp\/#breadcrumb\"},\"inLanguage\":\"es\",\"potentialAction\":[{\"@type\":\"ReadAction\",\"target\":[\"https:\/\/aivlisoft.net\/shop\/producto\/2lan-patch-panel-19-cat6a-24-puertos-utp\/\"]}]},{\"@type\":\"ImageObject\",\"inLanguage\":\"es\",\"@id\":\"https:\/\/aivlisoft.net\/shop\/producto\/2lan-patch-panel-19-cat6a-24-puertos-utp\/#primaryimage\",\"url\":\"https:\/\/aivlisoft.net\/shop\/wp-content\/uploads\/2025\/01\/ANEAAA0351_800-1.jpg\",\"contentUrl\":\"https:\/\/aivlisoft.net\/shop\/wp-content\/uploads\/2025\/01\/ANEAAA0351_800-1.jpg\",\"width\":800,\"height\":800},{\"@type\":\"BreadcrumbList\",\"@id\":\"https:\/\/aivlisoft.net\/shop\/producto\/2lan-patch-panel-19-cat6a-24-puertos-utp\/#breadcrumb\",\"itemListElement\":[{\"@type\":\"ListItem\",\"position\":1,\"name\":\"Portada\",\"item\":\"https:\/\/aivlisoft.net\/shop\/\"},{\"@type\":\"ListItem\",\"position\":2,\"name\":\"Tienda\",\"item\":\"https:\/\/aivlisoft.net\/shop\/tienda\/\"},{\"@type\":\"ListItem\",\"position\":3,\"name\":\"2LAN Patch Panel 19&#8243; CAT6A 24 Puertos UTP\"}]},{\"@type\":\"WebSite\",\"@id\":\"https:\/\/aivlisoft.net\/shop\/#website\",\"url\":\"https:\/\/aivlisoft.net\/shop\/\",\"name\":\"Aivlisoft Inform\u00e1tica\",\"description\":\"En Aivlisoft Inform\u00e1tica ofrecemos soluciones tecnol\u00f3gicas para empresas: venta de ordenadores, consumibles, perif\u00e9ricos y m\u00e1s. Calidad, atenci\u00f3n personalizada y los mejores precios para tu negocio.\",\"publisher\":{\"@id\":\"https:\/\/aivlisoft.net\/shop\/#organization\"},\"potentialAction\":[{\"@type\":\"SearchAction\",\"target\":{\"@type\":\"EntryPoint\",\"urlTemplate\":\"https:\/\/aivlisoft.net\/shop\/?s={search_term_string}\"},\"query-input\":{\"@type\":\"PropertyValueSpecification\",\"valueRequired\":true,\"valueName\":\"search_term_string\"}}],\"inLanguage\":\"es\"},{\"@type\":\"Organization\",\"@id\":\"https:\/\/aivlisoft.net\/shop\/#organization\",\"name\":\"Aivlisoft Inform\u00e1tica\",\"url\":\"https:\/\/aivlisoft.net\/shop\/\",\"logo\":{\"@type\":\"ImageObject\",\"inLanguage\":\"es\",\"@id\":\"https:\/\/aivlisoft.net\/shop\/#\/schema\/logo\/image\/\",\"url\":\"https:\/\/aivlisoft.net\/shop\/wp-content\/uploads\/2024\/12\/removal.ai_5b848c54-0cdf-4140-95c5-c5536bb7573b-logodef.png\",\"contentUrl\":\"https:\/\/aivlisoft.net\/shop\/wp-content\/uploads\/2024\/12\/removal.ai_5b848c54-0cdf-4140-95c5-c5536bb7573b-logodef.png\",\"width\":484,\"height\":182,\"caption\":\"Aivlisoft Inform\u00e1tica\"},\"image\":{\"@id\":\"https:\/\/aivlisoft.net\/shop\/#\/schema\/logo\/image\/\"}}]}<\/script>\n<!-- \/ Yoast SEO plugin. -->","yoast_head_json":{"title":"2LAN Patch Panel 19\" CAT6A 24 Puertos UTP - Aivlisoft Inform\u00e1tica","robots":{"index":"index","follow":"follow","max-snippet":"max-snippet:-1","max-image-preview":"max-image-preview:large","max-video-preview":"max-video-preview:-1"},"canonical":"https:\/\/aivlisoft.net\/shop\/producto\/2lan-patch-panel-19-cat6a-24-puertos-utp\/","og_locale":"es_ES","og_type":"article","og_title":"2LAN Patch Panel 19\" CAT6A 24 Puertos UTP - Aivlisoft Inform\u00e1tica","og_description":"Patch panel para ancho de perfil est&aacute;ndar de 19&quot; con 24 conectores UTP, con bandeja trasera para enrutado de los cables, para redes de voz y datos. Marca 2LAN Modelo ARAP19C6A24UTP Caracter&iacute;sticas &#8211; Cumple los est&aacute;ndares: ANSI\/TIA\/EIA 568B.2,ISO\/IEC 11801&amp;EN50173 &#8211; Requiere herramienta de inserci&oacute;n 110 &amp; Krone. &#8211; Bandeja para enrutamiento del cableado. &#8211; Carcasa&hellip;&nbsp;2LAN Patch Panel 19&#8243; CAT6A 24 Puertos UTP","og_url":"https:\/\/aivlisoft.net\/shop\/producto\/2lan-patch-panel-19-cat6a-24-puertos-utp\/","og_site_name":"Aivlisoft Inform\u00e1tica","article_modified_time":"2025-01-14T10:15:39+00:00","og_image":[{"width":800,"height":800,"url":"https:\/\/aivlisoft.net\/shop\/wp-content\/uploads\/2025\/01\/ANEAAA0351_800-1.jpg","type":"image\/jpeg"}],"twitter_card":"summary_large_image","schema":{"@context":"https:\/\/schema.org","@graph":[{"@type":"WebPage","@id":"https:\/\/aivlisoft.net\/shop\/producto\/2lan-patch-panel-19-cat6a-24-puertos-utp\/","url":"https:\/\/aivlisoft.net\/shop\/producto\/2lan-patch-panel-19-cat6a-24-puertos-utp\/","name":"2LAN Patch Panel 19\" CAT6A 24 Puertos UTP - Aivlisoft Inform\u00e1tica","isPartOf":{"@id":"https:\/\/aivlisoft.net\/shop\/#website"},"primaryImageOfPage":{"@id":"https:\/\/aivlisoft.net\/shop\/producto\/2lan-patch-panel-19-cat6a-24-puertos-utp\/#primaryimage"},"image":{"@id":"https:\/\/aivlisoft.net\/shop\/producto\/2lan-patch-panel-19-cat6a-24-puertos-utp\/#primaryimage"},"thumbnailUrl":"https:\/\/aivlisoft.net\/shop\/wp-content\/uploads\/2025\/01\/ANEAAA0351_800-1.jpg","datePublished":"2025-01-13T13:22:30+00:00","dateModified":"2025-01-14T10:15:39+00:00","breadcrumb":{"@id":"https:\/\/aivlisoft.net\/shop\/producto\/2lan-patch-panel-19-cat6a-24-puertos-utp\/#breadcrumb"},"inLanguage":"es","potentialAction":[{"@type":"ReadAction","target":["https:\/\/aivlisoft.net\/shop\/producto\/2lan-patch-panel-19-cat6a-24-puertos-utp\/"]}]},{"@type":"ImageObject","inLanguage":"es","@id":"https:\/\/aivlisoft.net\/shop\/producto\/2lan-patch-panel-19-cat6a-24-puertos-utp\/#primaryimage","url":"https:\/\/aivlisoft.net\/shop\/wp-content\/uploads\/2025\/01\/ANEAAA0351_800-1.jpg","contentUrl":"https:\/\/aivlisoft.net\/shop\/wp-content\/uploads\/2025\/01\/ANEAAA0351_800-1.jpg","width":800,"height":800},{"@type":"BreadcrumbList","@id":"https:\/\/aivlisoft.net\/shop\/producto\/2lan-patch-panel-19-cat6a-24-puertos-utp\/#breadcrumb","itemListElement":[{"@type":"ListItem","position":1,"name":"Portada","item":"https:\/\/aivlisoft.net\/shop\/"},{"@type":"ListItem","position":2,"name":"Tienda","item":"https:\/\/aivlisoft.net\/shop\/tienda\/"},{"@type":"ListItem","position":3,"name":"2LAN Patch Panel 19&#8243; CAT6A 24 Puertos UTP"}]},{"@type":"WebSite","@id":"https:\/\/aivlisoft.net\/shop\/#website","url":"https:\/\/aivlisoft.net\/shop\/","name":"Aivlisoft Inform\u00e1tica","description":"En Aivlisoft Inform\u00e1tica ofrecemos soluciones tecnol\u00f3gicas para empresas: venta de ordenadores, consumibles, perif\u00e9ricos y m\u00e1s. Calidad, atenci\u00f3n personalizada y los mejores precios para tu negocio.","publisher":{"@id":"https:\/\/aivlisoft.net\/shop\/#organization"},"potentialAction":[{"@type":"SearchAction","target":{"@type":"EntryPoint","urlTemplate":"https:\/\/aivlisoft.net\/shop\/?s={search_term_string}"},"query-input":{"@type":"PropertyValueSpecification","valueRequired":true,"valueName":"search_term_string"}}],"inLanguage":"es"},{"@type":"Organization","@id":"https:\/\/aivlisoft.net\/shop\/#organization","name":"Aivlisoft Inform\u00e1tica","url":"https:\/\/aivlisoft.net\/shop\/","logo":{"@type":"ImageObject","inLanguage":"es","@id":"https:\/\/aivlisoft.net\/shop\/#\/schema\/logo\/image\/","url":"https:\/\/aivlisoft.net\/shop\/wp-content\/uploads\/2024\/12\/removal.ai_5b848c54-0cdf-4140-95c5-c5536bb7573b-logodef.png","contentUrl":"https:\/\/aivlisoft.net\/shop\/wp-content\/uploads\/2024\/12\/removal.ai_5b848c54-0cdf-4140-95c5-c5536bb7573b-logodef.png","width":484,"height":182,"caption":"Aivlisoft Inform\u00e1tica"},"image":{"@id":"https:\/\/aivlisoft.net\/shop\/#\/schema\/logo\/image\/"}}]}},"_links":{"self":[{"href":"https:\/\/aivlisoft.net\/shop\/wp-json\/wp\/v2\/product\/4835","targetHints":{"allow":["GET"]}}],"collection":[{"href":"https:\/\/aivlisoft.net\/shop\/wp-json\/wp\/v2\/product"}],"about":[{"href":"https:\/\/aivlisoft.net\/shop\/wp-json\/wp\/v2\/types\/product"}],"wp:featuredmedia":[{"embeddable":true,"href":"https:\/\/aivlisoft.net\/shop\/wp-json\/wp\/v2\/media\/4836"}],"wp:attachment":[{"href":"https:\/\/aivlisoft.net\/shop\/wp-json\/wp\/v2\/media?parent=4835"}],"wp:term":[{"taxonomy":"product_brand","embeddable":true,"href":"https:\/\/aivlisoft.net\/shop\/wp-json\/wp\/v2\/product_brand?post=4835"},{"taxonomy":"product_cat","embeddable":true,"href":"https:\/\/aivlisoft.net\/shop\/wp-json\/wp\/v2\/product_cat?post=4835"},{"taxonomy":"product_tag","embeddable":true,"href":"https:\/\/aivlisoft.net\/shop\/wp-json\/wp\/v2\/product_tag?post=4835"}],"curies":[{"name":"wp","href":"https:\/\/api.w.org\/{rel}","templated":true}]}}