{"id":4797,"date":"2025-01-13T13:22:13","date_gmt":"2025-01-13T13:22:13","guid":{"rendered":"https:\/\/aivlisoft.com\/?post_type=product&#038;p=4797"},"modified":"2025-01-14T10:15:22","modified_gmt":"2025-01-14T10:15:22","slug":"ubiquiti-ckg2-rm-acc-rack-uck-g2-y-uck-g2-plus","status":"publish","type":"product","link":"https:\/\/aivlisoft.net\/shop\/producto\/ubiquiti-ckg2-rm-acc-rack-uck-g2-y-uck-g2-plus\/","title":{"rendered":"Ubiquiti CKG2-RM Acc. Rack UCK-G2 y UCK-G2-PLUS"},"content":{"rendered":"<p><\/p>\n<table class=\"tabla_caracteristicas k-table\" width=\"100%\">\n<tbody>\n<tr>\n<td><strong>Marca<\/strong><\/td>\n<td>Ubiquiti<\/td>\n<\/tr>\n<tr>\n<td><strong>Modelo<\/strong><\/td>\n<td><strong>CKG2-RM<\/strong><\/td>\n<\/tr>\n<tr>\n<td><strong>Caracter&iacute;sticas<\/strong><\/td>\n<td>&#8211; Dimensiones: 27,10 x 46,80 x 119,75 mm<br \/>&#8211; Peso: 172 g (6,07 oz)<br \/>&#8211; Material: Aluminio<br \/>&#8211; Interfaz de control: UniFi<br \/>&#8211; Interfaz de red: 1 x puerto Ethernet 10\/100\/1000<br \/>&#8211; Botones:<br \/>&nbsp; Restablecer valores predeterminados<br \/>&nbsp; Alimentaci&oacute;n<br \/>&#8211; M&eacute;todo de alimentaci&oacute;n: PoE 802.3af<br \/>&nbsp; 5 V CC, 1 A<br \/>&#8211; Fuente de alimentaci&oacute;n: PoE 802.3af o<br \/>&nbsp; USB-C 5 V, m&iacute;nimo 1 A<br \/>&#8211; Consumo m&aacute;ximo de energ&iacute;a: 5W<br \/>&#8211; Temperatura de funcionamiento: De 0&deg; C a 35&deg; C<br \/>&#8211; Humedad de funcionamiento: 20 a 80 % sin condensaci&oacute;n<br \/>&#8211; Certificaciones: CE, FCC, IC<\/td>\n<\/tr>\n<tr>\n<td><strong>Fecha de revisi&oacute;n<\/strong><\/td>\n<td>02-11-2020 por MSB<\/td>\n<\/tr>\n<\/tbody>\n<\/table>\n","protected":false},"excerpt":{"rendered":"<p>Marca Ubiquiti Modelo CKG2-RM Caracter&iacute;sticas &#8211; Dimensiones: 27,10 x 46,80 x 119,75 mm&#8211; Peso: 172 g (6,07 oz)&#8211; Material: Aluminio&#8211; Interfaz de control: UniFi&#8211; Interfaz de red: 1 x puerto Ethernet 10\/100\/1000&#8211; Botones:&nbsp; Restablecer valores predeterminados&nbsp; Alimentaci&oacute;n&#8211; M&eacute;todo de alimentaci&oacute;n: PoE 802.3af&nbsp; 5 V CC, 1 A&#8211; Fuente de alimentaci&oacute;n: PoE 802.3af o&nbsp; USB-C 5&hellip;&nbsp;<a href=\"https:\/\/aivlisoft.net\/shop\/producto\/ubiquiti-ckg2-rm-acc-rack-uck-g2-y-uck-g2-plus\/\" rel=\"bookmark\"><span class=\"screen-reader-text\">Ubiquiti CKG2-RM Acc. Rack UCK-G2 y UCK-G2-PLUS<\/span><\/a><\/p>\n","protected":false},"featured_media":4798,"template":"","meta":{"neve_meta_sidebar":"","neve_meta_container":"","neve_meta_enable_content_width":"","neve_meta_content_width":0,"neve_meta_title_alignment":"","neve_meta_author_avatar":"","neve_post_elements_order":"","neve_meta_disable_header":"","neve_meta_disable_footer":"","neve_meta_disable_title":""},"product_brand":[],"product_cat":[8701],"product_tag":[1498],"class_list":{"0":"post-4797","1":"product","2":"type-product","3":"status-publish","4":"has-post-thumbnail","6":"product_cat-armarios-rack-y-accesorios","7":"product_tag-ckg2-rm","9":"first","10":"instock","11":"taxable","12":"shipping-taxable","13":"purchasable","14":"product-type-simple"},"yoast_head":"<!-- This site is optimized with the Yoast SEO plugin v26.0 - https:\/\/yoast.com\/wordpress\/plugins\/seo\/ -->\n<title>Ubiquiti CKG2-RM Acc. Rack UCK-G2 y UCK-G2-PLUS - Aivlisoft Inform\u00e1tica<\/title>\n<meta name=\"robots\" content=\"index, follow, max-snippet:-1, max-image-preview:large, max-video-preview:-1\" \/>\n<link rel=\"canonical\" href=\"https:\/\/aivlisoft.net\/shop\/producto\/ubiquiti-ckg2-rm-acc-rack-uck-g2-y-uck-g2-plus\/\" \/>\n<meta property=\"og:locale\" content=\"es_ES\" \/>\n<meta property=\"og:type\" content=\"article\" \/>\n<meta property=\"og:title\" content=\"Ubiquiti CKG2-RM Acc. Rack UCK-G2 y UCK-G2-PLUS - Aivlisoft Inform\u00e1tica\" \/>\n<meta property=\"og:description\" content=\"Marca Ubiquiti Modelo CKG2-RM Caracter&iacute;sticas &#8211; Dimensiones: 27,10 x 46,80 x 119,75 mm&#8211; Peso: 172 g (6,07 oz)&#8211; Material: Aluminio&#8211; Interfaz de control: UniFi&#8211; Interfaz de red: 1 x puerto Ethernet 10\/100\/1000&#8211; Botones:&nbsp; Restablecer valores predeterminados&nbsp; Alimentaci&oacute;n&#8211; M&eacute;todo de alimentaci&oacute;n: PoE 802.3af&nbsp; 5 V CC, 1 A&#8211; Fuente de alimentaci&oacute;n: PoE 802.3af o&nbsp; USB-C 5&hellip;&nbsp;Ubiquiti CKG2-RM Acc. Rack UCK-G2 y UCK-G2-PLUS\" \/>\n<meta property=\"og:url\" content=\"https:\/\/aivlisoft.net\/shop\/producto\/ubiquiti-ckg2-rm-acc-rack-uck-g2-y-uck-g2-plus\/\" \/>\n<meta property=\"og:site_name\" content=\"Aivlisoft Inform\u00e1tica\" \/>\n<meta property=\"article:modified_time\" content=\"2025-01-14T10:15:22+00:00\" \/>\n<meta property=\"og:image\" content=\"https:\/\/aivlisoft.net\/shop\/wp-content\/uploads\/2025\/01\/ANEAAA0327_800-1.jpg\" \/>\n\t<meta property=\"og:image:width\" content=\"800\" \/>\n\t<meta property=\"og:image:height\" content=\"800\" \/>\n\t<meta property=\"og:image:type\" content=\"image\/jpeg\" \/>\n<meta name=\"twitter:card\" content=\"summary_large_image\" \/>\n<meta name=\"twitter:label1\" content=\"Tiempo de lectura\" \/>\n\t<meta name=\"twitter:data1\" content=\"1 minuto\" \/>\n<script type=\"application\/ld+json\" class=\"yoast-schema-graph\">{\"@context\":\"https:\/\/schema.org\",\"@graph\":[{\"@type\":\"WebPage\",\"@id\":\"https:\/\/aivlisoft.net\/shop\/producto\/ubiquiti-ckg2-rm-acc-rack-uck-g2-y-uck-g2-plus\/\",\"url\":\"https:\/\/aivlisoft.net\/shop\/producto\/ubiquiti-ckg2-rm-acc-rack-uck-g2-y-uck-g2-plus\/\",\"name\":\"Ubiquiti CKG2-RM Acc. Rack UCK-G2 y UCK-G2-PLUS - Aivlisoft Inform\u00e1tica\",\"isPartOf\":{\"@id\":\"https:\/\/aivlisoft.net\/shop\/#website\"},\"primaryImageOfPage\":{\"@id\":\"https:\/\/aivlisoft.net\/shop\/producto\/ubiquiti-ckg2-rm-acc-rack-uck-g2-y-uck-g2-plus\/#primaryimage\"},\"image\":{\"@id\":\"https:\/\/aivlisoft.net\/shop\/producto\/ubiquiti-ckg2-rm-acc-rack-uck-g2-y-uck-g2-plus\/#primaryimage\"},\"thumbnailUrl\":\"https:\/\/aivlisoft.net\/shop\/wp-content\/uploads\/2025\/01\/ANEAAA0327_800-1.jpg\",\"datePublished\":\"2025-01-13T13:22:13+00:00\",\"dateModified\":\"2025-01-14T10:15:22+00:00\",\"breadcrumb\":{\"@id\":\"https:\/\/aivlisoft.net\/shop\/producto\/ubiquiti-ckg2-rm-acc-rack-uck-g2-y-uck-g2-plus\/#breadcrumb\"},\"inLanguage\":\"es\",\"potentialAction\":[{\"@type\":\"ReadAction\",\"target\":[\"https:\/\/aivlisoft.net\/shop\/producto\/ubiquiti-ckg2-rm-acc-rack-uck-g2-y-uck-g2-plus\/\"]}]},{\"@type\":\"ImageObject\",\"inLanguage\":\"es\",\"@id\":\"https:\/\/aivlisoft.net\/shop\/producto\/ubiquiti-ckg2-rm-acc-rack-uck-g2-y-uck-g2-plus\/#primaryimage\",\"url\":\"https:\/\/aivlisoft.net\/shop\/wp-content\/uploads\/2025\/01\/ANEAAA0327_800-1.jpg\",\"contentUrl\":\"https:\/\/aivlisoft.net\/shop\/wp-content\/uploads\/2025\/01\/ANEAAA0327_800-1.jpg\",\"width\":800,\"height\":800},{\"@type\":\"BreadcrumbList\",\"@id\":\"https:\/\/aivlisoft.net\/shop\/producto\/ubiquiti-ckg2-rm-acc-rack-uck-g2-y-uck-g2-plus\/#breadcrumb\",\"itemListElement\":[{\"@type\":\"ListItem\",\"position\":1,\"name\":\"Portada\",\"item\":\"https:\/\/aivlisoft.net\/shop\/\"},{\"@type\":\"ListItem\",\"position\":2,\"name\":\"Tienda\",\"item\":\"https:\/\/aivlisoft.net\/shop\/tienda\/\"},{\"@type\":\"ListItem\",\"position\":3,\"name\":\"Ubiquiti CKG2-RM Acc. Rack UCK-G2 y UCK-G2-PLUS\"}]},{\"@type\":\"WebSite\",\"@id\":\"https:\/\/aivlisoft.net\/shop\/#website\",\"url\":\"https:\/\/aivlisoft.net\/shop\/\",\"name\":\"Aivlisoft Inform\u00e1tica\",\"description\":\"En Aivlisoft Inform\u00e1tica ofrecemos soluciones tecnol\u00f3gicas para empresas: venta de ordenadores, consumibles, perif\u00e9ricos y m\u00e1s. Calidad, atenci\u00f3n personalizada y los mejores precios para tu negocio.\",\"publisher\":{\"@id\":\"https:\/\/aivlisoft.net\/shop\/#organization\"},\"potentialAction\":[{\"@type\":\"SearchAction\",\"target\":{\"@type\":\"EntryPoint\",\"urlTemplate\":\"https:\/\/aivlisoft.net\/shop\/?s={search_term_string}\"},\"query-input\":{\"@type\":\"PropertyValueSpecification\",\"valueRequired\":true,\"valueName\":\"search_term_string\"}}],\"inLanguage\":\"es\"},{\"@type\":\"Organization\",\"@id\":\"https:\/\/aivlisoft.net\/shop\/#organization\",\"name\":\"Aivlisoft Inform\u00e1tica\",\"url\":\"https:\/\/aivlisoft.net\/shop\/\",\"logo\":{\"@type\":\"ImageObject\",\"inLanguage\":\"es\",\"@id\":\"https:\/\/aivlisoft.net\/shop\/#\/schema\/logo\/image\/\",\"url\":\"https:\/\/aivlisoft.net\/shop\/wp-content\/uploads\/2024\/12\/removal.ai_5b848c54-0cdf-4140-95c5-c5536bb7573b-logodef.png\",\"contentUrl\":\"https:\/\/aivlisoft.net\/shop\/wp-content\/uploads\/2024\/12\/removal.ai_5b848c54-0cdf-4140-95c5-c5536bb7573b-logodef.png\",\"width\":484,\"height\":182,\"caption\":\"Aivlisoft Inform\u00e1tica\"},\"image\":{\"@id\":\"https:\/\/aivlisoft.net\/shop\/#\/schema\/logo\/image\/\"}}]}<\/script>\n<!-- \/ Yoast SEO plugin. -->","yoast_head_json":{"title":"Ubiquiti CKG2-RM Acc. Rack UCK-G2 y UCK-G2-PLUS - Aivlisoft Inform\u00e1tica","robots":{"index":"index","follow":"follow","max-snippet":"max-snippet:-1","max-image-preview":"max-image-preview:large","max-video-preview":"max-video-preview:-1"},"canonical":"https:\/\/aivlisoft.net\/shop\/producto\/ubiquiti-ckg2-rm-acc-rack-uck-g2-y-uck-g2-plus\/","og_locale":"es_ES","og_type":"article","og_title":"Ubiquiti CKG2-RM Acc. Rack UCK-G2 y UCK-G2-PLUS - Aivlisoft Inform\u00e1tica","og_description":"Marca Ubiquiti Modelo CKG2-RM Caracter&iacute;sticas &#8211; Dimensiones: 27,10 x 46,80 x 119,75 mm&#8211; Peso: 172 g (6,07 oz)&#8211; Material: Aluminio&#8211; Interfaz de control: UniFi&#8211; Interfaz de red: 1 x puerto Ethernet 10\/100\/1000&#8211; Botones:&nbsp; Restablecer valores predeterminados&nbsp; Alimentaci&oacute;n&#8211; M&eacute;todo de alimentaci&oacute;n: PoE 802.3af&nbsp; 5 V CC, 1 A&#8211; Fuente de alimentaci&oacute;n: PoE 802.3af o&nbsp; USB-C 5&hellip;&nbsp;Ubiquiti CKG2-RM Acc. Rack UCK-G2 y UCK-G2-PLUS","og_url":"https:\/\/aivlisoft.net\/shop\/producto\/ubiquiti-ckg2-rm-acc-rack-uck-g2-y-uck-g2-plus\/","og_site_name":"Aivlisoft Inform\u00e1tica","article_modified_time":"2025-01-14T10:15:22+00:00","og_image":[{"width":800,"height":800,"url":"https:\/\/aivlisoft.net\/shop\/wp-content\/uploads\/2025\/01\/ANEAAA0327_800-1.jpg","type":"image\/jpeg"}],"twitter_card":"summary_large_image","twitter_misc":{"Tiempo de lectura":"1 minuto"},"schema":{"@context":"https:\/\/schema.org","@graph":[{"@type":"WebPage","@id":"https:\/\/aivlisoft.net\/shop\/producto\/ubiquiti-ckg2-rm-acc-rack-uck-g2-y-uck-g2-plus\/","url":"https:\/\/aivlisoft.net\/shop\/producto\/ubiquiti-ckg2-rm-acc-rack-uck-g2-y-uck-g2-plus\/","name":"Ubiquiti CKG2-RM Acc. Rack UCK-G2 y UCK-G2-PLUS - Aivlisoft Inform\u00e1tica","isPartOf":{"@id":"https:\/\/aivlisoft.net\/shop\/#website"},"primaryImageOfPage":{"@id":"https:\/\/aivlisoft.net\/shop\/producto\/ubiquiti-ckg2-rm-acc-rack-uck-g2-y-uck-g2-plus\/#primaryimage"},"image":{"@id":"https:\/\/aivlisoft.net\/shop\/producto\/ubiquiti-ckg2-rm-acc-rack-uck-g2-y-uck-g2-plus\/#primaryimage"},"thumbnailUrl":"https:\/\/aivlisoft.net\/shop\/wp-content\/uploads\/2025\/01\/ANEAAA0327_800-1.jpg","datePublished":"2025-01-13T13:22:13+00:00","dateModified":"2025-01-14T10:15:22+00:00","breadcrumb":{"@id":"https:\/\/aivlisoft.net\/shop\/producto\/ubiquiti-ckg2-rm-acc-rack-uck-g2-y-uck-g2-plus\/#breadcrumb"},"inLanguage":"es","potentialAction":[{"@type":"ReadAction","target":["https:\/\/aivlisoft.net\/shop\/producto\/ubiquiti-ckg2-rm-acc-rack-uck-g2-y-uck-g2-plus\/"]}]},{"@type":"ImageObject","inLanguage":"es","@id":"https:\/\/aivlisoft.net\/shop\/producto\/ubiquiti-ckg2-rm-acc-rack-uck-g2-y-uck-g2-plus\/#primaryimage","url":"https:\/\/aivlisoft.net\/shop\/wp-content\/uploads\/2025\/01\/ANEAAA0327_800-1.jpg","contentUrl":"https:\/\/aivlisoft.net\/shop\/wp-content\/uploads\/2025\/01\/ANEAAA0327_800-1.jpg","width":800,"height":800},{"@type":"BreadcrumbList","@id":"https:\/\/aivlisoft.net\/shop\/producto\/ubiquiti-ckg2-rm-acc-rack-uck-g2-y-uck-g2-plus\/#breadcrumb","itemListElement":[{"@type":"ListItem","position":1,"name":"Portada","item":"https:\/\/aivlisoft.net\/shop\/"},{"@type":"ListItem","position":2,"name":"Tienda","item":"https:\/\/aivlisoft.net\/shop\/tienda\/"},{"@type":"ListItem","position":3,"name":"Ubiquiti CKG2-RM Acc. Rack UCK-G2 y UCK-G2-PLUS"}]},{"@type":"WebSite","@id":"https:\/\/aivlisoft.net\/shop\/#website","url":"https:\/\/aivlisoft.net\/shop\/","name":"Aivlisoft Inform\u00e1tica","description":"En Aivlisoft Inform\u00e1tica ofrecemos soluciones tecnol\u00f3gicas para empresas: venta de ordenadores, consumibles, perif\u00e9ricos y m\u00e1s. Calidad, atenci\u00f3n personalizada y los mejores precios para tu negocio.","publisher":{"@id":"https:\/\/aivlisoft.net\/shop\/#organization"},"potentialAction":[{"@type":"SearchAction","target":{"@type":"EntryPoint","urlTemplate":"https:\/\/aivlisoft.net\/shop\/?s={search_term_string}"},"query-input":{"@type":"PropertyValueSpecification","valueRequired":true,"valueName":"search_term_string"}}],"inLanguage":"es"},{"@type":"Organization","@id":"https:\/\/aivlisoft.net\/shop\/#organization","name":"Aivlisoft Inform\u00e1tica","url":"https:\/\/aivlisoft.net\/shop\/","logo":{"@type":"ImageObject","inLanguage":"es","@id":"https:\/\/aivlisoft.net\/shop\/#\/schema\/logo\/image\/","url":"https:\/\/aivlisoft.net\/shop\/wp-content\/uploads\/2024\/12\/removal.ai_5b848c54-0cdf-4140-95c5-c5536bb7573b-logodef.png","contentUrl":"https:\/\/aivlisoft.net\/shop\/wp-content\/uploads\/2024\/12\/removal.ai_5b848c54-0cdf-4140-95c5-c5536bb7573b-logodef.png","width":484,"height":182,"caption":"Aivlisoft Inform\u00e1tica"},"image":{"@id":"https:\/\/aivlisoft.net\/shop\/#\/schema\/logo\/image\/"}}]}},"_links":{"self":[{"href":"https:\/\/aivlisoft.net\/shop\/wp-json\/wp\/v2\/product\/4797","targetHints":{"allow":["GET"]}}],"collection":[{"href":"https:\/\/aivlisoft.net\/shop\/wp-json\/wp\/v2\/product"}],"about":[{"href":"https:\/\/aivlisoft.net\/shop\/wp-json\/wp\/v2\/types\/product"}],"wp:featuredmedia":[{"embeddable":true,"href":"https:\/\/aivlisoft.net\/shop\/wp-json\/wp\/v2\/media\/4798"}],"wp:attachment":[{"href":"https:\/\/aivlisoft.net\/shop\/wp-json\/wp\/v2\/media?parent=4797"}],"wp:term":[{"taxonomy":"product_brand","embeddable":true,"href":"https:\/\/aivlisoft.net\/shop\/wp-json\/wp\/v2\/product_brand?post=4797"},{"taxonomy":"product_cat","embeddable":true,"href":"https:\/\/aivlisoft.net\/shop\/wp-json\/wp\/v2\/product_cat?post=4797"},{"taxonomy":"product_tag","embeddable":true,"href":"https:\/\/aivlisoft.net\/shop\/wp-json\/wp\/v2\/product_tag?post=4797"}],"curies":[{"name":"wp","href":"https:\/\/api.w.org\/{rel}","templated":true}]}}