{"id":4773,"date":"2025-01-13T13:22:03","date_gmt":"2025-01-13T13:22:03","guid":{"rendered":"https:\/\/aivlisoft.com\/?post_type=product&#038;p=4773"},"modified":"2025-01-14T10:15:11","modified_gmt":"2025-01-14T10:15:11","slug":"nanocable-panel-parcheo-24p-cat-6-utp-191u-dual","status":"publish","type":"product","link":"https:\/\/aivlisoft.net\/shop\/producto\/nanocable-panel-parcheo-24p-cat-6-utp-191u-dual\/","title":{"rendered":"Nanocable Panel Parcheo 24P CAT.6 UTP 19&#8243;1U Dual"},"content":{"rendered":"<p>&nbsp;<\/p>\n<table class=\"tabla_caracteristicas k-table\" width=\"100%\">\n<tbody>\n<tr>\n<td><strong>Marca<\/strong><\/td>\n<td>Nanocable<\/td>\n<\/tr>\n<tr>\n<td><strong>Modelo<\/strong><\/td>\n<td><strong>10.21.3124<\/strong><\/td>\n<\/tr>\n<tr>\n<td><strong>Caracteristicas<\/strong><\/td>\n<td>&#8211; Sistema de inserci&oacute;n: Dual IDC<br \/>&#8211; Ancho: 19 pulgadas, alto: 1U (44,45 mm)<br \/>&#8211; C&oacute;digo de colores T568A y T568B.<br \/>&#8211; Acepta cables de calibres 26, 24, 23 y 22 AWG.<br \/>&#8211; Ciclos de vida de inserci&oacute;n mayores a 750.<br \/>&#8211; Test de Funcionamiento: 100% testado<br \/>&#8211; NormativaS: RoHS<br \/>&#8211; Color: Negro<br \/><strong>Contenido<\/strong><br \/>&#8211; 1 x Panel de parcheo de 24 puertos rj45 cat.6 utp, 19&#8243; 1U dual idc, negro<\/td>\n<\/tr>\n<tr>\n<td><strong>Fecha de revisi&oacute;n<\/strong><\/td>\n<td>12-07-2019 por MSB<\/td>\n<\/tr>\n<\/tbody>\n<\/table>\n","protected":false},"excerpt":{"rendered":"<p>&nbsp; Marca Nanocable Modelo 10.21.3124 Caracteristicas &#8211; Sistema de inserci&oacute;n: Dual IDC&#8211; Ancho: 19 pulgadas, alto: 1U (44,45 mm)&#8211; C&oacute;digo de colores T568A y T568B.&#8211; Acepta cables de calibres 26, 24, 23 y 22 AWG.&#8211; Ciclos de vida de inserci&oacute;n mayores a 750.&#8211; Test de Funcionamiento: 100% testado&#8211; NormativaS: RoHS&#8211; Color: NegroContenido&#8211; 1 x Panel&hellip;&nbsp;<a href=\"https:\/\/aivlisoft.net\/shop\/producto\/nanocable-panel-parcheo-24p-cat-6-utp-191u-dual\/\" rel=\"bookmark\"><span class=\"screen-reader-text\">Nanocable Panel Parcheo 24P CAT.6 UTP 19&#8243;1U Dual<\/span><\/a><\/p>\n","protected":false},"featured_media":4774,"template":"","meta":{"neve_meta_sidebar":"","neve_meta_container":"","neve_meta_enable_content_width":"","neve_meta_content_width":0,"neve_meta_title_alignment":"","neve_meta_author_avatar":"","neve_post_elements_order":"","neve_meta_disable_header":"","neve_meta_disable_footer":"","neve_meta_disable_title":""},"product_brand":[],"product_cat":[8701],"product_tag":[1484],"class_list":{"0":"post-4773","1":"product","2":"type-product","3":"status-publish","4":"has-post-thumbnail","6":"product_cat-armarios-rack-y-accesorios","7":"product_tag-10-21-3124","9":"first","10":"instock","11":"taxable","12":"shipping-taxable","13":"purchasable","14":"product-type-simple"},"yoast_head":"<!-- This site is optimized with the Yoast SEO plugin v26.0 - https:\/\/yoast.com\/wordpress\/plugins\/seo\/ -->\n<title>Nanocable Panel Parcheo 24P CAT.6 UTP 19&quot;1U Dual - Aivlisoft Inform\u00e1tica<\/title>\n<meta name=\"robots\" content=\"index, follow, max-snippet:-1, max-image-preview:large, max-video-preview:-1\" \/>\n<link rel=\"canonical\" href=\"https:\/\/aivlisoft.net\/shop\/producto\/nanocable-panel-parcheo-24p-cat-6-utp-191u-dual\/\" \/>\n<meta property=\"og:locale\" content=\"es_ES\" \/>\n<meta property=\"og:type\" content=\"article\" \/>\n<meta property=\"og:title\" content=\"Nanocable Panel Parcheo 24P CAT.6 UTP 19&quot;1U Dual - Aivlisoft Inform\u00e1tica\" \/>\n<meta property=\"og:description\" content=\"&nbsp; Marca Nanocable Modelo 10.21.3124 Caracteristicas &#8211; Sistema de inserci&oacute;n: Dual IDC&#8211; Ancho: 19 pulgadas, alto: 1U (44,45 mm)&#8211; C&oacute;digo de colores T568A y T568B.&#8211; Acepta cables de calibres 26, 24, 23 y 22 AWG.&#8211; Ciclos de vida de inserci&oacute;n mayores a 750.&#8211; Test de Funcionamiento: 100% testado&#8211; NormativaS: RoHS&#8211; Color: NegroContenido&#8211; 1 x Panel&hellip;&nbsp;Nanocable Panel Parcheo 24P CAT.6 UTP 19&#8243;1U Dual\" \/>\n<meta property=\"og:url\" content=\"https:\/\/aivlisoft.net\/shop\/producto\/nanocable-panel-parcheo-24p-cat-6-utp-191u-dual\/\" \/>\n<meta property=\"og:site_name\" content=\"Aivlisoft Inform\u00e1tica\" \/>\n<meta property=\"article:modified_time\" content=\"2025-01-14T10:15:11+00:00\" \/>\n<meta property=\"og:image\" content=\"https:\/\/aivlisoft.net\/shop\/wp-content\/uploads\/2025\/01\/ANEAAA0293_800-1.jpg\" \/>\n\t<meta property=\"og:image:width\" content=\"800\" \/>\n\t<meta property=\"og:image:height\" content=\"800\" \/>\n\t<meta property=\"og:image:type\" content=\"image\/jpeg\" \/>\n<meta name=\"twitter:card\" content=\"summary_large_image\" \/>\n<script type=\"application\/ld+json\" class=\"yoast-schema-graph\">{\"@context\":\"https:\/\/schema.org\",\"@graph\":[{\"@type\":\"WebPage\",\"@id\":\"https:\/\/aivlisoft.net\/shop\/producto\/nanocable-panel-parcheo-24p-cat-6-utp-191u-dual\/\",\"url\":\"https:\/\/aivlisoft.net\/shop\/producto\/nanocable-panel-parcheo-24p-cat-6-utp-191u-dual\/\",\"name\":\"Nanocable Panel Parcheo 24P CAT.6 UTP 19\\\"1U Dual - Aivlisoft Inform\u00e1tica\",\"isPartOf\":{\"@id\":\"https:\/\/aivlisoft.net\/shop\/#website\"},\"primaryImageOfPage\":{\"@id\":\"https:\/\/aivlisoft.net\/shop\/producto\/nanocable-panel-parcheo-24p-cat-6-utp-191u-dual\/#primaryimage\"},\"image\":{\"@id\":\"https:\/\/aivlisoft.net\/shop\/producto\/nanocable-panel-parcheo-24p-cat-6-utp-191u-dual\/#primaryimage\"},\"thumbnailUrl\":\"https:\/\/aivlisoft.net\/shop\/wp-content\/uploads\/2025\/01\/ANEAAA0293_800-1.jpg\",\"datePublished\":\"2025-01-13T13:22:03+00:00\",\"dateModified\":\"2025-01-14T10:15:11+00:00\",\"breadcrumb\":{\"@id\":\"https:\/\/aivlisoft.net\/shop\/producto\/nanocable-panel-parcheo-24p-cat-6-utp-191u-dual\/#breadcrumb\"},\"inLanguage\":\"es\",\"potentialAction\":[{\"@type\":\"ReadAction\",\"target\":[\"https:\/\/aivlisoft.net\/shop\/producto\/nanocable-panel-parcheo-24p-cat-6-utp-191u-dual\/\"]}]},{\"@type\":\"ImageObject\",\"inLanguage\":\"es\",\"@id\":\"https:\/\/aivlisoft.net\/shop\/producto\/nanocable-panel-parcheo-24p-cat-6-utp-191u-dual\/#primaryimage\",\"url\":\"https:\/\/aivlisoft.net\/shop\/wp-content\/uploads\/2025\/01\/ANEAAA0293_800-1.jpg\",\"contentUrl\":\"https:\/\/aivlisoft.net\/shop\/wp-content\/uploads\/2025\/01\/ANEAAA0293_800-1.jpg\",\"width\":800,\"height\":800},{\"@type\":\"BreadcrumbList\",\"@id\":\"https:\/\/aivlisoft.net\/shop\/producto\/nanocable-panel-parcheo-24p-cat-6-utp-191u-dual\/#breadcrumb\",\"itemListElement\":[{\"@type\":\"ListItem\",\"position\":1,\"name\":\"Portada\",\"item\":\"https:\/\/aivlisoft.net\/shop\/\"},{\"@type\":\"ListItem\",\"position\":2,\"name\":\"Tienda\",\"item\":\"https:\/\/aivlisoft.net\/shop\/tienda\/\"},{\"@type\":\"ListItem\",\"position\":3,\"name\":\"Nanocable Panel Parcheo 24P CAT.6 UTP 19&#8243;1U Dual\"}]},{\"@type\":\"WebSite\",\"@id\":\"https:\/\/aivlisoft.net\/shop\/#website\",\"url\":\"https:\/\/aivlisoft.net\/shop\/\",\"name\":\"Aivlisoft Inform\u00e1tica\",\"description\":\"En Aivlisoft Inform\u00e1tica ofrecemos soluciones tecnol\u00f3gicas para empresas: venta de ordenadores, consumibles, perif\u00e9ricos y m\u00e1s. Calidad, atenci\u00f3n personalizada y los mejores precios para tu negocio.\",\"publisher\":{\"@id\":\"https:\/\/aivlisoft.net\/shop\/#organization\"},\"potentialAction\":[{\"@type\":\"SearchAction\",\"target\":{\"@type\":\"EntryPoint\",\"urlTemplate\":\"https:\/\/aivlisoft.net\/shop\/?s={search_term_string}\"},\"query-input\":{\"@type\":\"PropertyValueSpecification\",\"valueRequired\":true,\"valueName\":\"search_term_string\"}}],\"inLanguage\":\"es\"},{\"@type\":\"Organization\",\"@id\":\"https:\/\/aivlisoft.net\/shop\/#organization\",\"name\":\"Aivlisoft Inform\u00e1tica\",\"url\":\"https:\/\/aivlisoft.net\/shop\/\",\"logo\":{\"@type\":\"ImageObject\",\"inLanguage\":\"es\",\"@id\":\"https:\/\/aivlisoft.net\/shop\/#\/schema\/logo\/image\/\",\"url\":\"https:\/\/aivlisoft.net\/shop\/wp-content\/uploads\/2024\/12\/removal.ai_5b848c54-0cdf-4140-95c5-c5536bb7573b-logodef.png\",\"contentUrl\":\"https:\/\/aivlisoft.net\/shop\/wp-content\/uploads\/2024\/12\/removal.ai_5b848c54-0cdf-4140-95c5-c5536bb7573b-logodef.png\",\"width\":484,\"height\":182,\"caption\":\"Aivlisoft Inform\u00e1tica\"},\"image\":{\"@id\":\"https:\/\/aivlisoft.net\/shop\/#\/schema\/logo\/image\/\"}}]}<\/script>\n<!-- \/ Yoast SEO plugin. -->","yoast_head_json":{"title":"Nanocable Panel Parcheo 24P CAT.6 UTP 19\"1U Dual - Aivlisoft Inform\u00e1tica","robots":{"index":"index","follow":"follow","max-snippet":"max-snippet:-1","max-image-preview":"max-image-preview:large","max-video-preview":"max-video-preview:-1"},"canonical":"https:\/\/aivlisoft.net\/shop\/producto\/nanocable-panel-parcheo-24p-cat-6-utp-191u-dual\/","og_locale":"es_ES","og_type":"article","og_title":"Nanocable Panel Parcheo 24P CAT.6 UTP 19\"1U Dual - Aivlisoft Inform\u00e1tica","og_description":"&nbsp; Marca Nanocable Modelo 10.21.3124 Caracteristicas &#8211; Sistema de inserci&oacute;n: Dual IDC&#8211; Ancho: 19 pulgadas, alto: 1U (44,45 mm)&#8211; C&oacute;digo de colores T568A y T568B.&#8211; Acepta cables de calibres 26, 24, 23 y 22 AWG.&#8211; Ciclos de vida de inserci&oacute;n mayores a 750.&#8211; Test de Funcionamiento: 100% testado&#8211; NormativaS: RoHS&#8211; Color: NegroContenido&#8211; 1 x Panel&hellip;&nbsp;Nanocable Panel Parcheo 24P CAT.6 UTP 19&#8243;1U Dual","og_url":"https:\/\/aivlisoft.net\/shop\/producto\/nanocable-panel-parcheo-24p-cat-6-utp-191u-dual\/","og_site_name":"Aivlisoft Inform\u00e1tica","article_modified_time":"2025-01-14T10:15:11+00:00","og_image":[{"width":800,"height":800,"url":"https:\/\/aivlisoft.net\/shop\/wp-content\/uploads\/2025\/01\/ANEAAA0293_800-1.jpg","type":"image\/jpeg"}],"twitter_card":"summary_large_image","schema":{"@context":"https:\/\/schema.org","@graph":[{"@type":"WebPage","@id":"https:\/\/aivlisoft.net\/shop\/producto\/nanocable-panel-parcheo-24p-cat-6-utp-191u-dual\/","url":"https:\/\/aivlisoft.net\/shop\/producto\/nanocable-panel-parcheo-24p-cat-6-utp-191u-dual\/","name":"Nanocable Panel Parcheo 24P CAT.6 UTP 19\"1U Dual - Aivlisoft Inform\u00e1tica","isPartOf":{"@id":"https:\/\/aivlisoft.net\/shop\/#website"},"primaryImageOfPage":{"@id":"https:\/\/aivlisoft.net\/shop\/producto\/nanocable-panel-parcheo-24p-cat-6-utp-191u-dual\/#primaryimage"},"image":{"@id":"https:\/\/aivlisoft.net\/shop\/producto\/nanocable-panel-parcheo-24p-cat-6-utp-191u-dual\/#primaryimage"},"thumbnailUrl":"https:\/\/aivlisoft.net\/shop\/wp-content\/uploads\/2025\/01\/ANEAAA0293_800-1.jpg","datePublished":"2025-01-13T13:22:03+00:00","dateModified":"2025-01-14T10:15:11+00:00","breadcrumb":{"@id":"https:\/\/aivlisoft.net\/shop\/producto\/nanocable-panel-parcheo-24p-cat-6-utp-191u-dual\/#breadcrumb"},"inLanguage":"es","potentialAction":[{"@type":"ReadAction","target":["https:\/\/aivlisoft.net\/shop\/producto\/nanocable-panel-parcheo-24p-cat-6-utp-191u-dual\/"]}]},{"@type":"ImageObject","inLanguage":"es","@id":"https:\/\/aivlisoft.net\/shop\/producto\/nanocable-panel-parcheo-24p-cat-6-utp-191u-dual\/#primaryimage","url":"https:\/\/aivlisoft.net\/shop\/wp-content\/uploads\/2025\/01\/ANEAAA0293_800-1.jpg","contentUrl":"https:\/\/aivlisoft.net\/shop\/wp-content\/uploads\/2025\/01\/ANEAAA0293_800-1.jpg","width":800,"height":800},{"@type":"BreadcrumbList","@id":"https:\/\/aivlisoft.net\/shop\/producto\/nanocable-panel-parcheo-24p-cat-6-utp-191u-dual\/#breadcrumb","itemListElement":[{"@type":"ListItem","position":1,"name":"Portada","item":"https:\/\/aivlisoft.net\/shop\/"},{"@type":"ListItem","position":2,"name":"Tienda","item":"https:\/\/aivlisoft.net\/shop\/tienda\/"},{"@type":"ListItem","position":3,"name":"Nanocable Panel Parcheo 24P CAT.6 UTP 19&#8243;1U Dual"}]},{"@type":"WebSite","@id":"https:\/\/aivlisoft.net\/shop\/#website","url":"https:\/\/aivlisoft.net\/shop\/","name":"Aivlisoft Inform\u00e1tica","description":"En Aivlisoft Inform\u00e1tica ofrecemos soluciones tecnol\u00f3gicas para empresas: venta de ordenadores, consumibles, perif\u00e9ricos y m\u00e1s. Calidad, atenci\u00f3n personalizada y los mejores precios para tu negocio.","publisher":{"@id":"https:\/\/aivlisoft.net\/shop\/#organization"},"potentialAction":[{"@type":"SearchAction","target":{"@type":"EntryPoint","urlTemplate":"https:\/\/aivlisoft.net\/shop\/?s={search_term_string}"},"query-input":{"@type":"PropertyValueSpecification","valueRequired":true,"valueName":"search_term_string"}}],"inLanguage":"es"},{"@type":"Organization","@id":"https:\/\/aivlisoft.net\/shop\/#organization","name":"Aivlisoft Inform\u00e1tica","url":"https:\/\/aivlisoft.net\/shop\/","logo":{"@type":"ImageObject","inLanguage":"es","@id":"https:\/\/aivlisoft.net\/shop\/#\/schema\/logo\/image\/","url":"https:\/\/aivlisoft.net\/shop\/wp-content\/uploads\/2024\/12\/removal.ai_5b848c54-0cdf-4140-95c5-c5536bb7573b-logodef.png","contentUrl":"https:\/\/aivlisoft.net\/shop\/wp-content\/uploads\/2024\/12\/removal.ai_5b848c54-0cdf-4140-95c5-c5536bb7573b-logodef.png","width":484,"height":182,"caption":"Aivlisoft Inform\u00e1tica"},"image":{"@id":"https:\/\/aivlisoft.net\/shop\/#\/schema\/logo\/image\/"}}]}},"_links":{"self":[{"href":"https:\/\/aivlisoft.net\/shop\/wp-json\/wp\/v2\/product\/4773","targetHints":{"allow":["GET"]}}],"collection":[{"href":"https:\/\/aivlisoft.net\/shop\/wp-json\/wp\/v2\/product"}],"about":[{"href":"https:\/\/aivlisoft.net\/shop\/wp-json\/wp\/v2\/types\/product"}],"wp:featuredmedia":[{"embeddable":true,"href":"https:\/\/aivlisoft.net\/shop\/wp-json\/wp\/v2\/media\/4774"}],"wp:attachment":[{"href":"https:\/\/aivlisoft.net\/shop\/wp-json\/wp\/v2\/media?parent=4773"}],"wp:term":[{"taxonomy":"product_brand","embeddable":true,"href":"https:\/\/aivlisoft.net\/shop\/wp-json\/wp\/v2\/product_brand?post=4773"},{"taxonomy":"product_cat","embeddable":true,"href":"https:\/\/aivlisoft.net\/shop\/wp-json\/wp\/v2\/product_cat?post=4773"},{"taxonomy":"product_tag","embeddable":true,"href":"https:\/\/aivlisoft.net\/shop\/wp-json\/wp\/v2\/product_tag?post=4773"}],"curies":[{"name":"wp","href":"https:\/\/api.w.org\/{rel}","templated":true}]}}