{"id":4715,"date":"2025-01-13T13:21:41","date_gmt":"2025-01-13T13:21:41","guid":{"rendered":"https:\/\/aivlisoft.com\/?post_type=product&#038;p=4715"},"modified":"2025-01-14T10:14:39","modified_gmt":"2025-01-14T10:14:39","slug":"monolyth-armario-42u-sh6842-600x800-pta-perforada","status":"publish","type":"product","link":"https:\/\/aivlisoft.net\/shop\/producto\/monolyth-armario-42u-sh6842-600x800-pta-perforada\/","title":{"rendered":"Monolyth Armario 42U SH6842 600X800 Pta.Perforada"},"content":{"rendered":"<p><\/p>\n<table class=\"tabla_caracteristicas k-table\" width=\"100%\">\n<tbody>\n<tr>\n<td><strong>Marca<\/strong><\/td>\n<td>Monolyth<\/td>\n<\/tr>\n<tr>\n<td><strong>Modelo<\/strong><\/td>\n<td><strong>121010-2<\/strong><\/td>\n<\/tr>\n<tr>\n<td><strong>Tipo<\/strong><\/td>\n<td>&ndash; Armario 42U<\/td>\n<\/tr>\n<tr>\n<td valign=\"top\"><strong>Dimensiones<\/strong><\/td>\n<td>&#8211; Altura: 42U<br \/>&#8211; Puerta: Perforada<br \/>&#8211; Medidas: 600 x 800 x 2055 mm<br \/>&#8211; Peso: 109 kg<\/td>\n<\/tr>\n<tr>\n<td valign=\"top\"><strong>Caracter&iacute;sticas<\/strong><\/td>\n<td>&#8211; Armario rack ancho perfil est&aacute;ndar de 19&rdquo;<br \/>&#8211; Puerta delantera de cristal templado de 4 mm. de seguridad endurecido, transparente y con apertura de seguridad con llave.<br \/>&#8211; Tambi&eacute;n disponible la posibilidad de elegir puerta perforada y doble (s&oacute;lo ancho 800 mm.)<br \/>&#8211; Puerta trasera perforada que optimiza la ventilaci&oacute;n interior.<br \/>&#8211; Apertura de seguridad Handylock en puerta frontal y llave en puerta posterior.<br \/>&#8211; Estructura b&aacute;sica totalmente desmontable.<br \/>&#8211; Techo y suelo con entradas de cables pretroqueladas y ranuras de ventilaci&oacute;n.<br \/>&#8211; Soportes o pies regulables en altura.<br \/>&#8211; Perfiles de rack numerados.<br \/>&#8211; Perfiles desplazables en profundidad.<br \/>&#8211; Paneles laterales desmontables de f&aacute;cil apertura con cierre lateral.<br \/>&#8211; Espacio accesible por puerta frontal, trasera y laterales.<br \/>&#8211; Acabados para evitar electro-est&aacute;tica y entrada de polvo.<br \/>&#8211; Cumple con las normativas medioambientales CE y RoHS.<\/td>\n<\/tr>\n<tr>\n<td valign=\"top\"><strong>Especificaciones t&eacute;cnicas<\/strong><\/td>\n<td>&#8211; Tratamiento: desengrasado, limpiado con &aacute;cido y pintura fosf&oacute;rica anti-&oacute;xido.<br \/>&#8211; Grado de Protecci&oacute;n: IP20 (protecci&oacute;n contra la entrada de polvo).<br \/>&#8211; Capacidad de carga: 800 Kg. (sobre pies) | 400 Kg (sobre ruedas).<br \/>&#8211; Material: Acero SPCC laminado en fr&iacute;o.<br \/>&#8211; Grosor de acero: Carriles 2.0 mm. | &aacute;ngulos 1,5 mm. resto 1,2 mm.<br \/>&#8211; Color: Negro RAL 9004, acabado liso.<\/td>\n<\/tr>\n<tr>\n<td valign=\"top\"><strong>Est&aacute;ndares<\/strong><\/td>\n<td>&ndash; ANSI\/EIA, RS-310-D, DIN41491 PART1, DIN41491 PART7, ETSI, est&aacute;ndar compatible con 19&rdquo; International Standard, RoHS Directiva 2002\/95\/EC , EN 60439-3:1991 +A1:1994 C:1994+A2:2001+AC:2005 +AC:2009, EN 60439-1:1999 + A1:2004.<\/td>\n<\/tr>\n<tr>\n<td valign=\"top\"><strong>Accesorios incluidos<\/strong><\/td>\n<td>&#8211; 2 bandeja fijas.<br \/>&#8211; 4 ruedas con freno.<br \/>&#8211; 4 ventiladores de techo de 120 mm.<br \/>&#8211; 1 base de enchufes de 8 tomas Schucko con interruptor.<br \/>&#8211; Torniller&iacute;a de montaje, pies regulables en altura y juego de llaves para cerraduras incluido.<br \/>&#8211; En armarios de suelo de 800 mm. 2 gu&iacute;as laterales para cableado.<\/td>\n<\/tr>\n<tr>\n<td><strong>Fecha Revisi&oacute;n<\/strong><\/td>\n<td>13-04-2018 por AVN<\/td>\n<\/tr>\n<\/tbody>\n<\/table>\n","protected":false},"excerpt":{"rendered":"<p>Marca Monolyth Modelo 121010-2 Tipo &ndash; Armario 42U Dimensiones &#8211; Altura: 42U&#8211; Puerta: Perforada&#8211; Medidas: 600 x 800 x 2055 mm&#8211; Peso: 109 kg Caracter&iacute;sticas &#8211; Armario rack ancho perfil est&aacute;ndar de 19&rdquo;&#8211; Puerta delantera de cristal templado de 4 mm. de seguridad endurecido, transparente y con apertura de seguridad con llave.&#8211; Tambi&eacute;n disponible la&hellip;&nbsp;<a href=\"https:\/\/aivlisoft.net\/shop\/producto\/monolyth-armario-42u-sh6842-600x800-pta-perforada\/\" rel=\"bookmark\"><span class=\"screen-reader-text\">Monolyth Armario 42U SH6842 600X800 Pta.Perforada<\/span><\/a><\/p>\n","protected":false},"featured_media":4716,"template":"","meta":{"neve_meta_sidebar":"","neve_meta_container":"","neve_meta_enable_content_width":"","neve_meta_content_width":0,"neve_meta_title_alignment":"","neve_meta_author_avatar":"","neve_post_elements_order":"","neve_meta_disable_header":"","neve_meta_disable_footer":"","neve_meta_disable_title":""},"product_brand":[],"product_cat":[8701],"product_tag":[1459],"class_list":{"0":"post-4715","1":"product","2":"type-product","3":"status-publish","4":"has-post-thumbnail","6":"product_cat-armarios-rack-y-accesorios","7":"product_tag-1459","9":"first","10":"instock","11":"taxable","12":"shipping-taxable","13":"purchasable","14":"product-type-simple"},"yoast_head":"<!-- This site is optimized with the Yoast SEO plugin v26.0 - https:\/\/yoast.com\/wordpress\/plugins\/seo\/ -->\n<title>Monolyth Armario 42U SH6842 600X800 Pta.Perforada - Aivlisoft Inform\u00e1tica<\/title>\n<meta name=\"robots\" content=\"index, follow, max-snippet:-1, max-image-preview:large, max-video-preview:-1\" \/>\n<link rel=\"canonical\" href=\"https:\/\/aivlisoft.net\/shop\/producto\/monolyth-armario-42u-sh6842-600x800-pta-perforada\/\" \/>\n<meta property=\"og:locale\" content=\"es_ES\" \/>\n<meta property=\"og:type\" content=\"article\" \/>\n<meta property=\"og:title\" content=\"Monolyth Armario 42U SH6842 600X800 Pta.Perforada - Aivlisoft Inform\u00e1tica\" \/>\n<meta property=\"og:description\" content=\"Marca Monolyth Modelo 121010-2 Tipo &ndash; Armario 42U Dimensiones &#8211; Altura: 42U&#8211; Puerta: Perforada&#8211; Medidas: 600 x 800 x 2055 mm&#8211; Peso: 109 kg Caracter&iacute;sticas &#8211; Armario rack ancho perfil est&aacute;ndar de 19&rdquo;&#8211; Puerta delantera de cristal templado de 4 mm. de seguridad endurecido, transparente y con apertura de seguridad con llave.&#8211; Tambi&eacute;n disponible la&hellip;&nbsp;Monolyth Armario 42U SH6842 600X800 Pta.Perforada\" \/>\n<meta property=\"og:url\" content=\"https:\/\/aivlisoft.net\/shop\/producto\/monolyth-armario-42u-sh6842-600x800-pta-perforada\/\" \/>\n<meta property=\"og:site_name\" content=\"Aivlisoft Inform\u00e1tica\" \/>\n<meta property=\"article:modified_time\" content=\"2025-01-14T10:14:39+00:00\" \/>\n<meta property=\"og:image\" content=\"https:\/\/aivlisoft.net\/shop\/wp-content\/uploads\/2025\/01\/ANEAAA0208_800-1.jpg\" \/>\n\t<meta property=\"og:image:width\" content=\"800\" \/>\n\t<meta property=\"og:image:height\" content=\"800\" \/>\n\t<meta property=\"og:image:type\" content=\"image\/jpeg\" \/>\n<meta name=\"twitter:card\" content=\"summary_large_image\" \/>\n<meta name=\"twitter:label1\" content=\"Tiempo de lectura\" \/>\n\t<meta name=\"twitter:data1\" content=\"2 minutos\" \/>\n<script type=\"application\/ld+json\" class=\"yoast-schema-graph\">{\"@context\":\"https:\/\/schema.org\",\"@graph\":[{\"@type\":\"WebPage\",\"@id\":\"https:\/\/aivlisoft.net\/shop\/producto\/monolyth-armario-42u-sh6842-600x800-pta-perforada\/\",\"url\":\"https:\/\/aivlisoft.net\/shop\/producto\/monolyth-armario-42u-sh6842-600x800-pta-perforada\/\",\"name\":\"Monolyth Armario 42U SH6842 600X800 Pta.Perforada - Aivlisoft Inform\u00e1tica\",\"isPartOf\":{\"@id\":\"https:\/\/aivlisoft.net\/shop\/#website\"},\"primaryImageOfPage\":{\"@id\":\"https:\/\/aivlisoft.net\/shop\/producto\/monolyth-armario-42u-sh6842-600x800-pta-perforada\/#primaryimage\"},\"image\":{\"@id\":\"https:\/\/aivlisoft.net\/shop\/producto\/monolyth-armario-42u-sh6842-600x800-pta-perforada\/#primaryimage\"},\"thumbnailUrl\":\"https:\/\/aivlisoft.net\/shop\/wp-content\/uploads\/2025\/01\/ANEAAA0208_800-1.jpg\",\"datePublished\":\"2025-01-13T13:21:41+00:00\",\"dateModified\":\"2025-01-14T10:14:39+00:00\",\"breadcrumb\":{\"@id\":\"https:\/\/aivlisoft.net\/shop\/producto\/monolyth-armario-42u-sh6842-600x800-pta-perforada\/#breadcrumb\"},\"inLanguage\":\"es\",\"potentialAction\":[{\"@type\":\"ReadAction\",\"target\":[\"https:\/\/aivlisoft.net\/shop\/producto\/monolyth-armario-42u-sh6842-600x800-pta-perforada\/\"]}]},{\"@type\":\"ImageObject\",\"inLanguage\":\"es\",\"@id\":\"https:\/\/aivlisoft.net\/shop\/producto\/monolyth-armario-42u-sh6842-600x800-pta-perforada\/#primaryimage\",\"url\":\"https:\/\/aivlisoft.net\/shop\/wp-content\/uploads\/2025\/01\/ANEAAA0208_800-1.jpg\",\"contentUrl\":\"https:\/\/aivlisoft.net\/shop\/wp-content\/uploads\/2025\/01\/ANEAAA0208_800-1.jpg\",\"width\":800,\"height\":800},{\"@type\":\"BreadcrumbList\",\"@id\":\"https:\/\/aivlisoft.net\/shop\/producto\/monolyth-armario-42u-sh6842-600x800-pta-perforada\/#breadcrumb\",\"itemListElement\":[{\"@type\":\"ListItem\",\"position\":1,\"name\":\"Portada\",\"item\":\"https:\/\/aivlisoft.net\/shop\/\"},{\"@type\":\"ListItem\",\"position\":2,\"name\":\"Tienda\",\"item\":\"https:\/\/aivlisoft.net\/shop\/tienda\/\"},{\"@type\":\"ListItem\",\"position\":3,\"name\":\"Monolyth Armario 42U SH6842 600X800 Pta.Perforada\"}]},{\"@type\":\"WebSite\",\"@id\":\"https:\/\/aivlisoft.net\/shop\/#website\",\"url\":\"https:\/\/aivlisoft.net\/shop\/\",\"name\":\"Aivlisoft Inform\u00e1tica\",\"description\":\"En Aivlisoft Inform\u00e1tica ofrecemos soluciones tecnol\u00f3gicas para empresas: venta de ordenadores, consumibles, perif\u00e9ricos y m\u00e1s. Calidad, atenci\u00f3n personalizada y los mejores precios para tu negocio.\",\"publisher\":{\"@id\":\"https:\/\/aivlisoft.net\/shop\/#organization\"},\"potentialAction\":[{\"@type\":\"SearchAction\",\"target\":{\"@type\":\"EntryPoint\",\"urlTemplate\":\"https:\/\/aivlisoft.net\/shop\/?s={search_term_string}\"},\"query-input\":{\"@type\":\"PropertyValueSpecification\",\"valueRequired\":true,\"valueName\":\"search_term_string\"}}],\"inLanguage\":\"es\"},{\"@type\":\"Organization\",\"@id\":\"https:\/\/aivlisoft.net\/shop\/#organization\",\"name\":\"Aivlisoft Inform\u00e1tica\",\"url\":\"https:\/\/aivlisoft.net\/shop\/\",\"logo\":{\"@type\":\"ImageObject\",\"inLanguage\":\"es\",\"@id\":\"https:\/\/aivlisoft.net\/shop\/#\/schema\/logo\/image\/\",\"url\":\"https:\/\/aivlisoft.net\/shop\/wp-content\/uploads\/2024\/12\/removal.ai_5b848c54-0cdf-4140-95c5-c5536bb7573b-logodef.png\",\"contentUrl\":\"https:\/\/aivlisoft.net\/shop\/wp-content\/uploads\/2024\/12\/removal.ai_5b848c54-0cdf-4140-95c5-c5536bb7573b-logodef.png\",\"width\":484,\"height\":182,\"caption\":\"Aivlisoft Inform\u00e1tica\"},\"image\":{\"@id\":\"https:\/\/aivlisoft.net\/shop\/#\/schema\/logo\/image\/\"}}]}<\/script>\n<!-- \/ Yoast SEO plugin. -->","yoast_head_json":{"title":"Monolyth Armario 42U SH6842 600X800 Pta.Perforada - Aivlisoft Inform\u00e1tica","robots":{"index":"index","follow":"follow","max-snippet":"max-snippet:-1","max-image-preview":"max-image-preview:large","max-video-preview":"max-video-preview:-1"},"canonical":"https:\/\/aivlisoft.net\/shop\/producto\/monolyth-armario-42u-sh6842-600x800-pta-perforada\/","og_locale":"es_ES","og_type":"article","og_title":"Monolyth Armario 42U SH6842 600X800 Pta.Perforada - Aivlisoft Inform\u00e1tica","og_description":"Marca Monolyth Modelo 121010-2 Tipo &ndash; Armario 42U Dimensiones &#8211; Altura: 42U&#8211; Puerta: Perforada&#8211; Medidas: 600 x 800 x 2055 mm&#8211; Peso: 109 kg Caracter&iacute;sticas &#8211; Armario rack ancho perfil est&aacute;ndar de 19&rdquo;&#8211; Puerta delantera de cristal templado de 4 mm. de seguridad endurecido, transparente y con apertura de seguridad con llave.&#8211; Tambi&eacute;n disponible la&hellip;&nbsp;Monolyth Armario 42U SH6842 600X800 Pta.Perforada","og_url":"https:\/\/aivlisoft.net\/shop\/producto\/monolyth-armario-42u-sh6842-600x800-pta-perforada\/","og_site_name":"Aivlisoft Inform\u00e1tica","article_modified_time":"2025-01-14T10:14:39+00:00","og_image":[{"width":800,"height":800,"url":"https:\/\/aivlisoft.net\/shop\/wp-content\/uploads\/2025\/01\/ANEAAA0208_800-1.jpg","type":"image\/jpeg"}],"twitter_card":"summary_large_image","twitter_misc":{"Tiempo de lectura":"2 minutos"},"schema":{"@context":"https:\/\/schema.org","@graph":[{"@type":"WebPage","@id":"https:\/\/aivlisoft.net\/shop\/producto\/monolyth-armario-42u-sh6842-600x800-pta-perforada\/","url":"https:\/\/aivlisoft.net\/shop\/producto\/monolyth-armario-42u-sh6842-600x800-pta-perforada\/","name":"Monolyth Armario 42U SH6842 600X800 Pta.Perforada - Aivlisoft Inform\u00e1tica","isPartOf":{"@id":"https:\/\/aivlisoft.net\/shop\/#website"},"primaryImageOfPage":{"@id":"https:\/\/aivlisoft.net\/shop\/producto\/monolyth-armario-42u-sh6842-600x800-pta-perforada\/#primaryimage"},"image":{"@id":"https:\/\/aivlisoft.net\/shop\/producto\/monolyth-armario-42u-sh6842-600x800-pta-perforada\/#primaryimage"},"thumbnailUrl":"https:\/\/aivlisoft.net\/shop\/wp-content\/uploads\/2025\/01\/ANEAAA0208_800-1.jpg","datePublished":"2025-01-13T13:21:41+00:00","dateModified":"2025-01-14T10:14:39+00:00","breadcrumb":{"@id":"https:\/\/aivlisoft.net\/shop\/producto\/monolyth-armario-42u-sh6842-600x800-pta-perforada\/#breadcrumb"},"inLanguage":"es","potentialAction":[{"@type":"ReadAction","target":["https:\/\/aivlisoft.net\/shop\/producto\/monolyth-armario-42u-sh6842-600x800-pta-perforada\/"]}]},{"@type":"ImageObject","inLanguage":"es","@id":"https:\/\/aivlisoft.net\/shop\/producto\/monolyth-armario-42u-sh6842-600x800-pta-perforada\/#primaryimage","url":"https:\/\/aivlisoft.net\/shop\/wp-content\/uploads\/2025\/01\/ANEAAA0208_800-1.jpg","contentUrl":"https:\/\/aivlisoft.net\/shop\/wp-content\/uploads\/2025\/01\/ANEAAA0208_800-1.jpg","width":800,"height":800},{"@type":"BreadcrumbList","@id":"https:\/\/aivlisoft.net\/shop\/producto\/monolyth-armario-42u-sh6842-600x800-pta-perforada\/#breadcrumb","itemListElement":[{"@type":"ListItem","position":1,"name":"Portada","item":"https:\/\/aivlisoft.net\/shop\/"},{"@type":"ListItem","position":2,"name":"Tienda","item":"https:\/\/aivlisoft.net\/shop\/tienda\/"},{"@type":"ListItem","position":3,"name":"Monolyth Armario 42U SH6842 600X800 Pta.Perforada"}]},{"@type":"WebSite","@id":"https:\/\/aivlisoft.net\/shop\/#website","url":"https:\/\/aivlisoft.net\/shop\/","name":"Aivlisoft Inform\u00e1tica","description":"En Aivlisoft Inform\u00e1tica ofrecemos soluciones tecnol\u00f3gicas para empresas: venta de ordenadores, consumibles, perif\u00e9ricos y m\u00e1s. Calidad, atenci\u00f3n personalizada y los mejores precios para tu negocio.","publisher":{"@id":"https:\/\/aivlisoft.net\/shop\/#organization"},"potentialAction":[{"@type":"SearchAction","target":{"@type":"EntryPoint","urlTemplate":"https:\/\/aivlisoft.net\/shop\/?s={search_term_string}"},"query-input":{"@type":"PropertyValueSpecification","valueRequired":true,"valueName":"search_term_string"}}],"inLanguage":"es"},{"@type":"Organization","@id":"https:\/\/aivlisoft.net\/shop\/#organization","name":"Aivlisoft Inform\u00e1tica","url":"https:\/\/aivlisoft.net\/shop\/","logo":{"@type":"ImageObject","inLanguage":"es","@id":"https:\/\/aivlisoft.net\/shop\/#\/schema\/logo\/image\/","url":"https:\/\/aivlisoft.net\/shop\/wp-content\/uploads\/2024\/12\/removal.ai_5b848c54-0cdf-4140-95c5-c5536bb7573b-logodef.png","contentUrl":"https:\/\/aivlisoft.net\/shop\/wp-content\/uploads\/2024\/12\/removal.ai_5b848c54-0cdf-4140-95c5-c5536bb7573b-logodef.png","width":484,"height":182,"caption":"Aivlisoft Inform\u00e1tica"},"image":{"@id":"https:\/\/aivlisoft.net\/shop\/#\/schema\/logo\/image\/"}}]}},"_links":{"self":[{"href":"https:\/\/aivlisoft.net\/shop\/wp-json\/wp\/v2\/product\/4715","targetHints":{"allow":["GET"]}}],"collection":[{"href":"https:\/\/aivlisoft.net\/shop\/wp-json\/wp\/v2\/product"}],"about":[{"href":"https:\/\/aivlisoft.net\/shop\/wp-json\/wp\/v2\/types\/product"}],"wp:featuredmedia":[{"embeddable":true,"href":"https:\/\/aivlisoft.net\/shop\/wp-json\/wp\/v2\/media\/4716"}],"wp:attachment":[{"href":"https:\/\/aivlisoft.net\/shop\/wp-json\/wp\/v2\/media?parent=4715"}],"wp:term":[{"taxonomy":"product_brand","embeddable":true,"href":"https:\/\/aivlisoft.net\/shop\/wp-json\/wp\/v2\/product_brand?post=4715"},{"taxonomy":"product_cat","embeddable":true,"href":"https:\/\/aivlisoft.net\/shop\/wp-json\/wp\/v2\/product_cat?post=4715"},{"taxonomy":"product_tag","embeddable":true,"href":"https:\/\/aivlisoft.net\/shop\/wp-json\/wp\/v2\/product_tag?post=4715"}],"curies":[{"name":"wp","href":"https:\/\/api.w.org\/{rel}","templated":true}]}}