{"id":4685,"date":"2025-01-13T13:21:29","date_gmt":"2025-01-13T13:21:29","guid":{"rendered":"https:\/\/aivlisoft.com\/?post_type=product&#038;p=4685"},"modified":"2025-01-14T10:14:28","modified_gmt":"2025-01-14T10:14:28","slug":"wp-armario-sh-42u-rna-19-600x600-desmontado","status":"publish","type":"product","link":"https:\/\/aivlisoft.net\/shop\/producto\/wp-armario-sh-42u-rna-19-600x600-desmontado\/","title":{"rendered":"WP Armario SH 42U RNA 19&#8243; 600X600 Desmontado"},"content":{"rendered":"<p>La puerta de cristal templado, el armaz&oacute;n de acero de 2 mm, los cierres (tambi&eacute;n en los paneles laterales desmontables), las 4 ruedas y las 4 patas de nivelaci&oacute;n convierten esta serie en una soluci&oacute;n sencilla y con todo lo necesario para su instalaci&oacute;n. Adem&aacute;s, tiene la posibilidad de adquirirlo montado o desmontado, lo que facilita el desplazamiento y reduce el riesgo de da&ntilde;os durante el transporte a su lugar de destino.<br \/>&nbsp;<\/p>\n<table class=\"tabla_caracteristicas k-table\" width=\"100%\">\n<tr>\n<td><strong>Marca<\/strong><\/td>\n<td>WP<\/td>\n<\/tr>\n<tr>\n<td><strong>Modelo<\/strong><\/td>\n<td><strong>WPN-RNA-42606-BS<\/strong><\/td>\n<\/tr>\n<tr>\n<td><strong>Especificaciones<\/strong><\/td>\n<td>\n<div>&#8211; Armario de suelo 42U<\/div>\n<p>\t\t\t&#8211; Dimensiones (An x Prof x Alt): 600 x 600 x 2055<br \/>\t\t\t&#8211; Peso: 98.5Kg<\/td>\n<\/tr>\n<tr>\n<td valign=\"top\"><strong>Caracter&iacute;sticas<\/strong><\/td>\n<td>\n<div>\n<div>&#8211; Se suministra totalmente desmontado en un embalaje de cart&oacute;n reforzado<br \/>\t\t\t&#8211; Estructura principal de acero s&oacute;lido de 2 mm y laterales de acero de 1,5 mm<br \/>\t\t\t&#8211; Su puerta de cristal templado tiene un &aacute;ngulo apertura de 180&deg;, dispone de un armaz&oacute;n met&aacute;lico de 1,5 mm e incluye un asa y un cierre con llave<br \/>\t\t\t&#8211; Paneles laterales desmontables, adem&aacute;s de cierres y llaves, para una f&aacute;cil instalaci&oacute;n del equipo<br \/>\t\t\t&#8211; Entrada de cable tanto en la parte superior como en la inferior (con tapa)<br \/>\t\t\t&#8211; Carcasa para ventiladores de 120 mm o kits de ventilaci&oacute;n especiales en la parte superior<br \/>\t\t\t&#8211; Soporta una capacidad de hasta 800kg<br \/>\t\t\t&#8211; 4 m&aacute;stiles numerados con profundidad ajustable<br \/>\t\t\t&#8211; Patas de nivelaci&oacute;n y 4 ruedas (2 con freno)<br \/>\t\t\t&#8211; Kit para el montaje en suelo incluido<br \/>\t\t\t&#8211; 20 sets de tornillos incluidos (tornillos + tuercas enjauladas)<br \/>\t\t\t&#8211; Clase de protecci&oacute;n IP 20<\/div>\n<\/p><\/div>\n<\/td>\n<\/tr>\n<tr>\n<td><strong>Fecha Revisi&oacute;n<\/strong><\/td>\n<td>13-02-2017 por MSB<\/td>\n<\/tr>\n<\/table>\n","protected":false},"excerpt":{"rendered":"<p>La puerta de cristal templado, el armaz&oacute;n de acero de 2 mm, los cierres (tambi&eacute;n en los paneles laterales desmontables), las 4 ruedas y las 4 patas de nivelaci&oacute;n convierten esta serie en una soluci&oacute;n sencilla y con todo lo necesario para su instalaci&oacute;n. Adem&aacute;s, tiene la posibilidad de adquirirlo montado o desmontado, lo que&hellip;&nbsp;<a href=\"https:\/\/aivlisoft.net\/shop\/producto\/wp-armario-sh-42u-rna-19-600x600-desmontado\/\" rel=\"bookmark\"><span class=\"screen-reader-text\">WP Armario SH 42U RNA 19&#8243; 600X600 Desmontado<\/span><\/a><\/p>\n","protected":false},"featured_media":4686,"template":"","meta":{"neve_meta_sidebar":"","neve_meta_container":"","neve_meta_enable_content_width":"","neve_meta_content_width":0,"neve_meta_title_alignment":"","neve_meta_author_avatar":"","neve_post_elements_order":"","neve_meta_disable_header":"","neve_meta_disable_footer":"","neve_meta_disable_title":""},"product_brand":[],"product_cat":[8701],"product_tag":[1444],"class_list":{"0":"post-4685","1":"product","2":"type-product","3":"status-publish","4":"has-post-thumbnail","6":"product_cat-armarios-rack-y-accesorios","7":"product_tag-wpn-rna-42606-bs","9":"first","10":"instock","11":"taxable","12":"shipping-taxable","13":"purchasable","14":"product-type-simple"},"yoast_head":"<!-- This site is optimized with the Yoast SEO plugin v26.0 - https:\/\/yoast.com\/wordpress\/plugins\/seo\/ -->\n<title>WP Armario SH 42U RNA 19&quot; 600X600 Desmontado - Aivlisoft Inform\u00e1tica<\/title>\n<meta name=\"robots\" content=\"index, follow, max-snippet:-1, max-image-preview:large, max-video-preview:-1\" \/>\n<link rel=\"canonical\" href=\"https:\/\/aivlisoft.net\/shop\/producto\/wp-armario-sh-42u-rna-19-600x600-desmontado\/\" \/>\n<meta property=\"og:locale\" content=\"es_ES\" \/>\n<meta property=\"og:type\" content=\"article\" \/>\n<meta property=\"og:title\" content=\"WP Armario SH 42U RNA 19&quot; 600X600 Desmontado - Aivlisoft Inform\u00e1tica\" \/>\n<meta property=\"og:description\" content=\"La puerta de cristal templado, el armaz&oacute;n de acero de 2 mm, los cierres (tambi&eacute;n en los paneles laterales desmontables), las 4 ruedas y las 4 patas de nivelaci&oacute;n convierten esta serie en una soluci&oacute;n sencilla y con todo lo necesario para su instalaci&oacute;n. Adem&aacute;s, tiene la posibilidad de adquirirlo montado o desmontado, lo que&hellip;&nbsp;WP Armario SH 42U RNA 19&#8243; 600X600 Desmontado\" \/>\n<meta property=\"og:url\" content=\"https:\/\/aivlisoft.net\/shop\/producto\/wp-armario-sh-42u-rna-19-600x600-desmontado\/\" \/>\n<meta property=\"og:site_name\" content=\"Aivlisoft Inform\u00e1tica\" \/>\n<meta property=\"article:modified_time\" content=\"2025-01-14T10:14:28+00:00\" \/>\n<meta property=\"og:image\" content=\"https:\/\/aivlisoft.net\/shop\/wp-content\/uploads\/2025\/01\/ANEAAA0161_800-1.jpg\" \/>\n\t<meta property=\"og:image:width\" content=\"800\" \/>\n\t<meta property=\"og:image:height\" content=\"800\" \/>\n\t<meta property=\"og:image:type\" content=\"image\/jpeg\" \/>\n<meta name=\"twitter:card\" content=\"summary_large_image\" \/>\n<meta name=\"twitter:label1\" content=\"Tiempo de lectura\" \/>\n\t<meta name=\"twitter:data1\" content=\"1 minuto\" \/>\n<script type=\"application\/ld+json\" class=\"yoast-schema-graph\">{\"@context\":\"https:\/\/schema.org\",\"@graph\":[{\"@type\":\"WebPage\",\"@id\":\"https:\/\/aivlisoft.net\/shop\/producto\/wp-armario-sh-42u-rna-19-600x600-desmontado\/\",\"url\":\"https:\/\/aivlisoft.net\/shop\/producto\/wp-armario-sh-42u-rna-19-600x600-desmontado\/\",\"name\":\"WP Armario SH 42U RNA 19\\\" 600X600 Desmontado - Aivlisoft Inform\u00e1tica\",\"isPartOf\":{\"@id\":\"https:\/\/aivlisoft.net\/shop\/#website\"},\"primaryImageOfPage\":{\"@id\":\"https:\/\/aivlisoft.net\/shop\/producto\/wp-armario-sh-42u-rna-19-600x600-desmontado\/#primaryimage\"},\"image\":{\"@id\":\"https:\/\/aivlisoft.net\/shop\/producto\/wp-armario-sh-42u-rna-19-600x600-desmontado\/#primaryimage\"},\"thumbnailUrl\":\"https:\/\/aivlisoft.net\/shop\/wp-content\/uploads\/2025\/01\/ANEAAA0161_800-1.jpg\",\"datePublished\":\"2025-01-13T13:21:29+00:00\",\"dateModified\":\"2025-01-14T10:14:28+00:00\",\"breadcrumb\":{\"@id\":\"https:\/\/aivlisoft.net\/shop\/producto\/wp-armario-sh-42u-rna-19-600x600-desmontado\/#breadcrumb\"},\"inLanguage\":\"es\",\"potentialAction\":[{\"@type\":\"ReadAction\",\"target\":[\"https:\/\/aivlisoft.net\/shop\/producto\/wp-armario-sh-42u-rna-19-600x600-desmontado\/\"]}]},{\"@type\":\"ImageObject\",\"inLanguage\":\"es\",\"@id\":\"https:\/\/aivlisoft.net\/shop\/producto\/wp-armario-sh-42u-rna-19-600x600-desmontado\/#primaryimage\",\"url\":\"https:\/\/aivlisoft.net\/shop\/wp-content\/uploads\/2025\/01\/ANEAAA0161_800-1.jpg\",\"contentUrl\":\"https:\/\/aivlisoft.net\/shop\/wp-content\/uploads\/2025\/01\/ANEAAA0161_800-1.jpg\",\"width\":800,\"height\":800},{\"@type\":\"BreadcrumbList\",\"@id\":\"https:\/\/aivlisoft.net\/shop\/producto\/wp-armario-sh-42u-rna-19-600x600-desmontado\/#breadcrumb\",\"itemListElement\":[{\"@type\":\"ListItem\",\"position\":1,\"name\":\"Portada\",\"item\":\"https:\/\/aivlisoft.net\/shop\/\"},{\"@type\":\"ListItem\",\"position\":2,\"name\":\"Tienda\",\"item\":\"https:\/\/aivlisoft.net\/shop\/tienda\/\"},{\"@type\":\"ListItem\",\"position\":3,\"name\":\"WP Armario SH 42U RNA 19&#8243; 600X600 Desmontado\"}]},{\"@type\":\"WebSite\",\"@id\":\"https:\/\/aivlisoft.net\/shop\/#website\",\"url\":\"https:\/\/aivlisoft.net\/shop\/\",\"name\":\"Aivlisoft Inform\u00e1tica\",\"description\":\"En Aivlisoft Inform\u00e1tica ofrecemos soluciones tecnol\u00f3gicas para empresas: venta de ordenadores, consumibles, perif\u00e9ricos y m\u00e1s. Calidad, atenci\u00f3n personalizada y los mejores precios para tu negocio.\",\"publisher\":{\"@id\":\"https:\/\/aivlisoft.net\/shop\/#organization\"},\"potentialAction\":[{\"@type\":\"SearchAction\",\"target\":{\"@type\":\"EntryPoint\",\"urlTemplate\":\"https:\/\/aivlisoft.net\/shop\/?s={search_term_string}\"},\"query-input\":{\"@type\":\"PropertyValueSpecification\",\"valueRequired\":true,\"valueName\":\"search_term_string\"}}],\"inLanguage\":\"es\"},{\"@type\":\"Organization\",\"@id\":\"https:\/\/aivlisoft.net\/shop\/#organization\",\"name\":\"Aivlisoft Inform\u00e1tica\",\"url\":\"https:\/\/aivlisoft.net\/shop\/\",\"logo\":{\"@type\":\"ImageObject\",\"inLanguage\":\"es\",\"@id\":\"https:\/\/aivlisoft.net\/shop\/#\/schema\/logo\/image\/\",\"url\":\"https:\/\/aivlisoft.net\/shop\/wp-content\/uploads\/2024\/12\/removal.ai_5b848c54-0cdf-4140-95c5-c5536bb7573b-logodef.png\",\"contentUrl\":\"https:\/\/aivlisoft.net\/shop\/wp-content\/uploads\/2024\/12\/removal.ai_5b848c54-0cdf-4140-95c5-c5536bb7573b-logodef.png\",\"width\":484,\"height\":182,\"caption\":\"Aivlisoft Inform\u00e1tica\"},\"image\":{\"@id\":\"https:\/\/aivlisoft.net\/shop\/#\/schema\/logo\/image\/\"}}]}<\/script>\n<!-- \/ Yoast SEO plugin. -->","yoast_head_json":{"title":"WP Armario SH 42U RNA 19\" 600X600 Desmontado - Aivlisoft Inform\u00e1tica","robots":{"index":"index","follow":"follow","max-snippet":"max-snippet:-1","max-image-preview":"max-image-preview:large","max-video-preview":"max-video-preview:-1"},"canonical":"https:\/\/aivlisoft.net\/shop\/producto\/wp-armario-sh-42u-rna-19-600x600-desmontado\/","og_locale":"es_ES","og_type":"article","og_title":"WP Armario SH 42U RNA 19\" 600X600 Desmontado - Aivlisoft Inform\u00e1tica","og_description":"La puerta de cristal templado, el armaz&oacute;n de acero de 2 mm, los cierres (tambi&eacute;n en los paneles laterales desmontables), las 4 ruedas y las 4 patas de nivelaci&oacute;n convierten esta serie en una soluci&oacute;n sencilla y con todo lo necesario para su instalaci&oacute;n. Adem&aacute;s, tiene la posibilidad de adquirirlo montado o desmontado, lo que&hellip;&nbsp;WP Armario SH 42U RNA 19&#8243; 600X600 Desmontado","og_url":"https:\/\/aivlisoft.net\/shop\/producto\/wp-armario-sh-42u-rna-19-600x600-desmontado\/","og_site_name":"Aivlisoft Inform\u00e1tica","article_modified_time":"2025-01-14T10:14:28+00:00","og_image":[{"width":800,"height":800,"url":"https:\/\/aivlisoft.net\/shop\/wp-content\/uploads\/2025\/01\/ANEAAA0161_800-1.jpg","type":"image\/jpeg"}],"twitter_card":"summary_large_image","twitter_misc":{"Tiempo de lectura":"1 minuto"},"schema":{"@context":"https:\/\/schema.org","@graph":[{"@type":"WebPage","@id":"https:\/\/aivlisoft.net\/shop\/producto\/wp-armario-sh-42u-rna-19-600x600-desmontado\/","url":"https:\/\/aivlisoft.net\/shop\/producto\/wp-armario-sh-42u-rna-19-600x600-desmontado\/","name":"WP Armario SH 42U RNA 19\" 600X600 Desmontado - Aivlisoft Inform\u00e1tica","isPartOf":{"@id":"https:\/\/aivlisoft.net\/shop\/#website"},"primaryImageOfPage":{"@id":"https:\/\/aivlisoft.net\/shop\/producto\/wp-armario-sh-42u-rna-19-600x600-desmontado\/#primaryimage"},"image":{"@id":"https:\/\/aivlisoft.net\/shop\/producto\/wp-armario-sh-42u-rna-19-600x600-desmontado\/#primaryimage"},"thumbnailUrl":"https:\/\/aivlisoft.net\/shop\/wp-content\/uploads\/2025\/01\/ANEAAA0161_800-1.jpg","datePublished":"2025-01-13T13:21:29+00:00","dateModified":"2025-01-14T10:14:28+00:00","breadcrumb":{"@id":"https:\/\/aivlisoft.net\/shop\/producto\/wp-armario-sh-42u-rna-19-600x600-desmontado\/#breadcrumb"},"inLanguage":"es","potentialAction":[{"@type":"ReadAction","target":["https:\/\/aivlisoft.net\/shop\/producto\/wp-armario-sh-42u-rna-19-600x600-desmontado\/"]}]},{"@type":"ImageObject","inLanguage":"es","@id":"https:\/\/aivlisoft.net\/shop\/producto\/wp-armario-sh-42u-rna-19-600x600-desmontado\/#primaryimage","url":"https:\/\/aivlisoft.net\/shop\/wp-content\/uploads\/2025\/01\/ANEAAA0161_800-1.jpg","contentUrl":"https:\/\/aivlisoft.net\/shop\/wp-content\/uploads\/2025\/01\/ANEAAA0161_800-1.jpg","width":800,"height":800},{"@type":"BreadcrumbList","@id":"https:\/\/aivlisoft.net\/shop\/producto\/wp-armario-sh-42u-rna-19-600x600-desmontado\/#breadcrumb","itemListElement":[{"@type":"ListItem","position":1,"name":"Portada","item":"https:\/\/aivlisoft.net\/shop\/"},{"@type":"ListItem","position":2,"name":"Tienda","item":"https:\/\/aivlisoft.net\/shop\/tienda\/"},{"@type":"ListItem","position":3,"name":"WP Armario SH 42U RNA 19&#8243; 600X600 Desmontado"}]},{"@type":"WebSite","@id":"https:\/\/aivlisoft.net\/shop\/#website","url":"https:\/\/aivlisoft.net\/shop\/","name":"Aivlisoft Inform\u00e1tica","description":"En Aivlisoft Inform\u00e1tica ofrecemos soluciones tecnol\u00f3gicas para empresas: venta de ordenadores, consumibles, perif\u00e9ricos y m\u00e1s. Calidad, atenci\u00f3n personalizada y los mejores precios para tu negocio.","publisher":{"@id":"https:\/\/aivlisoft.net\/shop\/#organization"},"potentialAction":[{"@type":"SearchAction","target":{"@type":"EntryPoint","urlTemplate":"https:\/\/aivlisoft.net\/shop\/?s={search_term_string}"},"query-input":{"@type":"PropertyValueSpecification","valueRequired":true,"valueName":"search_term_string"}}],"inLanguage":"es"},{"@type":"Organization","@id":"https:\/\/aivlisoft.net\/shop\/#organization","name":"Aivlisoft Inform\u00e1tica","url":"https:\/\/aivlisoft.net\/shop\/","logo":{"@type":"ImageObject","inLanguage":"es","@id":"https:\/\/aivlisoft.net\/shop\/#\/schema\/logo\/image\/","url":"https:\/\/aivlisoft.net\/shop\/wp-content\/uploads\/2024\/12\/removal.ai_5b848c54-0cdf-4140-95c5-c5536bb7573b-logodef.png","contentUrl":"https:\/\/aivlisoft.net\/shop\/wp-content\/uploads\/2024\/12\/removal.ai_5b848c54-0cdf-4140-95c5-c5536bb7573b-logodef.png","width":484,"height":182,"caption":"Aivlisoft Inform\u00e1tica"},"image":{"@id":"https:\/\/aivlisoft.net\/shop\/#\/schema\/logo\/image\/"}}]}},"_links":{"self":[{"href":"https:\/\/aivlisoft.net\/shop\/wp-json\/wp\/v2\/product\/4685","targetHints":{"allow":["GET"]}}],"collection":[{"href":"https:\/\/aivlisoft.net\/shop\/wp-json\/wp\/v2\/product"}],"about":[{"href":"https:\/\/aivlisoft.net\/shop\/wp-json\/wp\/v2\/types\/product"}],"wp:featuredmedia":[{"embeddable":true,"href":"https:\/\/aivlisoft.net\/shop\/wp-json\/wp\/v2\/media\/4686"}],"wp:attachment":[{"href":"https:\/\/aivlisoft.net\/shop\/wp-json\/wp\/v2\/media?parent=4685"}],"wp:term":[{"taxonomy":"product_brand","embeddable":true,"href":"https:\/\/aivlisoft.net\/shop\/wp-json\/wp\/v2\/product_brand?post=4685"},{"taxonomy":"product_cat","embeddable":true,"href":"https:\/\/aivlisoft.net\/shop\/wp-json\/wp\/v2\/product_cat?post=4685"},{"taxonomy":"product_tag","embeddable":true,"href":"https:\/\/aivlisoft.net\/shop\/wp-json\/wp\/v2\/product_tag?post=4685"}],"curies":[{"name":"wp","href":"https:\/\/api.w.org\/{rel}","templated":true}]}}