{"id":4665,"date":"2025-01-13T13:21:20","date_gmt":"2025-01-13T13:21:20","guid":{"rendered":"https:\/\/aivlisoft.com\/?post_type=product&#038;p=4665"},"modified":"2025-01-14T10:14:18","modified_gmt":"2025-01-14T10:14:18","slug":"monolyth-armario-42u-sh8242-800x1200-2f-4v-1b8","status":"publish","type":"product","link":"https:\/\/aivlisoft.net\/shop\/producto\/monolyth-armario-42u-sh8242-800x1200-2f-4v-1b8\/","title":{"rendered":"Monolyth Armario 42U SH8242 800&#215;1200 2F-4V-1B8"},"content":{"rendered":"<div>Los armarios rack de suelo de 19&rdquo; Monolyth son perfectos para albergar cualquier tipo de sistema electr&oacute;nico, ya sean dispositivos precisos y sofisticados, o grandes, pesados y voluminosos servidores. Para satisfacer un amplio abanico de necesidades, Monolyth dispone de armarios de suelo de 19&rdquo; con diversas alturas, anchos, fondo y capacidades, desde armarios de 22U a 47U, con anchos de 600 y 800 mm. y fondos que van de los 600mm. a los 1000mm, con puertas de cristal, perforadas, e incluso dobles perforadas para los armarios m&aacute;s grandes. Todo tipo de soluciones de calidad para Pymes y grandes empresas e instaladores. Existe la posibilidad de colocar una doble puerta en los armarios rack de gran tama&ntilde;o, a partir de 800 mm. de anchura, que permite mantener cerrada una parte del armario mientras se trabaja en la otra.<\/div>\n<p><\/p>\n<table class=\"tabla_caracteristicas\" width=\"100%\">\n<tbody>\n<tr>\n<td><strong>Marca<\/strong><\/td>\n<td>Monolyth<\/td>\n<\/tr>\n<tr>\n<td><strong>Modelo<\/strong><\/td>\n<td><strong>117000<\/strong><\/td>\n<\/tr>\n<tr>\n<td><strong>Especificaciones<\/strong><\/td>\n<td>&#8211; Armario de Suelo Monolyth ancho 800mm<\/td>\n<\/tr>\n<tr>\n<td valign=\"top\"><strong>Caracter&iacute;sticas<\/strong><\/td>\n<td>\n<div>&#8211; Altura: <strong>42U<\/strong><br \/>\t\t\t&#8211; Puerta: Cristal<br \/>\t\t\t&#8211; Medidas: 800x1200x2055<br \/>\t\t\t&#8211; Peso: 165Kg<br \/>\t\t\t&#8211; Tratamiento: desengrasado, limpiado con &aacute;cido<\/div>\n<div>&nbsp; y pintura fosf&oacute;rica anti-&oacute;xido.<br \/>\t\t\t&#8211; Grado de Protecci&oacute;n: IP20 (protecci&oacute;n<\/div>\n<div>&nbsp; contra la entrada de polvo).<br \/>\t\t\t&#8211; Capacidad de carga: 800 Kg. (sobre pies) |<\/div>\n<div>&nbsp; 400 Kg (sobre ruedas).<br \/>\t\t\t&#8211; Material: Acero SPCC laminado en fr&iacute;o.<br \/>\t\t\t&#8211; Grosor de acero: Carriles 2.0 mm. |<\/div>\n<div>&nbsp; &aacute;ngulos 1,5 mm. resto 1,2 mm.<br \/>\t\t\t&#8211; Color: Negro RAL 9004, acabado liso.<br \/>\t\t\t<strong>Cumple est&aacute;ndares<\/strong><br \/>\t\t\t&#8211; ANSI\/EIA, RS-310-D, DIN41491 PART1,<\/div>\n<div>&nbsp; DIN41491 PART7, ETSI, est&aacute;ndar compatible<\/div>\n<div>&nbsp; con 19&rdquo; International Standard, RoHS Directiva<\/div>\n<div>&nbsp; 2002\/95\/EC , EN 60439-3:1991 +A1:1994 C:<\/div>\n<div>&nbsp; 1994+A2:2001+AC:2005 +AC:2009,<\/div>\n<div>&nbsp; EN 60439-1:1999 + A1:2004.<br \/>\t\t\t<strong>Accesorios incluidos<\/strong><br \/>\t\t\t&#8211; 2 bandeja fijas.<br \/>\t\t\t&#8211; 4 ruedas con freno.<br \/>\t\t\t&#8211; 4 ventiladores de techo de 120 mm.<br \/>\t\t\t&#8211; 1 base de enchufes de 8 tomas<\/div>\n<div>&nbsp; Schucko con interruptor.<br \/>\t\t\t&#8211; Torniller&iacute;a de montaje, pies regulables en<\/div>\n<div>&nbsp; altura y juego de llaves para cerraduras incluido.<br \/>\t\t\t&#8211; En armarios de suelo de 800 mm.<\/div>\n<div>&nbsp; 2 gu&iacute;as laterales para cableado.<\/div>\n<\/td>\n<\/tr>\n<tr>\n<td><strong>Fecha Revisi&oacute;n<\/strong><\/td>\n<td>02-02-2016 por MSB<\/td>\n<\/tr>\n<\/tbody>\n<\/table>\n","protected":false},"excerpt":{"rendered":"<p>Los armarios rack de suelo de 19&rdquo; Monolyth son perfectos para albergar cualquier tipo de sistema electr&oacute;nico, ya sean dispositivos precisos y sofisticados, o grandes, pesados y voluminosos servidores. Para satisfacer un amplio abanico de necesidades, Monolyth dispone de armarios de suelo de 19&rdquo; con diversas alturas, anchos, fondo y capacidades, desde armarios de 22U&hellip;&nbsp;<a href=\"https:\/\/aivlisoft.net\/shop\/producto\/monolyth-armario-42u-sh8242-800x1200-2f-4v-1b8\/\" rel=\"bookmark\"><span class=\"screen-reader-text\">Monolyth Armario 42U SH8242 800&#215;1200 2F-4V-1B8<\/span><\/a><\/p>\n","protected":false},"featured_media":4666,"template":"","meta":{"neve_meta_sidebar":"","neve_meta_container":"","neve_meta_enable_content_width":"","neve_meta_content_width":0,"neve_meta_title_alignment":"","neve_meta_author_avatar":"","neve_post_elements_order":"","neve_meta_disable_header":"","neve_meta_disable_footer":"","neve_meta_disable_title":""},"product_brand":[],"product_cat":[8701],"product_tag":[1434],"class_list":{"0":"post-4665","1":"product","2":"type-product","3":"status-publish","4":"has-post-thumbnail","6":"product_cat-armarios-rack-y-accesorios","7":"product_tag-1434","9":"first","10":"instock","11":"taxable","12":"shipping-taxable","13":"purchasable","14":"product-type-simple"},"yoast_head":"<!-- This site is optimized with the Yoast SEO plugin v26.0 - https:\/\/yoast.com\/wordpress\/plugins\/seo\/ -->\n<title>Monolyth Armario 42U SH8242 800x1200 2F-4V-1B8 - Aivlisoft Inform\u00e1tica<\/title>\n<meta name=\"robots\" content=\"index, follow, max-snippet:-1, max-image-preview:large, max-video-preview:-1\" \/>\n<link rel=\"canonical\" href=\"https:\/\/aivlisoft.net\/shop\/producto\/monolyth-armario-42u-sh8242-800x1200-2f-4v-1b8\/\" \/>\n<meta property=\"og:locale\" content=\"es_ES\" \/>\n<meta property=\"og:type\" content=\"article\" \/>\n<meta property=\"og:title\" content=\"Monolyth Armario 42U SH8242 800x1200 2F-4V-1B8 - Aivlisoft Inform\u00e1tica\" \/>\n<meta property=\"og:description\" content=\"Los armarios rack de suelo de 19&rdquo; Monolyth son perfectos para albergar cualquier tipo de sistema electr&oacute;nico, ya sean dispositivos precisos y sofisticados, o grandes, pesados y voluminosos servidores. Para satisfacer un amplio abanico de necesidades, Monolyth dispone de armarios de suelo de 19&rdquo; con diversas alturas, anchos, fondo y capacidades, desde armarios de 22U&hellip;&nbsp;Monolyth Armario 42U SH8242 800&#215;1200 2F-4V-1B8\" \/>\n<meta property=\"og:url\" content=\"https:\/\/aivlisoft.net\/shop\/producto\/monolyth-armario-42u-sh8242-800x1200-2f-4v-1b8\/\" \/>\n<meta property=\"og:site_name\" content=\"Aivlisoft Inform\u00e1tica\" \/>\n<meta property=\"article:modified_time\" content=\"2025-01-14T10:14:18+00:00\" \/>\n<meta property=\"og:image\" content=\"https:\/\/aivlisoft.net\/shop\/wp-content\/uploads\/2025\/01\/ANEAAA0122_large-1.jpg\" \/>\n\t<meta property=\"og:image:width\" content=\"400\" \/>\n\t<meta property=\"og:image:height\" content=\"400\" \/>\n\t<meta property=\"og:image:type\" content=\"image\/jpeg\" \/>\n<meta name=\"twitter:card\" content=\"summary_large_image\" \/>\n<meta name=\"twitter:label1\" content=\"Tiempo de lectura\" \/>\n\t<meta name=\"twitter:data1\" content=\"2 minutos\" \/>\n<script type=\"application\/ld+json\" class=\"yoast-schema-graph\">{\"@context\":\"https:\/\/schema.org\",\"@graph\":[{\"@type\":\"WebPage\",\"@id\":\"https:\/\/aivlisoft.net\/shop\/producto\/monolyth-armario-42u-sh8242-800x1200-2f-4v-1b8\/\",\"url\":\"https:\/\/aivlisoft.net\/shop\/producto\/monolyth-armario-42u-sh8242-800x1200-2f-4v-1b8\/\",\"name\":\"Monolyth Armario 42U SH8242 800x1200 2F-4V-1B8 - Aivlisoft Inform\u00e1tica\",\"isPartOf\":{\"@id\":\"https:\/\/aivlisoft.net\/shop\/#website\"},\"primaryImageOfPage\":{\"@id\":\"https:\/\/aivlisoft.net\/shop\/producto\/monolyth-armario-42u-sh8242-800x1200-2f-4v-1b8\/#primaryimage\"},\"image\":{\"@id\":\"https:\/\/aivlisoft.net\/shop\/producto\/monolyth-armario-42u-sh8242-800x1200-2f-4v-1b8\/#primaryimage\"},\"thumbnailUrl\":\"https:\/\/aivlisoft.net\/shop\/wp-content\/uploads\/2025\/01\/ANEAAA0122_large-1.jpg\",\"datePublished\":\"2025-01-13T13:21:20+00:00\",\"dateModified\":\"2025-01-14T10:14:18+00:00\",\"breadcrumb\":{\"@id\":\"https:\/\/aivlisoft.net\/shop\/producto\/monolyth-armario-42u-sh8242-800x1200-2f-4v-1b8\/#breadcrumb\"},\"inLanguage\":\"es\",\"potentialAction\":[{\"@type\":\"ReadAction\",\"target\":[\"https:\/\/aivlisoft.net\/shop\/producto\/monolyth-armario-42u-sh8242-800x1200-2f-4v-1b8\/\"]}]},{\"@type\":\"ImageObject\",\"inLanguage\":\"es\",\"@id\":\"https:\/\/aivlisoft.net\/shop\/producto\/monolyth-armario-42u-sh8242-800x1200-2f-4v-1b8\/#primaryimage\",\"url\":\"https:\/\/aivlisoft.net\/shop\/wp-content\/uploads\/2025\/01\/ANEAAA0122_large-1.jpg\",\"contentUrl\":\"https:\/\/aivlisoft.net\/shop\/wp-content\/uploads\/2025\/01\/ANEAAA0122_large-1.jpg\",\"width\":400,\"height\":400},{\"@type\":\"BreadcrumbList\",\"@id\":\"https:\/\/aivlisoft.net\/shop\/producto\/monolyth-armario-42u-sh8242-800x1200-2f-4v-1b8\/#breadcrumb\",\"itemListElement\":[{\"@type\":\"ListItem\",\"position\":1,\"name\":\"Portada\",\"item\":\"https:\/\/aivlisoft.net\/shop\/\"},{\"@type\":\"ListItem\",\"position\":2,\"name\":\"Tienda\",\"item\":\"https:\/\/aivlisoft.net\/shop\/tienda\/\"},{\"@type\":\"ListItem\",\"position\":3,\"name\":\"Monolyth Armario 42U SH8242 800&#215;1200 2F-4V-1B8\"}]},{\"@type\":\"WebSite\",\"@id\":\"https:\/\/aivlisoft.net\/shop\/#website\",\"url\":\"https:\/\/aivlisoft.net\/shop\/\",\"name\":\"Aivlisoft Inform\u00e1tica\",\"description\":\"En Aivlisoft Inform\u00e1tica ofrecemos soluciones tecnol\u00f3gicas para empresas: venta de ordenadores, consumibles, perif\u00e9ricos y m\u00e1s. Calidad, atenci\u00f3n personalizada y los mejores precios para tu negocio.\",\"publisher\":{\"@id\":\"https:\/\/aivlisoft.net\/shop\/#organization\"},\"potentialAction\":[{\"@type\":\"SearchAction\",\"target\":{\"@type\":\"EntryPoint\",\"urlTemplate\":\"https:\/\/aivlisoft.net\/shop\/?s={search_term_string}\"},\"query-input\":{\"@type\":\"PropertyValueSpecification\",\"valueRequired\":true,\"valueName\":\"search_term_string\"}}],\"inLanguage\":\"es\"},{\"@type\":\"Organization\",\"@id\":\"https:\/\/aivlisoft.net\/shop\/#organization\",\"name\":\"Aivlisoft Inform\u00e1tica\",\"url\":\"https:\/\/aivlisoft.net\/shop\/\",\"logo\":{\"@type\":\"ImageObject\",\"inLanguage\":\"es\",\"@id\":\"https:\/\/aivlisoft.net\/shop\/#\/schema\/logo\/image\/\",\"url\":\"https:\/\/aivlisoft.net\/shop\/wp-content\/uploads\/2024\/12\/removal.ai_5b848c54-0cdf-4140-95c5-c5536bb7573b-logodef.png\",\"contentUrl\":\"https:\/\/aivlisoft.net\/shop\/wp-content\/uploads\/2024\/12\/removal.ai_5b848c54-0cdf-4140-95c5-c5536bb7573b-logodef.png\",\"width\":484,\"height\":182,\"caption\":\"Aivlisoft Inform\u00e1tica\"},\"image\":{\"@id\":\"https:\/\/aivlisoft.net\/shop\/#\/schema\/logo\/image\/\"}}]}<\/script>\n<!-- \/ Yoast SEO plugin. -->","yoast_head_json":{"title":"Monolyth Armario 42U SH8242 800x1200 2F-4V-1B8 - Aivlisoft Inform\u00e1tica","robots":{"index":"index","follow":"follow","max-snippet":"max-snippet:-1","max-image-preview":"max-image-preview:large","max-video-preview":"max-video-preview:-1"},"canonical":"https:\/\/aivlisoft.net\/shop\/producto\/monolyth-armario-42u-sh8242-800x1200-2f-4v-1b8\/","og_locale":"es_ES","og_type":"article","og_title":"Monolyth Armario 42U SH8242 800x1200 2F-4V-1B8 - Aivlisoft Inform\u00e1tica","og_description":"Los armarios rack de suelo de 19&rdquo; Monolyth son perfectos para albergar cualquier tipo de sistema electr&oacute;nico, ya sean dispositivos precisos y sofisticados, o grandes, pesados y voluminosos servidores. Para satisfacer un amplio abanico de necesidades, Monolyth dispone de armarios de suelo de 19&rdquo; con diversas alturas, anchos, fondo y capacidades, desde armarios de 22U&hellip;&nbsp;Monolyth Armario 42U SH8242 800&#215;1200 2F-4V-1B8","og_url":"https:\/\/aivlisoft.net\/shop\/producto\/monolyth-armario-42u-sh8242-800x1200-2f-4v-1b8\/","og_site_name":"Aivlisoft Inform\u00e1tica","article_modified_time":"2025-01-14T10:14:18+00:00","og_image":[{"width":400,"height":400,"url":"https:\/\/aivlisoft.net\/shop\/wp-content\/uploads\/2025\/01\/ANEAAA0122_large-1.jpg","type":"image\/jpeg"}],"twitter_card":"summary_large_image","twitter_misc":{"Tiempo de lectura":"2 minutos"},"schema":{"@context":"https:\/\/schema.org","@graph":[{"@type":"WebPage","@id":"https:\/\/aivlisoft.net\/shop\/producto\/monolyth-armario-42u-sh8242-800x1200-2f-4v-1b8\/","url":"https:\/\/aivlisoft.net\/shop\/producto\/monolyth-armario-42u-sh8242-800x1200-2f-4v-1b8\/","name":"Monolyth Armario 42U SH8242 800x1200 2F-4V-1B8 - Aivlisoft Inform\u00e1tica","isPartOf":{"@id":"https:\/\/aivlisoft.net\/shop\/#website"},"primaryImageOfPage":{"@id":"https:\/\/aivlisoft.net\/shop\/producto\/monolyth-armario-42u-sh8242-800x1200-2f-4v-1b8\/#primaryimage"},"image":{"@id":"https:\/\/aivlisoft.net\/shop\/producto\/monolyth-armario-42u-sh8242-800x1200-2f-4v-1b8\/#primaryimage"},"thumbnailUrl":"https:\/\/aivlisoft.net\/shop\/wp-content\/uploads\/2025\/01\/ANEAAA0122_large-1.jpg","datePublished":"2025-01-13T13:21:20+00:00","dateModified":"2025-01-14T10:14:18+00:00","breadcrumb":{"@id":"https:\/\/aivlisoft.net\/shop\/producto\/monolyth-armario-42u-sh8242-800x1200-2f-4v-1b8\/#breadcrumb"},"inLanguage":"es","potentialAction":[{"@type":"ReadAction","target":["https:\/\/aivlisoft.net\/shop\/producto\/monolyth-armario-42u-sh8242-800x1200-2f-4v-1b8\/"]}]},{"@type":"ImageObject","inLanguage":"es","@id":"https:\/\/aivlisoft.net\/shop\/producto\/monolyth-armario-42u-sh8242-800x1200-2f-4v-1b8\/#primaryimage","url":"https:\/\/aivlisoft.net\/shop\/wp-content\/uploads\/2025\/01\/ANEAAA0122_large-1.jpg","contentUrl":"https:\/\/aivlisoft.net\/shop\/wp-content\/uploads\/2025\/01\/ANEAAA0122_large-1.jpg","width":400,"height":400},{"@type":"BreadcrumbList","@id":"https:\/\/aivlisoft.net\/shop\/producto\/monolyth-armario-42u-sh8242-800x1200-2f-4v-1b8\/#breadcrumb","itemListElement":[{"@type":"ListItem","position":1,"name":"Portada","item":"https:\/\/aivlisoft.net\/shop\/"},{"@type":"ListItem","position":2,"name":"Tienda","item":"https:\/\/aivlisoft.net\/shop\/tienda\/"},{"@type":"ListItem","position":3,"name":"Monolyth Armario 42U SH8242 800&#215;1200 2F-4V-1B8"}]},{"@type":"WebSite","@id":"https:\/\/aivlisoft.net\/shop\/#website","url":"https:\/\/aivlisoft.net\/shop\/","name":"Aivlisoft Inform\u00e1tica","description":"En Aivlisoft Inform\u00e1tica ofrecemos soluciones tecnol\u00f3gicas para empresas: venta de ordenadores, consumibles, perif\u00e9ricos y m\u00e1s. Calidad, atenci\u00f3n personalizada y los mejores precios para tu negocio.","publisher":{"@id":"https:\/\/aivlisoft.net\/shop\/#organization"},"potentialAction":[{"@type":"SearchAction","target":{"@type":"EntryPoint","urlTemplate":"https:\/\/aivlisoft.net\/shop\/?s={search_term_string}"},"query-input":{"@type":"PropertyValueSpecification","valueRequired":true,"valueName":"search_term_string"}}],"inLanguage":"es"},{"@type":"Organization","@id":"https:\/\/aivlisoft.net\/shop\/#organization","name":"Aivlisoft Inform\u00e1tica","url":"https:\/\/aivlisoft.net\/shop\/","logo":{"@type":"ImageObject","inLanguage":"es","@id":"https:\/\/aivlisoft.net\/shop\/#\/schema\/logo\/image\/","url":"https:\/\/aivlisoft.net\/shop\/wp-content\/uploads\/2024\/12\/removal.ai_5b848c54-0cdf-4140-95c5-c5536bb7573b-logodef.png","contentUrl":"https:\/\/aivlisoft.net\/shop\/wp-content\/uploads\/2024\/12\/removal.ai_5b848c54-0cdf-4140-95c5-c5536bb7573b-logodef.png","width":484,"height":182,"caption":"Aivlisoft Inform\u00e1tica"},"image":{"@id":"https:\/\/aivlisoft.net\/shop\/#\/schema\/logo\/image\/"}}]}},"_links":{"self":[{"href":"https:\/\/aivlisoft.net\/shop\/wp-json\/wp\/v2\/product\/4665","targetHints":{"allow":["GET"]}}],"collection":[{"href":"https:\/\/aivlisoft.net\/shop\/wp-json\/wp\/v2\/product"}],"about":[{"href":"https:\/\/aivlisoft.net\/shop\/wp-json\/wp\/v2\/types\/product"}],"wp:featuredmedia":[{"embeddable":true,"href":"https:\/\/aivlisoft.net\/shop\/wp-json\/wp\/v2\/media\/4666"}],"wp:attachment":[{"href":"https:\/\/aivlisoft.net\/shop\/wp-json\/wp\/v2\/media?parent=4665"}],"wp:term":[{"taxonomy":"product_brand","embeddable":true,"href":"https:\/\/aivlisoft.net\/shop\/wp-json\/wp\/v2\/product_brand?post=4665"},{"taxonomy":"product_cat","embeddable":true,"href":"https:\/\/aivlisoft.net\/shop\/wp-json\/wp\/v2\/product_cat?post=4665"},{"taxonomy":"product_tag","embeddable":true,"href":"https:\/\/aivlisoft.net\/shop\/wp-json\/wp\/v2\/product_tag?post=4665"}],"curies":[{"name":"wp","href":"https:\/\/api.w.org\/{rel}","templated":true}]}}