{"id":4645,"date":"2025-01-13T13:21:09","date_gmt":"2025-01-13T13:21:09","guid":{"rendered":"https:\/\/aivlisoft.com\/?post_type=product&#038;p=4645"},"modified":"2025-01-14T10:14:02","modified_gmt":"2025-01-14T10:14:02","slug":"wp-tornillos-tuercas-wpn-ava-ss50-pack-50uds","status":"publish","type":"product","link":"https:\/\/aivlisoft.net\/shop\/producto\/wp-tornillos-tuercas-wpn-ava-ss50-pack-50uds\/","title":{"rendered":"WP Tornillos + Tuercas WPN-AVA-SS50 Pack 50Uds"},"content":{"rendered":"<table class=\"tabla_caracteristicas\" width=\"100%\">\n<tbody>\n<tr>\n<td><strong>Marca<\/strong><\/td>\n<td>WP<\/td>\n<\/tr>\n<tr>\n<td><strong>Modelo<\/strong><\/td>\n<td><strong>WPN-AVA-SS50<\/strong><\/td>\n<\/tr>\n<tr>\n<td><strong>Especificaciones<\/strong><\/td>\n<td>\n<div>&#8211; Kit 50 tornillos para armario rack<\/div>\n<\/td>\n<\/tr>\n<tr>\n<td valign=\"top\"><strong>Caracter&iacute;sticas<\/strong><\/td>\n<td>\n<div>\n<div>&#8211; Este Kit Se Compone De 50 Tornillos, Arandelas Y Tuercas Enjauladas Adecuadas Para La Instalaci&oacute;n De Componentes Y Accesorios De Bastidores.<br \/>\t\t\t&#8211; Color Del Producto: Negro<br \/>\t\t\t&#8211; Tama&ntilde;o: 48,26 Cm (19&quot;)<\/div>\n<\/p><\/div>\n<\/td>\n<\/tr>\n<tr>\n<td><strong>Fecha Revisi&oacute;n<\/strong><\/td>\n<td>17-12-2014 por FE4<\/td>\n<\/tr>\n<\/tbody>\n<\/table>\n","protected":false},"excerpt":{"rendered":"<p>Marca WP Modelo WPN-AVA-SS50 Especificaciones &#8211; Kit 50 tornillos para armario rack Caracter&iacute;sticas &#8211; Este Kit Se Compone De 50 Tornillos, Arandelas Y Tuercas Enjauladas Adecuadas Para La Instalaci&oacute;n De Componentes Y Accesorios De Bastidores. &#8211; Color Del Producto: Negro &#8211; Tama&ntilde;o: 48,26 Cm (19&quot;) Fecha Revisi&oacute;n 17-12-2014 por FE4<\/p>\n","protected":false},"featured_media":4646,"template":"","meta":{"neve_meta_sidebar":"","neve_meta_container":"","neve_meta_enable_content_width":"","neve_meta_content_width":0,"neve_meta_title_alignment":"","neve_meta_author_avatar":"","neve_post_elements_order":"","neve_meta_disable_header":"","neve_meta_disable_footer":"","neve_meta_disable_title":""},"product_brand":[],"product_cat":[8701],"product_tag":[1424],"class_list":{"0":"post-4645","1":"product","2":"type-product","3":"status-publish","4":"has-post-thumbnail","6":"product_cat-armarios-rack-y-accesorios","7":"product_tag-wpn-ava-ss50","9":"first","10":"instock","11":"taxable","12":"shipping-taxable","13":"purchasable","14":"product-type-simple"},"yoast_head":"<!-- This site is optimized with the Yoast SEO plugin v26.0 - https:\/\/yoast.com\/wordpress\/plugins\/seo\/ -->\n<title>WP Tornillos + Tuercas WPN-AVA-SS50 Pack 50Uds - Aivlisoft Inform\u00e1tica<\/title>\n<meta name=\"robots\" content=\"index, follow, max-snippet:-1, max-image-preview:large, max-video-preview:-1\" \/>\n<link rel=\"canonical\" href=\"https:\/\/aivlisoft.net\/shop\/producto\/wp-tornillos-tuercas-wpn-ava-ss50-pack-50uds\/\" \/>\n<meta property=\"og:locale\" content=\"es_ES\" \/>\n<meta property=\"og:type\" content=\"article\" \/>\n<meta property=\"og:title\" content=\"WP Tornillos + Tuercas WPN-AVA-SS50 Pack 50Uds - Aivlisoft Inform\u00e1tica\" \/>\n<meta property=\"og:description\" content=\"Marca WP Modelo WPN-AVA-SS50 Especificaciones &#8211; Kit 50 tornillos para armario rack Caracter&iacute;sticas &#8211; Este Kit Se Compone De 50 Tornillos, Arandelas Y Tuercas Enjauladas Adecuadas Para La Instalaci&oacute;n De Componentes Y Accesorios De Bastidores. &#8211; Color Del Producto: Negro &#8211; Tama&ntilde;o: 48,26 Cm (19&quot;) Fecha Revisi&oacute;n 17-12-2014 por FE4\" \/>\n<meta property=\"og:url\" content=\"https:\/\/aivlisoft.net\/shop\/producto\/wp-tornillos-tuercas-wpn-ava-ss50-pack-50uds\/\" \/>\n<meta property=\"og:site_name\" content=\"Aivlisoft Inform\u00e1tica\" \/>\n<meta property=\"article:modified_time\" content=\"2025-01-14T10:14:02+00:00\" \/>\n<meta property=\"og:image\" content=\"https:\/\/aivlisoft.net\/shop\/wp-content\/uploads\/2025\/01\/ANEAAA0091_800-1.jpg\" \/>\n\t<meta property=\"og:image:width\" content=\"800\" \/>\n\t<meta property=\"og:image:height\" content=\"800\" \/>\n\t<meta property=\"og:image:type\" content=\"image\/jpeg\" \/>\n<meta name=\"twitter:card\" content=\"summary_large_image\" \/>\n<script type=\"application\/ld+json\" class=\"yoast-schema-graph\">{\"@context\":\"https:\/\/schema.org\",\"@graph\":[{\"@type\":\"WebPage\",\"@id\":\"https:\/\/aivlisoft.net\/shop\/producto\/wp-tornillos-tuercas-wpn-ava-ss50-pack-50uds\/\",\"url\":\"https:\/\/aivlisoft.net\/shop\/producto\/wp-tornillos-tuercas-wpn-ava-ss50-pack-50uds\/\",\"name\":\"WP Tornillos + Tuercas WPN-AVA-SS50 Pack 50Uds - Aivlisoft Inform\u00e1tica\",\"isPartOf\":{\"@id\":\"https:\/\/aivlisoft.net\/shop\/#website\"},\"primaryImageOfPage\":{\"@id\":\"https:\/\/aivlisoft.net\/shop\/producto\/wp-tornillos-tuercas-wpn-ava-ss50-pack-50uds\/#primaryimage\"},\"image\":{\"@id\":\"https:\/\/aivlisoft.net\/shop\/producto\/wp-tornillos-tuercas-wpn-ava-ss50-pack-50uds\/#primaryimage\"},\"thumbnailUrl\":\"https:\/\/aivlisoft.net\/shop\/wp-content\/uploads\/2025\/01\/ANEAAA0091_800-1.jpg\",\"datePublished\":\"2025-01-13T13:21:09+00:00\",\"dateModified\":\"2025-01-14T10:14:02+00:00\",\"breadcrumb\":{\"@id\":\"https:\/\/aivlisoft.net\/shop\/producto\/wp-tornillos-tuercas-wpn-ava-ss50-pack-50uds\/#breadcrumb\"},\"inLanguage\":\"es\",\"potentialAction\":[{\"@type\":\"ReadAction\",\"target\":[\"https:\/\/aivlisoft.net\/shop\/producto\/wp-tornillos-tuercas-wpn-ava-ss50-pack-50uds\/\"]}]},{\"@type\":\"ImageObject\",\"inLanguage\":\"es\",\"@id\":\"https:\/\/aivlisoft.net\/shop\/producto\/wp-tornillos-tuercas-wpn-ava-ss50-pack-50uds\/#primaryimage\",\"url\":\"https:\/\/aivlisoft.net\/shop\/wp-content\/uploads\/2025\/01\/ANEAAA0091_800-1.jpg\",\"contentUrl\":\"https:\/\/aivlisoft.net\/shop\/wp-content\/uploads\/2025\/01\/ANEAAA0091_800-1.jpg\",\"width\":800,\"height\":800},{\"@type\":\"BreadcrumbList\",\"@id\":\"https:\/\/aivlisoft.net\/shop\/producto\/wp-tornillos-tuercas-wpn-ava-ss50-pack-50uds\/#breadcrumb\",\"itemListElement\":[{\"@type\":\"ListItem\",\"position\":1,\"name\":\"Portada\",\"item\":\"https:\/\/aivlisoft.net\/shop\/\"},{\"@type\":\"ListItem\",\"position\":2,\"name\":\"Tienda\",\"item\":\"https:\/\/aivlisoft.net\/shop\/tienda\/\"},{\"@type\":\"ListItem\",\"position\":3,\"name\":\"WP Tornillos + Tuercas WPN-AVA-SS50 Pack 50Uds\"}]},{\"@type\":\"WebSite\",\"@id\":\"https:\/\/aivlisoft.net\/shop\/#website\",\"url\":\"https:\/\/aivlisoft.net\/shop\/\",\"name\":\"Aivlisoft Inform\u00e1tica\",\"description\":\"En Aivlisoft Inform\u00e1tica ofrecemos soluciones tecnol\u00f3gicas para empresas: venta de ordenadores, consumibles, perif\u00e9ricos y m\u00e1s. Calidad, atenci\u00f3n personalizada y los mejores precios para tu negocio.\",\"publisher\":{\"@id\":\"https:\/\/aivlisoft.net\/shop\/#organization\"},\"potentialAction\":[{\"@type\":\"SearchAction\",\"target\":{\"@type\":\"EntryPoint\",\"urlTemplate\":\"https:\/\/aivlisoft.net\/shop\/?s={search_term_string}\"},\"query-input\":{\"@type\":\"PropertyValueSpecification\",\"valueRequired\":true,\"valueName\":\"search_term_string\"}}],\"inLanguage\":\"es\"},{\"@type\":\"Organization\",\"@id\":\"https:\/\/aivlisoft.net\/shop\/#organization\",\"name\":\"Aivlisoft Inform\u00e1tica\",\"url\":\"https:\/\/aivlisoft.net\/shop\/\",\"logo\":{\"@type\":\"ImageObject\",\"inLanguage\":\"es\",\"@id\":\"https:\/\/aivlisoft.net\/shop\/#\/schema\/logo\/image\/\",\"url\":\"https:\/\/aivlisoft.net\/shop\/wp-content\/uploads\/2024\/12\/removal.ai_5b848c54-0cdf-4140-95c5-c5536bb7573b-logodef.png\",\"contentUrl\":\"https:\/\/aivlisoft.net\/shop\/wp-content\/uploads\/2024\/12\/removal.ai_5b848c54-0cdf-4140-95c5-c5536bb7573b-logodef.png\",\"width\":484,\"height\":182,\"caption\":\"Aivlisoft Inform\u00e1tica\"},\"image\":{\"@id\":\"https:\/\/aivlisoft.net\/shop\/#\/schema\/logo\/image\/\"}}]}<\/script>\n<!-- \/ Yoast SEO plugin. -->","yoast_head_json":{"title":"WP Tornillos + Tuercas WPN-AVA-SS50 Pack 50Uds - Aivlisoft Inform\u00e1tica","robots":{"index":"index","follow":"follow","max-snippet":"max-snippet:-1","max-image-preview":"max-image-preview:large","max-video-preview":"max-video-preview:-1"},"canonical":"https:\/\/aivlisoft.net\/shop\/producto\/wp-tornillos-tuercas-wpn-ava-ss50-pack-50uds\/","og_locale":"es_ES","og_type":"article","og_title":"WP Tornillos + Tuercas WPN-AVA-SS50 Pack 50Uds - Aivlisoft Inform\u00e1tica","og_description":"Marca WP Modelo WPN-AVA-SS50 Especificaciones &#8211; Kit 50 tornillos para armario rack Caracter&iacute;sticas &#8211; Este Kit Se Compone De 50 Tornillos, Arandelas Y Tuercas Enjauladas Adecuadas Para La Instalaci&oacute;n De Componentes Y Accesorios De Bastidores. &#8211; Color Del Producto: Negro &#8211; Tama&ntilde;o: 48,26 Cm (19&quot;) Fecha Revisi&oacute;n 17-12-2014 por FE4","og_url":"https:\/\/aivlisoft.net\/shop\/producto\/wp-tornillos-tuercas-wpn-ava-ss50-pack-50uds\/","og_site_name":"Aivlisoft Inform\u00e1tica","article_modified_time":"2025-01-14T10:14:02+00:00","og_image":[{"width":800,"height":800,"url":"https:\/\/aivlisoft.net\/shop\/wp-content\/uploads\/2025\/01\/ANEAAA0091_800-1.jpg","type":"image\/jpeg"}],"twitter_card":"summary_large_image","schema":{"@context":"https:\/\/schema.org","@graph":[{"@type":"WebPage","@id":"https:\/\/aivlisoft.net\/shop\/producto\/wp-tornillos-tuercas-wpn-ava-ss50-pack-50uds\/","url":"https:\/\/aivlisoft.net\/shop\/producto\/wp-tornillos-tuercas-wpn-ava-ss50-pack-50uds\/","name":"WP Tornillos + Tuercas WPN-AVA-SS50 Pack 50Uds - Aivlisoft Inform\u00e1tica","isPartOf":{"@id":"https:\/\/aivlisoft.net\/shop\/#website"},"primaryImageOfPage":{"@id":"https:\/\/aivlisoft.net\/shop\/producto\/wp-tornillos-tuercas-wpn-ava-ss50-pack-50uds\/#primaryimage"},"image":{"@id":"https:\/\/aivlisoft.net\/shop\/producto\/wp-tornillos-tuercas-wpn-ava-ss50-pack-50uds\/#primaryimage"},"thumbnailUrl":"https:\/\/aivlisoft.net\/shop\/wp-content\/uploads\/2025\/01\/ANEAAA0091_800-1.jpg","datePublished":"2025-01-13T13:21:09+00:00","dateModified":"2025-01-14T10:14:02+00:00","breadcrumb":{"@id":"https:\/\/aivlisoft.net\/shop\/producto\/wp-tornillos-tuercas-wpn-ava-ss50-pack-50uds\/#breadcrumb"},"inLanguage":"es","potentialAction":[{"@type":"ReadAction","target":["https:\/\/aivlisoft.net\/shop\/producto\/wp-tornillos-tuercas-wpn-ava-ss50-pack-50uds\/"]}]},{"@type":"ImageObject","inLanguage":"es","@id":"https:\/\/aivlisoft.net\/shop\/producto\/wp-tornillos-tuercas-wpn-ava-ss50-pack-50uds\/#primaryimage","url":"https:\/\/aivlisoft.net\/shop\/wp-content\/uploads\/2025\/01\/ANEAAA0091_800-1.jpg","contentUrl":"https:\/\/aivlisoft.net\/shop\/wp-content\/uploads\/2025\/01\/ANEAAA0091_800-1.jpg","width":800,"height":800},{"@type":"BreadcrumbList","@id":"https:\/\/aivlisoft.net\/shop\/producto\/wp-tornillos-tuercas-wpn-ava-ss50-pack-50uds\/#breadcrumb","itemListElement":[{"@type":"ListItem","position":1,"name":"Portada","item":"https:\/\/aivlisoft.net\/shop\/"},{"@type":"ListItem","position":2,"name":"Tienda","item":"https:\/\/aivlisoft.net\/shop\/tienda\/"},{"@type":"ListItem","position":3,"name":"WP Tornillos + Tuercas WPN-AVA-SS50 Pack 50Uds"}]},{"@type":"WebSite","@id":"https:\/\/aivlisoft.net\/shop\/#website","url":"https:\/\/aivlisoft.net\/shop\/","name":"Aivlisoft Inform\u00e1tica","description":"En Aivlisoft Inform\u00e1tica ofrecemos soluciones tecnol\u00f3gicas para empresas: venta de ordenadores, consumibles, perif\u00e9ricos y m\u00e1s. Calidad, atenci\u00f3n personalizada y los mejores precios para tu negocio.","publisher":{"@id":"https:\/\/aivlisoft.net\/shop\/#organization"},"potentialAction":[{"@type":"SearchAction","target":{"@type":"EntryPoint","urlTemplate":"https:\/\/aivlisoft.net\/shop\/?s={search_term_string}"},"query-input":{"@type":"PropertyValueSpecification","valueRequired":true,"valueName":"search_term_string"}}],"inLanguage":"es"},{"@type":"Organization","@id":"https:\/\/aivlisoft.net\/shop\/#organization","name":"Aivlisoft Inform\u00e1tica","url":"https:\/\/aivlisoft.net\/shop\/","logo":{"@type":"ImageObject","inLanguage":"es","@id":"https:\/\/aivlisoft.net\/shop\/#\/schema\/logo\/image\/","url":"https:\/\/aivlisoft.net\/shop\/wp-content\/uploads\/2024\/12\/removal.ai_5b848c54-0cdf-4140-95c5-c5536bb7573b-logodef.png","contentUrl":"https:\/\/aivlisoft.net\/shop\/wp-content\/uploads\/2024\/12\/removal.ai_5b848c54-0cdf-4140-95c5-c5536bb7573b-logodef.png","width":484,"height":182,"caption":"Aivlisoft Inform\u00e1tica"},"image":{"@id":"https:\/\/aivlisoft.net\/shop\/#\/schema\/logo\/image\/"}}]}},"_links":{"self":[{"href":"https:\/\/aivlisoft.net\/shop\/wp-json\/wp\/v2\/product\/4645","targetHints":{"allow":["GET"]}}],"collection":[{"href":"https:\/\/aivlisoft.net\/shop\/wp-json\/wp\/v2\/product"}],"about":[{"href":"https:\/\/aivlisoft.net\/shop\/wp-json\/wp\/v2\/types\/product"}],"wp:featuredmedia":[{"embeddable":true,"href":"https:\/\/aivlisoft.net\/shop\/wp-json\/wp\/v2\/media\/4646"}],"wp:attachment":[{"href":"https:\/\/aivlisoft.net\/shop\/wp-json\/wp\/v2\/media?parent=4645"}],"wp:term":[{"taxonomy":"product_brand","embeddable":true,"href":"https:\/\/aivlisoft.net\/shop\/wp-json\/wp\/v2\/product_brand?post=4645"},{"taxonomy":"product_cat","embeddable":true,"href":"https:\/\/aivlisoft.net\/shop\/wp-json\/wp\/v2\/product_cat?post=4645"},{"taxonomy":"product_tag","embeddable":true,"href":"https:\/\/aivlisoft.net\/shop\/wp-json\/wp\/v2\/product_tag?post=4645"}],"curies":[{"name":"wp","href":"https:\/\/api.w.org\/{rel}","templated":true}]}}