{"id":4639,"date":"2025-01-13T13:21:08","date_gmt":"2025-01-13T13:21:08","guid":{"rendered":"https:\/\/aivlisoft.com\/?post_type=product&#038;p=4639"},"modified":"2025-01-14T10:14:00","modified_gmt":"2025-01-14T10:14:00","slug":"monolyth-termoregulador-digital-2-ventiladores-1u","status":"publish","type":"product","link":"https:\/\/aivlisoft.net\/shop\/producto\/monolyth-termoregulador-digital-2-ventiladores-1u\/","title":{"rendered":"Monolyth Termoregulador Digital  2 Ventiladores 1U"},"content":{"rendered":"<div>\n<div>Monolyth dispone de termorreguladores y termostatos digitales con control digital de tiempo y temperatura, mediante display e interruptores, que pueden venir instalados en armarios de suelo y murales.<br \/>Incorporan sonda externa para medir la temperatura del rack y conexi&oacute;n al sistema de ventilaci&oacute;n para regularla en funci&oacute;n de la temperatura interior del armario.<br \/>Permiten programar la activaci&oacute;n de los ventiladores a partir de una temperatura concreta. Si el armario dispone de ventilaci&oacute;n el termorregulador simple es suficiente para optimizar la refrigeraci&oacute;n del armario, pero si no disponemos de bandeja de ventiladores o necesitamos un extra en ventilaci&oacute;n podemos incorporar un termostato con 2 &oacute; 4 ventiladores.<\/div>\n<div>&nbsp;<\/div>\n<\/div>\n<p><\/p>\n<table class=\"tabla_caracteristicas\" width=\"100%\">\n<tbody>\n<tr>\n<td><strong>Marca<\/strong><\/td>\n<td>Monolyth<\/td>\n<\/tr>\n<tr>\n<td><strong>Modelo<\/strong><\/td>\n<td><strong>3040001<\/strong><\/td>\n<\/tr>\n<tr>\n<td><strong>Especificaciones<\/strong><\/td>\n<td>\n<div>&#8211; Sistema Termostato 2 Ventiladores<\/div>\n<\/td>\n<\/tr>\n<tr>\n<td valign=\"top\"><strong>Caracter&iacute;sticas<\/strong><\/td>\n<td>\n<div>&#8211; 2 Ventiladores<\/div>\n<div>&#8211; Tama&ntilde;o: 1 U<\/div>\n<div>&#8211; Posici&oacute;n Frontal<br \/>\t\t\t&#8211; V&aacute;lido para todos los armarios<br \/>\t\t\t&#8211; Temperatura de trabajo de -10&ordm;C a +55&ordm;C<br \/>\t\t\t&#8211; Protecci&oacute;n: EN 60 529, IP 20 &#8211; Fijaci&oacute;n: Frontal<br \/>\t\t\t&#8211; Fondo: 140 mm. (sin ventiladores), 185 mm. (2 ventiladores)<br \/>\t\t\t&nbsp; 340 mm. (4 ventiladores).<br \/>\t\t\t&#8211; Potencia m&aacute;xima soportada: 2.000W<br \/>\t\t\t&#8211; Incluye: cable de alimentaci&oacute;n, torniller&iacute;a para la fijaci&oacute;n, visor<br \/>\t\t\tcontrol\/programaci&oacute;n de control digital LCD de temperatura y<br \/>\t\t\ttiempo con 4 pulsadores.<br \/>\t\t\t&#8211; La altura de todos nuestros sistemas y unidades de ventilaci&oacute;n<br \/>\t\t\tes de tan s&oacute;lo 1U, para aprovechar al m&aacute;ximo el espacio de sus<br \/>\t\t\tarmarios y est&aacute;n fabricados en acero de color negro.<\/div>\n<\/td>\n<\/tr>\n<tr>\n<td><strong>Fecha Revisi&oacute;n<\/strong><\/td>\n<td>16-12-2014 por FE4<\/td>\n<\/tr>\n<\/tbody>\n<\/table>\n","protected":false},"excerpt":{"rendered":"<p>Monolyth dispone de termorreguladores y termostatos digitales con control digital de tiempo y temperatura, mediante display e interruptores, que pueden venir instalados en armarios de suelo y murales.Incorporan sonda externa para medir la temperatura del rack y conexi&oacute;n al sistema de ventilaci&oacute;n para regularla en funci&oacute;n de la temperatura interior del armario.Permiten programar la activaci&oacute;n&hellip;&nbsp;<a href=\"https:\/\/aivlisoft.net\/shop\/producto\/monolyth-termoregulador-digital-2-ventiladores-1u\/\" rel=\"bookmark\"><span class=\"screen-reader-text\">Monolyth Termoregulador Digital  2 Ventiladores 1U<\/span><\/a><\/p>\n","protected":false},"featured_media":4640,"template":"","meta":{"neve_meta_sidebar":"","neve_meta_container":"","neve_meta_enable_content_width":"","neve_meta_content_width":0,"neve_meta_title_alignment":"","neve_meta_author_avatar":"","neve_post_elements_order":"","neve_meta_disable_header":"","neve_meta_disable_footer":"","neve_meta_disable_title":""},"product_brand":[],"product_cat":[8701],"product_tag":[1421],"class_list":{"0":"post-4639","1":"product","2":"type-product","3":"status-publish","4":"has-post-thumbnail","6":"product_cat-armarios-rack-y-accesorios","7":"product_tag-1421","9":"first","10":"instock","11":"taxable","12":"shipping-taxable","13":"purchasable","14":"product-type-simple"},"yoast_head":"<!-- This site is optimized with the Yoast SEO plugin v26.0 - https:\/\/yoast.com\/wordpress\/plugins\/seo\/ -->\n<title>Monolyth Termoregulador Digital 2 Ventiladores 1U - Aivlisoft Inform\u00e1tica<\/title>\n<meta name=\"robots\" content=\"index, follow, max-snippet:-1, max-image-preview:large, max-video-preview:-1\" \/>\n<link rel=\"canonical\" href=\"https:\/\/aivlisoft.net\/shop\/producto\/monolyth-termoregulador-digital-2-ventiladores-1u\/\" \/>\n<meta property=\"og:locale\" content=\"es_ES\" \/>\n<meta property=\"og:type\" content=\"article\" \/>\n<meta property=\"og:title\" content=\"Monolyth Termoregulador Digital 2 Ventiladores 1U - Aivlisoft Inform\u00e1tica\" \/>\n<meta property=\"og:description\" content=\"Monolyth dispone de termorreguladores y termostatos digitales con control digital de tiempo y temperatura, mediante display e interruptores, que pueden venir instalados en armarios de suelo y murales.Incorporan sonda externa para medir la temperatura del rack y conexi&oacute;n al sistema de ventilaci&oacute;n para regularla en funci&oacute;n de la temperatura interior del armario.Permiten programar la activaci&oacute;n&hellip;&nbsp;Monolyth Termoregulador Digital 2 Ventiladores 1U\" \/>\n<meta property=\"og:url\" content=\"https:\/\/aivlisoft.net\/shop\/producto\/monolyth-termoregulador-digital-2-ventiladores-1u\/\" \/>\n<meta property=\"og:site_name\" content=\"Aivlisoft Inform\u00e1tica\" \/>\n<meta property=\"article:modified_time\" content=\"2025-01-14T10:14:00+00:00\" \/>\n<meta property=\"og:image\" content=\"https:\/\/aivlisoft.net\/shop\/wp-content\/uploads\/2025\/01\/ANEAAA0081_large-1.jpg\" \/>\n\t<meta property=\"og:image:width\" content=\"400\" \/>\n\t<meta property=\"og:image:height\" content=\"400\" \/>\n\t<meta property=\"og:image:type\" content=\"image\/jpeg\" \/>\n<meta name=\"twitter:card\" content=\"summary_large_image\" \/>\n<meta name=\"twitter:label1\" content=\"Tiempo de lectura\" \/>\n\t<meta name=\"twitter:data1\" content=\"1 minuto\" \/>\n<script type=\"application\/ld+json\" class=\"yoast-schema-graph\">{\"@context\":\"https:\/\/schema.org\",\"@graph\":[{\"@type\":\"WebPage\",\"@id\":\"https:\/\/aivlisoft.net\/shop\/producto\/monolyth-termoregulador-digital-2-ventiladores-1u\/\",\"url\":\"https:\/\/aivlisoft.net\/shop\/producto\/monolyth-termoregulador-digital-2-ventiladores-1u\/\",\"name\":\"Monolyth Termoregulador Digital 2 Ventiladores 1U - Aivlisoft Inform\u00e1tica\",\"isPartOf\":{\"@id\":\"https:\/\/aivlisoft.net\/shop\/#website\"},\"primaryImageOfPage\":{\"@id\":\"https:\/\/aivlisoft.net\/shop\/producto\/monolyth-termoregulador-digital-2-ventiladores-1u\/#primaryimage\"},\"image\":{\"@id\":\"https:\/\/aivlisoft.net\/shop\/producto\/monolyth-termoregulador-digital-2-ventiladores-1u\/#primaryimage\"},\"thumbnailUrl\":\"https:\/\/aivlisoft.net\/shop\/wp-content\/uploads\/2025\/01\/ANEAAA0081_large-1.jpg\",\"datePublished\":\"2025-01-13T13:21:08+00:00\",\"dateModified\":\"2025-01-14T10:14:00+00:00\",\"breadcrumb\":{\"@id\":\"https:\/\/aivlisoft.net\/shop\/producto\/monolyth-termoregulador-digital-2-ventiladores-1u\/#breadcrumb\"},\"inLanguage\":\"es\",\"potentialAction\":[{\"@type\":\"ReadAction\",\"target\":[\"https:\/\/aivlisoft.net\/shop\/producto\/monolyth-termoregulador-digital-2-ventiladores-1u\/\"]}]},{\"@type\":\"ImageObject\",\"inLanguage\":\"es\",\"@id\":\"https:\/\/aivlisoft.net\/shop\/producto\/monolyth-termoregulador-digital-2-ventiladores-1u\/#primaryimage\",\"url\":\"https:\/\/aivlisoft.net\/shop\/wp-content\/uploads\/2025\/01\/ANEAAA0081_large-1.jpg\",\"contentUrl\":\"https:\/\/aivlisoft.net\/shop\/wp-content\/uploads\/2025\/01\/ANEAAA0081_large-1.jpg\",\"width\":400,\"height\":400},{\"@type\":\"BreadcrumbList\",\"@id\":\"https:\/\/aivlisoft.net\/shop\/producto\/monolyth-termoregulador-digital-2-ventiladores-1u\/#breadcrumb\",\"itemListElement\":[{\"@type\":\"ListItem\",\"position\":1,\"name\":\"Portada\",\"item\":\"https:\/\/aivlisoft.net\/shop\/\"},{\"@type\":\"ListItem\",\"position\":2,\"name\":\"Tienda\",\"item\":\"https:\/\/aivlisoft.net\/shop\/tienda\/\"},{\"@type\":\"ListItem\",\"position\":3,\"name\":\"Monolyth Termoregulador Digital 2 Ventiladores 1U\"}]},{\"@type\":\"WebSite\",\"@id\":\"https:\/\/aivlisoft.net\/shop\/#website\",\"url\":\"https:\/\/aivlisoft.net\/shop\/\",\"name\":\"Aivlisoft Inform\u00e1tica\",\"description\":\"En Aivlisoft Inform\u00e1tica ofrecemos soluciones tecnol\u00f3gicas para empresas: venta de ordenadores, consumibles, perif\u00e9ricos y m\u00e1s. Calidad, atenci\u00f3n personalizada y los mejores precios para tu negocio.\",\"publisher\":{\"@id\":\"https:\/\/aivlisoft.net\/shop\/#organization\"},\"potentialAction\":[{\"@type\":\"SearchAction\",\"target\":{\"@type\":\"EntryPoint\",\"urlTemplate\":\"https:\/\/aivlisoft.net\/shop\/?s={search_term_string}\"},\"query-input\":{\"@type\":\"PropertyValueSpecification\",\"valueRequired\":true,\"valueName\":\"search_term_string\"}}],\"inLanguage\":\"es\"},{\"@type\":\"Organization\",\"@id\":\"https:\/\/aivlisoft.net\/shop\/#organization\",\"name\":\"Aivlisoft Inform\u00e1tica\",\"url\":\"https:\/\/aivlisoft.net\/shop\/\",\"logo\":{\"@type\":\"ImageObject\",\"inLanguage\":\"es\",\"@id\":\"https:\/\/aivlisoft.net\/shop\/#\/schema\/logo\/image\/\",\"url\":\"https:\/\/aivlisoft.net\/shop\/wp-content\/uploads\/2024\/12\/removal.ai_5b848c54-0cdf-4140-95c5-c5536bb7573b-logodef.png\",\"contentUrl\":\"https:\/\/aivlisoft.net\/shop\/wp-content\/uploads\/2024\/12\/removal.ai_5b848c54-0cdf-4140-95c5-c5536bb7573b-logodef.png\",\"width\":484,\"height\":182,\"caption\":\"Aivlisoft Inform\u00e1tica\"},\"image\":{\"@id\":\"https:\/\/aivlisoft.net\/shop\/#\/schema\/logo\/image\/\"}}]}<\/script>\n<!-- \/ Yoast SEO plugin. -->","yoast_head_json":{"title":"Monolyth Termoregulador Digital 2 Ventiladores 1U - Aivlisoft Inform\u00e1tica","robots":{"index":"index","follow":"follow","max-snippet":"max-snippet:-1","max-image-preview":"max-image-preview:large","max-video-preview":"max-video-preview:-1"},"canonical":"https:\/\/aivlisoft.net\/shop\/producto\/monolyth-termoregulador-digital-2-ventiladores-1u\/","og_locale":"es_ES","og_type":"article","og_title":"Monolyth Termoregulador Digital 2 Ventiladores 1U - Aivlisoft Inform\u00e1tica","og_description":"Monolyth dispone de termorreguladores y termostatos digitales con control digital de tiempo y temperatura, mediante display e interruptores, que pueden venir instalados en armarios de suelo y murales.Incorporan sonda externa para medir la temperatura del rack y conexi&oacute;n al sistema de ventilaci&oacute;n para regularla en funci&oacute;n de la temperatura interior del armario.Permiten programar la activaci&oacute;n&hellip;&nbsp;Monolyth Termoregulador Digital 2 Ventiladores 1U","og_url":"https:\/\/aivlisoft.net\/shop\/producto\/monolyth-termoregulador-digital-2-ventiladores-1u\/","og_site_name":"Aivlisoft Inform\u00e1tica","article_modified_time":"2025-01-14T10:14:00+00:00","og_image":[{"width":400,"height":400,"url":"https:\/\/aivlisoft.net\/shop\/wp-content\/uploads\/2025\/01\/ANEAAA0081_large-1.jpg","type":"image\/jpeg"}],"twitter_card":"summary_large_image","twitter_misc":{"Tiempo de lectura":"1 minuto"},"schema":{"@context":"https:\/\/schema.org","@graph":[{"@type":"WebPage","@id":"https:\/\/aivlisoft.net\/shop\/producto\/monolyth-termoregulador-digital-2-ventiladores-1u\/","url":"https:\/\/aivlisoft.net\/shop\/producto\/monolyth-termoregulador-digital-2-ventiladores-1u\/","name":"Monolyth Termoregulador Digital 2 Ventiladores 1U - Aivlisoft Inform\u00e1tica","isPartOf":{"@id":"https:\/\/aivlisoft.net\/shop\/#website"},"primaryImageOfPage":{"@id":"https:\/\/aivlisoft.net\/shop\/producto\/monolyth-termoregulador-digital-2-ventiladores-1u\/#primaryimage"},"image":{"@id":"https:\/\/aivlisoft.net\/shop\/producto\/monolyth-termoregulador-digital-2-ventiladores-1u\/#primaryimage"},"thumbnailUrl":"https:\/\/aivlisoft.net\/shop\/wp-content\/uploads\/2025\/01\/ANEAAA0081_large-1.jpg","datePublished":"2025-01-13T13:21:08+00:00","dateModified":"2025-01-14T10:14:00+00:00","breadcrumb":{"@id":"https:\/\/aivlisoft.net\/shop\/producto\/monolyth-termoregulador-digital-2-ventiladores-1u\/#breadcrumb"},"inLanguage":"es","potentialAction":[{"@type":"ReadAction","target":["https:\/\/aivlisoft.net\/shop\/producto\/monolyth-termoregulador-digital-2-ventiladores-1u\/"]}]},{"@type":"ImageObject","inLanguage":"es","@id":"https:\/\/aivlisoft.net\/shop\/producto\/monolyth-termoregulador-digital-2-ventiladores-1u\/#primaryimage","url":"https:\/\/aivlisoft.net\/shop\/wp-content\/uploads\/2025\/01\/ANEAAA0081_large-1.jpg","contentUrl":"https:\/\/aivlisoft.net\/shop\/wp-content\/uploads\/2025\/01\/ANEAAA0081_large-1.jpg","width":400,"height":400},{"@type":"BreadcrumbList","@id":"https:\/\/aivlisoft.net\/shop\/producto\/monolyth-termoregulador-digital-2-ventiladores-1u\/#breadcrumb","itemListElement":[{"@type":"ListItem","position":1,"name":"Portada","item":"https:\/\/aivlisoft.net\/shop\/"},{"@type":"ListItem","position":2,"name":"Tienda","item":"https:\/\/aivlisoft.net\/shop\/tienda\/"},{"@type":"ListItem","position":3,"name":"Monolyth Termoregulador Digital 2 Ventiladores 1U"}]},{"@type":"WebSite","@id":"https:\/\/aivlisoft.net\/shop\/#website","url":"https:\/\/aivlisoft.net\/shop\/","name":"Aivlisoft Inform\u00e1tica","description":"En Aivlisoft Inform\u00e1tica ofrecemos soluciones tecnol\u00f3gicas para empresas: venta de ordenadores, consumibles, perif\u00e9ricos y m\u00e1s. Calidad, atenci\u00f3n personalizada y los mejores precios para tu negocio.","publisher":{"@id":"https:\/\/aivlisoft.net\/shop\/#organization"},"potentialAction":[{"@type":"SearchAction","target":{"@type":"EntryPoint","urlTemplate":"https:\/\/aivlisoft.net\/shop\/?s={search_term_string}"},"query-input":{"@type":"PropertyValueSpecification","valueRequired":true,"valueName":"search_term_string"}}],"inLanguage":"es"},{"@type":"Organization","@id":"https:\/\/aivlisoft.net\/shop\/#organization","name":"Aivlisoft Inform\u00e1tica","url":"https:\/\/aivlisoft.net\/shop\/","logo":{"@type":"ImageObject","inLanguage":"es","@id":"https:\/\/aivlisoft.net\/shop\/#\/schema\/logo\/image\/","url":"https:\/\/aivlisoft.net\/shop\/wp-content\/uploads\/2024\/12\/removal.ai_5b848c54-0cdf-4140-95c5-c5536bb7573b-logodef.png","contentUrl":"https:\/\/aivlisoft.net\/shop\/wp-content\/uploads\/2024\/12\/removal.ai_5b848c54-0cdf-4140-95c5-c5536bb7573b-logodef.png","width":484,"height":182,"caption":"Aivlisoft Inform\u00e1tica"},"image":{"@id":"https:\/\/aivlisoft.net\/shop\/#\/schema\/logo\/image\/"}}]}},"_links":{"self":[{"href":"https:\/\/aivlisoft.net\/shop\/wp-json\/wp\/v2\/product\/4639","targetHints":{"allow":["GET"]}}],"collection":[{"href":"https:\/\/aivlisoft.net\/shop\/wp-json\/wp\/v2\/product"}],"about":[{"href":"https:\/\/aivlisoft.net\/shop\/wp-json\/wp\/v2\/types\/product"}],"wp:featuredmedia":[{"embeddable":true,"href":"https:\/\/aivlisoft.net\/shop\/wp-json\/wp\/v2\/media\/4640"}],"wp:attachment":[{"href":"https:\/\/aivlisoft.net\/shop\/wp-json\/wp\/v2\/media?parent=4639"}],"wp:term":[{"taxonomy":"product_brand","embeddable":true,"href":"https:\/\/aivlisoft.net\/shop\/wp-json\/wp\/v2\/product_brand?post=4639"},{"taxonomy":"product_cat","embeddable":true,"href":"https:\/\/aivlisoft.net\/shop\/wp-json\/wp\/v2\/product_cat?post=4639"},{"taxonomy":"product_tag","embeddable":true,"href":"https:\/\/aivlisoft.net\/shop\/wp-json\/wp\/v2\/product_tag?post=4639"}],"curies":[{"name":"wp","href":"https:\/\/api.w.org\/{rel}","templated":true}]}}