{"id":4633,"date":"2025-01-13T13:21:04","date_gmt":"2025-01-13T13:21:04","guid":{"rendered":"https:\/\/aivlisoft.com\/?post_type=product&#038;p=4633"},"modified":"2025-01-14T10:13:55","modified_gmt":"2025-01-14T10:13:55","slug":"wp-armario-mural-12u-rwa-12604-540x450x580mm","status":"publish","type":"product","link":"https:\/\/aivlisoft.net\/shop\/producto\/wp-armario-mural-12u-rwa-12604-540x450x580mm\/","title":{"rendered":"WP Armario Mural 12U RWA-12604 540x450x580mm"},"content":{"rendered":"<p>La pared serie RWA montado armario rack es la mejor soluci&oacute;n de nivel de entrada para las peque&ntilde;as instalaciones en entornos de TI.<br \/>El bastidor soldado y la estructura robusta y segura permite tanto el montaje en pared y colocaci&oacute;n en el suelo.<\/p>\n<table class=\"tabla_caracteristicas\" width=\"100%\">\n<tr>\n<td valign=\"top\" width=\"35%\"><b>Marca<\/b><\/td>\n<td valign=\"top\">WP<\/td>\n<\/tr>\n<tr>\n<td valign=\"top\" width=\"35%\"><b>Modelo<\/b><\/td>\n<td valign=\"top\"><strong>RWA-12604-B<\/strong><\/td>\n<\/tr>\n<tr>\n<td valign=\"top\" width=\"35%\"><b>Especificaciones<\/b><\/td>\n<td valign=\"top\">\n<div>&#8211; 1,5 mm s&oacute;lida estructura de acero<br \/>\t\t\t&#8211; Una puerta de vidrio se abre a 180 &deg; y tiene una cerradura y llave<br \/>\t\t\t&#8211; La direcci&oacute;n de la abertura de la puerta se puede cambiar seg&uacute;n sea necesario<br \/>\t\t\t&#8211; Paneles laterales desmontables para facilitar la instalaci&oacute;n de los equipos<br \/>\t\t\t&#8211; Entrada de cables en la parte superior e inferior<br \/>\t\t\t&#8211; Vivienda para ventiladores de 120mm o kit especial de ventilaci&oacute;n en el techo.<br \/>\t\t\t&#8211; Capacidad de carga de hasta 50 kg<br \/>\t\t\t&#8211; Terminar con 4 carriles con profundidad ajustable<br \/>\t\t\t&#8211; Dimensiones An x P: 540x450x580mm<br \/>\t\t\t&#8211; 12 juegos de tornillos incluidos (tuercas tornillos + jaula)<br \/>\t\t\t&#8211; Color: Negro, RAL 9005<br \/>\t\t\t&#8211; Unidad: 12<br \/>\t\t\t&#8211; IP 20 Clase de protecci&oacute;n<\/div>\n<\/td>\n<\/tr>\n<tr>\n<td valign=\"top\"><b>Fecha Revisi&oacute;n<\/b><\/td>\n<td valign=\"top\">27-06-2014 por JES<\/td>\n<\/tr>\n<\/table>\n","protected":false},"excerpt":{"rendered":"<p>La pared serie RWA montado armario rack es la mejor soluci&oacute;n de nivel de entrada para las peque&ntilde;as instalaciones en entornos de TI.El bastidor soldado y la estructura robusta y segura permite tanto el montaje en pared y colocaci&oacute;n en el suelo. Marca WP Modelo RWA-12604-B Especificaciones &#8211; 1,5 mm s&oacute;lida estructura de acero &#8211;&hellip;&nbsp;<a href=\"https:\/\/aivlisoft.net\/shop\/producto\/wp-armario-mural-12u-rwa-12604-540x450x580mm\/\" rel=\"bookmark\"><span class=\"screen-reader-text\">WP Armario Mural 12U RWA-12604 540x450x580mm<\/span><\/a><\/p>\n","protected":false},"featured_media":4634,"template":"","meta":{"neve_meta_sidebar":"","neve_meta_container":"","neve_meta_enable_content_width":"","neve_meta_content_width":0,"neve_meta_title_alignment":"","neve_meta_author_avatar":"","neve_post_elements_order":"","neve_meta_disable_header":"","neve_meta_disable_footer":"","neve_meta_disable_title":""},"product_brand":[],"product_cat":[8701],"product_tag":[1418],"class_list":{"0":"post-4633","1":"product","2":"type-product","3":"status-publish","4":"has-post-thumbnail","6":"product_cat-armarios-rack-y-accesorios","7":"product_tag-wpn-rwa-12604-b","9":"first","10":"instock","11":"taxable","12":"shipping-taxable","13":"purchasable","14":"product-type-simple"},"yoast_head":"<!-- This site is optimized with the Yoast SEO plugin v26.0 - https:\/\/yoast.com\/wordpress\/plugins\/seo\/ -->\n<title>WP Armario Mural 12U RWA-12604 540x450x580mm - Aivlisoft Inform\u00e1tica<\/title>\n<meta name=\"robots\" content=\"index, follow, max-snippet:-1, max-image-preview:large, max-video-preview:-1\" \/>\n<link rel=\"canonical\" href=\"https:\/\/aivlisoft.net\/shop\/producto\/wp-armario-mural-12u-rwa-12604-540x450x580mm\/\" \/>\n<meta property=\"og:locale\" content=\"es_ES\" \/>\n<meta property=\"og:type\" content=\"article\" \/>\n<meta property=\"og:title\" content=\"WP Armario Mural 12U RWA-12604 540x450x580mm - Aivlisoft Inform\u00e1tica\" \/>\n<meta property=\"og:description\" content=\"La pared serie RWA montado armario rack es la mejor soluci&oacute;n de nivel de entrada para las peque&ntilde;as instalaciones en entornos de TI.El bastidor soldado y la estructura robusta y segura permite tanto el montaje en pared y colocaci&oacute;n en el suelo. Marca WP Modelo RWA-12604-B Especificaciones &#8211; 1,5 mm s&oacute;lida estructura de acero &#8211;&hellip;&nbsp;WP Armario Mural 12U RWA-12604 540x450x580mm\" \/>\n<meta property=\"og:url\" content=\"https:\/\/aivlisoft.net\/shop\/producto\/wp-armario-mural-12u-rwa-12604-540x450x580mm\/\" \/>\n<meta property=\"og:site_name\" content=\"Aivlisoft Inform\u00e1tica\" \/>\n<meta property=\"article:modified_time\" content=\"2025-01-14T10:13:55+00:00\" \/>\n<meta property=\"og:image\" content=\"https:\/\/aivlisoft.net\/shop\/wp-content\/uploads\/2025\/01\/ANEAAA0064_800-1.jpg\" \/>\n\t<meta property=\"og:image:width\" content=\"800\" \/>\n\t<meta property=\"og:image:height\" content=\"800\" \/>\n\t<meta property=\"og:image:type\" content=\"image\/jpeg\" \/>\n<meta name=\"twitter:card\" content=\"summary_large_image\" \/>\n<meta name=\"twitter:label1\" content=\"Tiempo de lectura\" \/>\n\t<meta name=\"twitter:data1\" content=\"1 minuto\" \/>\n<script type=\"application\/ld+json\" class=\"yoast-schema-graph\">{\"@context\":\"https:\/\/schema.org\",\"@graph\":[{\"@type\":\"WebPage\",\"@id\":\"https:\/\/aivlisoft.net\/shop\/producto\/wp-armario-mural-12u-rwa-12604-540x450x580mm\/\",\"url\":\"https:\/\/aivlisoft.net\/shop\/producto\/wp-armario-mural-12u-rwa-12604-540x450x580mm\/\",\"name\":\"WP Armario Mural 12U RWA-12604 540x450x580mm - Aivlisoft Inform\u00e1tica\",\"isPartOf\":{\"@id\":\"https:\/\/aivlisoft.net\/shop\/#website\"},\"primaryImageOfPage\":{\"@id\":\"https:\/\/aivlisoft.net\/shop\/producto\/wp-armario-mural-12u-rwa-12604-540x450x580mm\/#primaryimage\"},\"image\":{\"@id\":\"https:\/\/aivlisoft.net\/shop\/producto\/wp-armario-mural-12u-rwa-12604-540x450x580mm\/#primaryimage\"},\"thumbnailUrl\":\"https:\/\/aivlisoft.net\/shop\/wp-content\/uploads\/2025\/01\/ANEAAA0064_800-1.jpg\",\"datePublished\":\"2025-01-13T13:21:04+00:00\",\"dateModified\":\"2025-01-14T10:13:55+00:00\",\"breadcrumb\":{\"@id\":\"https:\/\/aivlisoft.net\/shop\/producto\/wp-armario-mural-12u-rwa-12604-540x450x580mm\/#breadcrumb\"},\"inLanguage\":\"es\",\"potentialAction\":[{\"@type\":\"ReadAction\",\"target\":[\"https:\/\/aivlisoft.net\/shop\/producto\/wp-armario-mural-12u-rwa-12604-540x450x580mm\/\"]}]},{\"@type\":\"ImageObject\",\"inLanguage\":\"es\",\"@id\":\"https:\/\/aivlisoft.net\/shop\/producto\/wp-armario-mural-12u-rwa-12604-540x450x580mm\/#primaryimage\",\"url\":\"https:\/\/aivlisoft.net\/shop\/wp-content\/uploads\/2025\/01\/ANEAAA0064_800-1.jpg\",\"contentUrl\":\"https:\/\/aivlisoft.net\/shop\/wp-content\/uploads\/2025\/01\/ANEAAA0064_800-1.jpg\",\"width\":800,\"height\":800},{\"@type\":\"BreadcrumbList\",\"@id\":\"https:\/\/aivlisoft.net\/shop\/producto\/wp-armario-mural-12u-rwa-12604-540x450x580mm\/#breadcrumb\",\"itemListElement\":[{\"@type\":\"ListItem\",\"position\":1,\"name\":\"Portada\",\"item\":\"https:\/\/aivlisoft.net\/shop\/\"},{\"@type\":\"ListItem\",\"position\":2,\"name\":\"Tienda\",\"item\":\"https:\/\/aivlisoft.net\/shop\/tienda\/\"},{\"@type\":\"ListItem\",\"position\":3,\"name\":\"WP Armario Mural 12U RWA-12604 540x450x580mm\"}]},{\"@type\":\"WebSite\",\"@id\":\"https:\/\/aivlisoft.net\/shop\/#website\",\"url\":\"https:\/\/aivlisoft.net\/shop\/\",\"name\":\"Aivlisoft Inform\u00e1tica\",\"description\":\"En Aivlisoft Inform\u00e1tica ofrecemos soluciones tecnol\u00f3gicas para empresas: venta de ordenadores, consumibles, perif\u00e9ricos y m\u00e1s. Calidad, atenci\u00f3n personalizada y los mejores precios para tu negocio.\",\"publisher\":{\"@id\":\"https:\/\/aivlisoft.net\/shop\/#organization\"},\"potentialAction\":[{\"@type\":\"SearchAction\",\"target\":{\"@type\":\"EntryPoint\",\"urlTemplate\":\"https:\/\/aivlisoft.net\/shop\/?s={search_term_string}\"},\"query-input\":{\"@type\":\"PropertyValueSpecification\",\"valueRequired\":true,\"valueName\":\"search_term_string\"}}],\"inLanguage\":\"es\"},{\"@type\":\"Organization\",\"@id\":\"https:\/\/aivlisoft.net\/shop\/#organization\",\"name\":\"Aivlisoft Inform\u00e1tica\",\"url\":\"https:\/\/aivlisoft.net\/shop\/\",\"logo\":{\"@type\":\"ImageObject\",\"inLanguage\":\"es\",\"@id\":\"https:\/\/aivlisoft.net\/shop\/#\/schema\/logo\/image\/\",\"url\":\"https:\/\/aivlisoft.net\/shop\/wp-content\/uploads\/2024\/12\/removal.ai_5b848c54-0cdf-4140-95c5-c5536bb7573b-logodef.png\",\"contentUrl\":\"https:\/\/aivlisoft.net\/shop\/wp-content\/uploads\/2024\/12\/removal.ai_5b848c54-0cdf-4140-95c5-c5536bb7573b-logodef.png\",\"width\":484,\"height\":182,\"caption\":\"Aivlisoft Inform\u00e1tica\"},\"image\":{\"@id\":\"https:\/\/aivlisoft.net\/shop\/#\/schema\/logo\/image\/\"}}]}<\/script>\n<!-- \/ Yoast SEO plugin. -->","yoast_head_json":{"title":"WP Armario Mural 12U RWA-12604 540x450x580mm - Aivlisoft Inform\u00e1tica","robots":{"index":"index","follow":"follow","max-snippet":"max-snippet:-1","max-image-preview":"max-image-preview:large","max-video-preview":"max-video-preview:-1"},"canonical":"https:\/\/aivlisoft.net\/shop\/producto\/wp-armario-mural-12u-rwa-12604-540x450x580mm\/","og_locale":"es_ES","og_type":"article","og_title":"WP Armario Mural 12U RWA-12604 540x450x580mm - Aivlisoft Inform\u00e1tica","og_description":"La pared serie RWA montado armario rack es la mejor soluci&oacute;n de nivel de entrada para las peque&ntilde;as instalaciones en entornos de TI.El bastidor soldado y la estructura robusta y segura permite tanto el montaje en pared y colocaci&oacute;n en el suelo. Marca WP Modelo RWA-12604-B Especificaciones &#8211; 1,5 mm s&oacute;lida estructura de acero &#8211;&hellip;&nbsp;WP Armario Mural 12U RWA-12604 540x450x580mm","og_url":"https:\/\/aivlisoft.net\/shop\/producto\/wp-armario-mural-12u-rwa-12604-540x450x580mm\/","og_site_name":"Aivlisoft Inform\u00e1tica","article_modified_time":"2025-01-14T10:13:55+00:00","og_image":[{"width":800,"height":800,"url":"https:\/\/aivlisoft.net\/shop\/wp-content\/uploads\/2025\/01\/ANEAAA0064_800-1.jpg","type":"image\/jpeg"}],"twitter_card":"summary_large_image","twitter_misc":{"Tiempo de lectura":"1 minuto"},"schema":{"@context":"https:\/\/schema.org","@graph":[{"@type":"WebPage","@id":"https:\/\/aivlisoft.net\/shop\/producto\/wp-armario-mural-12u-rwa-12604-540x450x580mm\/","url":"https:\/\/aivlisoft.net\/shop\/producto\/wp-armario-mural-12u-rwa-12604-540x450x580mm\/","name":"WP Armario Mural 12U RWA-12604 540x450x580mm - Aivlisoft Inform\u00e1tica","isPartOf":{"@id":"https:\/\/aivlisoft.net\/shop\/#website"},"primaryImageOfPage":{"@id":"https:\/\/aivlisoft.net\/shop\/producto\/wp-armario-mural-12u-rwa-12604-540x450x580mm\/#primaryimage"},"image":{"@id":"https:\/\/aivlisoft.net\/shop\/producto\/wp-armario-mural-12u-rwa-12604-540x450x580mm\/#primaryimage"},"thumbnailUrl":"https:\/\/aivlisoft.net\/shop\/wp-content\/uploads\/2025\/01\/ANEAAA0064_800-1.jpg","datePublished":"2025-01-13T13:21:04+00:00","dateModified":"2025-01-14T10:13:55+00:00","breadcrumb":{"@id":"https:\/\/aivlisoft.net\/shop\/producto\/wp-armario-mural-12u-rwa-12604-540x450x580mm\/#breadcrumb"},"inLanguage":"es","potentialAction":[{"@type":"ReadAction","target":["https:\/\/aivlisoft.net\/shop\/producto\/wp-armario-mural-12u-rwa-12604-540x450x580mm\/"]}]},{"@type":"ImageObject","inLanguage":"es","@id":"https:\/\/aivlisoft.net\/shop\/producto\/wp-armario-mural-12u-rwa-12604-540x450x580mm\/#primaryimage","url":"https:\/\/aivlisoft.net\/shop\/wp-content\/uploads\/2025\/01\/ANEAAA0064_800-1.jpg","contentUrl":"https:\/\/aivlisoft.net\/shop\/wp-content\/uploads\/2025\/01\/ANEAAA0064_800-1.jpg","width":800,"height":800},{"@type":"BreadcrumbList","@id":"https:\/\/aivlisoft.net\/shop\/producto\/wp-armario-mural-12u-rwa-12604-540x450x580mm\/#breadcrumb","itemListElement":[{"@type":"ListItem","position":1,"name":"Portada","item":"https:\/\/aivlisoft.net\/shop\/"},{"@type":"ListItem","position":2,"name":"Tienda","item":"https:\/\/aivlisoft.net\/shop\/tienda\/"},{"@type":"ListItem","position":3,"name":"WP Armario Mural 12U RWA-12604 540x450x580mm"}]},{"@type":"WebSite","@id":"https:\/\/aivlisoft.net\/shop\/#website","url":"https:\/\/aivlisoft.net\/shop\/","name":"Aivlisoft Inform\u00e1tica","description":"En Aivlisoft Inform\u00e1tica ofrecemos soluciones tecnol\u00f3gicas para empresas: venta de ordenadores, consumibles, perif\u00e9ricos y m\u00e1s. Calidad, atenci\u00f3n personalizada y los mejores precios para tu negocio.","publisher":{"@id":"https:\/\/aivlisoft.net\/shop\/#organization"},"potentialAction":[{"@type":"SearchAction","target":{"@type":"EntryPoint","urlTemplate":"https:\/\/aivlisoft.net\/shop\/?s={search_term_string}"},"query-input":{"@type":"PropertyValueSpecification","valueRequired":true,"valueName":"search_term_string"}}],"inLanguage":"es"},{"@type":"Organization","@id":"https:\/\/aivlisoft.net\/shop\/#organization","name":"Aivlisoft Inform\u00e1tica","url":"https:\/\/aivlisoft.net\/shop\/","logo":{"@type":"ImageObject","inLanguage":"es","@id":"https:\/\/aivlisoft.net\/shop\/#\/schema\/logo\/image\/","url":"https:\/\/aivlisoft.net\/shop\/wp-content\/uploads\/2024\/12\/removal.ai_5b848c54-0cdf-4140-95c5-c5536bb7573b-logodef.png","contentUrl":"https:\/\/aivlisoft.net\/shop\/wp-content\/uploads\/2024\/12\/removal.ai_5b848c54-0cdf-4140-95c5-c5536bb7573b-logodef.png","width":484,"height":182,"caption":"Aivlisoft Inform\u00e1tica"},"image":{"@id":"https:\/\/aivlisoft.net\/shop\/#\/schema\/logo\/image\/"}}]}},"_links":{"self":[{"href":"https:\/\/aivlisoft.net\/shop\/wp-json\/wp\/v2\/product\/4633","targetHints":{"allow":["GET"]}}],"collection":[{"href":"https:\/\/aivlisoft.net\/shop\/wp-json\/wp\/v2\/product"}],"about":[{"href":"https:\/\/aivlisoft.net\/shop\/wp-json\/wp\/v2\/types\/product"}],"wp:featuredmedia":[{"embeddable":true,"href":"https:\/\/aivlisoft.net\/shop\/wp-json\/wp\/v2\/media\/4634"}],"wp:attachment":[{"href":"https:\/\/aivlisoft.net\/shop\/wp-json\/wp\/v2\/media?parent=4633"}],"wp:term":[{"taxonomy":"product_brand","embeddable":true,"href":"https:\/\/aivlisoft.net\/shop\/wp-json\/wp\/v2\/product_brand?post=4633"},{"taxonomy":"product_cat","embeddable":true,"href":"https:\/\/aivlisoft.net\/shop\/wp-json\/wp\/v2\/product_cat?post=4633"},{"taxonomy":"product_tag","embeddable":true,"href":"https:\/\/aivlisoft.net\/shop\/wp-json\/wp\/v2\/product_tag?post=4633"}],"curies":[{"name":"wp","href":"https:\/\/api.w.org\/{rel}","templated":true}]}}