{"id":4609,"date":"2025-01-13T13:20:56","date_gmt":"2025-01-13T13:20:56","guid":{"rendered":"https:\/\/aivlisoft.com\/?post_type=product&#038;p=4609"},"modified":"2025-01-14T10:13:44","modified_gmt":"2025-01-14T10:13:44","slug":"monolyth-patch-panel-24-puertos-19-utp-cat-5e","status":"publish","type":"product","link":"https:\/\/aivlisoft.net\/shop\/producto\/monolyth-patch-panel-24-puertos-19-utp-cat-5e\/","title":{"rendered":"Monolyth Patch Panel 24 Puertos 19&#8243; UTP Cat. 5E"},"content":{"rendered":"<table class=\"tabla_caracteristicas\" width=\"100%\">\n<tbody>\n<tr>\n<td valign=\"top\" width=\"35%\">\t\t\t\t<b><small><font face=\"Tahoma,Arial, Helvetica, sans-serif\" style=\"font-size: 11px\">Marca<\/font><\/small><\/b><\/td>\n<td valign=\"top\">\t\t\t\t<small><font face=\"Tahoma,Arial, Helvetica, sans-serif\" style=\"font-size: 11px\">Monolyth<\/font><\/small><\/td>\n<\/tr>\n<tr>\n<td valign=\"top\" width=\"35%\">\t\t\t\t<b><small><font face=\"Tahoma,Arial, Helvetica, sans-serif\" style=\"font-size: 11px\">Modelo<\/font><\/small><\/b><\/td>\n<td valign=\"top\">\t\t\t\t<small><font face=\"Tahoma,Arial, Helvetica, sans-serif\" style=\"font-size: 11px\">RACGALPP24UC5<br \/>\t\t\t\t<\/font><\/small><font face=\"Tahoma,Arial, Helvetica, sans-serif\" style=\"font-size: 11px\"> <\/font><\/td>\n<\/tr>\n<tr>\n<td valign=\"top\" width=\"35%\">\t\t\t\t<small><font face=\"Tahoma,Arial, Helvetica, sans-serif\" style=\"font-size: 11px\"><b>Especificaciones<\/b><\/font><\/small><\/td>\n<td valign=\"top\">\n<div>\t\t\t\t\t<small><font face=\"Tahoma,Arial, Helvetica, sans-serif\" style=\"font-size: 11px\">&#8211; Color: RAL 9004 (negro) acabado liso.<\/font><\/small><\/div>\n<div>\t\t\t\t\t<small><font face=\"Tahoma,Arial, Helvetica, sans-serif\" style=\"font-size: 11px\">&#8211; Dimensiones: 480X30X45 mm <\/font><\/small><\/div>\n<\/td>\n<\/tr>\n<tr>\n<td valign=\"top\">\t\t\t\t<b><small><font face=\"Tahoma,Arial, Helvetica, sans-serif\" style=\"font-size: 11px\">Caracter&iacute;sticas<br \/>\t\t\t\t<\/font><\/small><\/b><\/td>\n<td valign=\"top\">\t\t\t\t<small><font face=\"Tahoma,Arial, Helvetica, sans-serif\" style=\"font-size: 11px\">&#8211; Est&aacute;ndares: ANSI\/TIA\/EIA-568-B.2-1 ISO\/IEC Generic cabiling standar 11801 CELENEC Generic cabiling standar EN50173.<br \/>\t\t\t\t&#8211; R&aacute;tio de corriente: 1,5 Amp max &#8211; R&aacute;tio de voltaje: 150 Volts.<br \/>\t\t\t\t&#8211; Resistencia de contacto: 20m-ohm.<br \/>\t\t\t\t&#8211; Resistencia de aislamiento: 500M-ohm.<br \/>\t\t\t\t&#8211; Voltaje de resistencia diel&eacute;ctrica: 1000VAC RMS, 60 Hz, 1 MIN.<br \/>\t\t\t\t&#8211; Materiales: IDC PCV UL94V-0, acepta cable s&oacute;lido 22-26 AWG.<br \/>\t\t\t\t&#8211; PCB: FR4 1.6 mm de espesor, 2 capas.<br \/>\t\t\t\t&#8211; Contacto: 0,45 mm de bronce fosforizado con 50u&rdquo; de contactos en oro.<br \/>\t\t\t\t&#8211; Ch&aacute;sis met&aacute;lico: 1.6 mm de espesor.<br \/>\t\t\t\t&#8211; 1U<br \/>\t\t\t\t<\/font><\/small><font face=\"Tahoma,Arial, Helvetica, sans-serif\" style=\"font-size: 11px\"> <\/font><\/td>\n<\/tr>\n<tr>\n<td valign=\"top\">\t\t\t\t<b><small><font face=\"Tahoma,Arial, Helvetica, sans-serif\" style=\"font-size: 11px\">Fecha Revisi&oacute;n<\/font><\/small><\/b><\/td>\n<td valign=\"top\">\t\t\t\t<small><font face=\"Tahoma,Arial, Helvetica, sans-serif\" style=\"font-size: 11px\">24-02-2014 por JAV<br \/>\t\t\t\t<\/font><\/small><font face=\"Tahoma,Arial, Helvetica, sans-serif\" style=\"font-size: 11px\"> <\/font><\/td>\n<\/tr>\n<\/tbody>\n<\/table>\n","protected":false},"excerpt":{"rendered":"<p>Marca Monolyth Modelo RACGALPP24UC5 Especificaciones &#8211; Color: RAL 9004 (negro) acabado liso. &#8211; Dimensiones: 480X30X45 mm Caracter&iacute;sticas &#8211; Est&aacute;ndares: ANSI\/TIA\/EIA-568-B.2-1 ISO\/IEC Generic cabiling standar 11801 CELENEC Generic cabiling standar EN50173. &#8211; R&aacute;tio de corriente: 1,5 Amp max &#8211; R&aacute;tio de voltaje: 150 Volts. &#8211; Resistencia de contacto: 20m-ohm. &#8211; Resistencia de aislamiento: 500M-ohm. &#8211; Voltaje&hellip;&nbsp;<a href=\"https:\/\/aivlisoft.net\/shop\/producto\/monolyth-patch-panel-24-puertos-19-utp-cat-5e\/\" rel=\"bookmark\"><span class=\"screen-reader-text\">Monolyth Patch Panel 24 Puertos 19&#8243; UTP Cat. 5E<\/span><\/a><\/p>\n","protected":false},"featured_media":4610,"template":"","meta":{"neve_meta_sidebar":"","neve_meta_container":"","neve_meta_enable_content_width":"","neve_meta_content_width":0,"neve_meta_title_alignment":"","neve_meta_author_avatar":"","neve_post_elements_order":"","neve_meta_disable_header":"","neve_meta_disable_footer":"","neve_meta_disable_title":""},"product_brand":[],"product_cat":[8701],"product_tag":[1406],"class_list":{"0":"post-4609","1":"product","2":"type-product","3":"status-publish","4":"has-post-thumbnail","6":"product_cat-armarios-rack-y-accesorios","7":"product_tag-1406","9":"first","10":"instock","11":"taxable","12":"shipping-taxable","13":"purchasable","14":"product-type-simple"},"yoast_head":"<!-- This site is optimized with the Yoast SEO plugin v26.0 - https:\/\/yoast.com\/wordpress\/plugins\/seo\/ -->\n<title>Monolyth Patch Panel 24 Puertos 19&quot; UTP Cat. 5E - Aivlisoft Inform\u00e1tica<\/title>\n<meta name=\"robots\" content=\"index, follow, max-snippet:-1, max-image-preview:large, max-video-preview:-1\" \/>\n<link rel=\"canonical\" href=\"https:\/\/aivlisoft.net\/shop\/producto\/monolyth-patch-panel-24-puertos-19-utp-cat-5e\/\" \/>\n<meta property=\"og:locale\" content=\"es_ES\" \/>\n<meta property=\"og:type\" content=\"article\" \/>\n<meta property=\"og:title\" content=\"Monolyth Patch Panel 24 Puertos 19&quot; UTP Cat. 5E - Aivlisoft Inform\u00e1tica\" \/>\n<meta property=\"og:description\" content=\"Marca Monolyth Modelo RACGALPP24UC5 Especificaciones &#8211; Color: RAL 9004 (negro) acabado liso. &#8211; Dimensiones: 480X30X45 mm Caracter&iacute;sticas &#8211; Est&aacute;ndares: ANSI\/TIA\/EIA-568-B.2-1 ISO\/IEC Generic cabiling standar 11801 CELENEC Generic cabiling standar EN50173. &#8211; R&aacute;tio de corriente: 1,5 Amp max &#8211; R&aacute;tio de voltaje: 150 Volts. &#8211; Resistencia de contacto: 20m-ohm. &#8211; Resistencia de aislamiento: 500M-ohm. &#8211; Voltaje&hellip;&nbsp;Monolyth Patch Panel 24 Puertos 19&#8243; UTP Cat. 5E\" \/>\n<meta property=\"og:url\" content=\"https:\/\/aivlisoft.net\/shop\/producto\/monolyth-patch-panel-24-puertos-19-utp-cat-5e\/\" \/>\n<meta property=\"og:site_name\" content=\"Aivlisoft Inform\u00e1tica\" \/>\n<meta property=\"article:modified_time\" content=\"2025-01-14T10:13:44+00:00\" \/>\n<meta property=\"og:image\" content=\"https:\/\/aivlisoft.net\/shop\/wp-content\/uploads\/2025\/01\/ANEAAA0035_large-1.jpg\" \/>\n\t<meta property=\"og:image:width\" content=\"400\" \/>\n\t<meta property=\"og:image:height\" content=\"400\" \/>\n\t<meta property=\"og:image:type\" content=\"image\/jpeg\" \/>\n<meta name=\"twitter:card\" content=\"summary_large_image\" \/>\n<meta name=\"twitter:label1\" content=\"Tiempo de lectura\" \/>\n\t<meta name=\"twitter:data1\" content=\"1 minuto\" \/>\n<script type=\"application\/ld+json\" class=\"yoast-schema-graph\">{\"@context\":\"https:\/\/schema.org\",\"@graph\":[{\"@type\":\"WebPage\",\"@id\":\"https:\/\/aivlisoft.net\/shop\/producto\/monolyth-patch-panel-24-puertos-19-utp-cat-5e\/\",\"url\":\"https:\/\/aivlisoft.net\/shop\/producto\/monolyth-patch-panel-24-puertos-19-utp-cat-5e\/\",\"name\":\"Monolyth Patch Panel 24 Puertos 19\\\" UTP Cat. 5E - Aivlisoft Inform\u00e1tica\",\"isPartOf\":{\"@id\":\"https:\/\/aivlisoft.net\/shop\/#website\"},\"primaryImageOfPage\":{\"@id\":\"https:\/\/aivlisoft.net\/shop\/producto\/monolyth-patch-panel-24-puertos-19-utp-cat-5e\/#primaryimage\"},\"image\":{\"@id\":\"https:\/\/aivlisoft.net\/shop\/producto\/monolyth-patch-panel-24-puertos-19-utp-cat-5e\/#primaryimage\"},\"thumbnailUrl\":\"https:\/\/aivlisoft.net\/shop\/wp-content\/uploads\/2025\/01\/ANEAAA0035_large-1.jpg\",\"datePublished\":\"2025-01-13T13:20:56+00:00\",\"dateModified\":\"2025-01-14T10:13:44+00:00\",\"breadcrumb\":{\"@id\":\"https:\/\/aivlisoft.net\/shop\/producto\/monolyth-patch-panel-24-puertos-19-utp-cat-5e\/#breadcrumb\"},\"inLanguage\":\"es\",\"potentialAction\":[{\"@type\":\"ReadAction\",\"target\":[\"https:\/\/aivlisoft.net\/shop\/producto\/monolyth-patch-panel-24-puertos-19-utp-cat-5e\/\"]}]},{\"@type\":\"ImageObject\",\"inLanguage\":\"es\",\"@id\":\"https:\/\/aivlisoft.net\/shop\/producto\/monolyth-patch-panel-24-puertos-19-utp-cat-5e\/#primaryimage\",\"url\":\"https:\/\/aivlisoft.net\/shop\/wp-content\/uploads\/2025\/01\/ANEAAA0035_large-1.jpg\",\"contentUrl\":\"https:\/\/aivlisoft.net\/shop\/wp-content\/uploads\/2025\/01\/ANEAAA0035_large-1.jpg\",\"width\":400,\"height\":400},{\"@type\":\"BreadcrumbList\",\"@id\":\"https:\/\/aivlisoft.net\/shop\/producto\/monolyth-patch-panel-24-puertos-19-utp-cat-5e\/#breadcrumb\",\"itemListElement\":[{\"@type\":\"ListItem\",\"position\":1,\"name\":\"Portada\",\"item\":\"https:\/\/aivlisoft.net\/shop\/\"},{\"@type\":\"ListItem\",\"position\":2,\"name\":\"Tienda\",\"item\":\"https:\/\/aivlisoft.net\/shop\/tienda\/\"},{\"@type\":\"ListItem\",\"position\":3,\"name\":\"Monolyth Patch Panel 24 Puertos 19&#8243; UTP Cat. 5E\"}]},{\"@type\":\"WebSite\",\"@id\":\"https:\/\/aivlisoft.net\/shop\/#website\",\"url\":\"https:\/\/aivlisoft.net\/shop\/\",\"name\":\"Aivlisoft Inform\u00e1tica\",\"description\":\"En Aivlisoft Inform\u00e1tica ofrecemos soluciones tecnol\u00f3gicas para empresas: venta de ordenadores, consumibles, perif\u00e9ricos y m\u00e1s. Calidad, atenci\u00f3n personalizada y los mejores precios para tu negocio.\",\"publisher\":{\"@id\":\"https:\/\/aivlisoft.net\/shop\/#organization\"},\"potentialAction\":[{\"@type\":\"SearchAction\",\"target\":{\"@type\":\"EntryPoint\",\"urlTemplate\":\"https:\/\/aivlisoft.net\/shop\/?s={search_term_string}\"},\"query-input\":{\"@type\":\"PropertyValueSpecification\",\"valueRequired\":true,\"valueName\":\"search_term_string\"}}],\"inLanguage\":\"es\"},{\"@type\":\"Organization\",\"@id\":\"https:\/\/aivlisoft.net\/shop\/#organization\",\"name\":\"Aivlisoft Inform\u00e1tica\",\"url\":\"https:\/\/aivlisoft.net\/shop\/\",\"logo\":{\"@type\":\"ImageObject\",\"inLanguage\":\"es\",\"@id\":\"https:\/\/aivlisoft.net\/shop\/#\/schema\/logo\/image\/\",\"url\":\"https:\/\/aivlisoft.net\/shop\/wp-content\/uploads\/2024\/12\/removal.ai_5b848c54-0cdf-4140-95c5-c5536bb7573b-logodef.png\",\"contentUrl\":\"https:\/\/aivlisoft.net\/shop\/wp-content\/uploads\/2024\/12\/removal.ai_5b848c54-0cdf-4140-95c5-c5536bb7573b-logodef.png\",\"width\":484,\"height\":182,\"caption\":\"Aivlisoft Inform\u00e1tica\"},\"image\":{\"@id\":\"https:\/\/aivlisoft.net\/shop\/#\/schema\/logo\/image\/\"}}]}<\/script>\n<!-- \/ Yoast SEO plugin. -->","yoast_head_json":{"title":"Monolyth Patch Panel 24 Puertos 19\" UTP Cat. 5E - Aivlisoft Inform\u00e1tica","robots":{"index":"index","follow":"follow","max-snippet":"max-snippet:-1","max-image-preview":"max-image-preview:large","max-video-preview":"max-video-preview:-1"},"canonical":"https:\/\/aivlisoft.net\/shop\/producto\/monolyth-patch-panel-24-puertos-19-utp-cat-5e\/","og_locale":"es_ES","og_type":"article","og_title":"Monolyth Patch Panel 24 Puertos 19\" UTP Cat. 5E - Aivlisoft Inform\u00e1tica","og_description":"Marca Monolyth Modelo RACGALPP24UC5 Especificaciones &#8211; Color: RAL 9004 (negro) acabado liso. &#8211; Dimensiones: 480X30X45 mm Caracter&iacute;sticas &#8211; Est&aacute;ndares: ANSI\/TIA\/EIA-568-B.2-1 ISO\/IEC Generic cabiling standar 11801 CELENEC Generic cabiling standar EN50173. &#8211; R&aacute;tio de corriente: 1,5 Amp max &#8211; R&aacute;tio de voltaje: 150 Volts. &#8211; Resistencia de contacto: 20m-ohm. &#8211; Resistencia de aislamiento: 500M-ohm. &#8211; Voltaje&hellip;&nbsp;Monolyth Patch Panel 24 Puertos 19&#8243; UTP Cat. 5E","og_url":"https:\/\/aivlisoft.net\/shop\/producto\/monolyth-patch-panel-24-puertos-19-utp-cat-5e\/","og_site_name":"Aivlisoft Inform\u00e1tica","article_modified_time":"2025-01-14T10:13:44+00:00","og_image":[{"width":400,"height":400,"url":"https:\/\/aivlisoft.net\/shop\/wp-content\/uploads\/2025\/01\/ANEAAA0035_large-1.jpg","type":"image\/jpeg"}],"twitter_card":"summary_large_image","twitter_misc":{"Tiempo de lectura":"1 minuto"},"schema":{"@context":"https:\/\/schema.org","@graph":[{"@type":"WebPage","@id":"https:\/\/aivlisoft.net\/shop\/producto\/monolyth-patch-panel-24-puertos-19-utp-cat-5e\/","url":"https:\/\/aivlisoft.net\/shop\/producto\/monolyth-patch-panel-24-puertos-19-utp-cat-5e\/","name":"Monolyth Patch Panel 24 Puertos 19\" UTP Cat. 5E - Aivlisoft Inform\u00e1tica","isPartOf":{"@id":"https:\/\/aivlisoft.net\/shop\/#website"},"primaryImageOfPage":{"@id":"https:\/\/aivlisoft.net\/shop\/producto\/monolyth-patch-panel-24-puertos-19-utp-cat-5e\/#primaryimage"},"image":{"@id":"https:\/\/aivlisoft.net\/shop\/producto\/monolyth-patch-panel-24-puertos-19-utp-cat-5e\/#primaryimage"},"thumbnailUrl":"https:\/\/aivlisoft.net\/shop\/wp-content\/uploads\/2025\/01\/ANEAAA0035_large-1.jpg","datePublished":"2025-01-13T13:20:56+00:00","dateModified":"2025-01-14T10:13:44+00:00","breadcrumb":{"@id":"https:\/\/aivlisoft.net\/shop\/producto\/monolyth-patch-panel-24-puertos-19-utp-cat-5e\/#breadcrumb"},"inLanguage":"es","potentialAction":[{"@type":"ReadAction","target":["https:\/\/aivlisoft.net\/shop\/producto\/monolyth-patch-panel-24-puertos-19-utp-cat-5e\/"]}]},{"@type":"ImageObject","inLanguage":"es","@id":"https:\/\/aivlisoft.net\/shop\/producto\/monolyth-patch-panel-24-puertos-19-utp-cat-5e\/#primaryimage","url":"https:\/\/aivlisoft.net\/shop\/wp-content\/uploads\/2025\/01\/ANEAAA0035_large-1.jpg","contentUrl":"https:\/\/aivlisoft.net\/shop\/wp-content\/uploads\/2025\/01\/ANEAAA0035_large-1.jpg","width":400,"height":400},{"@type":"BreadcrumbList","@id":"https:\/\/aivlisoft.net\/shop\/producto\/monolyth-patch-panel-24-puertos-19-utp-cat-5e\/#breadcrumb","itemListElement":[{"@type":"ListItem","position":1,"name":"Portada","item":"https:\/\/aivlisoft.net\/shop\/"},{"@type":"ListItem","position":2,"name":"Tienda","item":"https:\/\/aivlisoft.net\/shop\/tienda\/"},{"@type":"ListItem","position":3,"name":"Monolyth Patch Panel 24 Puertos 19&#8243; UTP Cat. 5E"}]},{"@type":"WebSite","@id":"https:\/\/aivlisoft.net\/shop\/#website","url":"https:\/\/aivlisoft.net\/shop\/","name":"Aivlisoft Inform\u00e1tica","description":"En Aivlisoft Inform\u00e1tica ofrecemos soluciones tecnol\u00f3gicas para empresas: venta de ordenadores, consumibles, perif\u00e9ricos y m\u00e1s. Calidad, atenci\u00f3n personalizada y los mejores precios para tu negocio.","publisher":{"@id":"https:\/\/aivlisoft.net\/shop\/#organization"},"potentialAction":[{"@type":"SearchAction","target":{"@type":"EntryPoint","urlTemplate":"https:\/\/aivlisoft.net\/shop\/?s={search_term_string}"},"query-input":{"@type":"PropertyValueSpecification","valueRequired":true,"valueName":"search_term_string"}}],"inLanguage":"es"},{"@type":"Organization","@id":"https:\/\/aivlisoft.net\/shop\/#organization","name":"Aivlisoft Inform\u00e1tica","url":"https:\/\/aivlisoft.net\/shop\/","logo":{"@type":"ImageObject","inLanguage":"es","@id":"https:\/\/aivlisoft.net\/shop\/#\/schema\/logo\/image\/","url":"https:\/\/aivlisoft.net\/shop\/wp-content\/uploads\/2024\/12\/removal.ai_5b848c54-0cdf-4140-95c5-c5536bb7573b-logodef.png","contentUrl":"https:\/\/aivlisoft.net\/shop\/wp-content\/uploads\/2024\/12\/removal.ai_5b848c54-0cdf-4140-95c5-c5536bb7573b-logodef.png","width":484,"height":182,"caption":"Aivlisoft Inform\u00e1tica"},"image":{"@id":"https:\/\/aivlisoft.net\/shop\/#\/schema\/logo\/image\/"}}]}},"_links":{"self":[{"href":"https:\/\/aivlisoft.net\/shop\/wp-json\/wp\/v2\/product\/4609","targetHints":{"allow":["GET"]}}],"collection":[{"href":"https:\/\/aivlisoft.net\/shop\/wp-json\/wp\/v2\/product"}],"about":[{"href":"https:\/\/aivlisoft.net\/shop\/wp-json\/wp\/v2\/types\/product"}],"wp:featuredmedia":[{"embeddable":true,"href":"https:\/\/aivlisoft.net\/shop\/wp-json\/wp\/v2\/media\/4610"}],"wp:attachment":[{"href":"https:\/\/aivlisoft.net\/shop\/wp-json\/wp\/v2\/media?parent=4609"}],"wp:term":[{"taxonomy":"product_brand","embeddable":true,"href":"https:\/\/aivlisoft.net\/shop\/wp-json\/wp\/v2\/product_brand?post=4609"},{"taxonomy":"product_cat","embeddable":true,"href":"https:\/\/aivlisoft.net\/shop\/wp-json\/wp\/v2\/product_cat?post=4609"},{"taxonomy":"product_tag","embeddable":true,"href":"https:\/\/aivlisoft.net\/shop\/wp-json\/wp\/v2\/product_tag?post=4609"}],"curies":[{"name":"wp","href":"https:\/\/api.w.org\/{rel}","templated":true}]}}