{"id":4601,"date":"2025-01-13T13:20:54","date_gmt":"2025-01-13T13:20:54","guid":{"rendered":"https:\/\/aivlisoft.com\/?post_type=product&#038;p=4601"},"modified":"2025-01-14T10:13:41","modified_gmt":"2025-01-14T10:13:41","slug":"monolyth-armario-mural-9u-sh6409-600x450-1f-1v-2l","status":"publish","type":"product","link":"https:\/\/aivlisoft.net\/shop\/producto\/monolyth-armario-mural-9u-sh6409-600x450-1f-1v-2l\/","title":{"rendered":"Monolyth Armario Mural 9U SH6409 600&#215;450 1F-1V-2L"},"content":{"rendered":"<p><\/p>\n<table class=\"tabla_caracteristicas k-table\" width=\"100%\">\n<tbody>\n<tr>\n<td><strong>Marca<\/strong><\/td>\n<td>Monolyth<\/td>\n<\/tr>\n<tr>\n<td><strong>Modelo<\/strong><\/td>\n<td><strong>201110-1<\/strong><\/td>\n<\/tr>\n<tr>\n<td><strong>Especificaciones<\/strong><\/td>\n<td>&#8211; Altura: 9U<br \/>&#8211; Medidas: 600 x 450 x 501 mm<br \/>&#8211; Peso: 19Kg<br \/>&#8211; Puerta frontal de cristal.<br \/>&#8211; Apertura de seguridad frontal con llave.<br \/>&#8211; Laterales desmontables.<br \/>&#8211; Entrada de cableado por el panel trasero y la base inferior.<br \/>&#8211; Rieles de montaje ajustable.<br \/>&#8211; Ubicable tanto en pared como en suelo.<br \/>&#8211; Tratamiento: Desengrasado, pintura fosf&oacute;rica anti-&oacute;xido.<br \/>&#8211; Est&aacute;ndares: ANSI\/EIA, RS-310-D, DIN41491 PART1, DIN41491, PART7, ETSI.<br \/>&#8211; Est&aacute;ndar compatible con 19&rdquo; International Standard.<br \/>&#8211; RoHS Directiva 2002\/95\/EC.<br \/>&#8211; EN 60439-1:1999 + A1:2004.<br \/>&#8211; EN 60439-3:1991 + A1:1994. AC: 1994+A2:2001+AC:2005+AC:2009.<br \/>&#8211; Grado de protecci&oacute;n: IP20.<br \/>&#8211; Carga m&aacute;xima est&aacute;tica: 60Kg.<br \/>&#8211; Material: Acero SPCC.<br \/>&#8211; Grosor de acero: Carriles de montaje 2.0 mm.<br \/>&#8211; &Aacute;ngulos montaje: 1,5 mm., resto 1,2 mm.<br \/>&#8211; Color: RAL 9004 (negro) acabado liso.<\/td>\n<\/tr>\n<tr>\n<td><strong>Accesorios Incluidos<br \/><\/strong><\/td>\n<td>&#8211; 1 x bandeja fija.<br \/>&#8211; 1 x juego de escuadras laterales.<br \/>&#8211; 1 x ventilador de techo de 120 mm.<br \/>&#8211; Torniller&iacute;a de montaje incluida y juego de llaves para cerraduras.<\/td>\n<\/tr>\n<tr>\n<td><strong>Fecha Revisi&oacute;n<\/strong><\/td>\n<td>28-08-2019 por MSB<\/td>\n<\/tr>\n<\/tbody>\n<\/table>\n","protected":false},"excerpt":{"rendered":"<p>Marca Monolyth Modelo 201110-1 Especificaciones &#8211; Altura: 9U&#8211; Medidas: 600 x 450 x 501 mm&#8211; Peso: 19Kg&#8211; Puerta frontal de cristal.&#8211; Apertura de seguridad frontal con llave.&#8211; Laterales desmontables.&#8211; Entrada de cableado por el panel trasero y la base inferior.&#8211; Rieles de montaje ajustable.&#8211; Ubicable tanto en pared como en suelo.&#8211; Tratamiento: Desengrasado, pintura fosf&oacute;rica&hellip;&nbsp;<a href=\"https:\/\/aivlisoft.net\/shop\/producto\/monolyth-armario-mural-9u-sh6409-600x450-1f-1v-2l\/\" rel=\"bookmark\"><span class=\"screen-reader-text\">Monolyth Armario Mural 9U SH6409 600&#215;450 1F-1V-2L<\/span><\/a><\/p>\n","protected":false},"featured_media":4602,"template":"","meta":{"neve_meta_sidebar":"","neve_meta_container":"","neve_meta_enable_content_width":"","neve_meta_content_width":0,"neve_meta_title_alignment":"","neve_meta_author_avatar":"","neve_post_elements_order":"","neve_meta_disable_header":"","neve_meta_disable_footer":"","neve_meta_disable_title":""},"product_brand":[],"product_cat":[8701],"product_tag":[1402],"class_list":{"0":"post-4601","1":"product","2":"type-product","3":"status-publish","4":"has-post-thumbnail","6":"product_cat-armarios-rack-y-accesorios","7":"product_tag-1402","9":"first","10":"instock","11":"taxable","12":"shipping-taxable","13":"purchasable","14":"product-type-simple"},"yoast_head":"<!-- This site is optimized with the Yoast SEO plugin v26.0 - https:\/\/yoast.com\/wordpress\/plugins\/seo\/ -->\n<title>Monolyth Armario Mural 9U SH6409 600x450 1F-1V-2L - Aivlisoft Inform\u00e1tica<\/title>\n<meta name=\"robots\" content=\"index, follow, max-snippet:-1, max-image-preview:large, max-video-preview:-1\" \/>\n<link rel=\"canonical\" href=\"https:\/\/aivlisoft.net\/shop\/producto\/monolyth-armario-mural-9u-sh6409-600x450-1f-1v-2l\/\" \/>\n<meta property=\"og:locale\" content=\"es_ES\" \/>\n<meta property=\"og:type\" content=\"article\" \/>\n<meta property=\"og:title\" content=\"Monolyth Armario Mural 9U SH6409 600x450 1F-1V-2L - Aivlisoft Inform\u00e1tica\" \/>\n<meta property=\"og:description\" content=\"Marca Monolyth Modelo 201110-1 Especificaciones &#8211; Altura: 9U&#8211; Medidas: 600 x 450 x 501 mm&#8211; Peso: 19Kg&#8211; Puerta frontal de cristal.&#8211; Apertura de seguridad frontal con llave.&#8211; Laterales desmontables.&#8211; Entrada de cableado por el panel trasero y la base inferior.&#8211; Rieles de montaje ajustable.&#8211; Ubicable tanto en pared como en suelo.&#8211; Tratamiento: Desengrasado, pintura fosf&oacute;rica&hellip;&nbsp;Monolyth Armario Mural 9U SH6409 600&#215;450 1F-1V-2L\" \/>\n<meta property=\"og:url\" content=\"https:\/\/aivlisoft.net\/shop\/producto\/monolyth-armario-mural-9u-sh6409-600x450-1f-1v-2l\/\" \/>\n<meta property=\"og:site_name\" content=\"Aivlisoft Inform\u00e1tica\" \/>\n<meta property=\"article:modified_time\" content=\"2025-01-14T10:13:41+00:00\" \/>\n<meta property=\"og:image\" content=\"https:\/\/aivlisoft.net\/shop\/wp-content\/uploads\/2025\/01\/ANEAAA0015_800-1.jpg\" \/>\n\t<meta property=\"og:image:width\" content=\"800\" \/>\n\t<meta property=\"og:image:height\" content=\"800\" \/>\n\t<meta property=\"og:image:type\" content=\"image\/jpeg\" \/>\n<meta name=\"twitter:card\" content=\"summary_large_image\" \/>\n<meta name=\"twitter:label1\" content=\"Tiempo de lectura\" \/>\n\t<meta name=\"twitter:data1\" content=\"1 minuto\" \/>\n<script type=\"application\/ld+json\" class=\"yoast-schema-graph\">{\"@context\":\"https:\/\/schema.org\",\"@graph\":[{\"@type\":\"WebPage\",\"@id\":\"https:\/\/aivlisoft.net\/shop\/producto\/monolyth-armario-mural-9u-sh6409-600x450-1f-1v-2l\/\",\"url\":\"https:\/\/aivlisoft.net\/shop\/producto\/monolyth-armario-mural-9u-sh6409-600x450-1f-1v-2l\/\",\"name\":\"Monolyth Armario Mural 9U SH6409 600x450 1F-1V-2L - Aivlisoft Inform\u00e1tica\",\"isPartOf\":{\"@id\":\"https:\/\/aivlisoft.net\/shop\/#website\"},\"primaryImageOfPage\":{\"@id\":\"https:\/\/aivlisoft.net\/shop\/producto\/monolyth-armario-mural-9u-sh6409-600x450-1f-1v-2l\/#primaryimage\"},\"image\":{\"@id\":\"https:\/\/aivlisoft.net\/shop\/producto\/monolyth-armario-mural-9u-sh6409-600x450-1f-1v-2l\/#primaryimage\"},\"thumbnailUrl\":\"https:\/\/aivlisoft.net\/shop\/wp-content\/uploads\/2025\/01\/ANEAAA0015_800-1.jpg\",\"datePublished\":\"2025-01-13T13:20:54+00:00\",\"dateModified\":\"2025-01-14T10:13:41+00:00\",\"breadcrumb\":{\"@id\":\"https:\/\/aivlisoft.net\/shop\/producto\/monolyth-armario-mural-9u-sh6409-600x450-1f-1v-2l\/#breadcrumb\"},\"inLanguage\":\"es\",\"potentialAction\":[{\"@type\":\"ReadAction\",\"target\":[\"https:\/\/aivlisoft.net\/shop\/producto\/monolyth-armario-mural-9u-sh6409-600x450-1f-1v-2l\/\"]}]},{\"@type\":\"ImageObject\",\"inLanguage\":\"es\",\"@id\":\"https:\/\/aivlisoft.net\/shop\/producto\/monolyth-armario-mural-9u-sh6409-600x450-1f-1v-2l\/#primaryimage\",\"url\":\"https:\/\/aivlisoft.net\/shop\/wp-content\/uploads\/2025\/01\/ANEAAA0015_800-1.jpg\",\"contentUrl\":\"https:\/\/aivlisoft.net\/shop\/wp-content\/uploads\/2025\/01\/ANEAAA0015_800-1.jpg\",\"width\":800,\"height\":800},{\"@type\":\"BreadcrumbList\",\"@id\":\"https:\/\/aivlisoft.net\/shop\/producto\/monolyth-armario-mural-9u-sh6409-600x450-1f-1v-2l\/#breadcrumb\",\"itemListElement\":[{\"@type\":\"ListItem\",\"position\":1,\"name\":\"Portada\",\"item\":\"https:\/\/aivlisoft.net\/shop\/\"},{\"@type\":\"ListItem\",\"position\":2,\"name\":\"Tienda\",\"item\":\"https:\/\/aivlisoft.net\/shop\/tienda\/\"},{\"@type\":\"ListItem\",\"position\":3,\"name\":\"Monolyth Armario Mural 9U SH6409 600&#215;450 1F-1V-2L\"}]},{\"@type\":\"WebSite\",\"@id\":\"https:\/\/aivlisoft.net\/shop\/#website\",\"url\":\"https:\/\/aivlisoft.net\/shop\/\",\"name\":\"Aivlisoft Inform\u00e1tica\",\"description\":\"En Aivlisoft Inform\u00e1tica ofrecemos soluciones tecnol\u00f3gicas para empresas: venta de ordenadores, consumibles, perif\u00e9ricos y m\u00e1s. Calidad, atenci\u00f3n personalizada y los mejores precios para tu negocio.\",\"publisher\":{\"@id\":\"https:\/\/aivlisoft.net\/shop\/#organization\"},\"potentialAction\":[{\"@type\":\"SearchAction\",\"target\":{\"@type\":\"EntryPoint\",\"urlTemplate\":\"https:\/\/aivlisoft.net\/shop\/?s={search_term_string}\"},\"query-input\":{\"@type\":\"PropertyValueSpecification\",\"valueRequired\":true,\"valueName\":\"search_term_string\"}}],\"inLanguage\":\"es\"},{\"@type\":\"Organization\",\"@id\":\"https:\/\/aivlisoft.net\/shop\/#organization\",\"name\":\"Aivlisoft Inform\u00e1tica\",\"url\":\"https:\/\/aivlisoft.net\/shop\/\",\"logo\":{\"@type\":\"ImageObject\",\"inLanguage\":\"es\",\"@id\":\"https:\/\/aivlisoft.net\/shop\/#\/schema\/logo\/image\/\",\"url\":\"https:\/\/aivlisoft.net\/shop\/wp-content\/uploads\/2024\/12\/removal.ai_5b848c54-0cdf-4140-95c5-c5536bb7573b-logodef.png\",\"contentUrl\":\"https:\/\/aivlisoft.net\/shop\/wp-content\/uploads\/2024\/12\/removal.ai_5b848c54-0cdf-4140-95c5-c5536bb7573b-logodef.png\",\"width\":484,\"height\":182,\"caption\":\"Aivlisoft Inform\u00e1tica\"},\"image\":{\"@id\":\"https:\/\/aivlisoft.net\/shop\/#\/schema\/logo\/image\/\"}}]}<\/script>\n<!-- \/ Yoast SEO plugin. -->","yoast_head_json":{"title":"Monolyth Armario Mural 9U SH6409 600x450 1F-1V-2L - Aivlisoft Inform\u00e1tica","robots":{"index":"index","follow":"follow","max-snippet":"max-snippet:-1","max-image-preview":"max-image-preview:large","max-video-preview":"max-video-preview:-1"},"canonical":"https:\/\/aivlisoft.net\/shop\/producto\/monolyth-armario-mural-9u-sh6409-600x450-1f-1v-2l\/","og_locale":"es_ES","og_type":"article","og_title":"Monolyth Armario Mural 9U SH6409 600x450 1F-1V-2L - Aivlisoft Inform\u00e1tica","og_description":"Marca Monolyth Modelo 201110-1 Especificaciones &#8211; Altura: 9U&#8211; Medidas: 600 x 450 x 501 mm&#8211; Peso: 19Kg&#8211; Puerta frontal de cristal.&#8211; Apertura de seguridad frontal con llave.&#8211; Laterales desmontables.&#8211; Entrada de cableado por el panel trasero y la base inferior.&#8211; Rieles de montaje ajustable.&#8211; Ubicable tanto en pared como en suelo.&#8211; Tratamiento: Desengrasado, pintura fosf&oacute;rica&hellip;&nbsp;Monolyth Armario Mural 9U SH6409 600&#215;450 1F-1V-2L","og_url":"https:\/\/aivlisoft.net\/shop\/producto\/monolyth-armario-mural-9u-sh6409-600x450-1f-1v-2l\/","og_site_name":"Aivlisoft Inform\u00e1tica","article_modified_time":"2025-01-14T10:13:41+00:00","og_image":[{"width":800,"height":800,"url":"https:\/\/aivlisoft.net\/shop\/wp-content\/uploads\/2025\/01\/ANEAAA0015_800-1.jpg","type":"image\/jpeg"}],"twitter_card":"summary_large_image","twitter_misc":{"Tiempo de lectura":"1 minuto"},"schema":{"@context":"https:\/\/schema.org","@graph":[{"@type":"WebPage","@id":"https:\/\/aivlisoft.net\/shop\/producto\/monolyth-armario-mural-9u-sh6409-600x450-1f-1v-2l\/","url":"https:\/\/aivlisoft.net\/shop\/producto\/monolyth-armario-mural-9u-sh6409-600x450-1f-1v-2l\/","name":"Monolyth Armario Mural 9U SH6409 600x450 1F-1V-2L - Aivlisoft Inform\u00e1tica","isPartOf":{"@id":"https:\/\/aivlisoft.net\/shop\/#website"},"primaryImageOfPage":{"@id":"https:\/\/aivlisoft.net\/shop\/producto\/monolyth-armario-mural-9u-sh6409-600x450-1f-1v-2l\/#primaryimage"},"image":{"@id":"https:\/\/aivlisoft.net\/shop\/producto\/monolyth-armario-mural-9u-sh6409-600x450-1f-1v-2l\/#primaryimage"},"thumbnailUrl":"https:\/\/aivlisoft.net\/shop\/wp-content\/uploads\/2025\/01\/ANEAAA0015_800-1.jpg","datePublished":"2025-01-13T13:20:54+00:00","dateModified":"2025-01-14T10:13:41+00:00","breadcrumb":{"@id":"https:\/\/aivlisoft.net\/shop\/producto\/monolyth-armario-mural-9u-sh6409-600x450-1f-1v-2l\/#breadcrumb"},"inLanguage":"es","potentialAction":[{"@type":"ReadAction","target":["https:\/\/aivlisoft.net\/shop\/producto\/monolyth-armario-mural-9u-sh6409-600x450-1f-1v-2l\/"]}]},{"@type":"ImageObject","inLanguage":"es","@id":"https:\/\/aivlisoft.net\/shop\/producto\/monolyth-armario-mural-9u-sh6409-600x450-1f-1v-2l\/#primaryimage","url":"https:\/\/aivlisoft.net\/shop\/wp-content\/uploads\/2025\/01\/ANEAAA0015_800-1.jpg","contentUrl":"https:\/\/aivlisoft.net\/shop\/wp-content\/uploads\/2025\/01\/ANEAAA0015_800-1.jpg","width":800,"height":800},{"@type":"BreadcrumbList","@id":"https:\/\/aivlisoft.net\/shop\/producto\/monolyth-armario-mural-9u-sh6409-600x450-1f-1v-2l\/#breadcrumb","itemListElement":[{"@type":"ListItem","position":1,"name":"Portada","item":"https:\/\/aivlisoft.net\/shop\/"},{"@type":"ListItem","position":2,"name":"Tienda","item":"https:\/\/aivlisoft.net\/shop\/tienda\/"},{"@type":"ListItem","position":3,"name":"Monolyth Armario Mural 9U SH6409 600&#215;450 1F-1V-2L"}]},{"@type":"WebSite","@id":"https:\/\/aivlisoft.net\/shop\/#website","url":"https:\/\/aivlisoft.net\/shop\/","name":"Aivlisoft Inform\u00e1tica","description":"En Aivlisoft Inform\u00e1tica ofrecemos soluciones tecnol\u00f3gicas para empresas: venta de ordenadores, consumibles, perif\u00e9ricos y m\u00e1s. Calidad, atenci\u00f3n personalizada y los mejores precios para tu negocio.","publisher":{"@id":"https:\/\/aivlisoft.net\/shop\/#organization"},"potentialAction":[{"@type":"SearchAction","target":{"@type":"EntryPoint","urlTemplate":"https:\/\/aivlisoft.net\/shop\/?s={search_term_string}"},"query-input":{"@type":"PropertyValueSpecification","valueRequired":true,"valueName":"search_term_string"}}],"inLanguage":"es"},{"@type":"Organization","@id":"https:\/\/aivlisoft.net\/shop\/#organization","name":"Aivlisoft Inform\u00e1tica","url":"https:\/\/aivlisoft.net\/shop\/","logo":{"@type":"ImageObject","inLanguage":"es","@id":"https:\/\/aivlisoft.net\/shop\/#\/schema\/logo\/image\/","url":"https:\/\/aivlisoft.net\/shop\/wp-content\/uploads\/2024\/12\/removal.ai_5b848c54-0cdf-4140-95c5-c5536bb7573b-logodef.png","contentUrl":"https:\/\/aivlisoft.net\/shop\/wp-content\/uploads\/2024\/12\/removal.ai_5b848c54-0cdf-4140-95c5-c5536bb7573b-logodef.png","width":484,"height":182,"caption":"Aivlisoft Inform\u00e1tica"},"image":{"@id":"https:\/\/aivlisoft.net\/shop\/#\/schema\/logo\/image\/"}}]}},"_links":{"self":[{"href":"https:\/\/aivlisoft.net\/shop\/wp-json\/wp\/v2\/product\/4601","targetHints":{"allow":["GET"]}}],"collection":[{"href":"https:\/\/aivlisoft.net\/shop\/wp-json\/wp\/v2\/product"}],"about":[{"href":"https:\/\/aivlisoft.net\/shop\/wp-json\/wp\/v2\/types\/product"}],"wp:featuredmedia":[{"embeddable":true,"href":"https:\/\/aivlisoft.net\/shop\/wp-json\/wp\/v2\/media\/4602"}],"wp:attachment":[{"href":"https:\/\/aivlisoft.net\/shop\/wp-json\/wp\/v2\/media?parent=4601"}],"wp:term":[{"taxonomy":"product_brand","embeddable":true,"href":"https:\/\/aivlisoft.net\/shop\/wp-json\/wp\/v2\/product_brand?post=4601"},{"taxonomy":"product_cat","embeddable":true,"href":"https:\/\/aivlisoft.net\/shop\/wp-json\/wp\/v2\/product_cat?post=4601"},{"taxonomy":"product_tag","embeddable":true,"href":"https:\/\/aivlisoft.net\/shop\/wp-json\/wp\/v2\/product_tag?post=4601"}],"curies":[{"name":"wp","href":"https:\/\/api.w.org\/{rel}","templated":true}]}}