{"id":4599,"date":"2025-01-13T13:20:54","date_gmt":"2025-01-13T13:20:54","guid":{"rendered":"https:\/\/aivlisoft.com\/?post_type=product&#038;p=4599"},"modified":"2025-01-14T10:13:41","modified_gmt":"2025-01-14T10:13:41","slug":"monolyth-armario-42u-sh6042-600x1000-2f-4v-1b8","status":"publish","type":"product","link":"https:\/\/aivlisoft.net\/shop\/producto\/monolyth-armario-42u-sh6042-600x1000-2f-4v-1b8\/","title":{"rendered":"Monolyth Armario 42U SH6042 600&#215;1000 2F-4V-1B8"},"content":{"rendered":"<div>\tMonolyth es una gama de armarios Rack de 19&rdquo; y accesorios para comunicaciones, redes, voz-datos, etc. Una alternativa que pretende cubrir un segmento de mercado muy definido. <br \/>\tLa soluci&oacute;n perfecta para empresas que buscan un producto polivalente, de calidad y con un coste ajustado, acorde a las exigencias actuales.<br \/>\tLa m&aacute;s variada gama de productos para el alojamiento de sistemas de comunicaci&oacute;n, con modelos dise&ntilde;ados para cubrir tanto las necesidades m&aacute;s exigentes, como tambi&eacute;n las m&aacute;s sencillas y flexibles. <br \/>\tLas soluciones Monolyth representan una opci&oacute;n calidad-costebeneficio dif&iacute;cil de igualar. Se a&ntilde;aden valores generadores de negocio tan importantes como el m&iacute;nimo tiempo de respuesta en la producci&oacute;n, el stock permanente para una entrega inmediata y la flexibilidad en los acabados o accesorios preinstalados.<\/p>\n<p>\t&#8211; Puerta frontal de cristal endurecido y transparente.<br \/>\t&#8211; Puerta trasera perforada que optimiza la ventilaci&oacute;n interior.<br \/>\t&#8211; Apertura de seguridad Handylock en puerta frontal y llave en puerta posterior.<br \/>\t&#8211; Laterales desmontables con cerradura.<\/div>\n<p><\/p>\n<table class=\"tabla_caracteristicas\" width=\"100%\">\n<tbody>\n<tr>\n<td valign=\"top\" width=\"35%\">\t\t\t\t<b><small><font face=\"Tahoma,Arial, Helvetica, sans-serif\" style=\"font-size: 11px\">Marca<\/font><\/small><\/b><\/td>\n<td valign=\"top\">\t\t\t\t<small><font face=\"Tahoma,Arial, Helvetica, sans-serif\" style=\"font-size: 11px\">Monolyth<\/font><\/small><\/td>\n<\/tr>\n<tr>\n<td valign=\"top\" width=\"35%\">\t\t\t\t<b><small><font face=\"Tahoma,Arial, Helvetica, sans-serif\" style=\"font-size: 11px\">Modelo<\/font><\/small><\/b><\/td>\n<td valign=\"top\">\t\t\t\t<small><font face=\"Tahoma,Arial, Helvetica, sans-serif\" style=\"font-size: 11px\">SH6042<br \/>\t\t\t\t<\/font><\/small><font face=\"Tahoma,Arial, Helvetica, sans-serif\" style=\"font-size: 11px\"> <\/font><\/td>\n<\/tr>\n<tr>\n<td valign=\"top\" width=\"35%\">\t\t\t\t<small><font face=\"Tahoma,Arial, Helvetica, sans-serif\" style=\"font-size: 11px\"><b>Especificaciones<\/b><\/font><\/small><\/td>\n<td valign=\"top\">\n<div>\t\t\t\t\t<small><font face=\"Tahoma,Arial, Helvetica, sans-serif\" style=\"font-size: 11px\">&#8211; Tratamiento: Desengrasado, pintura fosf&oacute;rica anti-&oacute;xido.<br \/>\t\t\t\t\t&#8211; Est&aacute;ndares: ANSI\/EIA, RS-310-D, DIN41491 PART1, DIN41491 PART7, ETSI, RoHS Directiva 2002\/95\/EC<br \/>\t\t\t\t\t&#8211; Grado de protecci&oacute;n: IP20.<br \/>\t\t\t\t\t&#8211; Carga m&aacute;xima est&aacute;tica: 800Kg (sobre pies) 400Kg (sobre ruedas).<br \/>\t\t\t\t\t&#8211; Material: Acero SPCC.<br \/>\t\t\t\t\t&#8211; Grosor de acero: Carriles de montaje 2.0 mm.<br \/>\t\t\t\t\t&#8211; &Aacute;ngulos montaje: 1,5 mm, resto 1,2mm.<br \/>\t\t\t\t\t&#8211; Color: RAL 9004 (negro) acabado liso.<\/font><\/small><\/div>\n<div>\t\t\t\t\t<small><font face=\"Tahoma,Arial, Helvetica, sans-serif\" style=\"font-size: 11px\">&#8211; Dimensiones: 600x1000x2055 mm <\/font><\/small><\/div>\n<div>\t\t\t\t\t<small><font face=\"Tahoma,Arial, Helvetica, sans-serif\" style=\"font-size: 11px\">&#8211; Peso: 121 Kg<\/font><\/small><\/div>\n<\/td>\n<\/tr>\n<tr>\n<td valign=\"top\">\t\t\t\t<b><small><font face=\"Tahoma,Arial, Helvetica, sans-serif\" style=\"font-size: 11px\">Accesorios Incluidos<br \/>\t\t\t\t<\/font><\/small><\/b><\/td>\n<td valign=\"top\">\t\t\t\t<small><font face=\"Tahoma,Arial, Helvetica, sans-serif\" style=\"font-size: 11px\">&#8211; 2 bandejas fijas.<br \/>\t\t\t\t&#8211; 4 ventiladores de techo de 120 mm.<br \/>\t\t\t\t&#8211; 1 base de enchufes de 8 tomas Schucko con interruptor.<br \/>\t\t\t\t&#8211; 4 ruedas con freno.<br \/>\t\t\t\t&#8211; Torniller&iacute;a de montaje, pies regulables en altura y juego de llaves para cerraduras incluido.<br \/>\t\t\t\t<\/font><\/small><font face=\"Tahoma,Arial, Helvetica, sans-serif\" style=\"font-size: 11px\"> <\/font><\/td>\n<\/tr>\n<tr>\n<td valign=\"top\">\t\t\t\t<b><small><font face=\"Tahoma,Arial, Helvetica, sans-serif\" style=\"font-size: 11px\">Fecha Revisi&oacute;n<\/font><\/small><\/b><\/td>\n<td valign=\"top\">\t\t\t\t<small><font face=\"Tahoma,Arial, Helvetica, sans-serif\" style=\"font-size: 11px\">11-02-2014 por JAV<br \/>\t\t\t\t<\/font><\/small><font face=\"Tahoma,Arial, Helvetica, sans-serif\" style=\"font-size: 11px\"> <\/font><\/td>\n<\/tr>\n<\/tbody>\n<\/table>\n","protected":false},"excerpt":{"rendered":"<p>Monolyth es una gama de armarios Rack de 19&rdquo; y accesorios para comunicaciones, redes, voz-datos, etc. Una alternativa que pretende cubrir un segmento de mercado muy definido. La soluci&oacute;n perfecta para empresas que buscan un producto polivalente, de calidad y con un coste ajustado, acorde a las exigencias actuales. La m&aacute;s variada gama de productos&hellip;&nbsp;<a href=\"https:\/\/aivlisoft.net\/shop\/producto\/monolyth-armario-42u-sh6042-600x1000-2f-4v-1b8\/\" rel=\"bookmark\"><span class=\"screen-reader-text\">Monolyth Armario 42U SH6042 600&#215;1000 2F-4V-1B8<\/span><\/a><\/p>\n","protected":false},"featured_media":4600,"template":"","meta":{"neve_meta_sidebar":"","neve_meta_container":"","neve_meta_enable_content_width":"","neve_meta_content_width":0,"neve_meta_title_alignment":"","neve_meta_author_avatar":"","neve_post_elements_order":"","neve_meta_disable_header":"","neve_meta_disable_footer":"","neve_meta_disable_title":""},"product_brand":[],"product_cat":[8701],"product_tag":[1401],"class_list":{"0":"post-4599","1":"product","2":"type-product","3":"status-publish","4":"has-post-thumbnail","6":"product_cat-armarios-rack-y-accesorios","7":"product_tag-1401","9":"first","10":"instock","11":"taxable","12":"shipping-taxable","13":"purchasable","14":"product-type-simple"},"yoast_head":"<!-- This site is optimized with the Yoast SEO plugin v26.0 - https:\/\/yoast.com\/wordpress\/plugins\/seo\/ -->\n<title>Monolyth Armario 42U SH6042 600x1000 2F-4V-1B8 - Aivlisoft Inform\u00e1tica<\/title>\n<meta name=\"robots\" content=\"index, follow, max-snippet:-1, max-image-preview:large, max-video-preview:-1\" \/>\n<link rel=\"canonical\" href=\"https:\/\/aivlisoft.net\/shop\/producto\/monolyth-armario-42u-sh6042-600x1000-2f-4v-1b8\/\" \/>\n<meta property=\"og:locale\" content=\"es_ES\" \/>\n<meta property=\"og:type\" content=\"article\" \/>\n<meta property=\"og:title\" content=\"Monolyth Armario 42U SH6042 600x1000 2F-4V-1B8 - Aivlisoft Inform\u00e1tica\" \/>\n<meta property=\"og:description\" content=\"Monolyth es una gama de armarios Rack de 19&rdquo; y accesorios para comunicaciones, redes, voz-datos, etc. Una alternativa que pretende cubrir un segmento de mercado muy definido. La soluci&oacute;n perfecta para empresas que buscan un producto polivalente, de calidad y con un coste ajustado, acorde a las exigencias actuales. La m&aacute;s variada gama de productos&hellip;&nbsp;Monolyth Armario 42U SH6042 600&#215;1000 2F-4V-1B8\" \/>\n<meta property=\"og:url\" content=\"https:\/\/aivlisoft.net\/shop\/producto\/monolyth-armario-42u-sh6042-600x1000-2f-4v-1b8\/\" \/>\n<meta property=\"og:site_name\" content=\"Aivlisoft Inform\u00e1tica\" \/>\n<meta property=\"article:modified_time\" content=\"2025-01-14T10:13:41+00:00\" \/>\n<meta property=\"og:image\" content=\"https:\/\/aivlisoft.net\/shop\/wp-content\/uploads\/2025\/01\/ANEAAA0006_large-1.jpg\" \/>\n\t<meta property=\"og:image:width\" content=\"400\" \/>\n\t<meta property=\"og:image:height\" content=\"400\" \/>\n\t<meta property=\"og:image:type\" content=\"image\/jpeg\" \/>\n<meta name=\"twitter:card\" content=\"summary_large_image\" \/>\n<meta name=\"twitter:label1\" content=\"Tiempo de lectura\" \/>\n\t<meta name=\"twitter:data1\" content=\"2 minutos\" \/>\n<script type=\"application\/ld+json\" class=\"yoast-schema-graph\">{\"@context\":\"https:\/\/schema.org\",\"@graph\":[{\"@type\":\"WebPage\",\"@id\":\"https:\/\/aivlisoft.net\/shop\/producto\/monolyth-armario-42u-sh6042-600x1000-2f-4v-1b8\/\",\"url\":\"https:\/\/aivlisoft.net\/shop\/producto\/monolyth-armario-42u-sh6042-600x1000-2f-4v-1b8\/\",\"name\":\"Monolyth Armario 42U SH6042 600x1000 2F-4V-1B8 - Aivlisoft Inform\u00e1tica\",\"isPartOf\":{\"@id\":\"https:\/\/aivlisoft.net\/shop\/#website\"},\"primaryImageOfPage\":{\"@id\":\"https:\/\/aivlisoft.net\/shop\/producto\/monolyth-armario-42u-sh6042-600x1000-2f-4v-1b8\/#primaryimage\"},\"image\":{\"@id\":\"https:\/\/aivlisoft.net\/shop\/producto\/monolyth-armario-42u-sh6042-600x1000-2f-4v-1b8\/#primaryimage\"},\"thumbnailUrl\":\"https:\/\/aivlisoft.net\/shop\/wp-content\/uploads\/2025\/01\/ANEAAA0006_large-1.jpg\",\"datePublished\":\"2025-01-13T13:20:54+00:00\",\"dateModified\":\"2025-01-14T10:13:41+00:00\",\"breadcrumb\":{\"@id\":\"https:\/\/aivlisoft.net\/shop\/producto\/monolyth-armario-42u-sh6042-600x1000-2f-4v-1b8\/#breadcrumb\"},\"inLanguage\":\"es\",\"potentialAction\":[{\"@type\":\"ReadAction\",\"target\":[\"https:\/\/aivlisoft.net\/shop\/producto\/monolyth-armario-42u-sh6042-600x1000-2f-4v-1b8\/\"]}]},{\"@type\":\"ImageObject\",\"inLanguage\":\"es\",\"@id\":\"https:\/\/aivlisoft.net\/shop\/producto\/monolyth-armario-42u-sh6042-600x1000-2f-4v-1b8\/#primaryimage\",\"url\":\"https:\/\/aivlisoft.net\/shop\/wp-content\/uploads\/2025\/01\/ANEAAA0006_large-1.jpg\",\"contentUrl\":\"https:\/\/aivlisoft.net\/shop\/wp-content\/uploads\/2025\/01\/ANEAAA0006_large-1.jpg\",\"width\":400,\"height\":400},{\"@type\":\"BreadcrumbList\",\"@id\":\"https:\/\/aivlisoft.net\/shop\/producto\/monolyth-armario-42u-sh6042-600x1000-2f-4v-1b8\/#breadcrumb\",\"itemListElement\":[{\"@type\":\"ListItem\",\"position\":1,\"name\":\"Portada\",\"item\":\"https:\/\/aivlisoft.net\/shop\/\"},{\"@type\":\"ListItem\",\"position\":2,\"name\":\"Tienda\",\"item\":\"https:\/\/aivlisoft.net\/shop\/tienda\/\"},{\"@type\":\"ListItem\",\"position\":3,\"name\":\"Monolyth Armario 42U SH6042 600&#215;1000 2F-4V-1B8\"}]},{\"@type\":\"WebSite\",\"@id\":\"https:\/\/aivlisoft.net\/shop\/#website\",\"url\":\"https:\/\/aivlisoft.net\/shop\/\",\"name\":\"Aivlisoft Inform\u00e1tica\",\"description\":\"En Aivlisoft Inform\u00e1tica ofrecemos soluciones tecnol\u00f3gicas para empresas: venta de ordenadores, consumibles, perif\u00e9ricos y m\u00e1s. Calidad, atenci\u00f3n personalizada y los mejores precios para tu negocio.\",\"publisher\":{\"@id\":\"https:\/\/aivlisoft.net\/shop\/#organization\"},\"potentialAction\":[{\"@type\":\"SearchAction\",\"target\":{\"@type\":\"EntryPoint\",\"urlTemplate\":\"https:\/\/aivlisoft.net\/shop\/?s={search_term_string}\"},\"query-input\":{\"@type\":\"PropertyValueSpecification\",\"valueRequired\":true,\"valueName\":\"search_term_string\"}}],\"inLanguage\":\"es\"},{\"@type\":\"Organization\",\"@id\":\"https:\/\/aivlisoft.net\/shop\/#organization\",\"name\":\"Aivlisoft Inform\u00e1tica\",\"url\":\"https:\/\/aivlisoft.net\/shop\/\",\"logo\":{\"@type\":\"ImageObject\",\"inLanguage\":\"es\",\"@id\":\"https:\/\/aivlisoft.net\/shop\/#\/schema\/logo\/image\/\",\"url\":\"https:\/\/aivlisoft.net\/shop\/wp-content\/uploads\/2024\/12\/removal.ai_5b848c54-0cdf-4140-95c5-c5536bb7573b-logodef.png\",\"contentUrl\":\"https:\/\/aivlisoft.net\/shop\/wp-content\/uploads\/2024\/12\/removal.ai_5b848c54-0cdf-4140-95c5-c5536bb7573b-logodef.png\",\"width\":484,\"height\":182,\"caption\":\"Aivlisoft Inform\u00e1tica\"},\"image\":{\"@id\":\"https:\/\/aivlisoft.net\/shop\/#\/schema\/logo\/image\/\"}}]}<\/script>\n<!-- \/ Yoast SEO plugin. -->","yoast_head_json":{"title":"Monolyth Armario 42U SH6042 600x1000 2F-4V-1B8 - Aivlisoft Inform\u00e1tica","robots":{"index":"index","follow":"follow","max-snippet":"max-snippet:-1","max-image-preview":"max-image-preview:large","max-video-preview":"max-video-preview:-1"},"canonical":"https:\/\/aivlisoft.net\/shop\/producto\/monolyth-armario-42u-sh6042-600x1000-2f-4v-1b8\/","og_locale":"es_ES","og_type":"article","og_title":"Monolyth Armario 42U SH6042 600x1000 2F-4V-1B8 - Aivlisoft Inform\u00e1tica","og_description":"Monolyth es una gama de armarios Rack de 19&rdquo; y accesorios para comunicaciones, redes, voz-datos, etc. Una alternativa que pretende cubrir un segmento de mercado muy definido. La soluci&oacute;n perfecta para empresas que buscan un producto polivalente, de calidad y con un coste ajustado, acorde a las exigencias actuales. La m&aacute;s variada gama de productos&hellip;&nbsp;Monolyth Armario 42U SH6042 600&#215;1000 2F-4V-1B8","og_url":"https:\/\/aivlisoft.net\/shop\/producto\/monolyth-armario-42u-sh6042-600x1000-2f-4v-1b8\/","og_site_name":"Aivlisoft Inform\u00e1tica","article_modified_time":"2025-01-14T10:13:41+00:00","og_image":[{"width":400,"height":400,"url":"https:\/\/aivlisoft.net\/shop\/wp-content\/uploads\/2025\/01\/ANEAAA0006_large-1.jpg","type":"image\/jpeg"}],"twitter_card":"summary_large_image","twitter_misc":{"Tiempo de lectura":"2 minutos"},"schema":{"@context":"https:\/\/schema.org","@graph":[{"@type":"WebPage","@id":"https:\/\/aivlisoft.net\/shop\/producto\/monolyth-armario-42u-sh6042-600x1000-2f-4v-1b8\/","url":"https:\/\/aivlisoft.net\/shop\/producto\/monolyth-armario-42u-sh6042-600x1000-2f-4v-1b8\/","name":"Monolyth Armario 42U SH6042 600x1000 2F-4V-1B8 - Aivlisoft Inform\u00e1tica","isPartOf":{"@id":"https:\/\/aivlisoft.net\/shop\/#website"},"primaryImageOfPage":{"@id":"https:\/\/aivlisoft.net\/shop\/producto\/monolyth-armario-42u-sh6042-600x1000-2f-4v-1b8\/#primaryimage"},"image":{"@id":"https:\/\/aivlisoft.net\/shop\/producto\/monolyth-armario-42u-sh6042-600x1000-2f-4v-1b8\/#primaryimage"},"thumbnailUrl":"https:\/\/aivlisoft.net\/shop\/wp-content\/uploads\/2025\/01\/ANEAAA0006_large-1.jpg","datePublished":"2025-01-13T13:20:54+00:00","dateModified":"2025-01-14T10:13:41+00:00","breadcrumb":{"@id":"https:\/\/aivlisoft.net\/shop\/producto\/monolyth-armario-42u-sh6042-600x1000-2f-4v-1b8\/#breadcrumb"},"inLanguage":"es","potentialAction":[{"@type":"ReadAction","target":["https:\/\/aivlisoft.net\/shop\/producto\/monolyth-armario-42u-sh6042-600x1000-2f-4v-1b8\/"]}]},{"@type":"ImageObject","inLanguage":"es","@id":"https:\/\/aivlisoft.net\/shop\/producto\/monolyth-armario-42u-sh6042-600x1000-2f-4v-1b8\/#primaryimage","url":"https:\/\/aivlisoft.net\/shop\/wp-content\/uploads\/2025\/01\/ANEAAA0006_large-1.jpg","contentUrl":"https:\/\/aivlisoft.net\/shop\/wp-content\/uploads\/2025\/01\/ANEAAA0006_large-1.jpg","width":400,"height":400},{"@type":"BreadcrumbList","@id":"https:\/\/aivlisoft.net\/shop\/producto\/monolyth-armario-42u-sh6042-600x1000-2f-4v-1b8\/#breadcrumb","itemListElement":[{"@type":"ListItem","position":1,"name":"Portada","item":"https:\/\/aivlisoft.net\/shop\/"},{"@type":"ListItem","position":2,"name":"Tienda","item":"https:\/\/aivlisoft.net\/shop\/tienda\/"},{"@type":"ListItem","position":3,"name":"Monolyth Armario 42U SH6042 600&#215;1000 2F-4V-1B8"}]},{"@type":"WebSite","@id":"https:\/\/aivlisoft.net\/shop\/#website","url":"https:\/\/aivlisoft.net\/shop\/","name":"Aivlisoft Inform\u00e1tica","description":"En Aivlisoft Inform\u00e1tica ofrecemos soluciones tecnol\u00f3gicas para empresas: venta de ordenadores, consumibles, perif\u00e9ricos y m\u00e1s. Calidad, atenci\u00f3n personalizada y los mejores precios para tu negocio.","publisher":{"@id":"https:\/\/aivlisoft.net\/shop\/#organization"},"potentialAction":[{"@type":"SearchAction","target":{"@type":"EntryPoint","urlTemplate":"https:\/\/aivlisoft.net\/shop\/?s={search_term_string}"},"query-input":{"@type":"PropertyValueSpecification","valueRequired":true,"valueName":"search_term_string"}}],"inLanguage":"es"},{"@type":"Organization","@id":"https:\/\/aivlisoft.net\/shop\/#organization","name":"Aivlisoft Inform\u00e1tica","url":"https:\/\/aivlisoft.net\/shop\/","logo":{"@type":"ImageObject","inLanguage":"es","@id":"https:\/\/aivlisoft.net\/shop\/#\/schema\/logo\/image\/","url":"https:\/\/aivlisoft.net\/shop\/wp-content\/uploads\/2024\/12\/removal.ai_5b848c54-0cdf-4140-95c5-c5536bb7573b-logodef.png","contentUrl":"https:\/\/aivlisoft.net\/shop\/wp-content\/uploads\/2024\/12\/removal.ai_5b848c54-0cdf-4140-95c5-c5536bb7573b-logodef.png","width":484,"height":182,"caption":"Aivlisoft Inform\u00e1tica"},"image":{"@id":"https:\/\/aivlisoft.net\/shop\/#\/schema\/logo\/image\/"}}]}},"_links":{"self":[{"href":"https:\/\/aivlisoft.net\/shop\/wp-json\/wp\/v2\/product\/4599","targetHints":{"allow":["GET"]}}],"collection":[{"href":"https:\/\/aivlisoft.net\/shop\/wp-json\/wp\/v2\/product"}],"about":[{"href":"https:\/\/aivlisoft.net\/shop\/wp-json\/wp\/v2\/types\/product"}],"wp:featuredmedia":[{"embeddable":true,"href":"https:\/\/aivlisoft.net\/shop\/wp-json\/wp\/v2\/media\/4600"}],"wp:attachment":[{"href":"https:\/\/aivlisoft.net\/shop\/wp-json\/wp\/v2\/media?parent=4599"}],"wp:term":[{"taxonomy":"product_brand","embeddable":true,"href":"https:\/\/aivlisoft.net\/shop\/wp-json\/wp\/v2\/product_brand?post=4599"},{"taxonomy":"product_cat","embeddable":true,"href":"https:\/\/aivlisoft.net\/shop\/wp-json\/wp\/v2\/product_cat?post=4599"},{"taxonomy":"product_tag","embeddable":true,"href":"https:\/\/aivlisoft.net\/shop\/wp-json\/wp\/v2\/product_tag?post=4599"}],"curies":[{"name":"wp","href":"https:\/\/api.w.org\/{rel}","templated":true}]}}