{"id":4584,"date":"2025-01-13T13:20:48","date_gmt":"2025-01-13T13:20:48","guid":{"rendered":"https:\/\/aivlisoft.com\/?post_type=product&#038;p=4584"},"modified":"2025-01-14T10:13:35","modified_gmt":"2025-01-14T10:13:35","slug":"ewent-ew5600-limpiador-de-aire-works-upside-down-2","status":"publish","type":"product","link":"https:\/\/aivlisoft.net\/shop\/producto\/ewent-ew5600-limpiador-de-aire-works-upside-down-2\/","title":{"rendered":"EWENT EW5600 Limpiador de Aire Works upside down 2"},"content":{"rendered":"<p>El limpiador de Aire EW5600 es un potente y efectivo espray que remueve efectivamente la suciedad y el polvo de los teclados, impresoras y otros equipamientos electr&oacute;nicos. El Limpiador de Aire limpia largas superficies y peque&ntilde;os corners. Solo removiendo la suciedad de su Teclado, usted no solo trabajar&aacute; m&aacute;s comodamentes en su trabajo, si no que prolongar&aacute; la vida de su productos. Lo mismo que lo de sus valiosos productos electronicos.<\/p>\n<p><strong>Dif&iacute;cil de alcanzar lugares para limpiar<\/strong><br \/>Para sitios dificiles de limpiar , el Limpiador de Aire EW5600 viene con un practico tubo de extensi&oacute;n.<\/p>\n<p><strong>Aplicaciones<\/strong><br \/>Perfecto para limpiar equipamientos electronicos, como Ordenadores, Teclados, Impresoras, Radios, Televisiones, Grabadores de Videos, copiadoras, equipamiento de oficinas, c&aacute;maras de filmar, maquinas<\/p>\n<p><em>*Cuando use el Limpiador de Aire EW5600 recuerde de apagar sus aparatos electr&oacute;nicos y espere hasta que el gas se haya evaporado andes de enceder los dispositivos. <\/em><\/p>\n<table class=\"tabla_caracteristicas k-table\" width=\"100%\">\n<tr>\n<td><strong>Marca<\/strong><\/td>\n<td>Ewent<\/td>\n<\/tr>\n<tr>\n<td><strong>Modelo<\/strong><\/td>\n<td><strong>EW5600<\/strong><\/td>\n<\/tr>\n<tr>\n<td valign=\"top\"><strong>Caracter&iacute;sticas<\/strong><\/td>\n<td>&#8211; Elimina todos los restos depositados en lugares delicados<br \/>\t\t\t&#8211; Adecuado para limpiar teclados, impresoras y equipos el&eacute;ctricos<br \/>\t\t\t&#8211; Con el tubo prolongador tambi&eacute;n se pueden limpiar las zonas inaccesibles<br \/>\t\t\t&#8211; No perjudica a la capa de ozono<br \/>\t\t\t&#8211; Capacidad: 220ml<\/td>\n<\/tr>\n<tr>\n<td><strong>Fecha de revisi&oacute;n<\/strong><\/td>\n<td>12-05-2022 por MPM<\/td>\n<\/tr>\n<\/table>\n","protected":false},"excerpt":{"rendered":"<p>El limpiador de Aire EW5600 es un potente y efectivo espray que remueve efectivamente la suciedad y el polvo de los teclados, impresoras y otros equipamientos electr&oacute;nicos. El Limpiador de Aire limpia largas superficies y peque&ntilde;os corners. Solo removiendo la suciedad de su Teclado, usted no solo trabajar&aacute; m&aacute;s comodamentes en su trabajo, si no&hellip;&nbsp;<a href=\"https:\/\/aivlisoft.net\/shop\/producto\/ewent-ew5600-limpiador-de-aire-works-upside-down-2\/\" rel=\"bookmark\"><span class=\"screen-reader-text\">EWENT EW5600 Limpiador de Aire Works upside down 2<\/span><\/a><\/p>\n","protected":false},"featured_media":4585,"template":"","meta":{"neve_meta_sidebar":"","neve_meta_container":"","neve_meta_enable_content_width":"","neve_meta_content_width":0,"neve_meta_title_alignment":"","neve_meta_author_avatar":"","neve_post_elements_order":"","neve_meta_disable_header":"","neve_meta_disable_footer":"","neve_meta_disable_title":""},"product_brand":[],"product_cat":[8700],"product_tag":[1395],"class_list":{"0":"post-4584","1":"product","2":"type-product","3":"status-publish","4":"has-post-thumbnail","6":"product_cat-limpieza-ordenador","7":"product_tag-ew5600","9":"first","10":"instock","11":"taxable","12":"shipping-taxable","13":"purchasable","14":"product-type-simple"},"yoast_head":"<!-- This site is optimized with the Yoast SEO plugin v26.0 - https:\/\/yoast.com\/wordpress\/plugins\/seo\/ -->\n<title>EWENT EW5600 Limpiador de Aire Works upside down 2 - Aivlisoft Inform\u00e1tica<\/title>\n<meta name=\"robots\" content=\"index, follow, max-snippet:-1, max-image-preview:large, max-video-preview:-1\" \/>\n<link rel=\"canonical\" href=\"https:\/\/aivlisoft.net\/shop\/producto\/ewent-ew5600-limpiador-de-aire-works-upside-down-2\/\" \/>\n<meta property=\"og:locale\" content=\"es_ES\" \/>\n<meta property=\"og:type\" content=\"article\" \/>\n<meta property=\"og:title\" content=\"EWENT EW5600 Limpiador de Aire Works upside down 2 - Aivlisoft Inform\u00e1tica\" \/>\n<meta property=\"og:description\" content=\"El limpiador de Aire EW5600 es un potente y efectivo espray que remueve efectivamente la suciedad y el polvo de los teclados, impresoras y otros equipamientos electr&oacute;nicos. El Limpiador de Aire limpia largas superficies y peque&ntilde;os corners. Solo removiendo la suciedad de su Teclado, usted no solo trabajar&aacute; m&aacute;s comodamentes en su trabajo, si no&hellip;&nbsp;EWENT EW5600 Limpiador de Aire Works upside down 2\" \/>\n<meta property=\"og:url\" content=\"https:\/\/aivlisoft.net\/shop\/producto\/ewent-ew5600-limpiador-de-aire-works-upside-down-2\/\" \/>\n<meta property=\"og:site_name\" content=\"Aivlisoft Inform\u00e1tica\" \/>\n<meta property=\"article:modified_time\" content=\"2025-01-14T10:13:35+00:00\" \/>\n<meta property=\"og:image\" content=\"https:\/\/aivlisoft.net\/shop\/wp-content\/uploads\/2025\/01\/ALIALO0034_800-1.jpg\" \/>\n\t<meta property=\"og:image:width\" content=\"800\" \/>\n\t<meta property=\"og:image:height\" content=\"800\" \/>\n\t<meta property=\"og:image:type\" content=\"image\/jpeg\" \/>\n<meta name=\"twitter:card\" content=\"summary_large_image\" \/>\n<meta name=\"twitter:label1\" content=\"Tiempo de lectura\" \/>\n\t<meta name=\"twitter:data1\" content=\"1 minuto\" \/>\n<script type=\"application\/ld+json\" class=\"yoast-schema-graph\">{\"@context\":\"https:\/\/schema.org\",\"@graph\":[{\"@type\":\"WebPage\",\"@id\":\"https:\/\/aivlisoft.net\/shop\/producto\/ewent-ew5600-limpiador-de-aire-works-upside-down-2\/\",\"url\":\"https:\/\/aivlisoft.net\/shop\/producto\/ewent-ew5600-limpiador-de-aire-works-upside-down-2\/\",\"name\":\"EWENT EW5600 Limpiador de Aire Works upside down 2 - Aivlisoft Inform\u00e1tica\",\"isPartOf\":{\"@id\":\"https:\/\/aivlisoft.net\/shop\/#website\"},\"primaryImageOfPage\":{\"@id\":\"https:\/\/aivlisoft.net\/shop\/producto\/ewent-ew5600-limpiador-de-aire-works-upside-down-2\/#primaryimage\"},\"image\":{\"@id\":\"https:\/\/aivlisoft.net\/shop\/producto\/ewent-ew5600-limpiador-de-aire-works-upside-down-2\/#primaryimage\"},\"thumbnailUrl\":\"https:\/\/aivlisoft.net\/shop\/wp-content\/uploads\/2025\/01\/ALIALO0034_800-1.jpg\",\"datePublished\":\"2025-01-13T13:20:48+00:00\",\"dateModified\":\"2025-01-14T10:13:35+00:00\",\"breadcrumb\":{\"@id\":\"https:\/\/aivlisoft.net\/shop\/producto\/ewent-ew5600-limpiador-de-aire-works-upside-down-2\/#breadcrumb\"},\"inLanguage\":\"es\",\"potentialAction\":[{\"@type\":\"ReadAction\",\"target\":[\"https:\/\/aivlisoft.net\/shop\/producto\/ewent-ew5600-limpiador-de-aire-works-upside-down-2\/\"]}]},{\"@type\":\"ImageObject\",\"inLanguage\":\"es\",\"@id\":\"https:\/\/aivlisoft.net\/shop\/producto\/ewent-ew5600-limpiador-de-aire-works-upside-down-2\/#primaryimage\",\"url\":\"https:\/\/aivlisoft.net\/shop\/wp-content\/uploads\/2025\/01\/ALIALO0034_800-1.jpg\",\"contentUrl\":\"https:\/\/aivlisoft.net\/shop\/wp-content\/uploads\/2025\/01\/ALIALO0034_800-1.jpg\",\"width\":800,\"height\":800},{\"@type\":\"BreadcrumbList\",\"@id\":\"https:\/\/aivlisoft.net\/shop\/producto\/ewent-ew5600-limpiador-de-aire-works-upside-down-2\/#breadcrumb\",\"itemListElement\":[{\"@type\":\"ListItem\",\"position\":1,\"name\":\"Portada\",\"item\":\"https:\/\/aivlisoft.net\/shop\/\"},{\"@type\":\"ListItem\",\"position\":2,\"name\":\"Tienda\",\"item\":\"https:\/\/aivlisoft.net\/shop\/tienda\/\"},{\"@type\":\"ListItem\",\"position\":3,\"name\":\"EWENT EW5600 Limpiador de Aire Works upside down 2\"}]},{\"@type\":\"WebSite\",\"@id\":\"https:\/\/aivlisoft.net\/shop\/#website\",\"url\":\"https:\/\/aivlisoft.net\/shop\/\",\"name\":\"Aivlisoft Inform\u00e1tica\",\"description\":\"En Aivlisoft Inform\u00e1tica ofrecemos soluciones tecnol\u00f3gicas para empresas: venta de ordenadores, consumibles, perif\u00e9ricos y m\u00e1s. Calidad, atenci\u00f3n personalizada y los mejores precios para tu negocio.\",\"publisher\":{\"@id\":\"https:\/\/aivlisoft.net\/shop\/#organization\"},\"potentialAction\":[{\"@type\":\"SearchAction\",\"target\":{\"@type\":\"EntryPoint\",\"urlTemplate\":\"https:\/\/aivlisoft.net\/shop\/?s={search_term_string}\"},\"query-input\":{\"@type\":\"PropertyValueSpecification\",\"valueRequired\":true,\"valueName\":\"search_term_string\"}}],\"inLanguage\":\"es\"},{\"@type\":\"Organization\",\"@id\":\"https:\/\/aivlisoft.net\/shop\/#organization\",\"name\":\"Aivlisoft Inform\u00e1tica\",\"url\":\"https:\/\/aivlisoft.net\/shop\/\",\"logo\":{\"@type\":\"ImageObject\",\"inLanguage\":\"es\",\"@id\":\"https:\/\/aivlisoft.net\/shop\/#\/schema\/logo\/image\/\",\"url\":\"https:\/\/aivlisoft.net\/shop\/wp-content\/uploads\/2024\/12\/removal.ai_5b848c54-0cdf-4140-95c5-c5536bb7573b-logodef.png\",\"contentUrl\":\"https:\/\/aivlisoft.net\/shop\/wp-content\/uploads\/2024\/12\/removal.ai_5b848c54-0cdf-4140-95c5-c5536bb7573b-logodef.png\",\"width\":484,\"height\":182,\"caption\":\"Aivlisoft Inform\u00e1tica\"},\"image\":{\"@id\":\"https:\/\/aivlisoft.net\/shop\/#\/schema\/logo\/image\/\"}}]}<\/script>\n<!-- \/ Yoast SEO plugin. -->","yoast_head_json":{"title":"EWENT EW5600 Limpiador de Aire Works upside down 2 - Aivlisoft Inform\u00e1tica","robots":{"index":"index","follow":"follow","max-snippet":"max-snippet:-1","max-image-preview":"max-image-preview:large","max-video-preview":"max-video-preview:-1"},"canonical":"https:\/\/aivlisoft.net\/shop\/producto\/ewent-ew5600-limpiador-de-aire-works-upside-down-2\/","og_locale":"es_ES","og_type":"article","og_title":"EWENT EW5600 Limpiador de Aire Works upside down 2 - Aivlisoft Inform\u00e1tica","og_description":"El limpiador de Aire EW5600 es un potente y efectivo espray que remueve efectivamente la suciedad y el polvo de los teclados, impresoras y otros equipamientos electr&oacute;nicos. El Limpiador de Aire limpia largas superficies y peque&ntilde;os corners. Solo removiendo la suciedad de su Teclado, usted no solo trabajar&aacute; m&aacute;s comodamentes en su trabajo, si no&hellip;&nbsp;EWENT EW5600 Limpiador de Aire Works upside down 2","og_url":"https:\/\/aivlisoft.net\/shop\/producto\/ewent-ew5600-limpiador-de-aire-works-upside-down-2\/","og_site_name":"Aivlisoft Inform\u00e1tica","article_modified_time":"2025-01-14T10:13:35+00:00","og_image":[{"width":800,"height":800,"url":"https:\/\/aivlisoft.net\/shop\/wp-content\/uploads\/2025\/01\/ALIALO0034_800-1.jpg","type":"image\/jpeg"}],"twitter_card":"summary_large_image","twitter_misc":{"Tiempo de lectura":"1 minuto"},"schema":{"@context":"https:\/\/schema.org","@graph":[{"@type":"WebPage","@id":"https:\/\/aivlisoft.net\/shop\/producto\/ewent-ew5600-limpiador-de-aire-works-upside-down-2\/","url":"https:\/\/aivlisoft.net\/shop\/producto\/ewent-ew5600-limpiador-de-aire-works-upside-down-2\/","name":"EWENT EW5600 Limpiador de Aire Works upside down 2 - Aivlisoft Inform\u00e1tica","isPartOf":{"@id":"https:\/\/aivlisoft.net\/shop\/#website"},"primaryImageOfPage":{"@id":"https:\/\/aivlisoft.net\/shop\/producto\/ewent-ew5600-limpiador-de-aire-works-upside-down-2\/#primaryimage"},"image":{"@id":"https:\/\/aivlisoft.net\/shop\/producto\/ewent-ew5600-limpiador-de-aire-works-upside-down-2\/#primaryimage"},"thumbnailUrl":"https:\/\/aivlisoft.net\/shop\/wp-content\/uploads\/2025\/01\/ALIALO0034_800-1.jpg","datePublished":"2025-01-13T13:20:48+00:00","dateModified":"2025-01-14T10:13:35+00:00","breadcrumb":{"@id":"https:\/\/aivlisoft.net\/shop\/producto\/ewent-ew5600-limpiador-de-aire-works-upside-down-2\/#breadcrumb"},"inLanguage":"es","potentialAction":[{"@type":"ReadAction","target":["https:\/\/aivlisoft.net\/shop\/producto\/ewent-ew5600-limpiador-de-aire-works-upside-down-2\/"]}]},{"@type":"ImageObject","inLanguage":"es","@id":"https:\/\/aivlisoft.net\/shop\/producto\/ewent-ew5600-limpiador-de-aire-works-upside-down-2\/#primaryimage","url":"https:\/\/aivlisoft.net\/shop\/wp-content\/uploads\/2025\/01\/ALIALO0034_800-1.jpg","contentUrl":"https:\/\/aivlisoft.net\/shop\/wp-content\/uploads\/2025\/01\/ALIALO0034_800-1.jpg","width":800,"height":800},{"@type":"BreadcrumbList","@id":"https:\/\/aivlisoft.net\/shop\/producto\/ewent-ew5600-limpiador-de-aire-works-upside-down-2\/#breadcrumb","itemListElement":[{"@type":"ListItem","position":1,"name":"Portada","item":"https:\/\/aivlisoft.net\/shop\/"},{"@type":"ListItem","position":2,"name":"Tienda","item":"https:\/\/aivlisoft.net\/shop\/tienda\/"},{"@type":"ListItem","position":3,"name":"EWENT EW5600 Limpiador de Aire Works upside down 2"}]},{"@type":"WebSite","@id":"https:\/\/aivlisoft.net\/shop\/#website","url":"https:\/\/aivlisoft.net\/shop\/","name":"Aivlisoft Inform\u00e1tica","description":"En Aivlisoft Inform\u00e1tica ofrecemos soluciones tecnol\u00f3gicas para empresas: venta de ordenadores, consumibles, perif\u00e9ricos y m\u00e1s. Calidad, atenci\u00f3n personalizada y los mejores precios para tu negocio.","publisher":{"@id":"https:\/\/aivlisoft.net\/shop\/#organization"},"potentialAction":[{"@type":"SearchAction","target":{"@type":"EntryPoint","urlTemplate":"https:\/\/aivlisoft.net\/shop\/?s={search_term_string}"},"query-input":{"@type":"PropertyValueSpecification","valueRequired":true,"valueName":"search_term_string"}}],"inLanguage":"es"},{"@type":"Organization","@id":"https:\/\/aivlisoft.net\/shop\/#organization","name":"Aivlisoft Inform\u00e1tica","url":"https:\/\/aivlisoft.net\/shop\/","logo":{"@type":"ImageObject","inLanguage":"es","@id":"https:\/\/aivlisoft.net\/shop\/#\/schema\/logo\/image\/","url":"https:\/\/aivlisoft.net\/shop\/wp-content\/uploads\/2024\/12\/removal.ai_5b848c54-0cdf-4140-95c5-c5536bb7573b-logodef.png","contentUrl":"https:\/\/aivlisoft.net\/shop\/wp-content\/uploads\/2024\/12\/removal.ai_5b848c54-0cdf-4140-95c5-c5536bb7573b-logodef.png","width":484,"height":182,"caption":"Aivlisoft Inform\u00e1tica"},"image":{"@id":"https:\/\/aivlisoft.net\/shop\/#\/schema\/logo\/image\/"}}]}},"_links":{"self":[{"href":"https:\/\/aivlisoft.net\/shop\/wp-json\/wp\/v2\/product\/4584","targetHints":{"allow":["GET"]}}],"collection":[{"href":"https:\/\/aivlisoft.net\/shop\/wp-json\/wp\/v2\/product"}],"about":[{"href":"https:\/\/aivlisoft.net\/shop\/wp-json\/wp\/v2\/types\/product"}],"wp:featuredmedia":[{"embeddable":true,"href":"https:\/\/aivlisoft.net\/shop\/wp-json\/wp\/v2\/media\/4585"}],"wp:attachment":[{"href":"https:\/\/aivlisoft.net\/shop\/wp-json\/wp\/v2\/media?parent=4584"}],"wp:term":[{"taxonomy":"product_brand","embeddable":true,"href":"https:\/\/aivlisoft.net\/shop\/wp-json\/wp\/v2\/product_brand?post=4584"},{"taxonomy":"product_cat","embeddable":true,"href":"https:\/\/aivlisoft.net\/shop\/wp-json\/wp\/v2\/product_cat?post=4584"},{"taxonomy":"product_tag","embeddable":true,"href":"https:\/\/aivlisoft.net\/shop\/wp-json\/wp\/v2\/product_tag?post=4584"}],"curies":[{"name":"wp","href":"https:\/\/api.w.org\/{rel}","templated":true}]}}