{"id":4559,"date":"2025-01-13T13:20:39","date_gmt":"2025-01-13T13:20:39","guid":{"rendered":"https:\/\/aivlisoft.com\/?post_type=product&#038;p=4559"},"modified":"2025-01-14T10:13:25","modified_gmt":"2025-01-14T10:13:25","slug":"intenso-pila-alcalina-energy-ultra-clr14-pack-2","status":"publish","type":"product","link":"https:\/\/aivlisoft.net\/shop\/producto\/intenso-pila-alcalina-energy-ultra-clr14-pack-2\/","title":{"rendered":"Intenso Pila Alcalina energy ultra CLR14 Pack-2"},"content":{"rendered":"<p><\/p>\n<table class=\"tabla_caracteristicas k-table\" width=\"100%\">\n<tbody>\n<tr>\n<td><strong>Marca<\/strong><\/td>\n<td>Intenso<\/td>\n<\/tr>\n<tr>\n<td><strong>Modelo<\/strong><\/td>\n<td><strong>7501432<\/strong><\/td>\n<\/tr>\n<tr>\n<td><strong>Caracteristicas<\/strong><\/td>\n<td>&#8211; Tipo de bater&iacute;a: Manganeso alcalino (sin mercurio)<br \/>&#8211; Tama&ntilde;o de la bater&iacute;a: IEC: <strong>LR14<\/strong>, ANSI: <strong>C<\/strong><br \/>&#8211; Cantidad: 2 Uds.<br \/>&#8211; Sistema qu&iacute;mico: Zinc, EMD, hidr&oacute;xido de potasio, Grafito<br \/>&#8211; Voltaje normal: 1.5V<br \/>&#8211; Capacidad nominal: 8000 mAh<br \/>&#8211; Est&aacute;ndar de referencia: IEC 60086-1, IEC 60086-2<br \/>&#8211; Vida &uacute;til: 5 a&ntilde;os.<br \/>&#8211; Peso: 73 g<br \/>&#8211; Di&aacute;metro: 26 mm<br \/>&#8211; Altura: 50 mm.<\/td>\n<\/tr>\n<tr>\n<td><strong>Fecha de revisi&oacute;n<\/strong><\/td>\n<td>05-03-2019 por MSB<\/td>\n<\/tr>\n<\/tbody>\n<\/table>\n","protected":false},"excerpt":{"rendered":"<p>Marca Intenso Modelo 7501432 Caracteristicas &#8211; Tipo de bater&iacute;a: Manganeso alcalino (sin mercurio)&#8211; Tama&ntilde;o de la bater&iacute;a: IEC: LR14, ANSI: C&#8211; Cantidad: 2 Uds.&#8211; Sistema qu&iacute;mico: Zinc, EMD, hidr&oacute;xido de potasio, Grafito&#8211; Voltaje normal: 1.5V&#8211; Capacidad nominal: 8000 mAh&#8211; Est&aacute;ndar de referencia: IEC 60086-1, IEC 60086-2&#8211; Vida &uacute;til: 5 a&ntilde;os.&#8211; Peso: 73 g&#8211; Di&aacute;metro: 26&hellip;&nbsp;<a href=\"https:\/\/aivlisoft.net\/shop\/producto\/intenso-pila-alcalina-energy-ultra-clr14-pack-2\/\" rel=\"bookmark\"><span class=\"screen-reader-text\">Intenso Pila Alcalina energy ultra CLR14 Pack-2<\/span><\/a><\/p>\n","protected":false},"featured_media":4560,"template":"","meta":{"neve_meta_sidebar":"","neve_meta_container":"","neve_meta_enable_content_width":"","neve_meta_content_width":0,"neve_meta_title_alignment":"","neve_meta_author_avatar":"","neve_post_elements_order":"","neve_meta_disable_header":"","neve_meta_disable_footer":"","neve_meta_disable_title":""},"product_brand":[],"product_cat":[8698],"product_tag":[1383],"class_list":{"0":"post-4559","1":"product","2":"type-product","3":"status-publish","4":"has-post-thumbnail","6":"product_cat-pilas-y-cargadores","7":"product_tag-1383","9":"first","10":"instock","11":"taxable","12":"shipping-taxable","13":"purchasable","14":"product-type-simple"},"yoast_head":"<!-- This site is optimized with the Yoast SEO plugin v26.0 - https:\/\/yoast.com\/wordpress\/plugins\/seo\/ -->\n<title>Intenso Pila Alcalina energy ultra CLR14 Pack-2 - Aivlisoft Inform\u00e1tica<\/title>\n<meta name=\"robots\" content=\"index, follow, max-snippet:-1, max-image-preview:large, max-video-preview:-1\" \/>\n<link rel=\"canonical\" href=\"https:\/\/aivlisoft.net\/shop\/producto\/intenso-pila-alcalina-energy-ultra-clr14-pack-2\/\" \/>\n<meta property=\"og:locale\" content=\"es_ES\" \/>\n<meta property=\"og:type\" content=\"article\" \/>\n<meta property=\"og:title\" content=\"Intenso Pila Alcalina energy ultra CLR14 Pack-2 - Aivlisoft Inform\u00e1tica\" \/>\n<meta property=\"og:description\" content=\"Marca Intenso Modelo 7501432 Caracteristicas &#8211; Tipo de bater&iacute;a: Manganeso alcalino (sin mercurio)&#8211; Tama&ntilde;o de la bater&iacute;a: IEC: LR14, ANSI: C&#8211; Cantidad: 2 Uds.&#8211; Sistema qu&iacute;mico: Zinc, EMD, hidr&oacute;xido de potasio, Grafito&#8211; Voltaje normal: 1.5V&#8211; Capacidad nominal: 8000 mAh&#8211; Est&aacute;ndar de referencia: IEC 60086-1, IEC 60086-2&#8211; Vida &uacute;til: 5 a&ntilde;os.&#8211; Peso: 73 g&#8211; Di&aacute;metro: 26&hellip;&nbsp;Intenso Pila Alcalina energy ultra CLR14 Pack-2\" \/>\n<meta property=\"og:url\" content=\"https:\/\/aivlisoft.net\/shop\/producto\/intenso-pila-alcalina-energy-ultra-clr14-pack-2\/\" \/>\n<meta property=\"og:site_name\" content=\"Aivlisoft Inform\u00e1tica\" \/>\n<meta property=\"article:modified_time\" content=\"2025-01-14T10:13:25+00:00\" \/>\n<meta property=\"og:image\" content=\"https:\/\/aivlisoft.net\/shop\/wp-content\/uploads\/2025\/01\/AISPIL0149_800-1.jpg\" \/>\n\t<meta property=\"og:image:width\" content=\"800\" \/>\n\t<meta property=\"og:image:height\" content=\"800\" \/>\n\t<meta property=\"og:image:type\" content=\"image\/jpeg\" \/>\n<meta name=\"twitter:card\" content=\"summary_large_image\" \/>\n<script type=\"application\/ld+json\" class=\"yoast-schema-graph\">{\"@context\":\"https:\/\/schema.org\",\"@graph\":[{\"@type\":\"WebPage\",\"@id\":\"https:\/\/aivlisoft.net\/shop\/producto\/intenso-pila-alcalina-energy-ultra-clr14-pack-2\/\",\"url\":\"https:\/\/aivlisoft.net\/shop\/producto\/intenso-pila-alcalina-energy-ultra-clr14-pack-2\/\",\"name\":\"Intenso Pila Alcalina energy ultra CLR14 Pack-2 - Aivlisoft Inform\u00e1tica\",\"isPartOf\":{\"@id\":\"https:\/\/aivlisoft.net\/shop\/#website\"},\"primaryImageOfPage\":{\"@id\":\"https:\/\/aivlisoft.net\/shop\/producto\/intenso-pila-alcalina-energy-ultra-clr14-pack-2\/#primaryimage\"},\"image\":{\"@id\":\"https:\/\/aivlisoft.net\/shop\/producto\/intenso-pila-alcalina-energy-ultra-clr14-pack-2\/#primaryimage\"},\"thumbnailUrl\":\"https:\/\/aivlisoft.net\/shop\/wp-content\/uploads\/2025\/01\/AISPIL0149_800-1.jpg\",\"datePublished\":\"2025-01-13T13:20:39+00:00\",\"dateModified\":\"2025-01-14T10:13:25+00:00\",\"breadcrumb\":{\"@id\":\"https:\/\/aivlisoft.net\/shop\/producto\/intenso-pila-alcalina-energy-ultra-clr14-pack-2\/#breadcrumb\"},\"inLanguage\":\"es\",\"potentialAction\":[{\"@type\":\"ReadAction\",\"target\":[\"https:\/\/aivlisoft.net\/shop\/producto\/intenso-pila-alcalina-energy-ultra-clr14-pack-2\/\"]}]},{\"@type\":\"ImageObject\",\"inLanguage\":\"es\",\"@id\":\"https:\/\/aivlisoft.net\/shop\/producto\/intenso-pila-alcalina-energy-ultra-clr14-pack-2\/#primaryimage\",\"url\":\"https:\/\/aivlisoft.net\/shop\/wp-content\/uploads\/2025\/01\/AISPIL0149_800-1.jpg\",\"contentUrl\":\"https:\/\/aivlisoft.net\/shop\/wp-content\/uploads\/2025\/01\/AISPIL0149_800-1.jpg\",\"width\":800,\"height\":800},{\"@type\":\"BreadcrumbList\",\"@id\":\"https:\/\/aivlisoft.net\/shop\/producto\/intenso-pila-alcalina-energy-ultra-clr14-pack-2\/#breadcrumb\",\"itemListElement\":[{\"@type\":\"ListItem\",\"position\":1,\"name\":\"Portada\",\"item\":\"https:\/\/aivlisoft.net\/shop\/\"},{\"@type\":\"ListItem\",\"position\":2,\"name\":\"Tienda\",\"item\":\"https:\/\/aivlisoft.net\/shop\/tienda\/\"},{\"@type\":\"ListItem\",\"position\":3,\"name\":\"Intenso Pila Alcalina energy ultra CLR14 Pack-2\"}]},{\"@type\":\"WebSite\",\"@id\":\"https:\/\/aivlisoft.net\/shop\/#website\",\"url\":\"https:\/\/aivlisoft.net\/shop\/\",\"name\":\"Aivlisoft Inform\u00e1tica\",\"description\":\"En Aivlisoft Inform\u00e1tica ofrecemos soluciones tecnol\u00f3gicas para empresas: venta de ordenadores, consumibles, perif\u00e9ricos y m\u00e1s. Calidad, atenci\u00f3n personalizada y los mejores precios para tu negocio.\",\"publisher\":{\"@id\":\"https:\/\/aivlisoft.net\/shop\/#organization\"},\"potentialAction\":[{\"@type\":\"SearchAction\",\"target\":{\"@type\":\"EntryPoint\",\"urlTemplate\":\"https:\/\/aivlisoft.net\/shop\/?s={search_term_string}\"},\"query-input\":{\"@type\":\"PropertyValueSpecification\",\"valueRequired\":true,\"valueName\":\"search_term_string\"}}],\"inLanguage\":\"es\"},{\"@type\":\"Organization\",\"@id\":\"https:\/\/aivlisoft.net\/shop\/#organization\",\"name\":\"Aivlisoft Inform\u00e1tica\",\"url\":\"https:\/\/aivlisoft.net\/shop\/\",\"logo\":{\"@type\":\"ImageObject\",\"inLanguage\":\"es\",\"@id\":\"https:\/\/aivlisoft.net\/shop\/#\/schema\/logo\/image\/\",\"url\":\"https:\/\/aivlisoft.net\/shop\/wp-content\/uploads\/2024\/12\/removal.ai_5b848c54-0cdf-4140-95c5-c5536bb7573b-logodef.png\",\"contentUrl\":\"https:\/\/aivlisoft.net\/shop\/wp-content\/uploads\/2024\/12\/removal.ai_5b848c54-0cdf-4140-95c5-c5536bb7573b-logodef.png\",\"width\":484,\"height\":182,\"caption\":\"Aivlisoft Inform\u00e1tica\"},\"image\":{\"@id\":\"https:\/\/aivlisoft.net\/shop\/#\/schema\/logo\/image\/\"}}]}<\/script>\n<!-- \/ Yoast SEO plugin. -->","yoast_head_json":{"title":"Intenso Pila Alcalina energy ultra CLR14 Pack-2 - Aivlisoft Inform\u00e1tica","robots":{"index":"index","follow":"follow","max-snippet":"max-snippet:-1","max-image-preview":"max-image-preview:large","max-video-preview":"max-video-preview:-1"},"canonical":"https:\/\/aivlisoft.net\/shop\/producto\/intenso-pila-alcalina-energy-ultra-clr14-pack-2\/","og_locale":"es_ES","og_type":"article","og_title":"Intenso Pila Alcalina energy ultra CLR14 Pack-2 - Aivlisoft Inform\u00e1tica","og_description":"Marca Intenso Modelo 7501432 Caracteristicas &#8211; Tipo de bater&iacute;a: Manganeso alcalino (sin mercurio)&#8211; Tama&ntilde;o de la bater&iacute;a: IEC: LR14, ANSI: C&#8211; Cantidad: 2 Uds.&#8211; Sistema qu&iacute;mico: Zinc, EMD, hidr&oacute;xido de potasio, Grafito&#8211; Voltaje normal: 1.5V&#8211; Capacidad nominal: 8000 mAh&#8211; Est&aacute;ndar de referencia: IEC 60086-1, IEC 60086-2&#8211; Vida &uacute;til: 5 a&ntilde;os.&#8211; Peso: 73 g&#8211; Di&aacute;metro: 26&hellip;&nbsp;Intenso Pila Alcalina energy ultra CLR14 Pack-2","og_url":"https:\/\/aivlisoft.net\/shop\/producto\/intenso-pila-alcalina-energy-ultra-clr14-pack-2\/","og_site_name":"Aivlisoft Inform\u00e1tica","article_modified_time":"2025-01-14T10:13:25+00:00","og_image":[{"width":800,"height":800,"url":"https:\/\/aivlisoft.net\/shop\/wp-content\/uploads\/2025\/01\/AISPIL0149_800-1.jpg","type":"image\/jpeg"}],"twitter_card":"summary_large_image","schema":{"@context":"https:\/\/schema.org","@graph":[{"@type":"WebPage","@id":"https:\/\/aivlisoft.net\/shop\/producto\/intenso-pila-alcalina-energy-ultra-clr14-pack-2\/","url":"https:\/\/aivlisoft.net\/shop\/producto\/intenso-pila-alcalina-energy-ultra-clr14-pack-2\/","name":"Intenso Pila Alcalina energy ultra CLR14 Pack-2 - Aivlisoft Inform\u00e1tica","isPartOf":{"@id":"https:\/\/aivlisoft.net\/shop\/#website"},"primaryImageOfPage":{"@id":"https:\/\/aivlisoft.net\/shop\/producto\/intenso-pila-alcalina-energy-ultra-clr14-pack-2\/#primaryimage"},"image":{"@id":"https:\/\/aivlisoft.net\/shop\/producto\/intenso-pila-alcalina-energy-ultra-clr14-pack-2\/#primaryimage"},"thumbnailUrl":"https:\/\/aivlisoft.net\/shop\/wp-content\/uploads\/2025\/01\/AISPIL0149_800-1.jpg","datePublished":"2025-01-13T13:20:39+00:00","dateModified":"2025-01-14T10:13:25+00:00","breadcrumb":{"@id":"https:\/\/aivlisoft.net\/shop\/producto\/intenso-pila-alcalina-energy-ultra-clr14-pack-2\/#breadcrumb"},"inLanguage":"es","potentialAction":[{"@type":"ReadAction","target":["https:\/\/aivlisoft.net\/shop\/producto\/intenso-pila-alcalina-energy-ultra-clr14-pack-2\/"]}]},{"@type":"ImageObject","inLanguage":"es","@id":"https:\/\/aivlisoft.net\/shop\/producto\/intenso-pila-alcalina-energy-ultra-clr14-pack-2\/#primaryimage","url":"https:\/\/aivlisoft.net\/shop\/wp-content\/uploads\/2025\/01\/AISPIL0149_800-1.jpg","contentUrl":"https:\/\/aivlisoft.net\/shop\/wp-content\/uploads\/2025\/01\/AISPIL0149_800-1.jpg","width":800,"height":800},{"@type":"BreadcrumbList","@id":"https:\/\/aivlisoft.net\/shop\/producto\/intenso-pila-alcalina-energy-ultra-clr14-pack-2\/#breadcrumb","itemListElement":[{"@type":"ListItem","position":1,"name":"Portada","item":"https:\/\/aivlisoft.net\/shop\/"},{"@type":"ListItem","position":2,"name":"Tienda","item":"https:\/\/aivlisoft.net\/shop\/tienda\/"},{"@type":"ListItem","position":3,"name":"Intenso Pila Alcalina energy ultra CLR14 Pack-2"}]},{"@type":"WebSite","@id":"https:\/\/aivlisoft.net\/shop\/#website","url":"https:\/\/aivlisoft.net\/shop\/","name":"Aivlisoft Inform\u00e1tica","description":"En Aivlisoft Inform\u00e1tica ofrecemos soluciones tecnol\u00f3gicas para empresas: venta de ordenadores, consumibles, perif\u00e9ricos y m\u00e1s. Calidad, atenci\u00f3n personalizada y los mejores precios para tu negocio.","publisher":{"@id":"https:\/\/aivlisoft.net\/shop\/#organization"},"potentialAction":[{"@type":"SearchAction","target":{"@type":"EntryPoint","urlTemplate":"https:\/\/aivlisoft.net\/shop\/?s={search_term_string}"},"query-input":{"@type":"PropertyValueSpecification","valueRequired":true,"valueName":"search_term_string"}}],"inLanguage":"es"},{"@type":"Organization","@id":"https:\/\/aivlisoft.net\/shop\/#organization","name":"Aivlisoft Inform\u00e1tica","url":"https:\/\/aivlisoft.net\/shop\/","logo":{"@type":"ImageObject","inLanguage":"es","@id":"https:\/\/aivlisoft.net\/shop\/#\/schema\/logo\/image\/","url":"https:\/\/aivlisoft.net\/shop\/wp-content\/uploads\/2024\/12\/removal.ai_5b848c54-0cdf-4140-95c5-c5536bb7573b-logodef.png","contentUrl":"https:\/\/aivlisoft.net\/shop\/wp-content\/uploads\/2024\/12\/removal.ai_5b848c54-0cdf-4140-95c5-c5536bb7573b-logodef.png","width":484,"height":182,"caption":"Aivlisoft Inform\u00e1tica"},"image":{"@id":"https:\/\/aivlisoft.net\/shop\/#\/schema\/logo\/image\/"}}]}},"_links":{"self":[{"href":"https:\/\/aivlisoft.net\/shop\/wp-json\/wp\/v2\/product\/4559","targetHints":{"allow":["GET"]}}],"collection":[{"href":"https:\/\/aivlisoft.net\/shop\/wp-json\/wp\/v2\/product"}],"about":[{"href":"https:\/\/aivlisoft.net\/shop\/wp-json\/wp\/v2\/types\/product"}],"wp:featuredmedia":[{"embeddable":true,"href":"https:\/\/aivlisoft.net\/shop\/wp-json\/wp\/v2\/media\/4560"}],"wp:attachment":[{"href":"https:\/\/aivlisoft.net\/shop\/wp-json\/wp\/v2\/media?parent=4559"}],"wp:term":[{"taxonomy":"product_brand","embeddable":true,"href":"https:\/\/aivlisoft.net\/shop\/wp-json\/wp\/v2\/product_brand?post=4559"},{"taxonomy":"product_cat","embeddable":true,"href":"https:\/\/aivlisoft.net\/shop\/wp-json\/wp\/v2\/product_cat?post=4559"},{"taxonomy":"product_tag","embeddable":true,"href":"https:\/\/aivlisoft.net\/shop\/wp-json\/wp\/v2\/product_tag?post=4559"}],"curies":[{"name":"wp","href":"https:\/\/api.w.org\/{rel}","templated":true}]}}