{"id":4532,"date":"2025-01-13T13:20:29","date_gmt":"2025-01-13T13:20:29","guid":{"rendered":"https:\/\/aivlisoft.com\/?post_type=product&#038;p=4532"},"modified":"2025-01-14T10:13:13","modified_gmt":"2025-01-14T10:13:13","slug":"delock-docking-smartphone-4k-para-android-o-window","status":"publish","type":"product","link":"https:\/\/aivlisoft.net\/shop\/producto\/delock-docking-smartphone-4k-para-android-o-window\/","title":{"rendered":"Delock Docking smartphone 4K para Android o Window"},"content":{"rendered":"<p>Esta estaci&oacute;n de acoplamiento para smartphone de Delock es el complemento ideal para su escritorio o cuando viaja y convierte un smartphone en un completo sistema de escritorio. Adem&aacute;s de 3 puertos USB Tipo-A aptos para plug &amp; play, tambi&eacute;n ofrece una interfaz HDMI, as&iacute; como una ranura SD y Micro SD para tarjetas de memoria. En la salida HDMI se puede utilizar un monitor con una resoluci&oacute;n m&aacute;xima de hasta 4K 30 Hz.<\/p>\n<table class=\"tabla_caracteristicas\" width=\"100%\">\n<tr>\n<td valign=\"top\"><strong>Marca<\/strong><\/td>\n<td>Delock<\/td>\n<\/tr>\n<tr>\n<td valign=\"top\"><strong>Modelo<\/strong><\/td>\n<td><strong>88018<\/strong><\/td>\n<\/tr>\n<tr>\n<td valign=\"top\"><strong>Caracter&iacute;sticas<\/strong><\/td>\n<td>&#8211; Conectores:<br \/>\t\t\t&nbsp; 1 x USB 5 Gbps USB Type-C macho<br \/>\t\t\t&nbsp; 1 x USB 5 Gbps Tipo-A hembra<br \/>\t\t\t&nbsp; 2 x USB 2.0 Tipo-A hembra<br \/>\t\t\t&nbsp; 1 x HDMI hembra<br \/>\t\t\t&nbsp; 1 x USB Type-C hembra (fuente de alimentaci&oacute;n)<br \/>\t\t\t&#8211; Resoluci&oacute;n m&aacute;xima: 3840 x 2160 @ 30 Hz(depende del sistema y del hardware conectado)<br \/>\t\t\t&#8211; Transferencia de se&ntilde;ales de audio y v&iacute;deo<br \/>\t\t\t&#8211; Tensi&oacute;n de entrada: 12 V<br \/>\t\t\t&#8211; Potencia de salida: 1 x USB Type-C macho m&aacute;x. 15 W<br \/>\t\t\t&#8211; Compatible con HDCP<br \/>\t\t\t&#8211; Admite Samsung DeX<br \/>\t\t\t&#8211; Carcasa de pl&aacute;stico<br \/>\t\t\t&#8211; Requisitos del sistema<br \/>\t\t\t&nbsp; Android 10.0 o superior<br \/>\t\t\t&nbsp; Windows 10\/10-64\/11<br \/>\t\t\t&nbsp; Dispositivo con un puerto USB Type-C y modo alternativo DisplayPort o con un puerto Thunderbolt3 disponible<br \/>\t\t\t<strong>Dimensiones y peso<\/strong><br \/>\t\t\t&#8211; 109 x 80 x 20 mm<br \/>\t\t\t&#8211; Aprox. 82 g<br \/>\t\t\t<strong>Contenido<\/strong><br \/>\t\t\t&#8211; Base de acoplamiento<br \/>\t\t\t&#8211; Manual del usuario<\/td>\n<\/tr>\n<tr>\n<td valign=\"top\"><strong>Fecha de revisi&oacute;n<\/strong><\/td>\n<td>03-06-2024 por RTY<\/td>\n<\/tr>\n<\/table>\n","protected":false},"excerpt":{"rendered":"<p>Esta estaci&oacute;n de acoplamiento para smartphone de Delock es el complemento ideal para su escritorio o cuando viaja y convierte un smartphone en un completo sistema de escritorio. Adem&aacute;s de 3 puertos USB Tipo-A aptos para plug &amp; play, tambi&eacute;n ofrece una interfaz HDMI, as&iacute; como una ranura SD y Micro SD para tarjetas de&hellip;&nbsp;<a href=\"https:\/\/aivlisoft.net\/shop\/producto\/delock-docking-smartphone-4k-para-android-o-window\/\" rel=\"bookmark\"><span class=\"screen-reader-text\">Delock Docking smartphone 4K para Android o Window<\/span><\/a><\/p>\n","protected":false},"featured_media":4533,"template":"","meta":{"neve_meta_sidebar":"","neve_meta_container":"","neve_meta_enable_content_width":"","neve_meta_content_width":0,"neve_meta_title_alignment":"","neve_meta_author_avatar":"","neve_post_elements_order":"","neve_meta_disable_header":"","neve_meta_disable_footer":"","neve_meta_disable_title":""},"product_brand":[],"product_cat":[15],"product_tag":[1370],"class_list":{"0":"post-4532","1":"product","2":"type-product","3":"status-publish","4":"has-post-thumbnail","6":"product_cat-sin-categorizar","7":"product_tag-1370","9":"first","10":"instock","11":"taxable","12":"shipping-taxable","13":"purchasable","14":"product-type-simple"},"yoast_head":"<!-- This site is optimized with the Yoast SEO plugin v26.0 - https:\/\/yoast.com\/wordpress\/plugins\/seo\/ -->\n<title>Delock Docking smartphone 4K para Android o Window - Aivlisoft Inform\u00e1tica<\/title>\n<meta name=\"robots\" content=\"index, follow, max-snippet:-1, max-image-preview:large, max-video-preview:-1\" \/>\n<link rel=\"canonical\" href=\"https:\/\/aivlisoft.net\/shop\/producto\/delock-docking-smartphone-4k-para-android-o-window\/\" \/>\n<meta property=\"og:locale\" content=\"es_ES\" \/>\n<meta property=\"og:type\" content=\"article\" \/>\n<meta property=\"og:title\" content=\"Delock Docking smartphone 4K para Android o Window - Aivlisoft Inform\u00e1tica\" \/>\n<meta property=\"og:description\" content=\"Esta estaci&oacute;n de acoplamiento para smartphone de Delock es el complemento ideal para su escritorio o cuando viaja y convierte un smartphone en un completo sistema de escritorio. Adem&aacute;s de 3 puertos USB Tipo-A aptos para plug &amp; play, tambi&eacute;n ofrece una interfaz HDMI, as&iacute; como una ranura SD y Micro SD para tarjetas de&hellip;&nbsp;Delock Docking smartphone 4K para Android o Window\" \/>\n<meta property=\"og:url\" content=\"https:\/\/aivlisoft.net\/shop\/producto\/delock-docking-smartphone-4k-para-android-o-window\/\" \/>\n<meta property=\"og:site_name\" content=\"Aivlisoft Inform\u00e1tica\" \/>\n<meta property=\"article:modified_time\" content=\"2025-01-14T10:13:13+00:00\" \/>\n<meta property=\"og:image\" content=\"https:\/\/aivlisoft.net\/shop\/wp-content\/uploads\/2025\/01\/AISCOV0095_800-1.jpg\" \/>\n\t<meta property=\"og:image:width\" content=\"800\" \/>\n\t<meta property=\"og:image:height\" content=\"800\" \/>\n\t<meta property=\"og:image:type\" content=\"image\/jpeg\" \/>\n<meta name=\"twitter:card\" content=\"summary_large_image\" \/>\n<meta name=\"twitter:label1\" content=\"Tiempo de lectura\" \/>\n\t<meta name=\"twitter:data1\" content=\"1 minuto\" \/>\n<script type=\"application\/ld+json\" class=\"yoast-schema-graph\">{\"@context\":\"https:\/\/schema.org\",\"@graph\":[{\"@type\":\"WebPage\",\"@id\":\"https:\/\/aivlisoft.net\/shop\/producto\/delock-docking-smartphone-4k-para-android-o-window\/\",\"url\":\"https:\/\/aivlisoft.net\/shop\/producto\/delock-docking-smartphone-4k-para-android-o-window\/\",\"name\":\"Delock Docking smartphone 4K para Android o Window - Aivlisoft Inform\u00e1tica\",\"isPartOf\":{\"@id\":\"https:\/\/aivlisoft.net\/shop\/#website\"},\"primaryImageOfPage\":{\"@id\":\"https:\/\/aivlisoft.net\/shop\/producto\/delock-docking-smartphone-4k-para-android-o-window\/#primaryimage\"},\"image\":{\"@id\":\"https:\/\/aivlisoft.net\/shop\/producto\/delock-docking-smartphone-4k-para-android-o-window\/#primaryimage\"},\"thumbnailUrl\":\"https:\/\/aivlisoft.net\/shop\/wp-content\/uploads\/2025\/01\/AISCOV0095_800-1.jpg\",\"datePublished\":\"2025-01-13T13:20:29+00:00\",\"dateModified\":\"2025-01-14T10:13:13+00:00\",\"breadcrumb\":{\"@id\":\"https:\/\/aivlisoft.net\/shop\/producto\/delock-docking-smartphone-4k-para-android-o-window\/#breadcrumb\"},\"inLanguage\":\"es\",\"potentialAction\":[{\"@type\":\"ReadAction\",\"target\":[\"https:\/\/aivlisoft.net\/shop\/producto\/delock-docking-smartphone-4k-para-android-o-window\/\"]}]},{\"@type\":\"ImageObject\",\"inLanguage\":\"es\",\"@id\":\"https:\/\/aivlisoft.net\/shop\/producto\/delock-docking-smartphone-4k-para-android-o-window\/#primaryimage\",\"url\":\"https:\/\/aivlisoft.net\/shop\/wp-content\/uploads\/2025\/01\/AISCOV0095_800-1.jpg\",\"contentUrl\":\"https:\/\/aivlisoft.net\/shop\/wp-content\/uploads\/2025\/01\/AISCOV0095_800-1.jpg\",\"width\":800,\"height\":800},{\"@type\":\"BreadcrumbList\",\"@id\":\"https:\/\/aivlisoft.net\/shop\/producto\/delock-docking-smartphone-4k-para-android-o-window\/#breadcrumb\",\"itemListElement\":[{\"@type\":\"ListItem\",\"position\":1,\"name\":\"Portada\",\"item\":\"https:\/\/aivlisoft.net\/shop\/\"},{\"@type\":\"ListItem\",\"position\":2,\"name\":\"Tienda\",\"item\":\"https:\/\/aivlisoft.net\/shop\/tienda\/\"},{\"@type\":\"ListItem\",\"position\":3,\"name\":\"Delock Docking smartphone 4K para Android o Window\"}]},{\"@type\":\"WebSite\",\"@id\":\"https:\/\/aivlisoft.net\/shop\/#website\",\"url\":\"https:\/\/aivlisoft.net\/shop\/\",\"name\":\"Aivlisoft Inform\u00e1tica\",\"description\":\"En Aivlisoft Inform\u00e1tica ofrecemos soluciones tecnol\u00f3gicas para empresas: venta de ordenadores, consumibles, perif\u00e9ricos y m\u00e1s. Calidad, atenci\u00f3n personalizada y los mejores precios para tu negocio.\",\"publisher\":{\"@id\":\"https:\/\/aivlisoft.net\/shop\/#organization\"},\"potentialAction\":[{\"@type\":\"SearchAction\",\"target\":{\"@type\":\"EntryPoint\",\"urlTemplate\":\"https:\/\/aivlisoft.net\/shop\/?s={search_term_string}\"},\"query-input\":{\"@type\":\"PropertyValueSpecification\",\"valueRequired\":true,\"valueName\":\"search_term_string\"}}],\"inLanguage\":\"es\"},{\"@type\":\"Organization\",\"@id\":\"https:\/\/aivlisoft.net\/shop\/#organization\",\"name\":\"Aivlisoft Inform\u00e1tica\",\"url\":\"https:\/\/aivlisoft.net\/shop\/\",\"logo\":{\"@type\":\"ImageObject\",\"inLanguage\":\"es\",\"@id\":\"https:\/\/aivlisoft.net\/shop\/#\/schema\/logo\/image\/\",\"url\":\"https:\/\/aivlisoft.net\/shop\/wp-content\/uploads\/2024\/12\/removal.ai_5b848c54-0cdf-4140-95c5-c5536bb7573b-logodef.png\",\"contentUrl\":\"https:\/\/aivlisoft.net\/shop\/wp-content\/uploads\/2024\/12\/removal.ai_5b848c54-0cdf-4140-95c5-c5536bb7573b-logodef.png\",\"width\":484,\"height\":182,\"caption\":\"Aivlisoft Inform\u00e1tica\"},\"image\":{\"@id\":\"https:\/\/aivlisoft.net\/shop\/#\/schema\/logo\/image\/\"}}]}<\/script>\n<!-- \/ Yoast SEO plugin. -->","yoast_head_json":{"title":"Delock Docking smartphone 4K para Android o Window - Aivlisoft Inform\u00e1tica","robots":{"index":"index","follow":"follow","max-snippet":"max-snippet:-1","max-image-preview":"max-image-preview:large","max-video-preview":"max-video-preview:-1"},"canonical":"https:\/\/aivlisoft.net\/shop\/producto\/delock-docking-smartphone-4k-para-android-o-window\/","og_locale":"es_ES","og_type":"article","og_title":"Delock Docking smartphone 4K para Android o Window - Aivlisoft Inform\u00e1tica","og_description":"Esta estaci&oacute;n de acoplamiento para smartphone de Delock es el complemento ideal para su escritorio o cuando viaja y convierte un smartphone en un completo sistema de escritorio. Adem&aacute;s de 3 puertos USB Tipo-A aptos para plug &amp; play, tambi&eacute;n ofrece una interfaz HDMI, as&iacute; como una ranura SD y Micro SD para tarjetas de&hellip;&nbsp;Delock Docking smartphone 4K para Android o Window","og_url":"https:\/\/aivlisoft.net\/shop\/producto\/delock-docking-smartphone-4k-para-android-o-window\/","og_site_name":"Aivlisoft Inform\u00e1tica","article_modified_time":"2025-01-14T10:13:13+00:00","og_image":[{"width":800,"height":800,"url":"https:\/\/aivlisoft.net\/shop\/wp-content\/uploads\/2025\/01\/AISCOV0095_800-1.jpg","type":"image\/jpeg"}],"twitter_card":"summary_large_image","twitter_misc":{"Tiempo de lectura":"1 minuto"},"schema":{"@context":"https:\/\/schema.org","@graph":[{"@type":"WebPage","@id":"https:\/\/aivlisoft.net\/shop\/producto\/delock-docking-smartphone-4k-para-android-o-window\/","url":"https:\/\/aivlisoft.net\/shop\/producto\/delock-docking-smartphone-4k-para-android-o-window\/","name":"Delock Docking smartphone 4K para Android o Window - Aivlisoft Inform\u00e1tica","isPartOf":{"@id":"https:\/\/aivlisoft.net\/shop\/#website"},"primaryImageOfPage":{"@id":"https:\/\/aivlisoft.net\/shop\/producto\/delock-docking-smartphone-4k-para-android-o-window\/#primaryimage"},"image":{"@id":"https:\/\/aivlisoft.net\/shop\/producto\/delock-docking-smartphone-4k-para-android-o-window\/#primaryimage"},"thumbnailUrl":"https:\/\/aivlisoft.net\/shop\/wp-content\/uploads\/2025\/01\/AISCOV0095_800-1.jpg","datePublished":"2025-01-13T13:20:29+00:00","dateModified":"2025-01-14T10:13:13+00:00","breadcrumb":{"@id":"https:\/\/aivlisoft.net\/shop\/producto\/delock-docking-smartphone-4k-para-android-o-window\/#breadcrumb"},"inLanguage":"es","potentialAction":[{"@type":"ReadAction","target":["https:\/\/aivlisoft.net\/shop\/producto\/delock-docking-smartphone-4k-para-android-o-window\/"]}]},{"@type":"ImageObject","inLanguage":"es","@id":"https:\/\/aivlisoft.net\/shop\/producto\/delock-docking-smartphone-4k-para-android-o-window\/#primaryimage","url":"https:\/\/aivlisoft.net\/shop\/wp-content\/uploads\/2025\/01\/AISCOV0095_800-1.jpg","contentUrl":"https:\/\/aivlisoft.net\/shop\/wp-content\/uploads\/2025\/01\/AISCOV0095_800-1.jpg","width":800,"height":800},{"@type":"BreadcrumbList","@id":"https:\/\/aivlisoft.net\/shop\/producto\/delock-docking-smartphone-4k-para-android-o-window\/#breadcrumb","itemListElement":[{"@type":"ListItem","position":1,"name":"Portada","item":"https:\/\/aivlisoft.net\/shop\/"},{"@type":"ListItem","position":2,"name":"Tienda","item":"https:\/\/aivlisoft.net\/shop\/tienda\/"},{"@type":"ListItem","position":3,"name":"Delock Docking smartphone 4K para Android o Window"}]},{"@type":"WebSite","@id":"https:\/\/aivlisoft.net\/shop\/#website","url":"https:\/\/aivlisoft.net\/shop\/","name":"Aivlisoft Inform\u00e1tica","description":"En Aivlisoft Inform\u00e1tica ofrecemos soluciones tecnol\u00f3gicas para empresas: venta de ordenadores, consumibles, perif\u00e9ricos y m\u00e1s. Calidad, atenci\u00f3n personalizada y los mejores precios para tu negocio.","publisher":{"@id":"https:\/\/aivlisoft.net\/shop\/#organization"},"potentialAction":[{"@type":"SearchAction","target":{"@type":"EntryPoint","urlTemplate":"https:\/\/aivlisoft.net\/shop\/?s={search_term_string}"},"query-input":{"@type":"PropertyValueSpecification","valueRequired":true,"valueName":"search_term_string"}}],"inLanguage":"es"},{"@type":"Organization","@id":"https:\/\/aivlisoft.net\/shop\/#organization","name":"Aivlisoft Inform\u00e1tica","url":"https:\/\/aivlisoft.net\/shop\/","logo":{"@type":"ImageObject","inLanguage":"es","@id":"https:\/\/aivlisoft.net\/shop\/#\/schema\/logo\/image\/","url":"https:\/\/aivlisoft.net\/shop\/wp-content\/uploads\/2024\/12\/removal.ai_5b848c54-0cdf-4140-95c5-c5536bb7573b-logodef.png","contentUrl":"https:\/\/aivlisoft.net\/shop\/wp-content\/uploads\/2024\/12\/removal.ai_5b848c54-0cdf-4140-95c5-c5536bb7573b-logodef.png","width":484,"height":182,"caption":"Aivlisoft Inform\u00e1tica"},"image":{"@id":"https:\/\/aivlisoft.net\/shop\/#\/schema\/logo\/image\/"}}]}},"_links":{"self":[{"href":"https:\/\/aivlisoft.net\/shop\/wp-json\/wp\/v2\/product\/4532","targetHints":{"allow":["GET"]}}],"collection":[{"href":"https:\/\/aivlisoft.net\/shop\/wp-json\/wp\/v2\/product"}],"about":[{"href":"https:\/\/aivlisoft.net\/shop\/wp-json\/wp\/v2\/types\/product"}],"wp:featuredmedia":[{"embeddable":true,"href":"https:\/\/aivlisoft.net\/shop\/wp-json\/wp\/v2\/media\/4533"}],"wp:attachment":[{"href":"https:\/\/aivlisoft.net\/shop\/wp-json\/wp\/v2\/media?parent=4532"}],"wp:term":[{"taxonomy":"product_brand","embeddable":true,"href":"https:\/\/aivlisoft.net\/shop\/wp-json\/wp\/v2\/product_brand?post=4532"},{"taxonomy":"product_cat","embeddable":true,"href":"https:\/\/aivlisoft.net\/shop\/wp-json\/wp\/v2\/product_cat?post=4532"},{"taxonomy":"product_tag","embeddable":true,"href":"https:\/\/aivlisoft.net\/shop\/wp-json\/wp\/v2\/product_tag?post=4532"}],"curies":[{"name":"wp","href":"https:\/\/api.w.org\/{rel}","templated":true}]}}