{"id":4530,"date":"2025-01-13T13:20:25","date_gmt":"2025-01-13T13:20:25","guid":{"rendered":"https:\/\/aivlisoft.com\/?post_type=product&#038;p=4530"},"modified":"2025-01-14T10:13:09","modified_gmt":"2025-01-14T10:13:09","slug":"ewent-ew3715-extensor-hdmi-por-utp-hasta-60m","status":"publish","type":"product","link":"https:\/\/aivlisoft.net\/shop\/producto\/ewent-ew3715-extensor-hdmi-por-utp-hasta-60m\/","title":{"rendered":"EWENT EW3715 Extensor HDMI por UTP hasta 60m"},"content":{"rendered":"<p>El equipo de extensi&oacute;n de Ewent <strong>EW3715 <\/strong>HDMI le permite reproducir una se&ntilde;al HDMI hasta 60 metros con una resoluci&oacute;n m&aacute;xima de (3D) 1080p @ 60Hz. El kit extensor contiene un transmisor y un receptor para conectarse con cables HDMI a un dispositivo de fuente y un televisor \/ monitor. Utilizar un &uacute;nico cable CAT6 UTP hasta 60 metros para conectar el transmisor con el receptor.<\/p>\n<p><strong>Mostrar archivos de hasta 60 metros de un dispositivo de fuente<\/strong><br \/>Demasiada distancia entre el televisor y el reproductor multimedia o un reproductor de Blu-ray? Elija el EW3715 Extender para reproducir sus pel&iacute;culas de forma remota. La EW3715 tambi&eacute;n es una soluci&oacute;n perfecta para mostrar una presentaci&oacute;n de la empresa en un televisor en la zona de recepci&oacute;n o en la cafeter&iacute;a de su oficina. La EW3715 juega todo sin comprometer la calidad de v&iacute;deo a trav&eacute;s de una distancia de hasta 60 metros.<br \/>&nbsp;<br \/><strong>Conexi&oacute;n de dispositivos<\/strong><br \/>Conectar el transmisor con un cable HDMI de alta velocidad a su fuente de HDMI y conectar el receptor al televisor con un cable HDMI de alta velocidad. El transmisor y el receptor est&aacute;n conectados con el cable UTP una sola de hasta 60 metros. Tanto el emisor como el receptor vienen con un adaptador de CA adicional.<br \/>&nbsp;<\/p>\n<table class=\"tabla_caracteristicas k-table\" width=\"100%\">\n<tr>\n<td><strong>Marca<\/strong><\/td>\n<td>Ewent<\/td>\n<\/tr>\n<tr>\n<td><strong>Modelo<\/strong><\/td>\n<td><strong>EW3715<\/strong><\/td>\n<\/tr>\n<tr>\n<td><strong>Caracter&iacute;sticas<\/strong><\/td>\n<td>&#8211; Kit extensor HDMI por medio de cables UTP<br \/>\t\t\t&#8211; Ampliar la conexi&oacute;n HDMI, con un m&aacute;ximo de 60 metros<br \/>\t\t\t&#8211; M&aacute;xima Resoluci&oacute;n: 1080p @ 60Hz<br \/>\t\t\t&#8211; Resoluciones admitidas: 480P \/ 720P \/ 1080i<br \/>\t\t\t&#8211; Formato 3D compatible: 1080p a 30\/60 hz<br \/>\t\t\t&#8211; Adecuado para su uso con cable UTP<br \/>\t\t\t&#8211; Compatible con HDMI de alta velocidad (HDMI 1.4a)<br \/>\t\t\t&#8211; Audio: DTS-HD MA, Dolby True-HD, Dolby Digital.<br \/>\t\t\t&#8211; Consumo de energ&iacute;a: 3 W<br \/>\t\t\t&#8211; Fuente de alimentaci&oacute;n: 5V 1A<br \/>\t\t\t&#8211; Dimensiones en mm. (Ancho x Alto x Largo): 85 x 21 x 49 mm<br \/>\t\t\t&#8211; Peso: 237g<\/td>\n<\/tr>\n<tr>\n<td><strong>Fecha de revisi&oacute;n<\/strong><\/td>\n<td>23-05-2022 por MPM<\/td>\n<\/tr>\n<\/table>\n","protected":false},"excerpt":{"rendered":"<p>El equipo de extensi&oacute;n de Ewent EW3715 HDMI le permite reproducir una se&ntilde;al HDMI hasta 60 metros con una resoluci&oacute;n m&aacute;xima de (3D) 1080p @ 60Hz. El kit extensor contiene un transmisor y un receptor para conectarse con cables HDMI a un dispositivo de fuente y un televisor \/ monitor. Utilizar un &uacute;nico cable CAT6&hellip;&nbsp;<a href=\"https:\/\/aivlisoft.net\/shop\/producto\/ewent-ew3715-extensor-hdmi-por-utp-hasta-60m\/\" rel=\"bookmark\"><span class=\"screen-reader-text\">EWENT EW3715 Extensor HDMI por UTP hasta 60m<\/span><\/a><\/p>\n","protected":false},"featured_media":4531,"template":"","meta":{"neve_meta_sidebar":"","neve_meta_container":"","neve_meta_enable_content_width":"","neve_meta_content_width":0,"neve_meta_title_alignment":"","neve_meta_author_avatar":"","neve_post_elements_order":"","neve_meta_disable_header":"","neve_meta_disable_footer":"","neve_meta_disable_title":""},"product_brand":[],"product_cat":[15],"product_tag":[1368],"class_list":{"0":"post-4530","1":"product","2":"type-product","3":"status-publish","4":"has-post-thumbnail","6":"product_cat-sin-categorizar","7":"product_tag-ew3715","9":"first","10":"instock","11":"taxable","12":"shipping-taxable","13":"purchasable","14":"product-type-simple"},"yoast_head":"<!-- This site is optimized with the Yoast SEO plugin v26.0 - https:\/\/yoast.com\/wordpress\/plugins\/seo\/ -->\n<title>EWENT EW3715 Extensor HDMI por UTP hasta 60m - Aivlisoft Inform\u00e1tica<\/title>\n<meta name=\"robots\" content=\"index, follow, max-snippet:-1, max-image-preview:large, max-video-preview:-1\" \/>\n<link rel=\"canonical\" href=\"https:\/\/aivlisoft.net\/shop\/producto\/ewent-ew3715-extensor-hdmi-por-utp-hasta-60m\/\" \/>\n<meta property=\"og:locale\" content=\"es_ES\" \/>\n<meta property=\"og:type\" content=\"article\" \/>\n<meta property=\"og:title\" content=\"EWENT EW3715 Extensor HDMI por UTP hasta 60m - Aivlisoft Inform\u00e1tica\" \/>\n<meta property=\"og:description\" content=\"El equipo de extensi&oacute;n de Ewent EW3715 HDMI le permite reproducir una se&ntilde;al HDMI hasta 60 metros con una resoluci&oacute;n m&aacute;xima de (3D) 1080p @ 60Hz. El kit extensor contiene un transmisor y un receptor para conectarse con cables HDMI a un dispositivo de fuente y un televisor \/ monitor. Utilizar un &uacute;nico cable CAT6&hellip;&nbsp;EWENT EW3715 Extensor HDMI por UTP hasta 60m\" \/>\n<meta property=\"og:url\" content=\"https:\/\/aivlisoft.net\/shop\/producto\/ewent-ew3715-extensor-hdmi-por-utp-hasta-60m\/\" \/>\n<meta property=\"og:site_name\" content=\"Aivlisoft Inform\u00e1tica\" \/>\n<meta property=\"article:modified_time\" content=\"2025-01-14T10:13:09+00:00\" \/>\n<meta property=\"og:image\" content=\"https:\/\/aivlisoft.net\/shop\/wp-content\/uploads\/2025\/01\/AISCOV0081_800-1.jpg\" \/>\n\t<meta property=\"og:image:width\" content=\"800\" \/>\n\t<meta property=\"og:image:height\" content=\"800\" \/>\n\t<meta property=\"og:image:type\" content=\"image\/jpeg\" \/>\n<meta name=\"twitter:card\" content=\"summary_large_image\" \/>\n<meta name=\"twitter:label1\" content=\"Tiempo de lectura\" \/>\n\t<meta name=\"twitter:data1\" content=\"2 minutos\" \/>\n<script type=\"application\/ld+json\" class=\"yoast-schema-graph\">{\"@context\":\"https:\/\/schema.org\",\"@graph\":[{\"@type\":\"WebPage\",\"@id\":\"https:\/\/aivlisoft.net\/shop\/producto\/ewent-ew3715-extensor-hdmi-por-utp-hasta-60m\/\",\"url\":\"https:\/\/aivlisoft.net\/shop\/producto\/ewent-ew3715-extensor-hdmi-por-utp-hasta-60m\/\",\"name\":\"EWENT EW3715 Extensor HDMI por UTP hasta 60m - Aivlisoft Inform\u00e1tica\",\"isPartOf\":{\"@id\":\"https:\/\/aivlisoft.net\/shop\/#website\"},\"primaryImageOfPage\":{\"@id\":\"https:\/\/aivlisoft.net\/shop\/producto\/ewent-ew3715-extensor-hdmi-por-utp-hasta-60m\/#primaryimage\"},\"image\":{\"@id\":\"https:\/\/aivlisoft.net\/shop\/producto\/ewent-ew3715-extensor-hdmi-por-utp-hasta-60m\/#primaryimage\"},\"thumbnailUrl\":\"https:\/\/aivlisoft.net\/shop\/wp-content\/uploads\/2025\/01\/AISCOV0081_800-1.jpg\",\"datePublished\":\"2025-01-13T13:20:25+00:00\",\"dateModified\":\"2025-01-14T10:13:09+00:00\",\"breadcrumb\":{\"@id\":\"https:\/\/aivlisoft.net\/shop\/producto\/ewent-ew3715-extensor-hdmi-por-utp-hasta-60m\/#breadcrumb\"},\"inLanguage\":\"es\",\"potentialAction\":[{\"@type\":\"ReadAction\",\"target\":[\"https:\/\/aivlisoft.net\/shop\/producto\/ewent-ew3715-extensor-hdmi-por-utp-hasta-60m\/\"]}]},{\"@type\":\"ImageObject\",\"inLanguage\":\"es\",\"@id\":\"https:\/\/aivlisoft.net\/shop\/producto\/ewent-ew3715-extensor-hdmi-por-utp-hasta-60m\/#primaryimage\",\"url\":\"https:\/\/aivlisoft.net\/shop\/wp-content\/uploads\/2025\/01\/AISCOV0081_800-1.jpg\",\"contentUrl\":\"https:\/\/aivlisoft.net\/shop\/wp-content\/uploads\/2025\/01\/AISCOV0081_800-1.jpg\",\"width\":800,\"height\":800},{\"@type\":\"BreadcrumbList\",\"@id\":\"https:\/\/aivlisoft.net\/shop\/producto\/ewent-ew3715-extensor-hdmi-por-utp-hasta-60m\/#breadcrumb\",\"itemListElement\":[{\"@type\":\"ListItem\",\"position\":1,\"name\":\"Portada\",\"item\":\"https:\/\/aivlisoft.net\/shop\/\"},{\"@type\":\"ListItem\",\"position\":2,\"name\":\"Tienda\",\"item\":\"https:\/\/aivlisoft.net\/shop\/tienda\/\"},{\"@type\":\"ListItem\",\"position\":3,\"name\":\"EWENT EW3715 Extensor HDMI por UTP hasta 60m\"}]},{\"@type\":\"WebSite\",\"@id\":\"https:\/\/aivlisoft.net\/shop\/#website\",\"url\":\"https:\/\/aivlisoft.net\/shop\/\",\"name\":\"Aivlisoft Inform\u00e1tica\",\"description\":\"En Aivlisoft Inform\u00e1tica ofrecemos soluciones tecnol\u00f3gicas para empresas: venta de ordenadores, consumibles, perif\u00e9ricos y m\u00e1s. Calidad, atenci\u00f3n personalizada y los mejores precios para tu negocio.\",\"publisher\":{\"@id\":\"https:\/\/aivlisoft.net\/shop\/#organization\"},\"potentialAction\":[{\"@type\":\"SearchAction\",\"target\":{\"@type\":\"EntryPoint\",\"urlTemplate\":\"https:\/\/aivlisoft.net\/shop\/?s={search_term_string}\"},\"query-input\":{\"@type\":\"PropertyValueSpecification\",\"valueRequired\":true,\"valueName\":\"search_term_string\"}}],\"inLanguage\":\"es\"},{\"@type\":\"Organization\",\"@id\":\"https:\/\/aivlisoft.net\/shop\/#organization\",\"name\":\"Aivlisoft Inform\u00e1tica\",\"url\":\"https:\/\/aivlisoft.net\/shop\/\",\"logo\":{\"@type\":\"ImageObject\",\"inLanguage\":\"es\",\"@id\":\"https:\/\/aivlisoft.net\/shop\/#\/schema\/logo\/image\/\",\"url\":\"https:\/\/aivlisoft.net\/shop\/wp-content\/uploads\/2024\/12\/removal.ai_5b848c54-0cdf-4140-95c5-c5536bb7573b-logodef.png\",\"contentUrl\":\"https:\/\/aivlisoft.net\/shop\/wp-content\/uploads\/2024\/12\/removal.ai_5b848c54-0cdf-4140-95c5-c5536bb7573b-logodef.png\",\"width\":484,\"height\":182,\"caption\":\"Aivlisoft Inform\u00e1tica\"},\"image\":{\"@id\":\"https:\/\/aivlisoft.net\/shop\/#\/schema\/logo\/image\/\"}}]}<\/script>\n<!-- \/ Yoast SEO plugin. -->","yoast_head_json":{"title":"EWENT EW3715 Extensor HDMI por UTP hasta 60m - Aivlisoft Inform\u00e1tica","robots":{"index":"index","follow":"follow","max-snippet":"max-snippet:-1","max-image-preview":"max-image-preview:large","max-video-preview":"max-video-preview:-1"},"canonical":"https:\/\/aivlisoft.net\/shop\/producto\/ewent-ew3715-extensor-hdmi-por-utp-hasta-60m\/","og_locale":"es_ES","og_type":"article","og_title":"EWENT EW3715 Extensor HDMI por UTP hasta 60m - Aivlisoft Inform\u00e1tica","og_description":"El equipo de extensi&oacute;n de Ewent EW3715 HDMI le permite reproducir una se&ntilde;al HDMI hasta 60 metros con una resoluci&oacute;n m&aacute;xima de (3D) 1080p @ 60Hz. El kit extensor contiene un transmisor y un receptor para conectarse con cables HDMI a un dispositivo de fuente y un televisor \/ monitor. Utilizar un &uacute;nico cable CAT6&hellip;&nbsp;EWENT EW3715 Extensor HDMI por UTP hasta 60m","og_url":"https:\/\/aivlisoft.net\/shop\/producto\/ewent-ew3715-extensor-hdmi-por-utp-hasta-60m\/","og_site_name":"Aivlisoft Inform\u00e1tica","article_modified_time":"2025-01-14T10:13:09+00:00","og_image":[{"width":800,"height":800,"url":"https:\/\/aivlisoft.net\/shop\/wp-content\/uploads\/2025\/01\/AISCOV0081_800-1.jpg","type":"image\/jpeg"}],"twitter_card":"summary_large_image","twitter_misc":{"Tiempo de lectura":"2 minutos"},"schema":{"@context":"https:\/\/schema.org","@graph":[{"@type":"WebPage","@id":"https:\/\/aivlisoft.net\/shop\/producto\/ewent-ew3715-extensor-hdmi-por-utp-hasta-60m\/","url":"https:\/\/aivlisoft.net\/shop\/producto\/ewent-ew3715-extensor-hdmi-por-utp-hasta-60m\/","name":"EWENT EW3715 Extensor HDMI por UTP hasta 60m - Aivlisoft Inform\u00e1tica","isPartOf":{"@id":"https:\/\/aivlisoft.net\/shop\/#website"},"primaryImageOfPage":{"@id":"https:\/\/aivlisoft.net\/shop\/producto\/ewent-ew3715-extensor-hdmi-por-utp-hasta-60m\/#primaryimage"},"image":{"@id":"https:\/\/aivlisoft.net\/shop\/producto\/ewent-ew3715-extensor-hdmi-por-utp-hasta-60m\/#primaryimage"},"thumbnailUrl":"https:\/\/aivlisoft.net\/shop\/wp-content\/uploads\/2025\/01\/AISCOV0081_800-1.jpg","datePublished":"2025-01-13T13:20:25+00:00","dateModified":"2025-01-14T10:13:09+00:00","breadcrumb":{"@id":"https:\/\/aivlisoft.net\/shop\/producto\/ewent-ew3715-extensor-hdmi-por-utp-hasta-60m\/#breadcrumb"},"inLanguage":"es","potentialAction":[{"@type":"ReadAction","target":["https:\/\/aivlisoft.net\/shop\/producto\/ewent-ew3715-extensor-hdmi-por-utp-hasta-60m\/"]}]},{"@type":"ImageObject","inLanguage":"es","@id":"https:\/\/aivlisoft.net\/shop\/producto\/ewent-ew3715-extensor-hdmi-por-utp-hasta-60m\/#primaryimage","url":"https:\/\/aivlisoft.net\/shop\/wp-content\/uploads\/2025\/01\/AISCOV0081_800-1.jpg","contentUrl":"https:\/\/aivlisoft.net\/shop\/wp-content\/uploads\/2025\/01\/AISCOV0081_800-1.jpg","width":800,"height":800},{"@type":"BreadcrumbList","@id":"https:\/\/aivlisoft.net\/shop\/producto\/ewent-ew3715-extensor-hdmi-por-utp-hasta-60m\/#breadcrumb","itemListElement":[{"@type":"ListItem","position":1,"name":"Portada","item":"https:\/\/aivlisoft.net\/shop\/"},{"@type":"ListItem","position":2,"name":"Tienda","item":"https:\/\/aivlisoft.net\/shop\/tienda\/"},{"@type":"ListItem","position":3,"name":"EWENT EW3715 Extensor HDMI por UTP hasta 60m"}]},{"@type":"WebSite","@id":"https:\/\/aivlisoft.net\/shop\/#website","url":"https:\/\/aivlisoft.net\/shop\/","name":"Aivlisoft Inform\u00e1tica","description":"En Aivlisoft Inform\u00e1tica ofrecemos soluciones tecnol\u00f3gicas para empresas: venta de ordenadores, consumibles, perif\u00e9ricos y m\u00e1s. Calidad, atenci\u00f3n personalizada y los mejores precios para tu negocio.","publisher":{"@id":"https:\/\/aivlisoft.net\/shop\/#organization"},"potentialAction":[{"@type":"SearchAction","target":{"@type":"EntryPoint","urlTemplate":"https:\/\/aivlisoft.net\/shop\/?s={search_term_string}"},"query-input":{"@type":"PropertyValueSpecification","valueRequired":true,"valueName":"search_term_string"}}],"inLanguage":"es"},{"@type":"Organization","@id":"https:\/\/aivlisoft.net\/shop\/#organization","name":"Aivlisoft Inform\u00e1tica","url":"https:\/\/aivlisoft.net\/shop\/","logo":{"@type":"ImageObject","inLanguage":"es","@id":"https:\/\/aivlisoft.net\/shop\/#\/schema\/logo\/image\/","url":"https:\/\/aivlisoft.net\/shop\/wp-content\/uploads\/2024\/12\/removal.ai_5b848c54-0cdf-4140-95c5-c5536bb7573b-logodef.png","contentUrl":"https:\/\/aivlisoft.net\/shop\/wp-content\/uploads\/2024\/12\/removal.ai_5b848c54-0cdf-4140-95c5-c5536bb7573b-logodef.png","width":484,"height":182,"caption":"Aivlisoft Inform\u00e1tica"},"image":{"@id":"https:\/\/aivlisoft.net\/shop\/#\/schema\/logo\/image\/"}}]}},"_links":{"self":[{"href":"https:\/\/aivlisoft.net\/shop\/wp-json\/wp\/v2\/product\/4530","targetHints":{"allow":["GET"]}}],"collection":[{"href":"https:\/\/aivlisoft.net\/shop\/wp-json\/wp\/v2\/product"}],"about":[{"href":"https:\/\/aivlisoft.net\/shop\/wp-json\/wp\/v2\/types\/product"}],"wp:featuredmedia":[{"embeddable":true,"href":"https:\/\/aivlisoft.net\/shop\/wp-json\/wp\/v2\/media\/4531"}],"wp:attachment":[{"href":"https:\/\/aivlisoft.net\/shop\/wp-json\/wp\/v2\/media?parent=4530"}],"wp:term":[{"taxonomy":"product_brand","embeddable":true,"href":"https:\/\/aivlisoft.net\/shop\/wp-json\/wp\/v2\/product_brand?post=4530"},{"taxonomy":"product_cat","embeddable":true,"href":"https:\/\/aivlisoft.net\/shop\/wp-json\/wp\/v2\/product_cat?post=4530"},{"taxonomy":"product_tag","embeddable":true,"href":"https:\/\/aivlisoft.net\/shop\/wp-json\/wp\/v2\/product_tag?post=4530"}],"curies":[{"name":"wp","href":"https:\/\/api.w.org\/{rel}","templated":true}]}}