{"id":4517,"date":"2025-01-13T13:20:23","date_gmt":"2025-01-13T13:20:23","guid":{"rendered":"https:\/\/aivlisoft.com\/?post_type=product&#038;p=4517"},"modified":"2025-01-14T10:13:07","modified_gmt":"2025-01-14T10:13:07","slug":"approx-appc28v2-switch-hdmi-3-puertos-4k","status":"publish","type":"product","link":"https:\/\/aivlisoft.net\/shop\/producto\/approx-appc28v2-switch-hdmi-3-puertos-4k\/","title":{"rendered":"approx APPC28V2 Switch HDMI 3 Puertos 4K"},"content":{"rendered":"<p>Este dispositivo est&aacute; pensado para aquellos TV que disponen de pocas entradas HDMI y requieren de la necesidad de conectar varios dispositivos HDMI, con el cu&aacute;l, con una sola entrada HDMI en la TV con este dispositivo tendr&iacute;amos tres entradas HDMI.<\/p>\n<p>Incorpora un interruptor de selecci&oacute;n de entrada e indicadores. La caja es de pl&aacute;stico de gran calidad, es HDMI 1.3, soporta una resoluci&oacute;n m&aacute;xima de 4K.<\/p>\n<p><strong>Salida doble HDMI<\/strong><br \/>El appC28V2 es ideal para distribuir una misma se&ntilde;al desde, por ejemplo el DVD, a tres televisores al mismo tiempo.<\/p>\n<p><strong>Resoluci&oacute;n 4k<\/strong><br \/>Soporta resoluci&oacute;n m&aacute;xima de 1080P, 4k.<\/p>\n<p><strong>Ideal para los bares<\/strong><br \/>Dale el mejor servicio a tus clientes ofreci&eacute;ndoles la mejor visualizaci&oacute;n de su televisor. Partidos de f&uacute;tbol, pel&iacute;culas o karaoke&#8230; los mejores entretenimiento para fidelizar a su cliente.<br \/>&nbsp;&nbsp;&nbsp; &nbsp;<br \/><strong>Portable<\/strong><br \/>Debido a sus reducidas dimensiones, es totalmente portable y podr&aacute;s llevarlo en cual lugar.<\/p>\n<table class=\"tabla_caracteristicas k-table\" width=\"100%\">\n<tbody>\n<tr>\n<td><strong>Marca<\/strong><\/td>\n<td>approx!<\/td>\n<\/tr>\n<tr>\n<td><strong>Modelo<\/strong><\/td>\n<td><strong>APPC28V2<\/strong><\/td>\n<\/tr>\n<tr>\n<td><strong>Caracteristicas<\/strong><\/td>\n<td>&#8211; Resoluci&oacute;n 4K soportada<br \/>&#8211; 3 puertos IN Hdmi y 1 salida Hdmi<br \/>&#8211; EDID RAM<br \/>&#8211; HDMI1.3b<br \/>&#8211; Soporta 12 bits de profundidad de color <br \/>&#8211; Alto rendimiento hasta 2.5Gbps<br \/>&#8211; Bot&oacute;n SELECCIONAR para f&aacute;cil funcionamiento<br \/>&#8211; Dimensiones: 5 x 5 cm<br \/>&#8211; Plug and Play<\/td>\n<\/tr>\n<tr>\n<td><strong>Fecha de revisi&oacute;n<\/strong><\/td>\n<td>03-06-2019 por MSB<\/td>\n<\/tr>\n<\/tbody>\n<\/table>\n","protected":false},"excerpt":{"rendered":"<p>Este dispositivo est&aacute; pensado para aquellos TV que disponen de pocas entradas HDMI y requieren de la necesidad de conectar varios dispositivos HDMI, con el cu&aacute;l, con una sola entrada HDMI en la TV con este dispositivo tendr&iacute;amos tres entradas HDMI. Incorpora un interruptor de selecci&oacute;n de entrada e indicadores. La caja es de pl&aacute;stico&hellip;&nbsp;<a href=\"https:\/\/aivlisoft.net\/shop\/producto\/approx-appc28v2-switch-hdmi-3-puertos-4k\/\" rel=\"bookmark\"><span class=\"screen-reader-text\">approx APPC28V2 Switch HDMI 3 Puertos 4K<\/span><\/a><\/p>\n","protected":false},"featured_media":4518,"template":"","meta":{"neve_meta_sidebar":"","neve_meta_container":"","neve_meta_enable_content_width":"","neve_meta_content_width":0,"neve_meta_title_alignment":"","neve_meta_author_avatar":"","neve_post_elements_order":"","neve_meta_disable_header":"","neve_meta_disable_footer":"","neve_meta_disable_title":""},"product_brand":[],"product_cat":[15],"product_tag":[1365],"class_list":{"0":"post-4517","1":"product","2":"type-product","3":"status-publish","4":"has-post-thumbnail","6":"product_cat-sin-categorizar","7":"product_tag-appc28v2","9":"first","10":"instock","11":"taxable","12":"shipping-taxable","13":"purchasable","14":"product-type-simple"},"yoast_head":"<!-- This site is optimized with the Yoast SEO plugin v26.0 - https:\/\/yoast.com\/wordpress\/plugins\/seo\/ -->\n<title>approx APPC28V2 Switch HDMI 3 Puertos 4K - Aivlisoft Inform\u00e1tica<\/title>\n<meta name=\"robots\" content=\"index, follow, max-snippet:-1, max-image-preview:large, max-video-preview:-1\" \/>\n<link rel=\"canonical\" href=\"https:\/\/aivlisoft.net\/shop\/producto\/approx-appc28v2-switch-hdmi-3-puertos-4k\/\" \/>\n<meta property=\"og:locale\" content=\"es_ES\" \/>\n<meta property=\"og:type\" content=\"article\" \/>\n<meta property=\"og:title\" content=\"approx APPC28V2 Switch HDMI 3 Puertos 4K - Aivlisoft Inform\u00e1tica\" \/>\n<meta property=\"og:description\" content=\"Este dispositivo est&aacute; pensado para aquellos TV que disponen de pocas entradas HDMI y requieren de la necesidad de conectar varios dispositivos HDMI, con el cu&aacute;l, con una sola entrada HDMI en la TV con este dispositivo tendr&iacute;amos tres entradas HDMI. Incorpora un interruptor de selecci&oacute;n de entrada e indicadores. La caja es de pl&aacute;stico&hellip;&nbsp;approx APPC28V2 Switch HDMI 3 Puertos 4K\" \/>\n<meta property=\"og:url\" content=\"https:\/\/aivlisoft.net\/shop\/producto\/approx-appc28v2-switch-hdmi-3-puertos-4k\/\" \/>\n<meta property=\"og:site_name\" content=\"Aivlisoft Inform\u00e1tica\" \/>\n<meta property=\"article:modified_time\" content=\"2025-01-14T10:13:07+00:00\" \/>\n<meta property=\"og:image\" content=\"https:\/\/aivlisoft.net\/shop\/wp-content\/uploads\/2025\/01\/AISCOV0077_800-1.jpg\" \/>\n\t<meta property=\"og:image:width\" content=\"800\" \/>\n\t<meta property=\"og:image:height\" content=\"800\" \/>\n\t<meta property=\"og:image:type\" content=\"image\/jpeg\" \/>\n<meta name=\"twitter:card\" content=\"summary_large_image\" \/>\n<meta name=\"twitter:label1\" content=\"Tiempo de lectura\" \/>\n\t<meta name=\"twitter:data1\" content=\"1 minuto\" \/>\n<script type=\"application\/ld+json\" class=\"yoast-schema-graph\">{\"@context\":\"https:\/\/schema.org\",\"@graph\":[{\"@type\":\"WebPage\",\"@id\":\"https:\/\/aivlisoft.net\/shop\/producto\/approx-appc28v2-switch-hdmi-3-puertos-4k\/\",\"url\":\"https:\/\/aivlisoft.net\/shop\/producto\/approx-appc28v2-switch-hdmi-3-puertos-4k\/\",\"name\":\"approx APPC28V2 Switch HDMI 3 Puertos 4K - Aivlisoft Inform\u00e1tica\",\"isPartOf\":{\"@id\":\"https:\/\/aivlisoft.net\/shop\/#website\"},\"primaryImageOfPage\":{\"@id\":\"https:\/\/aivlisoft.net\/shop\/producto\/approx-appc28v2-switch-hdmi-3-puertos-4k\/#primaryimage\"},\"image\":{\"@id\":\"https:\/\/aivlisoft.net\/shop\/producto\/approx-appc28v2-switch-hdmi-3-puertos-4k\/#primaryimage\"},\"thumbnailUrl\":\"https:\/\/aivlisoft.net\/shop\/wp-content\/uploads\/2025\/01\/AISCOV0077_800-1.jpg\",\"datePublished\":\"2025-01-13T13:20:23+00:00\",\"dateModified\":\"2025-01-14T10:13:07+00:00\",\"breadcrumb\":{\"@id\":\"https:\/\/aivlisoft.net\/shop\/producto\/approx-appc28v2-switch-hdmi-3-puertos-4k\/#breadcrumb\"},\"inLanguage\":\"es\",\"potentialAction\":[{\"@type\":\"ReadAction\",\"target\":[\"https:\/\/aivlisoft.net\/shop\/producto\/approx-appc28v2-switch-hdmi-3-puertos-4k\/\"]}]},{\"@type\":\"ImageObject\",\"inLanguage\":\"es\",\"@id\":\"https:\/\/aivlisoft.net\/shop\/producto\/approx-appc28v2-switch-hdmi-3-puertos-4k\/#primaryimage\",\"url\":\"https:\/\/aivlisoft.net\/shop\/wp-content\/uploads\/2025\/01\/AISCOV0077_800-1.jpg\",\"contentUrl\":\"https:\/\/aivlisoft.net\/shop\/wp-content\/uploads\/2025\/01\/AISCOV0077_800-1.jpg\",\"width\":800,\"height\":800},{\"@type\":\"BreadcrumbList\",\"@id\":\"https:\/\/aivlisoft.net\/shop\/producto\/approx-appc28v2-switch-hdmi-3-puertos-4k\/#breadcrumb\",\"itemListElement\":[{\"@type\":\"ListItem\",\"position\":1,\"name\":\"Portada\",\"item\":\"https:\/\/aivlisoft.net\/shop\/\"},{\"@type\":\"ListItem\",\"position\":2,\"name\":\"Tienda\",\"item\":\"https:\/\/aivlisoft.net\/shop\/tienda\/\"},{\"@type\":\"ListItem\",\"position\":3,\"name\":\"approx APPC28V2 Switch HDMI 3 Puertos 4K\"}]},{\"@type\":\"WebSite\",\"@id\":\"https:\/\/aivlisoft.net\/shop\/#website\",\"url\":\"https:\/\/aivlisoft.net\/shop\/\",\"name\":\"Aivlisoft Inform\u00e1tica\",\"description\":\"En Aivlisoft Inform\u00e1tica ofrecemos soluciones tecnol\u00f3gicas para empresas: venta de ordenadores, consumibles, perif\u00e9ricos y m\u00e1s. Calidad, atenci\u00f3n personalizada y los mejores precios para tu negocio.\",\"publisher\":{\"@id\":\"https:\/\/aivlisoft.net\/shop\/#organization\"},\"potentialAction\":[{\"@type\":\"SearchAction\",\"target\":{\"@type\":\"EntryPoint\",\"urlTemplate\":\"https:\/\/aivlisoft.net\/shop\/?s={search_term_string}\"},\"query-input\":{\"@type\":\"PropertyValueSpecification\",\"valueRequired\":true,\"valueName\":\"search_term_string\"}}],\"inLanguage\":\"es\"},{\"@type\":\"Organization\",\"@id\":\"https:\/\/aivlisoft.net\/shop\/#organization\",\"name\":\"Aivlisoft Inform\u00e1tica\",\"url\":\"https:\/\/aivlisoft.net\/shop\/\",\"logo\":{\"@type\":\"ImageObject\",\"inLanguage\":\"es\",\"@id\":\"https:\/\/aivlisoft.net\/shop\/#\/schema\/logo\/image\/\",\"url\":\"https:\/\/aivlisoft.net\/shop\/wp-content\/uploads\/2024\/12\/removal.ai_5b848c54-0cdf-4140-95c5-c5536bb7573b-logodef.png\",\"contentUrl\":\"https:\/\/aivlisoft.net\/shop\/wp-content\/uploads\/2024\/12\/removal.ai_5b848c54-0cdf-4140-95c5-c5536bb7573b-logodef.png\",\"width\":484,\"height\":182,\"caption\":\"Aivlisoft Inform\u00e1tica\"},\"image\":{\"@id\":\"https:\/\/aivlisoft.net\/shop\/#\/schema\/logo\/image\/\"}}]}<\/script>\n<!-- \/ Yoast SEO plugin. -->","yoast_head_json":{"title":"approx APPC28V2 Switch HDMI 3 Puertos 4K - Aivlisoft Inform\u00e1tica","robots":{"index":"index","follow":"follow","max-snippet":"max-snippet:-1","max-image-preview":"max-image-preview:large","max-video-preview":"max-video-preview:-1"},"canonical":"https:\/\/aivlisoft.net\/shop\/producto\/approx-appc28v2-switch-hdmi-3-puertos-4k\/","og_locale":"es_ES","og_type":"article","og_title":"approx APPC28V2 Switch HDMI 3 Puertos 4K - Aivlisoft Inform\u00e1tica","og_description":"Este dispositivo est&aacute; pensado para aquellos TV que disponen de pocas entradas HDMI y requieren de la necesidad de conectar varios dispositivos HDMI, con el cu&aacute;l, con una sola entrada HDMI en la TV con este dispositivo tendr&iacute;amos tres entradas HDMI. Incorpora un interruptor de selecci&oacute;n de entrada e indicadores. La caja es de pl&aacute;stico&hellip;&nbsp;approx APPC28V2 Switch HDMI 3 Puertos 4K","og_url":"https:\/\/aivlisoft.net\/shop\/producto\/approx-appc28v2-switch-hdmi-3-puertos-4k\/","og_site_name":"Aivlisoft Inform\u00e1tica","article_modified_time":"2025-01-14T10:13:07+00:00","og_image":[{"width":800,"height":800,"url":"https:\/\/aivlisoft.net\/shop\/wp-content\/uploads\/2025\/01\/AISCOV0077_800-1.jpg","type":"image\/jpeg"}],"twitter_card":"summary_large_image","twitter_misc":{"Tiempo de lectura":"1 minuto"},"schema":{"@context":"https:\/\/schema.org","@graph":[{"@type":"WebPage","@id":"https:\/\/aivlisoft.net\/shop\/producto\/approx-appc28v2-switch-hdmi-3-puertos-4k\/","url":"https:\/\/aivlisoft.net\/shop\/producto\/approx-appc28v2-switch-hdmi-3-puertos-4k\/","name":"approx APPC28V2 Switch HDMI 3 Puertos 4K - Aivlisoft Inform\u00e1tica","isPartOf":{"@id":"https:\/\/aivlisoft.net\/shop\/#website"},"primaryImageOfPage":{"@id":"https:\/\/aivlisoft.net\/shop\/producto\/approx-appc28v2-switch-hdmi-3-puertos-4k\/#primaryimage"},"image":{"@id":"https:\/\/aivlisoft.net\/shop\/producto\/approx-appc28v2-switch-hdmi-3-puertos-4k\/#primaryimage"},"thumbnailUrl":"https:\/\/aivlisoft.net\/shop\/wp-content\/uploads\/2025\/01\/AISCOV0077_800-1.jpg","datePublished":"2025-01-13T13:20:23+00:00","dateModified":"2025-01-14T10:13:07+00:00","breadcrumb":{"@id":"https:\/\/aivlisoft.net\/shop\/producto\/approx-appc28v2-switch-hdmi-3-puertos-4k\/#breadcrumb"},"inLanguage":"es","potentialAction":[{"@type":"ReadAction","target":["https:\/\/aivlisoft.net\/shop\/producto\/approx-appc28v2-switch-hdmi-3-puertos-4k\/"]}]},{"@type":"ImageObject","inLanguage":"es","@id":"https:\/\/aivlisoft.net\/shop\/producto\/approx-appc28v2-switch-hdmi-3-puertos-4k\/#primaryimage","url":"https:\/\/aivlisoft.net\/shop\/wp-content\/uploads\/2025\/01\/AISCOV0077_800-1.jpg","contentUrl":"https:\/\/aivlisoft.net\/shop\/wp-content\/uploads\/2025\/01\/AISCOV0077_800-1.jpg","width":800,"height":800},{"@type":"BreadcrumbList","@id":"https:\/\/aivlisoft.net\/shop\/producto\/approx-appc28v2-switch-hdmi-3-puertos-4k\/#breadcrumb","itemListElement":[{"@type":"ListItem","position":1,"name":"Portada","item":"https:\/\/aivlisoft.net\/shop\/"},{"@type":"ListItem","position":2,"name":"Tienda","item":"https:\/\/aivlisoft.net\/shop\/tienda\/"},{"@type":"ListItem","position":3,"name":"approx APPC28V2 Switch HDMI 3 Puertos 4K"}]},{"@type":"WebSite","@id":"https:\/\/aivlisoft.net\/shop\/#website","url":"https:\/\/aivlisoft.net\/shop\/","name":"Aivlisoft Inform\u00e1tica","description":"En Aivlisoft Inform\u00e1tica ofrecemos soluciones tecnol\u00f3gicas para empresas: venta de ordenadores, consumibles, perif\u00e9ricos y m\u00e1s. Calidad, atenci\u00f3n personalizada y los mejores precios para tu negocio.","publisher":{"@id":"https:\/\/aivlisoft.net\/shop\/#organization"},"potentialAction":[{"@type":"SearchAction","target":{"@type":"EntryPoint","urlTemplate":"https:\/\/aivlisoft.net\/shop\/?s={search_term_string}"},"query-input":{"@type":"PropertyValueSpecification","valueRequired":true,"valueName":"search_term_string"}}],"inLanguage":"es"},{"@type":"Organization","@id":"https:\/\/aivlisoft.net\/shop\/#organization","name":"Aivlisoft Inform\u00e1tica","url":"https:\/\/aivlisoft.net\/shop\/","logo":{"@type":"ImageObject","inLanguage":"es","@id":"https:\/\/aivlisoft.net\/shop\/#\/schema\/logo\/image\/","url":"https:\/\/aivlisoft.net\/shop\/wp-content\/uploads\/2024\/12\/removal.ai_5b848c54-0cdf-4140-95c5-c5536bb7573b-logodef.png","contentUrl":"https:\/\/aivlisoft.net\/shop\/wp-content\/uploads\/2024\/12\/removal.ai_5b848c54-0cdf-4140-95c5-c5536bb7573b-logodef.png","width":484,"height":182,"caption":"Aivlisoft Inform\u00e1tica"},"image":{"@id":"https:\/\/aivlisoft.net\/shop\/#\/schema\/logo\/image\/"}}]}},"_links":{"self":[{"href":"https:\/\/aivlisoft.net\/shop\/wp-json\/wp\/v2\/product\/4517","targetHints":{"allow":["GET"]}}],"collection":[{"href":"https:\/\/aivlisoft.net\/shop\/wp-json\/wp\/v2\/product"}],"about":[{"href":"https:\/\/aivlisoft.net\/shop\/wp-json\/wp\/v2\/types\/product"}],"wp:featuredmedia":[{"embeddable":true,"href":"https:\/\/aivlisoft.net\/shop\/wp-json\/wp\/v2\/media\/4518"}],"wp:attachment":[{"href":"https:\/\/aivlisoft.net\/shop\/wp-json\/wp\/v2\/media?parent=4517"}],"wp:term":[{"taxonomy":"product_brand","embeddable":true,"href":"https:\/\/aivlisoft.net\/shop\/wp-json\/wp\/v2\/product_brand?post=4517"},{"taxonomy":"product_cat","embeddable":true,"href":"https:\/\/aivlisoft.net\/shop\/wp-json\/wp\/v2\/product_cat?post=4517"},{"taxonomy":"product_tag","embeddable":true,"href":"https:\/\/aivlisoft.net\/shop\/wp-json\/wp\/v2\/product_tag?post=4517"}],"curies":[{"name":"wp","href":"https:\/\/api.w.org\/{rel}","templated":true}]}}