{"id":4496,"date":"2025-01-13T13:20:14","date_gmt":"2025-01-13T13:20:14","guid":{"rendered":"https:\/\/aivlisoft.com\/?post_type=product&#038;p=4496"},"modified":"2025-01-14T10:12:54","modified_gmt":"2025-01-14T10:12:54","slug":"iggual-adaptador-corriente-ac-dc-12v-3a-monitor","status":"publish","type":"product","link":"https:\/\/aivlisoft.net\/shop\/producto\/iggual-adaptador-corriente-ac-dc-12v-3a-monitor\/","title":{"rendered":"iggual Adaptador corriente AC\/DC 12V 3A monitor"},"content":{"rendered":"<p><\/p>\n<table class=\"tabla_caracteristicas\" width=\"100%\">\n<tr>\n<td valign=\"top\"><strong>Marca<\/strong><\/td>\n<td>iggual<\/td>\n<\/tr>\n<tr>\n<td valign=\"top\"><strong>Modelo<\/strong><\/td>\n<td><strong>IGG319789<\/strong><\/td>\n<\/tr>\n<tr>\n<td valign=\"top\"><strong>Caracter&iacute;sticas<\/strong><\/td>\n<td>&#8211; Adaptador de corriente AC\/DC<br \/>\t\t\t&#8211; Tensi&oacute;n de entrada: AC 100-240V 50\/60 Hz<br \/>\t\t\t&#8211; Tensi&oacute;n de salida: DC 12V-3A<br \/>\t\t\t&#8211; Potencia m&aacute;xima de salida: 36W<br \/>\t\t\t&#8211; Longitud del cable del adaptador: 3 metros<br \/>\t\t\t&#8211; Compatible con los siguientes monitores iggual:<br \/>\t\t\t&nbsp; Monitor LED de 23,8&#8243; ML24S &#8211; IGG319413<br \/>\t\t\t&nbsp; Monitor LED de 24&#8243; ML24F &#8211; IGG317921<\/td>\n<\/tr>\n<tr>\n<td valign=\"top\"><strong>Fecha de revisi&oacute;n<\/strong><\/td>\n<td>20-11-2024 por RTY<\/td>\n<\/tr>\n<\/table>\n","protected":false},"excerpt":{"rendered":"<p>Marca iggual Modelo IGG319789 Caracter&iacute;sticas &#8211; Adaptador de corriente AC\/DC &#8211; Tensi&oacute;n de entrada: AC 100-240V 50\/60 Hz &#8211; Tensi&oacute;n de salida: DC 12V-3A &#8211; Potencia m&aacute;xima de salida: 36W &#8211; Longitud del cable del adaptador: 3 metros &#8211; Compatible con los siguientes monitores iggual: &nbsp; Monitor LED de 23,8&#8243; ML24S &#8211; IGG319413 &nbsp; Monitor&hellip;&nbsp;<a href=\"https:\/\/aivlisoft.net\/shop\/producto\/iggual-adaptador-corriente-ac-dc-12v-3a-monitor\/\" rel=\"bookmark\"><span class=\"screen-reader-text\">iggual Adaptador corriente AC\/DC 12V 3A monitor<\/span><\/a><\/p>\n","protected":false},"featured_media":0,"template":"","meta":{"neve_meta_sidebar":"","neve_meta_container":"","neve_meta_enable_content_width":"","neve_meta_content_width":0,"neve_meta_title_alignment":"","neve_meta_author_avatar":"","neve_post_elements_order":"","neve_meta_disable_header":"","neve_meta_disable_footer":"","neve_meta_disable_title":""},"product_brand":[],"product_cat":[8697],"product_tag":[1349],"class_list":{"0":"post-4496","1":"product","2":"type-product","3":"status-publish","5":"product_cat-cable-conector-imagen-sonido","6":"product_tag-igg319789","8":"first","9":"instock","10":"taxable","11":"shipping-taxable","12":"purchasable","13":"product-type-simple"},"yoast_head":"<!-- This site is optimized with the Yoast SEO plugin v26.0 - https:\/\/yoast.com\/wordpress\/plugins\/seo\/ -->\n<title>iggual Adaptador corriente AC\/DC 12V 3A monitor - Aivlisoft Inform\u00e1tica<\/title>\n<meta name=\"robots\" content=\"index, follow, max-snippet:-1, max-image-preview:large, max-video-preview:-1\" \/>\n<link rel=\"canonical\" href=\"https:\/\/aivlisoft.net\/shop\/producto\/iggual-adaptador-corriente-ac-dc-12v-3a-monitor\/\" \/>\n<meta property=\"og:locale\" content=\"es_ES\" \/>\n<meta property=\"og:type\" content=\"article\" \/>\n<meta property=\"og:title\" content=\"iggual Adaptador corriente AC\/DC 12V 3A monitor - Aivlisoft Inform\u00e1tica\" \/>\n<meta property=\"og:description\" content=\"Marca iggual Modelo IGG319789 Caracter&iacute;sticas &#8211; Adaptador de corriente AC\/DC &#8211; Tensi&oacute;n de entrada: AC 100-240V 50\/60 Hz &#8211; Tensi&oacute;n de salida: DC 12V-3A &#8211; Potencia m&aacute;xima de salida: 36W &#8211; Longitud del cable del adaptador: 3 metros &#8211; Compatible con los siguientes monitores iggual: &nbsp; Monitor LED de 23,8&#8243; ML24S &#8211; IGG319413 &nbsp; Monitor&hellip;&nbsp;iggual Adaptador corriente AC\/DC 12V 3A monitor\" \/>\n<meta property=\"og:url\" content=\"https:\/\/aivlisoft.net\/shop\/producto\/iggual-adaptador-corriente-ac-dc-12v-3a-monitor\/\" \/>\n<meta property=\"og:site_name\" content=\"Aivlisoft Inform\u00e1tica\" \/>\n<meta property=\"article:modified_time\" content=\"2025-01-14T10:12:54+00:00\" \/>\n<meta name=\"twitter:card\" content=\"summary_large_image\" \/>\n<script type=\"application\/ld+json\" class=\"yoast-schema-graph\">{\"@context\":\"https:\/\/schema.org\",\"@graph\":[{\"@type\":\"WebPage\",\"@id\":\"https:\/\/aivlisoft.net\/shop\/producto\/iggual-adaptador-corriente-ac-dc-12v-3a-monitor\/\",\"url\":\"https:\/\/aivlisoft.net\/shop\/producto\/iggual-adaptador-corriente-ac-dc-12v-3a-monitor\/\",\"name\":\"iggual Adaptador corriente AC\/DC 12V 3A monitor - Aivlisoft Inform\u00e1tica\",\"isPartOf\":{\"@id\":\"https:\/\/aivlisoft.net\/shop\/#website\"},\"datePublished\":\"2025-01-13T13:20:14+00:00\",\"dateModified\":\"2025-01-14T10:12:54+00:00\",\"breadcrumb\":{\"@id\":\"https:\/\/aivlisoft.net\/shop\/producto\/iggual-adaptador-corriente-ac-dc-12v-3a-monitor\/#breadcrumb\"},\"inLanguage\":\"es\",\"potentialAction\":[{\"@type\":\"ReadAction\",\"target\":[\"https:\/\/aivlisoft.net\/shop\/producto\/iggual-adaptador-corriente-ac-dc-12v-3a-monitor\/\"]}]},{\"@type\":\"BreadcrumbList\",\"@id\":\"https:\/\/aivlisoft.net\/shop\/producto\/iggual-adaptador-corriente-ac-dc-12v-3a-monitor\/#breadcrumb\",\"itemListElement\":[{\"@type\":\"ListItem\",\"position\":1,\"name\":\"Portada\",\"item\":\"https:\/\/aivlisoft.net\/shop\/\"},{\"@type\":\"ListItem\",\"position\":2,\"name\":\"Tienda\",\"item\":\"https:\/\/aivlisoft.net\/shop\/tienda\/\"},{\"@type\":\"ListItem\",\"position\":3,\"name\":\"iggual Adaptador corriente AC\/DC 12V 3A monitor\"}]},{\"@type\":\"WebSite\",\"@id\":\"https:\/\/aivlisoft.net\/shop\/#website\",\"url\":\"https:\/\/aivlisoft.net\/shop\/\",\"name\":\"Aivlisoft Inform\u00e1tica\",\"description\":\"En Aivlisoft Inform\u00e1tica ofrecemos soluciones tecnol\u00f3gicas para empresas: venta de ordenadores, consumibles, perif\u00e9ricos y m\u00e1s. Calidad, atenci\u00f3n personalizada y los mejores precios para tu negocio.\",\"publisher\":{\"@id\":\"https:\/\/aivlisoft.net\/shop\/#organization\"},\"potentialAction\":[{\"@type\":\"SearchAction\",\"target\":{\"@type\":\"EntryPoint\",\"urlTemplate\":\"https:\/\/aivlisoft.net\/shop\/?s={search_term_string}\"},\"query-input\":{\"@type\":\"PropertyValueSpecification\",\"valueRequired\":true,\"valueName\":\"search_term_string\"}}],\"inLanguage\":\"es\"},{\"@type\":\"Organization\",\"@id\":\"https:\/\/aivlisoft.net\/shop\/#organization\",\"name\":\"Aivlisoft Inform\u00e1tica\",\"url\":\"https:\/\/aivlisoft.net\/shop\/\",\"logo\":{\"@type\":\"ImageObject\",\"inLanguage\":\"es\",\"@id\":\"https:\/\/aivlisoft.net\/shop\/#\/schema\/logo\/image\/\",\"url\":\"https:\/\/aivlisoft.net\/shop\/wp-content\/uploads\/2024\/12\/removal.ai_5b848c54-0cdf-4140-95c5-c5536bb7573b-logodef.png\",\"contentUrl\":\"https:\/\/aivlisoft.net\/shop\/wp-content\/uploads\/2024\/12\/removal.ai_5b848c54-0cdf-4140-95c5-c5536bb7573b-logodef.png\",\"width\":484,\"height\":182,\"caption\":\"Aivlisoft Inform\u00e1tica\"},\"image\":{\"@id\":\"https:\/\/aivlisoft.net\/shop\/#\/schema\/logo\/image\/\"}}]}<\/script>\n<!-- \/ Yoast SEO plugin. -->","yoast_head_json":{"title":"iggual Adaptador corriente AC\/DC 12V 3A monitor - Aivlisoft Inform\u00e1tica","robots":{"index":"index","follow":"follow","max-snippet":"max-snippet:-1","max-image-preview":"max-image-preview:large","max-video-preview":"max-video-preview:-1"},"canonical":"https:\/\/aivlisoft.net\/shop\/producto\/iggual-adaptador-corriente-ac-dc-12v-3a-monitor\/","og_locale":"es_ES","og_type":"article","og_title":"iggual Adaptador corriente AC\/DC 12V 3A monitor - Aivlisoft Inform\u00e1tica","og_description":"Marca iggual Modelo IGG319789 Caracter&iacute;sticas &#8211; Adaptador de corriente AC\/DC &#8211; Tensi&oacute;n de entrada: AC 100-240V 50\/60 Hz &#8211; Tensi&oacute;n de salida: DC 12V-3A &#8211; Potencia m&aacute;xima de salida: 36W &#8211; Longitud del cable del adaptador: 3 metros &#8211; Compatible con los siguientes monitores iggual: &nbsp; Monitor LED de 23,8&#8243; ML24S &#8211; IGG319413 &nbsp; Monitor&hellip;&nbsp;iggual Adaptador corriente AC\/DC 12V 3A monitor","og_url":"https:\/\/aivlisoft.net\/shop\/producto\/iggual-adaptador-corriente-ac-dc-12v-3a-monitor\/","og_site_name":"Aivlisoft Inform\u00e1tica","article_modified_time":"2025-01-14T10:12:54+00:00","twitter_card":"summary_large_image","schema":{"@context":"https:\/\/schema.org","@graph":[{"@type":"WebPage","@id":"https:\/\/aivlisoft.net\/shop\/producto\/iggual-adaptador-corriente-ac-dc-12v-3a-monitor\/","url":"https:\/\/aivlisoft.net\/shop\/producto\/iggual-adaptador-corriente-ac-dc-12v-3a-monitor\/","name":"iggual Adaptador corriente AC\/DC 12V 3A monitor - Aivlisoft Inform\u00e1tica","isPartOf":{"@id":"https:\/\/aivlisoft.net\/shop\/#website"},"datePublished":"2025-01-13T13:20:14+00:00","dateModified":"2025-01-14T10:12:54+00:00","breadcrumb":{"@id":"https:\/\/aivlisoft.net\/shop\/producto\/iggual-adaptador-corriente-ac-dc-12v-3a-monitor\/#breadcrumb"},"inLanguage":"es","potentialAction":[{"@type":"ReadAction","target":["https:\/\/aivlisoft.net\/shop\/producto\/iggual-adaptador-corriente-ac-dc-12v-3a-monitor\/"]}]},{"@type":"BreadcrumbList","@id":"https:\/\/aivlisoft.net\/shop\/producto\/iggual-adaptador-corriente-ac-dc-12v-3a-monitor\/#breadcrumb","itemListElement":[{"@type":"ListItem","position":1,"name":"Portada","item":"https:\/\/aivlisoft.net\/shop\/"},{"@type":"ListItem","position":2,"name":"Tienda","item":"https:\/\/aivlisoft.net\/shop\/tienda\/"},{"@type":"ListItem","position":3,"name":"iggual Adaptador corriente AC\/DC 12V 3A monitor"}]},{"@type":"WebSite","@id":"https:\/\/aivlisoft.net\/shop\/#website","url":"https:\/\/aivlisoft.net\/shop\/","name":"Aivlisoft Inform\u00e1tica","description":"En Aivlisoft Inform\u00e1tica ofrecemos soluciones tecnol\u00f3gicas para empresas: venta de ordenadores, consumibles, perif\u00e9ricos y m\u00e1s. Calidad, atenci\u00f3n personalizada y los mejores precios para tu negocio.","publisher":{"@id":"https:\/\/aivlisoft.net\/shop\/#organization"},"potentialAction":[{"@type":"SearchAction","target":{"@type":"EntryPoint","urlTemplate":"https:\/\/aivlisoft.net\/shop\/?s={search_term_string}"},"query-input":{"@type":"PropertyValueSpecification","valueRequired":true,"valueName":"search_term_string"}}],"inLanguage":"es"},{"@type":"Organization","@id":"https:\/\/aivlisoft.net\/shop\/#organization","name":"Aivlisoft Inform\u00e1tica","url":"https:\/\/aivlisoft.net\/shop\/","logo":{"@type":"ImageObject","inLanguage":"es","@id":"https:\/\/aivlisoft.net\/shop\/#\/schema\/logo\/image\/","url":"https:\/\/aivlisoft.net\/shop\/wp-content\/uploads\/2024\/12\/removal.ai_5b848c54-0cdf-4140-95c5-c5536bb7573b-logodef.png","contentUrl":"https:\/\/aivlisoft.net\/shop\/wp-content\/uploads\/2024\/12\/removal.ai_5b848c54-0cdf-4140-95c5-c5536bb7573b-logodef.png","width":484,"height":182,"caption":"Aivlisoft Inform\u00e1tica"},"image":{"@id":"https:\/\/aivlisoft.net\/shop\/#\/schema\/logo\/image\/"}}]}},"_links":{"self":[{"href":"https:\/\/aivlisoft.net\/shop\/wp-json\/wp\/v2\/product\/4496","targetHints":{"allow":["GET"]}}],"collection":[{"href":"https:\/\/aivlisoft.net\/shop\/wp-json\/wp\/v2\/product"}],"about":[{"href":"https:\/\/aivlisoft.net\/shop\/wp-json\/wp\/v2\/types\/product"}],"wp:attachment":[{"href":"https:\/\/aivlisoft.net\/shop\/wp-json\/wp\/v2\/media?parent=4496"}],"wp:term":[{"taxonomy":"product_brand","embeddable":true,"href":"https:\/\/aivlisoft.net\/shop\/wp-json\/wp\/v2\/product_brand?post=4496"},{"taxonomy":"product_cat","embeddable":true,"href":"https:\/\/aivlisoft.net\/shop\/wp-json\/wp\/v2\/product_cat?post=4496"},{"taxonomy":"product_tag","embeddable":true,"href":"https:\/\/aivlisoft.net\/shop\/wp-json\/wp\/v2\/product_tag?post=4496"}],"curies":[{"name":"wp","href":"https:\/\/api.w.org\/{rel}","templated":true}]}}