{"id":4408,"date":"2025-01-13T13:19:46","date_gmt":"2025-01-13T13:19:46","guid":{"rendered":"https:\/\/aivlisoft.com\/?post_type=product&#038;p=4408"},"modified":"2025-01-14T10:12:28","modified_gmt":"2025-01-14T10:12:28","slug":"nanocable-cable-hdmi-v2-0-4k60hz-18gbps-ccs-3-m","status":"publish","type":"product","link":"https:\/\/aivlisoft.net\/shop\/producto\/nanocable-cable-hdmi-v2-0-4k60hz-18gbps-ccs-3-m\/","title":{"rendered":"Nanocable Cable HDMI V2.0 4K@60HZ 18Gbps CCS 3 M"},"content":{"rendered":"<p><\/p>\n<table class=\"tabla_caracteristicas k-table\" width=\"100%\">\n<tr>\n<td><strong>Marca<\/strong><\/td>\n<td>Nanocable<\/td>\n<\/tr>\n<tr>\n<td><strong>Modelo<\/strong><\/td>\n<td><strong>10.15.3903<\/strong><\/td>\n<\/tr>\n<tr>\n<td><strong>Caracter&iacute;sticas<\/strong><\/td>\n<td>&#8211; Cable HDMI V2.0 con conector tipo A macho en ambos extremos<br \/>\t\t\t&#8211; Velocidad hasta 18 Gbps<br \/>\t\t\t&#8211; M&uacute;ltiple apantallamiento para la m&aacute;ximo reducci&oacute;n de posibles interferencias<br \/>\t\t\t&#8211; Fabricado con conductores de cobre de alta calidad<br \/>\t\t\t&#8211; Retrocompatible con las especificaciones HDMI anteriores<br \/>\t\t\t&#8211; Soporte resoluciones de video de hasta 4Kx2K@60Hz<br \/>\t\t\t&#8211; Compatible con HDR (High Dynamic Range)<br \/>\t\t\t&#8211; Soporta funcionalidad de canal de retorno de audio<br \/>\t\t\t&#8211; Permite 3D<br \/>\t\t\t&#8211; Compatible con hasta 32 canales de audio digital no comprimido<br \/>\t\t\t&#8211; Material del conductor: CCS<br \/>\t\t\t&#8211; Longitud:<strong> 3 m<\/strong><br \/>\t\t\t&#8211; Color: Negro<br \/>\t\t\t&#8211; Normativas: RoHS<\/td>\n<\/tr>\n<tr>\n<td><strong>Fecha de revisi&oacute;n<\/strong><\/td>\n<td>15-09-2023 por RTY<\/td>\n<\/tr>\n<\/table>\n","protected":false},"excerpt":{"rendered":"<p>Marca Nanocable Modelo 10.15.3903 Caracter&iacute;sticas &#8211; Cable HDMI V2.0 con conector tipo A macho en ambos extremos &#8211; Velocidad hasta 18 Gbps &#8211; M&uacute;ltiple apantallamiento para la m&aacute;ximo reducci&oacute;n de posibles interferencias &#8211; Fabricado con conductores de cobre de alta calidad &#8211; Retrocompatible con las especificaciones HDMI anteriores &#8211; Soporte resoluciones de video de hasta&hellip;&nbsp;<a href=\"https:\/\/aivlisoft.net\/shop\/producto\/nanocable-cable-hdmi-v2-0-4k60hz-18gbps-ccs-3-m\/\" rel=\"bookmark\"><span class=\"screen-reader-text\">Nanocable Cable HDMI V2.0 4K@60HZ 18Gbps CCS 3 M<\/span><\/a><\/p>\n","protected":false},"featured_media":4409,"template":"","meta":{"neve_meta_sidebar":"","neve_meta_container":"","neve_meta_enable_content_width":"","neve_meta_content_width":0,"neve_meta_title_alignment":"","neve_meta_author_avatar":"","neve_post_elements_order":"","neve_meta_disable_header":"","neve_meta_disable_footer":"","neve_meta_disable_title":""},"product_brand":[],"product_cat":[8697],"product_tag":[1327],"class_list":{"0":"post-4408","1":"product","2":"type-product","3":"status-publish","4":"has-post-thumbnail","6":"product_cat-cable-conector-imagen-sonido","7":"product_tag-10-15-3903","9":"first","10":"instock","11":"taxable","12":"shipping-taxable","13":"purchasable","14":"product-type-simple"},"yoast_head":"<!-- This site is optimized with the Yoast SEO plugin v26.0 - https:\/\/yoast.com\/wordpress\/plugins\/seo\/ -->\n<title>Nanocable Cable HDMI V2.0 4K@60HZ 18Gbps CCS 3 M - Aivlisoft Inform\u00e1tica<\/title>\n<meta name=\"robots\" content=\"index, follow, max-snippet:-1, max-image-preview:large, max-video-preview:-1\" \/>\n<link rel=\"canonical\" href=\"https:\/\/aivlisoft.net\/shop\/producto\/nanocable-cable-hdmi-v2-0-4k60hz-18gbps-ccs-3-m\/\" \/>\n<meta property=\"og:locale\" content=\"es_ES\" \/>\n<meta property=\"og:type\" content=\"article\" \/>\n<meta property=\"og:title\" content=\"Nanocable Cable HDMI V2.0 4K@60HZ 18Gbps CCS 3 M - Aivlisoft Inform\u00e1tica\" \/>\n<meta property=\"og:description\" content=\"Marca Nanocable Modelo 10.15.3903 Caracter&iacute;sticas &#8211; Cable HDMI V2.0 con conector tipo A macho en ambos extremos &#8211; Velocidad hasta 18 Gbps &#8211; M&uacute;ltiple apantallamiento para la m&aacute;ximo reducci&oacute;n de posibles interferencias &#8211; Fabricado con conductores de cobre de alta calidad &#8211; Retrocompatible con las especificaciones HDMI anteriores &#8211; Soporte resoluciones de video de hasta&hellip;&nbsp;Nanocable Cable HDMI V2.0 4K@60HZ 18Gbps CCS 3 M\" \/>\n<meta property=\"og:url\" content=\"https:\/\/aivlisoft.net\/shop\/producto\/nanocable-cable-hdmi-v2-0-4k60hz-18gbps-ccs-3-m\/\" \/>\n<meta property=\"og:site_name\" content=\"Aivlisoft Inform\u00e1tica\" \/>\n<meta property=\"article:modified_time\" content=\"2025-01-14T10:12:28+00:00\" \/>\n<meta property=\"og:image\" content=\"https:\/\/aivlisoft.net\/shop\/wp-content\/uploads\/2025\/01\/AISCCI0686_800-1.jpg\" \/>\n\t<meta property=\"og:image:width\" content=\"800\" \/>\n\t<meta property=\"og:image:height\" content=\"800\" \/>\n\t<meta property=\"og:image:type\" content=\"image\/jpeg\" \/>\n<meta name=\"twitter:card\" content=\"summary_large_image\" \/>\n<meta name=\"twitter:label1\" content=\"Tiempo de lectura\" \/>\n\t<meta name=\"twitter:data1\" content=\"1 minuto\" \/>\n<script type=\"application\/ld+json\" class=\"yoast-schema-graph\">{\"@context\":\"https:\/\/schema.org\",\"@graph\":[{\"@type\":\"WebPage\",\"@id\":\"https:\/\/aivlisoft.net\/shop\/producto\/nanocable-cable-hdmi-v2-0-4k60hz-18gbps-ccs-3-m\/\",\"url\":\"https:\/\/aivlisoft.net\/shop\/producto\/nanocable-cable-hdmi-v2-0-4k60hz-18gbps-ccs-3-m\/\",\"name\":\"Nanocable Cable HDMI V2.0 4K@60HZ 18Gbps CCS 3 M - Aivlisoft Inform\u00e1tica\",\"isPartOf\":{\"@id\":\"https:\/\/aivlisoft.net\/shop\/#website\"},\"primaryImageOfPage\":{\"@id\":\"https:\/\/aivlisoft.net\/shop\/producto\/nanocable-cable-hdmi-v2-0-4k60hz-18gbps-ccs-3-m\/#primaryimage\"},\"image\":{\"@id\":\"https:\/\/aivlisoft.net\/shop\/producto\/nanocable-cable-hdmi-v2-0-4k60hz-18gbps-ccs-3-m\/#primaryimage\"},\"thumbnailUrl\":\"https:\/\/aivlisoft.net\/shop\/wp-content\/uploads\/2025\/01\/AISCCI0686_800-1.jpg\",\"datePublished\":\"2025-01-13T13:19:46+00:00\",\"dateModified\":\"2025-01-14T10:12:28+00:00\",\"breadcrumb\":{\"@id\":\"https:\/\/aivlisoft.net\/shop\/producto\/nanocable-cable-hdmi-v2-0-4k60hz-18gbps-ccs-3-m\/#breadcrumb\"},\"inLanguage\":\"es\",\"potentialAction\":[{\"@type\":\"ReadAction\",\"target\":[\"https:\/\/aivlisoft.net\/shop\/producto\/nanocable-cable-hdmi-v2-0-4k60hz-18gbps-ccs-3-m\/\"]}]},{\"@type\":\"ImageObject\",\"inLanguage\":\"es\",\"@id\":\"https:\/\/aivlisoft.net\/shop\/producto\/nanocable-cable-hdmi-v2-0-4k60hz-18gbps-ccs-3-m\/#primaryimage\",\"url\":\"https:\/\/aivlisoft.net\/shop\/wp-content\/uploads\/2025\/01\/AISCCI0686_800-1.jpg\",\"contentUrl\":\"https:\/\/aivlisoft.net\/shop\/wp-content\/uploads\/2025\/01\/AISCCI0686_800-1.jpg\",\"width\":800,\"height\":800},{\"@type\":\"BreadcrumbList\",\"@id\":\"https:\/\/aivlisoft.net\/shop\/producto\/nanocable-cable-hdmi-v2-0-4k60hz-18gbps-ccs-3-m\/#breadcrumb\",\"itemListElement\":[{\"@type\":\"ListItem\",\"position\":1,\"name\":\"Portada\",\"item\":\"https:\/\/aivlisoft.net\/shop\/\"},{\"@type\":\"ListItem\",\"position\":2,\"name\":\"Tienda\",\"item\":\"https:\/\/aivlisoft.net\/shop\/tienda\/\"},{\"@type\":\"ListItem\",\"position\":3,\"name\":\"Nanocable Cable HDMI V2.0 4K@60HZ 18Gbps CCS 3 M\"}]},{\"@type\":\"WebSite\",\"@id\":\"https:\/\/aivlisoft.net\/shop\/#website\",\"url\":\"https:\/\/aivlisoft.net\/shop\/\",\"name\":\"Aivlisoft Inform\u00e1tica\",\"description\":\"En Aivlisoft Inform\u00e1tica ofrecemos soluciones tecnol\u00f3gicas para empresas: venta de ordenadores, consumibles, perif\u00e9ricos y m\u00e1s. Calidad, atenci\u00f3n personalizada y los mejores precios para tu negocio.\",\"publisher\":{\"@id\":\"https:\/\/aivlisoft.net\/shop\/#organization\"},\"potentialAction\":[{\"@type\":\"SearchAction\",\"target\":{\"@type\":\"EntryPoint\",\"urlTemplate\":\"https:\/\/aivlisoft.net\/shop\/?s={search_term_string}\"},\"query-input\":{\"@type\":\"PropertyValueSpecification\",\"valueRequired\":true,\"valueName\":\"search_term_string\"}}],\"inLanguage\":\"es\"},{\"@type\":\"Organization\",\"@id\":\"https:\/\/aivlisoft.net\/shop\/#organization\",\"name\":\"Aivlisoft Inform\u00e1tica\",\"url\":\"https:\/\/aivlisoft.net\/shop\/\",\"logo\":{\"@type\":\"ImageObject\",\"inLanguage\":\"es\",\"@id\":\"https:\/\/aivlisoft.net\/shop\/#\/schema\/logo\/image\/\",\"url\":\"https:\/\/aivlisoft.net\/shop\/wp-content\/uploads\/2024\/12\/removal.ai_5b848c54-0cdf-4140-95c5-c5536bb7573b-logodef.png\",\"contentUrl\":\"https:\/\/aivlisoft.net\/shop\/wp-content\/uploads\/2024\/12\/removal.ai_5b848c54-0cdf-4140-95c5-c5536bb7573b-logodef.png\",\"width\":484,\"height\":182,\"caption\":\"Aivlisoft Inform\u00e1tica\"},\"image\":{\"@id\":\"https:\/\/aivlisoft.net\/shop\/#\/schema\/logo\/image\/\"}}]}<\/script>\n<!-- \/ Yoast SEO plugin. -->","yoast_head_json":{"title":"Nanocable Cable HDMI V2.0 4K@60HZ 18Gbps CCS 3 M - Aivlisoft Inform\u00e1tica","robots":{"index":"index","follow":"follow","max-snippet":"max-snippet:-1","max-image-preview":"max-image-preview:large","max-video-preview":"max-video-preview:-1"},"canonical":"https:\/\/aivlisoft.net\/shop\/producto\/nanocable-cable-hdmi-v2-0-4k60hz-18gbps-ccs-3-m\/","og_locale":"es_ES","og_type":"article","og_title":"Nanocable Cable HDMI V2.0 4K@60HZ 18Gbps CCS 3 M - Aivlisoft Inform\u00e1tica","og_description":"Marca Nanocable Modelo 10.15.3903 Caracter&iacute;sticas &#8211; Cable HDMI V2.0 con conector tipo A macho en ambos extremos &#8211; Velocidad hasta 18 Gbps &#8211; M&uacute;ltiple apantallamiento para la m&aacute;ximo reducci&oacute;n de posibles interferencias &#8211; Fabricado con conductores de cobre de alta calidad &#8211; Retrocompatible con las especificaciones HDMI anteriores &#8211; Soporte resoluciones de video de hasta&hellip;&nbsp;Nanocable Cable HDMI V2.0 4K@60HZ 18Gbps CCS 3 M","og_url":"https:\/\/aivlisoft.net\/shop\/producto\/nanocable-cable-hdmi-v2-0-4k60hz-18gbps-ccs-3-m\/","og_site_name":"Aivlisoft Inform\u00e1tica","article_modified_time":"2025-01-14T10:12:28+00:00","og_image":[{"width":800,"height":800,"url":"https:\/\/aivlisoft.net\/shop\/wp-content\/uploads\/2025\/01\/AISCCI0686_800-1.jpg","type":"image\/jpeg"}],"twitter_card":"summary_large_image","twitter_misc":{"Tiempo de lectura":"1 minuto"},"schema":{"@context":"https:\/\/schema.org","@graph":[{"@type":"WebPage","@id":"https:\/\/aivlisoft.net\/shop\/producto\/nanocable-cable-hdmi-v2-0-4k60hz-18gbps-ccs-3-m\/","url":"https:\/\/aivlisoft.net\/shop\/producto\/nanocable-cable-hdmi-v2-0-4k60hz-18gbps-ccs-3-m\/","name":"Nanocable Cable HDMI V2.0 4K@60HZ 18Gbps CCS 3 M - Aivlisoft Inform\u00e1tica","isPartOf":{"@id":"https:\/\/aivlisoft.net\/shop\/#website"},"primaryImageOfPage":{"@id":"https:\/\/aivlisoft.net\/shop\/producto\/nanocable-cable-hdmi-v2-0-4k60hz-18gbps-ccs-3-m\/#primaryimage"},"image":{"@id":"https:\/\/aivlisoft.net\/shop\/producto\/nanocable-cable-hdmi-v2-0-4k60hz-18gbps-ccs-3-m\/#primaryimage"},"thumbnailUrl":"https:\/\/aivlisoft.net\/shop\/wp-content\/uploads\/2025\/01\/AISCCI0686_800-1.jpg","datePublished":"2025-01-13T13:19:46+00:00","dateModified":"2025-01-14T10:12:28+00:00","breadcrumb":{"@id":"https:\/\/aivlisoft.net\/shop\/producto\/nanocable-cable-hdmi-v2-0-4k60hz-18gbps-ccs-3-m\/#breadcrumb"},"inLanguage":"es","potentialAction":[{"@type":"ReadAction","target":["https:\/\/aivlisoft.net\/shop\/producto\/nanocable-cable-hdmi-v2-0-4k60hz-18gbps-ccs-3-m\/"]}]},{"@type":"ImageObject","inLanguage":"es","@id":"https:\/\/aivlisoft.net\/shop\/producto\/nanocable-cable-hdmi-v2-0-4k60hz-18gbps-ccs-3-m\/#primaryimage","url":"https:\/\/aivlisoft.net\/shop\/wp-content\/uploads\/2025\/01\/AISCCI0686_800-1.jpg","contentUrl":"https:\/\/aivlisoft.net\/shop\/wp-content\/uploads\/2025\/01\/AISCCI0686_800-1.jpg","width":800,"height":800},{"@type":"BreadcrumbList","@id":"https:\/\/aivlisoft.net\/shop\/producto\/nanocable-cable-hdmi-v2-0-4k60hz-18gbps-ccs-3-m\/#breadcrumb","itemListElement":[{"@type":"ListItem","position":1,"name":"Portada","item":"https:\/\/aivlisoft.net\/shop\/"},{"@type":"ListItem","position":2,"name":"Tienda","item":"https:\/\/aivlisoft.net\/shop\/tienda\/"},{"@type":"ListItem","position":3,"name":"Nanocable Cable HDMI V2.0 4K@60HZ 18Gbps CCS 3 M"}]},{"@type":"WebSite","@id":"https:\/\/aivlisoft.net\/shop\/#website","url":"https:\/\/aivlisoft.net\/shop\/","name":"Aivlisoft Inform\u00e1tica","description":"En Aivlisoft Inform\u00e1tica ofrecemos soluciones tecnol\u00f3gicas para empresas: venta de ordenadores, consumibles, perif\u00e9ricos y m\u00e1s. Calidad, atenci\u00f3n personalizada y los mejores precios para tu negocio.","publisher":{"@id":"https:\/\/aivlisoft.net\/shop\/#organization"},"potentialAction":[{"@type":"SearchAction","target":{"@type":"EntryPoint","urlTemplate":"https:\/\/aivlisoft.net\/shop\/?s={search_term_string}"},"query-input":{"@type":"PropertyValueSpecification","valueRequired":true,"valueName":"search_term_string"}}],"inLanguage":"es"},{"@type":"Organization","@id":"https:\/\/aivlisoft.net\/shop\/#organization","name":"Aivlisoft Inform\u00e1tica","url":"https:\/\/aivlisoft.net\/shop\/","logo":{"@type":"ImageObject","inLanguage":"es","@id":"https:\/\/aivlisoft.net\/shop\/#\/schema\/logo\/image\/","url":"https:\/\/aivlisoft.net\/shop\/wp-content\/uploads\/2024\/12\/removal.ai_5b848c54-0cdf-4140-95c5-c5536bb7573b-logodef.png","contentUrl":"https:\/\/aivlisoft.net\/shop\/wp-content\/uploads\/2024\/12\/removal.ai_5b848c54-0cdf-4140-95c5-c5536bb7573b-logodef.png","width":484,"height":182,"caption":"Aivlisoft Inform\u00e1tica"},"image":{"@id":"https:\/\/aivlisoft.net\/shop\/#\/schema\/logo\/image\/"}}]}},"_links":{"self":[{"href":"https:\/\/aivlisoft.net\/shop\/wp-json\/wp\/v2\/product\/4408","targetHints":{"allow":["GET"]}}],"collection":[{"href":"https:\/\/aivlisoft.net\/shop\/wp-json\/wp\/v2\/product"}],"about":[{"href":"https:\/\/aivlisoft.net\/shop\/wp-json\/wp\/v2\/types\/product"}],"wp:featuredmedia":[{"embeddable":true,"href":"https:\/\/aivlisoft.net\/shop\/wp-json\/wp\/v2\/media\/4409"}],"wp:attachment":[{"href":"https:\/\/aivlisoft.net\/shop\/wp-json\/wp\/v2\/media?parent=4408"}],"wp:term":[{"taxonomy":"product_brand","embeddable":true,"href":"https:\/\/aivlisoft.net\/shop\/wp-json\/wp\/v2\/product_brand?post=4408"},{"taxonomy":"product_cat","embeddable":true,"href":"https:\/\/aivlisoft.net\/shop\/wp-json\/wp\/v2\/product_cat?post=4408"},{"taxonomy":"product_tag","embeddable":true,"href":"https:\/\/aivlisoft.net\/shop\/wp-json\/wp\/v2\/product_tag?post=4408"}],"curies":[{"name":"wp","href":"https:\/\/api.w.org\/{rel}","templated":true}]}}