{"id":4230,"date":"2025-01-13T13:18:52","date_gmt":"2025-01-13T13:18:52","guid":{"rendered":"https:\/\/aivlisoft.com\/?post_type=product&#038;p=4230"},"modified":"2025-01-14T10:11:31","modified_gmt":"2025-01-14T10:11:31","slug":"delock-cable-power-sata-15pin-2x-sata-hdd-angled","status":"publish","type":"product","link":"https:\/\/aivlisoft.net\/shop\/producto\/delock-cable-power-sata-15pin-2x-sata-hdd-angled\/","title":{"rendered":"Delock Cable power sata 15pin 2x sata hdd angled"},"content":{"rendered":"<p>Este cable de alimentaci&oacute;n le permite conectar y suministrar alimentaci&oacute;n a 2 discos duros SATA a trav&eacute;s de un puerto SATA de 15 pines de una fuente de alimentaci&oacute;n. El conector SATA en &aacute;ngulo lleva el cable hacia abajo desde el HDD SATA para que a&uacute;n pueda conectar su unidad a pesar de los problemas de espacio. Los clips de metal en las interfaces SATA brindan estabilidad adicional.<br \/>&nbsp;<\/p>\n<table class=\"tabla_caracteristicas\" width=\"100%\">\n<tr>\n<td valign=\"top\"><strong>Marca<\/strong><\/td>\n<td>Delock<\/td>\n<\/tr>\n<tr>\n<td valign=\"top\"><strong>Modelo<\/strong><\/td>\n<td><strong>60128<\/strong><\/td>\n<\/tr>\n<tr>\n<td valign=\"top\"><strong>Caracter&iacute;sticas<\/strong><\/td>\n<td>&#8211; Conector: SATA de 15 pines &gt; 2 x SATA &#8211; en &aacute;ngulo de 90&deg; hacia abajo<br \/>\t\t\t&#8211; Conector de alimentaci&oacute;n para 2 discos duros SATA<br \/>\t\t\t&#8211; Longitud: aprox. 15cm<br \/>\t\t\t<strong>Requisitos del sistema<\/strong><br \/>\t\t\t&#8211; Fuente de alimentaci&oacute;n con un puerto de alimentaci&oacute;n SATA libre<br \/>\t\t\t<strong>Contenido<\/strong><br \/>\t\t\t&#8211; Cable de alimentaci&oacute;n SATA<\/td>\n<\/tr>\n<tr>\n<td valign=\"top\"><strong>Fecha de revisi&oacute;n<\/strong><\/td>\n<td>19-09-2022 por MPM<\/td>\n<\/tr>\n<\/table>\n","protected":false},"excerpt":{"rendered":"<p>Este cable de alimentaci&oacute;n le permite conectar y suministrar alimentaci&oacute;n a 2 discos duros SATA a trav&eacute;s de un puerto SATA de 15 pines de una fuente de alimentaci&oacute;n. El conector SATA en &aacute;ngulo lleva el cable hacia abajo desde el HDD SATA para que a&uacute;n pueda conectar su unidad a pesar de los problemas&hellip;&nbsp;<a href=\"https:\/\/aivlisoft.net\/shop\/producto\/delock-cable-power-sata-15pin-2x-sata-hdd-angled\/\" rel=\"bookmark\"><span class=\"screen-reader-text\">Delock Cable power sata 15pin 2x sata hdd angled<\/span><\/a><\/p>\n","protected":false},"featured_media":4231,"template":"","meta":{"neve_meta_sidebar":"","neve_meta_container":"","neve_meta_enable_content_width":"","neve_meta_content_width":0,"neve_meta_title_alignment":"","neve_meta_author_avatar":"","neve_post_elements_order":"","neve_meta_disable_header":"","neve_meta_disable_footer":"","neve_meta_disable_title":""},"product_brand":[],"product_cat":[8697],"product_tag":[1269],"class_list":{"0":"post-4230","1":"product","2":"type-product","3":"status-publish","4":"has-post-thumbnail","6":"product_cat-cable-conector-imagen-sonido","7":"product_tag-1269","9":"first","10":"instock","11":"taxable","12":"shipping-taxable","13":"purchasable","14":"product-type-simple"},"yoast_head":"<!-- This site is optimized with the Yoast SEO plugin v26.0 - https:\/\/yoast.com\/wordpress\/plugins\/seo\/ -->\n<title>Delock Cable power sata 15pin 2x sata hdd angled - Aivlisoft Inform\u00e1tica<\/title>\n<meta name=\"robots\" content=\"index, follow, max-snippet:-1, max-image-preview:large, max-video-preview:-1\" \/>\n<link rel=\"canonical\" href=\"https:\/\/aivlisoft.net\/shop\/producto\/delock-cable-power-sata-15pin-2x-sata-hdd-angled\/\" \/>\n<meta property=\"og:locale\" content=\"es_ES\" \/>\n<meta property=\"og:type\" content=\"article\" \/>\n<meta property=\"og:title\" content=\"Delock Cable power sata 15pin 2x sata hdd angled - Aivlisoft Inform\u00e1tica\" \/>\n<meta property=\"og:description\" content=\"Este cable de alimentaci&oacute;n le permite conectar y suministrar alimentaci&oacute;n a 2 discos duros SATA a trav&eacute;s de un puerto SATA de 15 pines de una fuente de alimentaci&oacute;n. El conector SATA en &aacute;ngulo lleva el cable hacia abajo desde el HDD SATA para que a&uacute;n pueda conectar su unidad a pesar de los problemas&hellip;&nbsp;Delock Cable power sata 15pin 2x sata hdd angled\" \/>\n<meta property=\"og:url\" content=\"https:\/\/aivlisoft.net\/shop\/producto\/delock-cable-power-sata-15pin-2x-sata-hdd-angled\/\" \/>\n<meta property=\"og:site_name\" content=\"Aivlisoft Inform\u00e1tica\" \/>\n<meta property=\"article:modified_time\" content=\"2025-01-14T10:11:31+00:00\" \/>\n<meta property=\"og:image\" content=\"https:\/\/aivlisoft.net\/shop\/wp-content\/uploads\/2025\/01\/AISCCI0592_800-1.jpg\" \/>\n\t<meta property=\"og:image:width\" content=\"800\" \/>\n\t<meta property=\"og:image:height\" content=\"800\" \/>\n\t<meta property=\"og:image:type\" content=\"image\/jpeg\" \/>\n<meta name=\"twitter:card\" content=\"summary_large_image\" \/>\n<meta name=\"twitter:label1\" content=\"Tiempo de lectura\" \/>\n\t<meta name=\"twitter:data1\" content=\"1 minuto\" \/>\n<script type=\"application\/ld+json\" class=\"yoast-schema-graph\">{\"@context\":\"https:\/\/schema.org\",\"@graph\":[{\"@type\":\"WebPage\",\"@id\":\"https:\/\/aivlisoft.net\/shop\/producto\/delock-cable-power-sata-15pin-2x-sata-hdd-angled\/\",\"url\":\"https:\/\/aivlisoft.net\/shop\/producto\/delock-cable-power-sata-15pin-2x-sata-hdd-angled\/\",\"name\":\"Delock Cable power sata 15pin 2x sata hdd angled - Aivlisoft Inform\u00e1tica\",\"isPartOf\":{\"@id\":\"https:\/\/aivlisoft.net\/shop\/#website\"},\"primaryImageOfPage\":{\"@id\":\"https:\/\/aivlisoft.net\/shop\/producto\/delock-cable-power-sata-15pin-2x-sata-hdd-angled\/#primaryimage\"},\"image\":{\"@id\":\"https:\/\/aivlisoft.net\/shop\/producto\/delock-cable-power-sata-15pin-2x-sata-hdd-angled\/#primaryimage\"},\"thumbnailUrl\":\"https:\/\/aivlisoft.net\/shop\/wp-content\/uploads\/2025\/01\/AISCCI0592_800-1.jpg\",\"datePublished\":\"2025-01-13T13:18:52+00:00\",\"dateModified\":\"2025-01-14T10:11:31+00:00\",\"breadcrumb\":{\"@id\":\"https:\/\/aivlisoft.net\/shop\/producto\/delock-cable-power-sata-15pin-2x-sata-hdd-angled\/#breadcrumb\"},\"inLanguage\":\"es\",\"potentialAction\":[{\"@type\":\"ReadAction\",\"target\":[\"https:\/\/aivlisoft.net\/shop\/producto\/delock-cable-power-sata-15pin-2x-sata-hdd-angled\/\"]}]},{\"@type\":\"ImageObject\",\"inLanguage\":\"es\",\"@id\":\"https:\/\/aivlisoft.net\/shop\/producto\/delock-cable-power-sata-15pin-2x-sata-hdd-angled\/#primaryimage\",\"url\":\"https:\/\/aivlisoft.net\/shop\/wp-content\/uploads\/2025\/01\/AISCCI0592_800-1.jpg\",\"contentUrl\":\"https:\/\/aivlisoft.net\/shop\/wp-content\/uploads\/2025\/01\/AISCCI0592_800-1.jpg\",\"width\":800,\"height\":800},{\"@type\":\"BreadcrumbList\",\"@id\":\"https:\/\/aivlisoft.net\/shop\/producto\/delock-cable-power-sata-15pin-2x-sata-hdd-angled\/#breadcrumb\",\"itemListElement\":[{\"@type\":\"ListItem\",\"position\":1,\"name\":\"Portada\",\"item\":\"https:\/\/aivlisoft.net\/shop\/\"},{\"@type\":\"ListItem\",\"position\":2,\"name\":\"Tienda\",\"item\":\"https:\/\/aivlisoft.net\/shop\/tienda\/\"},{\"@type\":\"ListItem\",\"position\":3,\"name\":\"Delock Cable power sata 15pin 2x sata hdd angled\"}]},{\"@type\":\"WebSite\",\"@id\":\"https:\/\/aivlisoft.net\/shop\/#website\",\"url\":\"https:\/\/aivlisoft.net\/shop\/\",\"name\":\"Aivlisoft Inform\u00e1tica\",\"description\":\"En Aivlisoft Inform\u00e1tica ofrecemos soluciones tecnol\u00f3gicas para empresas: venta de ordenadores, consumibles, perif\u00e9ricos y m\u00e1s. Calidad, atenci\u00f3n personalizada y los mejores precios para tu negocio.\",\"publisher\":{\"@id\":\"https:\/\/aivlisoft.net\/shop\/#organization\"},\"potentialAction\":[{\"@type\":\"SearchAction\",\"target\":{\"@type\":\"EntryPoint\",\"urlTemplate\":\"https:\/\/aivlisoft.net\/shop\/?s={search_term_string}\"},\"query-input\":{\"@type\":\"PropertyValueSpecification\",\"valueRequired\":true,\"valueName\":\"search_term_string\"}}],\"inLanguage\":\"es\"},{\"@type\":\"Organization\",\"@id\":\"https:\/\/aivlisoft.net\/shop\/#organization\",\"name\":\"Aivlisoft Inform\u00e1tica\",\"url\":\"https:\/\/aivlisoft.net\/shop\/\",\"logo\":{\"@type\":\"ImageObject\",\"inLanguage\":\"es\",\"@id\":\"https:\/\/aivlisoft.net\/shop\/#\/schema\/logo\/image\/\",\"url\":\"https:\/\/aivlisoft.net\/shop\/wp-content\/uploads\/2024\/12\/removal.ai_5b848c54-0cdf-4140-95c5-c5536bb7573b-logodef.png\",\"contentUrl\":\"https:\/\/aivlisoft.net\/shop\/wp-content\/uploads\/2024\/12\/removal.ai_5b848c54-0cdf-4140-95c5-c5536bb7573b-logodef.png\",\"width\":484,\"height\":182,\"caption\":\"Aivlisoft Inform\u00e1tica\"},\"image\":{\"@id\":\"https:\/\/aivlisoft.net\/shop\/#\/schema\/logo\/image\/\"}}]}<\/script>\n<!-- \/ Yoast SEO plugin. -->","yoast_head_json":{"title":"Delock Cable power sata 15pin 2x sata hdd angled - Aivlisoft Inform\u00e1tica","robots":{"index":"index","follow":"follow","max-snippet":"max-snippet:-1","max-image-preview":"max-image-preview:large","max-video-preview":"max-video-preview:-1"},"canonical":"https:\/\/aivlisoft.net\/shop\/producto\/delock-cable-power-sata-15pin-2x-sata-hdd-angled\/","og_locale":"es_ES","og_type":"article","og_title":"Delock Cable power sata 15pin 2x sata hdd angled - Aivlisoft Inform\u00e1tica","og_description":"Este cable de alimentaci&oacute;n le permite conectar y suministrar alimentaci&oacute;n a 2 discos duros SATA a trav&eacute;s de un puerto SATA de 15 pines de una fuente de alimentaci&oacute;n. El conector SATA en &aacute;ngulo lleva el cable hacia abajo desde el HDD SATA para que a&uacute;n pueda conectar su unidad a pesar de los problemas&hellip;&nbsp;Delock Cable power sata 15pin 2x sata hdd angled","og_url":"https:\/\/aivlisoft.net\/shop\/producto\/delock-cable-power-sata-15pin-2x-sata-hdd-angled\/","og_site_name":"Aivlisoft Inform\u00e1tica","article_modified_time":"2025-01-14T10:11:31+00:00","og_image":[{"width":800,"height":800,"url":"https:\/\/aivlisoft.net\/shop\/wp-content\/uploads\/2025\/01\/AISCCI0592_800-1.jpg","type":"image\/jpeg"}],"twitter_card":"summary_large_image","twitter_misc":{"Tiempo de lectura":"1 minuto"},"schema":{"@context":"https:\/\/schema.org","@graph":[{"@type":"WebPage","@id":"https:\/\/aivlisoft.net\/shop\/producto\/delock-cable-power-sata-15pin-2x-sata-hdd-angled\/","url":"https:\/\/aivlisoft.net\/shop\/producto\/delock-cable-power-sata-15pin-2x-sata-hdd-angled\/","name":"Delock Cable power sata 15pin 2x sata hdd angled - Aivlisoft Inform\u00e1tica","isPartOf":{"@id":"https:\/\/aivlisoft.net\/shop\/#website"},"primaryImageOfPage":{"@id":"https:\/\/aivlisoft.net\/shop\/producto\/delock-cable-power-sata-15pin-2x-sata-hdd-angled\/#primaryimage"},"image":{"@id":"https:\/\/aivlisoft.net\/shop\/producto\/delock-cable-power-sata-15pin-2x-sata-hdd-angled\/#primaryimage"},"thumbnailUrl":"https:\/\/aivlisoft.net\/shop\/wp-content\/uploads\/2025\/01\/AISCCI0592_800-1.jpg","datePublished":"2025-01-13T13:18:52+00:00","dateModified":"2025-01-14T10:11:31+00:00","breadcrumb":{"@id":"https:\/\/aivlisoft.net\/shop\/producto\/delock-cable-power-sata-15pin-2x-sata-hdd-angled\/#breadcrumb"},"inLanguage":"es","potentialAction":[{"@type":"ReadAction","target":["https:\/\/aivlisoft.net\/shop\/producto\/delock-cable-power-sata-15pin-2x-sata-hdd-angled\/"]}]},{"@type":"ImageObject","inLanguage":"es","@id":"https:\/\/aivlisoft.net\/shop\/producto\/delock-cable-power-sata-15pin-2x-sata-hdd-angled\/#primaryimage","url":"https:\/\/aivlisoft.net\/shop\/wp-content\/uploads\/2025\/01\/AISCCI0592_800-1.jpg","contentUrl":"https:\/\/aivlisoft.net\/shop\/wp-content\/uploads\/2025\/01\/AISCCI0592_800-1.jpg","width":800,"height":800},{"@type":"BreadcrumbList","@id":"https:\/\/aivlisoft.net\/shop\/producto\/delock-cable-power-sata-15pin-2x-sata-hdd-angled\/#breadcrumb","itemListElement":[{"@type":"ListItem","position":1,"name":"Portada","item":"https:\/\/aivlisoft.net\/shop\/"},{"@type":"ListItem","position":2,"name":"Tienda","item":"https:\/\/aivlisoft.net\/shop\/tienda\/"},{"@type":"ListItem","position":3,"name":"Delock Cable power sata 15pin 2x sata hdd angled"}]},{"@type":"WebSite","@id":"https:\/\/aivlisoft.net\/shop\/#website","url":"https:\/\/aivlisoft.net\/shop\/","name":"Aivlisoft Inform\u00e1tica","description":"En Aivlisoft Inform\u00e1tica ofrecemos soluciones tecnol\u00f3gicas para empresas: venta de ordenadores, consumibles, perif\u00e9ricos y m\u00e1s. Calidad, atenci\u00f3n personalizada y los mejores precios para tu negocio.","publisher":{"@id":"https:\/\/aivlisoft.net\/shop\/#organization"},"potentialAction":[{"@type":"SearchAction","target":{"@type":"EntryPoint","urlTemplate":"https:\/\/aivlisoft.net\/shop\/?s={search_term_string}"},"query-input":{"@type":"PropertyValueSpecification","valueRequired":true,"valueName":"search_term_string"}}],"inLanguage":"es"},{"@type":"Organization","@id":"https:\/\/aivlisoft.net\/shop\/#organization","name":"Aivlisoft Inform\u00e1tica","url":"https:\/\/aivlisoft.net\/shop\/","logo":{"@type":"ImageObject","inLanguage":"es","@id":"https:\/\/aivlisoft.net\/shop\/#\/schema\/logo\/image\/","url":"https:\/\/aivlisoft.net\/shop\/wp-content\/uploads\/2024\/12\/removal.ai_5b848c54-0cdf-4140-95c5-c5536bb7573b-logodef.png","contentUrl":"https:\/\/aivlisoft.net\/shop\/wp-content\/uploads\/2024\/12\/removal.ai_5b848c54-0cdf-4140-95c5-c5536bb7573b-logodef.png","width":484,"height":182,"caption":"Aivlisoft Inform\u00e1tica"},"image":{"@id":"https:\/\/aivlisoft.net\/shop\/#\/schema\/logo\/image\/"}}]}},"_links":{"self":[{"href":"https:\/\/aivlisoft.net\/shop\/wp-json\/wp\/v2\/product\/4230","targetHints":{"allow":["GET"]}}],"collection":[{"href":"https:\/\/aivlisoft.net\/shop\/wp-json\/wp\/v2\/product"}],"about":[{"href":"https:\/\/aivlisoft.net\/shop\/wp-json\/wp\/v2\/types\/product"}],"wp:featuredmedia":[{"embeddable":true,"href":"https:\/\/aivlisoft.net\/shop\/wp-json\/wp\/v2\/media\/4231"}],"wp:attachment":[{"href":"https:\/\/aivlisoft.net\/shop\/wp-json\/wp\/v2\/media?parent=4230"}],"wp:term":[{"taxonomy":"product_brand","embeddable":true,"href":"https:\/\/aivlisoft.net\/shop\/wp-json\/wp\/v2\/product_brand?post=4230"},{"taxonomy":"product_cat","embeddable":true,"href":"https:\/\/aivlisoft.net\/shop\/wp-json\/wp\/v2\/product_cat?post=4230"},{"taxonomy":"product_tag","embeddable":true,"href":"https:\/\/aivlisoft.net\/shop\/wp-json\/wp\/v2\/product_tag?post=4230"}],"curies":[{"name":"wp","href":"https:\/\/api.w.org\/{rel}","templated":true}]}}