{"id":4208,"date":"2025-01-13T13:18:44","date_gmt":"2025-01-13T13:18:44","guid":{"rendered":"https:\/\/aivlisoft.com\/?post_type=product&#038;p=4208"},"modified":"2025-01-14T10:11:22","modified_gmt":"2025-01-14T10:11:22","slug":"ewent-ew9869-convertidor-hdmi-a-vga","status":"publish","type":"product","link":"https:\/\/aivlisoft.net\/shop\/producto\/ewent-ew9869-convertidor-hdmi-a-vga\/","title":{"rendered":"EWENT EW9869 Convertidor hdmi a Vga"},"content":{"rendered":"<p><strong>Desde digital a anal&oacute;gico<\/strong><\/p>\n<p>El convertidor HDMI a VGA EW9864 conecta su PC o notebook con una salida HDMI a un monitor o proyector con entrada VGA. La resoluci&oacute;n m&aacute;xima compatible es de 1920&#215;1200 p&iacute;xeles. Esta resoluci&oacute;n es perfecta para v&iacute;deo, im&aacute;genes, presentaciones, etc&eacute;tera.<\/p>\n<table class=\"tabla_caracteristicas\" width=\"100%\">\n<tr>\n<td valign=\"top\"><strong>Marca<\/strong><\/td>\n<td>Ewent<\/td>\n<\/tr>\n<tr>\n<td valign=\"top\"><strong>Modelo<\/strong><\/td>\n<td><strong>EW9869<\/strong><\/td>\n<\/tr>\n<tr>\n<td valign=\"top\"><strong>Caracter&iacute;sticas<\/strong><\/td>\n<td>&#8211; Convierte la salida HDMI a VGA<br \/>\t\t\t&#8211; Convertidor de v&iacute;deo desde un conector digital HDMI a VGA anal&oacute;gico<br \/>\t\t\t&#8211; Salida de v&iacute;deo anal&oacute;gica VGA hasta WUXGA y 1080p a DAC de 9-bit<br \/>\t\t\t&#8211; No se necesitan controladores (drivers)<br \/>\t\t\t&#8211; F&aacute;cil instalaci&oacute;n<br \/>\t\t\t&#8211; Input: HDMI A Male (19pin)<br \/>\t\t\t&#8211; Output: VGA female<br \/>\t\t\t&#8211; Min. Resoluci&oacute;n: 480p<br \/>\t\t\t&#8211; Max. Resoluci&oacute;n: 1080p \/ WUXGA<br \/>\t\t\t&#8211; Resoluci&oacute;n m&aacute;xima de 1920 x 1200 p&iacute;xeles<br \/>\t\t\t&#8211; Channel Bandwidth: 165 mhZ\/1.65 Gbps<br \/>\t\t\t&#8211; Total Bandwidth: 6.75Gbps<br \/>\t\t\t&#8211; Soporta: HDCP 1.0\/1.1\/1.2<br \/>\t\t\t&#8211; Peso: 45 gr<br \/>\t\t\t&#8211; Longitud del Cable: 20 cm<\/td>\n<\/tr>\n<tr>\n<td valign=\"top\"><strong>Fecha de revisi&oacute;n<\/strong><\/td>\n<td>20-06-2022 por MPM<\/td>\n<\/tr>\n<\/table>\n","protected":false},"excerpt":{"rendered":"<p>Desde digital a anal&oacute;gico El convertidor HDMI a VGA EW9864 conecta su PC o notebook con una salida HDMI a un monitor o proyector con entrada VGA. La resoluci&oacute;n m&aacute;xima compatible es de 1920&#215;1200 p&iacute;xeles. Esta resoluci&oacute;n es perfecta para v&iacute;deo, im&aacute;genes, presentaciones, etc&eacute;tera. Marca Ewent Modelo EW9869 Caracter&iacute;sticas &#8211; Convierte la salida HDMI a&hellip;&nbsp;<a href=\"https:\/\/aivlisoft.net\/shop\/producto\/ewent-ew9869-convertidor-hdmi-a-vga\/\" rel=\"bookmark\"><span class=\"screen-reader-text\">EWENT EW9869 Convertidor hdmi a Vga<\/span><\/a><\/p>\n","protected":false},"featured_media":4209,"template":"","meta":{"neve_meta_sidebar":"","neve_meta_container":"","neve_meta_enable_content_width":"","neve_meta_content_width":0,"neve_meta_title_alignment":"","neve_meta_author_avatar":"","neve_post_elements_order":"","neve_meta_disable_header":"","neve_meta_disable_footer":"","neve_meta_disable_title":""},"product_brand":[],"product_cat":[8697],"product_tag":[1261],"class_list":{"0":"post-4208","1":"product","2":"type-product","3":"status-publish","4":"has-post-thumbnail","6":"product_cat-cable-conector-imagen-sonido","7":"product_tag-ew9869","9":"first","10":"instock","11":"taxable","12":"shipping-taxable","13":"purchasable","14":"product-type-simple"},"yoast_head":"<!-- This site is optimized with the Yoast SEO plugin v26.0 - https:\/\/yoast.com\/wordpress\/plugins\/seo\/ -->\n<title>EWENT EW9869 Convertidor hdmi a Vga - Aivlisoft Inform\u00e1tica<\/title>\n<meta name=\"robots\" content=\"index, follow, max-snippet:-1, max-image-preview:large, max-video-preview:-1\" \/>\n<link rel=\"canonical\" href=\"https:\/\/aivlisoft.net\/shop\/producto\/ewent-ew9869-convertidor-hdmi-a-vga\/\" \/>\n<meta property=\"og:locale\" content=\"es_ES\" \/>\n<meta property=\"og:type\" content=\"article\" \/>\n<meta property=\"og:title\" content=\"EWENT EW9869 Convertidor hdmi a Vga - Aivlisoft Inform\u00e1tica\" \/>\n<meta property=\"og:description\" content=\"Desde digital a anal&oacute;gico El convertidor HDMI a VGA EW9864 conecta su PC o notebook con una salida HDMI a un monitor o proyector con entrada VGA. La resoluci&oacute;n m&aacute;xima compatible es de 1920&#215;1200 p&iacute;xeles. Esta resoluci&oacute;n es perfecta para v&iacute;deo, im&aacute;genes, presentaciones, etc&eacute;tera. Marca Ewent Modelo EW9869 Caracter&iacute;sticas &#8211; Convierte la salida HDMI a&hellip;&nbsp;EWENT EW9869 Convertidor hdmi a Vga\" \/>\n<meta property=\"og:url\" content=\"https:\/\/aivlisoft.net\/shop\/producto\/ewent-ew9869-convertidor-hdmi-a-vga\/\" \/>\n<meta property=\"og:site_name\" content=\"Aivlisoft Inform\u00e1tica\" \/>\n<meta property=\"article:modified_time\" content=\"2025-01-14T10:11:22+00:00\" \/>\n<meta property=\"og:image\" content=\"https:\/\/aivlisoft.net\/shop\/wp-content\/uploads\/2025\/01\/AISCCI0580_800-1.jpg\" \/>\n\t<meta property=\"og:image:width\" content=\"800\" \/>\n\t<meta property=\"og:image:height\" content=\"800\" \/>\n\t<meta property=\"og:image:type\" content=\"image\/jpeg\" \/>\n<meta name=\"twitter:card\" content=\"summary_large_image\" \/>\n<meta name=\"twitter:label1\" content=\"Tiempo de lectura\" \/>\n\t<meta name=\"twitter:data1\" content=\"1 minuto\" \/>\n<script type=\"application\/ld+json\" class=\"yoast-schema-graph\">{\"@context\":\"https:\/\/schema.org\",\"@graph\":[{\"@type\":\"WebPage\",\"@id\":\"https:\/\/aivlisoft.net\/shop\/producto\/ewent-ew9869-convertidor-hdmi-a-vga\/\",\"url\":\"https:\/\/aivlisoft.net\/shop\/producto\/ewent-ew9869-convertidor-hdmi-a-vga\/\",\"name\":\"EWENT EW9869 Convertidor hdmi a Vga - Aivlisoft Inform\u00e1tica\",\"isPartOf\":{\"@id\":\"https:\/\/aivlisoft.net\/shop\/#website\"},\"primaryImageOfPage\":{\"@id\":\"https:\/\/aivlisoft.net\/shop\/producto\/ewent-ew9869-convertidor-hdmi-a-vga\/#primaryimage\"},\"image\":{\"@id\":\"https:\/\/aivlisoft.net\/shop\/producto\/ewent-ew9869-convertidor-hdmi-a-vga\/#primaryimage\"},\"thumbnailUrl\":\"https:\/\/aivlisoft.net\/shop\/wp-content\/uploads\/2025\/01\/AISCCI0580_800-1.jpg\",\"datePublished\":\"2025-01-13T13:18:44+00:00\",\"dateModified\":\"2025-01-14T10:11:22+00:00\",\"breadcrumb\":{\"@id\":\"https:\/\/aivlisoft.net\/shop\/producto\/ewent-ew9869-convertidor-hdmi-a-vga\/#breadcrumb\"},\"inLanguage\":\"es\",\"potentialAction\":[{\"@type\":\"ReadAction\",\"target\":[\"https:\/\/aivlisoft.net\/shop\/producto\/ewent-ew9869-convertidor-hdmi-a-vga\/\"]}]},{\"@type\":\"ImageObject\",\"inLanguage\":\"es\",\"@id\":\"https:\/\/aivlisoft.net\/shop\/producto\/ewent-ew9869-convertidor-hdmi-a-vga\/#primaryimage\",\"url\":\"https:\/\/aivlisoft.net\/shop\/wp-content\/uploads\/2025\/01\/AISCCI0580_800-1.jpg\",\"contentUrl\":\"https:\/\/aivlisoft.net\/shop\/wp-content\/uploads\/2025\/01\/AISCCI0580_800-1.jpg\",\"width\":800,\"height\":800},{\"@type\":\"BreadcrumbList\",\"@id\":\"https:\/\/aivlisoft.net\/shop\/producto\/ewent-ew9869-convertidor-hdmi-a-vga\/#breadcrumb\",\"itemListElement\":[{\"@type\":\"ListItem\",\"position\":1,\"name\":\"Portada\",\"item\":\"https:\/\/aivlisoft.net\/shop\/\"},{\"@type\":\"ListItem\",\"position\":2,\"name\":\"Tienda\",\"item\":\"https:\/\/aivlisoft.net\/shop\/tienda\/\"},{\"@type\":\"ListItem\",\"position\":3,\"name\":\"EWENT EW9869 Convertidor hdmi a Vga\"}]},{\"@type\":\"WebSite\",\"@id\":\"https:\/\/aivlisoft.net\/shop\/#website\",\"url\":\"https:\/\/aivlisoft.net\/shop\/\",\"name\":\"Aivlisoft Inform\u00e1tica\",\"description\":\"En Aivlisoft Inform\u00e1tica ofrecemos soluciones tecnol\u00f3gicas para empresas: venta de ordenadores, consumibles, perif\u00e9ricos y m\u00e1s. Calidad, atenci\u00f3n personalizada y los mejores precios para tu negocio.\",\"publisher\":{\"@id\":\"https:\/\/aivlisoft.net\/shop\/#organization\"},\"potentialAction\":[{\"@type\":\"SearchAction\",\"target\":{\"@type\":\"EntryPoint\",\"urlTemplate\":\"https:\/\/aivlisoft.net\/shop\/?s={search_term_string}\"},\"query-input\":{\"@type\":\"PropertyValueSpecification\",\"valueRequired\":true,\"valueName\":\"search_term_string\"}}],\"inLanguage\":\"es\"},{\"@type\":\"Organization\",\"@id\":\"https:\/\/aivlisoft.net\/shop\/#organization\",\"name\":\"Aivlisoft Inform\u00e1tica\",\"url\":\"https:\/\/aivlisoft.net\/shop\/\",\"logo\":{\"@type\":\"ImageObject\",\"inLanguage\":\"es\",\"@id\":\"https:\/\/aivlisoft.net\/shop\/#\/schema\/logo\/image\/\",\"url\":\"https:\/\/aivlisoft.net\/shop\/wp-content\/uploads\/2024\/12\/removal.ai_5b848c54-0cdf-4140-95c5-c5536bb7573b-logodef.png\",\"contentUrl\":\"https:\/\/aivlisoft.net\/shop\/wp-content\/uploads\/2024\/12\/removal.ai_5b848c54-0cdf-4140-95c5-c5536bb7573b-logodef.png\",\"width\":484,\"height\":182,\"caption\":\"Aivlisoft Inform\u00e1tica\"},\"image\":{\"@id\":\"https:\/\/aivlisoft.net\/shop\/#\/schema\/logo\/image\/\"}}]}<\/script>\n<!-- \/ Yoast SEO plugin. -->","yoast_head_json":{"title":"EWENT EW9869 Convertidor hdmi a Vga - Aivlisoft Inform\u00e1tica","robots":{"index":"index","follow":"follow","max-snippet":"max-snippet:-1","max-image-preview":"max-image-preview:large","max-video-preview":"max-video-preview:-1"},"canonical":"https:\/\/aivlisoft.net\/shop\/producto\/ewent-ew9869-convertidor-hdmi-a-vga\/","og_locale":"es_ES","og_type":"article","og_title":"EWENT EW9869 Convertidor hdmi a Vga - Aivlisoft Inform\u00e1tica","og_description":"Desde digital a anal&oacute;gico El convertidor HDMI a VGA EW9864 conecta su PC o notebook con una salida HDMI a un monitor o proyector con entrada VGA. La resoluci&oacute;n m&aacute;xima compatible es de 1920&#215;1200 p&iacute;xeles. Esta resoluci&oacute;n es perfecta para v&iacute;deo, im&aacute;genes, presentaciones, etc&eacute;tera. Marca Ewent Modelo EW9869 Caracter&iacute;sticas &#8211; Convierte la salida HDMI a&hellip;&nbsp;EWENT EW9869 Convertidor hdmi a Vga","og_url":"https:\/\/aivlisoft.net\/shop\/producto\/ewent-ew9869-convertidor-hdmi-a-vga\/","og_site_name":"Aivlisoft Inform\u00e1tica","article_modified_time":"2025-01-14T10:11:22+00:00","og_image":[{"width":800,"height":800,"url":"https:\/\/aivlisoft.net\/shop\/wp-content\/uploads\/2025\/01\/AISCCI0580_800-1.jpg","type":"image\/jpeg"}],"twitter_card":"summary_large_image","twitter_misc":{"Tiempo de lectura":"1 minuto"},"schema":{"@context":"https:\/\/schema.org","@graph":[{"@type":"WebPage","@id":"https:\/\/aivlisoft.net\/shop\/producto\/ewent-ew9869-convertidor-hdmi-a-vga\/","url":"https:\/\/aivlisoft.net\/shop\/producto\/ewent-ew9869-convertidor-hdmi-a-vga\/","name":"EWENT EW9869 Convertidor hdmi a Vga - Aivlisoft Inform\u00e1tica","isPartOf":{"@id":"https:\/\/aivlisoft.net\/shop\/#website"},"primaryImageOfPage":{"@id":"https:\/\/aivlisoft.net\/shop\/producto\/ewent-ew9869-convertidor-hdmi-a-vga\/#primaryimage"},"image":{"@id":"https:\/\/aivlisoft.net\/shop\/producto\/ewent-ew9869-convertidor-hdmi-a-vga\/#primaryimage"},"thumbnailUrl":"https:\/\/aivlisoft.net\/shop\/wp-content\/uploads\/2025\/01\/AISCCI0580_800-1.jpg","datePublished":"2025-01-13T13:18:44+00:00","dateModified":"2025-01-14T10:11:22+00:00","breadcrumb":{"@id":"https:\/\/aivlisoft.net\/shop\/producto\/ewent-ew9869-convertidor-hdmi-a-vga\/#breadcrumb"},"inLanguage":"es","potentialAction":[{"@type":"ReadAction","target":["https:\/\/aivlisoft.net\/shop\/producto\/ewent-ew9869-convertidor-hdmi-a-vga\/"]}]},{"@type":"ImageObject","inLanguage":"es","@id":"https:\/\/aivlisoft.net\/shop\/producto\/ewent-ew9869-convertidor-hdmi-a-vga\/#primaryimage","url":"https:\/\/aivlisoft.net\/shop\/wp-content\/uploads\/2025\/01\/AISCCI0580_800-1.jpg","contentUrl":"https:\/\/aivlisoft.net\/shop\/wp-content\/uploads\/2025\/01\/AISCCI0580_800-1.jpg","width":800,"height":800},{"@type":"BreadcrumbList","@id":"https:\/\/aivlisoft.net\/shop\/producto\/ewent-ew9869-convertidor-hdmi-a-vga\/#breadcrumb","itemListElement":[{"@type":"ListItem","position":1,"name":"Portada","item":"https:\/\/aivlisoft.net\/shop\/"},{"@type":"ListItem","position":2,"name":"Tienda","item":"https:\/\/aivlisoft.net\/shop\/tienda\/"},{"@type":"ListItem","position":3,"name":"EWENT EW9869 Convertidor hdmi a Vga"}]},{"@type":"WebSite","@id":"https:\/\/aivlisoft.net\/shop\/#website","url":"https:\/\/aivlisoft.net\/shop\/","name":"Aivlisoft Inform\u00e1tica","description":"En Aivlisoft Inform\u00e1tica ofrecemos soluciones tecnol\u00f3gicas para empresas: venta de ordenadores, consumibles, perif\u00e9ricos y m\u00e1s. Calidad, atenci\u00f3n personalizada y los mejores precios para tu negocio.","publisher":{"@id":"https:\/\/aivlisoft.net\/shop\/#organization"},"potentialAction":[{"@type":"SearchAction","target":{"@type":"EntryPoint","urlTemplate":"https:\/\/aivlisoft.net\/shop\/?s={search_term_string}"},"query-input":{"@type":"PropertyValueSpecification","valueRequired":true,"valueName":"search_term_string"}}],"inLanguage":"es"},{"@type":"Organization","@id":"https:\/\/aivlisoft.net\/shop\/#organization","name":"Aivlisoft Inform\u00e1tica","url":"https:\/\/aivlisoft.net\/shop\/","logo":{"@type":"ImageObject","inLanguage":"es","@id":"https:\/\/aivlisoft.net\/shop\/#\/schema\/logo\/image\/","url":"https:\/\/aivlisoft.net\/shop\/wp-content\/uploads\/2024\/12\/removal.ai_5b848c54-0cdf-4140-95c5-c5536bb7573b-logodef.png","contentUrl":"https:\/\/aivlisoft.net\/shop\/wp-content\/uploads\/2024\/12\/removal.ai_5b848c54-0cdf-4140-95c5-c5536bb7573b-logodef.png","width":484,"height":182,"caption":"Aivlisoft Inform\u00e1tica"},"image":{"@id":"https:\/\/aivlisoft.net\/shop\/#\/schema\/logo\/image\/"}}]}},"_links":{"self":[{"href":"https:\/\/aivlisoft.net\/shop\/wp-json\/wp\/v2\/product\/4208","targetHints":{"allow":["GET"]}}],"collection":[{"href":"https:\/\/aivlisoft.net\/shop\/wp-json\/wp\/v2\/product"}],"about":[{"href":"https:\/\/aivlisoft.net\/shop\/wp-json\/wp\/v2\/types\/product"}],"wp:featuredmedia":[{"embeddable":true,"href":"https:\/\/aivlisoft.net\/shop\/wp-json\/wp\/v2\/media\/4209"}],"wp:attachment":[{"href":"https:\/\/aivlisoft.net\/shop\/wp-json\/wp\/v2\/media?parent=4208"}],"wp:term":[{"taxonomy":"product_brand","embeddable":true,"href":"https:\/\/aivlisoft.net\/shop\/wp-json\/wp\/v2\/product_brand?post=4208"},{"taxonomy":"product_cat","embeddable":true,"href":"https:\/\/aivlisoft.net\/shop\/wp-json\/wp\/v2\/product_cat?post=4208"},{"taxonomy":"product_tag","embeddable":true,"href":"https:\/\/aivlisoft.net\/shop\/wp-json\/wp\/v2\/product_tag?post=4208"}],"curies":[{"name":"wp","href":"https:\/\/api.w.org\/{rel}","templated":true}]}}