{"id":4010,"date":"2025-01-13T13:17:42","date_gmt":"2025-01-13T13:17:42","guid":{"rendered":"https:\/\/aivlisoft.com\/?post_type=product&#038;p=4010"},"modified":"2025-01-14T10:10:17","modified_gmt":"2025-01-14T10:10:17","slug":"nanocable-cable-micro-hdmi-1-4-a-m-d-m-0-8-m","status":"publish","type":"product","link":"https:\/\/aivlisoft.net\/shop\/producto\/nanocable-cable-micro-hdmi-1-4-a-m-d-m-0-8-m\/","title":{"rendered":"Nanocable Cable Micro HDMI 1.4  A\/M-D\/M 0.8 M"},"content":{"rendered":"<p>&nbsp;Cable HDMI alta velocidad con Ethernet (V1.4) con conector tipo A macho en un extremo y conector tipo D (Micro HDMI) en el otro.<\/p>\n<table class=\"tabla_caracteristicas k-table\" width=\"100%\">\n<tbody>\n<tr>\n<td><strong>Marca<\/strong><\/td>\n<td>NANOCABLE<\/td>\n<\/tr>\n<tr>\n<td><strong>Modelo<\/strong><\/td>\n<td><strong>10.15.3501<\/strong><\/td>\n<\/tr>\n<tr>\n<td><strong>Caracteristicas<\/strong><\/td>\n<td>&#8211; Conectores de alta calidad blindados en oro de 24K. M&uacute;ltiple apantallamiento para la m&aacute;xima reducci&oacute;n de posibles interferencias. Fabricado con conductores de cobre (cobre OFC-Oxygen Free Copper- 99,99%) de alta calidad que garantiza la m&aacute;xima calidad de transmisi&oacute;n.<br \/>&#8211; Ancho de banda hasta 340MHz (10,2Gbps).<br \/>&#8211; Alta velocidad, red bidireccional con velocidades de hasta 100 Mbps.<br \/>&#8211; Soporta funcionalidad de canal de retorno de audio.<br \/>&#8211; Soporta resoluciones de v&iacute;deo de 4K x 2K (3840&times;2160 24Hz\/25Hz\/30Hz; 4096&times;2160 24Hz) y 1080p.<br \/>&#8211; Permite 3D sobre HDMI cuando se conecta a dispositivos HDMI.<br \/>&#8211; Espacios de color adicionales (sYCC601, RGB &amp; YCC601). Tasas de refresco hasta 120Hz frame.<br \/>&#8211; Soporta DOLBY True-HD y DTS-HD.<br \/>&#8211; 8 canales de descompresi&oacute;n de audio digital en tasa de 192KHz con 24bits.<br \/>&#8211; Soporta protecci&oacute;n de contenido de alto ancho de banda digital.<br \/>&#8211; Longitud: 0.8 metros<br \/>&#8211; Color: Negro<br \/>&#8211; NormativaS: RoHS<br \/>&#8211; Test de Funcionamiento: 100% testado<br \/><strong>Contenido<\/strong><br \/>&#8211; 1 x Cable micro hdmi v1.4 (alta velocidad \/ hec), a\/m-d\/m, 0.8 m <\/td>\n<\/tr>\n<tr>\n<td><strong>Fecha de revisi&oacute;n<\/strong><\/td>\n<td>01-07-2019 por AVN<\/td>\n<\/tr>\n<\/tbody>\n<\/table>\n","protected":false},"excerpt":{"rendered":"<p>&nbsp;Cable HDMI alta velocidad con Ethernet (V1.4) con conector tipo A macho en un extremo y conector tipo D (Micro HDMI) en el otro. Marca NANOCABLE Modelo 10.15.3501 Caracteristicas &#8211; Conectores de alta calidad blindados en oro de 24K. M&uacute;ltiple apantallamiento para la m&aacute;xima reducci&oacute;n de posibles interferencias. Fabricado con conductores de cobre (cobre OFC-Oxygen&hellip;&nbsp;<a href=\"https:\/\/aivlisoft.net\/shop\/producto\/nanocable-cable-micro-hdmi-1-4-a-m-d-m-0-8-m\/\" rel=\"bookmark\"><span class=\"screen-reader-text\">Nanocable Cable Micro HDMI 1.4  A\/M-D\/M 0.8 M<\/span><\/a><\/p>\n","protected":false},"featured_media":4011,"template":"","meta":{"neve_meta_sidebar":"","neve_meta_container":"","neve_meta_enable_content_width":"","neve_meta_content_width":0,"neve_meta_title_alignment":"","neve_meta_author_avatar":"","neve_post_elements_order":"","neve_meta_disable_header":"","neve_meta_disable_footer":"","neve_meta_disable_title":""},"product_brand":[],"product_cat":[8697],"product_tag":[1199],"class_list":{"0":"post-4010","1":"product","2":"type-product","3":"status-publish","4":"has-post-thumbnail","6":"product_cat-cable-conector-imagen-sonido","7":"product_tag-10-15-3501","9":"first","10":"instock","11":"taxable","12":"shipping-taxable","13":"purchasable","14":"product-type-simple"},"yoast_head":"<!-- This site is optimized with the Yoast SEO plugin v26.0 - https:\/\/yoast.com\/wordpress\/plugins\/seo\/ -->\n<title>Nanocable Cable Micro HDMI 1.4 A\/M-D\/M 0.8 M - Aivlisoft Inform\u00e1tica<\/title>\n<meta name=\"robots\" content=\"index, follow, max-snippet:-1, max-image-preview:large, max-video-preview:-1\" \/>\n<link rel=\"canonical\" href=\"https:\/\/aivlisoft.net\/shop\/producto\/nanocable-cable-micro-hdmi-1-4-a-m-d-m-0-8-m\/\" \/>\n<meta property=\"og:locale\" content=\"es_ES\" \/>\n<meta property=\"og:type\" content=\"article\" \/>\n<meta property=\"og:title\" content=\"Nanocable Cable Micro HDMI 1.4 A\/M-D\/M 0.8 M - Aivlisoft Inform\u00e1tica\" \/>\n<meta property=\"og:description\" content=\"&nbsp;Cable HDMI alta velocidad con Ethernet (V1.4) con conector tipo A macho en un extremo y conector tipo D (Micro HDMI) en el otro. Marca NANOCABLE Modelo 10.15.3501 Caracteristicas &#8211; Conectores de alta calidad blindados en oro de 24K. M&uacute;ltiple apantallamiento para la m&aacute;xima reducci&oacute;n de posibles interferencias. Fabricado con conductores de cobre (cobre OFC-Oxygen&hellip;&nbsp;Nanocable Cable Micro HDMI 1.4 A\/M-D\/M 0.8 M\" \/>\n<meta property=\"og:url\" content=\"https:\/\/aivlisoft.net\/shop\/producto\/nanocable-cable-micro-hdmi-1-4-a-m-d-m-0-8-m\/\" \/>\n<meta property=\"og:site_name\" content=\"Aivlisoft Inform\u00e1tica\" \/>\n<meta property=\"article:modified_time\" content=\"2025-01-14T10:10:17+00:00\" \/>\n<meta property=\"og:image\" content=\"https:\/\/aivlisoft.net\/shop\/wp-content\/uploads\/2025\/01\/AISCCI0455_800-1.jpg\" \/>\n\t<meta property=\"og:image:width\" content=\"800\" \/>\n\t<meta property=\"og:image:height\" content=\"800\" \/>\n\t<meta property=\"og:image:type\" content=\"image\/jpeg\" \/>\n<meta name=\"twitter:card\" content=\"summary_large_image\" \/>\n<meta name=\"twitter:label1\" content=\"Tiempo de lectura\" \/>\n\t<meta name=\"twitter:data1\" content=\"1 minuto\" \/>\n<script type=\"application\/ld+json\" class=\"yoast-schema-graph\">{\"@context\":\"https:\/\/schema.org\",\"@graph\":[{\"@type\":\"WebPage\",\"@id\":\"https:\/\/aivlisoft.net\/shop\/producto\/nanocable-cable-micro-hdmi-1-4-a-m-d-m-0-8-m\/\",\"url\":\"https:\/\/aivlisoft.net\/shop\/producto\/nanocable-cable-micro-hdmi-1-4-a-m-d-m-0-8-m\/\",\"name\":\"Nanocable Cable Micro HDMI 1.4 A\/M-D\/M 0.8 M - Aivlisoft Inform\u00e1tica\",\"isPartOf\":{\"@id\":\"https:\/\/aivlisoft.net\/shop\/#website\"},\"primaryImageOfPage\":{\"@id\":\"https:\/\/aivlisoft.net\/shop\/producto\/nanocable-cable-micro-hdmi-1-4-a-m-d-m-0-8-m\/#primaryimage\"},\"image\":{\"@id\":\"https:\/\/aivlisoft.net\/shop\/producto\/nanocable-cable-micro-hdmi-1-4-a-m-d-m-0-8-m\/#primaryimage\"},\"thumbnailUrl\":\"https:\/\/aivlisoft.net\/shop\/wp-content\/uploads\/2025\/01\/AISCCI0455_800-1.jpg\",\"datePublished\":\"2025-01-13T13:17:42+00:00\",\"dateModified\":\"2025-01-14T10:10:17+00:00\",\"breadcrumb\":{\"@id\":\"https:\/\/aivlisoft.net\/shop\/producto\/nanocable-cable-micro-hdmi-1-4-a-m-d-m-0-8-m\/#breadcrumb\"},\"inLanguage\":\"es\",\"potentialAction\":[{\"@type\":\"ReadAction\",\"target\":[\"https:\/\/aivlisoft.net\/shop\/producto\/nanocable-cable-micro-hdmi-1-4-a-m-d-m-0-8-m\/\"]}]},{\"@type\":\"ImageObject\",\"inLanguage\":\"es\",\"@id\":\"https:\/\/aivlisoft.net\/shop\/producto\/nanocable-cable-micro-hdmi-1-4-a-m-d-m-0-8-m\/#primaryimage\",\"url\":\"https:\/\/aivlisoft.net\/shop\/wp-content\/uploads\/2025\/01\/AISCCI0455_800-1.jpg\",\"contentUrl\":\"https:\/\/aivlisoft.net\/shop\/wp-content\/uploads\/2025\/01\/AISCCI0455_800-1.jpg\",\"width\":800,\"height\":800},{\"@type\":\"BreadcrumbList\",\"@id\":\"https:\/\/aivlisoft.net\/shop\/producto\/nanocable-cable-micro-hdmi-1-4-a-m-d-m-0-8-m\/#breadcrumb\",\"itemListElement\":[{\"@type\":\"ListItem\",\"position\":1,\"name\":\"Portada\",\"item\":\"https:\/\/aivlisoft.net\/shop\/\"},{\"@type\":\"ListItem\",\"position\":2,\"name\":\"Tienda\",\"item\":\"https:\/\/aivlisoft.net\/shop\/tienda\/\"},{\"@type\":\"ListItem\",\"position\":3,\"name\":\"Nanocable Cable Micro HDMI 1.4 A\/M-D\/M 0.8 M\"}]},{\"@type\":\"WebSite\",\"@id\":\"https:\/\/aivlisoft.net\/shop\/#website\",\"url\":\"https:\/\/aivlisoft.net\/shop\/\",\"name\":\"Aivlisoft Inform\u00e1tica\",\"description\":\"En Aivlisoft Inform\u00e1tica ofrecemos soluciones tecnol\u00f3gicas para empresas: venta de ordenadores, consumibles, perif\u00e9ricos y m\u00e1s. Calidad, atenci\u00f3n personalizada y los mejores precios para tu negocio.\",\"publisher\":{\"@id\":\"https:\/\/aivlisoft.net\/shop\/#organization\"},\"potentialAction\":[{\"@type\":\"SearchAction\",\"target\":{\"@type\":\"EntryPoint\",\"urlTemplate\":\"https:\/\/aivlisoft.net\/shop\/?s={search_term_string}\"},\"query-input\":{\"@type\":\"PropertyValueSpecification\",\"valueRequired\":true,\"valueName\":\"search_term_string\"}}],\"inLanguage\":\"es\"},{\"@type\":\"Organization\",\"@id\":\"https:\/\/aivlisoft.net\/shop\/#organization\",\"name\":\"Aivlisoft Inform\u00e1tica\",\"url\":\"https:\/\/aivlisoft.net\/shop\/\",\"logo\":{\"@type\":\"ImageObject\",\"inLanguage\":\"es\",\"@id\":\"https:\/\/aivlisoft.net\/shop\/#\/schema\/logo\/image\/\",\"url\":\"https:\/\/aivlisoft.net\/shop\/wp-content\/uploads\/2024\/12\/removal.ai_5b848c54-0cdf-4140-95c5-c5536bb7573b-logodef.png\",\"contentUrl\":\"https:\/\/aivlisoft.net\/shop\/wp-content\/uploads\/2024\/12\/removal.ai_5b848c54-0cdf-4140-95c5-c5536bb7573b-logodef.png\",\"width\":484,\"height\":182,\"caption\":\"Aivlisoft Inform\u00e1tica\"},\"image\":{\"@id\":\"https:\/\/aivlisoft.net\/shop\/#\/schema\/logo\/image\/\"}}]}<\/script>\n<!-- \/ Yoast SEO plugin. -->","yoast_head_json":{"title":"Nanocable Cable Micro HDMI 1.4 A\/M-D\/M 0.8 M - Aivlisoft Inform\u00e1tica","robots":{"index":"index","follow":"follow","max-snippet":"max-snippet:-1","max-image-preview":"max-image-preview:large","max-video-preview":"max-video-preview:-1"},"canonical":"https:\/\/aivlisoft.net\/shop\/producto\/nanocable-cable-micro-hdmi-1-4-a-m-d-m-0-8-m\/","og_locale":"es_ES","og_type":"article","og_title":"Nanocable Cable Micro HDMI 1.4 A\/M-D\/M 0.8 M - Aivlisoft Inform\u00e1tica","og_description":"&nbsp;Cable HDMI alta velocidad con Ethernet (V1.4) con conector tipo A macho en un extremo y conector tipo D (Micro HDMI) en el otro. Marca NANOCABLE Modelo 10.15.3501 Caracteristicas &#8211; Conectores de alta calidad blindados en oro de 24K. M&uacute;ltiple apantallamiento para la m&aacute;xima reducci&oacute;n de posibles interferencias. Fabricado con conductores de cobre (cobre OFC-Oxygen&hellip;&nbsp;Nanocable Cable Micro HDMI 1.4 A\/M-D\/M 0.8 M","og_url":"https:\/\/aivlisoft.net\/shop\/producto\/nanocable-cable-micro-hdmi-1-4-a-m-d-m-0-8-m\/","og_site_name":"Aivlisoft Inform\u00e1tica","article_modified_time":"2025-01-14T10:10:17+00:00","og_image":[{"width":800,"height":800,"url":"https:\/\/aivlisoft.net\/shop\/wp-content\/uploads\/2025\/01\/AISCCI0455_800-1.jpg","type":"image\/jpeg"}],"twitter_card":"summary_large_image","twitter_misc":{"Tiempo de lectura":"1 minuto"},"schema":{"@context":"https:\/\/schema.org","@graph":[{"@type":"WebPage","@id":"https:\/\/aivlisoft.net\/shop\/producto\/nanocable-cable-micro-hdmi-1-4-a-m-d-m-0-8-m\/","url":"https:\/\/aivlisoft.net\/shop\/producto\/nanocable-cable-micro-hdmi-1-4-a-m-d-m-0-8-m\/","name":"Nanocable Cable Micro HDMI 1.4 A\/M-D\/M 0.8 M - Aivlisoft Inform\u00e1tica","isPartOf":{"@id":"https:\/\/aivlisoft.net\/shop\/#website"},"primaryImageOfPage":{"@id":"https:\/\/aivlisoft.net\/shop\/producto\/nanocable-cable-micro-hdmi-1-4-a-m-d-m-0-8-m\/#primaryimage"},"image":{"@id":"https:\/\/aivlisoft.net\/shop\/producto\/nanocable-cable-micro-hdmi-1-4-a-m-d-m-0-8-m\/#primaryimage"},"thumbnailUrl":"https:\/\/aivlisoft.net\/shop\/wp-content\/uploads\/2025\/01\/AISCCI0455_800-1.jpg","datePublished":"2025-01-13T13:17:42+00:00","dateModified":"2025-01-14T10:10:17+00:00","breadcrumb":{"@id":"https:\/\/aivlisoft.net\/shop\/producto\/nanocable-cable-micro-hdmi-1-4-a-m-d-m-0-8-m\/#breadcrumb"},"inLanguage":"es","potentialAction":[{"@type":"ReadAction","target":["https:\/\/aivlisoft.net\/shop\/producto\/nanocable-cable-micro-hdmi-1-4-a-m-d-m-0-8-m\/"]}]},{"@type":"ImageObject","inLanguage":"es","@id":"https:\/\/aivlisoft.net\/shop\/producto\/nanocable-cable-micro-hdmi-1-4-a-m-d-m-0-8-m\/#primaryimage","url":"https:\/\/aivlisoft.net\/shop\/wp-content\/uploads\/2025\/01\/AISCCI0455_800-1.jpg","contentUrl":"https:\/\/aivlisoft.net\/shop\/wp-content\/uploads\/2025\/01\/AISCCI0455_800-1.jpg","width":800,"height":800},{"@type":"BreadcrumbList","@id":"https:\/\/aivlisoft.net\/shop\/producto\/nanocable-cable-micro-hdmi-1-4-a-m-d-m-0-8-m\/#breadcrumb","itemListElement":[{"@type":"ListItem","position":1,"name":"Portada","item":"https:\/\/aivlisoft.net\/shop\/"},{"@type":"ListItem","position":2,"name":"Tienda","item":"https:\/\/aivlisoft.net\/shop\/tienda\/"},{"@type":"ListItem","position":3,"name":"Nanocable Cable Micro HDMI 1.4 A\/M-D\/M 0.8 M"}]},{"@type":"WebSite","@id":"https:\/\/aivlisoft.net\/shop\/#website","url":"https:\/\/aivlisoft.net\/shop\/","name":"Aivlisoft Inform\u00e1tica","description":"En Aivlisoft Inform\u00e1tica ofrecemos soluciones tecnol\u00f3gicas para empresas: venta de ordenadores, consumibles, perif\u00e9ricos y m\u00e1s. Calidad, atenci\u00f3n personalizada y los mejores precios para tu negocio.","publisher":{"@id":"https:\/\/aivlisoft.net\/shop\/#organization"},"potentialAction":[{"@type":"SearchAction","target":{"@type":"EntryPoint","urlTemplate":"https:\/\/aivlisoft.net\/shop\/?s={search_term_string}"},"query-input":{"@type":"PropertyValueSpecification","valueRequired":true,"valueName":"search_term_string"}}],"inLanguage":"es"},{"@type":"Organization","@id":"https:\/\/aivlisoft.net\/shop\/#organization","name":"Aivlisoft Inform\u00e1tica","url":"https:\/\/aivlisoft.net\/shop\/","logo":{"@type":"ImageObject","inLanguage":"es","@id":"https:\/\/aivlisoft.net\/shop\/#\/schema\/logo\/image\/","url":"https:\/\/aivlisoft.net\/shop\/wp-content\/uploads\/2024\/12\/removal.ai_5b848c54-0cdf-4140-95c5-c5536bb7573b-logodef.png","contentUrl":"https:\/\/aivlisoft.net\/shop\/wp-content\/uploads\/2024\/12\/removal.ai_5b848c54-0cdf-4140-95c5-c5536bb7573b-logodef.png","width":484,"height":182,"caption":"Aivlisoft Inform\u00e1tica"},"image":{"@id":"https:\/\/aivlisoft.net\/shop\/#\/schema\/logo\/image\/"}}]}},"_links":{"self":[{"href":"https:\/\/aivlisoft.net\/shop\/wp-json\/wp\/v2\/product\/4010","targetHints":{"allow":["GET"]}}],"collection":[{"href":"https:\/\/aivlisoft.net\/shop\/wp-json\/wp\/v2\/product"}],"about":[{"href":"https:\/\/aivlisoft.net\/shop\/wp-json\/wp\/v2\/types\/product"}],"wp:featuredmedia":[{"embeddable":true,"href":"https:\/\/aivlisoft.net\/shop\/wp-json\/wp\/v2\/media\/4011"}],"wp:attachment":[{"href":"https:\/\/aivlisoft.net\/shop\/wp-json\/wp\/v2\/media?parent=4010"}],"wp:term":[{"taxonomy":"product_brand","embeddable":true,"href":"https:\/\/aivlisoft.net\/shop\/wp-json\/wp\/v2\/product_brand?post=4010"},{"taxonomy":"product_cat","embeddable":true,"href":"https:\/\/aivlisoft.net\/shop\/wp-json\/wp\/v2\/product_cat?post=4010"},{"taxonomy":"product_tag","embeddable":true,"href":"https:\/\/aivlisoft.net\/shop\/wp-json\/wp\/v2\/product_tag?post=4010"}],"curies":[{"name":"wp","href":"https:\/\/api.w.org\/{rel}","templated":true}]}}