{"id":3822,"date":"2025-01-13T13:16:36","date_gmt":"2025-01-13T13:16:36","guid":{"rendered":"https:\/\/aivlisoft.com\/?post_type=product&#038;p=3822"},"modified":"2025-01-14T10:09:09","modified_gmt":"2025-01-14T10:09:09","slug":"ewent-ew1529-soporte-mesa-1-monitor-hasta-49","status":"publish","type":"product","link":"https:\/\/aivlisoft.net\/shop\/producto\/ewent-ew1529-soporte-mesa-1-monitor-hasta-49\/","title":{"rendered":"EWENT EW1529 soporte mesa 1 monitor hasta 49&#8243;"},"content":{"rendered":"<p><strong>Eleva tu Espacio de Trabajo con Nuestro Soporte de Monitor Individual Pesado<\/strong><br \/>Transforma tu estaci&oacute;n de trabajo con nuestro Soporte de Monitor Individual Pesado, dise&ntilde;ado para acomodar monitores planos, curvos y ultra anchos de hasta 49 pulgadas y 20 kg. Este brazo para monitor de primera calidad es la combinaci&oacute;n perfecta de versatilidad, ajuste ergon&oacute;mico y dise&ntilde;o elegante, asegurando una configuraci&oacute;n &oacute;ptima tanto para entornos profesionales como de juego.<\/p>\n<p><strong>Capacidad de Montaje Vers&aacute;til<\/strong><br \/>Nuestro brazo de monitor individual soporta monitores est&aacute;ndar y ultra anchos de hasta 49 pulgadas de tama&ntilde;o y 20 kg de peso. La placa VESA de liberaci&oacute;n r&aacute;pida, con patrones de montaje de 75x75mm y 100x100mm, asegura una compatibilidad f&aacute;cil con una amplia gama de monitores. El soporte robusto se fija a escritorios de hasta 80mm de grosor utilizando una abrazadera en C resistente, con un soporte de arandela incluido para mayor flexibilidad y estabilidad.<\/p>\n<p><strong>Ajuste Ergon&oacute;mico<\/strong><br \/>Equipado con un brazo de asistencia mec&aacute;nica de resorte premium, este soporte de monitor contrarresta perfectamente el peso de su monitor. Esto permite ajustes de altura sin esfuerzo, proporcionando una experiencia de visualizaci&oacute;n ergon&oacute;mica que reduce la tensi&oacute;n y mejora la comodidad. Ideal para configuraciones de juego, este soporte pesado permite reposicionar pantallas grandes con solo un toque, mejorando tanto las experiencias de juego como de trabajo profesional.<\/p>\n<p><strong>Movimiento Flexible<\/strong><br \/>La estructura optimizada de la cabeza inclinable ofrece ajustes suaves con un rango de inclinaci&oacute;n de +90&deg; a -90&deg;, giro de 180&deg; y rotaci&oacute;n de 360&deg;. Con 536mm de ajuste de altura suave utilizando la elevaci&oacute;n mec&aacute;nica de resorte, este brazo de monitor individual ofrece la m&aacute;xima flexibilidad para adaptarse a sus preferencias de visualizaci&oacute;n.<\/p>\n<p><strong>Dise&ntilde;o Limpio y Organizado<\/strong><br \/>Las cubiertas de gesti&oacute;n de cables integradas mantienen los cables ordenadamente fuera del camino, manteniendo una apariencia limpia y profesional. Diga adi&oacute;s al desorden y disfrute de un espacio de trabajo m&aacute;s organizado que mejora su concentraci&oacute;n y eficiencia.<\/p>\n<p><strong>Instalaci&oacute;n F&aacute;cil<\/strong><br \/>Montar su monitor es un proceso sencillo gracias a la placa VESA desmontable. Proporcionamos todo el hardware necesario e instrucciones detalladas para asegurar un montaje f&aacute;cil, haciendo que la instalaci&oacute;n sea muy sencilla incluso para aquellos que son nuevos en los brazos de monitor.<\/p>\n<p><strong>Mejora tu Espacio de Trabajo<\/strong><br \/>Nuestro Soporte de Monitor Individual Pesado es la soluci&oacute;n perfecta para aquellos que buscan mejorar su espacio de trabajo con una construcci&oacute;n robusta, f&aacute;cil ajuste y un dise&ntilde;o limpio. Ya sea para uso profesional o de juego, este brazo para monitor asegura una configuraci&oacute;n ergon&oacute;mica, organizada y flexible, mejorando significativamente su experiencia general. Invierte hoy en tu comodidad y productividad con nuestro brazo para monitor de primera calidad.<\/p>\n<table class=\"tabla_caracteristicas\" width=\"100%\">\n<tr>\n<td><strong>Marca<\/strong><\/td>\n<td>Ewent<\/td>\n<\/tr>\n<tr>\n<td><strong>Modelo<\/strong><\/td>\n<td><strong>EW1529 <\/strong><\/td>\n<\/tr>\n<tr>\n<td><strong>Caracter&iacute;sticas<\/strong><\/td>\n<td>&#8211; Material: aluminio, acero, pl&aacute;stico<br \/>\t\t\t&#8211; Color: Gris espacial<br \/>\t\t\t&#8211; Tama&ntilde;o del producto: 134 x 625 x 663 mm<br \/>\t\t\t&#8211; Instalaci&oacute;n: Abrazadera, Montaje en escritorio<br \/>\t\t\t&#8211; Tama&ntilde;o de pantalla sugerido: 17&#8243;-49&#8243;<br \/>\t\t\t&#8211; Adecuado para: 1 pantalla<br \/>\t\t\t&#8211; Monitor plano con capacidad de peso: hasta 20 kg<br \/>\t\t\t&#8211; VESA: 100 x 100,75 x 75<br \/>\t\t\t&#8211; Puntos de pivote: 3<br \/>\t\t\t&#8211; Inclinaci&oacute;n: +50&deg;~-20&deg;<br \/>\t\t\t&#8211; Giratorio: +90&deg;~-90&deg;<br \/>\t\t\t&#8211; Girar: 360&deg;<br \/>\t\t\t&#8211; Extensi&oacute;n del brazo: 545 mm<br \/>\t\t\t&#8211; Grosor de la abrazadera: 10 mm-80 mm<br \/>\t\t\t&#8211; Altura ajustable libremente: S&iacute; (resorte mec&aacute;nico)<br \/>\t\t\t&#8211; Gesti&oacute;n de cables: S&iacute;<\/td>\n<\/tr>\n<tr>\n<td><strong>Fecha de revisi&oacute;n<\/strong><\/td>\n<td>19-09-2024 por A<\/td>\n<\/tr>\n<\/table>\n","protected":false},"excerpt":{"rendered":"<p>Eleva tu Espacio de Trabajo con Nuestro Soporte de Monitor Individual PesadoTransforma tu estaci&oacute;n de trabajo con nuestro Soporte de Monitor Individual Pesado, dise&ntilde;ado para acomodar monitores planos, curvos y ultra anchos de hasta 49 pulgadas y 20 kg. Este brazo para monitor de primera calidad es la combinaci&oacute;n perfecta de versatilidad, ajuste ergon&oacute;mico y&hellip;&nbsp;<a href=\"https:\/\/aivlisoft.net\/shop\/producto\/ewent-ew1529-soporte-mesa-1-monitor-hasta-49\/\" rel=\"bookmark\"><span class=\"screen-reader-text\">EWENT EW1529 soporte mesa 1 monitor hasta 49&#8243;<\/span><\/a><\/p>\n","protected":false},"featured_media":3823,"template":"","meta":{"neve_meta_sidebar":"","neve_meta_container":"","neve_meta_enable_content_width":"","neve_meta_content_width":0,"neve_meta_title_alignment":"","neve_meta_author_avatar":"","neve_post_elements_order":"","neve_meta_disable_header":"","neve_meta_disable_footer":"","neve_meta_disable_title":""},"product_brand":[],"product_cat":[15],"product_tag":[1132],"class_list":{"0":"post-3822","1":"product","2":"type-product","3":"status-publish","4":"has-post-thumbnail","6":"product_cat-sin-categorizar","7":"product_tag-ew1529","9":"first","10":"instock","11":"taxable","12":"shipping-taxable","13":"purchasable","14":"product-type-simple"},"yoast_head":"<!-- This site is optimized with the Yoast SEO plugin v26.0 - https:\/\/yoast.com\/wordpress\/plugins\/seo\/ -->\n<title>EWENT EW1529 soporte mesa 1 monitor hasta 49&quot; - Aivlisoft Inform\u00e1tica<\/title>\n<meta name=\"robots\" content=\"index, follow, max-snippet:-1, max-image-preview:large, max-video-preview:-1\" \/>\n<link rel=\"canonical\" href=\"https:\/\/aivlisoft.net\/shop\/producto\/ewent-ew1529-soporte-mesa-1-monitor-hasta-49\/\" \/>\n<meta property=\"og:locale\" content=\"es_ES\" \/>\n<meta property=\"og:type\" content=\"article\" \/>\n<meta property=\"og:title\" content=\"EWENT EW1529 soporte mesa 1 monitor hasta 49&quot; - Aivlisoft Inform\u00e1tica\" \/>\n<meta property=\"og:description\" content=\"Eleva tu Espacio de Trabajo con Nuestro Soporte de Monitor Individual PesadoTransforma tu estaci&oacute;n de trabajo con nuestro Soporte de Monitor Individual Pesado, dise&ntilde;ado para acomodar monitores planos, curvos y ultra anchos de hasta 49 pulgadas y 20 kg. Este brazo para monitor de primera calidad es la combinaci&oacute;n perfecta de versatilidad, ajuste ergon&oacute;mico y&hellip;&nbsp;EWENT EW1529 soporte mesa 1 monitor hasta 49&#8243;\" \/>\n<meta property=\"og:url\" content=\"https:\/\/aivlisoft.net\/shop\/producto\/ewent-ew1529-soporte-mesa-1-monitor-hasta-49\/\" \/>\n<meta property=\"og:site_name\" content=\"Aivlisoft Inform\u00e1tica\" \/>\n<meta property=\"article:modified_time\" content=\"2025-01-14T10:09:09+00:00\" \/>\n<meta property=\"og:image\" content=\"https:\/\/aivlisoft.net\/shop\/wp-content\/uploads\/2025\/01\/AISATV0401_800-1.jpg\" \/>\n\t<meta property=\"og:image:width\" content=\"800\" \/>\n\t<meta property=\"og:image:height\" content=\"800\" \/>\n\t<meta property=\"og:image:type\" content=\"image\/jpeg\" \/>\n<meta name=\"twitter:card\" content=\"summary_large_image\" \/>\n<meta name=\"twitter:label1\" content=\"Tiempo de lectura\" \/>\n\t<meta name=\"twitter:data1\" content=\"3 minutos\" \/>\n<script type=\"application\/ld+json\" class=\"yoast-schema-graph\">{\"@context\":\"https:\/\/schema.org\",\"@graph\":[{\"@type\":\"WebPage\",\"@id\":\"https:\/\/aivlisoft.net\/shop\/producto\/ewent-ew1529-soporte-mesa-1-monitor-hasta-49\/\",\"url\":\"https:\/\/aivlisoft.net\/shop\/producto\/ewent-ew1529-soporte-mesa-1-monitor-hasta-49\/\",\"name\":\"EWENT EW1529 soporte mesa 1 monitor hasta 49\\\" - Aivlisoft Inform\u00e1tica\",\"isPartOf\":{\"@id\":\"https:\/\/aivlisoft.net\/shop\/#website\"},\"primaryImageOfPage\":{\"@id\":\"https:\/\/aivlisoft.net\/shop\/producto\/ewent-ew1529-soporte-mesa-1-monitor-hasta-49\/#primaryimage\"},\"image\":{\"@id\":\"https:\/\/aivlisoft.net\/shop\/producto\/ewent-ew1529-soporte-mesa-1-monitor-hasta-49\/#primaryimage\"},\"thumbnailUrl\":\"https:\/\/aivlisoft.net\/shop\/wp-content\/uploads\/2025\/01\/AISATV0401_800-1.jpg\",\"datePublished\":\"2025-01-13T13:16:36+00:00\",\"dateModified\":\"2025-01-14T10:09:09+00:00\",\"breadcrumb\":{\"@id\":\"https:\/\/aivlisoft.net\/shop\/producto\/ewent-ew1529-soporte-mesa-1-monitor-hasta-49\/#breadcrumb\"},\"inLanguage\":\"es\",\"potentialAction\":[{\"@type\":\"ReadAction\",\"target\":[\"https:\/\/aivlisoft.net\/shop\/producto\/ewent-ew1529-soporte-mesa-1-monitor-hasta-49\/\"]}]},{\"@type\":\"ImageObject\",\"inLanguage\":\"es\",\"@id\":\"https:\/\/aivlisoft.net\/shop\/producto\/ewent-ew1529-soporte-mesa-1-monitor-hasta-49\/#primaryimage\",\"url\":\"https:\/\/aivlisoft.net\/shop\/wp-content\/uploads\/2025\/01\/AISATV0401_800-1.jpg\",\"contentUrl\":\"https:\/\/aivlisoft.net\/shop\/wp-content\/uploads\/2025\/01\/AISATV0401_800-1.jpg\",\"width\":800,\"height\":800},{\"@type\":\"BreadcrumbList\",\"@id\":\"https:\/\/aivlisoft.net\/shop\/producto\/ewent-ew1529-soporte-mesa-1-monitor-hasta-49\/#breadcrumb\",\"itemListElement\":[{\"@type\":\"ListItem\",\"position\":1,\"name\":\"Portada\",\"item\":\"https:\/\/aivlisoft.net\/shop\/\"},{\"@type\":\"ListItem\",\"position\":2,\"name\":\"Tienda\",\"item\":\"https:\/\/aivlisoft.net\/shop\/tienda\/\"},{\"@type\":\"ListItem\",\"position\":3,\"name\":\"EWENT EW1529 soporte mesa 1 monitor hasta 49&#8243;\"}]},{\"@type\":\"WebSite\",\"@id\":\"https:\/\/aivlisoft.net\/shop\/#website\",\"url\":\"https:\/\/aivlisoft.net\/shop\/\",\"name\":\"Aivlisoft Inform\u00e1tica\",\"description\":\"En Aivlisoft Inform\u00e1tica ofrecemos soluciones tecnol\u00f3gicas para empresas: venta de ordenadores, consumibles, perif\u00e9ricos y m\u00e1s. Calidad, atenci\u00f3n personalizada y los mejores precios para tu negocio.\",\"publisher\":{\"@id\":\"https:\/\/aivlisoft.net\/shop\/#organization\"},\"potentialAction\":[{\"@type\":\"SearchAction\",\"target\":{\"@type\":\"EntryPoint\",\"urlTemplate\":\"https:\/\/aivlisoft.net\/shop\/?s={search_term_string}\"},\"query-input\":{\"@type\":\"PropertyValueSpecification\",\"valueRequired\":true,\"valueName\":\"search_term_string\"}}],\"inLanguage\":\"es\"},{\"@type\":\"Organization\",\"@id\":\"https:\/\/aivlisoft.net\/shop\/#organization\",\"name\":\"Aivlisoft Inform\u00e1tica\",\"url\":\"https:\/\/aivlisoft.net\/shop\/\",\"logo\":{\"@type\":\"ImageObject\",\"inLanguage\":\"es\",\"@id\":\"https:\/\/aivlisoft.net\/shop\/#\/schema\/logo\/image\/\",\"url\":\"https:\/\/aivlisoft.net\/shop\/wp-content\/uploads\/2024\/12\/removal.ai_5b848c54-0cdf-4140-95c5-c5536bb7573b-logodef.png\",\"contentUrl\":\"https:\/\/aivlisoft.net\/shop\/wp-content\/uploads\/2024\/12\/removal.ai_5b848c54-0cdf-4140-95c5-c5536bb7573b-logodef.png\",\"width\":484,\"height\":182,\"caption\":\"Aivlisoft Inform\u00e1tica\"},\"image\":{\"@id\":\"https:\/\/aivlisoft.net\/shop\/#\/schema\/logo\/image\/\"}}]}<\/script>\n<!-- \/ Yoast SEO plugin. -->","yoast_head_json":{"title":"EWENT EW1529 soporte mesa 1 monitor hasta 49\" - Aivlisoft Inform\u00e1tica","robots":{"index":"index","follow":"follow","max-snippet":"max-snippet:-1","max-image-preview":"max-image-preview:large","max-video-preview":"max-video-preview:-1"},"canonical":"https:\/\/aivlisoft.net\/shop\/producto\/ewent-ew1529-soporte-mesa-1-monitor-hasta-49\/","og_locale":"es_ES","og_type":"article","og_title":"EWENT EW1529 soporte mesa 1 monitor hasta 49\" - Aivlisoft Inform\u00e1tica","og_description":"Eleva tu Espacio de Trabajo con Nuestro Soporte de Monitor Individual PesadoTransforma tu estaci&oacute;n de trabajo con nuestro Soporte de Monitor Individual Pesado, dise&ntilde;ado para acomodar monitores planos, curvos y ultra anchos de hasta 49 pulgadas y 20 kg. Este brazo para monitor de primera calidad es la combinaci&oacute;n perfecta de versatilidad, ajuste ergon&oacute;mico y&hellip;&nbsp;EWENT EW1529 soporte mesa 1 monitor hasta 49&#8243;","og_url":"https:\/\/aivlisoft.net\/shop\/producto\/ewent-ew1529-soporte-mesa-1-monitor-hasta-49\/","og_site_name":"Aivlisoft Inform\u00e1tica","article_modified_time":"2025-01-14T10:09:09+00:00","og_image":[{"width":800,"height":800,"url":"https:\/\/aivlisoft.net\/shop\/wp-content\/uploads\/2025\/01\/AISATV0401_800-1.jpg","type":"image\/jpeg"}],"twitter_card":"summary_large_image","twitter_misc":{"Tiempo de lectura":"3 minutos"},"schema":{"@context":"https:\/\/schema.org","@graph":[{"@type":"WebPage","@id":"https:\/\/aivlisoft.net\/shop\/producto\/ewent-ew1529-soporte-mesa-1-monitor-hasta-49\/","url":"https:\/\/aivlisoft.net\/shop\/producto\/ewent-ew1529-soporte-mesa-1-monitor-hasta-49\/","name":"EWENT EW1529 soporte mesa 1 monitor hasta 49\" - Aivlisoft Inform\u00e1tica","isPartOf":{"@id":"https:\/\/aivlisoft.net\/shop\/#website"},"primaryImageOfPage":{"@id":"https:\/\/aivlisoft.net\/shop\/producto\/ewent-ew1529-soporte-mesa-1-monitor-hasta-49\/#primaryimage"},"image":{"@id":"https:\/\/aivlisoft.net\/shop\/producto\/ewent-ew1529-soporte-mesa-1-monitor-hasta-49\/#primaryimage"},"thumbnailUrl":"https:\/\/aivlisoft.net\/shop\/wp-content\/uploads\/2025\/01\/AISATV0401_800-1.jpg","datePublished":"2025-01-13T13:16:36+00:00","dateModified":"2025-01-14T10:09:09+00:00","breadcrumb":{"@id":"https:\/\/aivlisoft.net\/shop\/producto\/ewent-ew1529-soporte-mesa-1-monitor-hasta-49\/#breadcrumb"},"inLanguage":"es","potentialAction":[{"@type":"ReadAction","target":["https:\/\/aivlisoft.net\/shop\/producto\/ewent-ew1529-soporte-mesa-1-monitor-hasta-49\/"]}]},{"@type":"ImageObject","inLanguage":"es","@id":"https:\/\/aivlisoft.net\/shop\/producto\/ewent-ew1529-soporte-mesa-1-monitor-hasta-49\/#primaryimage","url":"https:\/\/aivlisoft.net\/shop\/wp-content\/uploads\/2025\/01\/AISATV0401_800-1.jpg","contentUrl":"https:\/\/aivlisoft.net\/shop\/wp-content\/uploads\/2025\/01\/AISATV0401_800-1.jpg","width":800,"height":800},{"@type":"BreadcrumbList","@id":"https:\/\/aivlisoft.net\/shop\/producto\/ewent-ew1529-soporte-mesa-1-monitor-hasta-49\/#breadcrumb","itemListElement":[{"@type":"ListItem","position":1,"name":"Portada","item":"https:\/\/aivlisoft.net\/shop\/"},{"@type":"ListItem","position":2,"name":"Tienda","item":"https:\/\/aivlisoft.net\/shop\/tienda\/"},{"@type":"ListItem","position":3,"name":"EWENT EW1529 soporte mesa 1 monitor hasta 49&#8243;"}]},{"@type":"WebSite","@id":"https:\/\/aivlisoft.net\/shop\/#website","url":"https:\/\/aivlisoft.net\/shop\/","name":"Aivlisoft Inform\u00e1tica","description":"En Aivlisoft Inform\u00e1tica ofrecemos soluciones tecnol\u00f3gicas para empresas: venta de ordenadores, consumibles, perif\u00e9ricos y m\u00e1s. Calidad, atenci\u00f3n personalizada y los mejores precios para tu negocio.","publisher":{"@id":"https:\/\/aivlisoft.net\/shop\/#organization"},"potentialAction":[{"@type":"SearchAction","target":{"@type":"EntryPoint","urlTemplate":"https:\/\/aivlisoft.net\/shop\/?s={search_term_string}"},"query-input":{"@type":"PropertyValueSpecification","valueRequired":true,"valueName":"search_term_string"}}],"inLanguage":"es"},{"@type":"Organization","@id":"https:\/\/aivlisoft.net\/shop\/#organization","name":"Aivlisoft Inform\u00e1tica","url":"https:\/\/aivlisoft.net\/shop\/","logo":{"@type":"ImageObject","inLanguage":"es","@id":"https:\/\/aivlisoft.net\/shop\/#\/schema\/logo\/image\/","url":"https:\/\/aivlisoft.net\/shop\/wp-content\/uploads\/2024\/12\/removal.ai_5b848c54-0cdf-4140-95c5-c5536bb7573b-logodef.png","contentUrl":"https:\/\/aivlisoft.net\/shop\/wp-content\/uploads\/2024\/12\/removal.ai_5b848c54-0cdf-4140-95c5-c5536bb7573b-logodef.png","width":484,"height":182,"caption":"Aivlisoft Inform\u00e1tica"},"image":{"@id":"https:\/\/aivlisoft.net\/shop\/#\/schema\/logo\/image\/"}}]}},"_links":{"self":[{"href":"https:\/\/aivlisoft.net\/shop\/wp-json\/wp\/v2\/product\/3822","targetHints":{"allow":["GET"]}}],"collection":[{"href":"https:\/\/aivlisoft.net\/shop\/wp-json\/wp\/v2\/product"}],"about":[{"href":"https:\/\/aivlisoft.net\/shop\/wp-json\/wp\/v2\/types\/product"}],"wp:featuredmedia":[{"embeddable":true,"href":"https:\/\/aivlisoft.net\/shop\/wp-json\/wp\/v2\/media\/3823"}],"wp:attachment":[{"href":"https:\/\/aivlisoft.net\/shop\/wp-json\/wp\/v2\/media?parent=3822"}],"wp:term":[{"taxonomy":"product_brand","embeddable":true,"href":"https:\/\/aivlisoft.net\/shop\/wp-json\/wp\/v2\/product_brand?post=3822"},{"taxonomy":"product_cat","embeddable":true,"href":"https:\/\/aivlisoft.net\/shop\/wp-json\/wp\/v2\/product_cat?post=3822"},{"taxonomy":"product_tag","embeddable":true,"href":"https:\/\/aivlisoft.net\/shop\/wp-json\/wp\/v2\/product_tag?post=3822"}],"curies":[{"name":"wp","href":"https:\/\/api.w.org\/{rel}","templated":true}]}}