{"id":3727,"date":"2025-01-13T13:16:04","date_gmt":"2025-01-13T13:16:04","guid":{"rendered":"https:\/\/aivlisoft.com\/?post_type=product&#038;p=3727"},"modified":"2025-01-14T10:08:45","modified_gmt":"2025-01-14T10:08:45","slug":"ewent-ew1533-soporte-de-mesa-34-para-1-monitor","status":"publish","type":"product","link":"https:\/\/aivlisoft.net\/shop\/producto\/ewent-ew1533-soporte-de-mesa-34-para-1-monitor\/","title":{"rendered":"EWENT EW1533 Soporte de Mesa 34&#8243; para 1 monitor"},"content":{"rendered":"<p><\/p>\n<table class=\"tabla_caracteristicas\" width=\"100%\">\n<tr>\n<td valign=\"top\"><strong>Marca<\/strong><\/td>\n<td>Ewent<\/td>\n<\/tr>\n<tr>\n<td valign=\"top\"><strong>Modelo<\/strong><\/td>\n<td><strong>EW1533<\/strong><\/td>\n<\/tr>\n<tr>\n<td valign=\"top\"><strong>Caracter&iacute;sticas<\/strong><\/td>\n<td>&#8211; Material: aluminio, acero, pl&aacute;stico<br \/>\t\t\t&#8211; Acabado superficial: Recubrimiento en polvo<br \/>\t\t\t&#8211; Instalaci&oacute;n: Abrazadera, Montaje en escritorio<br \/>\t\t\t&#8211; Tama&ntilde;o de pantalla sugerido: <strong>17&#8243;-32&#8243;<\/strong><br \/>\t\t\t&#8211; Adecuado para: 1 pantalla<br \/>\t\t\t&#8211; Rango de Capacidad de Peso Pantalla Plana: 9 Kg<br \/>\t\t\t&#8211; Rango de Capacidad de Peso Criba Curva: 7 Kg<br \/>\t\t\t&#8211; Puntos de pivote: 3<br \/>\t\t\t&#8211; Inclinaci&oacute;n: +90&deg;~-45&deg;<br \/>\t\t\t&#8211; Giratorio: +90&deg;~-90&deg;<br \/>\t\t\t&#8211; Girar: 360&deg;<br \/>\t\t\t&#8211; Altura ajustable libremente: S&iacute; (mecanismo asistido por resorte)<br \/>\t\t\t&#8211; Gesti&oacute;n de cables<br \/>\t\t\t<strong>Dimensiones<\/strong><br \/>\t\t\t&#8211; VESA: 100 x 100,75&#215;75<br \/>\t\t\t&#8211; 117 x 512 x 606 mm<br \/>\t\t\t&#8211; Extensi&oacute;n del brazo: 458 mm<br \/>\t\t\t&#8211; Altura: 445 mm<br \/>\t\t\t&#8211; Grosor de la abrazadera: 10 mm-80 mm<\/td>\n<\/tr>\n<tr>\n<td valign=\"top\"><strong>Fecha de revisi&oacute;n<\/strong><\/td>\n<td>16-05-2024 por RTY<\/td>\n<\/tr>\n<\/table>\n","protected":false},"excerpt":{"rendered":"<p>Marca Ewent Modelo EW1533 Caracter&iacute;sticas &#8211; Material: aluminio, acero, pl&aacute;stico &#8211; Acabado superficial: Recubrimiento en polvo &#8211; Instalaci&oacute;n: Abrazadera, Montaje en escritorio &#8211; Tama&ntilde;o de pantalla sugerido: 17&#8243;-32&#8243; &#8211; Adecuado para: 1 pantalla &#8211; Rango de Capacidad de Peso Pantalla Plana: 9 Kg &#8211; Rango de Capacidad de Peso Criba Curva: 7 Kg &#8211; Puntos&hellip;&nbsp;<a href=\"https:\/\/aivlisoft.net\/shop\/producto\/ewent-ew1533-soporte-de-mesa-34-para-1-monitor\/\" rel=\"bookmark\"><span class=\"screen-reader-text\">EWENT EW1533 Soporte de Mesa 34&#8243; para 1 monitor<\/span><\/a><\/p>\n","protected":false},"featured_media":3728,"template":"","meta":{"neve_meta_sidebar":"","neve_meta_container":"","neve_meta_enable_content_width":"","neve_meta_content_width":0,"neve_meta_title_alignment":"","neve_meta_author_avatar":"","neve_post_elements_order":"","neve_meta_disable_header":"","neve_meta_disable_footer":"","neve_meta_disable_title":""},"product_brand":[],"product_cat":[15],"product_tag":[1110],"class_list":{"0":"post-3727","1":"product","2":"type-product","3":"status-publish","4":"has-post-thumbnail","6":"product_cat-sin-categorizar","7":"product_tag-ew1533","9":"first","10":"instock","11":"taxable","12":"shipping-taxable","13":"purchasable","14":"product-type-simple"},"yoast_head":"<!-- This site is optimized with the Yoast SEO plugin v26.0 - https:\/\/yoast.com\/wordpress\/plugins\/seo\/ -->\n<title>EWENT EW1533 Soporte de Mesa 34&quot; para 1 monitor - Aivlisoft Inform\u00e1tica<\/title>\n<meta name=\"robots\" content=\"index, follow, max-snippet:-1, max-image-preview:large, max-video-preview:-1\" \/>\n<link rel=\"canonical\" href=\"https:\/\/aivlisoft.net\/shop\/producto\/ewent-ew1533-soporte-de-mesa-34-para-1-monitor\/\" \/>\n<meta property=\"og:locale\" content=\"es_ES\" \/>\n<meta property=\"og:type\" content=\"article\" \/>\n<meta property=\"og:title\" content=\"EWENT EW1533 Soporte de Mesa 34&quot; para 1 monitor - Aivlisoft Inform\u00e1tica\" \/>\n<meta property=\"og:description\" content=\"Marca Ewent Modelo EW1533 Caracter&iacute;sticas &#8211; Material: aluminio, acero, pl&aacute;stico &#8211; Acabado superficial: Recubrimiento en polvo &#8211; Instalaci&oacute;n: Abrazadera, Montaje en escritorio &#8211; Tama&ntilde;o de pantalla sugerido: 17&#8243;-32&#8243; &#8211; Adecuado para: 1 pantalla &#8211; Rango de Capacidad de Peso Pantalla Plana: 9 Kg &#8211; Rango de Capacidad de Peso Criba Curva: 7 Kg &#8211; Puntos&hellip;&nbsp;EWENT EW1533 Soporte de Mesa 34&#8243; para 1 monitor\" \/>\n<meta property=\"og:url\" content=\"https:\/\/aivlisoft.net\/shop\/producto\/ewent-ew1533-soporte-de-mesa-34-para-1-monitor\/\" \/>\n<meta property=\"og:site_name\" content=\"Aivlisoft Inform\u00e1tica\" \/>\n<meta property=\"article:modified_time\" content=\"2025-01-14T10:08:45+00:00\" \/>\n<meta property=\"og:image\" content=\"https:\/\/aivlisoft.net\/shop\/wp-content\/uploads\/2025\/01\/AISATV0376_800-1.jpg\" \/>\n\t<meta property=\"og:image:width\" content=\"800\" \/>\n\t<meta property=\"og:image:height\" content=\"800\" \/>\n\t<meta property=\"og:image:type\" content=\"image\/jpeg\" \/>\n<meta name=\"twitter:card\" content=\"summary_large_image\" \/>\n<meta name=\"twitter:label1\" content=\"Tiempo de lectura\" \/>\n\t<meta name=\"twitter:data1\" content=\"1 minuto\" \/>\n<script type=\"application\/ld+json\" class=\"yoast-schema-graph\">{\"@context\":\"https:\/\/schema.org\",\"@graph\":[{\"@type\":\"WebPage\",\"@id\":\"https:\/\/aivlisoft.net\/shop\/producto\/ewent-ew1533-soporte-de-mesa-34-para-1-monitor\/\",\"url\":\"https:\/\/aivlisoft.net\/shop\/producto\/ewent-ew1533-soporte-de-mesa-34-para-1-monitor\/\",\"name\":\"EWENT EW1533 Soporte de Mesa 34\\\" para 1 monitor - Aivlisoft Inform\u00e1tica\",\"isPartOf\":{\"@id\":\"https:\/\/aivlisoft.net\/shop\/#website\"},\"primaryImageOfPage\":{\"@id\":\"https:\/\/aivlisoft.net\/shop\/producto\/ewent-ew1533-soporte-de-mesa-34-para-1-monitor\/#primaryimage\"},\"image\":{\"@id\":\"https:\/\/aivlisoft.net\/shop\/producto\/ewent-ew1533-soporte-de-mesa-34-para-1-monitor\/#primaryimage\"},\"thumbnailUrl\":\"https:\/\/aivlisoft.net\/shop\/wp-content\/uploads\/2025\/01\/AISATV0376_800-1.jpg\",\"datePublished\":\"2025-01-13T13:16:04+00:00\",\"dateModified\":\"2025-01-14T10:08:45+00:00\",\"breadcrumb\":{\"@id\":\"https:\/\/aivlisoft.net\/shop\/producto\/ewent-ew1533-soporte-de-mesa-34-para-1-monitor\/#breadcrumb\"},\"inLanguage\":\"es\",\"potentialAction\":[{\"@type\":\"ReadAction\",\"target\":[\"https:\/\/aivlisoft.net\/shop\/producto\/ewent-ew1533-soporte-de-mesa-34-para-1-monitor\/\"]}]},{\"@type\":\"ImageObject\",\"inLanguage\":\"es\",\"@id\":\"https:\/\/aivlisoft.net\/shop\/producto\/ewent-ew1533-soporte-de-mesa-34-para-1-monitor\/#primaryimage\",\"url\":\"https:\/\/aivlisoft.net\/shop\/wp-content\/uploads\/2025\/01\/AISATV0376_800-1.jpg\",\"contentUrl\":\"https:\/\/aivlisoft.net\/shop\/wp-content\/uploads\/2025\/01\/AISATV0376_800-1.jpg\",\"width\":800,\"height\":800},{\"@type\":\"BreadcrumbList\",\"@id\":\"https:\/\/aivlisoft.net\/shop\/producto\/ewent-ew1533-soporte-de-mesa-34-para-1-monitor\/#breadcrumb\",\"itemListElement\":[{\"@type\":\"ListItem\",\"position\":1,\"name\":\"Portada\",\"item\":\"https:\/\/aivlisoft.net\/shop\/\"},{\"@type\":\"ListItem\",\"position\":2,\"name\":\"Tienda\",\"item\":\"https:\/\/aivlisoft.net\/shop\/tienda\/\"},{\"@type\":\"ListItem\",\"position\":3,\"name\":\"EWENT EW1533 Soporte de Mesa 34&#8243; para 1 monitor\"}]},{\"@type\":\"WebSite\",\"@id\":\"https:\/\/aivlisoft.net\/shop\/#website\",\"url\":\"https:\/\/aivlisoft.net\/shop\/\",\"name\":\"Aivlisoft Inform\u00e1tica\",\"description\":\"En Aivlisoft Inform\u00e1tica ofrecemos soluciones tecnol\u00f3gicas para empresas: venta de ordenadores, consumibles, perif\u00e9ricos y m\u00e1s. Calidad, atenci\u00f3n personalizada y los mejores precios para tu negocio.\",\"publisher\":{\"@id\":\"https:\/\/aivlisoft.net\/shop\/#organization\"},\"potentialAction\":[{\"@type\":\"SearchAction\",\"target\":{\"@type\":\"EntryPoint\",\"urlTemplate\":\"https:\/\/aivlisoft.net\/shop\/?s={search_term_string}\"},\"query-input\":{\"@type\":\"PropertyValueSpecification\",\"valueRequired\":true,\"valueName\":\"search_term_string\"}}],\"inLanguage\":\"es\"},{\"@type\":\"Organization\",\"@id\":\"https:\/\/aivlisoft.net\/shop\/#organization\",\"name\":\"Aivlisoft Inform\u00e1tica\",\"url\":\"https:\/\/aivlisoft.net\/shop\/\",\"logo\":{\"@type\":\"ImageObject\",\"inLanguage\":\"es\",\"@id\":\"https:\/\/aivlisoft.net\/shop\/#\/schema\/logo\/image\/\",\"url\":\"https:\/\/aivlisoft.net\/shop\/wp-content\/uploads\/2024\/12\/removal.ai_5b848c54-0cdf-4140-95c5-c5536bb7573b-logodef.png\",\"contentUrl\":\"https:\/\/aivlisoft.net\/shop\/wp-content\/uploads\/2024\/12\/removal.ai_5b848c54-0cdf-4140-95c5-c5536bb7573b-logodef.png\",\"width\":484,\"height\":182,\"caption\":\"Aivlisoft Inform\u00e1tica\"},\"image\":{\"@id\":\"https:\/\/aivlisoft.net\/shop\/#\/schema\/logo\/image\/\"}}]}<\/script>\n<!-- \/ Yoast SEO plugin. -->","yoast_head_json":{"title":"EWENT EW1533 Soporte de Mesa 34\" para 1 monitor - Aivlisoft Inform\u00e1tica","robots":{"index":"index","follow":"follow","max-snippet":"max-snippet:-1","max-image-preview":"max-image-preview:large","max-video-preview":"max-video-preview:-1"},"canonical":"https:\/\/aivlisoft.net\/shop\/producto\/ewent-ew1533-soporte-de-mesa-34-para-1-monitor\/","og_locale":"es_ES","og_type":"article","og_title":"EWENT EW1533 Soporte de Mesa 34\" para 1 monitor - Aivlisoft Inform\u00e1tica","og_description":"Marca Ewent Modelo EW1533 Caracter&iacute;sticas &#8211; Material: aluminio, acero, pl&aacute;stico &#8211; Acabado superficial: Recubrimiento en polvo &#8211; Instalaci&oacute;n: Abrazadera, Montaje en escritorio &#8211; Tama&ntilde;o de pantalla sugerido: 17&#8243;-32&#8243; &#8211; Adecuado para: 1 pantalla &#8211; Rango de Capacidad de Peso Pantalla Plana: 9 Kg &#8211; Rango de Capacidad de Peso Criba Curva: 7 Kg &#8211; Puntos&hellip;&nbsp;EWENT EW1533 Soporte de Mesa 34&#8243; para 1 monitor","og_url":"https:\/\/aivlisoft.net\/shop\/producto\/ewent-ew1533-soporte-de-mesa-34-para-1-monitor\/","og_site_name":"Aivlisoft Inform\u00e1tica","article_modified_time":"2025-01-14T10:08:45+00:00","og_image":[{"width":800,"height":800,"url":"https:\/\/aivlisoft.net\/shop\/wp-content\/uploads\/2025\/01\/AISATV0376_800-1.jpg","type":"image\/jpeg"}],"twitter_card":"summary_large_image","twitter_misc":{"Tiempo de lectura":"1 minuto"},"schema":{"@context":"https:\/\/schema.org","@graph":[{"@type":"WebPage","@id":"https:\/\/aivlisoft.net\/shop\/producto\/ewent-ew1533-soporte-de-mesa-34-para-1-monitor\/","url":"https:\/\/aivlisoft.net\/shop\/producto\/ewent-ew1533-soporte-de-mesa-34-para-1-monitor\/","name":"EWENT EW1533 Soporte de Mesa 34\" para 1 monitor - Aivlisoft Inform\u00e1tica","isPartOf":{"@id":"https:\/\/aivlisoft.net\/shop\/#website"},"primaryImageOfPage":{"@id":"https:\/\/aivlisoft.net\/shop\/producto\/ewent-ew1533-soporte-de-mesa-34-para-1-monitor\/#primaryimage"},"image":{"@id":"https:\/\/aivlisoft.net\/shop\/producto\/ewent-ew1533-soporte-de-mesa-34-para-1-monitor\/#primaryimage"},"thumbnailUrl":"https:\/\/aivlisoft.net\/shop\/wp-content\/uploads\/2025\/01\/AISATV0376_800-1.jpg","datePublished":"2025-01-13T13:16:04+00:00","dateModified":"2025-01-14T10:08:45+00:00","breadcrumb":{"@id":"https:\/\/aivlisoft.net\/shop\/producto\/ewent-ew1533-soporte-de-mesa-34-para-1-monitor\/#breadcrumb"},"inLanguage":"es","potentialAction":[{"@type":"ReadAction","target":["https:\/\/aivlisoft.net\/shop\/producto\/ewent-ew1533-soporte-de-mesa-34-para-1-monitor\/"]}]},{"@type":"ImageObject","inLanguage":"es","@id":"https:\/\/aivlisoft.net\/shop\/producto\/ewent-ew1533-soporte-de-mesa-34-para-1-monitor\/#primaryimage","url":"https:\/\/aivlisoft.net\/shop\/wp-content\/uploads\/2025\/01\/AISATV0376_800-1.jpg","contentUrl":"https:\/\/aivlisoft.net\/shop\/wp-content\/uploads\/2025\/01\/AISATV0376_800-1.jpg","width":800,"height":800},{"@type":"BreadcrumbList","@id":"https:\/\/aivlisoft.net\/shop\/producto\/ewent-ew1533-soporte-de-mesa-34-para-1-monitor\/#breadcrumb","itemListElement":[{"@type":"ListItem","position":1,"name":"Portada","item":"https:\/\/aivlisoft.net\/shop\/"},{"@type":"ListItem","position":2,"name":"Tienda","item":"https:\/\/aivlisoft.net\/shop\/tienda\/"},{"@type":"ListItem","position":3,"name":"EWENT EW1533 Soporte de Mesa 34&#8243; para 1 monitor"}]},{"@type":"WebSite","@id":"https:\/\/aivlisoft.net\/shop\/#website","url":"https:\/\/aivlisoft.net\/shop\/","name":"Aivlisoft Inform\u00e1tica","description":"En Aivlisoft Inform\u00e1tica ofrecemos soluciones tecnol\u00f3gicas para empresas: venta de ordenadores, consumibles, perif\u00e9ricos y m\u00e1s. Calidad, atenci\u00f3n personalizada y los mejores precios para tu negocio.","publisher":{"@id":"https:\/\/aivlisoft.net\/shop\/#organization"},"potentialAction":[{"@type":"SearchAction","target":{"@type":"EntryPoint","urlTemplate":"https:\/\/aivlisoft.net\/shop\/?s={search_term_string}"},"query-input":{"@type":"PropertyValueSpecification","valueRequired":true,"valueName":"search_term_string"}}],"inLanguage":"es"},{"@type":"Organization","@id":"https:\/\/aivlisoft.net\/shop\/#organization","name":"Aivlisoft Inform\u00e1tica","url":"https:\/\/aivlisoft.net\/shop\/","logo":{"@type":"ImageObject","inLanguage":"es","@id":"https:\/\/aivlisoft.net\/shop\/#\/schema\/logo\/image\/","url":"https:\/\/aivlisoft.net\/shop\/wp-content\/uploads\/2024\/12\/removal.ai_5b848c54-0cdf-4140-95c5-c5536bb7573b-logodef.png","contentUrl":"https:\/\/aivlisoft.net\/shop\/wp-content\/uploads\/2024\/12\/removal.ai_5b848c54-0cdf-4140-95c5-c5536bb7573b-logodef.png","width":484,"height":182,"caption":"Aivlisoft Inform\u00e1tica"},"image":{"@id":"https:\/\/aivlisoft.net\/shop\/#\/schema\/logo\/image\/"}}]}},"_links":{"self":[{"href":"https:\/\/aivlisoft.net\/shop\/wp-json\/wp\/v2\/product\/3727","targetHints":{"allow":["GET"]}}],"collection":[{"href":"https:\/\/aivlisoft.net\/shop\/wp-json\/wp\/v2\/product"}],"about":[{"href":"https:\/\/aivlisoft.net\/shop\/wp-json\/wp\/v2\/types\/product"}],"wp:featuredmedia":[{"embeddable":true,"href":"https:\/\/aivlisoft.net\/shop\/wp-json\/wp\/v2\/media\/3728"}],"wp:attachment":[{"href":"https:\/\/aivlisoft.net\/shop\/wp-json\/wp\/v2\/media?parent=3727"}],"wp:term":[{"taxonomy":"product_brand","embeddable":true,"href":"https:\/\/aivlisoft.net\/shop\/wp-json\/wp\/v2\/product_brand?post=3727"},{"taxonomy":"product_cat","embeddable":true,"href":"https:\/\/aivlisoft.net\/shop\/wp-json\/wp\/v2\/product_cat?post=3727"},{"taxonomy":"product_tag","embeddable":true,"href":"https:\/\/aivlisoft.net\/shop\/wp-json\/wp\/v2\/product_tag?post=3727"}],"curies":[{"name":"wp","href":"https:\/\/api.w.org\/{rel}","templated":true}]}}