{"id":3712,"date":"2025-01-13T13:15:59","date_gmt":"2025-01-13T13:15:59","guid":{"rendered":"https:\/\/aivlisoft.com\/?post_type=product&#038;p=3712"},"modified":"2025-01-14T10:08:38","modified_gmt":"2025-01-14T10:08:38","slug":"tooq-soporte-mesa-tpv-impresora-terminal-lector","status":"publish","type":"product","link":"https:\/\/aivlisoft.net\/shop\/producto\/tooq-soporte-mesa-tpv-impresora-terminal-lector\/","title":{"rendered":"Tooq Soporte Mesa TPV\/Impresora\/Terminal\/Lector"},"content":{"rendered":"<p><\/p>\n<table class=\"tabla_caracteristicas\" width=\"100%\">\n<tr>\n<td valign=\"top\"><strong>Marca<\/strong><\/td>\n<td>Tooq<\/td>\n<\/tr>\n<tr>\n<td valign=\"top\"><strong>Modelo<\/strong><\/td>\n<td><strong>TQPM0002<\/strong><\/td>\n<\/tr>\n<tr>\n<td valign=\"top\"><strong>Caracter&iacute;sticas<\/strong><\/td>\n<td>&#8211; Compatible con instalaci&oacute;n de 2 pantallas, una impresora, un terminal con lector<br \/>\t\t\t&#8211; Pantallas soportadas: 17&#8243;-32&#8243;<br \/>\t\t\t&#8211; Compatible con VESA: 75&#215;75 y 100&#215;100<br \/>\t\t\t&#8211; Peso m&aacute;ximo soportado de pantalla: 9 kg por brazo<br \/>\t\t\t&#8211; &Aacute;ngulo de inclinaci&oacute;n: +45&deg;\/-45&deg;<br \/>\t\t\t&#8211; &Aacute;ngulo de giro: +90&deg;\/-90&deg;<br \/>\t\t\t&#8211; &Aacute;ngulo de rotaci&oacute;n: +180&deg;\/-180&deg;<br \/>\t\t\t&#8211; Instalaci&oacute;n mediante tornillo pasante<br \/>\t\t\t&#8211; Rango de grosor de la superficie: 10-40 mm<br \/>\t\t\t&#8211; Sistema de gesti&oacute;n del cableado<br \/>\t\t\t&#8211; Color: Negro<br \/>\t\t\t<strong>Dimesniones y peso<\/strong><br \/>\t\t\t&#8211; Altura del bastidor: 425 mm<br \/>\t\t\t&#8211; Extensi&oacute;n m&aacute;xima del soporte: 481 mm<br \/>\t\t\t&#8211; Di&aacute;metro del bastidor: 35 mm<br \/>\t\t\t&#8211; 3,80 kg<\/td>\n<\/tr>\n<tr>\n<td valign=\"top\"><strong>Fecha de revisi&oacute;n<\/strong><\/td>\n<td>18-03-2024 por RTY<\/td>\n<\/tr>\n<\/table>\n","protected":false},"excerpt":{"rendered":"<p>Marca Tooq Modelo TQPM0002 Caracter&iacute;sticas &#8211; Compatible con instalaci&oacute;n de 2 pantallas, una impresora, un terminal con lector &#8211; Pantallas soportadas: 17&#8243;-32&#8243; &#8211; Compatible con VESA: 75&#215;75 y 100&#215;100 &#8211; Peso m&aacute;ximo soportado de pantalla: 9 kg por brazo &#8211; &Aacute;ngulo de inclinaci&oacute;n: +45&deg;\/-45&deg; &#8211; &Aacute;ngulo de giro: +90&deg;\/-90&deg; &#8211; &Aacute;ngulo de rotaci&oacute;n: +180&deg;\/-180&deg; &#8211;&hellip;&nbsp;<a href=\"https:\/\/aivlisoft.net\/shop\/producto\/tooq-soporte-mesa-tpv-impresora-terminal-lector\/\" rel=\"bookmark\"><span class=\"screen-reader-text\">Tooq Soporte Mesa TPV\/Impresora\/Terminal\/Lector<\/span><\/a><\/p>\n","protected":false},"featured_media":3713,"template":"","meta":{"neve_meta_sidebar":"","neve_meta_container":"","neve_meta_enable_content_width":"","neve_meta_content_width":0,"neve_meta_title_alignment":"","neve_meta_author_avatar":"","neve_post_elements_order":"","neve_meta_disable_header":"","neve_meta_disable_footer":"","neve_meta_disable_title":""},"product_brand":[],"product_cat":[15],"product_tag":[1106],"class_list":{"0":"post-3712","1":"product","2":"type-product","3":"status-publish","4":"has-post-thumbnail","6":"product_cat-sin-categorizar","7":"product_tag-tqpm0002","9":"first","10":"instock","11":"taxable","12":"shipping-taxable","13":"purchasable","14":"product-type-simple"},"yoast_head":"<!-- This site is optimized with the Yoast SEO plugin v26.0 - https:\/\/yoast.com\/wordpress\/plugins\/seo\/ -->\n<title>Tooq Soporte Mesa TPV\/Impresora\/Terminal\/Lector - Aivlisoft Inform\u00e1tica<\/title>\n<meta name=\"robots\" content=\"index, follow, max-snippet:-1, max-image-preview:large, max-video-preview:-1\" \/>\n<link rel=\"canonical\" href=\"https:\/\/aivlisoft.net\/shop\/producto\/tooq-soporte-mesa-tpv-impresora-terminal-lector\/\" \/>\n<meta property=\"og:locale\" content=\"es_ES\" \/>\n<meta property=\"og:type\" content=\"article\" \/>\n<meta property=\"og:title\" content=\"Tooq Soporte Mesa TPV\/Impresora\/Terminal\/Lector - Aivlisoft Inform\u00e1tica\" \/>\n<meta property=\"og:description\" content=\"Marca Tooq Modelo TQPM0002 Caracter&iacute;sticas &#8211; Compatible con instalaci&oacute;n de 2 pantallas, una impresora, un terminal con lector &#8211; Pantallas soportadas: 17&#8243;-32&#8243; &#8211; Compatible con VESA: 75&#215;75 y 100&#215;100 &#8211; Peso m&aacute;ximo soportado de pantalla: 9 kg por brazo &#8211; &Aacute;ngulo de inclinaci&oacute;n: +45&deg;\/-45&deg; &#8211; &Aacute;ngulo de giro: +90&deg;\/-90&deg; &#8211; &Aacute;ngulo de rotaci&oacute;n: +180&deg;\/-180&deg; &#8211;&hellip;&nbsp;Tooq Soporte Mesa TPV\/Impresora\/Terminal\/Lector\" \/>\n<meta property=\"og:url\" content=\"https:\/\/aivlisoft.net\/shop\/producto\/tooq-soporte-mesa-tpv-impresora-terminal-lector\/\" \/>\n<meta property=\"og:site_name\" content=\"Aivlisoft Inform\u00e1tica\" \/>\n<meta property=\"article:modified_time\" content=\"2025-01-14T10:08:38+00:00\" \/>\n<meta property=\"og:image\" content=\"https:\/\/aivlisoft.net\/shop\/wp-content\/uploads\/2025\/01\/AISATV0372_800-1.jpg\" \/>\n\t<meta property=\"og:image:width\" content=\"800\" \/>\n\t<meta property=\"og:image:height\" content=\"800\" \/>\n\t<meta property=\"og:image:type\" content=\"image\/jpeg\" \/>\n<meta name=\"twitter:card\" content=\"summary_large_image\" \/>\n<meta name=\"twitter:label1\" content=\"Tiempo de lectura\" \/>\n\t<meta name=\"twitter:data1\" content=\"1 minuto\" \/>\n<script type=\"application\/ld+json\" class=\"yoast-schema-graph\">{\"@context\":\"https:\/\/schema.org\",\"@graph\":[{\"@type\":\"WebPage\",\"@id\":\"https:\/\/aivlisoft.net\/shop\/producto\/tooq-soporte-mesa-tpv-impresora-terminal-lector\/\",\"url\":\"https:\/\/aivlisoft.net\/shop\/producto\/tooq-soporte-mesa-tpv-impresora-terminal-lector\/\",\"name\":\"Tooq Soporte Mesa TPV\/Impresora\/Terminal\/Lector - Aivlisoft Inform\u00e1tica\",\"isPartOf\":{\"@id\":\"https:\/\/aivlisoft.net\/shop\/#website\"},\"primaryImageOfPage\":{\"@id\":\"https:\/\/aivlisoft.net\/shop\/producto\/tooq-soporte-mesa-tpv-impresora-terminal-lector\/#primaryimage\"},\"image\":{\"@id\":\"https:\/\/aivlisoft.net\/shop\/producto\/tooq-soporte-mesa-tpv-impresora-terminal-lector\/#primaryimage\"},\"thumbnailUrl\":\"https:\/\/aivlisoft.net\/shop\/wp-content\/uploads\/2025\/01\/AISATV0372_800-1.jpg\",\"datePublished\":\"2025-01-13T13:15:59+00:00\",\"dateModified\":\"2025-01-14T10:08:38+00:00\",\"breadcrumb\":{\"@id\":\"https:\/\/aivlisoft.net\/shop\/producto\/tooq-soporte-mesa-tpv-impresora-terminal-lector\/#breadcrumb\"},\"inLanguage\":\"es\",\"potentialAction\":[{\"@type\":\"ReadAction\",\"target\":[\"https:\/\/aivlisoft.net\/shop\/producto\/tooq-soporte-mesa-tpv-impresora-terminal-lector\/\"]}]},{\"@type\":\"ImageObject\",\"inLanguage\":\"es\",\"@id\":\"https:\/\/aivlisoft.net\/shop\/producto\/tooq-soporte-mesa-tpv-impresora-terminal-lector\/#primaryimage\",\"url\":\"https:\/\/aivlisoft.net\/shop\/wp-content\/uploads\/2025\/01\/AISATV0372_800-1.jpg\",\"contentUrl\":\"https:\/\/aivlisoft.net\/shop\/wp-content\/uploads\/2025\/01\/AISATV0372_800-1.jpg\",\"width\":800,\"height\":800},{\"@type\":\"BreadcrumbList\",\"@id\":\"https:\/\/aivlisoft.net\/shop\/producto\/tooq-soporte-mesa-tpv-impresora-terminal-lector\/#breadcrumb\",\"itemListElement\":[{\"@type\":\"ListItem\",\"position\":1,\"name\":\"Portada\",\"item\":\"https:\/\/aivlisoft.net\/shop\/\"},{\"@type\":\"ListItem\",\"position\":2,\"name\":\"Tienda\",\"item\":\"https:\/\/aivlisoft.net\/shop\/tienda\/\"},{\"@type\":\"ListItem\",\"position\":3,\"name\":\"Tooq Soporte Mesa TPV\/Impresora\/Terminal\/Lector\"}]},{\"@type\":\"WebSite\",\"@id\":\"https:\/\/aivlisoft.net\/shop\/#website\",\"url\":\"https:\/\/aivlisoft.net\/shop\/\",\"name\":\"Aivlisoft Inform\u00e1tica\",\"description\":\"En Aivlisoft Inform\u00e1tica ofrecemos soluciones tecnol\u00f3gicas para empresas: venta de ordenadores, consumibles, perif\u00e9ricos y m\u00e1s. Calidad, atenci\u00f3n personalizada y los mejores precios para tu negocio.\",\"publisher\":{\"@id\":\"https:\/\/aivlisoft.net\/shop\/#organization\"},\"potentialAction\":[{\"@type\":\"SearchAction\",\"target\":{\"@type\":\"EntryPoint\",\"urlTemplate\":\"https:\/\/aivlisoft.net\/shop\/?s={search_term_string}\"},\"query-input\":{\"@type\":\"PropertyValueSpecification\",\"valueRequired\":true,\"valueName\":\"search_term_string\"}}],\"inLanguage\":\"es\"},{\"@type\":\"Organization\",\"@id\":\"https:\/\/aivlisoft.net\/shop\/#organization\",\"name\":\"Aivlisoft Inform\u00e1tica\",\"url\":\"https:\/\/aivlisoft.net\/shop\/\",\"logo\":{\"@type\":\"ImageObject\",\"inLanguage\":\"es\",\"@id\":\"https:\/\/aivlisoft.net\/shop\/#\/schema\/logo\/image\/\",\"url\":\"https:\/\/aivlisoft.net\/shop\/wp-content\/uploads\/2024\/12\/removal.ai_5b848c54-0cdf-4140-95c5-c5536bb7573b-logodef.png\",\"contentUrl\":\"https:\/\/aivlisoft.net\/shop\/wp-content\/uploads\/2024\/12\/removal.ai_5b848c54-0cdf-4140-95c5-c5536bb7573b-logodef.png\",\"width\":484,\"height\":182,\"caption\":\"Aivlisoft Inform\u00e1tica\"},\"image\":{\"@id\":\"https:\/\/aivlisoft.net\/shop\/#\/schema\/logo\/image\/\"}}]}<\/script>\n<!-- \/ Yoast SEO plugin. -->","yoast_head_json":{"title":"Tooq Soporte Mesa TPV\/Impresora\/Terminal\/Lector - Aivlisoft Inform\u00e1tica","robots":{"index":"index","follow":"follow","max-snippet":"max-snippet:-1","max-image-preview":"max-image-preview:large","max-video-preview":"max-video-preview:-1"},"canonical":"https:\/\/aivlisoft.net\/shop\/producto\/tooq-soporte-mesa-tpv-impresora-terminal-lector\/","og_locale":"es_ES","og_type":"article","og_title":"Tooq Soporte Mesa TPV\/Impresora\/Terminal\/Lector - Aivlisoft Inform\u00e1tica","og_description":"Marca Tooq Modelo TQPM0002 Caracter&iacute;sticas &#8211; Compatible con instalaci&oacute;n de 2 pantallas, una impresora, un terminal con lector &#8211; Pantallas soportadas: 17&#8243;-32&#8243; &#8211; Compatible con VESA: 75&#215;75 y 100&#215;100 &#8211; Peso m&aacute;ximo soportado de pantalla: 9 kg por brazo &#8211; &Aacute;ngulo de inclinaci&oacute;n: +45&deg;\/-45&deg; &#8211; &Aacute;ngulo de giro: +90&deg;\/-90&deg; &#8211; &Aacute;ngulo de rotaci&oacute;n: +180&deg;\/-180&deg; &#8211;&hellip;&nbsp;Tooq Soporte Mesa TPV\/Impresora\/Terminal\/Lector","og_url":"https:\/\/aivlisoft.net\/shop\/producto\/tooq-soporte-mesa-tpv-impresora-terminal-lector\/","og_site_name":"Aivlisoft Inform\u00e1tica","article_modified_time":"2025-01-14T10:08:38+00:00","og_image":[{"width":800,"height":800,"url":"https:\/\/aivlisoft.net\/shop\/wp-content\/uploads\/2025\/01\/AISATV0372_800-1.jpg","type":"image\/jpeg"}],"twitter_card":"summary_large_image","twitter_misc":{"Tiempo de lectura":"1 minuto"},"schema":{"@context":"https:\/\/schema.org","@graph":[{"@type":"WebPage","@id":"https:\/\/aivlisoft.net\/shop\/producto\/tooq-soporte-mesa-tpv-impresora-terminal-lector\/","url":"https:\/\/aivlisoft.net\/shop\/producto\/tooq-soporte-mesa-tpv-impresora-terminal-lector\/","name":"Tooq Soporte Mesa TPV\/Impresora\/Terminal\/Lector - Aivlisoft Inform\u00e1tica","isPartOf":{"@id":"https:\/\/aivlisoft.net\/shop\/#website"},"primaryImageOfPage":{"@id":"https:\/\/aivlisoft.net\/shop\/producto\/tooq-soporte-mesa-tpv-impresora-terminal-lector\/#primaryimage"},"image":{"@id":"https:\/\/aivlisoft.net\/shop\/producto\/tooq-soporte-mesa-tpv-impresora-terminal-lector\/#primaryimage"},"thumbnailUrl":"https:\/\/aivlisoft.net\/shop\/wp-content\/uploads\/2025\/01\/AISATV0372_800-1.jpg","datePublished":"2025-01-13T13:15:59+00:00","dateModified":"2025-01-14T10:08:38+00:00","breadcrumb":{"@id":"https:\/\/aivlisoft.net\/shop\/producto\/tooq-soporte-mesa-tpv-impresora-terminal-lector\/#breadcrumb"},"inLanguage":"es","potentialAction":[{"@type":"ReadAction","target":["https:\/\/aivlisoft.net\/shop\/producto\/tooq-soporte-mesa-tpv-impresora-terminal-lector\/"]}]},{"@type":"ImageObject","inLanguage":"es","@id":"https:\/\/aivlisoft.net\/shop\/producto\/tooq-soporte-mesa-tpv-impresora-terminal-lector\/#primaryimage","url":"https:\/\/aivlisoft.net\/shop\/wp-content\/uploads\/2025\/01\/AISATV0372_800-1.jpg","contentUrl":"https:\/\/aivlisoft.net\/shop\/wp-content\/uploads\/2025\/01\/AISATV0372_800-1.jpg","width":800,"height":800},{"@type":"BreadcrumbList","@id":"https:\/\/aivlisoft.net\/shop\/producto\/tooq-soporte-mesa-tpv-impresora-terminal-lector\/#breadcrumb","itemListElement":[{"@type":"ListItem","position":1,"name":"Portada","item":"https:\/\/aivlisoft.net\/shop\/"},{"@type":"ListItem","position":2,"name":"Tienda","item":"https:\/\/aivlisoft.net\/shop\/tienda\/"},{"@type":"ListItem","position":3,"name":"Tooq Soporte Mesa TPV\/Impresora\/Terminal\/Lector"}]},{"@type":"WebSite","@id":"https:\/\/aivlisoft.net\/shop\/#website","url":"https:\/\/aivlisoft.net\/shop\/","name":"Aivlisoft Inform\u00e1tica","description":"En Aivlisoft Inform\u00e1tica ofrecemos soluciones tecnol\u00f3gicas para empresas: venta de ordenadores, consumibles, perif\u00e9ricos y m\u00e1s. Calidad, atenci\u00f3n personalizada y los mejores precios para tu negocio.","publisher":{"@id":"https:\/\/aivlisoft.net\/shop\/#organization"},"potentialAction":[{"@type":"SearchAction","target":{"@type":"EntryPoint","urlTemplate":"https:\/\/aivlisoft.net\/shop\/?s={search_term_string}"},"query-input":{"@type":"PropertyValueSpecification","valueRequired":true,"valueName":"search_term_string"}}],"inLanguage":"es"},{"@type":"Organization","@id":"https:\/\/aivlisoft.net\/shop\/#organization","name":"Aivlisoft Inform\u00e1tica","url":"https:\/\/aivlisoft.net\/shop\/","logo":{"@type":"ImageObject","inLanguage":"es","@id":"https:\/\/aivlisoft.net\/shop\/#\/schema\/logo\/image\/","url":"https:\/\/aivlisoft.net\/shop\/wp-content\/uploads\/2024\/12\/removal.ai_5b848c54-0cdf-4140-95c5-c5536bb7573b-logodef.png","contentUrl":"https:\/\/aivlisoft.net\/shop\/wp-content\/uploads\/2024\/12\/removal.ai_5b848c54-0cdf-4140-95c5-c5536bb7573b-logodef.png","width":484,"height":182,"caption":"Aivlisoft Inform\u00e1tica"},"image":{"@id":"https:\/\/aivlisoft.net\/shop\/#\/schema\/logo\/image\/"}}]}},"_links":{"self":[{"href":"https:\/\/aivlisoft.net\/shop\/wp-json\/wp\/v2\/product\/3712","targetHints":{"allow":["GET"]}}],"collection":[{"href":"https:\/\/aivlisoft.net\/shop\/wp-json\/wp\/v2\/product"}],"about":[{"href":"https:\/\/aivlisoft.net\/shop\/wp-json\/wp\/v2\/types\/product"}],"wp:featuredmedia":[{"embeddable":true,"href":"https:\/\/aivlisoft.net\/shop\/wp-json\/wp\/v2\/media\/3713"}],"wp:attachment":[{"href":"https:\/\/aivlisoft.net\/shop\/wp-json\/wp\/v2\/media?parent=3712"}],"wp:term":[{"taxonomy":"product_brand","embeddable":true,"href":"https:\/\/aivlisoft.net\/shop\/wp-json\/wp\/v2\/product_brand?post=3712"},{"taxonomy":"product_cat","embeddable":true,"href":"https:\/\/aivlisoft.net\/shop\/wp-json\/wp\/v2\/product_cat?post=3712"},{"taxonomy":"product_tag","embeddable":true,"href":"https:\/\/aivlisoft.net\/shop\/wp-json\/wp\/v2\/product_tag?post=3712"}],"curies":[{"name":"wp","href":"https:\/\/api.w.org\/{rel}","templated":true}]}}