{"id":3695,"date":"2025-01-13T13:15:56","date_gmt":"2025-01-13T13:15:56","guid":{"rendered":"https:\/\/aivlisoft.com\/?post_type=product&#038;p=3695"},"modified":"2025-01-14T10:08:34","modified_gmt":"2025-01-14T10:08:34","slug":"ewent-ew1544-soporte-suelo-con-rueda-tv-37-a-100","status":"publish","type":"product","link":"https:\/\/aivlisoft.net\/shop\/producto\/ewent-ew1544-soporte-suelo-con-rueda-tv-37-a-100\/","title":{"rendered":"EWENT EW1544 Soporte suelo con rueda tv 37&#8243; a 100&#8243;"},"content":{"rendered":"<p><\/p>\n<table class=\"tabla_caracteristicas k-table\" width=\"100%\">\n<tr>\n<td><strong>Marca<\/strong><\/td>\n<td>Ewent<\/td>\n<\/tr>\n<tr>\n<td><strong>Modelo<\/strong><\/td>\n<td><strong>EW1544<\/strong><\/td>\n<\/tr>\n<tr>\n<td><strong>Caracter&iacute;sticas<\/strong><\/td>\n<td>&#8211; Soporte de suelo m&oacute;vil<br \/>\t\t\t&#8211; N&uacute;mero de pantallas: 1<br \/>\t\t\t&#8211; Min. tama&ntilde;o de pantalla: 37&#8243;<br \/>\t\t\t&#8211; Max. tama&ntilde;o de pantalla: 100&#8243;<br \/>\t\t\t&#8211; Capacidad de peso del estante: 20 kg<br \/>\t\t\t&#8211; Peso m&aacute;x: 150 kg<br \/>\t\t\t&#8211; Min. altura regulable: 1085 cm<br \/>\t\t\t&#8211; Max. altura regulable: 1475 cm<br \/>\t\t\t&#8211; VESA m&iacute;nimo: 200 x 200<br \/>\t\t\t&#8211; VESA m&aacute;x.: 800 x 600<br \/>\t\t\t<strong>Dimensiones <\/strong><br \/>\t\t\t&#8211; 1050 x 570 x 1785 mm<\/td>\n<\/tr>\n<tr>\n<td><strong>Fecha de revisi&oacute;n<\/strong><\/td>\n<td>27-12-2023 por RTY<\/td>\n<\/tr>\n<\/table>\n","protected":false},"excerpt":{"rendered":"<p>Marca Ewent Modelo EW1544 Caracter&iacute;sticas &#8211; Soporte de suelo m&oacute;vil &#8211; N&uacute;mero de pantallas: 1 &#8211; Min. tama&ntilde;o de pantalla: 37&#8243; &#8211; Max. tama&ntilde;o de pantalla: 100&#8243; &#8211; Capacidad de peso del estante: 20 kg &#8211; Peso m&aacute;x: 150 kg &#8211; Min. altura regulable: 1085 cm &#8211; Max. altura regulable: 1475 cm &#8211; VESA m&iacute;nimo:&hellip;&nbsp;<a href=\"https:\/\/aivlisoft.net\/shop\/producto\/ewent-ew1544-soporte-suelo-con-rueda-tv-37-a-100\/\" rel=\"bookmark\"><span class=\"screen-reader-text\">EWENT EW1544 Soporte suelo con rueda tv 37&#8243; a 100&#8243;<\/span><\/a><\/p>\n","protected":false},"featured_media":3696,"template":"","meta":{"neve_meta_sidebar":"","neve_meta_container":"","neve_meta_enable_content_width":"","neve_meta_content_width":0,"neve_meta_title_alignment":"","neve_meta_author_avatar":"","neve_post_elements_order":"","neve_meta_disable_header":"","neve_meta_disable_footer":"","neve_meta_disable_title":""},"product_brand":[],"product_cat":[15],"product_tag":[1101],"class_list":{"0":"post-3695","1":"product","2":"type-product","3":"status-publish","4":"has-post-thumbnail","6":"product_cat-sin-categorizar","7":"product_tag-ew1544","9":"first","10":"instock","11":"taxable","12":"shipping-taxable","13":"purchasable","14":"product-type-simple"},"yoast_head":"<!-- This site is optimized with the Yoast SEO plugin v26.0 - https:\/\/yoast.com\/wordpress\/plugins\/seo\/ -->\n<title>EWENT EW1544 Soporte suelo con rueda tv 37&quot; a 100&quot; - Aivlisoft Inform\u00e1tica<\/title>\n<meta name=\"robots\" content=\"index, follow, max-snippet:-1, max-image-preview:large, max-video-preview:-1\" \/>\n<link rel=\"canonical\" href=\"https:\/\/aivlisoft.net\/shop\/producto\/ewent-ew1544-soporte-suelo-con-rueda-tv-37-a-100\/\" \/>\n<meta property=\"og:locale\" content=\"es_ES\" \/>\n<meta property=\"og:type\" content=\"article\" \/>\n<meta property=\"og:title\" content=\"EWENT EW1544 Soporte suelo con rueda tv 37&quot; a 100&quot; - Aivlisoft Inform\u00e1tica\" \/>\n<meta property=\"og:description\" content=\"Marca Ewent Modelo EW1544 Caracter&iacute;sticas &#8211; Soporte de suelo m&oacute;vil &#8211; N&uacute;mero de pantallas: 1 &#8211; Min. tama&ntilde;o de pantalla: 37&#8243; &#8211; Max. tama&ntilde;o de pantalla: 100&#8243; &#8211; Capacidad de peso del estante: 20 kg &#8211; Peso m&aacute;x: 150 kg &#8211; Min. altura regulable: 1085 cm &#8211; Max. altura regulable: 1475 cm &#8211; VESA m&iacute;nimo:&hellip;&nbsp;EWENT EW1544 Soporte suelo con rueda tv 37&#8243; a 100&#8243;\" \/>\n<meta property=\"og:url\" content=\"https:\/\/aivlisoft.net\/shop\/producto\/ewent-ew1544-soporte-suelo-con-rueda-tv-37-a-100\/\" \/>\n<meta property=\"og:site_name\" content=\"Aivlisoft Inform\u00e1tica\" \/>\n<meta property=\"article:modified_time\" content=\"2025-01-14T10:08:34+00:00\" \/>\n<meta property=\"og:image\" content=\"https:\/\/aivlisoft.net\/shop\/wp-content\/uploads\/2025\/01\/AISATV0367_800-1.jpg\" \/>\n\t<meta property=\"og:image:width\" content=\"800\" \/>\n\t<meta property=\"og:image:height\" content=\"800\" \/>\n\t<meta property=\"og:image:type\" content=\"image\/jpeg\" \/>\n<meta name=\"twitter:card\" content=\"summary_large_image\" \/>\n<script type=\"application\/ld+json\" class=\"yoast-schema-graph\">{\"@context\":\"https:\/\/schema.org\",\"@graph\":[{\"@type\":\"WebPage\",\"@id\":\"https:\/\/aivlisoft.net\/shop\/producto\/ewent-ew1544-soporte-suelo-con-rueda-tv-37-a-100\/\",\"url\":\"https:\/\/aivlisoft.net\/shop\/producto\/ewent-ew1544-soporte-suelo-con-rueda-tv-37-a-100\/\",\"name\":\"EWENT EW1544 Soporte suelo con rueda tv 37\\\" a 100\\\" - Aivlisoft Inform\u00e1tica\",\"isPartOf\":{\"@id\":\"https:\/\/aivlisoft.net\/shop\/#website\"},\"primaryImageOfPage\":{\"@id\":\"https:\/\/aivlisoft.net\/shop\/producto\/ewent-ew1544-soporte-suelo-con-rueda-tv-37-a-100\/#primaryimage\"},\"image\":{\"@id\":\"https:\/\/aivlisoft.net\/shop\/producto\/ewent-ew1544-soporte-suelo-con-rueda-tv-37-a-100\/#primaryimage\"},\"thumbnailUrl\":\"https:\/\/aivlisoft.net\/shop\/wp-content\/uploads\/2025\/01\/AISATV0367_800-1.jpg\",\"datePublished\":\"2025-01-13T13:15:56+00:00\",\"dateModified\":\"2025-01-14T10:08:34+00:00\",\"breadcrumb\":{\"@id\":\"https:\/\/aivlisoft.net\/shop\/producto\/ewent-ew1544-soporte-suelo-con-rueda-tv-37-a-100\/#breadcrumb\"},\"inLanguage\":\"es\",\"potentialAction\":[{\"@type\":\"ReadAction\",\"target\":[\"https:\/\/aivlisoft.net\/shop\/producto\/ewent-ew1544-soporte-suelo-con-rueda-tv-37-a-100\/\"]}]},{\"@type\":\"ImageObject\",\"inLanguage\":\"es\",\"@id\":\"https:\/\/aivlisoft.net\/shop\/producto\/ewent-ew1544-soporte-suelo-con-rueda-tv-37-a-100\/#primaryimage\",\"url\":\"https:\/\/aivlisoft.net\/shop\/wp-content\/uploads\/2025\/01\/AISATV0367_800-1.jpg\",\"contentUrl\":\"https:\/\/aivlisoft.net\/shop\/wp-content\/uploads\/2025\/01\/AISATV0367_800-1.jpg\",\"width\":800,\"height\":800},{\"@type\":\"BreadcrumbList\",\"@id\":\"https:\/\/aivlisoft.net\/shop\/producto\/ewent-ew1544-soporte-suelo-con-rueda-tv-37-a-100\/#breadcrumb\",\"itemListElement\":[{\"@type\":\"ListItem\",\"position\":1,\"name\":\"Portada\",\"item\":\"https:\/\/aivlisoft.net\/shop\/\"},{\"@type\":\"ListItem\",\"position\":2,\"name\":\"Tienda\",\"item\":\"https:\/\/aivlisoft.net\/shop\/tienda\/\"},{\"@type\":\"ListItem\",\"position\":3,\"name\":\"EWENT EW1544 Soporte suelo con rueda tv 37&#8243; a 100&#8243;\"}]},{\"@type\":\"WebSite\",\"@id\":\"https:\/\/aivlisoft.net\/shop\/#website\",\"url\":\"https:\/\/aivlisoft.net\/shop\/\",\"name\":\"Aivlisoft Inform\u00e1tica\",\"description\":\"En Aivlisoft Inform\u00e1tica ofrecemos soluciones tecnol\u00f3gicas para empresas: venta de ordenadores, consumibles, perif\u00e9ricos y m\u00e1s. Calidad, atenci\u00f3n personalizada y los mejores precios para tu negocio.\",\"publisher\":{\"@id\":\"https:\/\/aivlisoft.net\/shop\/#organization\"},\"potentialAction\":[{\"@type\":\"SearchAction\",\"target\":{\"@type\":\"EntryPoint\",\"urlTemplate\":\"https:\/\/aivlisoft.net\/shop\/?s={search_term_string}\"},\"query-input\":{\"@type\":\"PropertyValueSpecification\",\"valueRequired\":true,\"valueName\":\"search_term_string\"}}],\"inLanguage\":\"es\"},{\"@type\":\"Organization\",\"@id\":\"https:\/\/aivlisoft.net\/shop\/#organization\",\"name\":\"Aivlisoft Inform\u00e1tica\",\"url\":\"https:\/\/aivlisoft.net\/shop\/\",\"logo\":{\"@type\":\"ImageObject\",\"inLanguage\":\"es\",\"@id\":\"https:\/\/aivlisoft.net\/shop\/#\/schema\/logo\/image\/\",\"url\":\"https:\/\/aivlisoft.net\/shop\/wp-content\/uploads\/2024\/12\/removal.ai_5b848c54-0cdf-4140-95c5-c5536bb7573b-logodef.png\",\"contentUrl\":\"https:\/\/aivlisoft.net\/shop\/wp-content\/uploads\/2024\/12\/removal.ai_5b848c54-0cdf-4140-95c5-c5536bb7573b-logodef.png\",\"width\":484,\"height\":182,\"caption\":\"Aivlisoft Inform\u00e1tica\"},\"image\":{\"@id\":\"https:\/\/aivlisoft.net\/shop\/#\/schema\/logo\/image\/\"}}]}<\/script>\n<!-- \/ Yoast SEO plugin. -->","yoast_head_json":{"title":"EWENT EW1544 Soporte suelo con rueda tv 37\" a 100\" - Aivlisoft Inform\u00e1tica","robots":{"index":"index","follow":"follow","max-snippet":"max-snippet:-1","max-image-preview":"max-image-preview:large","max-video-preview":"max-video-preview:-1"},"canonical":"https:\/\/aivlisoft.net\/shop\/producto\/ewent-ew1544-soporte-suelo-con-rueda-tv-37-a-100\/","og_locale":"es_ES","og_type":"article","og_title":"EWENT EW1544 Soporte suelo con rueda tv 37\" a 100\" - Aivlisoft Inform\u00e1tica","og_description":"Marca Ewent Modelo EW1544 Caracter&iacute;sticas &#8211; Soporte de suelo m&oacute;vil &#8211; N&uacute;mero de pantallas: 1 &#8211; Min. tama&ntilde;o de pantalla: 37&#8243; &#8211; Max. tama&ntilde;o de pantalla: 100&#8243; &#8211; Capacidad de peso del estante: 20 kg &#8211; Peso m&aacute;x: 150 kg &#8211; Min. altura regulable: 1085 cm &#8211; Max. altura regulable: 1475 cm &#8211; VESA m&iacute;nimo:&hellip;&nbsp;EWENT EW1544 Soporte suelo con rueda tv 37&#8243; a 100&#8243;","og_url":"https:\/\/aivlisoft.net\/shop\/producto\/ewent-ew1544-soporte-suelo-con-rueda-tv-37-a-100\/","og_site_name":"Aivlisoft Inform\u00e1tica","article_modified_time":"2025-01-14T10:08:34+00:00","og_image":[{"width":800,"height":800,"url":"https:\/\/aivlisoft.net\/shop\/wp-content\/uploads\/2025\/01\/AISATV0367_800-1.jpg","type":"image\/jpeg"}],"twitter_card":"summary_large_image","schema":{"@context":"https:\/\/schema.org","@graph":[{"@type":"WebPage","@id":"https:\/\/aivlisoft.net\/shop\/producto\/ewent-ew1544-soporte-suelo-con-rueda-tv-37-a-100\/","url":"https:\/\/aivlisoft.net\/shop\/producto\/ewent-ew1544-soporte-suelo-con-rueda-tv-37-a-100\/","name":"EWENT EW1544 Soporte suelo con rueda tv 37\" a 100\" - Aivlisoft Inform\u00e1tica","isPartOf":{"@id":"https:\/\/aivlisoft.net\/shop\/#website"},"primaryImageOfPage":{"@id":"https:\/\/aivlisoft.net\/shop\/producto\/ewent-ew1544-soporte-suelo-con-rueda-tv-37-a-100\/#primaryimage"},"image":{"@id":"https:\/\/aivlisoft.net\/shop\/producto\/ewent-ew1544-soporte-suelo-con-rueda-tv-37-a-100\/#primaryimage"},"thumbnailUrl":"https:\/\/aivlisoft.net\/shop\/wp-content\/uploads\/2025\/01\/AISATV0367_800-1.jpg","datePublished":"2025-01-13T13:15:56+00:00","dateModified":"2025-01-14T10:08:34+00:00","breadcrumb":{"@id":"https:\/\/aivlisoft.net\/shop\/producto\/ewent-ew1544-soporte-suelo-con-rueda-tv-37-a-100\/#breadcrumb"},"inLanguage":"es","potentialAction":[{"@type":"ReadAction","target":["https:\/\/aivlisoft.net\/shop\/producto\/ewent-ew1544-soporte-suelo-con-rueda-tv-37-a-100\/"]}]},{"@type":"ImageObject","inLanguage":"es","@id":"https:\/\/aivlisoft.net\/shop\/producto\/ewent-ew1544-soporte-suelo-con-rueda-tv-37-a-100\/#primaryimage","url":"https:\/\/aivlisoft.net\/shop\/wp-content\/uploads\/2025\/01\/AISATV0367_800-1.jpg","contentUrl":"https:\/\/aivlisoft.net\/shop\/wp-content\/uploads\/2025\/01\/AISATV0367_800-1.jpg","width":800,"height":800},{"@type":"BreadcrumbList","@id":"https:\/\/aivlisoft.net\/shop\/producto\/ewent-ew1544-soporte-suelo-con-rueda-tv-37-a-100\/#breadcrumb","itemListElement":[{"@type":"ListItem","position":1,"name":"Portada","item":"https:\/\/aivlisoft.net\/shop\/"},{"@type":"ListItem","position":2,"name":"Tienda","item":"https:\/\/aivlisoft.net\/shop\/tienda\/"},{"@type":"ListItem","position":3,"name":"EWENT EW1544 Soporte suelo con rueda tv 37&#8243; a 100&#8243;"}]},{"@type":"WebSite","@id":"https:\/\/aivlisoft.net\/shop\/#website","url":"https:\/\/aivlisoft.net\/shop\/","name":"Aivlisoft Inform\u00e1tica","description":"En Aivlisoft Inform\u00e1tica ofrecemos soluciones tecnol\u00f3gicas para empresas: venta de ordenadores, consumibles, perif\u00e9ricos y m\u00e1s. Calidad, atenci\u00f3n personalizada y los mejores precios para tu negocio.","publisher":{"@id":"https:\/\/aivlisoft.net\/shop\/#organization"},"potentialAction":[{"@type":"SearchAction","target":{"@type":"EntryPoint","urlTemplate":"https:\/\/aivlisoft.net\/shop\/?s={search_term_string}"},"query-input":{"@type":"PropertyValueSpecification","valueRequired":true,"valueName":"search_term_string"}}],"inLanguage":"es"},{"@type":"Organization","@id":"https:\/\/aivlisoft.net\/shop\/#organization","name":"Aivlisoft Inform\u00e1tica","url":"https:\/\/aivlisoft.net\/shop\/","logo":{"@type":"ImageObject","inLanguage":"es","@id":"https:\/\/aivlisoft.net\/shop\/#\/schema\/logo\/image\/","url":"https:\/\/aivlisoft.net\/shop\/wp-content\/uploads\/2024\/12\/removal.ai_5b848c54-0cdf-4140-95c5-c5536bb7573b-logodef.png","contentUrl":"https:\/\/aivlisoft.net\/shop\/wp-content\/uploads\/2024\/12\/removal.ai_5b848c54-0cdf-4140-95c5-c5536bb7573b-logodef.png","width":484,"height":182,"caption":"Aivlisoft Inform\u00e1tica"},"image":{"@id":"https:\/\/aivlisoft.net\/shop\/#\/schema\/logo\/image\/"}}]}},"_links":{"self":[{"href":"https:\/\/aivlisoft.net\/shop\/wp-json\/wp\/v2\/product\/3695","targetHints":{"allow":["GET"]}}],"collection":[{"href":"https:\/\/aivlisoft.net\/shop\/wp-json\/wp\/v2\/product"}],"about":[{"href":"https:\/\/aivlisoft.net\/shop\/wp-json\/wp\/v2\/types\/product"}],"wp:featuredmedia":[{"embeddable":true,"href":"https:\/\/aivlisoft.net\/shop\/wp-json\/wp\/v2\/media\/3696"}],"wp:attachment":[{"href":"https:\/\/aivlisoft.net\/shop\/wp-json\/wp\/v2\/media?parent=3695"}],"wp:term":[{"taxonomy":"product_brand","embeddable":true,"href":"https:\/\/aivlisoft.net\/shop\/wp-json\/wp\/v2\/product_brand?post=3695"},{"taxonomy":"product_cat","embeddable":true,"href":"https:\/\/aivlisoft.net\/shop\/wp-json\/wp\/v2\/product_cat?post=3695"},{"taxonomy":"product_tag","embeddable":true,"href":"https:\/\/aivlisoft.net\/shop\/wp-json\/wp\/v2\/product_tag?post=3695"}],"curies":[{"name":"wp","href":"https:\/\/api.w.org\/{rel}","templated":true}]}}