{"id":3691,"date":"2025-01-13T13:15:55","date_gmt":"2025-01-13T13:15:55","guid":{"rendered":"https:\/\/aivlisoft.com\/?post_type=product&#038;p=3691"},"modified":"2025-01-14T10:08:34","modified_gmt":"2025-01-14T10:08:34","slug":"ewent-ew1539-soporte-suelo-con-ruedas-tv-37-a-70","status":"publish","type":"product","link":"https:\/\/aivlisoft.net\/shop\/producto\/ewent-ew1539-soporte-suelo-con-ruedas-tv-37-a-70\/","title":{"rendered":"EWENT EW1539 Soporte suelo con ruedas tv 37&#8243; a 70&#8243;"},"content":{"rendered":"<p><\/p>\n<table class=\"tabla_caracteristicas\" width=\"100%\">\n<tr>\n<td valign=\"top\"><strong>Marca<\/strong><\/td>\n<td>Ewent<\/td>\n<\/tr>\n<tr>\n<td valign=\"top\"><strong>Modelo<\/strong><\/td>\n<td><strong>EW1539<\/strong><\/td>\n<\/tr>\n<tr>\n<td valign=\"top\"><strong>Caracter&iacute;sticas<\/strong><\/td>\n<td>&#8211; Teclado de seguridad inteligente con cable y con lector de tarjetas inteligentes integrado<br \/>\t\t\t&#8211; Segura introducci&oacute;n del PIN (lector de clase 2)<br \/>\t\t\t&#8211; Lector PC\/SC de smartcards<br \/>\t\t\t&#8211; Protocolos: T=0, T=1, S=8, S=9, S=10<br \/>\t\t\t&#8211; Compatible con CCID<br \/>\t\t\t&#8211; Lectura\/escritura de smartcards conformes con ISO 7816<br \/>\t\t\t&#8211; Dise&ntilde;o plano, unidad baja de contacto para tarjetas chip<br \/>\t\t\t<strong>Lector de tarjetas<\/strong><br \/>\t\t\t&#8211; Admite protocolo T0, T1<br \/>\t\t\t&#8211; Admite tarjeta de memoria I2C, SLE4418, SLE4428, SLE4432, SLE4442, SLE4436, SLE5536, SLE6636, AT88SC1608, tarjeta AT45D041 y tarjeta AT45DB041 a trav&eacute;s de EEPROM externa<br \/>\t\t\t&#8211; Admite tarjetas ISO7816 Clase A, B y C (5V\/3V\/1,8V)<br \/>\t\t\t&#8211; Certificado de especificaci&oacute;n EMV 4.0 nivel 1<br \/>\t\t\t&#8211; Certificado PBOC2.0 Nivel 1<br \/>\t\t\t&#8211; Admite USB 2.0 de velocidad completa, certificado USB-IF<br \/>\t\t\t&#8211; Basado en la implementaci&oacute;n ISO7816<br \/>\t\t\t&#8211; Compatible con el est&aacute;ndar de la industria de tarjetas inteligentes para PC: PC\/SC 2.0<br \/>\t\t\t&#8211; Soporte para tarjeta inteligente de Microsoft para Windows<br \/>\t\t\t&#8211; Cumplir con los requisitos del lector de tarjetas inteligentes WHQL de Microsoft<br \/>\t\t\t&#8211; Sistema operativo compatible Windows XP\/2000\/Vista\/7\/8\/10\/11<br \/>\t\t\t&#8211; Plug &amp; Play<br \/>\t\t\t&#8211; Cable USB: PVC de 1,5m<br \/>\t\t\t<strong>Dimensiones<\/strong><br \/>\t\t\t&#8211; 454 x 164 x 56 mm<\/td>\n<\/tr>\n<tr>\n<td valign=\"top\"><strong>Fecha de revisi&oacute;n<\/strong><\/td>\n<td>02-08-2024 por RTY<\/td>\n<\/tr>\n<\/table>\n","protected":false},"excerpt":{"rendered":"<p>Marca Ewent Modelo EW1539 Caracter&iacute;sticas &#8211; Teclado de seguridad inteligente con cable y con lector de tarjetas inteligentes integrado &#8211; Segura introducci&oacute;n del PIN (lector de clase 2) &#8211; Lector PC\/SC de smartcards &#8211; Protocolos: T=0, T=1, S=8, S=9, S=10 &#8211; Compatible con CCID &#8211; Lectura\/escritura de smartcards conformes con ISO 7816 &#8211; Dise&ntilde;o plano,&hellip;&nbsp;<a href=\"https:\/\/aivlisoft.net\/shop\/producto\/ewent-ew1539-soporte-suelo-con-ruedas-tv-37-a-70\/\" rel=\"bookmark\"><span class=\"screen-reader-text\">EWENT EW1539 Soporte suelo con ruedas tv 37&#8243; a 70&#8243;<\/span><\/a><\/p>\n","protected":false},"featured_media":3692,"template":"","meta":{"neve_meta_sidebar":"","neve_meta_container":"","neve_meta_enable_content_width":"","neve_meta_content_width":0,"neve_meta_title_alignment":"","neve_meta_author_avatar":"","neve_post_elements_order":"","neve_meta_disable_header":"","neve_meta_disable_footer":"","neve_meta_disable_title":""},"product_brand":[],"product_cat":[15],"product_tag":[1100],"class_list":{"0":"post-3691","1":"product","2":"type-product","3":"status-publish","4":"has-post-thumbnail","6":"product_cat-sin-categorizar","7":"product_tag-ew1539","9":"first","10":"instock","11":"taxable","12":"shipping-taxable","13":"purchasable","14":"product-type-simple"},"yoast_head":"<!-- This site is optimized with the Yoast SEO plugin v26.0 - https:\/\/yoast.com\/wordpress\/plugins\/seo\/ -->\n<title>EWENT EW1539 Soporte suelo con ruedas tv 37&quot; a 70&quot; - Aivlisoft Inform\u00e1tica<\/title>\n<meta name=\"robots\" content=\"index, follow, max-snippet:-1, max-image-preview:large, max-video-preview:-1\" \/>\n<link rel=\"canonical\" href=\"https:\/\/aivlisoft.net\/shop\/producto\/ewent-ew1539-soporte-suelo-con-ruedas-tv-37-a-70\/\" \/>\n<meta property=\"og:locale\" content=\"es_ES\" \/>\n<meta property=\"og:type\" content=\"article\" \/>\n<meta property=\"og:title\" content=\"EWENT EW1539 Soporte suelo con ruedas tv 37&quot; a 70&quot; - Aivlisoft Inform\u00e1tica\" \/>\n<meta property=\"og:description\" content=\"Marca Ewent Modelo EW1539 Caracter&iacute;sticas &#8211; Teclado de seguridad inteligente con cable y con lector de tarjetas inteligentes integrado &#8211; Segura introducci&oacute;n del PIN (lector de clase 2) &#8211; Lector PC\/SC de smartcards &#8211; Protocolos: T=0, T=1, S=8, S=9, S=10 &#8211; Compatible con CCID &#8211; Lectura\/escritura de smartcards conformes con ISO 7816 &#8211; Dise&ntilde;o plano,&hellip;&nbsp;EWENT EW1539 Soporte suelo con ruedas tv 37&#8243; a 70&#8243;\" \/>\n<meta property=\"og:url\" content=\"https:\/\/aivlisoft.net\/shop\/producto\/ewent-ew1539-soporte-suelo-con-ruedas-tv-37-a-70\/\" \/>\n<meta property=\"og:site_name\" content=\"Aivlisoft Inform\u00e1tica\" \/>\n<meta property=\"article:modified_time\" content=\"2025-01-14T10:08:34+00:00\" \/>\n<meta property=\"og:image\" content=\"https:\/\/aivlisoft.net\/shop\/wp-content\/uploads\/2025\/01\/AISATV0366_800-1.jpg\" \/>\n\t<meta property=\"og:image:width\" content=\"800\" \/>\n\t<meta property=\"og:image:height\" content=\"800\" \/>\n\t<meta property=\"og:image:type\" content=\"image\/jpeg\" \/>\n<meta name=\"twitter:card\" content=\"summary_large_image\" \/>\n<meta name=\"twitter:label1\" content=\"Tiempo de lectura\" \/>\n\t<meta name=\"twitter:data1\" content=\"1 minuto\" \/>\n<script type=\"application\/ld+json\" class=\"yoast-schema-graph\">{\"@context\":\"https:\/\/schema.org\",\"@graph\":[{\"@type\":\"WebPage\",\"@id\":\"https:\/\/aivlisoft.net\/shop\/producto\/ewent-ew1539-soporte-suelo-con-ruedas-tv-37-a-70\/\",\"url\":\"https:\/\/aivlisoft.net\/shop\/producto\/ewent-ew1539-soporte-suelo-con-ruedas-tv-37-a-70\/\",\"name\":\"EWENT EW1539 Soporte suelo con ruedas tv 37\\\" a 70\\\" - Aivlisoft Inform\u00e1tica\",\"isPartOf\":{\"@id\":\"https:\/\/aivlisoft.net\/shop\/#website\"},\"primaryImageOfPage\":{\"@id\":\"https:\/\/aivlisoft.net\/shop\/producto\/ewent-ew1539-soporte-suelo-con-ruedas-tv-37-a-70\/#primaryimage\"},\"image\":{\"@id\":\"https:\/\/aivlisoft.net\/shop\/producto\/ewent-ew1539-soporte-suelo-con-ruedas-tv-37-a-70\/#primaryimage\"},\"thumbnailUrl\":\"https:\/\/aivlisoft.net\/shop\/wp-content\/uploads\/2025\/01\/AISATV0366_800-1.jpg\",\"datePublished\":\"2025-01-13T13:15:55+00:00\",\"dateModified\":\"2025-01-14T10:08:34+00:00\",\"breadcrumb\":{\"@id\":\"https:\/\/aivlisoft.net\/shop\/producto\/ewent-ew1539-soporte-suelo-con-ruedas-tv-37-a-70\/#breadcrumb\"},\"inLanguage\":\"es\",\"potentialAction\":[{\"@type\":\"ReadAction\",\"target\":[\"https:\/\/aivlisoft.net\/shop\/producto\/ewent-ew1539-soporte-suelo-con-ruedas-tv-37-a-70\/\"]}]},{\"@type\":\"ImageObject\",\"inLanguage\":\"es\",\"@id\":\"https:\/\/aivlisoft.net\/shop\/producto\/ewent-ew1539-soporte-suelo-con-ruedas-tv-37-a-70\/#primaryimage\",\"url\":\"https:\/\/aivlisoft.net\/shop\/wp-content\/uploads\/2025\/01\/AISATV0366_800-1.jpg\",\"contentUrl\":\"https:\/\/aivlisoft.net\/shop\/wp-content\/uploads\/2025\/01\/AISATV0366_800-1.jpg\",\"width\":800,\"height\":800},{\"@type\":\"BreadcrumbList\",\"@id\":\"https:\/\/aivlisoft.net\/shop\/producto\/ewent-ew1539-soporte-suelo-con-ruedas-tv-37-a-70\/#breadcrumb\",\"itemListElement\":[{\"@type\":\"ListItem\",\"position\":1,\"name\":\"Portada\",\"item\":\"https:\/\/aivlisoft.net\/shop\/\"},{\"@type\":\"ListItem\",\"position\":2,\"name\":\"Tienda\",\"item\":\"https:\/\/aivlisoft.net\/shop\/tienda\/\"},{\"@type\":\"ListItem\",\"position\":3,\"name\":\"EWENT EW1539 Soporte suelo con ruedas tv 37&#8243; a 70&#8243;\"}]},{\"@type\":\"WebSite\",\"@id\":\"https:\/\/aivlisoft.net\/shop\/#website\",\"url\":\"https:\/\/aivlisoft.net\/shop\/\",\"name\":\"Aivlisoft Inform\u00e1tica\",\"description\":\"En Aivlisoft Inform\u00e1tica ofrecemos soluciones tecnol\u00f3gicas para empresas: venta de ordenadores, consumibles, perif\u00e9ricos y m\u00e1s. Calidad, atenci\u00f3n personalizada y los mejores precios para tu negocio.\",\"publisher\":{\"@id\":\"https:\/\/aivlisoft.net\/shop\/#organization\"},\"potentialAction\":[{\"@type\":\"SearchAction\",\"target\":{\"@type\":\"EntryPoint\",\"urlTemplate\":\"https:\/\/aivlisoft.net\/shop\/?s={search_term_string}\"},\"query-input\":{\"@type\":\"PropertyValueSpecification\",\"valueRequired\":true,\"valueName\":\"search_term_string\"}}],\"inLanguage\":\"es\"},{\"@type\":\"Organization\",\"@id\":\"https:\/\/aivlisoft.net\/shop\/#organization\",\"name\":\"Aivlisoft Inform\u00e1tica\",\"url\":\"https:\/\/aivlisoft.net\/shop\/\",\"logo\":{\"@type\":\"ImageObject\",\"inLanguage\":\"es\",\"@id\":\"https:\/\/aivlisoft.net\/shop\/#\/schema\/logo\/image\/\",\"url\":\"https:\/\/aivlisoft.net\/shop\/wp-content\/uploads\/2024\/12\/removal.ai_5b848c54-0cdf-4140-95c5-c5536bb7573b-logodef.png\",\"contentUrl\":\"https:\/\/aivlisoft.net\/shop\/wp-content\/uploads\/2024\/12\/removal.ai_5b848c54-0cdf-4140-95c5-c5536bb7573b-logodef.png\",\"width\":484,\"height\":182,\"caption\":\"Aivlisoft Inform\u00e1tica\"},\"image\":{\"@id\":\"https:\/\/aivlisoft.net\/shop\/#\/schema\/logo\/image\/\"}}]}<\/script>\n<!-- \/ Yoast SEO plugin. -->","yoast_head_json":{"title":"EWENT EW1539 Soporte suelo con ruedas tv 37\" a 70\" - Aivlisoft Inform\u00e1tica","robots":{"index":"index","follow":"follow","max-snippet":"max-snippet:-1","max-image-preview":"max-image-preview:large","max-video-preview":"max-video-preview:-1"},"canonical":"https:\/\/aivlisoft.net\/shop\/producto\/ewent-ew1539-soporte-suelo-con-ruedas-tv-37-a-70\/","og_locale":"es_ES","og_type":"article","og_title":"EWENT EW1539 Soporte suelo con ruedas tv 37\" a 70\" - Aivlisoft Inform\u00e1tica","og_description":"Marca Ewent Modelo EW1539 Caracter&iacute;sticas &#8211; Teclado de seguridad inteligente con cable y con lector de tarjetas inteligentes integrado &#8211; Segura introducci&oacute;n del PIN (lector de clase 2) &#8211; Lector PC\/SC de smartcards &#8211; Protocolos: T=0, T=1, S=8, S=9, S=10 &#8211; Compatible con CCID &#8211; Lectura\/escritura de smartcards conformes con ISO 7816 &#8211; Dise&ntilde;o plano,&hellip;&nbsp;EWENT EW1539 Soporte suelo con ruedas tv 37&#8243; a 70&#8243;","og_url":"https:\/\/aivlisoft.net\/shop\/producto\/ewent-ew1539-soporte-suelo-con-ruedas-tv-37-a-70\/","og_site_name":"Aivlisoft Inform\u00e1tica","article_modified_time":"2025-01-14T10:08:34+00:00","og_image":[{"width":800,"height":800,"url":"https:\/\/aivlisoft.net\/shop\/wp-content\/uploads\/2025\/01\/AISATV0366_800-1.jpg","type":"image\/jpeg"}],"twitter_card":"summary_large_image","twitter_misc":{"Tiempo de lectura":"1 minuto"},"schema":{"@context":"https:\/\/schema.org","@graph":[{"@type":"WebPage","@id":"https:\/\/aivlisoft.net\/shop\/producto\/ewent-ew1539-soporte-suelo-con-ruedas-tv-37-a-70\/","url":"https:\/\/aivlisoft.net\/shop\/producto\/ewent-ew1539-soporte-suelo-con-ruedas-tv-37-a-70\/","name":"EWENT EW1539 Soporte suelo con ruedas tv 37\" a 70\" - Aivlisoft Inform\u00e1tica","isPartOf":{"@id":"https:\/\/aivlisoft.net\/shop\/#website"},"primaryImageOfPage":{"@id":"https:\/\/aivlisoft.net\/shop\/producto\/ewent-ew1539-soporte-suelo-con-ruedas-tv-37-a-70\/#primaryimage"},"image":{"@id":"https:\/\/aivlisoft.net\/shop\/producto\/ewent-ew1539-soporte-suelo-con-ruedas-tv-37-a-70\/#primaryimage"},"thumbnailUrl":"https:\/\/aivlisoft.net\/shop\/wp-content\/uploads\/2025\/01\/AISATV0366_800-1.jpg","datePublished":"2025-01-13T13:15:55+00:00","dateModified":"2025-01-14T10:08:34+00:00","breadcrumb":{"@id":"https:\/\/aivlisoft.net\/shop\/producto\/ewent-ew1539-soporte-suelo-con-ruedas-tv-37-a-70\/#breadcrumb"},"inLanguage":"es","potentialAction":[{"@type":"ReadAction","target":["https:\/\/aivlisoft.net\/shop\/producto\/ewent-ew1539-soporte-suelo-con-ruedas-tv-37-a-70\/"]}]},{"@type":"ImageObject","inLanguage":"es","@id":"https:\/\/aivlisoft.net\/shop\/producto\/ewent-ew1539-soporte-suelo-con-ruedas-tv-37-a-70\/#primaryimage","url":"https:\/\/aivlisoft.net\/shop\/wp-content\/uploads\/2025\/01\/AISATV0366_800-1.jpg","contentUrl":"https:\/\/aivlisoft.net\/shop\/wp-content\/uploads\/2025\/01\/AISATV0366_800-1.jpg","width":800,"height":800},{"@type":"BreadcrumbList","@id":"https:\/\/aivlisoft.net\/shop\/producto\/ewent-ew1539-soporte-suelo-con-ruedas-tv-37-a-70\/#breadcrumb","itemListElement":[{"@type":"ListItem","position":1,"name":"Portada","item":"https:\/\/aivlisoft.net\/shop\/"},{"@type":"ListItem","position":2,"name":"Tienda","item":"https:\/\/aivlisoft.net\/shop\/tienda\/"},{"@type":"ListItem","position":3,"name":"EWENT EW1539 Soporte suelo con ruedas tv 37&#8243; a 70&#8243;"}]},{"@type":"WebSite","@id":"https:\/\/aivlisoft.net\/shop\/#website","url":"https:\/\/aivlisoft.net\/shop\/","name":"Aivlisoft Inform\u00e1tica","description":"En Aivlisoft Inform\u00e1tica ofrecemos soluciones tecnol\u00f3gicas para empresas: venta de ordenadores, consumibles, perif\u00e9ricos y m\u00e1s. Calidad, atenci\u00f3n personalizada y los mejores precios para tu negocio.","publisher":{"@id":"https:\/\/aivlisoft.net\/shop\/#organization"},"potentialAction":[{"@type":"SearchAction","target":{"@type":"EntryPoint","urlTemplate":"https:\/\/aivlisoft.net\/shop\/?s={search_term_string}"},"query-input":{"@type":"PropertyValueSpecification","valueRequired":true,"valueName":"search_term_string"}}],"inLanguage":"es"},{"@type":"Organization","@id":"https:\/\/aivlisoft.net\/shop\/#organization","name":"Aivlisoft Inform\u00e1tica","url":"https:\/\/aivlisoft.net\/shop\/","logo":{"@type":"ImageObject","inLanguage":"es","@id":"https:\/\/aivlisoft.net\/shop\/#\/schema\/logo\/image\/","url":"https:\/\/aivlisoft.net\/shop\/wp-content\/uploads\/2024\/12\/removal.ai_5b848c54-0cdf-4140-95c5-c5536bb7573b-logodef.png","contentUrl":"https:\/\/aivlisoft.net\/shop\/wp-content\/uploads\/2024\/12\/removal.ai_5b848c54-0cdf-4140-95c5-c5536bb7573b-logodef.png","width":484,"height":182,"caption":"Aivlisoft Inform\u00e1tica"},"image":{"@id":"https:\/\/aivlisoft.net\/shop\/#\/schema\/logo\/image\/"}}]}},"_links":{"self":[{"href":"https:\/\/aivlisoft.net\/shop\/wp-json\/wp\/v2\/product\/3691","targetHints":{"allow":["GET"]}}],"collection":[{"href":"https:\/\/aivlisoft.net\/shop\/wp-json\/wp\/v2\/product"}],"about":[{"href":"https:\/\/aivlisoft.net\/shop\/wp-json\/wp\/v2\/types\/product"}],"wp:featuredmedia":[{"embeddable":true,"href":"https:\/\/aivlisoft.net\/shop\/wp-json\/wp\/v2\/media\/3692"}],"wp:attachment":[{"href":"https:\/\/aivlisoft.net\/shop\/wp-json\/wp\/v2\/media?parent=3691"}],"wp:term":[{"taxonomy":"product_brand","embeddable":true,"href":"https:\/\/aivlisoft.net\/shop\/wp-json\/wp\/v2\/product_brand?post=3691"},{"taxonomy":"product_cat","embeddable":true,"href":"https:\/\/aivlisoft.net\/shop\/wp-json\/wp\/v2\/product_cat?post=3691"},{"taxonomy":"product_tag","embeddable":true,"href":"https:\/\/aivlisoft.net\/shop\/wp-json\/wp\/v2\/product_tag?post=3691"}],"curies":[{"name":"wp","href":"https:\/\/api.w.org\/{rel}","templated":true}]}}