{"id":3686,"date":"2025-01-13T13:15:54","date_gmt":"2025-01-13T13:15:54","guid":{"rendered":"https:\/\/aivlisoft.com\/?post_type=product&#038;p=3686"},"modified":"2025-01-14T10:08:33","modified_gmt":"2025-01-14T10:08:33","slug":"iggual-goliat-soporte-tv-con-ruedas-37-100-150kg","status":"publish","type":"product","link":"https:\/\/aivlisoft.net\/shop\/producto\/iggual-goliat-soporte-tv-con-ruedas-37-100-150kg\/","title":{"rendered":"iggual GOLIAT Soporte TV con ruedas 37&#8243;-100&#8243; 150kg"},"content":{"rendered":"<p><\/p>\n<table class=\"tabla_caracteristicas\" width=\"100%\">\n<tr>\n<td valign=\"top\"><strong>Marca<\/strong><\/td>\n<td>iggual<\/td>\n<\/tr>\n<tr>\n<td valign=\"top\"><strong>Modelo<\/strong><\/td>\n<td><strong>IGG319093<\/strong><\/td>\n<\/tr>\n<tr>\n<td valign=\"top\"><strong>Caracter&iacute;sticas<\/strong><\/td>\n<td>&#8211; Soporte de suelo con 4 ruedas (2 con freno)<br \/>\t\t\t&#8211; Soporte fijo (sin &aacute;ngulos)<br \/>\t\t\t&#8211; Pantalla \/ TV soportado: 37&#8243;-100&#8243;<br \/>\t\t\t&#8211; VESA: 200&#215;200, 300&#215;200, 400&#215;200, 300&#215;300, 400&#215;300, 400&#215;400, 500&#215;400, 500&#215;500, 500&#215;600, 600&#215;400, 800&#215;400, 800&#215;600<br \/>\t\t\t&#8211; Peso m&aacute;ximo soportado de pantalla \/ TV: 150 kg<br \/>\t\t\t&#8211; Bandeja multiusos de 55,4 x 44,8 cm<br \/>\t\t\t&#8211; Peso m&aacute;ximo soportado (bandeja): 20 kg<br \/>\t\t\t&#8211; Altura pantalla \/ TV ajustable (2 posiciones): 138 o 153 cm (a centro de TV)<br \/>\t\t\t&#8211; Medidas (montado): 77,5 (ancho) x 67,5 (profundo) x 184,8 (alto) cm<br \/>\t\t\t&#8211; Peso neto: 35,40 kg<br \/>\t\t\t&#8211; Peso bruto: 39,60 kg<br \/>\t\t\t&#8211; Color: negro<br \/>\t\t\t&#8211; Incluye manual, torniller&iacute;a e instrucciones de instalaci&oacute;n<br \/>\t\t\t&#8211; Cumple especificaciones RoHS<br \/>\t\t\t<strong>NOTA: <\/strong>este soporte viene separado en 2 bultos (IGG319123+IGG319116)<br \/>\t\t\t&#8211; Medidas embalaje estructura (1 de 2): 153 x 56,5 x 11 cm<br \/>\t\t\t&#8211; Medidas embalaje bandejas (2 de 2): 90,5 x 77 x 9 cm<\/td>\n<\/tr>\n<tr>\n<td valign=\"top\"><strong>Fecha de revisi&oacute;n<\/strong><\/td>\n<td>05-09-2024 por RTY<\/td>\n<\/tr>\n<\/table>\n","protected":false},"excerpt":{"rendered":"<p>Marca iggual Modelo IGG319093 Caracter&iacute;sticas &#8211; Soporte de suelo con 4 ruedas (2 con freno) &#8211; Soporte fijo (sin &aacute;ngulos) &#8211; Pantalla \/ TV soportado: 37&#8243;-100&#8243; &#8211; VESA: 200&#215;200, 300&#215;200, 400&#215;200, 300&#215;300, 400&#215;300, 400&#215;400, 500&#215;400, 500&#215;500, 500&#215;600, 600&#215;400, 800&#215;400, 800&#215;600 &#8211; Peso m&aacute;ximo soportado de pantalla \/ TV: 150 kg &#8211; Bandeja multiusos de 55,4&hellip;&nbsp;<a href=\"https:\/\/aivlisoft.net\/shop\/producto\/iggual-goliat-soporte-tv-con-ruedas-37-100-150kg\/\" rel=\"bookmark\"><span class=\"screen-reader-text\">iggual GOLIAT Soporte TV con ruedas 37&#8243;-100&#8243; 150kg<\/span><\/a><\/p>\n","protected":false},"featured_media":3687,"template":"","meta":{"neve_meta_sidebar":"","neve_meta_container":"","neve_meta_enable_content_width":"","neve_meta_content_width":0,"neve_meta_title_alignment":"","neve_meta_author_avatar":"","neve_post_elements_order":"","neve_meta_disable_header":"","neve_meta_disable_footer":"","neve_meta_disable_title":""},"product_brand":[],"product_cat":[15],"product_tag":[1099],"class_list":{"0":"post-3686","1":"product","2":"type-product","3":"status-publish","4":"has-post-thumbnail","6":"product_cat-sin-categorizar","7":"product_tag-igg319093","9":"first","10":"instock","11":"taxable","12":"shipping-taxable","13":"purchasable","14":"product-type-simple"},"yoast_head":"<!-- This site is optimized with the Yoast SEO plugin v26.0 - https:\/\/yoast.com\/wordpress\/plugins\/seo\/ -->\n<title>iggual GOLIAT Soporte TV con ruedas 37&quot;-100&quot; 150kg - Aivlisoft Inform\u00e1tica<\/title>\n<meta name=\"robots\" content=\"index, follow, max-snippet:-1, max-image-preview:large, max-video-preview:-1\" \/>\n<link rel=\"canonical\" href=\"https:\/\/aivlisoft.net\/shop\/producto\/iggual-goliat-soporte-tv-con-ruedas-37-100-150kg\/\" \/>\n<meta property=\"og:locale\" content=\"es_ES\" \/>\n<meta property=\"og:type\" content=\"article\" \/>\n<meta property=\"og:title\" content=\"iggual GOLIAT Soporte TV con ruedas 37&quot;-100&quot; 150kg - Aivlisoft Inform\u00e1tica\" \/>\n<meta property=\"og:description\" content=\"Marca iggual Modelo IGG319093 Caracter&iacute;sticas &#8211; Soporte de suelo con 4 ruedas (2 con freno) &#8211; Soporte fijo (sin &aacute;ngulos) &#8211; Pantalla \/ TV soportado: 37&#8243;-100&#8243; &#8211; VESA: 200&#215;200, 300&#215;200, 400&#215;200, 300&#215;300, 400&#215;300, 400&#215;400, 500&#215;400, 500&#215;500, 500&#215;600, 600&#215;400, 800&#215;400, 800&#215;600 &#8211; Peso m&aacute;ximo soportado de pantalla \/ TV: 150 kg &#8211; Bandeja multiusos de 55,4&hellip;&nbsp;iggual GOLIAT Soporte TV con ruedas 37&#8243;-100&#8243; 150kg\" \/>\n<meta property=\"og:url\" content=\"https:\/\/aivlisoft.net\/shop\/producto\/iggual-goliat-soporte-tv-con-ruedas-37-100-150kg\/\" \/>\n<meta property=\"og:site_name\" content=\"Aivlisoft Inform\u00e1tica\" \/>\n<meta property=\"article:modified_time\" content=\"2025-01-14T10:08:33+00:00\" \/>\n<meta property=\"og:image\" content=\"https:\/\/aivlisoft.net\/shop\/wp-content\/uploads\/2025\/01\/AISATV0363_800-1.jpg\" \/>\n\t<meta property=\"og:image:width\" content=\"800\" \/>\n\t<meta property=\"og:image:height\" content=\"800\" \/>\n\t<meta property=\"og:image:type\" content=\"image\/jpeg\" \/>\n<meta name=\"twitter:card\" content=\"summary_large_image\" \/>\n<meta name=\"twitter:label1\" content=\"Tiempo de lectura\" \/>\n\t<meta name=\"twitter:data1\" content=\"1 minuto\" \/>\n<script type=\"application\/ld+json\" class=\"yoast-schema-graph\">{\"@context\":\"https:\/\/schema.org\",\"@graph\":[{\"@type\":\"WebPage\",\"@id\":\"https:\/\/aivlisoft.net\/shop\/producto\/iggual-goliat-soporte-tv-con-ruedas-37-100-150kg\/\",\"url\":\"https:\/\/aivlisoft.net\/shop\/producto\/iggual-goliat-soporte-tv-con-ruedas-37-100-150kg\/\",\"name\":\"iggual GOLIAT Soporte TV con ruedas 37\\\"-100\\\" 150kg - Aivlisoft Inform\u00e1tica\",\"isPartOf\":{\"@id\":\"https:\/\/aivlisoft.net\/shop\/#website\"},\"primaryImageOfPage\":{\"@id\":\"https:\/\/aivlisoft.net\/shop\/producto\/iggual-goliat-soporte-tv-con-ruedas-37-100-150kg\/#primaryimage\"},\"image\":{\"@id\":\"https:\/\/aivlisoft.net\/shop\/producto\/iggual-goliat-soporte-tv-con-ruedas-37-100-150kg\/#primaryimage\"},\"thumbnailUrl\":\"https:\/\/aivlisoft.net\/shop\/wp-content\/uploads\/2025\/01\/AISATV0363_800-1.jpg\",\"datePublished\":\"2025-01-13T13:15:54+00:00\",\"dateModified\":\"2025-01-14T10:08:33+00:00\",\"breadcrumb\":{\"@id\":\"https:\/\/aivlisoft.net\/shop\/producto\/iggual-goliat-soporte-tv-con-ruedas-37-100-150kg\/#breadcrumb\"},\"inLanguage\":\"es\",\"potentialAction\":[{\"@type\":\"ReadAction\",\"target\":[\"https:\/\/aivlisoft.net\/shop\/producto\/iggual-goliat-soporte-tv-con-ruedas-37-100-150kg\/\"]}]},{\"@type\":\"ImageObject\",\"inLanguage\":\"es\",\"@id\":\"https:\/\/aivlisoft.net\/shop\/producto\/iggual-goliat-soporte-tv-con-ruedas-37-100-150kg\/#primaryimage\",\"url\":\"https:\/\/aivlisoft.net\/shop\/wp-content\/uploads\/2025\/01\/AISATV0363_800-1.jpg\",\"contentUrl\":\"https:\/\/aivlisoft.net\/shop\/wp-content\/uploads\/2025\/01\/AISATV0363_800-1.jpg\",\"width\":800,\"height\":800},{\"@type\":\"BreadcrumbList\",\"@id\":\"https:\/\/aivlisoft.net\/shop\/producto\/iggual-goliat-soporte-tv-con-ruedas-37-100-150kg\/#breadcrumb\",\"itemListElement\":[{\"@type\":\"ListItem\",\"position\":1,\"name\":\"Portada\",\"item\":\"https:\/\/aivlisoft.net\/shop\/\"},{\"@type\":\"ListItem\",\"position\":2,\"name\":\"Tienda\",\"item\":\"https:\/\/aivlisoft.net\/shop\/tienda\/\"},{\"@type\":\"ListItem\",\"position\":3,\"name\":\"iggual GOLIAT Soporte TV con ruedas 37&#8243;-100&#8243; 150kg\"}]},{\"@type\":\"WebSite\",\"@id\":\"https:\/\/aivlisoft.net\/shop\/#website\",\"url\":\"https:\/\/aivlisoft.net\/shop\/\",\"name\":\"Aivlisoft Inform\u00e1tica\",\"description\":\"En Aivlisoft Inform\u00e1tica ofrecemos soluciones tecnol\u00f3gicas para empresas: venta de ordenadores, consumibles, perif\u00e9ricos y m\u00e1s. Calidad, atenci\u00f3n personalizada y los mejores precios para tu negocio.\",\"publisher\":{\"@id\":\"https:\/\/aivlisoft.net\/shop\/#organization\"},\"potentialAction\":[{\"@type\":\"SearchAction\",\"target\":{\"@type\":\"EntryPoint\",\"urlTemplate\":\"https:\/\/aivlisoft.net\/shop\/?s={search_term_string}\"},\"query-input\":{\"@type\":\"PropertyValueSpecification\",\"valueRequired\":true,\"valueName\":\"search_term_string\"}}],\"inLanguage\":\"es\"},{\"@type\":\"Organization\",\"@id\":\"https:\/\/aivlisoft.net\/shop\/#organization\",\"name\":\"Aivlisoft Inform\u00e1tica\",\"url\":\"https:\/\/aivlisoft.net\/shop\/\",\"logo\":{\"@type\":\"ImageObject\",\"inLanguage\":\"es\",\"@id\":\"https:\/\/aivlisoft.net\/shop\/#\/schema\/logo\/image\/\",\"url\":\"https:\/\/aivlisoft.net\/shop\/wp-content\/uploads\/2024\/12\/removal.ai_5b848c54-0cdf-4140-95c5-c5536bb7573b-logodef.png\",\"contentUrl\":\"https:\/\/aivlisoft.net\/shop\/wp-content\/uploads\/2024\/12\/removal.ai_5b848c54-0cdf-4140-95c5-c5536bb7573b-logodef.png\",\"width\":484,\"height\":182,\"caption\":\"Aivlisoft Inform\u00e1tica\"},\"image\":{\"@id\":\"https:\/\/aivlisoft.net\/shop\/#\/schema\/logo\/image\/\"}}]}<\/script>\n<!-- \/ Yoast SEO plugin. -->","yoast_head_json":{"title":"iggual GOLIAT Soporte TV con ruedas 37\"-100\" 150kg - Aivlisoft Inform\u00e1tica","robots":{"index":"index","follow":"follow","max-snippet":"max-snippet:-1","max-image-preview":"max-image-preview:large","max-video-preview":"max-video-preview:-1"},"canonical":"https:\/\/aivlisoft.net\/shop\/producto\/iggual-goliat-soporte-tv-con-ruedas-37-100-150kg\/","og_locale":"es_ES","og_type":"article","og_title":"iggual GOLIAT Soporte TV con ruedas 37\"-100\" 150kg - Aivlisoft Inform\u00e1tica","og_description":"Marca iggual Modelo IGG319093 Caracter&iacute;sticas &#8211; Soporte de suelo con 4 ruedas (2 con freno) &#8211; Soporte fijo (sin &aacute;ngulos) &#8211; Pantalla \/ TV soportado: 37&#8243;-100&#8243; &#8211; VESA: 200&#215;200, 300&#215;200, 400&#215;200, 300&#215;300, 400&#215;300, 400&#215;400, 500&#215;400, 500&#215;500, 500&#215;600, 600&#215;400, 800&#215;400, 800&#215;600 &#8211; Peso m&aacute;ximo soportado de pantalla \/ TV: 150 kg &#8211; Bandeja multiusos de 55,4&hellip;&nbsp;iggual GOLIAT Soporte TV con ruedas 37&#8243;-100&#8243; 150kg","og_url":"https:\/\/aivlisoft.net\/shop\/producto\/iggual-goliat-soporte-tv-con-ruedas-37-100-150kg\/","og_site_name":"Aivlisoft Inform\u00e1tica","article_modified_time":"2025-01-14T10:08:33+00:00","og_image":[{"width":800,"height":800,"url":"https:\/\/aivlisoft.net\/shop\/wp-content\/uploads\/2025\/01\/AISATV0363_800-1.jpg","type":"image\/jpeg"}],"twitter_card":"summary_large_image","twitter_misc":{"Tiempo de lectura":"1 minuto"},"schema":{"@context":"https:\/\/schema.org","@graph":[{"@type":"WebPage","@id":"https:\/\/aivlisoft.net\/shop\/producto\/iggual-goliat-soporte-tv-con-ruedas-37-100-150kg\/","url":"https:\/\/aivlisoft.net\/shop\/producto\/iggual-goliat-soporte-tv-con-ruedas-37-100-150kg\/","name":"iggual GOLIAT Soporte TV con ruedas 37\"-100\" 150kg - Aivlisoft Inform\u00e1tica","isPartOf":{"@id":"https:\/\/aivlisoft.net\/shop\/#website"},"primaryImageOfPage":{"@id":"https:\/\/aivlisoft.net\/shop\/producto\/iggual-goliat-soporte-tv-con-ruedas-37-100-150kg\/#primaryimage"},"image":{"@id":"https:\/\/aivlisoft.net\/shop\/producto\/iggual-goliat-soporte-tv-con-ruedas-37-100-150kg\/#primaryimage"},"thumbnailUrl":"https:\/\/aivlisoft.net\/shop\/wp-content\/uploads\/2025\/01\/AISATV0363_800-1.jpg","datePublished":"2025-01-13T13:15:54+00:00","dateModified":"2025-01-14T10:08:33+00:00","breadcrumb":{"@id":"https:\/\/aivlisoft.net\/shop\/producto\/iggual-goliat-soporte-tv-con-ruedas-37-100-150kg\/#breadcrumb"},"inLanguage":"es","potentialAction":[{"@type":"ReadAction","target":["https:\/\/aivlisoft.net\/shop\/producto\/iggual-goliat-soporte-tv-con-ruedas-37-100-150kg\/"]}]},{"@type":"ImageObject","inLanguage":"es","@id":"https:\/\/aivlisoft.net\/shop\/producto\/iggual-goliat-soporte-tv-con-ruedas-37-100-150kg\/#primaryimage","url":"https:\/\/aivlisoft.net\/shop\/wp-content\/uploads\/2025\/01\/AISATV0363_800-1.jpg","contentUrl":"https:\/\/aivlisoft.net\/shop\/wp-content\/uploads\/2025\/01\/AISATV0363_800-1.jpg","width":800,"height":800},{"@type":"BreadcrumbList","@id":"https:\/\/aivlisoft.net\/shop\/producto\/iggual-goliat-soporte-tv-con-ruedas-37-100-150kg\/#breadcrumb","itemListElement":[{"@type":"ListItem","position":1,"name":"Portada","item":"https:\/\/aivlisoft.net\/shop\/"},{"@type":"ListItem","position":2,"name":"Tienda","item":"https:\/\/aivlisoft.net\/shop\/tienda\/"},{"@type":"ListItem","position":3,"name":"iggual GOLIAT Soporte TV con ruedas 37&#8243;-100&#8243; 150kg"}]},{"@type":"WebSite","@id":"https:\/\/aivlisoft.net\/shop\/#website","url":"https:\/\/aivlisoft.net\/shop\/","name":"Aivlisoft Inform\u00e1tica","description":"En Aivlisoft Inform\u00e1tica ofrecemos soluciones tecnol\u00f3gicas para empresas: venta de ordenadores, consumibles, perif\u00e9ricos y m\u00e1s. Calidad, atenci\u00f3n personalizada y los mejores precios para tu negocio.","publisher":{"@id":"https:\/\/aivlisoft.net\/shop\/#organization"},"potentialAction":[{"@type":"SearchAction","target":{"@type":"EntryPoint","urlTemplate":"https:\/\/aivlisoft.net\/shop\/?s={search_term_string}"},"query-input":{"@type":"PropertyValueSpecification","valueRequired":true,"valueName":"search_term_string"}}],"inLanguage":"es"},{"@type":"Organization","@id":"https:\/\/aivlisoft.net\/shop\/#organization","name":"Aivlisoft Inform\u00e1tica","url":"https:\/\/aivlisoft.net\/shop\/","logo":{"@type":"ImageObject","inLanguage":"es","@id":"https:\/\/aivlisoft.net\/shop\/#\/schema\/logo\/image\/","url":"https:\/\/aivlisoft.net\/shop\/wp-content\/uploads\/2024\/12\/removal.ai_5b848c54-0cdf-4140-95c5-c5536bb7573b-logodef.png","contentUrl":"https:\/\/aivlisoft.net\/shop\/wp-content\/uploads\/2024\/12\/removal.ai_5b848c54-0cdf-4140-95c5-c5536bb7573b-logodef.png","width":484,"height":182,"caption":"Aivlisoft Inform\u00e1tica"},"image":{"@id":"https:\/\/aivlisoft.net\/shop\/#\/schema\/logo\/image\/"}}]}},"_links":{"self":[{"href":"https:\/\/aivlisoft.net\/shop\/wp-json\/wp\/v2\/product\/3686","targetHints":{"allow":["GET"]}}],"collection":[{"href":"https:\/\/aivlisoft.net\/shop\/wp-json\/wp\/v2\/product"}],"about":[{"href":"https:\/\/aivlisoft.net\/shop\/wp-json\/wp\/v2\/types\/product"}],"wp:featuredmedia":[{"embeddable":true,"href":"https:\/\/aivlisoft.net\/shop\/wp-json\/wp\/v2\/media\/3687"}],"wp:attachment":[{"href":"https:\/\/aivlisoft.net\/shop\/wp-json\/wp\/v2\/media?parent=3686"}],"wp:term":[{"taxonomy":"product_brand","embeddable":true,"href":"https:\/\/aivlisoft.net\/shop\/wp-json\/wp\/v2\/product_brand?post=3686"},{"taxonomy":"product_cat","embeddable":true,"href":"https:\/\/aivlisoft.net\/shop\/wp-json\/wp\/v2\/product_cat?post=3686"},{"taxonomy":"product_tag","embeddable":true,"href":"https:\/\/aivlisoft.net\/shop\/wp-json\/wp\/v2\/product_tag?post=3686"}],"curies":[{"name":"wp","href":"https:\/\/api.w.org\/{rel}","templated":true}]}}