{"id":3681,"date":"2025-01-13T13:15:49","date_gmt":"2025-01-13T13:15:49","guid":{"rendered":"https:\/\/aivlisoft.com\/?post_type=product&#038;p=3681"},"modified":"2025-01-14T10:08:29","modified_gmt":"2025-01-14T10:08:29","slug":"iggual-em2c-elevador-monitor-2-cajones-negro","status":"publish","type":"product","link":"https:\/\/aivlisoft.net\/shop\/producto\/iggual-em2c-elevador-monitor-2-cajones-negro\/","title":{"rendered":"iggual EM2C Elevador monitor 2 cajones negro"},"content":{"rendered":"<p>Eleva tu monitor, mejora el visionado, minimiza esos dolores de cuello, hombros y espalda, y organiza mejor tu espacio de trabajo con el elevador de monitor de dos cajones EM2C de iggual.<br \/>El EM2C est&aacute; fabricado en pl&aacute;stico de alta resistencia, soporta hasta 30 kg de peso y tiene una superficie de apoyo de 45,7 x 33 cm. Cuenta con una ranura frontal para colocar una tablet o un m&oacute;vil, dos huecos laterales para colocar objetos de peque&ntilde;o tama&ntilde;o como por ejemplo clips, grapas o gomas, dos gavetas laterales que a&ntilde;aden un hueco extra para l&aacute;pices, rotuladores, bol&iacute;grafos, subrayadores o tijeras, y por supuesto, dos cajones frontales para tus documentos, folios y papeles.<br \/>Adem&aacute;s, es tremendamente vers&aacute;til, ya que podr&aacute;s montarlo f&aacute;cilmente con un &uacute;nico caj&oacute;n o con los dos cajones, con, o sin patas. Tu monitor ganar&aacute; una altura extra m&iacute;nima de 11 cm y una m&aacute;xima de 17 cm.<br \/>Consigue comodidad extra para tus ojos, mejora la organizaci&oacute;n y gana espacio extra en tu lugar de trabajo y alcanza un mayor rendimiento en tu d&iacute;a a d&iacute;a con el elevador de iggual EM2C.<\/p>\n<table class=\"tabla_caracteristicas\" width=\"100%\">\n<tr>\n<td valign=\"top\"><strong>Marca<\/strong><\/td>\n<td><strong>iggual<\/strong><\/td>\n<\/tr>\n<tr>\n<td valign=\"top\"><strong>Modelo<\/strong><\/td>\n<td>IGG318850<\/td>\n<\/tr>\n<tr>\n<td valign=\"top\"><strong>Caracter&iacute;sticas<\/strong><\/td>\n<td>&#8211; Soporte elevador de monitor con patas<br \/>\t\t\t&#8211; Elevable<br \/>\t\t\t&#8211; Ranura delantera para tablet y m&oacute;vil<br \/>\t\t\t&#8211; 2 cajones frontales<br \/>\t\t\t&#8211; 2 huecos laterales<br \/>\t\t\t&#8211; 2 gavetas laterales extra<br \/>\t\t\t&#8211; 4 separadores internos<br \/>\t\t\t&#8211; Peso m&aacute;ximo soportado: 30 kg<br \/>\t\t\t&#8211; Altura m&iacute;nima: 13 cm<br \/>\t\t\t&#8211; Altura m&aacute;xima: 19 cm<br \/>\t\t\t&#8211; Superficie de apoyo: 45,7 x 33 cm<\/td>\n<\/tr>\n<tr>\n<td valign=\"top\"><strong>Montaje<\/strong><\/td>\n<td><a href=\"https:\/\/contenidos.infortisa.com\/resource\/2023\/iggual\/IGG318850-Instruction-manual.pdf\" rel=\"noopener nofollow noreferrer\" target=\"_blank\">Descarga PDF <\/a><\/td>\n<\/tr>\n<tr>\n<td valign=\"top\"><strong>Fecha de revisi&oacute;n<\/strong><\/td>\n<td>23-01-2024 por RTY<\/td>\n<\/tr>\n<\/table>\n","protected":false},"excerpt":{"rendered":"<p>Eleva tu monitor, mejora el visionado, minimiza esos dolores de cuello, hombros y espalda, y organiza mejor tu espacio de trabajo con el elevador de monitor de dos cajones EM2C de iggual.El EM2C est&aacute; fabricado en pl&aacute;stico de alta resistencia, soporta hasta 30 kg de peso y tiene una superficie de apoyo de 45,7 x&hellip;&nbsp;<a href=\"https:\/\/aivlisoft.net\/shop\/producto\/iggual-em2c-elevador-monitor-2-cajones-negro\/\" rel=\"bookmark\"><span class=\"screen-reader-text\">iggual EM2C Elevador monitor 2 cajones negro<\/span><\/a><\/p>\n","protected":false},"featured_media":3682,"template":"","meta":{"neve_meta_sidebar":"","neve_meta_container":"","neve_meta_enable_content_width":"","neve_meta_content_width":0,"neve_meta_title_alignment":"","neve_meta_author_avatar":"","neve_post_elements_order":"","neve_meta_disable_header":"","neve_meta_disable_footer":"","neve_meta_disable_title":""},"product_brand":[],"product_cat":[15],"product_tag":[1098],"class_list":{"0":"post-3681","1":"product","2":"type-product","3":"status-publish","4":"has-post-thumbnail","6":"product_cat-sin-categorizar","7":"product_tag-igg318850","9":"first","10":"instock","11":"taxable","12":"shipping-taxable","13":"purchasable","14":"product-type-simple"},"yoast_head":"<!-- This site is optimized with the Yoast SEO plugin v26.0 - https:\/\/yoast.com\/wordpress\/plugins\/seo\/ -->\n<title>iggual EM2C Elevador monitor 2 cajones negro - Aivlisoft Inform\u00e1tica<\/title>\n<meta name=\"robots\" content=\"index, follow, max-snippet:-1, max-image-preview:large, max-video-preview:-1\" \/>\n<link rel=\"canonical\" href=\"https:\/\/aivlisoft.net\/shop\/producto\/iggual-em2c-elevador-monitor-2-cajones-negro\/\" \/>\n<meta property=\"og:locale\" content=\"es_ES\" \/>\n<meta property=\"og:type\" content=\"article\" \/>\n<meta property=\"og:title\" content=\"iggual EM2C Elevador monitor 2 cajones negro - Aivlisoft Inform\u00e1tica\" \/>\n<meta property=\"og:description\" content=\"Eleva tu monitor, mejora el visionado, minimiza esos dolores de cuello, hombros y espalda, y organiza mejor tu espacio de trabajo con el elevador de monitor de dos cajones EM2C de iggual.El EM2C est&aacute; fabricado en pl&aacute;stico de alta resistencia, soporta hasta 30 kg de peso y tiene una superficie de apoyo de 45,7 x&hellip;&nbsp;iggual EM2C Elevador monitor 2 cajones negro\" \/>\n<meta property=\"og:url\" content=\"https:\/\/aivlisoft.net\/shop\/producto\/iggual-em2c-elevador-monitor-2-cajones-negro\/\" \/>\n<meta property=\"og:site_name\" content=\"Aivlisoft Inform\u00e1tica\" \/>\n<meta property=\"article:modified_time\" content=\"2025-01-14T10:08:29+00:00\" \/>\n<meta property=\"og:image\" content=\"https:\/\/aivlisoft.net\/shop\/wp-content\/uploads\/2025\/01\/AISATV0362_800-1.jpg\" \/>\n\t<meta property=\"og:image:width\" content=\"800\" \/>\n\t<meta property=\"og:image:height\" content=\"800\" \/>\n\t<meta property=\"og:image:type\" content=\"image\/jpeg\" \/>\n<meta name=\"twitter:card\" content=\"summary_large_image\" \/>\n<meta name=\"twitter:label1\" content=\"Tiempo de lectura\" \/>\n\t<meta name=\"twitter:data1\" content=\"1 minuto\" \/>\n<script type=\"application\/ld+json\" class=\"yoast-schema-graph\">{\"@context\":\"https:\/\/schema.org\",\"@graph\":[{\"@type\":\"WebPage\",\"@id\":\"https:\/\/aivlisoft.net\/shop\/producto\/iggual-em2c-elevador-monitor-2-cajones-negro\/\",\"url\":\"https:\/\/aivlisoft.net\/shop\/producto\/iggual-em2c-elevador-monitor-2-cajones-negro\/\",\"name\":\"iggual EM2C Elevador monitor 2 cajones negro - Aivlisoft Inform\u00e1tica\",\"isPartOf\":{\"@id\":\"https:\/\/aivlisoft.net\/shop\/#website\"},\"primaryImageOfPage\":{\"@id\":\"https:\/\/aivlisoft.net\/shop\/producto\/iggual-em2c-elevador-monitor-2-cajones-negro\/#primaryimage\"},\"image\":{\"@id\":\"https:\/\/aivlisoft.net\/shop\/producto\/iggual-em2c-elevador-monitor-2-cajones-negro\/#primaryimage\"},\"thumbnailUrl\":\"https:\/\/aivlisoft.net\/shop\/wp-content\/uploads\/2025\/01\/AISATV0362_800-1.jpg\",\"datePublished\":\"2025-01-13T13:15:49+00:00\",\"dateModified\":\"2025-01-14T10:08:29+00:00\",\"breadcrumb\":{\"@id\":\"https:\/\/aivlisoft.net\/shop\/producto\/iggual-em2c-elevador-monitor-2-cajones-negro\/#breadcrumb\"},\"inLanguage\":\"es\",\"potentialAction\":[{\"@type\":\"ReadAction\",\"target\":[\"https:\/\/aivlisoft.net\/shop\/producto\/iggual-em2c-elevador-monitor-2-cajones-negro\/\"]}]},{\"@type\":\"ImageObject\",\"inLanguage\":\"es\",\"@id\":\"https:\/\/aivlisoft.net\/shop\/producto\/iggual-em2c-elevador-monitor-2-cajones-negro\/#primaryimage\",\"url\":\"https:\/\/aivlisoft.net\/shop\/wp-content\/uploads\/2025\/01\/AISATV0362_800-1.jpg\",\"contentUrl\":\"https:\/\/aivlisoft.net\/shop\/wp-content\/uploads\/2025\/01\/AISATV0362_800-1.jpg\",\"width\":800,\"height\":800},{\"@type\":\"BreadcrumbList\",\"@id\":\"https:\/\/aivlisoft.net\/shop\/producto\/iggual-em2c-elevador-monitor-2-cajones-negro\/#breadcrumb\",\"itemListElement\":[{\"@type\":\"ListItem\",\"position\":1,\"name\":\"Portada\",\"item\":\"https:\/\/aivlisoft.net\/shop\/\"},{\"@type\":\"ListItem\",\"position\":2,\"name\":\"Tienda\",\"item\":\"https:\/\/aivlisoft.net\/shop\/tienda\/\"},{\"@type\":\"ListItem\",\"position\":3,\"name\":\"iggual EM2C Elevador monitor 2 cajones negro\"}]},{\"@type\":\"WebSite\",\"@id\":\"https:\/\/aivlisoft.net\/shop\/#website\",\"url\":\"https:\/\/aivlisoft.net\/shop\/\",\"name\":\"Aivlisoft Inform\u00e1tica\",\"description\":\"En Aivlisoft Inform\u00e1tica ofrecemos soluciones tecnol\u00f3gicas para empresas: venta de ordenadores, consumibles, perif\u00e9ricos y m\u00e1s. Calidad, atenci\u00f3n personalizada y los mejores precios para tu negocio.\",\"publisher\":{\"@id\":\"https:\/\/aivlisoft.net\/shop\/#organization\"},\"potentialAction\":[{\"@type\":\"SearchAction\",\"target\":{\"@type\":\"EntryPoint\",\"urlTemplate\":\"https:\/\/aivlisoft.net\/shop\/?s={search_term_string}\"},\"query-input\":{\"@type\":\"PropertyValueSpecification\",\"valueRequired\":true,\"valueName\":\"search_term_string\"}}],\"inLanguage\":\"es\"},{\"@type\":\"Organization\",\"@id\":\"https:\/\/aivlisoft.net\/shop\/#organization\",\"name\":\"Aivlisoft Inform\u00e1tica\",\"url\":\"https:\/\/aivlisoft.net\/shop\/\",\"logo\":{\"@type\":\"ImageObject\",\"inLanguage\":\"es\",\"@id\":\"https:\/\/aivlisoft.net\/shop\/#\/schema\/logo\/image\/\",\"url\":\"https:\/\/aivlisoft.net\/shop\/wp-content\/uploads\/2024\/12\/removal.ai_5b848c54-0cdf-4140-95c5-c5536bb7573b-logodef.png\",\"contentUrl\":\"https:\/\/aivlisoft.net\/shop\/wp-content\/uploads\/2024\/12\/removal.ai_5b848c54-0cdf-4140-95c5-c5536bb7573b-logodef.png\",\"width\":484,\"height\":182,\"caption\":\"Aivlisoft Inform\u00e1tica\"},\"image\":{\"@id\":\"https:\/\/aivlisoft.net\/shop\/#\/schema\/logo\/image\/\"}}]}<\/script>\n<!-- \/ Yoast SEO plugin. -->","yoast_head_json":{"title":"iggual EM2C Elevador monitor 2 cajones negro - Aivlisoft Inform\u00e1tica","robots":{"index":"index","follow":"follow","max-snippet":"max-snippet:-1","max-image-preview":"max-image-preview:large","max-video-preview":"max-video-preview:-1"},"canonical":"https:\/\/aivlisoft.net\/shop\/producto\/iggual-em2c-elevador-monitor-2-cajones-negro\/","og_locale":"es_ES","og_type":"article","og_title":"iggual EM2C Elevador monitor 2 cajones negro - Aivlisoft Inform\u00e1tica","og_description":"Eleva tu monitor, mejora el visionado, minimiza esos dolores de cuello, hombros y espalda, y organiza mejor tu espacio de trabajo con el elevador de monitor de dos cajones EM2C de iggual.El EM2C est&aacute; fabricado en pl&aacute;stico de alta resistencia, soporta hasta 30 kg de peso y tiene una superficie de apoyo de 45,7 x&hellip;&nbsp;iggual EM2C Elevador monitor 2 cajones negro","og_url":"https:\/\/aivlisoft.net\/shop\/producto\/iggual-em2c-elevador-monitor-2-cajones-negro\/","og_site_name":"Aivlisoft Inform\u00e1tica","article_modified_time":"2025-01-14T10:08:29+00:00","og_image":[{"width":800,"height":800,"url":"https:\/\/aivlisoft.net\/shop\/wp-content\/uploads\/2025\/01\/AISATV0362_800-1.jpg","type":"image\/jpeg"}],"twitter_card":"summary_large_image","twitter_misc":{"Tiempo de lectura":"1 minuto"},"schema":{"@context":"https:\/\/schema.org","@graph":[{"@type":"WebPage","@id":"https:\/\/aivlisoft.net\/shop\/producto\/iggual-em2c-elevador-monitor-2-cajones-negro\/","url":"https:\/\/aivlisoft.net\/shop\/producto\/iggual-em2c-elevador-monitor-2-cajones-negro\/","name":"iggual EM2C Elevador monitor 2 cajones negro - Aivlisoft Inform\u00e1tica","isPartOf":{"@id":"https:\/\/aivlisoft.net\/shop\/#website"},"primaryImageOfPage":{"@id":"https:\/\/aivlisoft.net\/shop\/producto\/iggual-em2c-elevador-monitor-2-cajones-negro\/#primaryimage"},"image":{"@id":"https:\/\/aivlisoft.net\/shop\/producto\/iggual-em2c-elevador-monitor-2-cajones-negro\/#primaryimage"},"thumbnailUrl":"https:\/\/aivlisoft.net\/shop\/wp-content\/uploads\/2025\/01\/AISATV0362_800-1.jpg","datePublished":"2025-01-13T13:15:49+00:00","dateModified":"2025-01-14T10:08:29+00:00","breadcrumb":{"@id":"https:\/\/aivlisoft.net\/shop\/producto\/iggual-em2c-elevador-monitor-2-cajones-negro\/#breadcrumb"},"inLanguage":"es","potentialAction":[{"@type":"ReadAction","target":["https:\/\/aivlisoft.net\/shop\/producto\/iggual-em2c-elevador-monitor-2-cajones-negro\/"]}]},{"@type":"ImageObject","inLanguage":"es","@id":"https:\/\/aivlisoft.net\/shop\/producto\/iggual-em2c-elevador-monitor-2-cajones-negro\/#primaryimage","url":"https:\/\/aivlisoft.net\/shop\/wp-content\/uploads\/2025\/01\/AISATV0362_800-1.jpg","contentUrl":"https:\/\/aivlisoft.net\/shop\/wp-content\/uploads\/2025\/01\/AISATV0362_800-1.jpg","width":800,"height":800},{"@type":"BreadcrumbList","@id":"https:\/\/aivlisoft.net\/shop\/producto\/iggual-em2c-elevador-monitor-2-cajones-negro\/#breadcrumb","itemListElement":[{"@type":"ListItem","position":1,"name":"Portada","item":"https:\/\/aivlisoft.net\/shop\/"},{"@type":"ListItem","position":2,"name":"Tienda","item":"https:\/\/aivlisoft.net\/shop\/tienda\/"},{"@type":"ListItem","position":3,"name":"iggual EM2C Elevador monitor 2 cajones negro"}]},{"@type":"WebSite","@id":"https:\/\/aivlisoft.net\/shop\/#website","url":"https:\/\/aivlisoft.net\/shop\/","name":"Aivlisoft Inform\u00e1tica","description":"En Aivlisoft Inform\u00e1tica ofrecemos soluciones tecnol\u00f3gicas para empresas: venta de ordenadores, consumibles, perif\u00e9ricos y m\u00e1s. Calidad, atenci\u00f3n personalizada y los mejores precios para tu negocio.","publisher":{"@id":"https:\/\/aivlisoft.net\/shop\/#organization"},"potentialAction":[{"@type":"SearchAction","target":{"@type":"EntryPoint","urlTemplate":"https:\/\/aivlisoft.net\/shop\/?s={search_term_string}"},"query-input":{"@type":"PropertyValueSpecification","valueRequired":true,"valueName":"search_term_string"}}],"inLanguage":"es"},{"@type":"Organization","@id":"https:\/\/aivlisoft.net\/shop\/#organization","name":"Aivlisoft Inform\u00e1tica","url":"https:\/\/aivlisoft.net\/shop\/","logo":{"@type":"ImageObject","inLanguage":"es","@id":"https:\/\/aivlisoft.net\/shop\/#\/schema\/logo\/image\/","url":"https:\/\/aivlisoft.net\/shop\/wp-content\/uploads\/2024\/12\/removal.ai_5b848c54-0cdf-4140-95c5-c5536bb7573b-logodef.png","contentUrl":"https:\/\/aivlisoft.net\/shop\/wp-content\/uploads\/2024\/12\/removal.ai_5b848c54-0cdf-4140-95c5-c5536bb7573b-logodef.png","width":484,"height":182,"caption":"Aivlisoft Inform\u00e1tica"},"image":{"@id":"https:\/\/aivlisoft.net\/shop\/#\/schema\/logo\/image\/"}}]}},"_links":{"self":[{"href":"https:\/\/aivlisoft.net\/shop\/wp-json\/wp\/v2\/product\/3681","targetHints":{"allow":["GET"]}}],"collection":[{"href":"https:\/\/aivlisoft.net\/shop\/wp-json\/wp\/v2\/product"}],"about":[{"href":"https:\/\/aivlisoft.net\/shop\/wp-json\/wp\/v2\/types\/product"}],"wp:featuredmedia":[{"embeddable":true,"href":"https:\/\/aivlisoft.net\/shop\/wp-json\/wp\/v2\/media\/3682"}],"wp:attachment":[{"href":"https:\/\/aivlisoft.net\/shop\/wp-json\/wp\/v2\/media?parent=3681"}],"wp:term":[{"taxonomy":"product_brand","embeddable":true,"href":"https:\/\/aivlisoft.net\/shop\/wp-json\/wp\/v2\/product_brand?post=3681"},{"taxonomy":"product_cat","embeddable":true,"href":"https:\/\/aivlisoft.net\/shop\/wp-json\/wp\/v2\/product_cat?post=3681"},{"taxonomy":"product_tag","embeddable":true,"href":"https:\/\/aivlisoft.net\/shop\/wp-json\/wp\/v2\/product_tag?post=3681"}],"curies":[{"name":"wp","href":"https:\/\/api.w.org\/{rel}","templated":true}]}}