{"id":3646,"date":"2025-01-13T13:15:42","date_gmt":"2025-01-13T13:15:42","guid":{"rendered":"https:\/\/aivlisoft.com\/?post_type=product&#038;p=3646"},"modified":"2025-01-14T10:08:22","modified_gmt":"2025-01-14T10:08:22","slug":"ewent-elevador-monitor-rgb-con-hub-usb-3-0","status":"publish","type":"product","link":"https:\/\/aivlisoft.net\/shop\/producto\/ewent-elevador-monitor-rgb-con-hub-usb-3-0\/","title":{"rendered":"Ewent Elevador monitor Rgb con hub usb 3.0"},"content":{"rendered":"<p>&nbsp;<\/p>\n<table class=\"tabla_caracteristicas\" width=\"100%\">\n<tr>\n<td valign=\"top\"><strong>Marca<\/strong><\/td>\n<td>Ewent<\/td>\n<\/tr>\n<tr>\n<td valign=\"top\"><strong>Modelo<\/strong><\/td>\n<td><strong>EW1268<\/strong><\/td>\n<\/tr>\n<tr>\n<td valign=\"top\"><strong>Caracter&iacute;sticas<\/strong><\/td>\n<td>&#8211; Elevador plegable<br \/>\t\t\t&#8211; Caj&oacute;n de almacenamiento incorporado<br \/>\t\t\t&#8211; Soporte para tel&eacute;fono m&oacute;vil<br \/>\t\t\t&#8211; Monitores de hasta 27&#8243;<br \/>\t\t\t&#8211; Soporta 20 kg<br \/>\t\t\t&#8211; Superficies antideslizantes en sus patas<br \/>\t\t\t&#8211; Material: pl&aacute;stico ABS + hierro pesado<br \/>\t\t\t&#8211; Modos de iluminaci&oacute;n RGB: 10 modos RGB<br \/>\t\t\t&#8211; Puertos USB: 4 x USB 3.0<br \/>\t\t\t&#8211; Bot&oacute;n de encendido\/apagado<br \/>\t\t\t&#8211; Cable USB de 130cm<br \/>\t\t\t&#8211; Voltaje y corriente: 5V-0.9A<br \/>\t\t\t&#8211; Potencia: 4,5 W<br \/>\t\t\t<strong>Dimensiones y peso<\/strong><br \/>\t\t\t&#8211; Abierto: 550 x 200 x 75 mm<br \/>\t\t\t&#8211; Plegado: 410 x 200 x 75 mm<br \/>\t\t\t&#8211; 700 g<\/td>\n<\/tr>\n<tr>\n<td valign=\"top\"><strong>Fecha de revisi&oacute;n<\/strong><\/td>\n<td>02-10-2023 por RTY<\/td>\n<\/tr>\n<\/table>\n","protected":false},"excerpt":{"rendered":"<p>&nbsp; Marca Ewent Modelo EW1268 Caracter&iacute;sticas &#8211; Elevador plegable &#8211; Caj&oacute;n de almacenamiento incorporado &#8211; Soporte para tel&eacute;fono m&oacute;vil &#8211; Monitores de hasta 27&#8243; &#8211; Soporta 20 kg &#8211; Superficies antideslizantes en sus patas &#8211; Material: pl&aacute;stico ABS + hierro pesado &#8211; Modos de iluminaci&oacute;n RGB: 10 modos RGB &#8211; Puertos USB: 4 x USB&hellip;&nbsp;<a href=\"https:\/\/aivlisoft.net\/shop\/producto\/ewent-elevador-monitor-rgb-con-hub-usb-3-0\/\" rel=\"bookmark\"><span class=\"screen-reader-text\">Ewent Elevador monitor Rgb con hub usb 3.0<\/span><\/a><\/p>\n","protected":false},"featured_media":3647,"template":"","meta":{"neve_meta_sidebar":"","neve_meta_container":"","neve_meta_enable_content_width":"","neve_meta_content_width":0,"neve_meta_title_alignment":"","neve_meta_author_avatar":"","neve_post_elements_order":"","neve_meta_disable_header":"","neve_meta_disable_footer":"","neve_meta_disable_title":""},"product_brand":[],"product_cat":[15],"product_tag":[1089],"class_list":{"0":"post-3646","1":"product","2":"type-product","3":"status-publish","4":"has-post-thumbnail","6":"product_cat-sin-categorizar","7":"product_tag-ew1268","9":"first","10":"instock","11":"taxable","12":"shipping-taxable","13":"purchasable","14":"product-type-simple"},"yoast_head":"<!-- This site is optimized with the Yoast SEO plugin v26.0 - https:\/\/yoast.com\/wordpress\/plugins\/seo\/ -->\n<title>Ewent Elevador monitor Rgb con hub usb 3.0 - Aivlisoft Inform\u00e1tica<\/title>\n<meta name=\"robots\" content=\"index, follow, max-snippet:-1, max-image-preview:large, max-video-preview:-1\" \/>\n<link rel=\"canonical\" href=\"https:\/\/aivlisoft.net\/shop\/producto\/ewent-elevador-monitor-rgb-con-hub-usb-3-0\/\" \/>\n<meta property=\"og:locale\" content=\"es_ES\" \/>\n<meta property=\"og:type\" content=\"article\" \/>\n<meta property=\"og:title\" content=\"Ewent Elevador monitor Rgb con hub usb 3.0 - Aivlisoft Inform\u00e1tica\" \/>\n<meta property=\"og:description\" content=\"&nbsp; Marca Ewent Modelo EW1268 Caracter&iacute;sticas &#8211; Elevador plegable &#8211; Caj&oacute;n de almacenamiento incorporado &#8211; Soporte para tel&eacute;fono m&oacute;vil &#8211; Monitores de hasta 27&#8243; &#8211; Soporta 20 kg &#8211; Superficies antideslizantes en sus patas &#8211; Material: pl&aacute;stico ABS + hierro pesado &#8211; Modos de iluminaci&oacute;n RGB: 10 modos RGB &#8211; Puertos USB: 4 x USB&hellip;&nbsp;Ewent Elevador monitor Rgb con hub usb 3.0\" \/>\n<meta property=\"og:url\" content=\"https:\/\/aivlisoft.net\/shop\/producto\/ewent-elevador-monitor-rgb-con-hub-usb-3-0\/\" \/>\n<meta property=\"og:site_name\" content=\"Aivlisoft Inform\u00e1tica\" \/>\n<meta property=\"article:modified_time\" content=\"2025-01-14T10:08:22+00:00\" \/>\n<meta property=\"og:image\" content=\"https:\/\/aivlisoft.net\/shop\/wp-content\/uploads\/2025\/01\/AISATV0353_800-1.jpg\" \/>\n\t<meta property=\"og:image:width\" content=\"800\" \/>\n\t<meta property=\"og:image:height\" content=\"800\" \/>\n\t<meta property=\"og:image:type\" content=\"image\/jpeg\" \/>\n<meta name=\"twitter:card\" content=\"summary_large_image\" \/>\n<meta name=\"twitter:label1\" content=\"Tiempo de lectura\" \/>\n\t<meta name=\"twitter:data1\" content=\"1 minuto\" \/>\n<script type=\"application\/ld+json\" class=\"yoast-schema-graph\">{\"@context\":\"https:\/\/schema.org\",\"@graph\":[{\"@type\":\"WebPage\",\"@id\":\"https:\/\/aivlisoft.net\/shop\/producto\/ewent-elevador-monitor-rgb-con-hub-usb-3-0\/\",\"url\":\"https:\/\/aivlisoft.net\/shop\/producto\/ewent-elevador-monitor-rgb-con-hub-usb-3-0\/\",\"name\":\"Ewent Elevador monitor Rgb con hub usb 3.0 - Aivlisoft Inform\u00e1tica\",\"isPartOf\":{\"@id\":\"https:\/\/aivlisoft.net\/shop\/#website\"},\"primaryImageOfPage\":{\"@id\":\"https:\/\/aivlisoft.net\/shop\/producto\/ewent-elevador-monitor-rgb-con-hub-usb-3-0\/#primaryimage\"},\"image\":{\"@id\":\"https:\/\/aivlisoft.net\/shop\/producto\/ewent-elevador-monitor-rgb-con-hub-usb-3-0\/#primaryimage\"},\"thumbnailUrl\":\"https:\/\/aivlisoft.net\/shop\/wp-content\/uploads\/2025\/01\/AISATV0353_800-1.jpg\",\"datePublished\":\"2025-01-13T13:15:42+00:00\",\"dateModified\":\"2025-01-14T10:08:22+00:00\",\"breadcrumb\":{\"@id\":\"https:\/\/aivlisoft.net\/shop\/producto\/ewent-elevador-monitor-rgb-con-hub-usb-3-0\/#breadcrumb\"},\"inLanguage\":\"es\",\"potentialAction\":[{\"@type\":\"ReadAction\",\"target\":[\"https:\/\/aivlisoft.net\/shop\/producto\/ewent-elevador-monitor-rgb-con-hub-usb-3-0\/\"]}]},{\"@type\":\"ImageObject\",\"inLanguage\":\"es\",\"@id\":\"https:\/\/aivlisoft.net\/shop\/producto\/ewent-elevador-monitor-rgb-con-hub-usb-3-0\/#primaryimage\",\"url\":\"https:\/\/aivlisoft.net\/shop\/wp-content\/uploads\/2025\/01\/AISATV0353_800-1.jpg\",\"contentUrl\":\"https:\/\/aivlisoft.net\/shop\/wp-content\/uploads\/2025\/01\/AISATV0353_800-1.jpg\",\"width\":800,\"height\":800},{\"@type\":\"BreadcrumbList\",\"@id\":\"https:\/\/aivlisoft.net\/shop\/producto\/ewent-elevador-monitor-rgb-con-hub-usb-3-0\/#breadcrumb\",\"itemListElement\":[{\"@type\":\"ListItem\",\"position\":1,\"name\":\"Portada\",\"item\":\"https:\/\/aivlisoft.net\/shop\/\"},{\"@type\":\"ListItem\",\"position\":2,\"name\":\"Tienda\",\"item\":\"https:\/\/aivlisoft.net\/shop\/tienda\/\"},{\"@type\":\"ListItem\",\"position\":3,\"name\":\"Ewent Elevador monitor Rgb con hub usb 3.0\"}]},{\"@type\":\"WebSite\",\"@id\":\"https:\/\/aivlisoft.net\/shop\/#website\",\"url\":\"https:\/\/aivlisoft.net\/shop\/\",\"name\":\"Aivlisoft Inform\u00e1tica\",\"description\":\"En Aivlisoft Inform\u00e1tica ofrecemos soluciones tecnol\u00f3gicas para empresas: venta de ordenadores, consumibles, perif\u00e9ricos y m\u00e1s. Calidad, atenci\u00f3n personalizada y los mejores precios para tu negocio.\",\"publisher\":{\"@id\":\"https:\/\/aivlisoft.net\/shop\/#organization\"},\"potentialAction\":[{\"@type\":\"SearchAction\",\"target\":{\"@type\":\"EntryPoint\",\"urlTemplate\":\"https:\/\/aivlisoft.net\/shop\/?s={search_term_string}\"},\"query-input\":{\"@type\":\"PropertyValueSpecification\",\"valueRequired\":true,\"valueName\":\"search_term_string\"}}],\"inLanguage\":\"es\"},{\"@type\":\"Organization\",\"@id\":\"https:\/\/aivlisoft.net\/shop\/#organization\",\"name\":\"Aivlisoft Inform\u00e1tica\",\"url\":\"https:\/\/aivlisoft.net\/shop\/\",\"logo\":{\"@type\":\"ImageObject\",\"inLanguage\":\"es\",\"@id\":\"https:\/\/aivlisoft.net\/shop\/#\/schema\/logo\/image\/\",\"url\":\"https:\/\/aivlisoft.net\/shop\/wp-content\/uploads\/2024\/12\/removal.ai_5b848c54-0cdf-4140-95c5-c5536bb7573b-logodef.png\",\"contentUrl\":\"https:\/\/aivlisoft.net\/shop\/wp-content\/uploads\/2024\/12\/removal.ai_5b848c54-0cdf-4140-95c5-c5536bb7573b-logodef.png\",\"width\":484,\"height\":182,\"caption\":\"Aivlisoft Inform\u00e1tica\"},\"image\":{\"@id\":\"https:\/\/aivlisoft.net\/shop\/#\/schema\/logo\/image\/\"}}]}<\/script>\n<!-- \/ Yoast SEO plugin. -->","yoast_head_json":{"title":"Ewent Elevador monitor Rgb con hub usb 3.0 - Aivlisoft Inform\u00e1tica","robots":{"index":"index","follow":"follow","max-snippet":"max-snippet:-1","max-image-preview":"max-image-preview:large","max-video-preview":"max-video-preview:-1"},"canonical":"https:\/\/aivlisoft.net\/shop\/producto\/ewent-elevador-monitor-rgb-con-hub-usb-3-0\/","og_locale":"es_ES","og_type":"article","og_title":"Ewent Elevador monitor Rgb con hub usb 3.0 - Aivlisoft Inform\u00e1tica","og_description":"&nbsp; Marca Ewent Modelo EW1268 Caracter&iacute;sticas &#8211; Elevador plegable &#8211; Caj&oacute;n de almacenamiento incorporado &#8211; Soporte para tel&eacute;fono m&oacute;vil &#8211; Monitores de hasta 27&#8243; &#8211; Soporta 20 kg &#8211; Superficies antideslizantes en sus patas &#8211; Material: pl&aacute;stico ABS + hierro pesado &#8211; Modos de iluminaci&oacute;n RGB: 10 modos RGB &#8211; Puertos USB: 4 x USB&hellip;&nbsp;Ewent Elevador monitor Rgb con hub usb 3.0","og_url":"https:\/\/aivlisoft.net\/shop\/producto\/ewent-elevador-monitor-rgb-con-hub-usb-3-0\/","og_site_name":"Aivlisoft Inform\u00e1tica","article_modified_time":"2025-01-14T10:08:22+00:00","og_image":[{"width":800,"height":800,"url":"https:\/\/aivlisoft.net\/shop\/wp-content\/uploads\/2025\/01\/AISATV0353_800-1.jpg","type":"image\/jpeg"}],"twitter_card":"summary_large_image","twitter_misc":{"Tiempo de lectura":"1 minuto"},"schema":{"@context":"https:\/\/schema.org","@graph":[{"@type":"WebPage","@id":"https:\/\/aivlisoft.net\/shop\/producto\/ewent-elevador-monitor-rgb-con-hub-usb-3-0\/","url":"https:\/\/aivlisoft.net\/shop\/producto\/ewent-elevador-monitor-rgb-con-hub-usb-3-0\/","name":"Ewent Elevador monitor Rgb con hub usb 3.0 - Aivlisoft Inform\u00e1tica","isPartOf":{"@id":"https:\/\/aivlisoft.net\/shop\/#website"},"primaryImageOfPage":{"@id":"https:\/\/aivlisoft.net\/shop\/producto\/ewent-elevador-monitor-rgb-con-hub-usb-3-0\/#primaryimage"},"image":{"@id":"https:\/\/aivlisoft.net\/shop\/producto\/ewent-elevador-monitor-rgb-con-hub-usb-3-0\/#primaryimage"},"thumbnailUrl":"https:\/\/aivlisoft.net\/shop\/wp-content\/uploads\/2025\/01\/AISATV0353_800-1.jpg","datePublished":"2025-01-13T13:15:42+00:00","dateModified":"2025-01-14T10:08:22+00:00","breadcrumb":{"@id":"https:\/\/aivlisoft.net\/shop\/producto\/ewent-elevador-monitor-rgb-con-hub-usb-3-0\/#breadcrumb"},"inLanguage":"es","potentialAction":[{"@type":"ReadAction","target":["https:\/\/aivlisoft.net\/shop\/producto\/ewent-elevador-monitor-rgb-con-hub-usb-3-0\/"]}]},{"@type":"ImageObject","inLanguage":"es","@id":"https:\/\/aivlisoft.net\/shop\/producto\/ewent-elevador-monitor-rgb-con-hub-usb-3-0\/#primaryimage","url":"https:\/\/aivlisoft.net\/shop\/wp-content\/uploads\/2025\/01\/AISATV0353_800-1.jpg","contentUrl":"https:\/\/aivlisoft.net\/shop\/wp-content\/uploads\/2025\/01\/AISATV0353_800-1.jpg","width":800,"height":800},{"@type":"BreadcrumbList","@id":"https:\/\/aivlisoft.net\/shop\/producto\/ewent-elevador-monitor-rgb-con-hub-usb-3-0\/#breadcrumb","itemListElement":[{"@type":"ListItem","position":1,"name":"Portada","item":"https:\/\/aivlisoft.net\/shop\/"},{"@type":"ListItem","position":2,"name":"Tienda","item":"https:\/\/aivlisoft.net\/shop\/tienda\/"},{"@type":"ListItem","position":3,"name":"Ewent Elevador monitor Rgb con hub usb 3.0"}]},{"@type":"WebSite","@id":"https:\/\/aivlisoft.net\/shop\/#website","url":"https:\/\/aivlisoft.net\/shop\/","name":"Aivlisoft Inform\u00e1tica","description":"En Aivlisoft Inform\u00e1tica ofrecemos soluciones tecnol\u00f3gicas para empresas: venta de ordenadores, consumibles, perif\u00e9ricos y m\u00e1s. Calidad, atenci\u00f3n personalizada y los mejores precios para tu negocio.","publisher":{"@id":"https:\/\/aivlisoft.net\/shop\/#organization"},"potentialAction":[{"@type":"SearchAction","target":{"@type":"EntryPoint","urlTemplate":"https:\/\/aivlisoft.net\/shop\/?s={search_term_string}"},"query-input":{"@type":"PropertyValueSpecification","valueRequired":true,"valueName":"search_term_string"}}],"inLanguage":"es"},{"@type":"Organization","@id":"https:\/\/aivlisoft.net\/shop\/#organization","name":"Aivlisoft Inform\u00e1tica","url":"https:\/\/aivlisoft.net\/shop\/","logo":{"@type":"ImageObject","inLanguage":"es","@id":"https:\/\/aivlisoft.net\/shop\/#\/schema\/logo\/image\/","url":"https:\/\/aivlisoft.net\/shop\/wp-content\/uploads\/2024\/12\/removal.ai_5b848c54-0cdf-4140-95c5-c5536bb7573b-logodef.png","contentUrl":"https:\/\/aivlisoft.net\/shop\/wp-content\/uploads\/2024\/12\/removal.ai_5b848c54-0cdf-4140-95c5-c5536bb7573b-logodef.png","width":484,"height":182,"caption":"Aivlisoft Inform\u00e1tica"},"image":{"@id":"https:\/\/aivlisoft.net\/shop\/#\/schema\/logo\/image\/"}}]}},"_links":{"self":[{"href":"https:\/\/aivlisoft.net\/shop\/wp-json\/wp\/v2\/product\/3646","targetHints":{"allow":["GET"]}}],"collection":[{"href":"https:\/\/aivlisoft.net\/shop\/wp-json\/wp\/v2\/product"}],"about":[{"href":"https:\/\/aivlisoft.net\/shop\/wp-json\/wp\/v2\/types\/product"}],"wp:featuredmedia":[{"embeddable":true,"href":"https:\/\/aivlisoft.net\/shop\/wp-json\/wp\/v2\/media\/3647"}],"wp:attachment":[{"href":"https:\/\/aivlisoft.net\/shop\/wp-json\/wp\/v2\/media?parent=3646"}],"wp:term":[{"taxonomy":"product_brand","embeddable":true,"href":"https:\/\/aivlisoft.net\/shop\/wp-json\/wp\/v2\/product_brand?post=3646"},{"taxonomy":"product_cat","embeddable":true,"href":"https:\/\/aivlisoft.net\/shop\/wp-json\/wp\/v2\/product_cat?post=3646"},{"taxonomy":"product_tag","embeddable":true,"href":"https:\/\/aivlisoft.net\/shop\/wp-json\/wp\/v2\/product_tag?post=3646"}],"curies":[{"name":"wp","href":"https:\/\/api.w.org\/{rel}","templated":true}]}}