{"id":3609,"date":"2025-01-13T13:15:28","date_gmt":"2025-01-13T13:15:28","guid":{"rendered":"https:\/\/aivlisoft.com\/?post_type=product&#038;p=3609"},"modified":"2025-01-14T10:08:11","modified_gmt":"2025-01-14T10:08:11","slug":"iggual-sptv01-soporte-tv-pared-10-42-30kg-fijo","status":"publish","type":"product","link":"https:\/\/aivlisoft.net\/shop\/producto\/iggual-sptv01-soporte-tv-pared-10-42-30kg-fijo\/","title":{"rendered":"iggual SPTV01 Soporte TV pared 10&#8243;-42&#8243; 30kg Fijo"},"content":{"rendered":"<p><\/p>\n<table class=\"tabla_caracteristicas\" width=\"100%\">\n<tr>\n<td valign=\"top\"><strong>Marca<\/strong><\/td>\n<td>iggual<\/td>\n<\/tr>\n<tr>\n<td valign=\"top\"><strong>Modelo<\/strong><\/td>\n<td><strong>IGG318584<\/strong><\/td>\n<\/tr>\n<tr>\n<td valign=\"top\"><strong>Caracter&iacute;sticas<\/strong><\/td>\n<td>&#8211; Monitor soportado: 10&#8243;-42&#8243;<br \/>\t\t\t&#8211; VESA: 50&#215;50, 75&#215;75, 100&#215;100, 200&#215;100, 200&#215;200<br \/>\t\t\t&#8211; Peso m&aacute;ximo soportado: 30 kg<br \/>\t\t\t&#8211; Soporte fijo (sin &aacute;ngulos)<br \/>\t\t\t&#8211; Distancia a pared: 18 mm<br \/>\t\t\t&#8211; Color: negro<br \/>\t\t\t&#8211; Peso neto: 1,94 kg<br \/>\t\t\t&#8211; Peso bruto: 2,10 kg<br \/>\t\t\t&#8211; Medidas (embalaje): 265 x 235 x 25 mm<br \/>\t\t\t&#8211; Incluye manual, torniller&iacute;a e instrucciones de instalaci&oacute;n<br \/>\t\t\t&#8211; Cumple especificaciones RoHS<\/td>\n<\/tr>\n<tr>\n<td valign=\"top\"><strong>Fecha de revisi&oacute;n<\/strong><\/td>\n<td>01-08-2023 por RTY<\/td>\n<\/tr>\n<\/table>\n","protected":false},"excerpt":{"rendered":"<p>Marca iggual Modelo IGG318584 Caracter&iacute;sticas &#8211; Monitor soportado: 10&#8243;-42&#8243; &#8211; VESA: 50&#215;50, 75&#215;75, 100&#215;100, 200&#215;100, 200&#215;200 &#8211; Peso m&aacute;ximo soportado: 30 kg &#8211; Soporte fijo (sin &aacute;ngulos) &#8211; Distancia a pared: 18 mm &#8211; Color: negro &#8211; Peso neto: 1,94 kg &#8211; Peso bruto: 2,10 kg &#8211; Medidas (embalaje): 265 x 235 x 25 mm&hellip;&nbsp;<a href=\"https:\/\/aivlisoft.net\/shop\/producto\/iggual-sptv01-soporte-tv-pared-10-42-30kg-fijo\/\" rel=\"bookmark\"><span class=\"screen-reader-text\">iggual SPTV01 Soporte TV pared 10&#8243;-42&#8243; 30kg Fijo<\/span><\/a><\/p>\n","protected":false},"featured_media":3610,"template":"","meta":{"neve_meta_sidebar":"","neve_meta_container":"","neve_meta_enable_content_width":"","neve_meta_content_width":0,"neve_meta_title_alignment":"","neve_meta_author_avatar":"","neve_post_elements_order":"","neve_meta_disable_header":"","neve_meta_disable_footer":"","neve_meta_disable_title":""},"product_brand":[],"product_cat":[15],"product_tag":[1080],"class_list":{"0":"post-3609","1":"product","2":"type-product","3":"status-publish","4":"has-post-thumbnail","6":"product_cat-sin-categorizar","7":"product_tag-igg318584","9":"first","10":"instock","11":"taxable","12":"shipping-taxable","13":"purchasable","14":"product-type-simple"},"yoast_head":"<!-- This site is optimized with the Yoast SEO plugin v26.0 - https:\/\/yoast.com\/wordpress\/plugins\/seo\/ -->\n<title>iggual SPTV01 Soporte TV pared 10&quot;-42&quot; 30kg Fijo - Aivlisoft Inform\u00e1tica<\/title>\n<meta name=\"robots\" content=\"index, follow, max-snippet:-1, max-image-preview:large, max-video-preview:-1\" \/>\n<link rel=\"canonical\" href=\"https:\/\/aivlisoft.net\/shop\/producto\/iggual-sptv01-soporte-tv-pared-10-42-30kg-fijo\/\" \/>\n<meta property=\"og:locale\" content=\"es_ES\" \/>\n<meta property=\"og:type\" content=\"article\" \/>\n<meta property=\"og:title\" content=\"iggual SPTV01 Soporte TV pared 10&quot;-42&quot; 30kg Fijo - Aivlisoft Inform\u00e1tica\" \/>\n<meta property=\"og:description\" content=\"Marca iggual Modelo IGG318584 Caracter&iacute;sticas &#8211; Monitor soportado: 10&#8243;-42&#8243; &#8211; VESA: 50&#215;50, 75&#215;75, 100&#215;100, 200&#215;100, 200&#215;200 &#8211; Peso m&aacute;ximo soportado: 30 kg &#8211; Soporte fijo (sin &aacute;ngulos) &#8211; Distancia a pared: 18 mm &#8211; Color: negro &#8211; Peso neto: 1,94 kg &#8211; Peso bruto: 2,10 kg &#8211; Medidas (embalaje): 265 x 235 x 25 mm&hellip;&nbsp;iggual SPTV01 Soporte TV pared 10&#8243;-42&#8243; 30kg Fijo\" \/>\n<meta property=\"og:url\" content=\"https:\/\/aivlisoft.net\/shop\/producto\/iggual-sptv01-soporte-tv-pared-10-42-30kg-fijo\/\" \/>\n<meta property=\"og:site_name\" content=\"Aivlisoft Inform\u00e1tica\" \/>\n<meta property=\"article:modified_time\" content=\"2025-01-14T10:08:11+00:00\" \/>\n<meta property=\"og:image\" content=\"https:\/\/aivlisoft.net\/shop\/wp-content\/uploads\/2025\/01\/AISATV0341_800-1.jpg\" \/>\n\t<meta property=\"og:image:width\" content=\"800\" \/>\n\t<meta property=\"og:image:height\" content=\"800\" \/>\n\t<meta property=\"og:image:type\" content=\"image\/jpeg\" \/>\n<meta name=\"twitter:card\" content=\"summary_large_image\" \/>\n<script type=\"application\/ld+json\" class=\"yoast-schema-graph\">{\"@context\":\"https:\/\/schema.org\",\"@graph\":[{\"@type\":\"WebPage\",\"@id\":\"https:\/\/aivlisoft.net\/shop\/producto\/iggual-sptv01-soporte-tv-pared-10-42-30kg-fijo\/\",\"url\":\"https:\/\/aivlisoft.net\/shop\/producto\/iggual-sptv01-soporte-tv-pared-10-42-30kg-fijo\/\",\"name\":\"iggual SPTV01 Soporte TV pared 10\\\"-42\\\" 30kg Fijo - Aivlisoft Inform\u00e1tica\",\"isPartOf\":{\"@id\":\"https:\/\/aivlisoft.net\/shop\/#website\"},\"primaryImageOfPage\":{\"@id\":\"https:\/\/aivlisoft.net\/shop\/producto\/iggual-sptv01-soporte-tv-pared-10-42-30kg-fijo\/#primaryimage\"},\"image\":{\"@id\":\"https:\/\/aivlisoft.net\/shop\/producto\/iggual-sptv01-soporte-tv-pared-10-42-30kg-fijo\/#primaryimage\"},\"thumbnailUrl\":\"https:\/\/aivlisoft.net\/shop\/wp-content\/uploads\/2025\/01\/AISATV0341_800-1.jpg\",\"datePublished\":\"2025-01-13T13:15:28+00:00\",\"dateModified\":\"2025-01-14T10:08:11+00:00\",\"breadcrumb\":{\"@id\":\"https:\/\/aivlisoft.net\/shop\/producto\/iggual-sptv01-soporte-tv-pared-10-42-30kg-fijo\/#breadcrumb\"},\"inLanguage\":\"es\",\"potentialAction\":[{\"@type\":\"ReadAction\",\"target\":[\"https:\/\/aivlisoft.net\/shop\/producto\/iggual-sptv01-soporte-tv-pared-10-42-30kg-fijo\/\"]}]},{\"@type\":\"ImageObject\",\"inLanguage\":\"es\",\"@id\":\"https:\/\/aivlisoft.net\/shop\/producto\/iggual-sptv01-soporte-tv-pared-10-42-30kg-fijo\/#primaryimage\",\"url\":\"https:\/\/aivlisoft.net\/shop\/wp-content\/uploads\/2025\/01\/AISATV0341_800-1.jpg\",\"contentUrl\":\"https:\/\/aivlisoft.net\/shop\/wp-content\/uploads\/2025\/01\/AISATV0341_800-1.jpg\",\"width\":800,\"height\":800},{\"@type\":\"BreadcrumbList\",\"@id\":\"https:\/\/aivlisoft.net\/shop\/producto\/iggual-sptv01-soporte-tv-pared-10-42-30kg-fijo\/#breadcrumb\",\"itemListElement\":[{\"@type\":\"ListItem\",\"position\":1,\"name\":\"Portada\",\"item\":\"https:\/\/aivlisoft.net\/shop\/\"},{\"@type\":\"ListItem\",\"position\":2,\"name\":\"Tienda\",\"item\":\"https:\/\/aivlisoft.net\/shop\/tienda\/\"},{\"@type\":\"ListItem\",\"position\":3,\"name\":\"iggual SPTV01 Soporte TV pared 10&#8243;-42&#8243; 30kg Fijo\"}]},{\"@type\":\"WebSite\",\"@id\":\"https:\/\/aivlisoft.net\/shop\/#website\",\"url\":\"https:\/\/aivlisoft.net\/shop\/\",\"name\":\"Aivlisoft Inform\u00e1tica\",\"description\":\"En Aivlisoft Inform\u00e1tica ofrecemos soluciones tecnol\u00f3gicas para empresas: venta de ordenadores, consumibles, perif\u00e9ricos y m\u00e1s. Calidad, atenci\u00f3n personalizada y los mejores precios para tu negocio.\",\"publisher\":{\"@id\":\"https:\/\/aivlisoft.net\/shop\/#organization\"},\"potentialAction\":[{\"@type\":\"SearchAction\",\"target\":{\"@type\":\"EntryPoint\",\"urlTemplate\":\"https:\/\/aivlisoft.net\/shop\/?s={search_term_string}\"},\"query-input\":{\"@type\":\"PropertyValueSpecification\",\"valueRequired\":true,\"valueName\":\"search_term_string\"}}],\"inLanguage\":\"es\"},{\"@type\":\"Organization\",\"@id\":\"https:\/\/aivlisoft.net\/shop\/#organization\",\"name\":\"Aivlisoft Inform\u00e1tica\",\"url\":\"https:\/\/aivlisoft.net\/shop\/\",\"logo\":{\"@type\":\"ImageObject\",\"inLanguage\":\"es\",\"@id\":\"https:\/\/aivlisoft.net\/shop\/#\/schema\/logo\/image\/\",\"url\":\"https:\/\/aivlisoft.net\/shop\/wp-content\/uploads\/2024\/12\/removal.ai_5b848c54-0cdf-4140-95c5-c5536bb7573b-logodef.png\",\"contentUrl\":\"https:\/\/aivlisoft.net\/shop\/wp-content\/uploads\/2024\/12\/removal.ai_5b848c54-0cdf-4140-95c5-c5536bb7573b-logodef.png\",\"width\":484,\"height\":182,\"caption\":\"Aivlisoft Inform\u00e1tica\"},\"image\":{\"@id\":\"https:\/\/aivlisoft.net\/shop\/#\/schema\/logo\/image\/\"}}]}<\/script>\n<!-- \/ Yoast SEO plugin. -->","yoast_head_json":{"title":"iggual SPTV01 Soporte TV pared 10\"-42\" 30kg Fijo - Aivlisoft Inform\u00e1tica","robots":{"index":"index","follow":"follow","max-snippet":"max-snippet:-1","max-image-preview":"max-image-preview:large","max-video-preview":"max-video-preview:-1"},"canonical":"https:\/\/aivlisoft.net\/shop\/producto\/iggual-sptv01-soporte-tv-pared-10-42-30kg-fijo\/","og_locale":"es_ES","og_type":"article","og_title":"iggual SPTV01 Soporte TV pared 10\"-42\" 30kg Fijo - Aivlisoft Inform\u00e1tica","og_description":"Marca iggual Modelo IGG318584 Caracter&iacute;sticas &#8211; Monitor soportado: 10&#8243;-42&#8243; &#8211; VESA: 50&#215;50, 75&#215;75, 100&#215;100, 200&#215;100, 200&#215;200 &#8211; Peso m&aacute;ximo soportado: 30 kg &#8211; Soporte fijo (sin &aacute;ngulos) &#8211; Distancia a pared: 18 mm &#8211; Color: negro &#8211; Peso neto: 1,94 kg &#8211; Peso bruto: 2,10 kg &#8211; Medidas (embalaje): 265 x 235 x 25 mm&hellip;&nbsp;iggual SPTV01 Soporte TV pared 10&#8243;-42&#8243; 30kg Fijo","og_url":"https:\/\/aivlisoft.net\/shop\/producto\/iggual-sptv01-soporte-tv-pared-10-42-30kg-fijo\/","og_site_name":"Aivlisoft Inform\u00e1tica","article_modified_time":"2025-01-14T10:08:11+00:00","og_image":[{"width":800,"height":800,"url":"https:\/\/aivlisoft.net\/shop\/wp-content\/uploads\/2025\/01\/AISATV0341_800-1.jpg","type":"image\/jpeg"}],"twitter_card":"summary_large_image","schema":{"@context":"https:\/\/schema.org","@graph":[{"@type":"WebPage","@id":"https:\/\/aivlisoft.net\/shop\/producto\/iggual-sptv01-soporte-tv-pared-10-42-30kg-fijo\/","url":"https:\/\/aivlisoft.net\/shop\/producto\/iggual-sptv01-soporte-tv-pared-10-42-30kg-fijo\/","name":"iggual SPTV01 Soporte TV pared 10\"-42\" 30kg Fijo - Aivlisoft Inform\u00e1tica","isPartOf":{"@id":"https:\/\/aivlisoft.net\/shop\/#website"},"primaryImageOfPage":{"@id":"https:\/\/aivlisoft.net\/shop\/producto\/iggual-sptv01-soporte-tv-pared-10-42-30kg-fijo\/#primaryimage"},"image":{"@id":"https:\/\/aivlisoft.net\/shop\/producto\/iggual-sptv01-soporte-tv-pared-10-42-30kg-fijo\/#primaryimage"},"thumbnailUrl":"https:\/\/aivlisoft.net\/shop\/wp-content\/uploads\/2025\/01\/AISATV0341_800-1.jpg","datePublished":"2025-01-13T13:15:28+00:00","dateModified":"2025-01-14T10:08:11+00:00","breadcrumb":{"@id":"https:\/\/aivlisoft.net\/shop\/producto\/iggual-sptv01-soporte-tv-pared-10-42-30kg-fijo\/#breadcrumb"},"inLanguage":"es","potentialAction":[{"@type":"ReadAction","target":["https:\/\/aivlisoft.net\/shop\/producto\/iggual-sptv01-soporte-tv-pared-10-42-30kg-fijo\/"]}]},{"@type":"ImageObject","inLanguage":"es","@id":"https:\/\/aivlisoft.net\/shop\/producto\/iggual-sptv01-soporte-tv-pared-10-42-30kg-fijo\/#primaryimage","url":"https:\/\/aivlisoft.net\/shop\/wp-content\/uploads\/2025\/01\/AISATV0341_800-1.jpg","contentUrl":"https:\/\/aivlisoft.net\/shop\/wp-content\/uploads\/2025\/01\/AISATV0341_800-1.jpg","width":800,"height":800},{"@type":"BreadcrumbList","@id":"https:\/\/aivlisoft.net\/shop\/producto\/iggual-sptv01-soporte-tv-pared-10-42-30kg-fijo\/#breadcrumb","itemListElement":[{"@type":"ListItem","position":1,"name":"Portada","item":"https:\/\/aivlisoft.net\/shop\/"},{"@type":"ListItem","position":2,"name":"Tienda","item":"https:\/\/aivlisoft.net\/shop\/tienda\/"},{"@type":"ListItem","position":3,"name":"iggual SPTV01 Soporte TV pared 10&#8243;-42&#8243; 30kg Fijo"}]},{"@type":"WebSite","@id":"https:\/\/aivlisoft.net\/shop\/#website","url":"https:\/\/aivlisoft.net\/shop\/","name":"Aivlisoft Inform\u00e1tica","description":"En Aivlisoft Inform\u00e1tica ofrecemos soluciones tecnol\u00f3gicas para empresas: venta de ordenadores, consumibles, perif\u00e9ricos y m\u00e1s. Calidad, atenci\u00f3n personalizada y los mejores precios para tu negocio.","publisher":{"@id":"https:\/\/aivlisoft.net\/shop\/#organization"},"potentialAction":[{"@type":"SearchAction","target":{"@type":"EntryPoint","urlTemplate":"https:\/\/aivlisoft.net\/shop\/?s={search_term_string}"},"query-input":{"@type":"PropertyValueSpecification","valueRequired":true,"valueName":"search_term_string"}}],"inLanguage":"es"},{"@type":"Organization","@id":"https:\/\/aivlisoft.net\/shop\/#organization","name":"Aivlisoft Inform\u00e1tica","url":"https:\/\/aivlisoft.net\/shop\/","logo":{"@type":"ImageObject","inLanguage":"es","@id":"https:\/\/aivlisoft.net\/shop\/#\/schema\/logo\/image\/","url":"https:\/\/aivlisoft.net\/shop\/wp-content\/uploads\/2024\/12\/removal.ai_5b848c54-0cdf-4140-95c5-c5536bb7573b-logodef.png","contentUrl":"https:\/\/aivlisoft.net\/shop\/wp-content\/uploads\/2024\/12\/removal.ai_5b848c54-0cdf-4140-95c5-c5536bb7573b-logodef.png","width":484,"height":182,"caption":"Aivlisoft Inform\u00e1tica"},"image":{"@id":"https:\/\/aivlisoft.net\/shop\/#\/schema\/logo\/image\/"}}]}},"_links":{"self":[{"href":"https:\/\/aivlisoft.net\/shop\/wp-json\/wp\/v2\/product\/3609","targetHints":{"allow":["GET"]}}],"collection":[{"href":"https:\/\/aivlisoft.net\/shop\/wp-json\/wp\/v2\/product"}],"about":[{"href":"https:\/\/aivlisoft.net\/shop\/wp-json\/wp\/v2\/types\/product"}],"wp:featuredmedia":[{"embeddable":true,"href":"https:\/\/aivlisoft.net\/shop\/wp-json\/wp\/v2\/media\/3610"}],"wp:attachment":[{"href":"https:\/\/aivlisoft.net\/shop\/wp-json\/wp\/v2\/media?parent=3609"}],"wp:term":[{"taxonomy":"product_brand","embeddable":true,"href":"https:\/\/aivlisoft.net\/shop\/wp-json\/wp\/v2\/product_brand?post=3609"},{"taxonomy":"product_cat","embeddable":true,"href":"https:\/\/aivlisoft.net\/shop\/wp-json\/wp\/v2\/product_cat?post=3609"},{"taxonomy":"product_tag","embeddable":true,"href":"https:\/\/aivlisoft.net\/shop\/wp-json\/wp\/v2\/product_tag?post=3609"}],"curies":[{"name":"wp","href":"https:\/\/api.w.org\/{rel}","templated":true}]}}