{"id":3600,"date":"2025-01-13T13:15:10","date_gmt":"2025-01-13T13:15:10","guid":{"rendered":"https:\/\/aivlisoft.com\/?post_type=product&#038;p=3600"},"modified":"2025-01-14T10:08:05","modified_gmt":"2025-01-14T10:08:05","slug":"deep-gaming-stand-para-monitor-hub-dg-mob-06","status":"publish","type":"product","link":"https:\/\/aivlisoft.net\/shop\/producto\/deep-gaming-stand-para-monitor-hub-dg-mob-06\/","title":{"rendered":"DEEP GAMING Stand para monitor + hub DG-MOB-06"},"content":{"rendered":"<p>Cambia entre los <strong>10 efectos de luz RGB<\/strong> o desactiva la iluminaci&oacute;n con el bot&oacute;n situado en el frontal.<\/p>\n<p><strong>Hub USB de 4 puertos<\/strong> para aportar un extra de conectividad a tu equipo: 1 x USB3.0 + 3 x USB2.0<\/p>\n<p>Patas plegables que permiten ajustar el monitor en <strong>dos alturas<\/strong> para conseguir la posici&oacute;n de uso m&aacute;s c&oacute;moda.<\/p>\n<p><strong>Caj&oacute;n de almacenamiento<\/strong> para bol&iacute;grafos o notas y <strong>soporte para smartphone<\/strong> incluidos.<\/p>\n<p>&nbsp;<\/p>\n<table class=\"tabla_caracteristicas\" width=\"100%\">\n<tr>\n<td valign=\"top\"><strong>Marca<\/strong><\/td>\n<td><strong>DEEP GAMING<\/strong><\/td>\n<\/tr>\n<tr>\n<td valign=\"top\"><strong>Modelo<\/strong><\/td>\n<td valign=\"top\"><strong>DG-MOB-06<\/strong><\/td>\n<\/tr>\n<tr>\n<td valign=\"top\"><strong>Caracter&iacute;sticas<\/strong><\/td>\n<td>&#8211; Iluminaci&oacute;n: RGB 10 modos.<br \/>\t\t\t&#8211; Puertos: 1 x USB3.0 + 3 x USB2.0<br \/>\t\t\t&#8211; Alimentaci&oacute;n: USB DC 5V<br \/>\t\t\t&#8211; Dimensiones soporte: 55 x 8 x 20 cm<br \/>\t\t\t&#8211; Dimensiones caj&oacute;n: 15 x 7 cm<br \/>\t\t\t&#8211; Superficie apoyo del monitor: 40 x 20 cm<br \/>\t\t\t&#8211; Peso: 1.5 kg<br \/>\t\t\t&#8211; Material: ABS<br \/>\t\t\t&#8211; Color: negro<\/td>\n<\/tr>\n<tr>\n<td valign=\"top\"><strong>Fecha de revisi&oacute;n<\/strong><\/td>\n<td>24-04-2023 por HBG<\/td>\n<\/tr>\n<\/table>\n","protected":false},"excerpt":{"rendered":"<p>Cambia entre los 10 efectos de luz RGB o desactiva la iluminaci&oacute;n con el bot&oacute;n situado en el frontal. Hub USB de 4 puertos para aportar un extra de conectividad a tu equipo: 1 x USB3.0 + 3 x USB2.0 Patas plegables que permiten ajustar el monitor en dos alturas para conseguir la posici&oacute;n de&hellip;&nbsp;<a href=\"https:\/\/aivlisoft.net\/shop\/producto\/deep-gaming-stand-para-monitor-hub-dg-mob-06\/\" rel=\"bookmark\"><span class=\"screen-reader-text\">DEEP GAMING Stand para monitor + hub DG-MOB-06<\/span><\/a><\/p>\n","protected":false},"featured_media":3601,"template":"","meta":{"neve_meta_sidebar":"","neve_meta_container":"","neve_meta_enable_content_width":"","neve_meta_content_width":0,"neve_meta_title_alignment":"","neve_meta_author_avatar":"","neve_post_elements_order":"","neve_meta_disable_header":"","neve_meta_disable_footer":"","neve_meta_disable_title":""},"product_brand":[],"product_cat":[15],"product_tag":[1078],"class_list":{"0":"post-3600","1":"product","2":"type-product","3":"status-publish","4":"has-post-thumbnail","6":"product_cat-sin-categorizar","7":"product_tag-dg-mob-06","9":"first","10":"instock","11":"taxable","12":"shipping-taxable","13":"purchasable","14":"product-type-simple"},"yoast_head":"<!-- This site is optimized with the Yoast SEO plugin v26.0 - https:\/\/yoast.com\/wordpress\/plugins\/seo\/ -->\n<title>DEEP GAMING Stand para monitor + hub DG-MOB-06 - Aivlisoft Inform\u00e1tica<\/title>\n<meta name=\"robots\" content=\"index, follow, max-snippet:-1, max-image-preview:large, max-video-preview:-1\" \/>\n<link rel=\"canonical\" href=\"https:\/\/aivlisoft.net\/shop\/producto\/deep-gaming-stand-para-monitor-hub-dg-mob-06\/\" \/>\n<meta property=\"og:locale\" content=\"es_ES\" \/>\n<meta property=\"og:type\" content=\"article\" \/>\n<meta property=\"og:title\" content=\"DEEP GAMING Stand para monitor + hub DG-MOB-06 - Aivlisoft Inform\u00e1tica\" \/>\n<meta property=\"og:description\" content=\"Cambia entre los 10 efectos de luz RGB o desactiva la iluminaci&oacute;n con el bot&oacute;n situado en el frontal. Hub USB de 4 puertos para aportar un extra de conectividad a tu equipo: 1 x USB3.0 + 3 x USB2.0 Patas plegables que permiten ajustar el monitor en dos alturas para conseguir la posici&oacute;n de&hellip;&nbsp;DEEP GAMING Stand para monitor + hub DG-MOB-06\" \/>\n<meta property=\"og:url\" content=\"https:\/\/aivlisoft.net\/shop\/producto\/deep-gaming-stand-para-monitor-hub-dg-mob-06\/\" \/>\n<meta property=\"og:site_name\" content=\"Aivlisoft Inform\u00e1tica\" \/>\n<meta property=\"article:modified_time\" content=\"2025-01-14T10:08:05+00:00\" \/>\n<meta property=\"og:image\" content=\"https:\/\/aivlisoft.net\/shop\/wp-content\/uploads\/2025\/01\/AISATV0339_800-1.jpg\" \/>\n\t<meta property=\"og:image:width\" content=\"800\" \/>\n\t<meta property=\"og:image:height\" content=\"800\" \/>\n\t<meta property=\"og:image:type\" content=\"image\/jpeg\" \/>\n<meta name=\"twitter:card\" content=\"summary_large_image\" \/>\n<meta name=\"twitter:label1\" content=\"Tiempo de lectura\" \/>\n\t<meta name=\"twitter:data1\" content=\"1 minuto\" \/>\n<script type=\"application\/ld+json\" class=\"yoast-schema-graph\">{\"@context\":\"https:\/\/schema.org\",\"@graph\":[{\"@type\":\"WebPage\",\"@id\":\"https:\/\/aivlisoft.net\/shop\/producto\/deep-gaming-stand-para-monitor-hub-dg-mob-06\/\",\"url\":\"https:\/\/aivlisoft.net\/shop\/producto\/deep-gaming-stand-para-monitor-hub-dg-mob-06\/\",\"name\":\"DEEP GAMING Stand para monitor + hub DG-MOB-06 - Aivlisoft Inform\u00e1tica\",\"isPartOf\":{\"@id\":\"https:\/\/aivlisoft.net\/shop\/#website\"},\"primaryImageOfPage\":{\"@id\":\"https:\/\/aivlisoft.net\/shop\/producto\/deep-gaming-stand-para-monitor-hub-dg-mob-06\/#primaryimage\"},\"image\":{\"@id\":\"https:\/\/aivlisoft.net\/shop\/producto\/deep-gaming-stand-para-monitor-hub-dg-mob-06\/#primaryimage\"},\"thumbnailUrl\":\"https:\/\/aivlisoft.net\/shop\/wp-content\/uploads\/2025\/01\/AISATV0339_800-1.jpg\",\"datePublished\":\"2025-01-13T13:15:10+00:00\",\"dateModified\":\"2025-01-14T10:08:05+00:00\",\"breadcrumb\":{\"@id\":\"https:\/\/aivlisoft.net\/shop\/producto\/deep-gaming-stand-para-monitor-hub-dg-mob-06\/#breadcrumb\"},\"inLanguage\":\"es\",\"potentialAction\":[{\"@type\":\"ReadAction\",\"target\":[\"https:\/\/aivlisoft.net\/shop\/producto\/deep-gaming-stand-para-monitor-hub-dg-mob-06\/\"]}]},{\"@type\":\"ImageObject\",\"inLanguage\":\"es\",\"@id\":\"https:\/\/aivlisoft.net\/shop\/producto\/deep-gaming-stand-para-monitor-hub-dg-mob-06\/#primaryimage\",\"url\":\"https:\/\/aivlisoft.net\/shop\/wp-content\/uploads\/2025\/01\/AISATV0339_800-1.jpg\",\"contentUrl\":\"https:\/\/aivlisoft.net\/shop\/wp-content\/uploads\/2025\/01\/AISATV0339_800-1.jpg\",\"width\":800,\"height\":800},{\"@type\":\"BreadcrumbList\",\"@id\":\"https:\/\/aivlisoft.net\/shop\/producto\/deep-gaming-stand-para-monitor-hub-dg-mob-06\/#breadcrumb\",\"itemListElement\":[{\"@type\":\"ListItem\",\"position\":1,\"name\":\"Portada\",\"item\":\"https:\/\/aivlisoft.net\/shop\/\"},{\"@type\":\"ListItem\",\"position\":2,\"name\":\"Tienda\",\"item\":\"https:\/\/aivlisoft.net\/shop\/tienda\/\"},{\"@type\":\"ListItem\",\"position\":3,\"name\":\"DEEP GAMING Stand para monitor + hub DG-MOB-06\"}]},{\"@type\":\"WebSite\",\"@id\":\"https:\/\/aivlisoft.net\/shop\/#website\",\"url\":\"https:\/\/aivlisoft.net\/shop\/\",\"name\":\"Aivlisoft Inform\u00e1tica\",\"description\":\"En Aivlisoft Inform\u00e1tica ofrecemos soluciones tecnol\u00f3gicas para empresas: venta de ordenadores, consumibles, perif\u00e9ricos y m\u00e1s. Calidad, atenci\u00f3n personalizada y los mejores precios para tu negocio.\",\"publisher\":{\"@id\":\"https:\/\/aivlisoft.net\/shop\/#organization\"},\"potentialAction\":[{\"@type\":\"SearchAction\",\"target\":{\"@type\":\"EntryPoint\",\"urlTemplate\":\"https:\/\/aivlisoft.net\/shop\/?s={search_term_string}\"},\"query-input\":{\"@type\":\"PropertyValueSpecification\",\"valueRequired\":true,\"valueName\":\"search_term_string\"}}],\"inLanguage\":\"es\"},{\"@type\":\"Organization\",\"@id\":\"https:\/\/aivlisoft.net\/shop\/#organization\",\"name\":\"Aivlisoft Inform\u00e1tica\",\"url\":\"https:\/\/aivlisoft.net\/shop\/\",\"logo\":{\"@type\":\"ImageObject\",\"inLanguage\":\"es\",\"@id\":\"https:\/\/aivlisoft.net\/shop\/#\/schema\/logo\/image\/\",\"url\":\"https:\/\/aivlisoft.net\/shop\/wp-content\/uploads\/2024\/12\/removal.ai_5b848c54-0cdf-4140-95c5-c5536bb7573b-logodef.png\",\"contentUrl\":\"https:\/\/aivlisoft.net\/shop\/wp-content\/uploads\/2024\/12\/removal.ai_5b848c54-0cdf-4140-95c5-c5536bb7573b-logodef.png\",\"width\":484,\"height\":182,\"caption\":\"Aivlisoft Inform\u00e1tica\"},\"image\":{\"@id\":\"https:\/\/aivlisoft.net\/shop\/#\/schema\/logo\/image\/\"}}]}<\/script>\n<!-- \/ Yoast SEO plugin. -->","yoast_head_json":{"title":"DEEP GAMING Stand para monitor + hub DG-MOB-06 - Aivlisoft Inform\u00e1tica","robots":{"index":"index","follow":"follow","max-snippet":"max-snippet:-1","max-image-preview":"max-image-preview:large","max-video-preview":"max-video-preview:-1"},"canonical":"https:\/\/aivlisoft.net\/shop\/producto\/deep-gaming-stand-para-monitor-hub-dg-mob-06\/","og_locale":"es_ES","og_type":"article","og_title":"DEEP GAMING Stand para monitor + hub DG-MOB-06 - Aivlisoft Inform\u00e1tica","og_description":"Cambia entre los 10 efectos de luz RGB o desactiva la iluminaci&oacute;n con el bot&oacute;n situado en el frontal. Hub USB de 4 puertos para aportar un extra de conectividad a tu equipo: 1 x USB3.0 + 3 x USB2.0 Patas plegables que permiten ajustar el monitor en dos alturas para conseguir la posici&oacute;n de&hellip;&nbsp;DEEP GAMING Stand para monitor + hub DG-MOB-06","og_url":"https:\/\/aivlisoft.net\/shop\/producto\/deep-gaming-stand-para-monitor-hub-dg-mob-06\/","og_site_name":"Aivlisoft Inform\u00e1tica","article_modified_time":"2025-01-14T10:08:05+00:00","og_image":[{"width":800,"height":800,"url":"https:\/\/aivlisoft.net\/shop\/wp-content\/uploads\/2025\/01\/AISATV0339_800-1.jpg","type":"image\/jpeg"}],"twitter_card":"summary_large_image","twitter_misc":{"Tiempo de lectura":"1 minuto"},"schema":{"@context":"https:\/\/schema.org","@graph":[{"@type":"WebPage","@id":"https:\/\/aivlisoft.net\/shop\/producto\/deep-gaming-stand-para-monitor-hub-dg-mob-06\/","url":"https:\/\/aivlisoft.net\/shop\/producto\/deep-gaming-stand-para-monitor-hub-dg-mob-06\/","name":"DEEP GAMING Stand para monitor + hub DG-MOB-06 - Aivlisoft Inform\u00e1tica","isPartOf":{"@id":"https:\/\/aivlisoft.net\/shop\/#website"},"primaryImageOfPage":{"@id":"https:\/\/aivlisoft.net\/shop\/producto\/deep-gaming-stand-para-monitor-hub-dg-mob-06\/#primaryimage"},"image":{"@id":"https:\/\/aivlisoft.net\/shop\/producto\/deep-gaming-stand-para-monitor-hub-dg-mob-06\/#primaryimage"},"thumbnailUrl":"https:\/\/aivlisoft.net\/shop\/wp-content\/uploads\/2025\/01\/AISATV0339_800-1.jpg","datePublished":"2025-01-13T13:15:10+00:00","dateModified":"2025-01-14T10:08:05+00:00","breadcrumb":{"@id":"https:\/\/aivlisoft.net\/shop\/producto\/deep-gaming-stand-para-monitor-hub-dg-mob-06\/#breadcrumb"},"inLanguage":"es","potentialAction":[{"@type":"ReadAction","target":["https:\/\/aivlisoft.net\/shop\/producto\/deep-gaming-stand-para-monitor-hub-dg-mob-06\/"]}]},{"@type":"ImageObject","inLanguage":"es","@id":"https:\/\/aivlisoft.net\/shop\/producto\/deep-gaming-stand-para-monitor-hub-dg-mob-06\/#primaryimage","url":"https:\/\/aivlisoft.net\/shop\/wp-content\/uploads\/2025\/01\/AISATV0339_800-1.jpg","contentUrl":"https:\/\/aivlisoft.net\/shop\/wp-content\/uploads\/2025\/01\/AISATV0339_800-1.jpg","width":800,"height":800},{"@type":"BreadcrumbList","@id":"https:\/\/aivlisoft.net\/shop\/producto\/deep-gaming-stand-para-monitor-hub-dg-mob-06\/#breadcrumb","itemListElement":[{"@type":"ListItem","position":1,"name":"Portada","item":"https:\/\/aivlisoft.net\/shop\/"},{"@type":"ListItem","position":2,"name":"Tienda","item":"https:\/\/aivlisoft.net\/shop\/tienda\/"},{"@type":"ListItem","position":3,"name":"DEEP GAMING Stand para monitor + hub DG-MOB-06"}]},{"@type":"WebSite","@id":"https:\/\/aivlisoft.net\/shop\/#website","url":"https:\/\/aivlisoft.net\/shop\/","name":"Aivlisoft Inform\u00e1tica","description":"En Aivlisoft Inform\u00e1tica ofrecemos soluciones tecnol\u00f3gicas para empresas: venta de ordenadores, consumibles, perif\u00e9ricos y m\u00e1s. Calidad, atenci\u00f3n personalizada y los mejores precios para tu negocio.","publisher":{"@id":"https:\/\/aivlisoft.net\/shop\/#organization"},"potentialAction":[{"@type":"SearchAction","target":{"@type":"EntryPoint","urlTemplate":"https:\/\/aivlisoft.net\/shop\/?s={search_term_string}"},"query-input":{"@type":"PropertyValueSpecification","valueRequired":true,"valueName":"search_term_string"}}],"inLanguage":"es"},{"@type":"Organization","@id":"https:\/\/aivlisoft.net\/shop\/#organization","name":"Aivlisoft Inform\u00e1tica","url":"https:\/\/aivlisoft.net\/shop\/","logo":{"@type":"ImageObject","inLanguage":"es","@id":"https:\/\/aivlisoft.net\/shop\/#\/schema\/logo\/image\/","url":"https:\/\/aivlisoft.net\/shop\/wp-content\/uploads\/2024\/12\/removal.ai_5b848c54-0cdf-4140-95c5-c5536bb7573b-logodef.png","contentUrl":"https:\/\/aivlisoft.net\/shop\/wp-content\/uploads\/2024\/12\/removal.ai_5b848c54-0cdf-4140-95c5-c5536bb7573b-logodef.png","width":484,"height":182,"caption":"Aivlisoft Inform\u00e1tica"},"image":{"@id":"https:\/\/aivlisoft.net\/shop\/#\/schema\/logo\/image\/"}}]}},"_links":{"self":[{"href":"https:\/\/aivlisoft.net\/shop\/wp-json\/wp\/v2\/product\/3600","targetHints":{"allow":["GET"]}}],"collection":[{"href":"https:\/\/aivlisoft.net\/shop\/wp-json\/wp\/v2\/product"}],"about":[{"href":"https:\/\/aivlisoft.net\/shop\/wp-json\/wp\/v2\/types\/product"}],"wp:featuredmedia":[{"embeddable":true,"href":"https:\/\/aivlisoft.net\/shop\/wp-json\/wp\/v2\/media\/3601"}],"wp:attachment":[{"href":"https:\/\/aivlisoft.net\/shop\/wp-json\/wp\/v2\/media?parent=3600"}],"wp:term":[{"taxonomy":"product_brand","embeddable":true,"href":"https:\/\/aivlisoft.net\/shop\/wp-json\/wp\/v2\/product_brand?post=3600"},{"taxonomy":"product_cat","embeddable":true,"href":"https:\/\/aivlisoft.net\/shop\/wp-json\/wp\/v2\/product_cat?post=3600"},{"taxonomy":"product_tag","embeddable":true,"href":"https:\/\/aivlisoft.net\/shop\/wp-json\/wp\/v2\/product_tag?post=3600"}],"curies":[{"name":"wp","href":"https:\/\/api.w.org\/{rel}","templated":true}]}}