{"id":3582,"date":"2025-01-13T13:15:06","date_gmt":"2025-01-13T13:15:06","guid":{"rendered":"https:\/\/aivlisoft.com\/?post_type=product&#038;p=3582"},"modified":"2025-01-14T10:08:01","modified_gmt":"2025-01-14T10:08:01","slug":"nox-soporte-dual-monitor-13-27","status":"publish","type":"product","link":"https:\/\/aivlisoft.net\/shop\/producto\/nox-soporte-dual-monitor-13-27\/","title":{"rendered":"NOX Soporte Dual Monitor 13&#8243;-27&#8243;"},"content":{"rendered":"<p><strong>Nox Lite Dual Stand <\/strong>es un soporte doble para monitores de 13&rdquo; a 27&rdquo; robusto y fiable, con una excelente calidad que garantiza la estabilidad y la seguridad. Compatible con los est&aacute;ndares VESA 75 x 75 mm y 100 x 100 mm, cuenta con un dise&ntilde;o estructural compacto y muy resistente que le permite soportar hasta un m&aacute;ximo de 8 kilos de peso.<\/p>\n<p>La posici&oacute;n de los monitores se podr&aacute; ajustar f&aacute;cilmente gracias a sus dos brazos articulados. Teniendo en consideraci&oacute;n diferentes dimensiones de monitores, &aacute;ngulos de visi&oacute;n y tambi&eacute;n al propio usuario y su comodidad.<\/p>\n<div class=\"sc-csuQGl dTxUyp\">\n<div class=\"sc-Rmtcm goQien\" color=\"#6b727b\" font-size=\"1.5\"><strong>Ergonom&iacute;a m&aacute;xima<\/strong><br \/>Nox Lite Dual Stand es un funcional soporte para dos monitores que favorece una buena postura corporal evitando as&iacute; posibles molestias en la espalda, el cuello o los hombros. Permite situar los monitores a la altura de la vista, reduciendo de esta manera la tensi&oacute;n en dichas zonas del cuerpo.<br \/>&nbsp;<\/p>\n<div class=\"sc-csuQGl dTxUyp\">\n<div class=\"sc-Rmtcm goQien\" color=\"#6b727b\" font-size=\"1.5\"><strong>Instalaci&oacute;n sencilla<\/strong><br \/>Nox Nox Lite Dual Stand es un sistema de soporte doble monitor para escritorio muy f&aacute;cil de instalar. Sin dificultades, podr&aacute;s acoplar el soporte para tus dos monitores al escritorio gracias a su abrazadera, que te permitir&aacute; situar c&oacute;modamente el soporte en tu mesa de trabajo.<\/div>\n<\/div>\n<\/div>\n<\/div>\n<div>\n<p>Ajustable en cuatro dimensiones, altura, rotaci&oacute;n, giro e inclinaci&oacute;n, permitiendo as&iacute;, trabajar con los monitores en posici&oacute;n horizontal y tambi&eacute;n en vertical.<\/p>\n<\/div>\n<div>&nbsp;<\/div>\n<p>&nbsp;<\/p>\n<table class=\"tabla_caracteristicas\" width=\"100%\">\n<tr>\n<td><strong>Marca<\/strong><\/td>\n<td>NOX<\/td>\n<\/tr>\n<tr>\n<td><strong>Modelo<\/strong><\/td>\n<td><strong>NXLITEDSTAND <\/strong><\/td>\n<\/tr>\n<tr>\n<td><strong>Caracteristicas<\/strong><\/td>\n<td>&#8211; Pantallas soportadas: 13&quot;-27&quot;<br \/>\t\t\t&#8211; Compatible con VESA: 75&#215;75 y 100&#215;100<br \/>\t\t\t&#8211; Peso m&aacute;ximo soportado de pantalla: 8 kg<br \/>\t\t\t&#8211; Inclinaci&oacute;n ajustable: -15&deg; \/ +15&deg;<br \/>\t\t\t&#8211; Rotaci&oacute;n ajustable: 180&ordm;<br \/>\t\t\t&#8211; Giro ajustable: 180&ordm;<br \/>\t\t\t&#8211; Altura ajustable: 600 mm (M&aacute;x.)<br \/>\t\t\t&#8211; Longitud ajustable: 490 mm (M&aacute;x.)<br \/>\t\t\t<strong>Contenido<\/strong><br \/>\t\t\t&#8211; Soporte montaje monitor<br \/>\t\t\t&#8211; Tornillos<br \/>\t\t\t&#8211; Gu&iacute;a de usuario<\/td>\n<\/tr>\n<tr>\n<td><strong>Fecha de revisi&oacute;n<\/strong><\/td>\n<td>10-01-2023 por RTY<\/td>\n<\/tr>\n<\/table>\n","protected":false},"excerpt":{"rendered":"<p>Nox Lite Dual Stand es un soporte doble para monitores de 13&rdquo; a 27&rdquo; robusto y fiable, con una excelente calidad que garantiza la estabilidad y la seguridad. Compatible con los est&aacute;ndares VESA 75 x 75 mm y 100 x 100 mm, cuenta con un dise&ntilde;o estructural compacto y muy resistente que le permite soportar&hellip;&nbsp;<a href=\"https:\/\/aivlisoft.net\/shop\/producto\/nox-soporte-dual-monitor-13-27\/\" rel=\"bookmark\"><span class=\"screen-reader-text\">NOX Soporte Dual Monitor 13&#8243;-27&#8243;<\/span><\/a><\/p>\n","protected":false},"featured_media":3583,"template":"","meta":{"neve_meta_sidebar":"","neve_meta_container":"","neve_meta_enable_content_width":"","neve_meta_content_width":0,"neve_meta_title_alignment":"","neve_meta_author_avatar":"","neve_post_elements_order":"","neve_meta_disable_header":"","neve_meta_disable_footer":"","neve_meta_disable_title":""},"product_brand":[],"product_cat":[15],"product_tag":[1074],"class_list":{"0":"post-3582","1":"product","2":"type-product","3":"status-publish","4":"has-post-thumbnail","6":"product_cat-sin-categorizar","7":"product_tag-nxlitedstand","9":"first","10":"instock","11":"taxable","12":"shipping-taxable","13":"purchasable","14":"product-type-simple"},"yoast_head":"<!-- This site is optimized with the Yoast SEO plugin v26.0 - https:\/\/yoast.com\/wordpress\/plugins\/seo\/ -->\n<title>NOX Soporte Dual Monitor 13&quot;-27&quot; - Aivlisoft Inform\u00e1tica<\/title>\n<meta name=\"robots\" content=\"index, follow, max-snippet:-1, max-image-preview:large, max-video-preview:-1\" \/>\n<link rel=\"canonical\" href=\"https:\/\/aivlisoft.net\/shop\/producto\/nox-soporte-dual-monitor-13-27\/\" \/>\n<meta property=\"og:locale\" content=\"es_ES\" \/>\n<meta property=\"og:type\" content=\"article\" \/>\n<meta property=\"og:title\" content=\"NOX Soporte Dual Monitor 13&quot;-27&quot; - Aivlisoft Inform\u00e1tica\" \/>\n<meta property=\"og:description\" content=\"Nox Lite Dual Stand es un soporte doble para monitores de 13&rdquo; a 27&rdquo; robusto y fiable, con una excelente calidad que garantiza la estabilidad y la seguridad. Compatible con los est&aacute;ndares VESA 75 x 75 mm y 100 x 100 mm, cuenta con un dise&ntilde;o estructural compacto y muy resistente que le permite soportar&hellip;&nbsp;NOX Soporte Dual Monitor 13&#8243;-27&#8243;\" \/>\n<meta property=\"og:url\" content=\"https:\/\/aivlisoft.net\/shop\/producto\/nox-soporte-dual-monitor-13-27\/\" \/>\n<meta property=\"og:site_name\" content=\"Aivlisoft Inform\u00e1tica\" \/>\n<meta property=\"article:modified_time\" content=\"2025-01-14T10:08:01+00:00\" \/>\n<meta property=\"og:image\" content=\"https:\/\/aivlisoft.net\/shop\/wp-content\/uploads\/2025\/01\/AISATV0335_800-1.jpg\" \/>\n\t<meta property=\"og:image:width\" content=\"800\" \/>\n\t<meta property=\"og:image:height\" content=\"800\" \/>\n\t<meta property=\"og:image:type\" content=\"image\/jpeg\" \/>\n<meta name=\"twitter:card\" content=\"summary_large_image\" \/>\n<meta name=\"twitter:label1\" content=\"Tiempo de lectura\" \/>\n\t<meta name=\"twitter:data1\" content=\"2 minutos\" \/>\n<script type=\"application\/ld+json\" class=\"yoast-schema-graph\">{\"@context\":\"https:\/\/schema.org\",\"@graph\":[{\"@type\":\"WebPage\",\"@id\":\"https:\/\/aivlisoft.net\/shop\/producto\/nox-soporte-dual-monitor-13-27\/\",\"url\":\"https:\/\/aivlisoft.net\/shop\/producto\/nox-soporte-dual-monitor-13-27\/\",\"name\":\"NOX Soporte Dual Monitor 13\\\"-27\\\" - Aivlisoft Inform\u00e1tica\",\"isPartOf\":{\"@id\":\"https:\/\/aivlisoft.net\/shop\/#website\"},\"primaryImageOfPage\":{\"@id\":\"https:\/\/aivlisoft.net\/shop\/producto\/nox-soporte-dual-monitor-13-27\/#primaryimage\"},\"image\":{\"@id\":\"https:\/\/aivlisoft.net\/shop\/producto\/nox-soporte-dual-monitor-13-27\/#primaryimage\"},\"thumbnailUrl\":\"https:\/\/aivlisoft.net\/shop\/wp-content\/uploads\/2025\/01\/AISATV0335_800-1.jpg\",\"datePublished\":\"2025-01-13T13:15:06+00:00\",\"dateModified\":\"2025-01-14T10:08:01+00:00\",\"breadcrumb\":{\"@id\":\"https:\/\/aivlisoft.net\/shop\/producto\/nox-soporte-dual-monitor-13-27\/#breadcrumb\"},\"inLanguage\":\"es\",\"potentialAction\":[{\"@type\":\"ReadAction\",\"target\":[\"https:\/\/aivlisoft.net\/shop\/producto\/nox-soporte-dual-monitor-13-27\/\"]}]},{\"@type\":\"ImageObject\",\"inLanguage\":\"es\",\"@id\":\"https:\/\/aivlisoft.net\/shop\/producto\/nox-soporte-dual-monitor-13-27\/#primaryimage\",\"url\":\"https:\/\/aivlisoft.net\/shop\/wp-content\/uploads\/2025\/01\/AISATV0335_800-1.jpg\",\"contentUrl\":\"https:\/\/aivlisoft.net\/shop\/wp-content\/uploads\/2025\/01\/AISATV0335_800-1.jpg\",\"width\":800,\"height\":800},{\"@type\":\"BreadcrumbList\",\"@id\":\"https:\/\/aivlisoft.net\/shop\/producto\/nox-soporte-dual-monitor-13-27\/#breadcrumb\",\"itemListElement\":[{\"@type\":\"ListItem\",\"position\":1,\"name\":\"Portada\",\"item\":\"https:\/\/aivlisoft.net\/shop\/\"},{\"@type\":\"ListItem\",\"position\":2,\"name\":\"Tienda\",\"item\":\"https:\/\/aivlisoft.net\/shop\/tienda\/\"},{\"@type\":\"ListItem\",\"position\":3,\"name\":\"NOX Soporte Dual Monitor 13&#8243;-27&#8243;\"}]},{\"@type\":\"WebSite\",\"@id\":\"https:\/\/aivlisoft.net\/shop\/#website\",\"url\":\"https:\/\/aivlisoft.net\/shop\/\",\"name\":\"Aivlisoft Inform\u00e1tica\",\"description\":\"En Aivlisoft Inform\u00e1tica ofrecemos soluciones tecnol\u00f3gicas para empresas: venta de ordenadores, consumibles, perif\u00e9ricos y m\u00e1s. Calidad, atenci\u00f3n personalizada y los mejores precios para tu negocio.\",\"publisher\":{\"@id\":\"https:\/\/aivlisoft.net\/shop\/#organization\"},\"potentialAction\":[{\"@type\":\"SearchAction\",\"target\":{\"@type\":\"EntryPoint\",\"urlTemplate\":\"https:\/\/aivlisoft.net\/shop\/?s={search_term_string}\"},\"query-input\":{\"@type\":\"PropertyValueSpecification\",\"valueRequired\":true,\"valueName\":\"search_term_string\"}}],\"inLanguage\":\"es\"},{\"@type\":\"Organization\",\"@id\":\"https:\/\/aivlisoft.net\/shop\/#organization\",\"name\":\"Aivlisoft Inform\u00e1tica\",\"url\":\"https:\/\/aivlisoft.net\/shop\/\",\"logo\":{\"@type\":\"ImageObject\",\"inLanguage\":\"es\",\"@id\":\"https:\/\/aivlisoft.net\/shop\/#\/schema\/logo\/image\/\",\"url\":\"https:\/\/aivlisoft.net\/shop\/wp-content\/uploads\/2024\/12\/removal.ai_5b848c54-0cdf-4140-95c5-c5536bb7573b-logodef.png\",\"contentUrl\":\"https:\/\/aivlisoft.net\/shop\/wp-content\/uploads\/2024\/12\/removal.ai_5b848c54-0cdf-4140-95c5-c5536bb7573b-logodef.png\",\"width\":484,\"height\":182,\"caption\":\"Aivlisoft Inform\u00e1tica\"},\"image\":{\"@id\":\"https:\/\/aivlisoft.net\/shop\/#\/schema\/logo\/image\/\"}}]}<\/script>\n<!-- \/ Yoast SEO plugin. -->","yoast_head_json":{"title":"NOX Soporte Dual Monitor 13\"-27\" - Aivlisoft Inform\u00e1tica","robots":{"index":"index","follow":"follow","max-snippet":"max-snippet:-1","max-image-preview":"max-image-preview:large","max-video-preview":"max-video-preview:-1"},"canonical":"https:\/\/aivlisoft.net\/shop\/producto\/nox-soporte-dual-monitor-13-27\/","og_locale":"es_ES","og_type":"article","og_title":"NOX Soporte Dual Monitor 13\"-27\" - Aivlisoft Inform\u00e1tica","og_description":"Nox Lite Dual Stand es un soporte doble para monitores de 13&rdquo; a 27&rdquo; robusto y fiable, con una excelente calidad que garantiza la estabilidad y la seguridad. Compatible con los est&aacute;ndares VESA 75 x 75 mm y 100 x 100 mm, cuenta con un dise&ntilde;o estructural compacto y muy resistente que le permite soportar&hellip;&nbsp;NOX Soporte Dual Monitor 13&#8243;-27&#8243;","og_url":"https:\/\/aivlisoft.net\/shop\/producto\/nox-soporte-dual-monitor-13-27\/","og_site_name":"Aivlisoft Inform\u00e1tica","article_modified_time":"2025-01-14T10:08:01+00:00","og_image":[{"width":800,"height":800,"url":"https:\/\/aivlisoft.net\/shop\/wp-content\/uploads\/2025\/01\/AISATV0335_800-1.jpg","type":"image\/jpeg"}],"twitter_card":"summary_large_image","twitter_misc":{"Tiempo de lectura":"2 minutos"},"schema":{"@context":"https:\/\/schema.org","@graph":[{"@type":"WebPage","@id":"https:\/\/aivlisoft.net\/shop\/producto\/nox-soporte-dual-monitor-13-27\/","url":"https:\/\/aivlisoft.net\/shop\/producto\/nox-soporte-dual-monitor-13-27\/","name":"NOX Soporte Dual Monitor 13\"-27\" - Aivlisoft Inform\u00e1tica","isPartOf":{"@id":"https:\/\/aivlisoft.net\/shop\/#website"},"primaryImageOfPage":{"@id":"https:\/\/aivlisoft.net\/shop\/producto\/nox-soporte-dual-monitor-13-27\/#primaryimage"},"image":{"@id":"https:\/\/aivlisoft.net\/shop\/producto\/nox-soporte-dual-monitor-13-27\/#primaryimage"},"thumbnailUrl":"https:\/\/aivlisoft.net\/shop\/wp-content\/uploads\/2025\/01\/AISATV0335_800-1.jpg","datePublished":"2025-01-13T13:15:06+00:00","dateModified":"2025-01-14T10:08:01+00:00","breadcrumb":{"@id":"https:\/\/aivlisoft.net\/shop\/producto\/nox-soporte-dual-monitor-13-27\/#breadcrumb"},"inLanguage":"es","potentialAction":[{"@type":"ReadAction","target":["https:\/\/aivlisoft.net\/shop\/producto\/nox-soporte-dual-monitor-13-27\/"]}]},{"@type":"ImageObject","inLanguage":"es","@id":"https:\/\/aivlisoft.net\/shop\/producto\/nox-soporte-dual-monitor-13-27\/#primaryimage","url":"https:\/\/aivlisoft.net\/shop\/wp-content\/uploads\/2025\/01\/AISATV0335_800-1.jpg","contentUrl":"https:\/\/aivlisoft.net\/shop\/wp-content\/uploads\/2025\/01\/AISATV0335_800-1.jpg","width":800,"height":800},{"@type":"BreadcrumbList","@id":"https:\/\/aivlisoft.net\/shop\/producto\/nox-soporte-dual-monitor-13-27\/#breadcrumb","itemListElement":[{"@type":"ListItem","position":1,"name":"Portada","item":"https:\/\/aivlisoft.net\/shop\/"},{"@type":"ListItem","position":2,"name":"Tienda","item":"https:\/\/aivlisoft.net\/shop\/tienda\/"},{"@type":"ListItem","position":3,"name":"NOX Soporte Dual Monitor 13&#8243;-27&#8243;"}]},{"@type":"WebSite","@id":"https:\/\/aivlisoft.net\/shop\/#website","url":"https:\/\/aivlisoft.net\/shop\/","name":"Aivlisoft Inform\u00e1tica","description":"En Aivlisoft Inform\u00e1tica ofrecemos soluciones tecnol\u00f3gicas para empresas: venta de ordenadores, consumibles, perif\u00e9ricos y m\u00e1s. Calidad, atenci\u00f3n personalizada y los mejores precios para tu negocio.","publisher":{"@id":"https:\/\/aivlisoft.net\/shop\/#organization"},"potentialAction":[{"@type":"SearchAction","target":{"@type":"EntryPoint","urlTemplate":"https:\/\/aivlisoft.net\/shop\/?s={search_term_string}"},"query-input":{"@type":"PropertyValueSpecification","valueRequired":true,"valueName":"search_term_string"}}],"inLanguage":"es"},{"@type":"Organization","@id":"https:\/\/aivlisoft.net\/shop\/#organization","name":"Aivlisoft Inform\u00e1tica","url":"https:\/\/aivlisoft.net\/shop\/","logo":{"@type":"ImageObject","inLanguage":"es","@id":"https:\/\/aivlisoft.net\/shop\/#\/schema\/logo\/image\/","url":"https:\/\/aivlisoft.net\/shop\/wp-content\/uploads\/2024\/12\/removal.ai_5b848c54-0cdf-4140-95c5-c5536bb7573b-logodef.png","contentUrl":"https:\/\/aivlisoft.net\/shop\/wp-content\/uploads\/2024\/12\/removal.ai_5b848c54-0cdf-4140-95c5-c5536bb7573b-logodef.png","width":484,"height":182,"caption":"Aivlisoft Inform\u00e1tica"},"image":{"@id":"https:\/\/aivlisoft.net\/shop\/#\/schema\/logo\/image\/"}}]}},"_links":{"self":[{"href":"https:\/\/aivlisoft.net\/shop\/wp-json\/wp\/v2\/product\/3582","targetHints":{"allow":["GET"]}}],"collection":[{"href":"https:\/\/aivlisoft.net\/shop\/wp-json\/wp\/v2\/product"}],"about":[{"href":"https:\/\/aivlisoft.net\/shop\/wp-json\/wp\/v2\/types\/product"}],"wp:featuredmedia":[{"embeddable":true,"href":"https:\/\/aivlisoft.net\/shop\/wp-json\/wp\/v2\/media\/3583"}],"wp:attachment":[{"href":"https:\/\/aivlisoft.net\/shop\/wp-json\/wp\/v2\/media?parent=3582"}],"wp:term":[{"taxonomy":"product_brand","embeddable":true,"href":"https:\/\/aivlisoft.net\/shop\/wp-json\/wp\/v2\/product_brand?post=3582"},{"taxonomy":"product_cat","embeddable":true,"href":"https:\/\/aivlisoft.net\/shop\/wp-json\/wp\/v2\/product_cat?post=3582"},{"taxonomy":"product_tag","embeddable":true,"href":"https:\/\/aivlisoft.net\/shop\/wp-json\/wp\/v2\/product_tag?post=3582"}],"curies":[{"name":"wp","href":"https:\/\/api.w.org\/{rel}","templated":true}]}}