{"id":3515,"date":"2025-01-13T13:14:34","date_gmt":"2025-01-13T13:14:34","guid":{"rendered":"https:\/\/aivlisoft.com\/?post_type=product&#038;p=3515"},"modified":"2025-01-14T10:07:42","modified_gmt":"2025-01-14T10:07:42","slug":"tooq-soporte-pared-lp1043f-b-pantallas-23-43","status":"publish","type":"product","link":"https:\/\/aivlisoft.net\/shop\/producto\/tooq-soporte-pared-lp1043f-b-pantallas-23-43\/","title":{"rendered":"Tooq Soporte pared LP1043F-B pantallas 23&#8243;-43&#8243;"},"content":{"rendered":"<p><strong>Un b&aacute;sico en la familia TooQ.<\/strong><\/p>\n<p>Con nuestro soporte tendr&aacute;s una instalaci&oacute;n limpia y ordenada, podr&aacute;s colgar tu pantalla a la pared y ahorrar espacio.<\/p>\n<table class=\"tabla_caracteristicas\" width=\"100%\">\n<tr>\n<td valign=\"top\"><strong>Marca<\/strong><\/td>\n<td>Tooq<\/td>\n<\/tr>\n<tr>\n<td valign=\"top\"><strong>Modelo<\/strong><\/td>\n<td><strong>LP1043F-B<\/strong><\/td>\n<\/tr>\n<tr>\n<td valign=\"top\"><strong>Caracter&iacute;sticas<\/strong><\/td>\n<td>&#8211; Pantallas soportadas: 23&quot;-43&quot;<br \/>\t\t\t&#8211; Compatible con VESA: 50&#215;50, 75&#215;75, 100&#215;100, 100&#215;150, 100&#215;200, 150&#215;100, 150&#215;150, 200&#215;100, 200&#215;200<br \/>\t\t\t&#8211; Peso m&aacute;ximo soportado de pantalla: 45 kg<br \/>\t\t\t&#8211; Distancia de pared: 20 mm<br \/>\t\t\t&#8211; Color: Negro<br \/>\t\t\t&#8211; Peso neto: 0,51 kg. Peso bruto: 0,60 kg<br \/>\t\t\t&#8211; Medidas del embalaje: 270x175x28 mm<br \/>\t\t\t<strong>Contenido del Paquete<\/strong><br \/>\t\t\t&#8211; 1 x Soporte<br \/>\t\t\t&#8211; 1 x Kit montaje (no incluye herramientas)<\/td>\n<\/tr>\n<tr>\n<td valign=\"top\"><strong>Fecha de revisi&oacute;n<\/strong><\/td>\n<td>26-08-2022 por MPM<\/td>\n<\/tr>\n<\/table>\n","protected":false},"excerpt":{"rendered":"<p>Un b&aacute;sico en la familia TooQ. Con nuestro soporte tendr&aacute;s una instalaci&oacute;n limpia y ordenada, podr&aacute;s colgar tu pantalla a la pared y ahorrar espacio. Marca Tooq Modelo LP1043F-B Caracter&iacute;sticas &#8211; Pantallas soportadas: 23&quot;-43&quot; &#8211; Compatible con VESA: 50&#215;50, 75&#215;75, 100&#215;100, 100&#215;150, 100&#215;200, 150&#215;100, 150&#215;150, 200&#215;100, 200&#215;200 &#8211; Peso m&aacute;ximo soportado de pantalla: 45 kg&hellip;&nbsp;<a href=\"https:\/\/aivlisoft.net\/shop\/producto\/tooq-soporte-pared-lp1043f-b-pantallas-23-43\/\" rel=\"bookmark\"><span class=\"screen-reader-text\">Tooq Soporte pared LP1043F-B pantallas 23&#8243;-43&#8243;<\/span><\/a><\/p>\n","protected":false},"featured_media":3516,"template":"","meta":{"neve_meta_sidebar":"","neve_meta_container":"","neve_meta_enable_content_width":"","neve_meta_content_width":0,"neve_meta_title_alignment":"","neve_meta_author_avatar":"","neve_post_elements_order":"","neve_meta_disable_header":"","neve_meta_disable_footer":"","neve_meta_disable_title":""},"product_brand":[],"product_cat":[15],"product_tag":[1058],"class_list":{"0":"post-3515","1":"product","2":"type-product","3":"status-publish","4":"has-post-thumbnail","6":"product_cat-sin-categorizar","7":"product_tag-lp1043f-b","9":"first","10":"instock","11":"taxable","12":"shipping-taxable","13":"purchasable","14":"product-type-simple"},"yoast_head":"<!-- This site is optimized with the Yoast SEO plugin v26.0 - https:\/\/yoast.com\/wordpress\/plugins\/seo\/ -->\n<title>Tooq Soporte pared LP1043F-B pantallas 23&quot;-43&quot; - Aivlisoft Inform\u00e1tica<\/title>\n<meta name=\"robots\" content=\"index, follow, max-snippet:-1, max-image-preview:large, max-video-preview:-1\" \/>\n<link rel=\"canonical\" href=\"https:\/\/aivlisoft.net\/shop\/producto\/tooq-soporte-pared-lp1043f-b-pantallas-23-43\/\" \/>\n<meta property=\"og:locale\" content=\"es_ES\" \/>\n<meta property=\"og:type\" content=\"article\" \/>\n<meta property=\"og:title\" content=\"Tooq Soporte pared LP1043F-B pantallas 23&quot;-43&quot; - Aivlisoft Inform\u00e1tica\" \/>\n<meta property=\"og:description\" content=\"Un b&aacute;sico en la familia TooQ. Con nuestro soporte tendr&aacute;s una instalaci&oacute;n limpia y ordenada, podr&aacute;s colgar tu pantalla a la pared y ahorrar espacio. Marca Tooq Modelo LP1043F-B Caracter&iacute;sticas &#8211; Pantallas soportadas: 23&quot;-43&quot; &#8211; Compatible con VESA: 50&#215;50, 75&#215;75, 100&#215;100, 100&#215;150, 100&#215;200, 150&#215;100, 150&#215;150, 200&#215;100, 200&#215;200 &#8211; Peso m&aacute;ximo soportado de pantalla: 45 kg&hellip;&nbsp;Tooq Soporte pared LP1043F-B pantallas 23&#8243;-43&#8243;\" \/>\n<meta property=\"og:url\" content=\"https:\/\/aivlisoft.net\/shop\/producto\/tooq-soporte-pared-lp1043f-b-pantallas-23-43\/\" \/>\n<meta property=\"og:site_name\" content=\"Aivlisoft Inform\u00e1tica\" \/>\n<meta property=\"article:modified_time\" content=\"2025-01-14T10:07:42+00:00\" \/>\n<meta property=\"og:image\" content=\"https:\/\/aivlisoft.net\/shop\/wp-content\/uploads\/2025\/01\/AISATV0319_800-1.jpg\" \/>\n\t<meta property=\"og:image:width\" content=\"800\" \/>\n\t<meta property=\"og:image:height\" content=\"800\" \/>\n\t<meta property=\"og:image:type\" content=\"image\/jpeg\" \/>\n<meta name=\"twitter:card\" content=\"summary_large_image\" \/>\n<meta name=\"twitter:label1\" content=\"Tiempo de lectura\" \/>\n\t<meta name=\"twitter:data1\" content=\"1 minuto\" \/>\n<script type=\"application\/ld+json\" class=\"yoast-schema-graph\">{\"@context\":\"https:\/\/schema.org\",\"@graph\":[{\"@type\":\"WebPage\",\"@id\":\"https:\/\/aivlisoft.net\/shop\/producto\/tooq-soporte-pared-lp1043f-b-pantallas-23-43\/\",\"url\":\"https:\/\/aivlisoft.net\/shop\/producto\/tooq-soporte-pared-lp1043f-b-pantallas-23-43\/\",\"name\":\"Tooq Soporte pared LP1043F-B pantallas 23\\\"-43\\\" - Aivlisoft Inform\u00e1tica\",\"isPartOf\":{\"@id\":\"https:\/\/aivlisoft.net\/shop\/#website\"},\"primaryImageOfPage\":{\"@id\":\"https:\/\/aivlisoft.net\/shop\/producto\/tooq-soporte-pared-lp1043f-b-pantallas-23-43\/#primaryimage\"},\"image\":{\"@id\":\"https:\/\/aivlisoft.net\/shop\/producto\/tooq-soporte-pared-lp1043f-b-pantallas-23-43\/#primaryimage\"},\"thumbnailUrl\":\"https:\/\/aivlisoft.net\/shop\/wp-content\/uploads\/2025\/01\/AISATV0319_800-1.jpg\",\"datePublished\":\"2025-01-13T13:14:34+00:00\",\"dateModified\":\"2025-01-14T10:07:42+00:00\",\"breadcrumb\":{\"@id\":\"https:\/\/aivlisoft.net\/shop\/producto\/tooq-soporte-pared-lp1043f-b-pantallas-23-43\/#breadcrumb\"},\"inLanguage\":\"es\",\"potentialAction\":[{\"@type\":\"ReadAction\",\"target\":[\"https:\/\/aivlisoft.net\/shop\/producto\/tooq-soporte-pared-lp1043f-b-pantallas-23-43\/\"]}]},{\"@type\":\"ImageObject\",\"inLanguage\":\"es\",\"@id\":\"https:\/\/aivlisoft.net\/shop\/producto\/tooq-soporte-pared-lp1043f-b-pantallas-23-43\/#primaryimage\",\"url\":\"https:\/\/aivlisoft.net\/shop\/wp-content\/uploads\/2025\/01\/AISATV0319_800-1.jpg\",\"contentUrl\":\"https:\/\/aivlisoft.net\/shop\/wp-content\/uploads\/2025\/01\/AISATV0319_800-1.jpg\",\"width\":800,\"height\":800},{\"@type\":\"BreadcrumbList\",\"@id\":\"https:\/\/aivlisoft.net\/shop\/producto\/tooq-soporte-pared-lp1043f-b-pantallas-23-43\/#breadcrumb\",\"itemListElement\":[{\"@type\":\"ListItem\",\"position\":1,\"name\":\"Portada\",\"item\":\"https:\/\/aivlisoft.net\/shop\/\"},{\"@type\":\"ListItem\",\"position\":2,\"name\":\"Tienda\",\"item\":\"https:\/\/aivlisoft.net\/shop\/tienda\/\"},{\"@type\":\"ListItem\",\"position\":3,\"name\":\"Tooq Soporte pared LP1043F-B pantallas 23&#8243;-43&#8243;\"}]},{\"@type\":\"WebSite\",\"@id\":\"https:\/\/aivlisoft.net\/shop\/#website\",\"url\":\"https:\/\/aivlisoft.net\/shop\/\",\"name\":\"Aivlisoft Inform\u00e1tica\",\"description\":\"En Aivlisoft Inform\u00e1tica ofrecemos soluciones tecnol\u00f3gicas para empresas: venta de ordenadores, consumibles, perif\u00e9ricos y m\u00e1s. Calidad, atenci\u00f3n personalizada y los mejores precios para tu negocio.\",\"publisher\":{\"@id\":\"https:\/\/aivlisoft.net\/shop\/#organization\"},\"potentialAction\":[{\"@type\":\"SearchAction\",\"target\":{\"@type\":\"EntryPoint\",\"urlTemplate\":\"https:\/\/aivlisoft.net\/shop\/?s={search_term_string}\"},\"query-input\":{\"@type\":\"PropertyValueSpecification\",\"valueRequired\":true,\"valueName\":\"search_term_string\"}}],\"inLanguage\":\"es\"},{\"@type\":\"Organization\",\"@id\":\"https:\/\/aivlisoft.net\/shop\/#organization\",\"name\":\"Aivlisoft Inform\u00e1tica\",\"url\":\"https:\/\/aivlisoft.net\/shop\/\",\"logo\":{\"@type\":\"ImageObject\",\"inLanguage\":\"es\",\"@id\":\"https:\/\/aivlisoft.net\/shop\/#\/schema\/logo\/image\/\",\"url\":\"https:\/\/aivlisoft.net\/shop\/wp-content\/uploads\/2024\/12\/removal.ai_5b848c54-0cdf-4140-95c5-c5536bb7573b-logodef.png\",\"contentUrl\":\"https:\/\/aivlisoft.net\/shop\/wp-content\/uploads\/2024\/12\/removal.ai_5b848c54-0cdf-4140-95c5-c5536bb7573b-logodef.png\",\"width\":484,\"height\":182,\"caption\":\"Aivlisoft Inform\u00e1tica\"},\"image\":{\"@id\":\"https:\/\/aivlisoft.net\/shop\/#\/schema\/logo\/image\/\"}}]}<\/script>\n<!-- \/ Yoast SEO plugin. -->","yoast_head_json":{"title":"Tooq Soporte pared LP1043F-B pantallas 23\"-43\" - Aivlisoft Inform\u00e1tica","robots":{"index":"index","follow":"follow","max-snippet":"max-snippet:-1","max-image-preview":"max-image-preview:large","max-video-preview":"max-video-preview:-1"},"canonical":"https:\/\/aivlisoft.net\/shop\/producto\/tooq-soporte-pared-lp1043f-b-pantallas-23-43\/","og_locale":"es_ES","og_type":"article","og_title":"Tooq Soporte pared LP1043F-B pantallas 23\"-43\" - Aivlisoft Inform\u00e1tica","og_description":"Un b&aacute;sico en la familia TooQ. Con nuestro soporte tendr&aacute;s una instalaci&oacute;n limpia y ordenada, podr&aacute;s colgar tu pantalla a la pared y ahorrar espacio. Marca Tooq Modelo LP1043F-B Caracter&iacute;sticas &#8211; Pantallas soportadas: 23&quot;-43&quot; &#8211; Compatible con VESA: 50&#215;50, 75&#215;75, 100&#215;100, 100&#215;150, 100&#215;200, 150&#215;100, 150&#215;150, 200&#215;100, 200&#215;200 &#8211; Peso m&aacute;ximo soportado de pantalla: 45 kg&hellip;&nbsp;Tooq Soporte pared LP1043F-B pantallas 23&#8243;-43&#8243;","og_url":"https:\/\/aivlisoft.net\/shop\/producto\/tooq-soporte-pared-lp1043f-b-pantallas-23-43\/","og_site_name":"Aivlisoft Inform\u00e1tica","article_modified_time":"2025-01-14T10:07:42+00:00","og_image":[{"width":800,"height":800,"url":"https:\/\/aivlisoft.net\/shop\/wp-content\/uploads\/2025\/01\/AISATV0319_800-1.jpg","type":"image\/jpeg"}],"twitter_card":"summary_large_image","twitter_misc":{"Tiempo de lectura":"1 minuto"},"schema":{"@context":"https:\/\/schema.org","@graph":[{"@type":"WebPage","@id":"https:\/\/aivlisoft.net\/shop\/producto\/tooq-soporte-pared-lp1043f-b-pantallas-23-43\/","url":"https:\/\/aivlisoft.net\/shop\/producto\/tooq-soporte-pared-lp1043f-b-pantallas-23-43\/","name":"Tooq Soporte pared LP1043F-B pantallas 23\"-43\" - Aivlisoft Inform\u00e1tica","isPartOf":{"@id":"https:\/\/aivlisoft.net\/shop\/#website"},"primaryImageOfPage":{"@id":"https:\/\/aivlisoft.net\/shop\/producto\/tooq-soporte-pared-lp1043f-b-pantallas-23-43\/#primaryimage"},"image":{"@id":"https:\/\/aivlisoft.net\/shop\/producto\/tooq-soporte-pared-lp1043f-b-pantallas-23-43\/#primaryimage"},"thumbnailUrl":"https:\/\/aivlisoft.net\/shop\/wp-content\/uploads\/2025\/01\/AISATV0319_800-1.jpg","datePublished":"2025-01-13T13:14:34+00:00","dateModified":"2025-01-14T10:07:42+00:00","breadcrumb":{"@id":"https:\/\/aivlisoft.net\/shop\/producto\/tooq-soporte-pared-lp1043f-b-pantallas-23-43\/#breadcrumb"},"inLanguage":"es","potentialAction":[{"@type":"ReadAction","target":["https:\/\/aivlisoft.net\/shop\/producto\/tooq-soporte-pared-lp1043f-b-pantallas-23-43\/"]}]},{"@type":"ImageObject","inLanguage":"es","@id":"https:\/\/aivlisoft.net\/shop\/producto\/tooq-soporte-pared-lp1043f-b-pantallas-23-43\/#primaryimage","url":"https:\/\/aivlisoft.net\/shop\/wp-content\/uploads\/2025\/01\/AISATV0319_800-1.jpg","contentUrl":"https:\/\/aivlisoft.net\/shop\/wp-content\/uploads\/2025\/01\/AISATV0319_800-1.jpg","width":800,"height":800},{"@type":"BreadcrumbList","@id":"https:\/\/aivlisoft.net\/shop\/producto\/tooq-soporte-pared-lp1043f-b-pantallas-23-43\/#breadcrumb","itemListElement":[{"@type":"ListItem","position":1,"name":"Portada","item":"https:\/\/aivlisoft.net\/shop\/"},{"@type":"ListItem","position":2,"name":"Tienda","item":"https:\/\/aivlisoft.net\/shop\/tienda\/"},{"@type":"ListItem","position":3,"name":"Tooq Soporte pared LP1043F-B pantallas 23&#8243;-43&#8243;"}]},{"@type":"WebSite","@id":"https:\/\/aivlisoft.net\/shop\/#website","url":"https:\/\/aivlisoft.net\/shop\/","name":"Aivlisoft Inform\u00e1tica","description":"En Aivlisoft Inform\u00e1tica ofrecemos soluciones tecnol\u00f3gicas para empresas: venta de ordenadores, consumibles, perif\u00e9ricos y m\u00e1s. Calidad, atenci\u00f3n personalizada y los mejores precios para tu negocio.","publisher":{"@id":"https:\/\/aivlisoft.net\/shop\/#organization"},"potentialAction":[{"@type":"SearchAction","target":{"@type":"EntryPoint","urlTemplate":"https:\/\/aivlisoft.net\/shop\/?s={search_term_string}"},"query-input":{"@type":"PropertyValueSpecification","valueRequired":true,"valueName":"search_term_string"}}],"inLanguage":"es"},{"@type":"Organization","@id":"https:\/\/aivlisoft.net\/shop\/#organization","name":"Aivlisoft Inform\u00e1tica","url":"https:\/\/aivlisoft.net\/shop\/","logo":{"@type":"ImageObject","inLanguage":"es","@id":"https:\/\/aivlisoft.net\/shop\/#\/schema\/logo\/image\/","url":"https:\/\/aivlisoft.net\/shop\/wp-content\/uploads\/2024\/12\/removal.ai_5b848c54-0cdf-4140-95c5-c5536bb7573b-logodef.png","contentUrl":"https:\/\/aivlisoft.net\/shop\/wp-content\/uploads\/2024\/12\/removal.ai_5b848c54-0cdf-4140-95c5-c5536bb7573b-logodef.png","width":484,"height":182,"caption":"Aivlisoft Inform\u00e1tica"},"image":{"@id":"https:\/\/aivlisoft.net\/shop\/#\/schema\/logo\/image\/"}}]}},"_links":{"self":[{"href":"https:\/\/aivlisoft.net\/shop\/wp-json\/wp\/v2\/product\/3515","targetHints":{"allow":["GET"]}}],"collection":[{"href":"https:\/\/aivlisoft.net\/shop\/wp-json\/wp\/v2\/product"}],"about":[{"href":"https:\/\/aivlisoft.net\/shop\/wp-json\/wp\/v2\/types\/product"}],"wp:featuredmedia":[{"embeddable":true,"href":"https:\/\/aivlisoft.net\/shop\/wp-json\/wp\/v2\/media\/3516"}],"wp:attachment":[{"href":"https:\/\/aivlisoft.net\/shop\/wp-json\/wp\/v2\/media?parent=3515"}],"wp:term":[{"taxonomy":"product_brand","embeddable":true,"href":"https:\/\/aivlisoft.net\/shop\/wp-json\/wp\/v2\/product_brand?post=3515"},{"taxonomy":"product_cat","embeddable":true,"href":"https:\/\/aivlisoft.net\/shop\/wp-json\/wp\/v2\/product_cat?post=3515"},{"taxonomy":"product_tag","embeddable":true,"href":"https:\/\/aivlisoft.net\/shop\/wp-json\/wp\/v2\/product_tag?post=3515"}],"curies":[{"name":"wp","href":"https:\/\/api.w.org\/{rel}","templated":true}]}}