{"id":3490,"date":"2025-01-13T13:14:28","date_gmt":"2025-01-13T13:14:28","guid":{"rendered":"https:\/\/aivlisoft.com\/?post_type=product&#038;p=3490"},"modified":"2025-01-14T10:07:38","modified_gmt":"2025-01-14T10:07:38","slug":"iggual-spm01-soporte-pinza-1-monitor-17-32","status":"publish","type":"product","link":"https:\/\/aivlisoft.net\/shop\/producto\/iggual-spm01-soporte-pinza-1-monitor-17-32\/","title":{"rendered":"iggual SPM01 Soporte pinza 1 monitor 17&#8243;-32&#8243;"},"content":{"rendered":"<p><strong>Colocar la pantalla de tu ordenador a la altura adecuada<\/strong> es fundamental para evitar la fatiga visual y los dolores de espalda. Descubre todas las ventajas de este accesorio con<strong> los soportes de iggual, para uno y dos monitores de hasta 32 pulgadas y 9 kg de peso.<\/strong><\/p>\n<p>Con una<strong> inclinaci&oacute;n que alcanza los 45&ordm;, una rotaci&oacute;n de 180&ordm; y un giro de 90&ordm;,<\/strong> estos racks ajustables son la mejor opci&oacute;n para adaptar la posici&oacute;n de la pantalla a tus necesidades, <strong>ganar movilidad y ahorrar espacio<\/strong> en tu escritorio. Adem&aacute;s, gracias a su <strong>sistema de pinzas,<\/strong> son muy f&aacute;ciles de instalar. &iquest;Se puede pedir m&aacute;s?<\/p>\n<table class=\"tabla_caracteristicas\" width=\"100%\">\n<tr>\n<td valign=\"top\"><strong>Marca<\/strong><\/td>\n<td>iggual<\/td>\n<\/tr>\n<tr>\n<td valign=\"top\"><strong>Modelo<\/strong><\/td>\n<td><strong>IGG318294<\/strong><\/td>\n<\/tr>\n<tr>\n<td valign=\"top\"><strong>Caracter&iacute;sticas<\/strong><\/td>\n<td>&#8211; Monitor soportado: 17&#8243;- 32&#8243;<br \/>\t\t\t&#8211; VESA: 75&#215;75 y 100&#215;100<br \/>\t\t\t&#8211; Peso m&aacute;ximo soportado: 9 kg<br \/>\t\t\t&#8211; &Aacute;ngulos:<br \/>\t\t\t&nbsp; Inclinaci&oacute;n: +45&deg;\/-45&deg;<br \/>\t\t\t&nbsp; Giro: +90&deg;\/-90&deg;<br \/>\t\t\t&nbsp; Rotaci&oacute;n: +180&deg;\/-180&deg;<br \/>\t\t\t&#8211; Altura: ajustable hasta 407 mm<br \/>\t\t\t&#8211; Extensi&oacute;n m&aacute;xima del brazo: 441 mm<br \/>\t\t\t&#8211; Instalaci&oacute;n mediante abrazadera o tornillo pasante<br \/>\t\t\t&#8211; Apertura abrazadera: 1 a 8,5 cm<br \/>\t\t\t&#8211; Profundidad tornillo pasante: 1 a 4 cm &nbsp;<br \/>\t\t\t&#8211; Color: negro<br \/>\t\t\t&#8211; Peso neto: 3,32 kg<br \/>\t\t\t&#8211; Peso bruto: 3,90 kg<br \/>\t\t\t&#8211; Medidas (embalaje): 428 x 125 x 97 mm<br \/>\t\t\t&#8211; Incluye manual, torniller&iacute;a e instrucciones de instalaci&oacute;n<br \/>\t\t\t&#8211; Cumple especificaciones RoHS<\/td>\n<\/tr>\n<tr>\n<td valign=\"top\"><strong>Fecha de revisi&oacute;n<\/strong><\/td>\n<td>05-09-2024 por RTY<\/td>\n<\/tr>\n<\/table>\n","protected":false},"excerpt":{"rendered":"<p>Colocar la pantalla de tu ordenador a la altura adecuada es fundamental para evitar la fatiga visual y los dolores de espalda. Descubre todas las ventajas de este accesorio con los soportes de iggual, para uno y dos monitores de hasta 32 pulgadas y 9 kg de peso. Con una inclinaci&oacute;n que alcanza los 45&ordm;,&hellip;&nbsp;<a href=\"https:\/\/aivlisoft.net\/shop\/producto\/iggual-spm01-soporte-pinza-1-monitor-17-32\/\" rel=\"bookmark\"><span class=\"screen-reader-text\">iggual SPM01 Soporte pinza 1 monitor 17&#8243;-32&#8243;<\/span><\/a><\/p>\n","protected":false},"featured_media":3491,"template":"","meta":{"neve_meta_sidebar":"","neve_meta_container":"","neve_meta_enable_content_width":"","neve_meta_content_width":0,"neve_meta_title_alignment":"","neve_meta_author_avatar":"","neve_post_elements_order":"","neve_meta_disable_header":"","neve_meta_disable_footer":"","neve_meta_disable_title":""},"product_brand":[],"product_cat":[15],"product_tag":[1053],"class_list":{"0":"post-3490","1":"product","2":"type-product","3":"status-publish","4":"has-post-thumbnail","6":"product_cat-sin-categorizar","7":"product_tag-igg318294","9":"first","10":"instock","11":"taxable","12":"shipping-taxable","13":"purchasable","14":"product-type-simple"},"yoast_head":"<!-- This site is optimized with the Yoast SEO plugin v26.0 - https:\/\/yoast.com\/wordpress\/plugins\/seo\/ -->\n<title>iggual SPM01 Soporte pinza 1 monitor 17&quot;-32&quot; - Aivlisoft Inform\u00e1tica<\/title>\n<meta name=\"robots\" content=\"index, follow, max-snippet:-1, max-image-preview:large, max-video-preview:-1\" \/>\n<link rel=\"canonical\" href=\"https:\/\/aivlisoft.net\/shop\/producto\/iggual-spm01-soporte-pinza-1-monitor-17-32\/\" \/>\n<meta property=\"og:locale\" content=\"es_ES\" \/>\n<meta property=\"og:type\" content=\"article\" \/>\n<meta property=\"og:title\" content=\"iggual SPM01 Soporte pinza 1 monitor 17&quot;-32&quot; - Aivlisoft Inform\u00e1tica\" \/>\n<meta property=\"og:description\" content=\"Colocar la pantalla de tu ordenador a la altura adecuada es fundamental para evitar la fatiga visual y los dolores de espalda. Descubre todas las ventajas de este accesorio con los soportes de iggual, para uno y dos monitores de hasta 32 pulgadas y 9 kg de peso. Con una inclinaci&oacute;n que alcanza los 45&ordm;,&hellip;&nbsp;iggual SPM01 Soporte pinza 1 monitor 17&#8243;-32&#8243;\" \/>\n<meta property=\"og:url\" content=\"https:\/\/aivlisoft.net\/shop\/producto\/iggual-spm01-soporte-pinza-1-monitor-17-32\/\" \/>\n<meta property=\"og:site_name\" content=\"Aivlisoft Inform\u00e1tica\" \/>\n<meta property=\"article:modified_time\" content=\"2025-01-14T10:07:38+00:00\" \/>\n<meta property=\"og:image\" content=\"https:\/\/aivlisoft.net\/shop\/wp-content\/uploads\/2025\/01\/AISATV0313_800-1.jpg\" \/>\n\t<meta property=\"og:image:width\" content=\"800\" \/>\n\t<meta property=\"og:image:height\" content=\"800\" \/>\n\t<meta property=\"og:image:type\" content=\"image\/jpeg\" \/>\n<meta name=\"twitter:card\" content=\"summary_large_image\" \/>\n<meta name=\"twitter:label1\" content=\"Tiempo de lectura\" \/>\n\t<meta name=\"twitter:data1\" content=\"1 minuto\" \/>\n<script type=\"application\/ld+json\" class=\"yoast-schema-graph\">{\"@context\":\"https:\/\/schema.org\",\"@graph\":[{\"@type\":\"WebPage\",\"@id\":\"https:\/\/aivlisoft.net\/shop\/producto\/iggual-spm01-soporte-pinza-1-monitor-17-32\/\",\"url\":\"https:\/\/aivlisoft.net\/shop\/producto\/iggual-spm01-soporte-pinza-1-monitor-17-32\/\",\"name\":\"iggual SPM01 Soporte pinza 1 monitor 17\\\"-32\\\" - Aivlisoft Inform\u00e1tica\",\"isPartOf\":{\"@id\":\"https:\/\/aivlisoft.net\/shop\/#website\"},\"primaryImageOfPage\":{\"@id\":\"https:\/\/aivlisoft.net\/shop\/producto\/iggual-spm01-soporte-pinza-1-monitor-17-32\/#primaryimage\"},\"image\":{\"@id\":\"https:\/\/aivlisoft.net\/shop\/producto\/iggual-spm01-soporte-pinza-1-monitor-17-32\/#primaryimage\"},\"thumbnailUrl\":\"https:\/\/aivlisoft.net\/shop\/wp-content\/uploads\/2025\/01\/AISATV0313_800-1.jpg\",\"datePublished\":\"2025-01-13T13:14:28+00:00\",\"dateModified\":\"2025-01-14T10:07:38+00:00\",\"breadcrumb\":{\"@id\":\"https:\/\/aivlisoft.net\/shop\/producto\/iggual-spm01-soporte-pinza-1-monitor-17-32\/#breadcrumb\"},\"inLanguage\":\"es\",\"potentialAction\":[{\"@type\":\"ReadAction\",\"target\":[\"https:\/\/aivlisoft.net\/shop\/producto\/iggual-spm01-soporte-pinza-1-monitor-17-32\/\"]}]},{\"@type\":\"ImageObject\",\"inLanguage\":\"es\",\"@id\":\"https:\/\/aivlisoft.net\/shop\/producto\/iggual-spm01-soporte-pinza-1-monitor-17-32\/#primaryimage\",\"url\":\"https:\/\/aivlisoft.net\/shop\/wp-content\/uploads\/2025\/01\/AISATV0313_800-1.jpg\",\"contentUrl\":\"https:\/\/aivlisoft.net\/shop\/wp-content\/uploads\/2025\/01\/AISATV0313_800-1.jpg\",\"width\":800,\"height\":800},{\"@type\":\"BreadcrumbList\",\"@id\":\"https:\/\/aivlisoft.net\/shop\/producto\/iggual-spm01-soporte-pinza-1-monitor-17-32\/#breadcrumb\",\"itemListElement\":[{\"@type\":\"ListItem\",\"position\":1,\"name\":\"Portada\",\"item\":\"https:\/\/aivlisoft.net\/shop\/\"},{\"@type\":\"ListItem\",\"position\":2,\"name\":\"Tienda\",\"item\":\"https:\/\/aivlisoft.net\/shop\/tienda\/\"},{\"@type\":\"ListItem\",\"position\":3,\"name\":\"iggual SPM01 Soporte pinza 1 monitor 17&#8243;-32&#8243;\"}]},{\"@type\":\"WebSite\",\"@id\":\"https:\/\/aivlisoft.net\/shop\/#website\",\"url\":\"https:\/\/aivlisoft.net\/shop\/\",\"name\":\"Aivlisoft Inform\u00e1tica\",\"description\":\"En Aivlisoft Inform\u00e1tica ofrecemos soluciones tecnol\u00f3gicas para empresas: venta de ordenadores, consumibles, perif\u00e9ricos y m\u00e1s. Calidad, atenci\u00f3n personalizada y los mejores precios para tu negocio.\",\"publisher\":{\"@id\":\"https:\/\/aivlisoft.net\/shop\/#organization\"},\"potentialAction\":[{\"@type\":\"SearchAction\",\"target\":{\"@type\":\"EntryPoint\",\"urlTemplate\":\"https:\/\/aivlisoft.net\/shop\/?s={search_term_string}\"},\"query-input\":{\"@type\":\"PropertyValueSpecification\",\"valueRequired\":true,\"valueName\":\"search_term_string\"}}],\"inLanguage\":\"es\"},{\"@type\":\"Organization\",\"@id\":\"https:\/\/aivlisoft.net\/shop\/#organization\",\"name\":\"Aivlisoft Inform\u00e1tica\",\"url\":\"https:\/\/aivlisoft.net\/shop\/\",\"logo\":{\"@type\":\"ImageObject\",\"inLanguage\":\"es\",\"@id\":\"https:\/\/aivlisoft.net\/shop\/#\/schema\/logo\/image\/\",\"url\":\"https:\/\/aivlisoft.net\/shop\/wp-content\/uploads\/2024\/12\/removal.ai_5b848c54-0cdf-4140-95c5-c5536bb7573b-logodef.png\",\"contentUrl\":\"https:\/\/aivlisoft.net\/shop\/wp-content\/uploads\/2024\/12\/removal.ai_5b848c54-0cdf-4140-95c5-c5536bb7573b-logodef.png\",\"width\":484,\"height\":182,\"caption\":\"Aivlisoft Inform\u00e1tica\"},\"image\":{\"@id\":\"https:\/\/aivlisoft.net\/shop\/#\/schema\/logo\/image\/\"}}]}<\/script>\n<!-- \/ Yoast SEO plugin. -->","yoast_head_json":{"title":"iggual SPM01 Soporte pinza 1 monitor 17\"-32\" - Aivlisoft Inform\u00e1tica","robots":{"index":"index","follow":"follow","max-snippet":"max-snippet:-1","max-image-preview":"max-image-preview:large","max-video-preview":"max-video-preview:-1"},"canonical":"https:\/\/aivlisoft.net\/shop\/producto\/iggual-spm01-soporte-pinza-1-monitor-17-32\/","og_locale":"es_ES","og_type":"article","og_title":"iggual SPM01 Soporte pinza 1 monitor 17\"-32\" - Aivlisoft Inform\u00e1tica","og_description":"Colocar la pantalla de tu ordenador a la altura adecuada es fundamental para evitar la fatiga visual y los dolores de espalda. Descubre todas las ventajas de este accesorio con los soportes de iggual, para uno y dos monitores de hasta 32 pulgadas y 9 kg de peso. Con una inclinaci&oacute;n que alcanza los 45&ordm;,&hellip;&nbsp;iggual SPM01 Soporte pinza 1 monitor 17&#8243;-32&#8243;","og_url":"https:\/\/aivlisoft.net\/shop\/producto\/iggual-spm01-soporte-pinza-1-monitor-17-32\/","og_site_name":"Aivlisoft Inform\u00e1tica","article_modified_time":"2025-01-14T10:07:38+00:00","og_image":[{"width":800,"height":800,"url":"https:\/\/aivlisoft.net\/shop\/wp-content\/uploads\/2025\/01\/AISATV0313_800-1.jpg","type":"image\/jpeg"}],"twitter_card":"summary_large_image","twitter_misc":{"Tiempo de lectura":"1 minuto"},"schema":{"@context":"https:\/\/schema.org","@graph":[{"@type":"WebPage","@id":"https:\/\/aivlisoft.net\/shop\/producto\/iggual-spm01-soporte-pinza-1-monitor-17-32\/","url":"https:\/\/aivlisoft.net\/shop\/producto\/iggual-spm01-soporte-pinza-1-monitor-17-32\/","name":"iggual SPM01 Soporte pinza 1 monitor 17\"-32\" - Aivlisoft Inform\u00e1tica","isPartOf":{"@id":"https:\/\/aivlisoft.net\/shop\/#website"},"primaryImageOfPage":{"@id":"https:\/\/aivlisoft.net\/shop\/producto\/iggual-spm01-soporte-pinza-1-monitor-17-32\/#primaryimage"},"image":{"@id":"https:\/\/aivlisoft.net\/shop\/producto\/iggual-spm01-soporte-pinza-1-monitor-17-32\/#primaryimage"},"thumbnailUrl":"https:\/\/aivlisoft.net\/shop\/wp-content\/uploads\/2025\/01\/AISATV0313_800-1.jpg","datePublished":"2025-01-13T13:14:28+00:00","dateModified":"2025-01-14T10:07:38+00:00","breadcrumb":{"@id":"https:\/\/aivlisoft.net\/shop\/producto\/iggual-spm01-soporte-pinza-1-monitor-17-32\/#breadcrumb"},"inLanguage":"es","potentialAction":[{"@type":"ReadAction","target":["https:\/\/aivlisoft.net\/shop\/producto\/iggual-spm01-soporte-pinza-1-monitor-17-32\/"]}]},{"@type":"ImageObject","inLanguage":"es","@id":"https:\/\/aivlisoft.net\/shop\/producto\/iggual-spm01-soporte-pinza-1-monitor-17-32\/#primaryimage","url":"https:\/\/aivlisoft.net\/shop\/wp-content\/uploads\/2025\/01\/AISATV0313_800-1.jpg","contentUrl":"https:\/\/aivlisoft.net\/shop\/wp-content\/uploads\/2025\/01\/AISATV0313_800-1.jpg","width":800,"height":800},{"@type":"BreadcrumbList","@id":"https:\/\/aivlisoft.net\/shop\/producto\/iggual-spm01-soporte-pinza-1-monitor-17-32\/#breadcrumb","itemListElement":[{"@type":"ListItem","position":1,"name":"Portada","item":"https:\/\/aivlisoft.net\/shop\/"},{"@type":"ListItem","position":2,"name":"Tienda","item":"https:\/\/aivlisoft.net\/shop\/tienda\/"},{"@type":"ListItem","position":3,"name":"iggual SPM01 Soporte pinza 1 monitor 17&#8243;-32&#8243;"}]},{"@type":"WebSite","@id":"https:\/\/aivlisoft.net\/shop\/#website","url":"https:\/\/aivlisoft.net\/shop\/","name":"Aivlisoft Inform\u00e1tica","description":"En Aivlisoft Inform\u00e1tica ofrecemos soluciones tecnol\u00f3gicas para empresas: venta de ordenadores, consumibles, perif\u00e9ricos y m\u00e1s. Calidad, atenci\u00f3n personalizada y los mejores precios para tu negocio.","publisher":{"@id":"https:\/\/aivlisoft.net\/shop\/#organization"},"potentialAction":[{"@type":"SearchAction","target":{"@type":"EntryPoint","urlTemplate":"https:\/\/aivlisoft.net\/shop\/?s={search_term_string}"},"query-input":{"@type":"PropertyValueSpecification","valueRequired":true,"valueName":"search_term_string"}}],"inLanguage":"es"},{"@type":"Organization","@id":"https:\/\/aivlisoft.net\/shop\/#organization","name":"Aivlisoft Inform\u00e1tica","url":"https:\/\/aivlisoft.net\/shop\/","logo":{"@type":"ImageObject","inLanguage":"es","@id":"https:\/\/aivlisoft.net\/shop\/#\/schema\/logo\/image\/","url":"https:\/\/aivlisoft.net\/shop\/wp-content\/uploads\/2024\/12\/removal.ai_5b848c54-0cdf-4140-95c5-c5536bb7573b-logodef.png","contentUrl":"https:\/\/aivlisoft.net\/shop\/wp-content\/uploads\/2024\/12\/removal.ai_5b848c54-0cdf-4140-95c5-c5536bb7573b-logodef.png","width":484,"height":182,"caption":"Aivlisoft Inform\u00e1tica"},"image":{"@id":"https:\/\/aivlisoft.net\/shop\/#\/schema\/logo\/image\/"}}]}},"_links":{"self":[{"href":"https:\/\/aivlisoft.net\/shop\/wp-json\/wp\/v2\/product\/3490","targetHints":{"allow":["GET"]}}],"collection":[{"href":"https:\/\/aivlisoft.net\/shop\/wp-json\/wp\/v2\/product"}],"about":[{"href":"https:\/\/aivlisoft.net\/shop\/wp-json\/wp\/v2\/types\/product"}],"wp:featuredmedia":[{"embeddable":true,"href":"https:\/\/aivlisoft.net\/shop\/wp-json\/wp\/v2\/media\/3491"}],"wp:attachment":[{"href":"https:\/\/aivlisoft.net\/shop\/wp-json\/wp\/v2\/media?parent=3490"}],"wp:term":[{"taxonomy":"product_brand","embeddable":true,"href":"https:\/\/aivlisoft.net\/shop\/wp-json\/wp\/v2\/product_brand?post=3490"},{"taxonomy":"product_cat","embeddable":true,"href":"https:\/\/aivlisoft.net\/shop\/wp-json\/wp\/v2\/product_cat?post=3490"},{"taxonomy":"product_tag","embeddable":true,"href":"https:\/\/aivlisoft.net\/shop\/wp-json\/wp\/v2\/product_tag?post=3490"}],"curies":[{"name":"wp","href":"https:\/\/api.w.org\/{rel}","templated":true}]}}