{"id":3417,"date":"2025-01-13T13:13:58","date_gmt":"2025-01-13T13:13:58","guid":{"rendered":"https:\/\/aivlisoft.com\/?post_type=product&#038;p=3417"},"modified":"2025-01-14T10:07:17","modified_gmt":"2025-01-14T10:07:17","slug":"iggual-ssm01-soporte-sobremesa-1-monitor-13-32","status":"publish","type":"product","link":"https:\/\/aivlisoft.net\/shop\/producto\/iggual-ssm01-soporte-sobremesa-1-monitor-13-32\/","title":{"rendered":"iggual SSM01 Soporte sobremesa 1 monitor 13&#8243;-32&#8243;"},"content":{"rendered":"<p>Encuentra la altura y el &aacute;ngulo de visi&oacute;n perfectos de tu monitor con el soporte <strong>SSM01 <\/strong>de iggual y olv&iacute;date de esos molestos dolores de cuello, espalda y hombros.<\/p>\n<p>El <strong>SSM01 <\/strong>de iggual es un soporte de sobremesa regulable en altura, rotaci&oacute;n, giro e inclinaci&oacute;n. Est&aacute; dise&ntilde;ado para colocar un monitor de <strong>13&quot; a 32&quot;<\/strong> con un VESA m&iacute;nimo de 75 x 75 mm y uno m&aacute;ximo de 100 x 100 mm y soporta hasta 8 kg de peso.<\/p>\n<p>El <strong>SSM01 <\/strong>integra adem&aacute;s un sistema de administraci&oacute;n de cables y tiene espacio de almacenamiento para las llaves Allen, incluidas para su montaje y ajustes posteriores.<\/p>\n<p>Ahorra espacio, ajusta de manera c&oacute;moda y sencilla la altura de tu monitor a tu silla y tu escritorio y consigue el &aacute;ngulo de visi&oacute;n perfecto para tus ojos con iggual.<\/p>\n<table class=\"tabla_caracteristicas k-table\" width=\"100%\">\n<tr>\n<td><strong>Marca<\/strong><\/td>\n<td>iggual<\/td>\n<\/tr>\n<tr>\n<td><strong>Modelo<\/strong><\/td>\n<td><strong>IGG317112<\/strong><\/td>\n<\/tr>\n<tr>\n<td><strong>Caracteristicas<\/strong><\/td>\n<td>&#8211; Soporte de sobremesa para 1 monitor<br \/>\t\t\t&#8211; Tama&ntilde;o de monitor soportado: 13&#8243; (m&iacute;n) &#8211; 32&#8243; (m&aacute;x)<br \/>\t\t\t&nbsp; VESA m&iacute;nimo: 75 x 75 mm<br \/>\t\t\t&nbsp; VESA m&aacute;ximo: 100 x 100 mm<br \/>\t\t\t&#8211; Peso m&aacute;ximo soportado: 8 kg<br \/>\t\t\t&#8211; Ajustable en altura, inclinaci&oacute;n, rotaci&oacute;n y giro:<br \/>\t\t\t&nbsp; Altura: 2 cm ~ 46 cm<br \/>\t\t\t&nbsp; Inclinaci&oacute;n: +45&deg; ~ -45&deg;<br \/>\t\t\t&nbsp; Rotaci&oacute;n: +180&deg; ~ -180&deg;<br \/>\t\t\t&nbsp; Giro: +90&deg; ~ -90&deg;<br \/>\t\t\t&#8211; Color: Negro<br \/>\t\t\t&#8211; Peso neto: 2,8 kg<br \/>\t\t\t&#8211; Base s&oacute;lida y estable<br \/>\t\t\t&#8211; Sistema integrado de guiado de cables y almacenamiento de llaves Allen<br \/>\t\t\t&#8211; Incluye manual, torniller&iacute;a e instrucciones de instalaci&oacute;n<br \/>\t\t\t&#8211; Cumple especificaciones RoHS<\/td>\n<\/tr>\n<tr>\n<td><strong>Fecha de revisi&oacute;n<\/strong><\/td>\n<td>05-09-2024 por RTY<\/td>\n<\/tr>\n<\/table>\n","protected":false},"excerpt":{"rendered":"<p>Encuentra la altura y el &aacute;ngulo de visi&oacute;n perfectos de tu monitor con el soporte SSM01 de iggual y olv&iacute;date de esos molestos dolores de cuello, espalda y hombros. El SSM01 de iggual es un soporte de sobremesa regulable en altura, rotaci&oacute;n, giro e inclinaci&oacute;n. Est&aacute; dise&ntilde;ado para colocar un monitor de 13&quot; a 32&quot;&hellip;&nbsp;<a href=\"https:\/\/aivlisoft.net\/shop\/producto\/iggual-ssm01-soporte-sobremesa-1-monitor-13-32\/\" rel=\"bookmark\"><span class=\"screen-reader-text\">iggual SSM01 Soporte sobremesa 1 monitor 13&#8243;-32&#8243;<\/span><\/a><\/p>\n","protected":false},"featured_media":3418,"template":"","meta":{"neve_meta_sidebar":"","neve_meta_container":"","neve_meta_enable_content_width":"","neve_meta_content_width":0,"neve_meta_title_alignment":"","neve_meta_author_avatar":"","neve_post_elements_order":"","neve_meta_disable_header":"","neve_meta_disable_footer":"","neve_meta_disable_title":""},"product_brand":[],"product_cat":[15],"product_tag":[1033],"class_list":{"0":"post-3417","1":"product","2":"type-product","3":"status-publish","4":"has-post-thumbnail","6":"product_cat-sin-categorizar","7":"product_tag-igg317112","9":"first","10":"instock","11":"taxable","12":"shipping-taxable","13":"purchasable","14":"product-type-simple"},"yoast_head":"<!-- This site is optimized with the Yoast SEO plugin v26.0 - https:\/\/yoast.com\/wordpress\/plugins\/seo\/ -->\n<title>iggual SSM01 Soporte sobremesa 1 monitor 13&quot;-32&quot; - Aivlisoft Inform\u00e1tica<\/title>\n<meta name=\"robots\" content=\"index, follow, max-snippet:-1, max-image-preview:large, max-video-preview:-1\" \/>\n<link rel=\"canonical\" href=\"https:\/\/aivlisoft.net\/shop\/producto\/iggual-ssm01-soporte-sobremesa-1-monitor-13-32\/\" \/>\n<meta property=\"og:locale\" content=\"es_ES\" \/>\n<meta property=\"og:type\" content=\"article\" \/>\n<meta property=\"og:title\" content=\"iggual SSM01 Soporte sobremesa 1 monitor 13&quot;-32&quot; - Aivlisoft Inform\u00e1tica\" \/>\n<meta property=\"og:description\" content=\"Encuentra la altura y el &aacute;ngulo de visi&oacute;n perfectos de tu monitor con el soporte SSM01 de iggual y olv&iacute;date de esos molestos dolores de cuello, espalda y hombros. El SSM01 de iggual es un soporte de sobremesa regulable en altura, rotaci&oacute;n, giro e inclinaci&oacute;n. Est&aacute; dise&ntilde;ado para colocar un monitor de 13&quot; a 32&quot;&hellip;&nbsp;iggual SSM01 Soporte sobremesa 1 monitor 13&#8243;-32&#8243;\" \/>\n<meta property=\"og:url\" content=\"https:\/\/aivlisoft.net\/shop\/producto\/iggual-ssm01-soporte-sobremesa-1-monitor-13-32\/\" \/>\n<meta property=\"og:site_name\" content=\"Aivlisoft Inform\u00e1tica\" \/>\n<meta property=\"article:modified_time\" content=\"2025-01-14T10:07:17+00:00\" \/>\n<meta property=\"og:image\" content=\"https:\/\/aivlisoft.net\/shop\/wp-content\/uploads\/2025\/01\/AISATV0287_800-1.jpg\" \/>\n\t<meta property=\"og:image:width\" content=\"800\" \/>\n\t<meta property=\"og:image:height\" content=\"800\" \/>\n\t<meta property=\"og:image:type\" content=\"image\/jpeg\" \/>\n<meta name=\"twitter:card\" content=\"summary_large_image\" \/>\n<meta name=\"twitter:label1\" content=\"Tiempo de lectura\" \/>\n\t<meta name=\"twitter:data1\" content=\"1 minuto\" \/>\n<script type=\"application\/ld+json\" class=\"yoast-schema-graph\">{\"@context\":\"https:\/\/schema.org\",\"@graph\":[{\"@type\":\"WebPage\",\"@id\":\"https:\/\/aivlisoft.net\/shop\/producto\/iggual-ssm01-soporte-sobremesa-1-monitor-13-32\/\",\"url\":\"https:\/\/aivlisoft.net\/shop\/producto\/iggual-ssm01-soporte-sobremesa-1-monitor-13-32\/\",\"name\":\"iggual SSM01 Soporte sobremesa 1 monitor 13\\\"-32\\\" - Aivlisoft Inform\u00e1tica\",\"isPartOf\":{\"@id\":\"https:\/\/aivlisoft.net\/shop\/#website\"},\"primaryImageOfPage\":{\"@id\":\"https:\/\/aivlisoft.net\/shop\/producto\/iggual-ssm01-soporte-sobremesa-1-monitor-13-32\/#primaryimage\"},\"image\":{\"@id\":\"https:\/\/aivlisoft.net\/shop\/producto\/iggual-ssm01-soporte-sobremesa-1-monitor-13-32\/#primaryimage\"},\"thumbnailUrl\":\"https:\/\/aivlisoft.net\/shop\/wp-content\/uploads\/2025\/01\/AISATV0287_800-1.jpg\",\"datePublished\":\"2025-01-13T13:13:58+00:00\",\"dateModified\":\"2025-01-14T10:07:17+00:00\",\"breadcrumb\":{\"@id\":\"https:\/\/aivlisoft.net\/shop\/producto\/iggual-ssm01-soporte-sobremesa-1-monitor-13-32\/#breadcrumb\"},\"inLanguage\":\"es\",\"potentialAction\":[{\"@type\":\"ReadAction\",\"target\":[\"https:\/\/aivlisoft.net\/shop\/producto\/iggual-ssm01-soporte-sobremesa-1-monitor-13-32\/\"]}]},{\"@type\":\"ImageObject\",\"inLanguage\":\"es\",\"@id\":\"https:\/\/aivlisoft.net\/shop\/producto\/iggual-ssm01-soporte-sobremesa-1-monitor-13-32\/#primaryimage\",\"url\":\"https:\/\/aivlisoft.net\/shop\/wp-content\/uploads\/2025\/01\/AISATV0287_800-1.jpg\",\"contentUrl\":\"https:\/\/aivlisoft.net\/shop\/wp-content\/uploads\/2025\/01\/AISATV0287_800-1.jpg\",\"width\":800,\"height\":800},{\"@type\":\"BreadcrumbList\",\"@id\":\"https:\/\/aivlisoft.net\/shop\/producto\/iggual-ssm01-soporte-sobremesa-1-monitor-13-32\/#breadcrumb\",\"itemListElement\":[{\"@type\":\"ListItem\",\"position\":1,\"name\":\"Portada\",\"item\":\"https:\/\/aivlisoft.net\/shop\/\"},{\"@type\":\"ListItem\",\"position\":2,\"name\":\"Tienda\",\"item\":\"https:\/\/aivlisoft.net\/shop\/tienda\/\"},{\"@type\":\"ListItem\",\"position\":3,\"name\":\"iggual SSM01 Soporte sobremesa 1 monitor 13&#8243;-32&#8243;\"}]},{\"@type\":\"WebSite\",\"@id\":\"https:\/\/aivlisoft.net\/shop\/#website\",\"url\":\"https:\/\/aivlisoft.net\/shop\/\",\"name\":\"Aivlisoft Inform\u00e1tica\",\"description\":\"En Aivlisoft Inform\u00e1tica ofrecemos soluciones tecnol\u00f3gicas para empresas: venta de ordenadores, consumibles, perif\u00e9ricos y m\u00e1s. Calidad, atenci\u00f3n personalizada y los mejores precios para tu negocio.\",\"publisher\":{\"@id\":\"https:\/\/aivlisoft.net\/shop\/#organization\"},\"potentialAction\":[{\"@type\":\"SearchAction\",\"target\":{\"@type\":\"EntryPoint\",\"urlTemplate\":\"https:\/\/aivlisoft.net\/shop\/?s={search_term_string}\"},\"query-input\":{\"@type\":\"PropertyValueSpecification\",\"valueRequired\":true,\"valueName\":\"search_term_string\"}}],\"inLanguage\":\"es\"},{\"@type\":\"Organization\",\"@id\":\"https:\/\/aivlisoft.net\/shop\/#organization\",\"name\":\"Aivlisoft Inform\u00e1tica\",\"url\":\"https:\/\/aivlisoft.net\/shop\/\",\"logo\":{\"@type\":\"ImageObject\",\"inLanguage\":\"es\",\"@id\":\"https:\/\/aivlisoft.net\/shop\/#\/schema\/logo\/image\/\",\"url\":\"https:\/\/aivlisoft.net\/shop\/wp-content\/uploads\/2024\/12\/removal.ai_5b848c54-0cdf-4140-95c5-c5536bb7573b-logodef.png\",\"contentUrl\":\"https:\/\/aivlisoft.net\/shop\/wp-content\/uploads\/2024\/12\/removal.ai_5b848c54-0cdf-4140-95c5-c5536bb7573b-logodef.png\",\"width\":484,\"height\":182,\"caption\":\"Aivlisoft Inform\u00e1tica\"},\"image\":{\"@id\":\"https:\/\/aivlisoft.net\/shop\/#\/schema\/logo\/image\/\"}}]}<\/script>\n<!-- \/ Yoast SEO plugin. -->","yoast_head_json":{"title":"iggual SSM01 Soporte sobremesa 1 monitor 13\"-32\" - Aivlisoft Inform\u00e1tica","robots":{"index":"index","follow":"follow","max-snippet":"max-snippet:-1","max-image-preview":"max-image-preview:large","max-video-preview":"max-video-preview:-1"},"canonical":"https:\/\/aivlisoft.net\/shop\/producto\/iggual-ssm01-soporte-sobremesa-1-monitor-13-32\/","og_locale":"es_ES","og_type":"article","og_title":"iggual SSM01 Soporte sobremesa 1 monitor 13\"-32\" - Aivlisoft Inform\u00e1tica","og_description":"Encuentra la altura y el &aacute;ngulo de visi&oacute;n perfectos de tu monitor con el soporte SSM01 de iggual y olv&iacute;date de esos molestos dolores de cuello, espalda y hombros. El SSM01 de iggual es un soporte de sobremesa regulable en altura, rotaci&oacute;n, giro e inclinaci&oacute;n. Est&aacute; dise&ntilde;ado para colocar un monitor de 13&quot; a 32&quot;&hellip;&nbsp;iggual SSM01 Soporte sobremesa 1 monitor 13&#8243;-32&#8243;","og_url":"https:\/\/aivlisoft.net\/shop\/producto\/iggual-ssm01-soporte-sobremesa-1-monitor-13-32\/","og_site_name":"Aivlisoft Inform\u00e1tica","article_modified_time":"2025-01-14T10:07:17+00:00","og_image":[{"width":800,"height":800,"url":"https:\/\/aivlisoft.net\/shop\/wp-content\/uploads\/2025\/01\/AISATV0287_800-1.jpg","type":"image\/jpeg"}],"twitter_card":"summary_large_image","twitter_misc":{"Tiempo de lectura":"1 minuto"},"schema":{"@context":"https:\/\/schema.org","@graph":[{"@type":"WebPage","@id":"https:\/\/aivlisoft.net\/shop\/producto\/iggual-ssm01-soporte-sobremesa-1-monitor-13-32\/","url":"https:\/\/aivlisoft.net\/shop\/producto\/iggual-ssm01-soporte-sobremesa-1-monitor-13-32\/","name":"iggual SSM01 Soporte sobremesa 1 monitor 13\"-32\" - Aivlisoft Inform\u00e1tica","isPartOf":{"@id":"https:\/\/aivlisoft.net\/shop\/#website"},"primaryImageOfPage":{"@id":"https:\/\/aivlisoft.net\/shop\/producto\/iggual-ssm01-soporte-sobremesa-1-monitor-13-32\/#primaryimage"},"image":{"@id":"https:\/\/aivlisoft.net\/shop\/producto\/iggual-ssm01-soporte-sobremesa-1-monitor-13-32\/#primaryimage"},"thumbnailUrl":"https:\/\/aivlisoft.net\/shop\/wp-content\/uploads\/2025\/01\/AISATV0287_800-1.jpg","datePublished":"2025-01-13T13:13:58+00:00","dateModified":"2025-01-14T10:07:17+00:00","breadcrumb":{"@id":"https:\/\/aivlisoft.net\/shop\/producto\/iggual-ssm01-soporte-sobremesa-1-monitor-13-32\/#breadcrumb"},"inLanguage":"es","potentialAction":[{"@type":"ReadAction","target":["https:\/\/aivlisoft.net\/shop\/producto\/iggual-ssm01-soporte-sobremesa-1-monitor-13-32\/"]}]},{"@type":"ImageObject","inLanguage":"es","@id":"https:\/\/aivlisoft.net\/shop\/producto\/iggual-ssm01-soporte-sobremesa-1-monitor-13-32\/#primaryimage","url":"https:\/\/aivlisoft.net\/shop\/wp-content\/uploads\/2025\/01\/AISATV0287_800-1.jpg","contentUrl":"https:\/\/aivlisoft.net\/shop\/wp-content\/uploads\/2025\/01\/AISATV0287_800-1.jpg","width":800,"height":800},{"@type":"BreadcrumbList","@id":"https:\/\/aivlisoft.net\/shop\/producto\/iggual-ssm01-soporte-sobremesa-1-monitor-13-32\/#breadcrumb","itemListElement":[{"@type":"ListItem","position":1,"name":"Portada","item":"https:\/\/aivlisoft.net\/shop\/"},{"@type":"ListItem","position":2,"name":"Tienda","item":"https:\/\/aivlisoft.net\/shop\/tienda\/"},{"@type":"ListItem","position":3,"name":"iggual SSM01 Soporte sobremesa 1 monitor 13&#8243;-32&#8243;"}]},{"@type":"WebSite","@id":"https:\/\/aivlisoft.net\/shop\/#website","url":"https:\/\/aivlisoft.net\/shop\/","name":"Aivlisoft Inform\u00e1tica","description":"En Aivlisoft Inform\u00e1tica ofrecemos soluciones tecnol\u00f3gicas para empresas: venta de ordenadores, consumibles, perif\u00e9ricos y m\u00e1s. Calidad, atenci\u00f3n personalizada y los mejores precios para tu negocio.","publisher":{"@id":"https:\/\/aivlisoft.net\/shop\/#organization"},"potentialAction":[{"@type":"SearchAction","target":{"@type":"EntryPoint","urlTemplate":"https:\/\/aivlisoft.net\/shop\/?s={search_term_string}"},"query-input":{"@type":"PropertyValueSpecification","valueRequired":true,"valueName":"search_term_string"}}],"inLanguage":"es"},{"@type":"Organization","@id":"https:\/\/aivlisoft.net\/shop\/#organization","name":"Aivlisoft Inform\u00e1tica","url":"https:\/\/aivlisoft.net\/shop\/","logo":{"@type":"ImageObject","inLanguage":"es","@id":"https:\/\/aivlisoft.net\/shop\/#\/schema\/logo\/image\/","url":"https:\/\/aivlisoft.net\/shop\/wp-content\/uploads\/2024\/12\/removal.ai_5b848c54-0cdf-4140-95c5-c5536bb7573b-logodef.png","contentUrl":"https:\/\/aivlisoft.net\/shop\/wp-content\/uploads\/2024\/12\/removal.ai_5b848c54-0cdf-4140-95c5-c5536bb7573b-logodef.png","width":484,"height":182,"caption":"Aivlisoft Inform\u00e1tica"},"image":{"@id":"https:\/\/aivlisoft.net\/shop\/#\/schema\/logo\/image\/"}}]}},"_links":{"self":[{"href":"https:\/\/aivlisoft.net\/shop\/wp-json\/wp\/v2\/product\/3417","targetHints":{"allow":["GET"]}}],"collection":[{"href":"https:\/\/aivlisoft.net\/shop\/wp-json\/wp\/v2\/product"}],"about":[{"href":"https:\/\/aivlisoft.net\/shop\/wp-json\/wp\/v2\/types\/product"}],"wp:featuredmedia":[{"embeddable":true,"href":"https:\/\/aivlisoft.net\/shop\/wp-json\/wp\/v2\/media\/3418"}],"wp:attachment":[{"href":"https:\/\/aivlisoft.net\/shop\/wp-json\/wp\/v2\/media?parent=3417"}],"wp:term":[{"taxonomy":"product_brand","embeddable":true,"href":"https:\/\/aivlisoft.net\/shop\/wp-json\/wp\/v2\/product_brand?post=3417"},{"taxonomy":"product_cat","embeddable":true,"href":"https:\/\/aivlisoft.net\/shop\/wp-json\/wp\/v2\/product_cat?post=3417"},{"taxonomy":"product_tag","embeddable":true,"href":"https:\/\/aivlisoft.net\/shop\/wp-json\/wp\/v2\/product_tag?post=3417"}],"curies":[{"name":"wp","href":"https:\/\/api.w.org\/{rel}","templated":true}]}}