{"id":3403,"date":"2025-01-13T13:13:53","date_gmt":"2025-01-13T13:13:53","guid":{"rendered":"https:\/\/aivlisoft.com\/?post_type=product&#038;p=3403"},"modified":"2025-01-14T10:07:14","modified_gmt":"2025-01-14T10:07:14","slug":"ewent-ew1540-soporte-movil-suelo-monitores-37-70","status":"publish","type":"product","link":"https:\/\/aivlisoft.net\/shop\/producto\/ewent-ew1540-soporte-movil-suelo-monitores-37-70\/","title":{"rendered":"EWENT EW1540 Soporte Movil Suelo Monitores 37&#8243;-70"},"content":{"rendered":"<p>El pedestal m&oacute;vil para suelo <strong>EW1540 <\/strong>le permite usar un televisor de pantalla plana donde no hay espacio para su instalaci&oacute;n en el escritorio, el techo o la pared. Use el carrito para una pantalla plana de 37 a 70 pulgadas con un peso m&aacute;ximo de 50 kg y VESA 200&#215;200, 300&#215;300, 400&#215;200, 400&#215;400 y 600&#215;400. Elija la altura y &aacute;ngulo de visualizaci&oacute;n que desee ajustando la altura y gire o incline la pantalla. Almacene una c&aacute;mara o un dispositivo multimedia en las pr&aacute;cticas estanter&iacute;as. Guarde los cables para que no est&eacute;n a la vista utilizando el sistema de administraci&oacute;n de cables.<\/p>\n<p><strong>Pedestal m&oacute;vil para suelo para pantallas de hasta 70 pulgadas<\/strong><br \/>El pedestal m&oacute;vil para suelo <strong>EW1540 <\/strong>le permite usar una pantalla plana de 32 a 70 pulgadas (50 kg como m&aacute;ximo) en lugares donde no hay posibilidad de instalar el televisor. Este robusto pedestal met&aacute;lico tiene ruedas bloqueables para mover el carrito en la direcci&oacute;n deseada. El pedestal es adecuado para los televisores con VESA 200&#215;200, 300&#215;300, 400&#215;200, 400&#215;400 y 600&#215;400. El dispositivo multimedia o la c&aacute;mara se pueden almacenar en las estanter&iacute;as.<\/p>\n<p><strong>Altura y &aacute;ngulo de visualizaci&oacute;n ajustables<\/strong><br \/>El pedestal para suelo le permite ajustar la altura del televisor hasta un m&aacute;ximo 219 cm con el c&oacute;modo resorte de liberaci&oacute;n r&aacute;pida. &iquest;Prefiere el modo vertical al modo horizontal? Simplemente gire la pantalla 90&deg;. Con la funcionalidad de inclinaci&oacute;n (+10 &deg;\/-10&deg;) puede establecer el mejor &aacute;ngulo de visualizaci&oacute;n.<\/p>\n<p><strong>Sistema de administraci&oacute;n de cables<\/strong><br \/>El sistema de administraci&oacute;n de cables mantiene los cables fuera de la vista y el carrito de TV se puede mover f&aacute;cilmente de esta manera.<br \/>&nbsp;<\/p>\n<table class=\"tabla_caracteristicas k-table\" width=\"100%\">\n<tr>\n<td><strong>Marca<\/strong><\/td>\n<td>Ewent<\/td>\n<\/tr>\n<tr>\n<td><strong>Modelo<\/strong><\/td>\n<td><strong>EW1540<\/strong><\/td>\n<\/tr>\n<tr>\n<td><strong>Caracter&iacute;sticas<\/strong><\/td>\n<td>&#8211; Soporte de suelo m&oacute;vil<br \/>\t\t\t&#8211; N&uacute;mero de pantallas: 1<br \/>\t\t\t&#8211; Min. tama&ntilde;o de pantalla: 37&quot;<br \/>\t\t\t&#8211; Max. tama&ntilde;o de pantalla: 70&quot;<br \/>\t\t\t&#8211; Peso m&aacute;x .: 50 kg<br \/>\t\t\t&#8211; Inclinaci&oacute;n: + 10 &deg; hasta -10 &deg;<br \/>\t\t\t&#8211; Rotaci&oacute;n: 0 &deg; hasta + 90 &deg;<br \/>\t\t\t&#8211; Giratorio: N \/ A<br \/>\t\t\t&#8211; Min. altura regulable: 150 cm<br \/>\t\t\t&#8211; Max. altura regulable: 219 cm<br \/>\t\t\t&#8211; Color: negro<br \/>\t\t\t&#8211; VESA m&iacute;nimo: 200&#215;200<br \/>\t\t\t&#8211; VESA m&aacute;x.: 600&#215;400<\/td>\n<\/tr>\n<tr>\n<td><strong>Fecha de revisi&oacute;n<\/strong><\/td>\n<td>23-05-2022 por MPM<\/td>\n<\/tr>\n<\/table>\n","protected":false},"excerpt":{"rendered":"<p>El pedestal m&oacute;vil para suelo EW1540 le permite usar un televisor de pantalla plana donde no hay espacio para su instalaci&oacute;n en el escritorio, el techo o la pared. Use el carrito para una pantalla plana de 37 a 70 pulgadas con un peso m&aacute;ximo de 50 kg y VESA 200&#215;200, 300&#215;300, 400&#215;200, 400&#215;400 y&hellip;&nbsp;<a href=\"https:\/\/aivlisoft.net\/shop\/producto\/ewent-ew1540-soporte-movil-suelo-monitores-37-70\/\" rel=\"bookmark\"><span class=\"screen-reader-text\">EWENT EW1540 Soporte Movil Suelo Monitores 37&#8243;-70<\/span><\/a><\/p>\n","protected":false},"featured_media":3404,"template":"","meta":{"neve_meta_sidebar":"","neve_meta_container":"","neve_meta_enable_content_width":"","neve_meta_content_width":0,"neve_meta_title_alignment":"","neve_meta_author_avatar":"","neve_post_elements_order":"","neve_meta_disable_header":"","neve_meta_disable_footer":"","neve_meta_disable_title":""},"product_brand":[],"product_cat":[15],"product_tag":[1030],"class_list":{"0":"post-3403","1":"product","2":"type-product","3":"status-publish","4":"has-post-thumbnail","6":"product_cat-sin-categorizar","7":"product_tag-ew1540","9":"first","10":"instock","11":"taxable","12":"shipping-taxable","13":"purchasable","14":"product-type-simple"},"yoast_head":"<!-- This site is optimized with the Yoast SEO plugin v26.0 - https:\/\/yoast.com\/wordpress\/plugins\/seo\/ -->\n<title>EWENT EW1540 Soporte Movil Suelo Monitores 37&quot;-70 - Aivlisoft Inform\u00e1tica<\/title>\n<meta name=\"robots\" content=\"index, follow, max-snippet:-1, max-image-preview:large, max-video-preview:-1\" \/>\n<link rel=\"canonical\" href=\"https:\/\/aivlisoft.net\/shop\/producto\/ewent-ew1540-soporte-movil-suelo-monitores-37-70\/\" \/>\n<meta property=\"og:locale\" content=\"es_ES\" \/>\n<meta property=\"og:type\" content=\"article\" \/>\n<meta property=\"og:title\" content=\"EWENT EW1540 Soporte Movil Suelo Monitores 37&quot;-70 - Aivlisoft Inform\u00e1tica\" \/>\n<meta property=\"og:description\" content=\"El pedestal m&oacute;vil para suelo EW1540 le permite usar un televisor de pantalla plana donde no hay espacio para su instalaci&oacute;n en el escritorio, el techo o la pared. Use el carrito para una pantalla plana de 37 a 70 pulgadas con un peso m&aacute;ximo de 50 kg y VESA 200&#215;200, 300&#215;300, 400&#215;200, 400&#215;400 y&hellip;&nbsp;EWENT EW1540 Soporte Movil Suelo Monitores 37&#8243;-70\" \/>\n<meta property=\"og:url\" content=\"https:\/\/aivlisoft.net\/shop\/producto\/ewent-ew1540-soporte-movil-suelo-monitores-37-70\/\" \/>\n<meta property=\"og:site_name\" content=\"Aivlisoft Inform\u00e1tica\" \/>\n<meta property=\"article:modified_time\" content=\"2025-01-14T10:07:14+00:00\" \/>\n<meta property=\"og:image\" content=\"https:\/\/aivlisoft.net\/shop\/wp-content\/uploads\/2025\/01\/AISATV0281_800-1.jpg\" \/>\n\t<meta property=\"og:image:width\" content=\"800\" \/>\n\t<meta property=\"og:image:height\" content=\"800\" \/>\n\t<meta property=\"og:image:type\" content=\"image\/jpeg\" \/>\n<meta name=\"twitter:card\" content=\"summary_large_image\" \/>\n<meta name=\"twitter:label1\" content=\"Tiempo de lectura\" \/>\n\t<meta name=\"twitter:data1\" content=\"2 minutos\" \/>\n<script type=\"application\/ld+json\" class=\"yoast-schema-graph\">{\"@context\":\"https:\/\/schema.org\",\"@graph\":[{\"@type\":\"WebPage\",\"@id\":\"https:\/\/aivlisoft.net\/shop\/producto\/ewent-ew1540-soporte-movil-suelo-monitores-37-70\/\",\"url\":\"https:\/\/aivlisoft.net\/shop\/producto\/ewent-ew1540-soporte-movil-suelo-monitores-37-70\/\",\"name\":\"EWENT EW1540 Soporte Movil Suelo Monitores 37\\\"-70 - Aivlisoft Inform\u00e1tica\",\"isPartOf\":{\"@id\":\"https:\/\/aivlisoft.net\/shop\/#website\"},\"primaryImageOfPage\":{\"@id\":\"https:\/\/aivlisoft.net\/shop\/producto\/ewent-ew1540-soporte-movil-suelo-monitores-37-70\/#primaryimage\"},\"image\":{\"@id\":\"https:\/\/aivlisoft.net\/shop\/producto\/ewent-ew1540-soporte-movil-suelo-monitores-37-70\/#primaryimage\"},\"thumbnailUrl\":\"https:\/\/aivlisoft.net\/shop\/wp-content\/uploads\/2025\/01\/AISATV0281_800-1.jpg\",\"datePublished\":\"2025-01-13T13:13:53+00:00\",\"dateModified\":\"2025-01-14T10:07:14+00:00\",\"breadcrumb\":{\"@id\":\"https:\/\/aivlisoft.net\/shop\/producto\/ewent-ew1540-soporte-movil-suelo-monitores-37-70\/#breadcrumb\"},\"inLanguage\":\"es\",\"potentialAction\":[{\"@type\":\"ReadAction\",\"target\":[\"https:\/\/aivlisoft.net\/shop\/producto\/ewent-ew1540-soporte-movil-suelo-monitores-37-70\/\"]}]},{\"@type\":\"ImageObject\",\"inLanguage\":\"es\",\"@id\":\"https:\/\/aivlisoft.net\/shop\/producto\/ewent-ew1540-soporte-movil-suelo-monitores-37-70\/#primaryimage\",\"url\":\"https:\/\/aivlisoft.net\/shop\/wp-content\/uploads\/2025\/01\/AISATV0281_800-1.jpg\",\"contentUrl\":\"https:\/\/aivlisoft.net\/shop\/wp-content\/uploads\/2025\/01\/AISATV0281_800-1.jpg\",\"width\":800,\"height\":800},{\"@type\":\"BreadcrumbList\",\"@id\":\"https:\/\/aivlisoft.net\/shop\/producto\/ewent-ew1540-soporte-movil-suelo-monitores-37-70\/#breadcrumb\",\"itemListElement\":[{\"@type\":\"ListItem\",\"position\":1,\"name\":\"Portada\",\"item\":\"https:\/\/aivlisoft.net\/shop\/\"},{\"@type\":\"ListItem\",\"position\":2,\"name\":\"Tienda\",\"item\":\"https:\/\/aivlisoft.net\/shop\/tienda\/\"},{\"@type\":\"ListItem\",\"position\":3,\"name\":\"EWENT EW1540 Soporte Movil Suelo Monitores 37&#8243;-70\"}]},{\"@type\":\"WebSite\",\"@id\":\"https:\/\/aivlisoft.net\/shop\/#website\",\"url\":\"https:\/\/aivlisoft.net\/shop\/\",\"name\":\"Aivlisoft Inform\u00e1tica\",\"description\":\"En Aivlisoft Inform\u00e1tica ofrecemos soluciones tecnol\u00f3gicas para empresas: venta de ordenadores, consumibles, perif\u00e9ricos y m\u00e1s. Calidad, atenci\u00f3n personalizada y los mejores precios para tu negocio.\",\"publisher\":{\"@id\":\"https:\/\/aivlisoft.net\/shop\/#organization\"},\"potentialAction\":[{\"@type\":\"SearchAction\",\"target\":{\"@type\":\"EntryPoint\",\"urlTemplate\":\"https:\/\/aivlisoft.net\/shop\/?s={search_term_string}\"},\"query-input\":{\"@type\":\"PropertyValueSpecification\",\"valueRequired\":true,\"valueName\":\"search_term_string\"}}],\"inLanguage\":\"es\"},{\"@type\":\"Organization\",\"@id\":\"https:\/\/aivlisoft.net\/shop\/#organization\",\"name\":\"Aivlisoft Inform\u00e1tica\",\"url\":\"https:\/\/aivlisoft.net\/shop\/\",\"logo\":{\"@type\":\"ImageObject\",\"inLanguage\":\"es\",\"@id\":\"https:\/\/aivlisoft.net\/shop\/#\/schema\/logo\/image\/\",\"url\":\"https:\/\/aivlisoft.net\/shop\/wp-content\/uploads\/2024\/12\/removal.ai_5b848c54-0cdf-4140-95c5-c5536bb7573b-logodef.png\",\"contentUrl\":\"https:\/\/aivlisoft.net\/shop\/wp-content\/uploads\/2024\/12\/removal.ai_5b848c54-0cdf-4140-95c5-c5536bb7573b-logodef.png\",\"width\":484,\"height\":182,\"caption\":\"Aivlisoft Inform\u00e1tica\"},\"image\":{\"@id\":\"https:\/\/aivlisoft.net\/shop\/#\/schema\/logo\/image\/\"}}]}<\/script>\n<!-- \/ Yoast SEO plugin. -->","yoast_head_json":{"title":"EWENT EW1540 Soporte Movil Suelo Monitores 37\"-70 - Aivlisoft Inform\u00e1tica","robots":{"index":"index","follow":"follow","max-snippet":"max-snippet:-1","max-image-preview":"max-image-preview:large","max-video-preview":"max-video-preview:-1"},"canonical":"https:\/\/aivlisoft.net\/shop\/producto\/ewent-ew1540-soporte-movil-suelo-monitores-37-70\/","og_locale":"es_ES","og_type":"article","og_title":"EWENT EW1540 Soporte Movil Suelo Monitores 37\"-70 - Aivlisoft Inform\u00e1tica","og_description":"El pedestal m&oacute;vil para suelo EW1540 le permite usar un televisor de pantalla plana donde no hay espacio para su instalaci&oacute;n en el escritorio, el techo o la pared. Use el carrito para una pantalla plana de 37 a 70 pulgadas con un peso m&aacute;ximo de 50 kg y VESA 200&#215;200, 300&#215;300, 400&#215;200, 400&#215;400 y&hellip;&nbsp;EWENT EW1540 Soporte Movil Suelo Monitores 37&#8243;-70","og_url":"https:\/\/aivlisoft.net\/shop\/producto\/ewent-ew1540-soporte-movil-suelo-monitores-37-70\/","og_site_name":"Aivlisoft Inform\u00e1tica","article_modified_time":"2025-01-14T10:07:14+00:00","og_image":[{"width":800,"height":800,"url":"https:\/\/aivlisoft.net\/shop\/wp-content\/uploads\/2025\/01\/AISATV0281_800-1.jpg","type":"image\/jpeg"}],"twitter_card":"summary_large_image","twitter_misc":{"Tiempo de lectura":"2 minutos"},"schema":{"@context":"https:\/\/schema.org","@graph":[{"@type":"WebPage","@id":"https:\/\/aivlisoft.net\/shop\/producto\/ewent-ew1540-soporte-movil-suelo-monitores-37-70\/","url":"https:\/\/aivlisoft.net\/shop\/producto\/ewent-ew1540-soporte-movil-suelo-monitores-37-70\/","name":"EWENT EW1540 Soporte Movil Suelo Monitores 37\"-70 - Aivlisoft Inform\u00e1tica","isPartOf":{"@id":"https:\/\/aivlisoft.net\/shop\/#website"},"primaryImageOfPage":{"@id":"https:\/\/aivlisoft.net\/shop\/producto\/ewent-ew1540-soporte-movil-suelo-monitores-37-70\/#primaryimage"},"image":{"@id":"https:\/\/aivlisoft.net\/shop\/producto\/ewent-ew1540-soporte-movil-suelo-monitores-37-70\/#primaryimage"},"thumbnailUrl":"https:\/\/aivlisoft.net\/shop\/wp-content\/uploads\/2025\/01\/AISATV0281_800-1.jpg","datePublished":"2025-01-13T13:13:53+00:00","dateModified":"2025-01-14T10:07:14+00:00","breadcrumb":{"@id":"https:\/\/aivlisoft.net\/shop\/producto\/ewent-ew1540-soporte-movil-suelo-monitores-37-70\/#breadcrumb"},"inLanguage":"es","potentialAction":[{"@type":"ReadAction","target":["https:\/\/aivlisoft.net\/shop\/producto\/ewent-ew1540-soporte-movil-suelo-monitores-37-70\/"]}]},{"@type":"ImageObject","inLanguage":"es","@id":"https:\/\/aivlisoft.net\/shop\/producto\/ewent-ew1540-soporte-movil-suelo-monitores-37-70\/#primaryimage","url":"https:\/\/aivlisoft.net\/shop\/wp-content\/uploads\/2025\/01\/AISATV0281_800-1.jpg","contentUrl":"https:\/\/aivlisoft.net\/shop\/wp-content\/uploads\/2025\/01\/AISATV0281_800-1.jpg","width":800,"height":800},{"@type":"BreadcrumbList","@id":"https:\/\/aivlisoft.net\/shop\/producto\/ewent-ew1540-soporte-movil-suelo-monitores-37-70\/#breadcrumb","itemListElement":[{"@type":"ListItem","position":1,"name":"Portada","item":"https:\/\/aivlisoft.net\/shop\/"},{"@type":"ListItem","position":2,"name":"Tienda","item":"https:\/\/aivlisoft.net\/shop\/tienda\/"},{"@type":"ListItem","position":3,"name":"EWENT EW1540 Soporte Movil Suelo Monitores 37&#8243;-70"}]},{"@type":"WebSite","@id":"https:\/\/aivlisoft.net\/shop\/#website","url":"https:\/\/aivlisoft.net\/shop\/","name":"Aivlisoft Inform\u00e1tica","description":"En Aivlisoft Inform\u00e1tica ofrecemos soluciones tecnol\u00f3gicas para empresas: venta de ordenadores, consumibles, perif\u00e9ricos y m\u00e1s. Calidad, atenci\u00f3n personalizada y los mejores precios para tu negocio.","publisher":{"@id":"https:\/\/aivlisoft.net\/shop\/#organization"},"potentialAction":[{"@type":"SearchAction","target":{"@type":"EntryPoint","urlTemplate":"https:\/\/aivlisoft.net\/shop\/?s={search_term_string}"},"query-input":{"@type":"PropertyValueSpecification","valueRequired":true,"valueName":"search_term_string"}}],"inLanguage":"es"},{"@type":"Organization","@id":"https:\/\/aivlisoft.net\/shop\/#organization","name":"Aivlisoft Inform\u00e1tica","url":"https:\/\/aivlisoft.net\/shop\/","logo":{"@type":"ImageObject","inLanguage":"es","@id":"https:\/\/aivlisoft.net\/shop\/#\/schema\/logo\/image\/","url":"https:\/\/aivlisoft.net\/shop\/wp-content\/uploads\/2024\/12\/removal.ai_5b848c54-0cdf-4140-95c5-c5536bb7573b-logodef.png","contentUrl":"https:\/\/aivlisoft.net\/shop\/wp-content\/uploads\/2024\/12\/removal.ai_5b848c54-0cdf-4140-95c5-c5536bb7573b-logodef.png","width":484,"height":182,"caption":"Aivlisoft Inform\u00e1tica"},"image":{"@id":"https:\/\/aivlisoft.net\/shop\/#\/schema\/logo\/image\/"}}]}},"_links":{"self":[{"href":"https:\/\/aivlisoft.net\/shop\/wp-json\/wp\/v2\/product\/3403","targetHints":{"allow":["GET"]}}],"collection":[{"href":"https:\/\/aivlisoft.net\/shop\/wp-json\/wp\/v2\/product"}],"about":[{"href":"https:\/\/aivlisoft.net\/shop\/wp-json\/wp\/v2\/types\/product"}],"wp:featuredmedia":[{"embeddable":true,"href":"https:\/\/aivlisoft.net\/shop\/wp-json\/wp\/v2\/media\/3404"}],"wp:attachment":[{"href":"https:\/\/aivlisoft.net\/shop\/wp-json\/wp\/v2\/media?parent=3403"}],"wp:term":[{"taxonomy":"product_brand","embeddable":true,"href":"https:\/\/aivlisoft.net\/shop\/wp-json\/wp\/v2\/product_brand?post=3403"},{"taxonomy":"product_cat","embeddable":true,"href":"https:\/\/aivlisoft.net\/shop\/wp-json\/wp\/v2\/product_cat?post=3403"},{"taxonomy":"product_tag","embeddable":true,"href":"https:\/\/aivlisoft.net\/shop\/wp-json\/wp\/v2\/product_tag?post=3403"}],"curies":[{"name":"wp","href":"https:\/\/api.w.org\/{rel}","templated":true}]}}