{"id":3393,"date":"2025-01-13T13:13:48","date_gmt":"2025-01-13T13:13:48","guid":{"rendered":"https:\/\/aivlisoft.com\/?post_type=product&#038;p=3393"},"modified":"2025-01-14T10:07:10","modified_gmt":"2025-01-14T10:07:10","slug":"ewent-ew1535-soporte-sobremesa-monitor-34-vesa","status":"publish","type":"product","link":"https:\/\/aivlisoft.net\/shop\/producto\/ewent-ew1535-soporte-sobremesa-monitor-34-vesa\/","title":{"rendered":"EWENT EW1535 Soporte Sobremesa Monitor 34&#8243; VESA"},"content":{"rendered":"<p>El pedestal met&aacute;lico completo para escritorio para monitor <strong>EW1535 <\/strong>crea un entorno de trabajo ergon&oacute;mico y que ahorra espacio. Fije un monitor (de hasta 34&quot; y 9 kg) con el sencillo sistema de montaje en el pedestal de escritorio y establezca su altura y &aacute;ngulo de visualizaci&oacute;n ideales. Puede inclinar, rotar, girar y alinear las pantallas individualmente y evitar as&iacute; dolencias de espalda, cuello y hombros. El pedestal tiene un sistema integrado de administraci&oacute;n de cables y espacio de almacenamiento para las llaves Allen.<\/p>\n<p><strong>Pedestal de altura ajustable para escritorio para monitor: reduzca el riesgo de dolencias en la espalda, el cuello y los hombros<\/strong><br \/>Coloque un monitor (de hasta 34&quot; y 9 kg) en el pedestal ergon&oacute;mico para escritorio para monitor EW1535. El pedestal tiene 2 puntos de pivote para conseguir la mejor distancia de visualizaci&oacute;n y para ahorrar espacio. Ajuste la altura y el &aacute;ngulo de visualizaci&oacute;n conforme a sus preferencias. Puede inclinar, rotar, girar y alinear cada pantalla individualmente y evitar as&iacute; dolencias de espalda, cuello y hombros.<\/p>\n<p><strong>Pr&aacute;ctico sistema de montaje del monitor<\/strong><br \/>El <strong>EW1535 <\/strong>est&aacute; equipado con VESA 75&#215;75 y 100&#215;100. El sistema de instalaci&oacute;n sencillo posibilita el acoplamiento del monitor al pedestal de escritorio sin que necesite ayuda de nadie. Todo el material de montaje est&aacute; incluido. Mantenga los cables organizados con el sistema de administraci&oacute;n de cables. El <strong>EW1535 <\/strong>tambi&eacute;n tiene espacio de almacenamiento para las llaves Allen.<\/p>\n<p>&nbsp;<\/p>\n<table class=\"tabla_caracteristicas k-table\" width=\"100%\">\n<tr>\n<td><strong>Marca<\/strong><\/td>\n<td>Ewent<\/td>\n<\/tr>\n<tr>\n<td><strong>Modelo<\/strong><\/td>\n<td><strong>EW1535<\/strong><\/td>\n<\/tr>\n<tr>\n<td><strong>Caracter&iacute;sticas<\/strong><\/td>\n<td>&#8211; Soporte de escritorio<br \/>\t\t\t&#8211; N&uacute;mero de pantallas: 1<br \/>\t\t\t&#8211; Min. tama&ntilde;o de pantalla: 13&#8243;<br \/>\t\t\t&#8211; Max. tama&ntilde;o de pantalla: 34&#8243;<br \/>\t\t\t&#8211; Montaje: soporte de escritorio<br \/>\t\t\t&#8211; Max. peso: 9kg<br \/>\t\t\t&#8211; Pantalla curva m&aacute;xima: 7kg<br \/>\t\t\t&#8211; Inclinaci&oacute;n: + 45 &deg; hasta -45 &deg;<br \/>\t\t\t&#8211; Rotaci&oacute;n: + 180 &deg; hasta -180 &deg;<br \/>\t\t\t&#8211; Giratorio: + 90 &deg; hasta -90 &deg;<br \/>\t\t\t&#8211; Min. altura regulable: 2 cm<br \/>\t\t\t&#8211; Max. altura ajustable: 46 cm<br \/>\t\t\t&#8211; VESA m&iacute;nimo: 75 x 75<br \/>\t\t\t&#8211; VESA m&aacute;x .: 100&#215;100<\/td>\n<\/tr>\n<tr>\n<td><strong>Fecha de revisi&oacute;n<\/strong><\/td>\n<td>07-03-2024 por RTY<\/td>\n<\/tr>\n<\/table>\n","protected":false},"excerpt":{"rendered":"<p>El pedestal met&aacute;lico completo para escritorio para monitor EW1535 crea un entorno de trabajo ergon&oacute;mico y que ahorra espacio. Fije un monitor (de hasta 34&quot; y 9 kg) con el sencillo sistema de montaje en el pedestal de escritorio y establezca su altura y &aacute;ngulo de visualizaci&oacute;n ideales. Puede inclinar, rotar, girar y alinear las&hellip;&nbsp;<a href=\"https:\/\/aivlisoft.net\/shop\/producto\/ewent-ew1535-soporte-sobremesa-monitor-34-vesa\/\" rel=\"bookmark\"><span class=\"screen-reader-text\">EWENT EW1535 Soporte Sobremesa Monitor 34&#8243; VESA<\/span><\/a><\/p>\n","protected":false},"featured_media":3394,"template":"","meta":{"neve_meta_sidebar":"","neve_meta_container":"","neve_meta_enable_content_width":"","neve_meta_content_width":0,"neve_meta_title_alignment":"","neve_meta_author_avatar":"","neve_post_elements_order":"","neve_meta_disable_header":"","neve_meta_disable_footer":"","neve_meta_disable_title":""},"product_brand":[],"product_cat":[15],"product_tag":[1028],"class_list":{"0":"post-3393","1":"product","2":"type-product","3":"status-publish","4":"has-post-thumbnail","6":"product_cat-sin-categorizar","7":"product_tag-ew1535","9":"first","10":"instock","11":"taxable","12":"shipping-taxable","13":"purchasable","14":"product-type-simple"},"yoast_head":"<!-- This site is optimized with the Yoast SEO plugin v26.0 - https:\/\/yoast.com\/wordpress\/plugins\/seo\/ -->\n<title>EWENT EW1535 Soporte Sobremesa Monitor 34&quot; VESA - Aivlisoft Inform\u00e1tica<\/title>\n<meta name=\"robots\" content=\"index, follow, max-snippet:-1, max-image-preview:large, max-video-preview:-1\" \/>\n<link rel=\"canonical\" href=\"https:\/\/aivlisoft.net\/shop\/producto\/ewent-ew1535-soporte-sobremesa-monitor-34-vesa\/\" \/>\n<meta property=\"og:locale\" content=\"es_ES\" \/>\n<meta property=\"og:type\" content=\"article\" \/>\n<meta property=\"og:title\" content=\"EWENT EW1535 Soporte Sobremesa Monitor 34&quot; VESA - Aivlisoft Inform\u00e1tica\" \/>\n<meta property=\"og:description\" content=\"El pedestal met&aacute;lico completo para escritorio para monitor EW1535 crea un entorno de trabajo ergon&oacute;mico y que ahorra espacio. Fije un monitor (de hasta 34&quot; y 9 kg) con el sencillo sistema de montaje en el pedestal de escritorio y establezca su altura y &aacute;ngulo de visualizaci&oacute;n ideales. Puede inclinar, rotar, girar y alinear las&hellip;&nbsp;EWENT EW1535 Soporte Sobremesa Monitor 34&#8243; VESA\" \/>\n<meta property=\"og:url\" content=\"https:\/\/aivlisoft.net\/shop\/producto\/ewent-ew1535-soporte-sobremesa-monitor-34-vesa\/\" \/>\n<meta property=\"og:site_name\" content=\"Aivlisoft Inform\u00e1tica\" \/>\n<meta property=\"article:modified_time\" content=\"2025-01-14T10:07:10+00:00\" \/>\n<meta property=\"og:image\" content=\"https:\/\/aivlisoft.net\/shop\/wp-content\/uploads\/2025\/01\/AISATV0279_800-1.jpg\" \/>\n\t<meta property=\"og:image:width\" content=\"800\" \/>\n\t<meta property=\"og:image:height\" content=\"800\" \/>\n\t<meta property=\"og:image:type\" content=\"image\/jpeg\" \/>\n<meta name=\"twitter:card\" content=\"summary_large_image\" \/>\n<meta name=\"twitter:label1\" content=\"Tiempo de lectura\" \/>\n\t<meta name=\"twitter:data1\" content=\"2 minutos\" \/>\n<script type=\"application\/ld+json\" class=\"yoast-schema-graph\">{\"@context\":\"https:\/\/schema.org\",\"@graph\":[{\"@type\":\"WebPage\",\"@id\":\"https:\/\/aivlisoft.net\/shop\/producto\/ewent-ew1535-soporte-sobremesa-monitor-34-vesa\/\",\"url\":\"https:\/\/aivlisoft.net\/shop\/producto\/ewent-ew1535-soporte-sobremesa-monitor-34-vesa\/\",\"name\":\"EWENT EW1535 Soporte Sobremesa Monitor 34\\\" VESA - Aivlisoft Inform\u00e1tica\",\"isPartOf\":{\"@id\":\"https:\/\/aivlisoft.net\/shop\/#website\"},\"primaryImageOfPage\":{\"@id\":\"https:\/\/aivlisoft.net\/shop\/producto\/ewent-ew1535-soporte-sobremesa-monitor-34-vesa\/#primaryimage\"},\"image\":{\"@id\":\"https:\/\/aivlisoft.net\/shop\/producto\/ewent-ew1535-soporte-sobremesa-monitor-34-vesa\/#primaryimage\"},\"thumbnailUrl\":\"https:\/\/aivlisoft.net\/shop\/wp-content\/uploads\/2025\/01\/AISATV0279_800-1.jpg\",\"datePublished\":\"2025-01-13T13:13:48+00:00\",\"dateModified\":\"2025-01-14T10:07:10+00:00\",\"breadcrumb\":{\"@id\":\"https:\/\/aivlisoft.net\/shop\/producto\/ewent-ew1535-soporte-sobremesa-monitor-34-vesa\/#breadcrumb\"},\"inLanguage\":\"es\",\"potentialAction\":[{\"@type\":\"ReadAction\",\"target\":[\"https:\/\/aivlisoft.net\/shop\/producto\/ewent-ew1535-soporte-sobremesa-monitor-34-vesa\/\"]}]},{\"@type\":\"ImageObject\",\"inLanguage\":\"es\",\"@id\":\"https:\/\/aivlisoft.net\/shop\/producto\/ewent-ew1535-soporte-sobremesa-monitor-34-vesa\/#primaryimage\",\"url\":\"https:\/\/aivlisoft.net\/shop\/wp-content\/uploads\/2025\/01\/AISATV0279_800-1.jpg\",\"contentUrl\":\"https:\/\/aivlisoft.net\/shop\/wp-content\/uploads\/2025\/01\/AISATV0279_800-1.jpg\",\"width\":800,\"height\":800},{\"@type\":\"BreadcrumbList\",\"@id\":\"https:\/\/aivlisoft.net\/shop\/producto\/ewent-ew1535-soporte-sobremesa-monitor-34-vesa\/#breadcrumb\",\"itemListElement\":[{\"@type\":\"ListItem\",\"position\":1,\"name\":\"Portada\",\"item\":\"https:\/\/aivlisoft.net\/shop\/\"},{\"@type\":\"ListItem\",\"position\":2,\"name\":\"Tienda\",\"item\":\"https:\/\/aivlisoft.net\/shop\/tienda\/\"},{\"@type\":\"ListItem\",\"position\":3,\"name\":\"EWENT EW1535 Soporte Sobremesa Monitor 34&#8243; VESA\"}]},{\"@type\":\"WebSite\",\"@id\":\"https:\/\/aivlisoft.net\/shop\/#website\",\"url\":\"https:\/\/aivlisoft.net\/shop\/\",\"name\":\"Aivlisoft Inform\u00e1tica\",\"description\":\"En Aivlisoft Inform\u00e1tica ofrecemos soluciones tecnol\u00f3gicas para empresas: venta de ordenadores, consumibles, perif\u00e9ricos y m\u00e1s. Calidad, atenci\u00f3n personalizada y los mejores precios para tu negocio.\",\"publisher\":{\"@id\":\"https:\/\/aivlisoft.net\/shop\/#organization\"},\"potentialAction\":[{\"@type\":\"SearchAction\",\"target\":{\"@type\":\"EntryPoint\",\"urlTemplate\":\"https:\/\/aivlisoft.net\/shop\/?s={search_term_string}\"},\"query-input\":{\"@type\":\"PropertyValueSpecification\",\"valueRequired\":true,\"valueName\":\"search_term_string\"}}],\"inLanguage\":\"es\"},{\"@type\":\"Organization\",\"@id\":\"https:\/\/aivlisoft.net\/shop\/#organization\",\"name\":\"Aivlisoft Inform\u00e1tica\",\"url\":\"https:\/\/aivlisoft.net\/shop\/\",\"logo\":{\"@type\":\"ImageObject\",\"inLanguage\":\"es\",\"@id\":\"https:\/\/aivlisoft.net\/shop\/#\/schema\/logo\/image\/\",\"url\":\"https:\/\/aivlisoft.net\/shop\/wp-content\/uploads\/2024\/12\/removal.ai_5b848c54-0cdf-4140-95c5-c5536bb7573b-logodef.png\",\"contentUrl\":\"https:\/\/aivlisoft.net\/shop\/wp-content\/uploads\/2024\/12\/removal.ai_5b848c54-0cdf-4140-95c5-c5536bb7573b-logodef.png\",\"width\":484,\"height\":182,\"caption\":\"Aivlisoft Inform\u00e1tica\"},\"image\":{\"@id\":\"https:\/\/aivlisoft.net\/shop\/#\/schema\/logo\/image\/\"}}]}<\/script>\n<!-- \/ Yoast SEO plugin. -->","yoast_head_json":{"title":"EWENT EW1535 Soporte Sobremesa Monitor 34\" VESA - Aivlisoft Inform\u00e1tica","robots":{"index":"index","follow":"follow","max-snippet":"max-snippet:-1","max-image-preview":"max-image-preview:large","max-video-preview":"max-video-preview:-1"},"canonical":"https:\/\/aivlisoft.net\/shop\/producto\/ewent-ew1535-soporte-sobremesa-monitor-34-vesa\/","og_locale":"es_ES","og_type":"article","og_title":"EWENT EW1535 Soporte Sobremesa Monitor 34\" VESA - Aivlisoft Inform\u00e1tica","og_description":"El pedestal met&aacute;lico completo para escritorio para monitor EW1535 crea un entorno de trabajo ergon&oacute;mico y que ahorra espacio. Fije un monitor (de hasta 34&quot; y 9 kg) con el sencillo sistema de montaje en el pedestal de escritorio y establezca su altura y &aacute;ngulo de visualizaci&oacute;n ideales. Puede inclinar, rotar, girar y alinear las&hellip;&nbsp;EWENT EW1535 Soporte Sobremesa Monitor 34&#8243; VESA","og_url":"https:\/\/aivlisoft.net\/shop\/producto\/ewent-ew1535-soporte-sobremesa-monitor-34-vesa\/","og_site_name":"Aivlisoft Inform\u00e1tica","article_modified_time":"2025-01-14T10:07:10+00:00","og_image":[{"width":800,"height":800,"url":"https:\/\/aivlisoft.net\/shop\/wp-content\/uploads\/2025\/01\/AISATV0279_800-1.jpg","type":"image\/jpeg"}],"twitter_card":"summary_large_image","twitter_misc":{"Tiempo de lectura":"2 minutos"},"schema":{"@context":"https:\/\/schema.org","@graph":[{"@type":"WebPage","@id":"https:\/\/aivlisoft.net\/shop\/producto\/ewent-ew1535-soporte-sobremesa-monitor-34-vesa\/","url":"https:\/\/aivlisoft.net\/shop\/producto\/ewent-ew1535-soporte-sobremesa-monitor-34-vesa\/","name":"EWENT EW1535 Soporte Sobremesa Monitor 34\" VESA - Aivlisoft Inform\u00e1tica","isPartOf":{"@id":"https:\/\/aivlisoft.net\/shop\/#website"},"primaryImageOfPage":{"@id":"https:\/\/aivlisoft.net\/shop\/producto\/ewent-ew1535-soporte-sobremesa-monitor-34-vesa\/#primaryimage"},"image":{"@id":"https:\/\/aivlisoft.net\/shop\/producto\/ewent-ew1535-soporte-sobremesa-monitor-34-vesa\/#primaryimage"},"thumbnailUrl":"https:\/\/aivlisoft.net\/shop\/wp-content\/uploads\/2025\/01\/AISATV0279_800-1.jpg","datePublished":"2025-01-13T13:13:48+00:00","dateModified":"2025-01-14T10:07:10+00:00","breadcrumb":{"@id":"https:\/\/aivlisoft.net\/shop\/producto\/ewent-ew1535-soporte-sobremesa-monitor-34-vesa\/#breadcrumb"},"inLanguage":"es","potentialAction":[{"@type":"ReadAction","target":["https:\/\/aivlisoft.net\/shop\/producto\/ewent-ew1535-soporte-sobremesa-monitor-34-vesa\/"]}]},{"@type":"ImageObject","inLanguage":"es","@id":"https:\/\/aivlisoft.net\/shop\/producto\/ewent-ew1535-soporte-sobremesa-monitor-34-vesa\/#primaryimage","url":"https:\/\/aivlisoft.net\/shop\/wp-content\/uploads\/2025\/01\/AISATV0279_800-1.jpg","contentUrl":"https:\/\/aivlisoft.net\/shop\/wp-content\/uploads\/2025\/01\/AISATV0279_800-1.jpg","width":800,"height":800},{"@type":"BreadcrumbList","@id":"https:\/\/aivlisoft.net\/shop\/producto\/ewent-ew1535-soporte-sobremesa-monitor-34-vesa\/#breadcrumb","itemListElement":[{"@type":"ListItem","position":1,"name":"Portada","item":"https:\/\/aivlisoft.net\/shop\/"},{"@type":"ListItem","position":2,"name":"Tienda","item":"https:\/\/aivlisoft.net\/shop\/tienda\/"},{"@type":"ListItem","position":3,"name":"EWENT EW1535 Soporte Sobremesa Monitor 34&#8243; VESA"}]},{"@type":"WebSite","@id":"https:\/\/aivlisoft.net\/shop\/#website","url":"https:\/\/aivlisoft.net\/shop\/","name":"Aivlisoft Inform\u00e1tica","description":"En Aivlisoft Inform\u00e1tica ofrecemos soluciones tecnol\u00f3gicas para empresas: venta de ordenadores, consumibles, perif\u00e9ricos y m\u00e1s. Calidad, atenci\u00f3n personalizada y los mejores precios para tu negocio.","publisher":{"@id":"https:\/\/aivlisoft.net\/shop\/#organization"},"potentialAction":[{"@type":"SearchAction","target":{"@type":"EntryPoint","urlTemplate":"https:\/\/aivlisoft.net\/shop\/?s={search_term_string}"},"query-input":{"@type":"PropertyValueSpecification","valueRequired":true,"valueName":"search_term_string"}}],"inLanguage":"es"},{"@type":"Organization","@id":"https:\/\/aivlisoft.net\/shop\/#organization","name":"Aivlisoft Inform\u00e1tica","url":"https:\/\/aivlisoft.net\/shop\/","logo":{"@type":"ImageObject","inLanguage":"es","@id":"https:\/\/aivlisoft.net\/shop\/#\/schema\/logo\/image\/","url":"https:\/\/aivlisoft.net\/shop\/wp-content\/uploads\/2024\/12\/removal.ai_5b848c54-0cdf-4140-95c5-c5536bb7573b-logodef.png","contentUrl":"https:\/\/aivlisoft.net\/shop\/wp-content\/uploads\/2024\/12\/removal.ai_5b848c54-0cdf-4140-95c5-c5536bb7573b-logodef.png","width":484,"height":182,"caption":"Aivlisoft Inform\u00e1tica"},"image":{"@id":"https:\/\/aivlisoft.net\/shop\/#\/schema\/logo\/image\/"}}]}},"_links":{"self":[{"href":"https:\/\/aivlisoft.net\/shop\/wp-json\/wp\/v2\/product\/3393","targetHints":{"allow":["GET"]}}],"collection":[{"href":"https:\/\/aivlisoft.net\/shop\/wp-json\/wp\/v2\/product"}],"about":[{"href":"https:\/\/aivlisoft.net\/shop\/wp-json\/wp\/v2\/types\/product"}],"wp:featuredmedia":[{"embeddable":true,"href":"https:\/\/aivlisoft.net\/shop\/wp-json\/wp\/v2\/media\/3394"}],"wp:attachment":[{"href":"https:\/\/aivlisoft.net\/shop\/wp-json\/wp\/v2\/media?parent=3393"}],"wp:term":[{"taxonomy":"product_brand","embeddable":true,"href":"https:\/\/aivlisoft.net\/shop\/wp-json\/wp\/v2\/product_brand?post=3393"},{"taxonomy":"product_cat","embeddable":true,"href":"https:\/\/aivlisoft.net\/shop\/wp-json\/wp\/v2\/product_cat?post=3393"},{"taxonomy":"product_tag","embeddable":true,"href":"https:\/\/aivlisoft.net\/shop\/wp-json\/wp\/v2\/product_tag?post=3393"}],"curies":[{"name":"wp","href":"https:\/\/api.w.org\/{rel}","templated":true}]}}